{"id":43774,"date":"2026-03-25T16:33:38","date_gmt":"2026-03-25T13:33:38","guid":{"rendered":"https:\/\/boat-demo.axiomprotocol.org\/?post_type=product&#038;p=43774"},"modified":"2026-03-25T16:39:59","modified_gmt":"2026-03-25T13:39:59","slug":"comutator-on-off-led-rosu-12-v","status":"publish","type":"product","link":"https:\/\/boat-demo.axiomprotocol.org\/ro\/produs\/comutator-on-off-led-rosu-12-v\/","title":{"rendered":"Comutator ON-OFF LED Ro\u0219u 12 V"},"content":{"rendered":"\t\t<div data-elementor-type=\"wp-post\" data-elementor-id=\"43774\" class=\"elementor elementor-43774 elementor-43773\">\n\t\t\t\t\t\t<section class=\"elementor-section elementor-top-section elementor-element elementor-element-20e960c elementor-section-boxed elementor-section-height-default elementor-section-height-default\" data-id=\"20e960c\" data-element_type=\"section\" data-e-type=\"section\">\n\t\t\t\t\t\t<div class=\"elementor-container elementor-column-gap-default\">\n\t\t\t\t\t<div class=\"elementor-column elementor-col-100 elementor-top-column elementor-element elementor-element-5dbea2c\" data-id=\"5dbea2c\" data-element_type=\"column\" data-e-type=\"column\">\n\t\t\t<div class=\"elementor-widget-wrap elementor-element-populated\">\n\t\t\t\t\t\t<div class=\"elementor-element elementor-element-6e689f3 elementor-widget elementor-widget-heading\" data-id=\"6e689f3\" data-element_type=\"widget\" data-e-type=\"widget\" data-widget_type=\"heading.default\">\n\t\t\t\t<div class=\"elementor-widget-container\">\n\t\t\t\t\t<h3 class=\"elementor-heading-title elementor-size-default\">SPECIFICATII<\/h3>\t\t\t\t<\/div>\n\t\t\t\t<\/div>\n\t\t\t\t\t<\/div>\n\t\t<\/div>\n\t\t\t\t\t<\/div>\n\t\t<\/section>\n\t\t\t\t<section class=\"elementor-section elementor-top-section elementor-element elementor-element-6765258 elementor-section-boxed elementor-section-height-default elementor-section-height-default\" data-id=\"6765258\" data-element_type=\"section\" data-e-type=\"section\">\n\t\t\t\t\t\t<div class=\"elementor-container elementor-column-gap-default\">\n\t\t\t\t\t<div class=\"elementor-column elementor-col-100 elementor-top-column elementor-element elementor-element-bb97382\" data-id=\"bb97382\" data-element_type=\"column\" data-e-type=\"column\">\n\t\t\t<div class=\"elementor-widget-wrap elementor-element-populated\">\n\t\t\t\t\t\t<div class=\"elementor-element elementor-element-bca1d10 elementor-widget elementor-widget-text-editor\" data-id=\"bca1d10\" data-element_type=\"widget\" data-e-type=\"widget\" data-widget_type=\"text-editor.default\">\n\t\t\t\t<div class=\"elementor-widget-container\">\n\t\t\t\t\t\t\t\t\t<table style=\"width:100%\">\n<tr><td><strong>Brand<\/strong><\/td><td>Osculati<\/td><\/tr>\n<tr><td><strong>Type<\/strong><\/td><td>ON-OFF switch<\/td><\/tr>\n<tr><td><strong>Protection<\/strong><\/td><td>IP56<\/td><\/tr>\n<tr><td><strong>Voltage<\/strong><\/td><td>12 V<\/td><\/tr>\n<tr><td><strong>Max current<\/strong><\/td><td>20 A (12 V), 15 A (24 V)<\/td><\/tr>\n<tr><td><strong>Installation<\/strong><\/td><td>rectangular hole 21.5&#215;36.8 mm<\/td><\/tr>\n<tr><td><strong>Terminals<\/strong><\/td><td>4<\/td><\/tr>\n<tr><td><strong>Height<\/strong><\/td><td>4 cm<\/td><\/tr>\n<tr><td><strong>Width<\/strong><\/td><td>5 cm<\/td><\/tr>\n<tr><td><strong>Length<\/strong><\/td><td>2 cm<\/td><\/tr>\n<tr><td><strong>Weight<\/strong><\/td><td>0,03 kg<\/td><\/tr>\n<\/table>\t\t\t\t\t\t\t\t<\/div>\n\t\t\t\t<\/div>\n\t\t\t\t\t<\/div>\n\t\t<\/div>\n\t\t\t\t\t<\/div>\n\t\t<\/section>\n\t\t\t\t<\/div>\n\t\t","protected":false},"excerpt":{"rendered":"<p>&nbsp;<\/p>\n<p>Comutator rezistent la ap\u0103 IP56 pentru montaj \u00een panou, necesit\u0103 orificiu dreptunghiular 21.5&#215;36.8 mm. Capacitate maxim\u0103 20 A la 12 V \u0219i 15 A la 24 V. Echipat cu dou\u0103 lumini: una ilumineaz\u0103 simbolul c\u00e2nd este conectat, cealalt\u0103 indic\u0103 activarea. Slotul se comand\u0103 separat.<br \/>\n&nbsp;<\/p>\n","protected":false},"featured_media":43776,"comment_status":"open","ping_status":"closed","template":"","meta":{"_acf_changed":false,"inline_featured_image":false},"product_brand":[],"product_cat":[334,335],"product_tag":[],"class_list":{"0":"post-43774","1":"product","2":"type-product","3":"status-publish","4":"has-post-thumbnail","6":"product_cat-accesorii-marine-ro","7":"product_cat-osculati-ro","8":"tt-post","10":"first","11":"instock","12":"shipping-taxable","13":"purchasable","14":"product-type-simple"},"acf":[],"yoast_head":"<!-- This site is optimized with the Yoast SEO plugin v27.4 - https:\/\/yoast.com\/product\/yoast-seo-wordpress\/ -->\n<title>Comutator ON-OFF LED Ro\u0219u 12 V - BoatsExpert<\/title>\n<meta name=\"description\" content=\"Comutator ON-OFF 12V cu LED ro\u0219u, protec\u021bie IP56 \u0219i capacitate 20A pentru montaj \u00een panou \u2013 livrare \u00een toat\u0103 Rom\u00e2nia de la Boats Expert.\" \/>\n<meta name=\"robots\" content=\"index, follow, max-snippet:-1, max-image-preview:large, max-video-preview:-1\" \/>\n<link rel=\"canonical\" href=\"https:\/\/boat-demo.axiomprotocol.org\/ro\/produs\/comutator-on-off-led-rosu-12-v\/\" \/>\n<meta property=\"og:locale\" content=\"ro_RO\" \/>\n<meta property=\"og:type\" content=\"article\" \/>\n<meta property=\"og:title\" content=\"Comutator ON-OFF LED Ro\u0219u 12 V - BoatsExpert\" \/>\n<meta property=\"og:description\" content=\"Comutator ON-OFF 12V cu LED ro\u0219u, protec\u021bie IP56 \u0219i capacitate 20A pentru montaj \u00een panou \u2013 livrare \u00een toat\u0103 Rom\u00e2nia de la Boats Expert.\" \/>\n<meta property=\"og:url\" content=\"https:\/\/boat-demo.axiomprotocol.org\/ro\/produs\/comutator-on-off-led-rosu-12-v\/\" \/>\n<meta property=\"og:site_name\" content=\"BoatsExpert\" \/>\n<meta property=\"article:modified_time\" content=\"2026-03-25T13:39:59+00:00\" \/>\n<meta property=\"og:image\" content=\"https:\/\/boat-demo.axiomprotocol.org\/wp-content\/uploads\/2026\/03\/14.192.51.jpg\" \/>\n\t<meta property=\"og:image:width\" content=\"555\" \/>\n\t<meta property=\"og:image:height\" content=\"478\" \/>\n\t<meta property=\"og:image:type\" content=\"image\/jpeg\" \/>\n<meta name=\"twitter:card\" content=\"summary_large_image\" \/>\n<script type=\"application\/ld+json\" class=\"yoast-schema-graph\">{\"@context\":\"https:\\\/\\\/schema.org\",\"@graph\":[{\"@type\":\"WebPage\",\"@id\":\"https:\\\/\\\/boat-demo.axiomprotocol.org\\\/ro\\\/produs\\\/comutator-on-off-led-rosu-12-v\\\/\",\"url\":\"https:\\\/\\\/boat-demo.axiomprotocol.org\\\/ro\\\/produs\\\/comutator-on-off-led-rosu-12-v\\\/\",\"name\":\"Comutator ON-OFF LED Ro\u0219u 12 V - BoatsExpert\",\"isPartOf\":{\"@id\":\"https:\\\/\\\/boat-demo.axiomprotocol.org\\\/ro\\\/#website\"},\"primaryImageOfPage\":{\"@id\":\"https:\\\/\\\/boat-demo.axiomprotocol.org\\\/ro\\\/produs\\\/comutator-on-off-led-rosu-12-v\\\/#primaryimage\"},\"image\":{\"@id\":\"https:\\\/\\\/boat-demo.axiomprotocol.org\\\/ro\\\/produs\\\/comutator-on-off-led-rosu-12-v\\\/#primaryimage\"},\"thumbnailUrl\":\"https:\\\/\\\/boat-demo.axiomprotocol.org\\\/wp-content\\\/uploads\\\/2026\\\/03\\\/14.192.51.jpg\",\"datePublished\":\"2026-03-25T13:33:38+00:00\",\"dateModified\":\"2026-03-25T13:39:59+00:00\",\"description\":\"Comutator ON-OFF 12V cu LED ro\u0219u, protec\u021bie IP56 \u0219i capacitate 20A pentru montaj \u00een panou \u2013 livrare \u00een toat\u0103 Rom\u00e2nia de la Boats Expert.\",\"breadcrumb\":{\"@id\":\"https:\\\/\\\/boat-demo.axiomprotocol.org\\\/ro\\\/produs\\\/comutator-on-off-led-rosu-12-v\\\/#breadcrumb\"},\"inLanguage\":\"ro-RO\",\"potentialAction\":[{\"@type\":\"ReadAction\",\"target\":[\"https:\\\/\\\/boat-demo.axiomprotocol.org\\\/ro\\\/produs\\\/comutator-on-off-led-rosu-12-v\\\/\"]}]},{\"@type\":\"ImageObject\",\"inLanguage\":\"ro-RO\",\"@id\":\"https:\\\/\\\/boat-demo.axiomprotocol.org\\\/ro\\\/produs\\\/comutator-on-off-led-rosu-12-v\\\/#primaryimage\",\"url\":\"https:\\\/\\\/boat-demo.axiomprotocol.org\\\/wp-content\\\/uploads\\\/2026\\\/03\\\/14.192.51.jpg\",\"contentUrl\":\"https:\\\/\\\/boat-demo.axiomprotocol.org\\\/wp-content\\\/uploads\\\/2026\\\/03\\\/14.192.51.jpg\",\"width\":555,\"height\":478,\"caption\":\"on off switch 12v red led\"},{\"@type\":\"BreadcrumbList\",\"@id\":\"https:\\\/\\\/boat-demo.axiomprotocol.org\\\/ro\\\/produs\\\/comutator-on-off-led-rosu-12-v\\\/#breadcrumb\",\"itemListElement\":[{\"@type\":\"ListItem\",\"position\":1,\"name\":\"Home\",\"item\":\"https:\\\/\\\/boat-demo.axiomprotocol.org\\\/\"},{\"@type\":\"ListItem\",\"position\":2,\"name\":\"Shop Online &#8211; cel mai bun magazin pentru echipamente pentru b\u0103rci\",\"item\":\"https:\\\/\\\/boat-demo.axiomprotocol.org\\\/ro\\\/shop-ro\\\/\"},{\"@type\":\"ListItem\",\"position\":3,\"name\":\"Comutator ON-OFF LED Ro\u0219u 12 V\"}]},{\"@type\":\"WebSite\",\"@id\":\"https:\\\/\\\/boat-demo.axiomprotocol.org\\\/ro\\\/#website\",\"url\":\"https:\\\/\\\/boat-demo.axiomprotocol.org\\\/ro\\\/\",\"name\":\"BoatsExpert\",\"description\":\"Boats, Service, Equipment\",\"publisher\":{\"@id\":\"https:\\\/\\\/boat-demo.axiomprotocol.org\\\/ro\\\/#organization\"},\"potentialAction\":[{\"@type\":\"SearchAction\",\"target\":{\"@type\":\"EntryPoint\",\"urlTemplate\":\"https:\\\/\\\/boat-demo.axiomprotocol.org\\\/ro\\\/?s={search_term_string}\"},\"query-input\":{\"@type\":\"PropertyValueSpecification\",\"valueRequired\":true,\"valueName\":\"search_term_string\"}}],\"inLanguage\":\"ro-RO\"},{\"@type\":\"Organization\",\"@id\":\"https:\\\/\\\/boat-demo.axiomprotocol.org\\\/ro\\\/#organization\",\"name\":\"BoatsExpert\",\"url\":\"https:\\\/\\\/boat-demo.axiomprotocol.org\\\/ro\\\/\",\"logo\":{\"@type\":\"ImageObject\",\"inLanguage\":\"ro-RO\",\"@id\":\"https:\\\/\\\/boat-demo.axiomprotocol.org\\\/ro\\\/#\\\/schema\\\/logo\\\/image\\\/\",\"url\":\"https:\\\/\\\/boat-demo.axiomprotocol.org\\\/wp-content\\\/uploads\\\/2023\\\/05\\\/white-logo60.svg\",\"contentUrl\":\"https:\\\/\\\/boat-demo.axiomprotocol.org\\\/wp-content\\\/uploads\\\/2023\\\/05\\\/white-logo60.svg\",\"width\":90,\"height\":60,\"caption\":\"BoatsExpert\"},\"image\":{\"@id\":\"https:\\\/\\\/boat-demo.axiomprotocol.org\\\/ro\\\/#\\\/schema\\\/logo\\\/image\\\/\"}}]}<\/script>\n<!-- \/ Yoast SEO plugin. -->","yoast_head_json":{"title":"Comutator ON-OFF LED Ro\u0219u 12 V - BoatsExpert","description":"Comutator ON-OFF 12V cu LED ro\u0219u, protec\u021bie IP56 \u0219i capacitate 20A pentru montaj \u00een panou \u2013 livrare \u00een toat\u0103 Rom\u00e2nia de la Boats Expert.","robots":{"index":"index","follow":"follow","max-snippet":"max-snippet:-1","max-image-preview":"max-image-preview:large","max-video-preview":"max-video-preview:-1"},"canonical":"https:\/\/boat-demo.axiomprotocol.org\/ro\/produs\/comutator-on-off-led-rosu-12-v\/","og_locale":"ro_RO","og_type":"article","og_title":"Comutator ON-OFF LED Ro\u0219u 12 V - BoatsExpert","og_description":"Comutator ON-OFF 12V cu LED ro\u0219u, protec\u021bie IP56 \u0219i capacitate 20A pentru montaj \u00een panou \u2013 livrare \u00een toat\u0103 Rom\u00e2nia de la Boats Expert.","og_url":"https:\/\/boat-demo.axiomprotocol.org\/ro\/produs\/comutator-on-off-led-rosu-12-v\/","og_site_name":"BoatsExpert","article_modified_time":"2026-03-25T13:39:59+00:00","og_image":[{"width":555,"height":478,"url":"https:\/\/boat-demo.axiomprotocol.org\/wp-content\/uploads\/2026\/03\/14.192.51.jpg","type":"image\/jpeg"}],"twitter_card":"summary_large_image","schema":{"@context":"https:\/\/schema.org","@graph":[{"@type":"WebPage","@id":"https:\/\/boat-demo.axiomprotocol.org\/ro\/produs\/comutator-on-off-led-rosu-12-v\/","url":"https:\/\/boat-demo.axiomprotocol.org\/ro\/produs\/comutator-on-off-led-rosu-12-v\/","name":"Comutator ON-OFF LED Ro\u0219u 12 V - BoatsExpert","isPartOf":{"@id":"https:\/\/boat-demo.axiomprotocol.org\/ro\/#website"},"primaryImageOfPage":{"@id":"https:\/\/boat-demo.axiomprotocol.org\/ro\/produs\/comutator-on-off-led-rosu-12-v\/#primaryimage"},"image":{"@id":"https:\/\/boat-demo.axiomprotocol.org\/ro\/produs\/comutator-on-off-led-rosu-12-v\/#primaryimage"},"thumbnailUrl":"https:\/\/boat-demo.axiomprotocol.org\/wp-content\/uploads\/2026\/03\/14.192.51.jpg","datePublished":"2026-03-25T13:33:38+00:00","dateModified":"2026-03-25T13:39:59+00:00","description":"Comutator ON-OFF 12V cu LED ro\u0219u, protec\u021bie IP56 \u0219i capacitate 20A pentru montaj \u00een panou \u2013 livrare \u00een toat\u0103 Rom\u00e2nia de la Boats Expert.","breadcrumb":{"@id":"https:\/\/boat-demo.axiomprotocol.org\/ro\/produs\/comutator-on-off-led-rosu-12-v\/#breadcrumb"},"inLanguage":"ro-RO","potentialAction":[{"@type":"ReadAction","target":["https:\/\/boat-demo.axiomprotocol.org\/ro\/produs\/comutator-on-off-led-rosu-12-v\/"]}]},{"@type":"ImageObject","inLanguage":"ro-RO","@id":"https:\/\/boat-demo.axiomprotocol.org\/ro\/produs\/comutator-on-off-led-rosu-12-v\/#primaryimage","url":"https:\/\/boat-demo.axiomprotocol.org\/wp-content\/uploads\/2026\/03\/14.192.51.jpg","contentUrl":"https:\/\/boat-demo.axiomprotocol.org\/wp-content\/uploads\/2026\/03\/14.192.51.jpg","width":555,"height":478,"caption":"on off switch 12v red led"},{"@type":"BreadcrumbList","@id":"https:\/\/boat-demo.axiomprotocol.org\/ro\/produs\/comutator-on-off-led-rosu-12-v\/#breadcrumb","itemListElement":[{"@type":"ListItem","position":1,"name":"Home","item":"https:\/\/boat-demo.axiomprotocol.org\/"},{"@type":"ListItem","position":2,"name":"Shop Online &#8211; cel mai bun magazin pentru echipamente pentru b\u0103rci","item":"https:\/\/boat-demo.axiomprotocol.org\/ro\/shop-ro\/"},{"@type":"ListItem","position":3,"name":"Comutator ON-OFF LED Ro\u0219u 12 V"}]},{"@type":"WebSite","@id":"https:\/\/boat-demo.axiomprotocol.org\/ro\/#website","url":"https:\/\/boat-demo.axiomprotocol.org\/ro\/","name":"BoatsExpert","description":"Boats, Service, Equipment","publisher":{"@id":"https:\/\/boat-demo.axiomprotocol.org\/ro\/#organization"},"potentialAction":[{"@type":"SearchAction","target":{"@type":"EntryPoint","urlTemplate":"https:\/\/boat-demo.axiomprotocol.org\/ro\/?s={search_term_string}"},"query-input":{"@type":"PropertyValueSpecification","valueRequired":true,"valueName":"search_term_string"}}],"inLanguage":"ro-RO"},{"@type":"Organization","@id":"https:\/\/boat-demo.axiomprotocol.org\/ro\/#organization","name":"BoatsExpert","url":"https:\/\/boat-demo.axiomprotocol.org\/ro\/","logo":{"@type":"ImageObject","inLanguage":"ro-RO","@id":"https:\/\/boat-demo.axiomprotocol.org\/ro\/#\/schema\/logo\/image\/","url":"https:\/\/boat-demo.axiomprotocol.org\/wp-content\/uploads\/2023\/05\/white-logo60.svg","contentUrl":"https:\/\/boat-demo.axiomprotocol.org\/wp-content\/uploads\/2023\/05\/white-logo60.svg","width":90,"height":60,"caption":"BoatsExpert"},"image":{"@id":"https:\/\/boat-demo.axiomprotocol.org\/ro\/#\/schema\/logo\/image\/"}}]}},"_links":{"self":[{"href":"https:\/\/boat-demo.axiomprotocol.org\/ro\/wp-json\/wp\/v2\/product\/43774","targetHints":{"allow":["GET"]}}],"collection":[{"href":"https:\/\/boat-demo.axiomprotocol.org\/ro\/wp-json\/wp\/v2\/product"}],"about":[{"href":"https:\/\/boat-demo.axiomprotocol.org\/ro\/wp-json\/wp\/v2\/types\/product"}],"replies":[{"embeddable":true,"href":"https:\/\/boat-demo.axiomprotocol.org\/ro\/wp-json\/wp\/v2\/comments?post=43774"}],"version-history":[{"count":4,"href":"https:\/\/boat-demo.axiomprotocol.org\/ro\/wp-json\/wp\/v2\/product\/43774\/revisions"}],"predecessor-version":[{"id":43786,"href":"https:\/\/boat-demo.axiomprotocol.org\/ro\/wp-json\/wp\/v2\/product\/43774\/revisions\/43786"}],"wp:featuredmedia":[{"embeddable":true,"href":"https:\/\/boat-demo.axiomprotocol.org\/ro\/wp-json\/wp\/v2\/media\/43776"}],"wp:attachment":[{"href":"https:\/\/boat-demo.axiomprotocol.org\/ro\/wp-json\/wp\/v2\/media?parent=43774"}],"wp:term":[{"taxonomy":"product_brand","embeddable":true,"href":"https:\/\/boat-demo.axiomprotocol.org\/ro\/wp-json\/wp\/v2\/product_brand?post=43774"},{"taxonomy":"product_cat","embeddable":true,"href":"https:\/\/boat-demo.axiomprotocol.org\/ro\/wp-json\/wp\/v2\/product_cat?post=43774"},{"taxonomy":"product_tag","embeddable":true,"href":"https:\/\/boat-demo.axiomprotocol.org\/ro\/wp-json\/wp\/v2\/product_tag?post=43774"}],"curies":[{"name":"wp","href":"https:\/\/api.w.org\/{rel}","templated":true}]}}