{"id":43435,"date":"2026-03-23T16:36:56","date_gmt":"2026-03-23T13:36:57","guid":{"rendered":"https:\/\/boat-demo.axiomprotocol.org\/?post_type=product&#038;p=43435"},"modified":"2026-03-23T16:49:39","modified_gmt":"2026-03-23T13:49:39","slug":"ked-sonda-lvs-34","status":"publish","type":"product","link":"https:\/\/boat-demo.axiomprotocol.org\/ro\/produs\/ked-sonda-lvs-34\/","title":{"rendered":"KED Sonda LVS 34"},"content":{"rendered":"","protected":false},"excerpt":{"rendered":"<p>&nbsp;<\/p>\n<p>Consol\u0103 pentru sistemele Garmin LVS 34 LiveScope pentru reglarea modului perspective \u00een ape pu\u021bin ad\u00e2nci.<\/p>\n<ul class=\"tt-list03\">\n<li>Brand: KED<\/li>\n<li>Tip: consol\u0103<\/li>\n<li>Compatibilitate: Garmin LVS 34<\/li>\n<li>Material: o\u021bel inoxidabil V4A (rezistent la ap\u0103 s\u0103rat\u0103)<\/li>\n<li>Func\u021bie: perspective mode reglabil \u00een 4 unghiuri fixe<\/li>\n<\/ul>\n<p>&nbsp;<\/p>\n<p>Permite pescuitul \u00een zone foarte pu\u021bin ad\u00e2nci prin reglarea modului perspective mai plat dec\u00e2t unghiul standard de 105\u00b0 utilizat de Garmin \u0219i Lowrance.<\/p>\n<p>\u00cenregistrat la Oficiul German de Brevete \u0219i M\u0103rci.<\/p>\n","protected":false},"featured_media":43437,"comment_status":"open","ping_status":"closed","template":"","meta":{"_acf_changed":false,"inline_featured_image":false},"product_brand":[],"product_cat":[447,340],"product_tag":[],"class_list":{"0":"post-43435","1":"product","2":"type-product","3":"status-publish","4":"has-post-thumbnail","6":"product_cat-ked-mounts-ro","7":"product_cat-sisteme-de-prindere-ro","8":"tt-post","10":"first","11":"instock","12":"shipping-taxable","13":"purchasable","14":"product-type-simple"},"acf":[],"yoast_head":"<!-- This site is optimized with the Yoast SEO plugin v27.4 - https:\/\/yoast.com\/product\/yoast-seo-wordpress\/ -->\n<title>KED Sonda LVS 34 - BoatsExpert<\/title>\n<meta name=\"description\" content=\"Consol\u0103 Garmin LVS34 din o\u021bel inoxidabil V4A rezistent la ap\u0103 s\u0103rat\u0103, reglaj \u00een 4 unghiuri pentru ape pu\u021bin ad\u00e2nci \u2013 livrare \u00een toat\u0103 Rom\u00e2nia.\" \/>\n<meta name=\"robots\" content=\"index, follow, max-snippet:-1, max-image-preview:large, max-video-preview:-1\" \/>\n<link rel=\"canonical\" href=\"https:\/\/boat-demo.axiomprotocol.org\/ro\/produs\/ked-sonda-lvs-34\/\" \/>\n<meta property=\"og:locale\" content=\"ro_RO\" \/>\n<meta property=\"og:type\" content=\"article\" \/>\n<meta property=\"og:title\" content=\"KED Sonda LVS 34 - BoatsExpert\" \/>\n<meta property=\"og:description\" content=\"Consol\u0103 Garmin LVS34 din o\u021bel inoxidabil V4A rezistent la ap\u0103 s\u0103rat\u0103, reglaj \u00een 4 unghiuri pentru ape pu\u021bin ad\u00e2nci \u2013 livrare \u00een toat\u0103 Rom\u00e2nia.\" \/>\n<meta property=\"og:url\" content=\"https:\/\/boat-demo.axiomprotocol.org\/ro\/produs\/ked-sonda-lvs-34\/\" \/>\n<meta property=\"og:site_name\" content=\"BoatsExpert\" \/>\n<meta property=\"article:modified_time\" content=\"2026-03-23T13:49:39+00:00\" \/>\n<meta property=\"og:image\" content=\"https:\/\/boat-demo.axiomprotocol.org\/wp-content\/uploads\/2026\/03\/SW10060.jpg\" \/>\n\t<meta property=\"og:image:width\" content=\"555\" \/>\n\t<meta property=\"og:image:height\" content=\"478\" \/>\n\t<meta property=\"og:image:type\" content=\"image\/jpeg\" \/>\n<meta name=\"twitter:card\" content=\"summary_large_image\" \/>\n<script type=\"application\/ld+json\" class=\"yoast-schema-graph\">{\"@context\":\"https:\\\/\\\/schema.org\",\"@graph\":[{\"@type\":\"WebPage\",\"@id\":\"https:\\\/\\\/boat-demo.axiomprotocol.org\\\/ro\\\/produs\\\/ked-sonda-lvs-34\\\/\",\"url\":\"https:\\\/\\\/boat-demo.axiomprotocol.org\\\/ro\\\/produs\\\/ked-sonda-lvs-34\\\/\",\"name\":\"KED Sonda LVS 34 - BoatsExpert\",\"isPartOf\":{\"@id\":\"https:\\\/\\\/boat-demo.axiomprotocol.org\\\/ro\\\/#website\"},\"primaryImageOfPage\":{\"@id\":\"https:\\\/\\\/boat-demo.axiomprotocol.org\\\/ro\\\/produs\\\/ked-sonda-lvs-34\\\/#primaryimage\"},\"image\":{\"@id\":\"https:\\\/\\\/boat-demo.axiomprotocol.org\\\/ro\\\/produs\\\/ked-sonda-lvs-34\\\/#primaryimage\"},\"thumbnailUrl\":\"https:\\\/\\\/boat-demo.axiomprotocol.org\\\/wp-content\\\/uploads\\\/2026\\\/03\\\/SW10060.jpg\",\"datePublished\":\"2026-03-23T13:36:57+00:00\",\"dateModified\":\"2026-03-23T13:49:39+00:00\",\"description\":\"Consol\u0103 Garmin LVS34 din o\u021bel inoxidabil V4A rezistent la ap\u0103 s\u0103rat\u0103, reglaj \u00een 4 unghiuri pentru ape pu\u021bin ad\u00e2nci \u2013 livrare \u00een toat\u0103 Rom\u00e2nia.\",\"breadcrumb\":{\"@id\":\"https:\\\/\\\/boat-demo.axiomprotocol.org\\\/ro\\\/produs\\\/ked-sonda-lvs-34\\\/#breadcrumb\"},\"inLanguage\":\"ro-RO\",\"potentialAction\":[{\"@type\":\"ReadAction\",\"target\":[\"https:\\\/\\\/boat-demo.axiomprotocol.org\\\/ro\\\/produs\\\/ked-sonda-lvs-34\\\/\"]}]},{\"@type\":\"ImageObject\",\"inLanguage\":\"ro-RO\",\"@id\":\"https:\\\/\\\/boat-demo.axiomprotocol.org\\\/ro\\\/produs\\\/ked-sonda-lvs-34\\\/#primaryimage\",\"url\":\"https:\\\/\\\/boat-demo.axiomprotocol.org\\\/wp-content\\\/uploads\\\/2026\\\/03\\\/SW10060.jpg\",\"contentUrl\":\"https:\\\/\\\/boat-demo.axiomprotocol.org\\\/wp-content\\\/uploads\\\/2026\\\/03\\\/SW10060.jpg\",\"width\":555,\"height\":478,\"caption\":\"garmin lvs 34 console\"},{\"@type\":\"BreadcrumbList\",\"@id\":\"https:\\\/\\\/boat-demo.axiomprotocol.org\\\/ro\\\/produs\\\/ked-sonda-lvs-34\\\/#breadcrumb\",\"itemListElement\":[{\"@type\":\"ListItem\",\"position\":1,\"name\":\"Home\",\"item\":\"https:\\\/\\\/boat-demo.axiomprotocol.org\\\/\"},{\"@type\":\"ListItem\",\"position\":2,\"name\":\"Shop Online &#8211; cel mai bun magazin pentru echipamente pentru b\u0103rci\",\"item\":\"https:\\\/\\\/boat-demo.axiomprotocol.org\\\/ro\\\/shop-ro\\\/\"},{\"@type\":\"ListItem\",\"position\":3,\"name\":\"KED Sonda LVS 34\"}]},{\"@type\":\"WebSite\",\"@id\":\"https:\\\/\\\/boat-demo.axiomprotocol.org\\\/ro\\\/#website\",\"url\":\"https:\\\/\\\/boat-demo.axiomprotocol.org\\\/ro\\\/\",\"name\":\"BoatsExpert\",\"description\":\"Boats, Service, Equipment\",\"publisher\":{\"@id\":\"https:\\\/\\\/boat-demo.axiomprotocol.org\\\/ro\\\/#organization\"},\"potentialAction\":[{\"@type\":\"SearchAction\",\"target\":{\"@type\":\"EntryPoint\",\"urlTemplate\":\"https:\\\/\\\/boat-demo.axiomprotocol.org\\\/ro\\\/?s={search_term_string}\"},\"query-input\":{\"@type\":\"PropertyValueSpecification\",\"valueRequired\":true,\"valueName\":\"search_term_string\"}}],\"inLanguage\":\"ro-RO\"},{\"@type\":\"Organization\",\"@id\":\"https:\\\/\\\/boat-demo.axiomprotocol.org\\\/ro\\\/#organization\",\"name\":\"BoatsExpert\",\"url\":\"https:\\\/\\\/boat-demo.axiomprotocol.org\\\/ro\\\/\",\"logo\":{\"@type\":\"ImageObject\",\"inLanguage\":\"ro-RO\",\"@id\":\"https:\\\/\\\/boat-demo.axiomprotocol.org\\\/ro\\\/#\\\/schema\\\/logo\\\/image\\\/\",\"url\":\"https:\\\/\\\/boat-demo.axiomprotocol.org\\\/wp-content\\\/uploads\\\/2023\\\/05\\\/white-logo60.svg\",\"contentUrl\":\"https:\\\/\\\/boat-demo.axiomprotocol.org\\\/wp-content\\\/uploads\\\/2023\\\/05\\\/white-logo60.svg\",\"width\":90,\"height\":60,\"caption\":\"BoatsExpert\"},\"image\":{\"@id\":\"https:\\\/\\\/boat-demo.axiomprotocol.org\\\/ro\\\/#\\\/schema\\\/logo\\\/image\\\/\"}}]}<\/script>\n<!-- \/ Yoast SEO plugin. -->","yoast_head_json":{"title":"KED Sonda LVS 34 - BoatsExpert","description":"Consol\u0103 Garmin LVS34 din o\u021bel inoxidabil V4A rezistent la ap\u0103 s\u0103rat\u0103, reglaj \u00een 4 unghiuri pentru ape pu\u021bin ad\u00e2nci \u2013 livrare \u00een toat\u0103 Rom\u00e2nia.","robots":{"index":"index","follow":"follow","max-snippet":"max-snippet:-1","max-image-preview":"max-image-preview:large","max-video-preview":"max-video-preview:-1"},"canonical":"https:\/\/boat-demo.axiomprotocol.org\/ro\/produs\/ked-sonda-lvs-34\/","og_locale":"ro_RO","og_type":"article","og_title":"KED Sonda LVS 34 - BoatsExpert","og_description":"Consol\u0103 Garmin LVS34 din o\u021bel inoxidabil V4A rezistent la ap\u0103 s\u0103rat\u0103, reglaj \u00een 4 unghiuri pentru ape pu\u021bin ad\u00e2nci \u2013 livrare \u00een toat\u0103 Rom\u00e2nia.","og_url":"https:\/\/boat-demo.axiomprotocol.org\/ro\/produs\/ked-sonda-lvs-34\/","og_site_name":"BoatsExpert","article_modified_time":"2026-03-23T13:49:39+00:00","og_image":[{"width":555,"height":478,"url":"https:\/\/boat-demo.axiomprotocol.org\/wp-content\/uploads\/2026\/03\/SW10060.jpg","type":"image\/jpeg"}],"twitter_card":"summary_large_image","schema":{"@context":"https:\/\/schema.org","@graph":[{"@type":"WebPage","@id":"https:\/\/boat-demo.axiomprotocol.org\/ro\/produs\/ked-sonda-lvs-34\/","url":"https:\/\/boat-demo.axiomprotocol.org\/ro\/produs\/ked-sonda-lvs-34\/","name":"KED Sonda LVS 34 - BoatsExpert","isPartOf":{"@id":"https:\/\/boat-demo.axiomprotocol.org\/ro\/#website"},"primaryImageOfPage":{"@id":"https:\/\/boat-demo.axiomprotocol.org\/ro\/produs\/ked-sonda-lvs-34\/#primaryimage"},"image":{"@id":"https:\/\/boat-demo.axiomprotocol.org\/ro\/produs\/ked-sonda-lvs-34\/#primaryimage"},"thumbnailUrl":"https:\/\/boat-demo.axiomprotocol.org\/wp-content\/uploads\/2026\/03\/SW10060.jpg","datePublished":"2026-03-23T13:36:57+00:00","dateModified":"2026-03-23T13:49:39+00:00","description":"Consol\u0103 Garmin LVS34 din o\u021bel inoxidabil V4A rezistent la ap\u0103 s\u0103rat\u0103, reglaj \u00een 4 unghiuri pentru ape pu\u021bin ad\u00e2nci \u2013 livrare \u00een toat\u0103 Rom\u00e2nia.","breadcrumb":{"@id":"https:\/\/boat-demo.axiomprotocol.org\/ro\/produs\/ked-sonda-lvs-34\/#breadcrumb"},"inLanguage":"ro-RO","potentialAction":[{"@type":"ReadAction","target":["https:\/\/boat-demo.axiomprotocol.org\/ro\/produs\/ked-sonda-lvs-34\/"]}]},{"@type":"ImageObject","inLanguage":"ro-RO","@id":"https:\/\/boat-demo.axiomprotocol.org\/ro\/produs\/ked-sonda-lvs-34\/#primaryimage","url":"https:\/\/boat-demo.axiomprotocol.org\/wp-content\/uploads\/2026\/03\/SW10060.jpg","contentUrl":"https:\/\/boat-demo.axiomprotocol.org\/wp-content\/uploads\/2026\/03\/SW10060.jpg","width":555,"height":478,"caption":"garmin lvs 34 console"},{"@type":"BreadcrumbList","@id":"https:\/\/boat-demo.axiomprotocol.org\/ro\/produs\/ked-sonda-lvs-34\/#breadcrumb","itemListElement":[{"@type":"ListItem","position":1,"name":"Home","item":"https:\/\/boat-demo.axiomprotocol.org\/"},{"@type":"ListItem","position":2,"name":"Shop Online &#8211; cel mai bun magazin pentru echipamente pentru b\u0103rci","item":"https:\/\/boat-demo.axiomprotocol.org\/ro\/shop-ro\/"},{"@type":"ListItem","position":3,"name":"KED Sonda LVS 34"}]},{"@type":"WebSite","@id":"https:\/\/boat-demo.axiomprotocol.org\/ro\/#website","url":"https:\/\/boat-demo.axiomprotocol.org\/ro\/","name":"BoatsExpert","description":"Boats, Service, Equipment","publisher":{"@id":"https:\/\/boat-demo.axiomprotocol.org\/ro\/#organization"},"potentialAction":[{"@type":"SearchAction","target":{"@type":"EntryPoint","urlTemplate":"https:\/\/boat-demo.axiomprotocol.org\/ro\/?s={search_term_string}"},"query-input":{"@type":"PropertyValueSpecification","valueRequired":true,"valueName":"search_term_string"}}],"inLanguage":"ro-RO"},{"@type":"Organization","@id":"https:\/\/boat-demo.axiomprotocol.org\/ro\/#organization","name":"BoatsExpert","url":"https:\/\/boat-demo.axiomprotocol.org\/ro\/","logo":{"@type":"ImageObject","inLanguage":"ro-RO","@id":"https:\/\/boat-demo.axiomprotocol.org\/ro\/#\/schema\/logo\/image\/","url":"https:\/\/boat-demo.axiomprotocol.org\/wp-content\/uploads\/2023\/05\/white-logo60.svg","contentUrl":"https:\/\/boat-demo.axiomprotocol.org\/wp-content\/uploads\/2023\/05\/white-logo60.svg","width":90,"height":60,"caption":"BoatsExpert"},"image":{"@id":"https:\/\/boat-demo.axiomprotocol.org\/ro\/#\/schema\/logo\/image\/"}}]}},"_links":{"self":[{"href":"https:\/\/boat-demo.axiomprotocol.org\/ro\/wp-json\/wp\/v2\/product\/43435","targetHints":{"allow":["GET"]}}],"collection":[{"href":"https:\/\/boat-demo.axiomprotocol.org\/ro\/wp-json\/wp\/v2\/product"}],"about":[{"href":"https:\/\/boat-demo.axiomprotocol.org\/ro\/wp-json\/wp\/v2\/types\/product"}],"replies":[{"embeddable":true,"href":"https:\/\/boat-demo.axiomprotocol.org\/ro\/wp-json\/wp\/v2\/comments?post=43435"}],"version-history":[{"count":1,"href":"https:\/\/boat-demo.axiomprotocol.org\/ro\/wp-json\/wp\/v2\/product\/43435\/revisions"}],"predecessor-version":[{"id":43448,"href":"https:\/\/boat-demo.axiomprotocol.org\/ro\/wp-json\/wp\/v2\/product\/43435\/revisions\/43448"}],"wp:featuredmedia":[{"embeddable":true,"href":"https:\/\/boat-demo.axiomprotocol.org\/ro\/wp-json\/wp\/v2\/media\/43437"}],"wp:attachment":[{"href":"https:\/\/boat-demo.axiomprotocol.org\/ro\/wp-json\/wp\/v2\/media?parent=43435"}],"wp:term":[{"taxonomy":"product_brand","embeddable":true,"href":"https:\/\/boat-demo.axiomprotocol.org\/ro\/wp-json\/wp\/v2\/product_brand?post=43435"},{"taxonomy":"product_cat","embeddable":true,"href":"https:\/\/boat-demo.axiomprotocol.org\/ro\/wp-json\/wp\/v2\/product_cat?post=43435"},{"taxonomy":"product_tag","embeddable":true,"href":"https:\/\/boat-demo.axiomprotocol.org\/ro\/wp-json\/wp\/v2\/product_tag?post=43435"}],"curies":[{"name":"wp","href":"https:\/\/api.w.org\/{rel}","templated":true}]}}