{"id":42414,"date":"2026-02-26T16:56:50","date_gmt":"2026-02-26T13:56:51","guid":{"rendered":"https:\/\/boat-demo.axiomprotocol.org\/?post_type=product&#038;p=42414"},"modified":"2026-02-26T17:02:47","modified_gmt":"2026-02-26T14:02:47","slug":"cutie-accesorii-marinac","status":"publish","type":"product","link":"https:\/\/boat-demo.axiomprotocol.org\/ro\/produs\/cutie-accesorii-marinac\/","title":{"rendered":"Cutie accesorii Marinac"},"content":{"rendered":"\t\t<div data-elementor-type=\"wp-post\" data-elementor-id=\"42414\" class=\"elementor elementor-42414 elementor-42413\">\n\t\t\t\t\t\t<section class=\"elementor-section elementor-top-section elementor-element elementor-element-06e345f elementor-section-boxed elementor-section-height-default elementor-section-height-default\" data-id=\"06e345f\" data-element_type=\"section\" data-e-type=\"section\">\n\t\t\t\t\t\t<div class=\"elementor-container elementor-column-gap-default\">\n\t\t\t\t\t<div class=\"elementor-column elementor-col-100 elementor-top-column elementor-element elementor-element-c1defe0\" data-id=\"c1defe0\" data-element_type=\"column\" data-e-type=\"column\">\n\t\t\t<div class=\"elementor-widget-wrap elementor-element-populated\">\n\t\t\t\t\t\t<div class=\"elementor-element elementor-element-deea8ad elementor-widget elementor-widget-text-editor\" data-id=\"deea8ad\" data-element_type=\"widget\" data-e-type=\"widget\" data-widget_type=\"text-editor.default\">\n\t\t\t\t<div class=\"elementor-widget-container\">\n\t\t\t\t\t\t\t\t\t<p><strong>Cutie accesorii Marinac<\/strong> este un seif sigur pentru obiectele personale \u00een timpul pescuitului. Protejeaz\u0103 telefonul, cheile \u0219i alte obiecte de valoare \u00eempotriva ploii, z\u0103pezii \u0219i condi\u021biilor meteo nefavorabile cu ajutorul acestei cutii rezistente la impact.<\/p><p>Designul original al capacului \u0219i dimensiunile compacte asigur\u0103 utilizare u\u0219oar\u0103 \u0219i depozitare convenabil\u0103. Cutia poate fi montat\u0103 cu u\u0219urin\u021b\u0103 pe profil T-slot sau direct pe bordul b\u0103rcii. De asemenea, poate fi integrat\u0103 direct \u00een carena b\u0103rcii, oferind versatilitate maxim\u0103 \u00een op\u021biunile de instalare.<\/p><p>Uit\u01ce de riscurile provocate de condi\u021biile meteorologice. P\u0103streaz\u0103 obiectele tale de valoare \u00een siguran\u021b\u0103 cu Marinac la fiecare aventur\u0103 de pescuit \u0219i bucur\u0103-te de lini\u0219te \u0219i confort pe ap\u0103.<\/p><h4>Specifica\u021bii<\/h4><table style=\"width: 100%\"><tbody><tr><td><strong>Brand<\/strong><\/td><td>Marinac<\/td><\/tr><tr><td><strong>Model<\/strong><\/td><td>Cutie accesorii<\/td><\/tr><tr><td><strong>Corp<\/strong><\/td><td>ABS plastic<\/td><\/tr><tr><td><strong>Dimensiuni<\/strong><\/td><td>186 \u00d7 128 \u00d7 107 mm<\/td><\/tr><tr><td><strong>Greutate<\/strong><\/td><td>200 g<\/td><\/tr><\/tbody><\/table>\t\t\t\t\t\t\t\t<\/div>\n\t\t\t\t<\/div>\n\t\t\t\t\t<\/div>\n\t\t<\/div>\n\t\t\t\t\t<\/div>\n\t\t<\/section>\n\t\t\t\t<\/div>\n\t\t","protected":false},"excerpt":{"rendered":"<p><strong><br \/>\nCutie accesorii Marinac<\/strong> este o cutie uscat\u0103 compact\u0103 din ABS rezistent la impact, conceput\u0103 pentru protejarea obiectelor personale \u00eempotriva umezelii \u0219i condi\u021biilor meteo nefavorabile.<\/p>\n<ul class=\"tt-list03\">\n<li><strong>Material durabil:<\/strong> ABS rezistent la impact<\/li>\n<li><strong>Protec\u021bie \u00eempotriva umezelii:<\/strong> ideal\u0103 pentru telefon \u0219i obiecte de valoare<\/li>\n<li><strong>Montaj flexibil:<\/strong> pe profil T-slot, pe bord sau integrat\u0103 \u00een caren\u0103<\/li>\n<li><strong>Dimensiuni compacte:<\/strong> 186 \u00d7 128 \u00d7 107 mm<\/li>\n<li><strong>Greutate redus\u0103:<\/strong> 200 g<\/li>\n<\/ul>\n","protected":false},"featured_media":42416,"comment_status":"open","ping_status":"closed","template":"","meta":{"_acf_changed":false,"inline_featured_image":false},"product_brand":[],"product_cat":[334,441],"product_tag":[],"class_list":{"0":"post-42414","1":"product","2":"type-product","3":"status-publish","4":"has-post-thumbnail","6":"product_cat-accesorii-marine-ro","7":"product_cat-marinac-ro","8":"tt-post","10":"first","11":"instock","12":"shipping-taxable","13":"purchasable","14":"product-type-simple"},"acf":[],"yoast_head":"<!-- This site is optimized with the Yoast SEO plugin v27.4 - https:\/\/yoast.com\/product\/yoast-seo-wordpress\/ -->\n<title>Cutie accesorii Marinac - BoatsExpert<\/title>\n<meta name=\"description\" content=\"Cutie accesorii Marinac din ABS rezistent la impact. Protejeaz\u0103 telefonul \u0219i obiectele de valoare \u00eempotriva umezelii. Livrare \u00een toat\u0103 Rom\u00e2nia.\" \/>\n<meta name=\"robots\" content=\"index, follow, max-snippet:-1, max-image-preview:large, max-video-preview:-1\" \/>\n<link rel=\"canonical\" href=\"https:\/\/boat-demo.axiomprotocol.org\/ro\/produs\/cutie-accesorii-marinac\/\" \/>\n<meta property=\"og:locale\" content=\"ro_RO\" \/>\n<meta property=\"og:type\" content=\"article\" \/>\n<meta property=\"og:title\" content=\"Cutie accesorii Marinac - BoatsExpert\" \/>\n<meta property=\"og:description\" content=\"Cutie accesorii Marinac din ABS rezistent la impact. Protejeaz\u0103 telefonul \u0219i obiectele de valoare \u00eempotriva umezelii. Livrare \u00een toat\u0103 Rom\u00e2nia.\" \/>\n<meta property=\"og:url\" content=\"https:\/\/boat-demo.axiomprotocol.org\/ro\/produs\/cutie-accesorii-marinac\/\" \/>\n<meta property=\"og:site_name\" content=\"BoatsExpert\" \/>\n<meta property=\"article:modified_time\" content=\"2026-02-26T14:02:47+00:00\" \/>\n<meta property=\"og:image\" content=\"https:\/\/boat-demo.axiomprotocol.org\/wp-content\/uploads\/2026\/02\/1-4.jpg\" \/>\n\t<meta property=\"og:image:width\" content=\"555\" \/>\n\t<meta property=\"og:image:height\" content=\"478\" \/>\n\t<meta property=\"og:image:type\" content=\"image\/jpeg\" \/>\n<meta name=\"twitter:card\" content=\"summary_large_image\" \/>\n<meta name=\"twitter:label1\" content=\"Timp estimat pentru citire\" \/>\n\t<meta name=\"twitter:data1\" content=\"1 minut\" \/>\n<script type=\"application\/ld+json\" class=\"yoast-schema-graph\">{\"@context\":\"https:\\\/\\\/schema.org\",\"@graph\":[{\"@type\":\"WebPage\",\"@id\":\"https:\\\/\\\/boat-demo.axiomprotocol.org\\\/ro\\\/produs\\\/cutie-accesorii-marinac\\\/\",\"url\":\"https:\\\/\\\/boat-demo.axiomprotocol.org\\\/ro\\\/produs\\\/cutie-accesorii-marinac\\\/\",\"name\":\"Cutie accesorii Marinac - BoatsExpert\",\"isPartOf\":{\"@id\":\"https:\\\/\\\/boat-demo.axiomprotocol.org\\\/ro\\\/#website\"},\"primaryImageOfPage\":{\"@id\":\"https:\\\/\\\/boat-demo.axiomprotocol.org\\\/ro\\\/produs\\\/cutie-accesorii-marinac\\\/#primaryimage\"},\"image\":{\"@id\":\"https:\\\/\\\/boat-demo.axiomprotocol.org\\\/ro\\\/produs\\\/cutie-accesorii-marinac\\\/#primaryimage\"},\"thumbnailUrl\":\"https:\\\/\\\/boat-demo.axiomprotocol.org\\\/wp-content\\\/uploads\\\/2026\\\/02\\\/1-4.jpg\",\"datePublished\":\"2026-02-26T13:56:51+00:00\",\"dateModified\":\"2026-02-26T14:02:47+00:00\",\"description\":\"Cutie accesorii Marinac din ABS rezistent la impact. Protejeaz\u0103 telefonul \u0219i obiectele de valoare \u00eempotriva umezelii. Livrare \u00een toat\u0103 Rom\u00e2nia.\",\"breadcrumb\":{\"@id\":\"https:\\\/\\\/boat-demo.axiomprotocol.org\\\/ro\\\/produs\\\/cutie-accesorii-marinac\\\/#breadcrumb\"},\"inLanguage\":\"ro-RO\",\"potentialAction\":[{\"@type\":\"ReadAction\",\"target\":[\"https:\\\/\\\/boat-demo.axiomprotocol.org\\\/ro\\\/produs\\\/cutie-accesorii-marinac\\\/\"]}]},{\"@type\":\"ImageObject\",\"inLanguage\":\"ro-RO\",\"@id\":\"https:\\\/\\\/boat-demo.axiomprotocol.org\\\/ro\\\/produs\\\/cutie-accesorii-marinac\\\/#primaryimage\",\"url\":\"https:\\\/\\\/boat-demo.axiomprotocol.org\\\/wp-content\\\/uploads\\\/2026\\\/02\\\/1-4.jpg\",\"contentUrl\":\"https:\\\/\\\/boat-demo.axiomprotocol.org\\\/wp-content\\\/uploads\\\/2026\\\/02\\\/1-4.jpg\",\"width\":555,\"height\":478,\"caption\":\"MARINAC Dry Boat Box\"},{\"@type\":\"BreadcrumbList\",\"@id\":\"https:\\\/\\\/boat-demo.axiomprotocol.org\\\/ro\\\/produs\\\/cutie-accesorii-marinac\\\/#breadcrumb\",\"itemListElement\":[{\"@type\":\"ListItem\",\"position\":1,\"name\":\"Home\",\"item\":\"https:\\\/\\\/boat-demo.axiomprotocol.org\\\/\"},{\"@type\":\"ListItem\",\"position\":2,\"name\":\"Shop Online &#8211; cel mai bun magazin pentru echipamente pentru b\u0103rci\",\"item\":\"https:\\\/\\\/boat-demo.axiomprotocol.org\\\/ro\\\/shop-ro\\\/\"},{\"@type\":\"ListItem\",\"position\":3,\"name\":\"Cutie accesorii Marinac\"}]},{\"@type\":\"WebSite\",\"@id\":\"https:\\\/\\\/boat-demo.axiomprotocol.org\\\/ro\\\/#website\",\"url\":\"https:\\\/\\\/boat-demo.axiomprotocol.org\\\/ro\\\/\",\"name\":\"BoatsExpert\",\"description\":\"Boats, Service, Equipment\",\"publisher\":{\"@id\":\"https:\\\/\\\/boat-demo.axiomprotocol.org\\\/ro\\\/#organization\"},\"potentialAction\":[{\"@type\":\"SearchAction\",\"target\":{\"@type\":\"EntryPoint\",\"urlTemplate\":\"https:\\\/\\\/boat-demo.axiomprotocol.org\\\/ro\\\/?s={search_term_string}\"},\"query-input\":{\"@type\":\"PropertyValueSpecification\",\"valueRequired\":true,\"valueName\":\"search_term_string\"}}],\"inLanguage\":\"ro-RO\"},{\"@type\":\"Organization\",\"@id\":\"https:\\\/\\\/boat-demo.axiomprotocol.org\\\/ro\\\/#organization\",\"name\":\"BoatsExpert\",\"url\":\"https:\\\/\\\/boat-demo.axiomprotocol.org\\\/ro\\\/\",\"logo\":{\"@type\":\"ImageObject\",\"inLanguage\":\"ro-RO\",\"@id\":\"https:\\\/\\\/boat-demo.axiomprotocol.org\\\/ro\\\/#\\\/schema\\\/logo\\\/image\\\/\",\"url\":\"https:\\\/\\\/boat-demo.axiomprotocol.org\\\/wp-content\\\/uploads\\\/2023\\\/05\\\/white-logo60.svg\",\"contentUrl\":\"https:\\\/\\\/boat-demo.axiomprotocol.org\\\/wp-content\\\/uploads\\\/2023\\\/05\\\/white-logo60.svg\",\"width\":90,\"height\":60,\"caption\":\"BoatsExpert\"},\"image\":{\"@id\":\"https:\\\/\\\/boat-demo.axiomprotocol.org\\\/ro\\\/#\\\/schema\\\/logo\\\/image\\\/\"}}]}<\/script>\n<!-- \/ Yoast SEO plugin. -->","yoast_head_json":{"title":"Cutie accesorii Marinac - BoatsExpert","description":"Cutie accesorii Marinac din ABS rezistent la impact. Protejeaz\u0103 telefonul \u0219i obiectele de valoare \u00eempotriva umezelii. Livrare \u00een toat\u0103 Rom\u00e2nia.","robots":{"index":"index","follow":"follow","max-snippet":"max-snippet:-1","max-image-preview":"max-image-preview:large","max-video-preview":"max-video-preview:-1"},"canonical":"https:\/\/boat-demo.axiomprotocol.org\/ro\/produs\/cutie-accesorii-marinac\/","og_locale":"ro_RO","og_type":"article","og_title":"Cutie accesorii Marinac - BoatsExpert","og_description":"Cutie accesorii Marinac din ABS rezistent la impact. Protejeaz\u0103 telefonul \u0219i obiectele de valoare \u00eempotriva umezelii. Livrare \u00een toat\u0103 Rom\u00e2nia.","og_url":"https:\/\/boat-demo.axiomprotocol.org\/ro\/produs\/cutie-accesorii-marinac\/","og_site_name":"BoatsExpert","article_modified_time":"2026-02-26T14:02:47+00:00","og_image":[{"width":555,"height":478,"url":"https:\/\/boat-demo.axiomprotocol.org\/wp-content\/uploads\/2026\/02\/1-4.jpg","type":"image\/jpeg"}],"twitter_card":"summary_large_image","twitter_misc":{"Timp estimat pentru citire":"1 minut"},"schema":{"@context":"https:\/\/schema.org","@graph":[{"@type":"WebPage","@id":"https:\/\/boat-demo.axiomprotocol.org\/ro\/produs\/cutie-accesorii-marinac\/","url":"https:\/\/boat-demo.axiomprotocol.org\/ro\/produs\/cutie-accesorii-marinac\/","name":"Cutie accesorii Marinac - BoatsExpert","isPartOf":{"@id":"https:\/\/boat-demo.axiomprotocol.org\/ro\/#website"},"primaryImageOfPage":{"@id":"https:\/\/boat-demo.axiomprotocol.org\/ro\/produs\/cutie-accesorii-marinac\/#primaryimage"},"image":{"@id":"https:\/\/boat-demo.axiomprotocol.org\/ro\/produs\/cutie-accesorii-marinac\/#primaryimage"},"thumbnailUrl":"https:\/\/boat-demo.axiomprotocol.org\/wp-content\/uploads\/2026\/02\/1-4.jpg","datePublished":"2026-02-26T13:56:51+00:00","dateModified":"2026-02-26T14:02:47+00:00","description":"Cutie accesorii Marinac din ABS rezistent la impact. Protejeaz\u0103 telefonul \u0219i obiectele de valoare \u00eempotriva umezelii. Livrare \u00een toat\u0103 Rom\u00e2nia.","breadcrumb":{"@id":"https:\/\/boat-demo.axiomprotocol.org\/ro\/produs\/cutie-accesorii-marinac\/#breadcrumb"},"inLanguage":"ro-RO","potentialAction":[{"@type":"ReadAction","target":["https:\/\/boat-demo.axiomprotocol.org\/ro\/produs\/cutie-accesorii-marinac\/"]}]},{"@type":"ImageObject","inLanguage":"ro-RO","@id":"https:\/\/boat-demo.axiomprotocol.org\/ro\/produs\/cutie-accesorii-marinac\/#primaryimage","url":"https:\/\/boat-demo.axiomprotocol.org\/wp-content\/uploads\/2026\/02\/1-4.jpg","contentUrl":"https:\/\/boat-demo.axiomprotocol.org\/wp-content\/uploads\/2026\/02\/1-4.jpg","width":555,"height":478,"caption":"MARINAC Dry Boat Box"},{"@type":"BreadcrumbList","@id":"https:\/\/boat-demo.axiomprotocol.org\/ro\/produs\/cutie-accesorii-marinac\/#breadcrumb","itemListElement":[{"@type":"ListItem","position":1,"name":"Home","item":"https:\/\/boat-demo.axiomprotocol.org\/"},{"@type":"ListItem","position":2,"name":"Shop Online &#8211; cel mai bun magazin pentru echipamente pentru b\u0103rci","item":"https:\/\/boat-demo.axiomprotocol.org\/ro\/shop-ro\/"},{"@type":"ListItem","position":3,"name":"Cutie accesorii Marinac"}]},{"@type":"WebSite","@id":"https:\/\/boat-demo.axiomprotocol.org\/ro\/#website","url":"https:\/\/boat-demo.axiomprotocol.org\/ro\/","name":"BoatsExpert","description":"Boats, Service, Equipment","publisher":{"@id":"https:\/\/boat-demo.axiomprotocol.org\/ro\/#organization"},"potentialAction":[{"@type":"SearchAction","target":{"@type":"EntryPoint","urlTemplate":"https:\/\/boat-demo.axiomprotocol.org\/ro\/?s={search_term_string}"},"query-input":{"@type":"PropertyValueSpecification","valueRequired":true,"valueName":"search_term_string"}}],"inLanguage":"ro-RO"},{"@type":"Organization","@id":"https:\/\/boat-demo.axiomprotocol.org\/ro\/#organization","name":"BoatsExpert","url":"https:\/\/boat-demo.axiomprotocol.org\/ro\/","logo":{"@type":"ImageObject","inLanguage":"ro-RO","@id":"https:\/\/boat-demo.axiomprotocol.org\/ro\/#\/schema\/logo\/image\/","url":"https:\/\/boat-demo.axiomprotocol.org\/wp-content\/uploads\/2023\/05\/white-logo60.svg","contentUrl":"https:\/\/boat-demo.axiomprotocol.org\/wp-content\/uploads\/2023\/05\/white-logo60.svg","width":90,"height":60,"caption":"BoatsExpert"},"image":{"@id":"https:\/\/boat-demo.axiomprotocol.org\/ro\/#\/schema\/logo\/image\/"}}]}},"_links":{"self":[{"href":"https:\/\/boat-demo.axiomprotocol.org\/ro\/wp-json\/wp\/v2\/product\/42414","targetHints":{"allow":["GET"]}}],"collection":[{"href":"https:\/\/boat-demo.axiomprotocol.org\/ro\/wp-json\/wp\/v2\/product"}],"about":[{"href":"https:\/\/boat-demo.axiomprotocol.org\/ro\/wp-json\/wp\/v2\/types\/product"}],"replies":[{"embeddable":true,"href":"https:\/\/boat-demo.axiomprotocol.org\/ro\/wp-json\/wp\/v2\/comments?post=42414"}],"version-history":[{"count":4,"href":"https:\/\/boat-demo.axiomprotocol.org\/ro\/wp-json\/wp\/v2\/product\/42414\/revisions"}],"predecessor-version":[{"id":42430,"href":"https:\/\/boat-demo.axiomprotocol.org\/ro\/wp-json\/wp\/v2\/product\/42414\/revisions\/42430"}],"wp:featuredmedia":[{"embeddable":true,"href":"https:\/\/boat-demo.axiomprotocol.org\/ro\/wp-json\/wp\/v2\/media\/42416"}],"wp:attachment":[{"href":"https:\/\/boat-demo.axiomprotocol.org\/ro\/wp-json\/wp\/v2\/media?parent=42414"}],"wp:term":[{"taxonomy":"product_brand","embeddable":true,"href":"https:\/\/boat-demo.axiomprotocol.org\/ro\/wp-json\/wp\/v2\/product_brand?post=42414"},{"taxonomy":"product_cat","embeddable":true,"href":"https:\/\/boat-demo.axiomprotocol.org\/ro\/wp-json\/wp\/v2\/product_cat?post=42414"},{"taxonomy":"product_tag","embeddable":true,"href":"https:\/\/boat-demo.axiomprotocol.org\/ro\/wp-json\/wp\/v2\/product_tag?post=42414"}],"curies":[{"name":"wp","href":"https:\/\/api.w.org\/{rel}","templated":true}]}}