{"id":42388,"date":"2026-02-26T16:39:29","date_gmt":"2026-02-26T13:39:29","guid":{"rendered":"https:\/\/boat-demo.axiomprotocol.org\/?post_type=product&#038;p=42388"},"modified":"2026-02-26T16:45:02","modified_gmt":"2026-02-26T13:45:02","slug":"accesoriu-organizator-barca-ruler-50-dreapta-marinac","status":"publish","type":"product","link":"https:\/\/boat-demo.axiomprotocol.org\/ro\/produs\/accesoriu-organizator-barca-ruler-50-dreapta-marinac\/","title":{"rendered":"Accesoriu organizator barca \u00abRuler\u00bb 50 dreapta Marinac"},"content":{"rendered":"\t\t<div data-elementor-type=\"wp-post\" data-elementor-id=\"42388\" class=\"elementor elementor-42388 elementor-42387\">\n\t\t\t\t\t\t<section class=\"elementor-section elementor-top-section elementor-element elementor-element-06e345f elementor-section-boxed elementor-section-height-default elementor-section-height-default\" data-id=\"06e345f\" data-element_type=\"section\" data-e-type=\"section\">\n\t\t\t\t\t\t<div class=\"elementor-container elementor-column-gap-default\">\n\t\t\t\t\t<div class=\"elementor-column elementor-col-100 elementor-top-column elementor-element elementor-element-c1defe0\" data-id=\"c1defe0\" data-element_type=\"column\" data-e-type=\"column\">\n\t\t\t<div class=\"elementor-widget-wrap elementor-element-populated\">\n\t\t\t\t\t\t<div class=\"elementor-element elementor-element-deea8ad elementor-widget elementor-widget-text-editor\" data-id=\"deea8ad\" data-element_type=\"widget\" data-e-type=\"widget\" data-widget_type=\"text-editor.default\">\n\t\t\t\t<div class=\"elementor-widget-container\">\n\t\t\t\t\t\t\t\t\t<p>O lume a inova\u021biei \u0219i a confortului cu linia de organizatoare <strong>Marinac<\/strong>! <strong>Accesoriu organizator barca \u00abRuler\u00bb 50 dreapta Marinac<\/strong> nu este doar o rigl\u0103, ci un adev\u0103rat asistent pentru pescuit eficient \u0219i recreere pe ap\u0103. Acest produs simplu, dar foarte func\u021bional, are un set complet de avantaje:<\/p>\n<h4>Caracteristici principale<\/h4>\n<ul class=\"tt-list03\">\n<li><strong>Materiale de \u00eenalt\u0103 calitate:<\/strong> corp din aluminiu, inser\u021bii <strong>EPDM<\/strong> pentru fiabilitate \u0219i durabilitate, iar suportul de pahar din inox garanteaz\u0103 rezisten\u021b\u0103 la ap\u0103 \u0219i uzur\u0103.<\/li>\n<li><strong>Fixare universal\u0103:<\/strong> datorit\u0103 \u0219uruburilor speciale, organizatorul se fixeaz\u0103 u\u0219or pe profil T-slot sau pe bordul b\u0103rcii, \u00eendeplinind o varietate de func\u021bii utile.<\/li>\n<li><strong>Rigl\u0103 pentru m\u0103sur\u0103ri rapide:<\/strong> rigla integrat\u0103 permite m\u0103surarea rapid\u0103 \u0219i precis\u0103 a dimensiunii pe\u0219telui sau a lungimii forfacului.<\/li>\n<li><strong>Orificii integrate pentru unelte:<\/strong> orificiile speciale pentru unelte, cu inser\u021bii <strong>EPDM<\/strong>, ofer\u0103 depozitare sigur\u0103 \u0219i previn zdr\u0103ng\u0103nitul.<\/li>\n<li><strong>Suport pahar pentru confort:<\/strong> suportul de pahar integrat \u00ee\u021bi permite s\u0103 te bucuri de b\u0103utura preferat\u0103 direct pe barc\u0103 \u2014 fie c\u0103 este ap\u0103, cafea sau chiar bere. (versiunea dreapta)<\/li>\n<li><strong>Dimensiune \u0219i greutate optim\u0103:<\/strong> dimensiunea compact\u0103 \u0219i greutatea asigur\u0103 utilizare comod\u0103, f\u0103r\u0103 \u00eenc\u0103rcare inutil\u0103.<\/li>\n<li><strong>Design original:<\/strong> designul asimetric completeaz\u0103 stilul b\u0103rcii, f\u0103c\u00e2nd produsul nu doar practic, ci \u0219i atractiv estetic.<\/li>\n<\/ul>\n<p>Optimizeaz\u0103 timpul petrecut pe ap\u0103 \u0219i bucur\u0103-te de fiecare moment cu <strong>Marinac<\/strong>!<\/p>\n<h4>Specifica\u021bii<\/h4>\n<table style=\"width: 100%\">\n<tbody>\n<tr>\n<td><strong>Brand<\/strong><\/td>\n<td>Marinac<\/td>\n<\/tr>\n<tr>\n<td><strong>Model<\/strong><\/td>\n<td>Ruler 50 dreapta<\/td>\n<\/tr>\n<tr>\n<td><strong>Greutate<\/strong><\/td>\n<td>600 gr.<\/td>\n<\/tr>\n<\/tbody>\n<\/table>\t\t\t\t\t\t\t\t<\/div>\n\t\t\t\t<\/div>\n\t\t\t\t\t<\/div>\n\t\t<\/div>\n\t\t\t\t\t<\/div>\n\t\t<\/section>\n\t\t\t\t<\/div>\n\t\t","protected":false},"excerpt":{"rendered":"<p><strong><br \/>\nAccesoriu organizator barca \u00abRuler\u00bb 50 dreapta Marinac<\/strong> este un organizator din aluminiu cu rigl\u0103 integrat\u0103 \u0219i suport de pahar din inox pozi\u021bionat pe partea dreapt\u0103. Conceput pentru pescuit eficient \u0219i confort pe ap\u0103, ofer\u0103 depozitare sigur\u0103 a uneltelor cu inser\u021bii EPDM \u0219i fixare universal\u0103 pe profil T-slot sau pe bord.<\/p>\n<ul class=\"tt-list03\">\n<li><strong>Suport pahar dreapta:<\/strong> pozi\u021bionare ergonomic\u0103 pentru acces facil<\/li>\n<li><strong>Rigl\u0103 integrat\u0103:<\/strong> m\u0103surare rapid\u0103 \u0219i precis\u0103<\/li>\n<li><strong>Orificii pentru unelte:<\/strong> inser\u021biile EPDM previn zgomotul<\/li>\n<li><strong>Fixare universal\u0103:<\/strong> montaj pe T-slot sau pe bord<\/li>\n<li><strong>Greutate:<\/strong> 600 gr.<\/li>\n<\/ul>\n","protected":false},"featured_media":42392,"comment_status":"open","ping_status":"closed","template":"","meta":{"_acf_changed":false,"inline_featured_image":false},"product_brand":[],"product_cat":[334,441],"product_tag":[],"class_list":{"0":"post-42388","1":"product","2":"type-product","3":"status-publish","4":"has-post-thumbnail","6":"product_cat-accesorii-marine-ro","7":"product_cat-marinac-ro","8":"tt-post","10":"first","11":"instock","12":"shipping-taxable","13":"purchasable","14":"product-type-simple"},"acf":[],"yoast_head":"<!-- This site is optimized with the Yoast SEO plugin v27.4 - https:\/\/yoast.com\/product\/yoast-seo-wordpress\/ -->\n<title>Accesoriu organizator barca \u00abRuler\u00bb 50 dreapta Marinac - BoatsExpert<\/title>\n<meta name=\"description\" content=\"Accesoriu organizator barca Ruler 50 dreapta Marinac din aluminiu cu rigl\u0103 integrat\u0103, inser\u021bii EPDM \u0219i suport pahar inox. Livrare \u00een toat\u0103 Rom\u00e2nia.\" \/>\n<meta name=\"robots\" content=\"index, follow, max-snippet:-1, max-image-preview:large, max-video-preview:-1\" \/>\n<link rel=\"canonical\" href=\"https:\/\/boat-demo.axiomprotocol.org\/ro\/produs\/accesoriu-organizator-barca-ruler-50-dreapta-marinac\/\" \/>\n<meta property=\"og:locale\" content=\"ro_RO\" \/>\n<meta property=\"og:type\" content=\"article\" \/>\n<meta property=\"og:title\" content=\"Accesoriu organizator barca \u00abRuler\u00bb 50 dreapta Marinac - BoatsExpert\" \/>\n<meta property=\"og:description\" content=\"Accesoriu organizator barca Ruler 50 dreapta Marinac din aluminiu cu rigl\u0103 integrat\u0103, inser\u021bii EPDM \u0219i suport pahar inox. Livrare \u00een toat\u0103 Rom\u00e2nia.\" \/>\n<meta property=\"og:url\" content=\"https:\/\/boat-demo.axiomprotocol.org\/ro\/produs\/accesoriu-organizator-barca-ruler-50-dreapta-marinac\/\" \/>\n<meta property=\"og:site_name\" content=\"BoatsExpert\" \/>\n<meta property=\"article:modified_time\" content=\"2026-02-26T13:45:02+00:00\" \/>\n<meta property=\"og:image\" content=\"https:\/\/boat-demo.axiomprotocol.org\/wp-content\/uploads\/2026\/02\/1-3.jpg\" \/>\n\t<meta property=\"og:image:width\" content=\"555\" \/>\n\t<meta property=\"og:image:height\" content=\"478\" \/>\n\t<meta property=\"og:image:type\" content=\"image\/jpeg\" \/>\n<meta name=\"twitter:card\" content=\"summary_large_image\" \/>\n<meta name=\"twitter:label1\" content=\"Timp estimat pentru citire\" \/>\n\t<meta name=\"twitter:data1\" content=\"1 minut\" \/>\n<script type=\"application\/ld+json\" class=\"yoast-schema-graph\">{\"@context\":\"https:\\\/\\\/schema.org\",\"@graph\":[{\"@type\":\"WebPage\",\"@id\":\"https:\\\/\\\/boat-demo.axiomprotocol.org\\\/ro\\\/produs\\\/accesoriu-organizator-barca-ruler-50-dreapta-marinac\\\/\",\"url\":\"https:\\\/\\\/boat-demo.axiomprotocol.org\\\/ro\\\/produs\\\/accesoriu-organizator-barca-ruler-50-dreapta-marinac\\\/\",\"name\":\"Accesoriu organizator barca \u00abRuler\u00bb 50 dreapta Marinac - BoatsExpert\",\"isPartOf\":{\"@id\":\"https:\\\/\\\/boat-demo.axiomprotocol.org\\\/ro\\\/#website\"},\"primaryImageOfPage\":{\"@id\":\"https:\\\/\\\/boat-demo.axiomprotocol.org\\\/ro\\\/produs\\\/accesoriu-organizator-barca-ruler-50-dreapta-marinac\\\/#primaryimage\"},\"image\":{\"@id\":\"https:\\\/\\\/boat-demo.axiomprotocol.org\\\/ro\\\/produs\\\/accesoriu-organizator-barca-ruler-50-dreapta-marinac\\\/#primaryimage\"},\"thumbnailUrl\":\"https:\\\/\\\/boat-demo.axiomprotocol.org\\\/wp-content\\\/uploads\\\/2026\\\/02\\\/2-3.jpg\",\"datePublished\":\"2026-02-26T13:39:29+00:00\",\"dateModified\":\"2026-02-26T13:45:02+00:00\",\"description\":\"Accesoriu organizator barca Ruler 50 dreapta Marinac din aluminiu cu rigl\u0103 integrat\u0103, inser\u021bii EPDM \u0219i suport pahar inox. Livrare \u00een toat\u0103 Rom\u00e2nia.\",\"breadcrumb\":{\"@id\":\"https:\\\/\\\/boat-demo.axiomprotocol.org\\\/ro\\\/produs\\\/accesoriu-organizator-barca-ruler-50-dreapta-marinac\\\/#breadcrumb\"},\"inLanguage\":\"ro-RO\",\"potentialAction\":[{\"@type\":\"ReadAction\",\"target\":[\"https:\\\/\\\/boat-demo.axiomprotocol.org\\\/ro\\\/produs\\\/accesoriu-organizator-barca-ruler-50-dreapta-marinac\\\/\"]}]},{\"@type\":\"ImageObject\",\"inLanguage\":\"ro-RO\",\"@id\":\"https:\\\/\\\/boat-demo.axiomprotocol.org\\\/ro\\\/produs\\\/accesoriu-organizator-barca-ruler-50-dreapta-marinac\\\/#primaryimage\",\"url\":\"https:\\\/\\\/boat-demo.axiomprotocol.org\\\/wp-content\\\/uploads\\\/2026\\\/02\\\/2-3.jpg\",\"contentUrl\":\"https:\\\/\\\/boat-demo.axiomprotocol.org\\\/wp-content\\\/uploads\\\/2026\\\/02\\\/2-3.jpg\",\"width\":555,\"height\":478,\"caption\":\"Accesoriu organizator barca Ruler 50 dreapta Marinac\"},{\"@type\":\"BreadcrumbList\",\"@id\":\"https:\\\/\\\/boat-demo.axiomprotocol.org\\\/ro\\\/produs\\\/accesoriu-organizator-barca-ruler-50-dreapta-marinac\\\/#breadcrumb\",\"itemListElement\":[{\"@type\":\"ListItem\",\"position\":1,\"name\":\"Home\",\"item\":\"https:\\\/\\\/boat-demo.axiomprotocol.org\\\/\"},{\"@type\":\"ListItem\",\"position\":2,\"name\":\"Shop Online &#8211; cel mai bun magazin pentru echipamente pentru b\u0103rci\",\"item\":\"https:\\\/\\\/boat-demo.axiomprotocol.org\\\/ro\\\/shop-ro\\\/\"},{\"@type\":\"ListItem\",\"position\":3,\"name\":\"Accesoriu organizator barca \u00abRuler\u00bb 50 dreapta Marinac\"}]},{\"@type\":\"WebSite\",\"@id\":\"https:\\\/\\\/boat-demo.axiomprotocol.org\\\/ro\\\/#website\",\"url\":\"https:\\\/\\\/boat-demo.axiomprotocol.org\\\/ro\\\/\",\"name\":\"BoatsExpert\",\"description\":\"Boats, Service, Equipment\",\"publisher\":{\"@id\":\"https:\\\/\\\/boat-demo.axiomprotocol.org\\\/ro\\\/#organization\"},\"potentialAction\":[{\"@type\":\"SearchAction\",\"target\":{\"@type\":\"EntryPoint\",\"urlTemplate\":\"https:\\\/\\\/boat-demo.axiomprotocol.org\\\/ro\\\/?s={search_term_string}\"},\"query-input\":{\"@type\":\"PropertyValueSpecification\",\"valueRequired\":true,\"valueName\":\"search_term_string\"}}],\"inLanguage\":\"ro-RO\"},{\"@type\":\"Organization\",\"@id\":\"https:\\\/\\\/boat-demo.axiomprotocol.org\\\/ro\\\/#organization\",\"name\":\"BoatsExpert\",\"url\":\"https:\\\/\\\/boat-demo.axiomprotocol.org\\\/ro\\\/\",\"logo\":{\"@type\":\"ImageObject\",\"inLanguage\":\"ro-RO\",\"@id\":\"https:\\\/\\\/boat-demo.axiomprotocol.org\\\/ro\\\/#\\\/schema\\\/logo\\\/image\\\/\",\"url\":\"https:\\\/\\\/boat-demo.axiomprotocol.org\\\/wp-content\\\/uploads\\\/2023\\\/05\\\/white-logo60.svg\",\"contentUrl\":\"https:\\\/\\\/boat-demo.axiomprotocol.org\\\/wp-content\\\/uploads\\\/2023\\\/05\\\/white-logo60.svg\",\"width\":90,\"height\":60,\"caption\":\"BoatsExpert\"},\"image\":{\"@id\":\"https:\\\/\\\/boat-demo.axiomprotocol.org\\\/ro\\\/#\\\/schema\\\/logo\\\/image\\\/\"}}]}<\/script>\n<!-- \/ Yoast SEO plugin. -->","yoast_head_json":{"title":"Accesoriu organizator barca \u00abRuler\u00bb 50 dreapta Marinac - BoatsExpert","description":"Accesoriu organizator barca Ruler 50 dreapta Marinac din aluminiu cu rigl\u0103 integrat\u0103, inser\u021bii EPDM \u0219i suport pahar inox. Livrare \u00een toat\u0103 Rom\u00e2nia.","robots":{"index":"index","follow":"follow","max-snippet":"max-snippet:-1","max-image-preview":"max-image-preview:large","max-video-preview":"max-video-preview:-1"},"canonical":"https:\/\/boat-demo.axiomprotocol.org\/ro\/produs\/accesoriu-organizator-barca-ruler-50-dreapta-marinac\/","og_locale":"ro_RO","og_type":"article","og_title":"Accesoriu organizator barca \u00abRuler\u00bb 50 dreapta Marinac - BoatsExpert","og_description":"Accesoriu organizator barca Ruler 50 dreapta Marinac din aluminiu cu rigl\u0103 integrat\u0103, inser\u021bii EPDM \u0219i suport pahar inox. Livrare \u00een toat\u0103 Rom\u00e2nia.","og_url":"https:\/\/boat-demo.axiomprotocol.org\/ro\/produs\/accesoriu-organizator-barca-ruler-50-dreapta-marinac\/","og_site_name":"BoatsExpert","article_modified_time":"2026-02-26T13:45:02+00:00","og_image":[{"width":555,"height":478,"url":"https:\/\/boat-demo.axiomprotocol.org\/wp-content\/uploads\/2026\/02\/1-3.jpg","type":"image\/jpeg"}],"twitter_card":"summary_large_image","twitter_misc":{"Timp estimat pentru citire":"1 minut"},"schema":{"@context":"https:\/\/schema.org","@graph":[{"@type":"WebPage","@id":"https:\/\/boat-demo.axiomprotocol.org\/ro\/produs\/accesoriu-organizator-barca-ruler-50-dreapta-marinac\/","url":"https:\/\/boat-demo.axiomprotocol.org\/ro\/produs\/accesoriu-organizator-barca-ruler-50-dreapta-marinac\/","name":"Accesoriu organizator barca \u00abRuler\u00bb 50 dreapta Marinac - BoatsExpert","isPartOf":{"@id":"https:\/\/boat-demo.axiomprotocol.org\/ro\/#website"},"primaryImageOfPage":{"@id":"https:\/\/boat-demo.axiomprotocol.org\/ro\/produs\/accesoriu-organizator-barca-ruler-50-dreapta-marinac\/#primaryimage"},"image":{"@id":"https:\/\/boat-demo.axiomprotocol.org\/ro\/produs\/accesoriu-organizator-barca-ruler-50-dreapta-marinac\/#primaryimage"},"thumbnailUrl":"https:\/\/boat-demo.axiomprotocol.org\/wp-content\/uploads\/2026\/02\/2-3.jpg","datePublished":"2026-02-26T13:39:29+00:00","dateModified":"2026-02-26T13:45:02+00:00","description":"Accesoriu organizator barca Ruler 50 dreapta Marinac din aluminiu cu rigl\u0103 integrat\u0103, inser\u021bii EPDM \u0219i suport pahar inox. Livrare \u00een toat\u0103 Rom\u00e2nia.","breadcrumb":{"@id":"https:\/\/boat-demo.axiomprotocol.org\/ro\/produs\/accesoriu-organizator-barca-ruler-50-dreapta-marinac\/#breadcrumb"},"inLanguage":"ro-RO","potentialAction":[{"@type":"ReadAction","target":["https:\/\/boat-demo.axiomprotocol.org\/ro\/produs\/accesoriu-organizator-barca-ruler-50-dreapta-marinac\/"]}]},{"@type":"ImageObject","inLanguage":"ro-RO","@id":"https:\/\/boat-demo.axiomprotocol.org\/ro\/produs\/accesoriu-organizator-barca-ruler-50-dreapta-marinac\/#primaryimage","url":"https:\/\/boat-demo.axiomprotocol.org\/wp-content\/uploads\/2026\/02\/2-3.jpg","contentUrl":"https:\/\/boat-demo.axiomprotocol.org\/wp-content\/uploads\/2026\/02\/2-3.jpg","width":555,"height":478,"caption":"Accesoriu organizator barca Ruler 50 dreapta Marinac"},{"@type":"BreadcrumbList","@id":"https:\/\/boat-demo.axiomprotocol.org\/ro\/produs\/accesoriu-organizator-barca-ruler-50-dreapta-marinac\/#breadcrumb","itemListElement":[{"@type":"ListItem","position":1,"name":"Home","item":"https:\/\/boat-demo.axiomprotocol.org\/"},{"@type":"ListItem","position":2,"name":"Shop Online &#8211; cel mai bun magazin pentru echipamente pentru b\u0103rci","item":"https:\/\/boat-demo.axiomprotocol.org\/ro\/shop-ro\/"},{"@type":"ListItem","position":3,"name":"Accesoriu organizator barca \u00abRuler\u00bb 50 dreapta Marinac"}]},{"@type":"WebSite","@id":"https:\/\/boat-demo.axiomprotocol.org\/ro\/#website","url":"https:\/\/boat-demo.axiomprotocol.org\/ro\/","name":"BoatsExpert","description":"Boats, Service, Equipment","publisher":{"@id":"https:\/\/boat-demo.axiomprotocol.org\/ro\/#organization"},"potentialAction":[{"@type":"SearchAction","target":{"@type":"EntryPoint","urlTemplate":"https:\/\/boat-demo.axiomprotocol.org\/ro\/?s={search_term_string}"},"query-input":{"@type":"PropertyValueSpecification","valueRequired":true,"valueName":"search_term_string"}}],"inLanguage":"ro-RO"},{"@type":"Organization","@id":"https:\/\/boat-demo.axiomprotocol.org\/ro\/#organization","name":"BoatsExpert","url":"https:\/\/boat-demo.axiomprotocol.org\/ro\/","logo":{"@type":"ImageObject","inLanguage":"ro-RO","@id":"https:\/\/boat-demo.axiomprotocol.org\/ro\/#\/schema\/logo\/image\/","url":"https:\/\/boat-demo.axiomprotocol.org\/wp-content\/uploads\/2023\/05\/white-logo60.svg","contentUrl":"https:\/\/boat-demo.axiomprotocol.org\/wp-content\/uploads\/2023\/05\/white-logo60.svg","width":90,"height":60,"caption":"BoatsExpert"},"image":{"@id":"https:\/\/boat-demo.axiomprotocol.org\/ro\/#\/schema\/logo\/image\/"}}]}},"_links":{"self":[{"href":"https:\/\/boat-demo.axiomprotocol.org\/ro\/wp-json\/wp\/v2\/product\/42388","targetHints":{"allow":["GET"]}}],"collection":[{"href":"https:\/\/boat-demo.axiomprotocol.org\/ro\/wp-json\/wp\/v2\/product"}],"about":[{"href":"https:\/\/boat-demo.axiomprotocol.org\/ro\/wp-json\/wp\/v2\/types\/product"}],"replies":[{"embeddable":true,"href":"https:\/\/boat-demo.axiomprotocol.org\/ro\/wp-json\/wp\/v2\/comments?post=42388"}],"version-history":[{"count":4,"href":"https:\/\/boat-demo.axiomprotocol.org\/ro\/wp-json\/wp\/v2\/product\/42388\/revisions"}],"predecessor-version":[{"id":42402,"href":"https:\/\/boat-demo.axiomprotocol.org\/ro\/wp-json\/wp\/v2\/product\/42388\/revisions\/42402"}],"wp:featuredmedia":[{"embeddable":true,"href":"https:\/\/boat-demo.axiomprotocol.org\/ro\/wp-json\/wp\/v2\/media\/42392"}],"wp:attachment":[{"href":"https:\/\/boat-demo.axiomprotocol.org\/ro\/wp-json\/wp\/v2\/media?parent=42388"}],"wp:term":[{"taxonomy":"product_brand","embeddable":true,"href":"https:\/\/boat-demo.axiomprotocol.org\/ro\/wp-json\/wp\/v2\/product_brand?post=42388"},{"taxonomy":"product_cat","embeddable":true,"href":"https:\/\/boat-demo.axiomprotocol.org\/ro\/wp-json\/wp\/v2\/product_cat?post=42388"},{"taxonomy":"product_tag","embeddable":true,"href":"https:\/\/boat-demo.axiomprotocol.org\/ro\/wp-json\/wp\/v2\/product_tag?post=42388"}],"curies":[{"name":"wp","href":"https:\/\/api.w.org\/{rel}","templated":true}]}}