{"id":41035,"date":"2025-11-13T13:59:18","date_gmt":"2025-11-13T10:59:22","guid":{"rendered":"https:\/\/boat-demo.axiomprotocol.org\/?post_type=product&#038;p=41035"},"modified":"2025-11-13T14:10:22","modified_gmt":"2025-11-13T11:10:22","slug":"garmin-hub-gos-10-pentru-sistemul-garmin-onboard","status":"publish","type":"product","link":"https:\/\/boat-demo.axiomprotocol.org\/ro\/produs\/garmin-hub-gos-10-pentru-sistemul-garmin-onboard\/","title":{"rendered":"GARMIN Hub GOS\u2122 10 pentru sistemul Garmin OnBoard\u2122"},"content":{"rendered":"\t\t<div data-elementor-type=\"wp-post\" data-elementor-id=\"41035\" class=\"elementor elementor-41035 elementor-41034\">\n\t\t\t\t\t\t<section class=\"elementor-section elementor-top-section elementor-element elementor-element-157f7991 elementor-section-boxed elementor-section-height-default elementor-section-height-default\" data-id=\"157f7991\" data-element_type=\"section\" data-e-type=\"section\">\n\t\t\t\t\t\t<div class=\"elementor-container elementor-column-gap-default\">\n\t\t\t\t\t<div class=\"elementor-column elementor-col-100 elementor-top-column elementor-element elementor-element-57e9ba5f\" data-id=\"57e9ba5f\" data-element_type=\"column\" data-e-type=\"column\">\n\t\t\t<div class=\"elementor-widget-wrap elementor-element-populated\">\n\t\t\t\t\t\t<div class=\"elementor-element elementor-element-2f61c698 elementor-widget elementor-widget-text-editor\" data-id=\"2f61c698\" data-element_type=\"widget\" data-e-type=\"widget\" data-widget_type=\"text-editor.default\">\n\t\t\t\t<div class=\"elementor-widget-container\">\n\t\t\t\t\t\t\t\t\t<h6 class=\"tt-title-single-sub\">\u00cen Cutie<\/h6><ul class=\"tt-list01\"><li>Hub GOS 10 pentru sistemul Garmin OnBoard<\/li><li>Cablaj cu 12 pini, cu siguran\u021b\u0103 pentru alimentarea \u0219i oprirea motorului, cu alarm\u0103 extern\u0103<\/li><li>Anten\u0103 extern\u0103 pentru conexiune wireless cu tagurile OLA<\/li><li>Conector \u00een T NMEA 2000\u00ae<\/li><li>Cablu de deriva\u0163ie NMEA 2000<\/li><li>Elemente de montare<\/li><li>Documenta\u0163ie<\/li><\/ul>\t\t\t\t\t\t\t\t<\/div>\n\t\t\t\t<\/div>\n\t\t\t\t\t<\/div>\n\t\t<\/div>\n\t\t\t\t\t<\/div>\n\t\t<\/section>\n\t\t\t\t<section class=\"elementor-section elementor-top-section elementor-element elementor-element-183a1fc elementor-section-boxed elementor-section-height-default elementor-section-height-default\" data-id=\"183a1fc\" data-element_type=\"section\" data-e-type=\"section\">\n\t\t\t\t\t\t<div class=\"elementor-container elementor-column-gap-default\">\n\t\t\t\t\t<div class=\"elementor-column elementor-col-100 elementor-top-column elementor-element elementor-element-edc1f4c\" data-id=\"edc1f4c\" data-element_type=\"column\" data-e-type=\"column\">\n\t\t\t<div class=\"elementor-widget-wrap elementor-element-populated\">\n\t\t\t\t\t\t<div class=\"elementor-element elementor-element-25d9f81 elementor-widget elementor-widget-spacer\" data-id=\"25d9f81\" data-element_type=\"widget\" data-e-type=\"widget\" data-widget_type=\"spacer.default\">\n\t\t\t\t<div class=\"elementor-widget-container\">\n\t\t\t\t\t\t\t<div class=\"elementor-spacer\">\n\t\t\t<div class=\"elementor-spacer-inner\"><\/div>\n\t\t<\/div>\n\t\t\t\t\t\t<\/div>\n\t\t\t\t<\/div>\n\t\t\t\t<div class=\"elementor-element elementor-element-cba8365 elementor-widget elementor-widget-CarleaderHeading\" data-id=\"cba8365\" data-element_type=\"widget\" data-e-type=\"widget\" data-widget_type=\"CarleaderHeading.default\">\n\t\t\t\t<div class=\"elementor-widget-container\">\n\t\t\t\t\t\t  \r\n\t\t\t\t   <div class=\"tt-block-title  \t\">\r\n\t\t\t\t\t<h3 class=\"tt-title\">\r\n\t\t\tSpecificatii\t<\/h3>\r\n\t\t\t\t\t\t\t<\/div>\r\n\t\t\t\t\t\t<\/div>\n\t\t\t\t<\/div>\n\t\t\t\t\t<\/div>\n\t\t<\/div>\n\t\t\t\t\t<\/div>\n\t\t<\/section>\n\t\t\t\t<section class=\"elementor-section elementor-top-section elementor-element elementor-element-0af16e0 elementor-section-boxed elementor-section-height-default elementor-section-height-default\" data-id=\"0af16e0\" data-element_type=\"section\" data-e-type=\"section\">\n\t\t\t\t\t\t<div class=\"elementor-container elementor-column-gap-default\">\n\t\t\t\t\t<div class=\"elementor-column elementor-col-100 elementor-top-column elementor-element elementor-element-2efdf99\" data-id=\"2efdf99\" data-element_type=\"column\" data-e-type=\"column\">\n\t\t\t<div class=\"elementor-widget-wrap elementor-element-populated\">\n\t\t\t\t\t\t<div class=\"elementor-element elementor-element-a5bb217 elementor-widget elementor-widget-text-editor\" data-id=\"a5bb217\" data-element_type=\"widget\" data-e-type=\"widget\" data-widget_type=\"text-editor.default\">\n\t\t\t\t<div class=\"elementor-widget-container\">\n\t\t\t\t\t\t\t\t\t<table><tbody><tr><td colspan=\"2\"><h6>Sumar<\/h6><\/td><\/tr><tr><th>Dimensiuni (\u00cexLxA)<\/th><td>91,55 mm x 155,12 mm x 48,47 mm<\/td><\/tr><tr><th>Greutate<\/th><td>171,7 g<\/td><\/tr><tr><th>Interval wireless<\/th><td>P\u00e2n\u0103 la 20 m (66 ft)<\/td><\/tr><tr><th>Interval tensiune de alimentare<\/th><td>10-32 V<\/td><\/tr><tr><th>Interval de temperatur\u0103 de func\u0163ionare<\/th><td>\u00centre -15 C \u0219i 70 C<\/td><\/tr><tr><th>Consum tipic de energie<\/th><td>50mA @ 12 V sau 0,6 W<\/td><\/tr><tr><th>NMEA 2000 LEN\u00ae<\/th><td>1<\/td><\/tr><tr><th>Compatibilitate motor<\/th><td>Motoare la bord, exterioare \u0219i la pupa de la to\u021bi produc\u0103torii principali<\/td><\/tr><tr><th>Interfa\u021b\u0103 motor<\/th><td>Conexiune cablat\u0103, \u00een linie, la cablajul de contact<\/td><\/tr><tr><th>Num\u0103r de motoare acceptate<\/th><td>P\u00e2n\u0103 la 4 motoare cu sisteme de \u00eenchidere p\u00e2n\u0103 la oprire sau 2 motoare cu sisteme deschidere p\u00e2n\u0103 la punctul de oprire<\/td><\/tr><tr><th>Rezisten\u0163\u0103 la ap\u0103<\/th><td>IPX6 \u015fi IPX7<\/td><\/tr><tr><th>Distan\u0163a de siguran\u0163\u0103 fa\u0163\u0103 de busol\u0103<\/th><td>5 cm<\/td><\/tr><\/tbody><\/table>\t\t\t\t\t\t\t\t<\/div>\n\t\t\t\t<\/div>\n\t\t\t\t\t<\/div>\n\t\t<\/div>\n\t\t\t\t\t<\/div>\n\t\t<\/section>\n\t\t\t\t<\/div>\n\t\t","protected":false},"excerpt":{"rendered":"<p id=\"js__product__info__variation\" class=\"app__product__info__subtitle\" data-v-f27ad4db=\"\">\n<p>Protejeaz\u0103-\u021bi pasagerii \u0219i persoanele dragi cu hubul GOS 10 pentru sistemul Garmin OnBoard. Unul dintre componentele principale ale sistemului Garmin OnBoard, hubul GOS 10 comunic\u0103 wireless cu tagurile OLA \u0219i se conecteaz\u0103 la cablajul motorului ambarca\u021biunii tale pentru a oferi func\u021bia de sistem de \u00eentrerupere a motorului (ECOS).<\/p>\n<p>&nbsp;<\/p>\n","protected":false},"featured_media":41037,"comment_status":"open","ping_status":"closed","template":"","meta":{"_acf_changed":false,"inline_featured_image":false},"product_brand":[],"product_cat":[91,113],"product_tag":[117],"class_list":{"0":"post-41035","1":"product","2":"type-product","3":"status-publish","4":"has-post-thumbnail","6":"product_cat-garmin-sonare-ro","7":"product_cat-sonare-ro","8":"product_tag-garmin-ro","9":"tt-post","11":"first","12":"instock","13":"shipping-taxable","14":"purchasable","15":"product-type-simple"},"acf":[],"yoast_head":"<!-- This site is optimized with the Yoast SEO plugin v27.4 - https:\/\/yoast.com\/product\/yoast-seo-wordpress\/ -->\n<title>GARMIN Hub GOS\u2122 10 pentru sistemul Garmin OnBoard\u2122 - BoatsExpert<\/title>\n<meta name=\"robots\" content=\"index, follow, max-snippet:-1, max-image-preview:large, max-video-preview:-1\" \/>\n<link rel=\"canonical\" href=\"https:\/\/boat-demo.axiomprotocol.org\/ro\/produs\/garmin-hub-gos-10-pentru-sistemul-garmin-onboard\/\" \/>\n<meta property=\"og:locale\" content=\"ro_RO\" \/>\n<meta property=\"og:type\" content=\"article\" \/>\n<meta property=\"og:title\" content=\"GARMIN Hub GOS\u2122 10 pentru sistemul Garmin OnBoard\u2122 - BoatsExpert\" \/>\n<meta property=\"og:description\" content=\"Protejeaz\u0103-\u021bi pasagerii \u0219i persoanele dragi cu hubul GOS 10 pentru sistemul Garmin OnBoard. Unul dintre componentele principale ale sistemului Garmin OnBoard, hubul GOS 10 comunic\u0103 wireless cu tagurile OLA \u0219i se conecteaz\u0103 la cablajul motorului ambarca\u021biunii tale pentru a oferi func\u021bia de sistem de \u00eentrerupere a motorului (ECOS).  &nbsp;\" \/>\n<meta property=\"og:url\" content=\"https:\/\/boat-demo.axiomprotocol.org\/ro\/produs\/garmin-hub-gos-10-pentru-sistemul-garmin-onboard\/\" \/>\n<meta property=\"og:site_name\" content=\"BoatsExpert\" \/>\n<meta property=\"article:modified_time\" content=\"2025-11-13T11:10:22+00:00\" \/>\n<meta property=\"og:image\" content=\"https:\/\/boat-demo.axiomprotocol.org\/wp-content\/uploads\/2025\/11\/010-02908-10.jpg\" \/>\n\t<meta property=\"og:image:width\" content=\"555\" \/>\n\t<meta property=\"og:image:height\" content=\"478\" \/>\n\t<meta property=\"og:image:type\" content=\"image\/jpeg\" \/>\n<meta name=\"twitter:card\" content=\"summary_large_image\" \/>\n<meta name=\"twitter:label1\" content=\"Timp estimat pentru citire\" \/>\n\t<meta name=\"twitter:data1\" content=\"1 minut\" \/>\n<script type=\"application\/ld+json\" class=\"yoast-schema-graph\">{\"@context\":\"https:\\\/\\\/schema.org\",\"@graph\":[{\"@type\":\"WebPage\",\"@id\":\"https:\\\/\\\/boat-demo.axiomprotocol.org\\\/ro\\\/produs\\\/garmin-hub-gos-10-pentru-sistemul-garmin-onboard\\\/\",\"url\":\"https:\\\/\\\/boat-demo.axiomprotocol.org\\\/ro\\\/produs\\\/garmin-hub-gos-10-pentru-sistemul-garmin-onboard\\\/\",\"name\":\"GARMIN Hub GOS\u2122 10 pentru sistemul Garmin OnBoard\u2122 - BoatsExpert\",\"isPartOf\":{\"@id\":\"https:\\\/\\\/boat-demo.axiomprotocol.org\\\/ro\\\/#website\"},\"primaryImageOfPage\":{\"@id\":\"https:\\\/\\\/boat-demo.axiomprotocol.org\\\/ro\\\/produs\\\/garmin-hub-gos-10-pentru-sistemul-garmin-onboard\\\/#primaryimage\"},\"image\":{\"@id\":\"https:\\\/\\\/boat-demo.axiomprotocol.org\\\/ro\\\/produs\\\/garmin-hub-gos-10-pentru-sistemul-garmin-onboard\\\/#primaryimage\"},\"thumbnailUrl\":\"https:\\\/\\\/boat-demo.axiomprotocol.org\\\/wp-content\\\/uploads\\\/2025\\\/11\\\/010-02908-10.jpg\",\"datePublished\":\"2025-11-13T10:59:22+00:00\",\"dateModified\":\"2025-11-13T11:10:22+00:00\",\"breadcrumb\":{\"@id\":\"https:\\\/\\\/boat-demo.axiomprotocol.org\\\/ro\\\/produs\\\/garmin-hub-gos-10-pentru-sistemul-garmin-onboard\\\/#breadcrumb\"},\"inLanguage\":\"ro-RO\",\"potentialAction\":[{\"@type\":\"ReadAction\",\"target\":[\"https:\\\/\\\/boat-demo.axiomprotocol.org\\\/ro\\\/produs\\\/garmin-hub-gos-10-pentru-sistemul-garmin-onboard\\\/\"]}]},{\"@type\":\"ImageObject\",\"inLanguage\":\"ro-RO\",\"@id\":\"https:\\\/\\\/boat-demo.axiomprotocol.org\\\/ro\\\/produs\\\/garmin-hub-gos-10-pentru-sistemul-garmin-onboard\\\/#primaryimage\",\"url\":\"https:\\\/\\\/boat-demo.axiomprotocol.org\\\/wp-content\\\/uploads\\\/2025\\\/11\\\/010-02908-10.jpg\",\"contentUrl\":\"https:\\\/\\\/boat-demo.axiomprotocol.org\\\/wp-content\\\/uploads\\\/2025\\\/11\\\/010-02908-10.jpg\",\"width\":555,\"height\":478},{\"@type\":\"BreadcrumbList\",\"@id\":\"https:\\\/\\\/boat-demo.axiomprotocol.org\\\/ro\\\/produs\\\/garmin-hub-gos-10-pentru-sistemul-garmin-onboard\\\/#breadcrumb\",\"itemListElement\":[{\"@type\":\"ListItem\",\"position\":1,\"name\":\"Home\",\"item\":\"https:\\\/\\\/boat-demo.axiomprotocol.org\\\/\"},{\"@type\":\"ListItem\",\"position\":2,\"name\":\"Shop Online &#8211; cel mai bun magazin pentru echipamente pentru b\u0103rci\",\"item\":\"https:\\\/\\\/boat-demo.axiomprotocol.org\\\/ro\\\/shop-ro\\\/\"},{\"@type\":\"ListItem\",\"position\":3,\"name\":\"GARMIN Hub GOS\u2122 10 pentru sistemul Garmin OnBoard\u2122\"}]},{\"@type\":\"WebSite\",\"@id\":\"https:\\\/\\\/boat-demo.axiomprotocol.org\\\/ro\\\/#website\",\"url\":\"https:\\\/\\\/boat-demo.axiomprotocol.org\\\/ro\\\/\",\"name\":\"BoatsExpert\",\"description\":\"Boats, Service, Equipment\",\"publisher\":{\"@id\":\"https:\\\/\\\/boat-demo.axiomprotocol.org\\\/ro\\\/#organization\"},\"potentialAction\":[{\"@type\":\"SearchAction\",\"target\":{\"@type\":\"EntryPoint\",\"urlTemplate\":\"https:\\\/\\\/boat-demo.axiomprotocol.org\\\/ro\\\/?s={search_term_string}\"},\"query-input\":{\"@type\":\"PropertyValueSpecification\",\"valueRequired\":true,\"valueName\":\"search_term_string\"}}],\"inLanguage\":\"ro-RO\"},{\"@type\":\"Organization\",\"@id\":\"https:\\\/\\\/boat-demo.axiomprotocol.org\\\/ro\\\/#organization\",\"name\":\"BoatsExpert\",\"url\":\"https:\\\/\\\/boat-demo.axiomprotocol.org\\\/ro\\\/\",\"logo\":{\"@type\":\"ImageObject\",\"inLanguage\":\"ro-RO\",\"@id\":\"https:\\\/\\\/boat-demo.axiomprotocol.org\\\/ro\\\/#\\\/schema\\\/logo\\\/image\\\/\",\"url\":\"https:\\\/\\\/boat-demo.axiomprotocol.org\\\/wp-content\\\/uploads\\\/2023\\\/05\\\/white-logo60.svg\",\"contentUrl\":\"https:\\\/\\\/boat-demo.axiomprotocol.org\\\/wp-content\\\/uploads\\\/2023\\\/05\\\/white-logo60.svg\",\"width\":90,\"height\":60,\"caption\":\"BoatsExpert\"},\"image\":{\"@id\":\"https:\\\/\\\/boat-demo.axiomprotocol.org\\\/ro\\\/#\\\/schema\\\/logo\\\/image\\\/\"}}]}<\/script>\n<!-- \/ Yoast SEO plugin. -->","yoast_head_json":{"title":"GARMIN Hub GOS\u2122 10 pentru sistemul Garmin OnBoard\u2122 - BoatsExpert","robots":{"index":"index","follow":"follow","max-snippet":"max-snippet:-1","max-image-preview":"max-image-preview:large","max-video-preview":"max-video-preview:-1"},"canonical":"https:\/\/boat-demo.axiomprotocol.org\/ro\/produs\/garmin-hub-gos-10-pentru-sistemul-garmin-onboard\/","og_locale":"ro_RO","og_type":"article","og_title":"GARMIN Hub GOS\u2122 10 pentru sistemul Garmin OnBoard\u2122 - BoatsExpert","og_description":"Protejeaz\u0103-\u021bi pasagerii \u0219i persoanele dragi cu hubul GOS 10 pentru sistemul Garmin OnBoard. Unul dintre componentele principale ale sistemului Garmin OnBoard, hubul GOS 10 comunic\u0103 wireless cu tagurile OLA \u0219i se conecteaz\u0103 la cablajul motorului ambarca\u021biunii tale pentru a oferi func\u021bia de sistem de \u00eentrerupere a motorului (ECOS).  &nbsp;","og_url":"https:\/\/boat-demo.axiomprotocol.org\/ro\/produs\/garmin-hub-gos-10-pentru-sistemul-garmin-onboard\/","og_site_name":"BoatsExpert","article_modified_time":"2025-11-13T11:10:22+00:00","og_image":[{"width":555,"height":478,"url":"https:\/\/boat-demo.axiomprotocol.org\/wp-content\/uploads\/2025\/11\/010-02908-10.jpg","type":"image\/jpeg"}],"twitter_card":"summary_large_image","twitter_misc":{"Timp estimat pentru citire":"1 minut"},"schema":{"@context":"https:\/\/schema.org","@graph":[{"@type":"WebPage","@id":"https:\/\/boat-demo.axiomprotocol.org\/ro\/produs\/garmin-hub-gos-10-pentru-sistemul-garmin-onboard\/","url":"https:\/\/boat-demo.axiomprotocol.org\/ro\/produs\/garmin-hub-gos-10-pentru-sistemul-garmin-onboard\/","name":"GARMIN Hub GOS\u2122 10 pentru sistemul Garmin OnBoard\u2122 - BoatsExpert","isPartOf":{"@id":"https:\/\/boat-demo.axiomprotocol.org\/ro\/#website"},"primaryImageOfPage":{"@id":"https:\/\/boat-demo.axiomprotocol.org\/ro\/produs\/garmin-hub-gos-10-pentru-sistemul-garmin-onboard\/#primaryimage"},"image":{"@id":"https:\/\/boat-demo.axiomprotocol.org\/ro\/produs\/garmin-hub-gos-10-pentru-sistemul-garmin-onboard\/#primaryimage"},"thumbnailUrl":"https:\/\/boat-demo.axiomprotocol.org\/wp-content\/uploads\/2025\/11\/010-02908-10.jpg","datePublished":"2025-11-13T10:59:22+00:00","dateModified":"2025-11-13T11:10:22+00:00","breadcrumb":{"@id":"https:\/\/boat-demo.axiomprotocol.org\/ro\/produs\/garmin-hub-gos-10-pentru-sistemul-garmin-onboard\/#breadcrumb"},"inLanguage":"ro-RO","potentialAction":[{"@type":"ReadAction","target":["https:\/\/boat-demo.axiomprotocol.org\/ro\/produs\/garmin-hub-gos-10-pentru-sistemul-garmin-onboard\/"]}]},{"@type":"ImageObject","inLanguage":"ro-RO","@id":"https:\/\/boat-demo.axiomprotocol.org\/ro\/produs\/garmin-hub-gos-10-pentru-sistemul-garmin-onboard\/#primaryimage","url":"https:\/\/boat-demo.axiomprotocol.org\/wp-content\/uploads\/2025\/11\/010-02908-10.jpg","contentUrl":"https:\/\/boat-demo.axiomprotocol.org\/wp-content\/uploads\/2025\/11\/010-02908-10.jpg","width":555,"height":478},{"@type":"BreadcrumbList","@id":"https:\/\/boat-demo.axiomprotocol.org\/ro\/produs\/garmin-hub-gos-10-pentru-sistemul-garmin-onboard\/#breadcrumb","itemListElement":[{"@type":"ListItem","position":1,"name":"Home","item":"https:\/\/boat-demo.axiomprotocol.org\/"},{"@type":"ListItem","position":2,"name":"Shop Online &#8211; cel mai bun magazin pentru echipamente pentru b\u0103rci","item":"https:\/\/boat-demo.axiomprotocol.org\/ro\/shop-ro\/"},{"@type":"ListItem","position":3,"name":"GARMIN Hub GOS\u2122 10 pentru sistemul Garmin OnBoard\u2122"}]},{"@type":"WebSite","@id":"https:\/\/boat-demo.axiomprotocol.org\/ro\/#website","url":"https:\/\/boat-demo.axiomprotocol.org\/ro\/","name":"BoatsExpert","description":"Boats, Service, Equipment","publisher":{"@id":"https:\/\/boat-demo.axiomprotocol.org\/ro\/#organization"},"potentialAction":[{"@type":"SearchAction","target":{"@type":"EntryPoint","urlTemplate":"https:\/\/boat-demo.axiomprotocol.org\/ro\/?s={search_term_string}"},"query-input":{"@type":"PropertyValueSpecification","valueRequired":true,"valueName":"search_term_string"}}],"inLanguage":"ro-RO"},{"@type":"Organization","@id":"https:\/\/boat-demo.axiomprotocol.org\/ro\/#organization","name":"BoatsExpert","url":"https:\/\/boat-demo.axiomprotocol.org\/ro\/","logo":{"@type":"ImageObject","inLanguage":"ro-RO","@id":"https:\/\/boat-demo.axiomprotocol.org\/ro\/#\/schema\/logo\/image\/","url":"https:\/\/boat-demo.axiomprotocol.org\/wp-content\/uploads\/2023\/05\/white-logo60.svg","contentUrl":"https:\/\/boat-demo.axiomprotocol.org\/wp-content\/uploads\/2023\/05\/white-logo60.svg","width":90,"height":60,"caption":"BoatsExpert"},"image":{"@id":"https:\/\/boat-demo.axiomprotocol.org\/ro\/#\/schema\/logo\/image\/"}}]}},"_links":{"self":[{"href":"https:\/\/boat-demo.axiomprotocol.org\/ro\/wp-json\/wp\/v2\/product\/41035","targetHints":{"allow":["GET"]}}],"collection":[{"href":"https:\/\/boat-demo.axiomprotocol.org\/ro\/wp-json\/wp\/v2\/product"}],"about":[{"href":"https:\/\/boat-demo.axiomprotocol.org\/ro\/wp-json\/wp\/v2\/types\/product"}],"replies":[{"embeddable":true,"href":"https:\/\/boat-demo.axiomprotocol.org\/ro\/wp-json\/wp\/v2\/comments?post=41035"}],"version-history":[{"count":4,"href":"https:\/\/boat-demo.axiomprotocol.org\/ro\/wp-json\/wp\/v2\/product\/41035\/revisions"}],"predecessor-version":[{"id":41056,"href":"https:\/\/boat-demo.axiomprotocol.org\/ro\/wp-json\/wp\/v2\/product\/41035\/revisions\/41056"}],"wp:featuredmedia":[{"embeddable":true,"href":"https:\/\/boat-demo.axiomprotocol.org\/ro\/wp-json\/wp\/v2\/media\/41037"}],"wp:attachment":[{"href":"https:\/\/boat-demo.axiomprotocol.org\/ro\/wp-json\/wp\/v2\/media?parent=41035"}],"wp:term":[{"taxonomy":"product_brand","embeddable":true,"href":"https:\/\/boat-demo.axiomprotocol.org\/ro\/wp-json\/wp\/v2\/product_brand?post=41035"},{"taxonomy":"product_cat","embeddable":true,"href":"https:\/\/boat-demo.axiomprotocol.org\/ro\/wp-json\/wp\/v2\/product_cat?post=41035"},{"taxonomy":"product_tag","embeddable":true,"href":"https:\/\/boat-demo.axiomprotocol.org\/ro\/wp-json\/wp\/v2\/product_tag?post=41035"}],"curies":[{"name":"wp","href":"https:\/\/api.w.org\/{rel}","templated":true}]}}