{"id":40702,"date":"2025-10-31T12:37:28","date_gmt":"2025-10-31T09:37:30","guid":{"rendered":"https:\/\/boat-demo.axiomprotocol.org\/?post_type=product&#038;p=40702"},"modified":"2025-10-31T13:08:48","modified_gmt":"2025-10-31T10:08:48","slug":"ultimatron-lifepo4-baterie-litiu-12-8v-180ah-cu-bluetooth-si-incalzitor","status":"publish","type":"product","link":"https:\/\/boat-demo.axiomprotocol.org\/ro\/produs\/ultimatron-lifepo4-baterie-litiu-12-8v-180ah-cu-bluetooth-si-incalzitor\/","title":{"rendered":"Ultimatron LiFePO4 Baterie litiu 12.8V 180Ah cu Bluetooth \u0219i \u00eenc\u0103lzitor"},"content":{"rendered":"\t\t<div data-elementor-type=\"wp-post\" data-elementor-id=\"40702\" class=\"elementor elementor-40702 elementor-40701\">\n\t\t\t\t\t\t<section class=\"elementor-section elementor-top-section elementor-element elementor-element-4982a7b elementor-section-boxed elementor-section-height-default elementor-section-height-default\" data-id=\"4982a7b\" data-element_type=\"section\" data-e-type=\"section\">\n\t\t\t\t\t\t<div class=\"elementor-container elementor-column-gap-default\">\n\t\t\t\t\t<div class=\"elementor-column elementor-col-100 elementor-top-column elementor-element elementor-element-128d37d\" data-id=\"128d37d\" data-element_type=\"column\" data-e-type=\"column\">\n\t\t\t<div class=\"elementor-widget-wrap elementor-element-populated\">\n\t\t\t\t\t\t<div class=\"elementor-element elementor-element-90a45d3 elementor-widget elementor-widget-heading\" data-id=\"90a45d3\" data-element_type=\"widget\" data-e-type=\"widget\" data-widget_type=\"heading.default\">\n\t\t\t\t<div class=\"elementor-widget-container\">\n\t\t\t\t\t<h6 class=\"elementor-heading-title elementor-size-large\">Descriere<\/h6>\t\t\t\t<\/div>\n\t\t\t\t<\/div>\n\t\t\t\t\t<\/div>\n\t\t<\/div>\n\t\t\t\t\t<\/div>\n\t\t<\/section>\n\t\t\t\t<section class=\"elementor-section elementor-top-section elementor-element elementor-element-3062cf6 elementor-section-boxed elementor-section-height-default elementor-section-height-default\" data-id=\"3062cf6\" data-element_type=\"section\" data-e-type=\"section\">\n\t\t\t\t\t\t<div class=\"elementor-container elementor-column-gap-default\">\n\t\t\t\t\t<div class=\"elementor-column elementor-col-100 elementor-top-column elementor-element elementor-element-f0fe8c1\" data-id=\"f0fe8c1\" data-element_type=\"column\" data-e-type=\"column\">\n\t\t\t<div class=\"elementor-widget-wrap elementor-element-populated\">\n\t\t\t\t\t\t<div class=\"elementor-element elementor-element-192cd0c elementor-widget elementor-widget-text-editor\" data-id=\"192cd0c\" data-element_type=\"widget\" data-e-type=\"widget\" data-widget_type=\"text-editor.default\">\n\t\t\t\t<div class=\"elementor-widget-container\">\n\t\t\t\t\t\t\t\t\t<p data-start=\"0\" data-end=\"364\"><strong data-start=\"0\" data-end=\"21\">Func\u021bii de \u00eenc\u0103lzire:<\/strong> <br \/>Func\u021bia de \u00eenc\u0103lzire integrat\u0103 porne\u0219te automat la temperaturi sub 0\u00b0C, atunci c\u00e2nd se aplic\u0103 un curent de \u00eenc\u0103rcare extern (aproximativ 7A). Func\u021bia de \u00eenc\u0103lzire integrat\u0103 nu consum\u0103 energie din baterie. Folii de \u00eenc\u0103lzire integrate permit \u00eenc\u0103rcarea bateriei \u00een condi\u021bii de mediu extreme p\u00e2n\u0103 la -37 grade Celsius.<\/p><p data-start=\"778\" data-end=\"979\"><strong data-start=\"778\" data-end=\"824\">Sistem de Management al Bateriei (BMS) integrat<\/strong> <br \/>Permite controlul \u0219i \u00eenc\u0103rcarea diferitelor componente ale unei baterii re\u00eenc\u0103rcabile \u0219i le protejeaz\u0103 \u00eempotriva supra\u00eenc\u0103rc\u0103rii, supratensiunii \u0219i supra\u00eenc\u0103lzirii.<\/p><p data-start=\"981\" data-end=\"1020\" data-is-last-node=\"\" data-is-only-node=\"\"><strong data-start=\"981\" data-end=\"1020\" data-is-last-node=\"\">Monitorizare Bluetooth 4.0 integrat\u0103<\/strong><\/p>\t\t\t\t\t\t\t\t<\/div>\n\t\t\t\t<\/div>\n\t\t\t\t\t<\/div>\n\t\t<\/div>\n\t\t\t\t\t<\/div>\n\t\t<\/section>\n\t\t\t\t<section class=\"elementor-section elementor-top-section elementor-element elementor-element-d257f47 elementor-section-boxed elementor-section-height-default elementor-section-height-default\" data-id=\"d257f47\" data-element_type=\"section\" data-e-type=\"section\">\n\t\t\t\t\t\t<div class=\"elementor-container elementor-column-gap-default\">\n\t\t\t\t\t<div class=\"elementor-column elementor-col-100 elementor-top-column elementor-element elementor-element-08d16b8\" data-id=\"08d16b8\" data-element_type=\"column\" data-e-type=\"column\">\n\t\t\t<div class=\"elementor-widget-wrap elementor-element-populated\">\n\t\t\t\t\t\t<div class=\"elementor-element elementor-element-d647cba elementor-widget elementor-widget-text-editor\" data-id=\"d647cba\" data-element_type=\"widget\" data-e-type=\"widget\" data-widget_type=\"text-editor.default\">\n\t\t\t\t<div class=\"elementor-widget-container\">\n\t\t\t\t\t\t\t\t\t<p><br \/><br \/><\/p>\t\t\t\t\t\t\t\t<\/div>\n\t\t\t\t<\/div>\n\t\t\t\t\t<\/div>\n\t\t<\/div>\n\t\t\t\t\t<\/div>\n\t\t<\/section>\n\t\t\t\t<section class=\"elementor-section elementor-top-section elementor-element elementor-element-1c6dfe6 elementor-section-boxed elementor-section-height-default elementor-section-height-default\" data-id=\"1c6dfe6\" data-element_type=\"section\" data-e-type=\"section\">\n\t\t\t\t\t\t<div class=\"elementor-container elementor-column-gap-default\">\n\t\t\t\t\t<div class=\"elementor-column elementor-col-100 elementor-top-column elementor-element elementor-element-25171c8\" data-id=\"25171c8\" data-element_type=\"column\" data-e-type=\"column\">\n\t\t\t<div class=\"elementor-widget-wrap elementor-element-populated\">\n\t\t\t\t\t\t<div class=\"elementor-element elementor-element-27cd696 elementor-widget elementor-widget-heading\" data-id=\"27cd696\" data-element_type=\"widget\" data-e-type=\"widget\" data-widget_type=\"heading.default\">\n\t\t\t\t<div class=\"elementor-widget-container\">\n\t\t\t\t\t<h6 class=\"elementor-heading-title elementor-size-large\">Specificatii<\/h6>\t\t\t\t<\/div>\n\t\t\t\t<\/div>\n\t\t\t\t\t<\/div>\n\t\t<\/div>\n\t\t\t\t\t<\/div>\n\t\t<\/section>\n\t\t\t\t<section class=\"elementor-section elementor-top-section elementor-element elementor-element-676a9ec elementor-section-boxed elementor-section-height-default elementor-section-height-default\" data-id=\"676a9ec\" data-element_type=\"section\" data-e-type=\"section\">\n\t\t\t\t\t\t<div class=\"elementor-container elementor-column-gap-default\">\n\t\t\t\t\t<div class=\"elementor-column elementor-col-100 elementor-top-column elementor-element elementor-element-1404388\" data-id=\"1404388\" data-element_type=\"column\" data-e-type=\"column\">\n\t\t\t<div class=\"elementor-widget-wrap elementor-element-populated\">\n\t\t\t\t\t\t<div class=\"elementor-element elementor-element-0216e7d elementor-widget elementor-widget-image\" data-id=\"0216e7d\" data-element_type=\"widget\" data-e-type=\"widget\" data-widget_type=\"image.default\">\n\t\t\t\t<div class=\"elementor-widget-container\">\n\t\t\t\t\t\t\t\t\t\t\t\t\t\t\t<img fetchpriority=\"high\" decoding=\"async\" width=\"860\" height=\"1200\" src=\"https:\/\/boat-demo.axiomprotocol.org\/wp-content\/uploads\/2023\/06\/UBL-12-100S_10-1-860x1200.jpg\" class=\"attachment-large size-large wp-image-22963\" alt=\"\" srcset=\"https:\/\/boat-demo.axiomprotocol.org\/wp-content\/uploads\/2023\/06\/UBL-12-100S_10-1-860x1200.jpg 860w, https:\/\/boat-demo.axiomprotocol.org\/wp-content\/uploads\/2023\/06\/UBL-12-100S_10-1-494x689.jpg 494w, https:\/\/boat-demo.axiomprotocol.org\/wp-content\/uploads\/2023\/06\/UBL-12-100S_10-1-107x150.jpg 107w, https:\/\/boat-demo.axiomprotocol.org\/wp-content\/uploads\/2023\/06\/UBL-12-100S_10-1-768x1072.jpg 768w, https:\/\/boat-demo.axiomprotocol.org\/wp-content\/uploads\/2023\/06\/UBL-12-100S_10-1-1100x1536.jpg 1100w, https:\/\/boat-demo.axiomprotocol.org\/wp-content\/uploads\/2023\/06\/UBL-12-100S_10-1-1467x2048.jpg 1467w, https:\/\/boat-demo.axiomprotocol.org\/wp-content\/uploads\/2023\/06\/UBL-12-100S_10-1-300x419.jpg 300w, https:\/\/boat-demo.axiomprotocol.org\/wp-content\/uploads\/2023\/06\/UBL-12-100S_10-1-1200x1675.jpg 1200w, https:\/\/boat-demo.axiomprotocol.org\/wp-content\/uploads\/2023\/06\/UBL-12-100S_10-1.jpg 1834w\" sizes=\"(max-width: 860px) 100vw, 860px\" \/>\t\t\t\t\t\t\t\t\t\t\t\t\t\t\t<\/div>\n\t\t\t\t<\/div>\n\t\t\t\t\t<\/div>\n\t\t<\/div>\n\t\t\t\t\t<\/div>\n\t\t<\/section>\n\t\t\t\t<\/div>\n\t\t","protected":false},"excerpt":{"rendered":"<p>&nbsp;<\/p>\n<p><strong data-start=\"366\" data-end=\"416\">Avantaje \u00een compara\u021bie cu bateriile conven\u021bionale:<\/strong><\/p>\n<ul class=\"tt-list03\">\n<li>Garan\u021bie de 5 ani oferit\u0103 de produc\u0103tor<\/li>\n<li>Cea mai sigur\u0103 tehnologie, f\u0103r\u0103 risc de incendiu sau explozie<\/li>\n<li>Durat\u0103 de via\u021b\u0103 lung\u0103<\/li>\n<li>Capacitate de stocare \u00een continu\u0103 \u00eembun\u0103t\u0103\u021bire<\/li>\n<li>Stabilitate ridicat\u0103 chiar \u0219i \u00een condi\u021bii extreme<\/li>\n<li>F\u0103r\u0103 efect de memorie, nu necesit\u0103 cicluri complete de \u00eenc\u0103rcare \u0219i desc\u0103rcare<\/li>\n<li>Performan\u021b\u0103 ridicat\u0103 chiar \u0219i \u00een condi\u021bii dificile<\/li>\n<li>Eficien\u021b\u0103 ridicat\u0103 la \u00eenc\u0103rcare \u0219i desc\u0103rcare regulat\u0103<\/li>\n<\/ul>\n","protected":false},"featured_media":40704,"comment_status":"open","ping_status":"closed","template":"","meta":{"_acf_changed":false,"inline_featured_image":false},"product_brand":[],"product_cat":[85,376],"product_tag":[],"class_list":{"0":"post-40702","1":"product","2":"type-product","3":"status-publish","4":"has-post-thumbnail","6":"product_cat-baterii-ro","7":"product_cat-ultimatron-baterii","8":"tt-post","10":"first","11":"instock","12":"shipping-taxable","13":"product-type-simple"},"acf":[],"yoast_head":"<!-- This site is optimized with the Yoast SEO plugin v27.4 - https:\/\/yoast.com\/product\/yoast-seo-wordpress\/ -->\n<title>Ultimatron LiFePO4 Baterie litiu 12.8V 180Ah cu Bluetooth \u0219i \u00eenc\u0103lzitor - BoatsExpert<\/title>\n<meta name=\"description\" content=\"Bateria Ultimatron LiFePO4 12.8V 150Ah cu Bluetooth \u0219i \u00eenc\u0103lzire integrat\u0103 ofer\u0103 energie fiabil\u0103 \u0219i durat\u0103 lung\u0103 de via\u021b\u0103. Disponibil\u0103 acum la BoatsExpert.\" \/>\n<meta name=\"robots\" content=\"index, follow, max-snippet:-1, max-image-preview:large, max-video-preview:-1\" \/>\n<link rel=\"canonical\" href=\"https:\/\/boat-demo.axiomprotocol.org\/ro\/produs\/ultimatron-lifepo4-baterie-litiu-12-8v-180ah-cu-bluetooth-si-incalzitor\/\" \/>\n<meta property=\"og:locale\" content=\"ro_RO\" \/>\n<meta property=\"og:type\" content=\"article\" \/>\n<meta property=\"og:title\" content=\"Ultimatron LiFePO4 Baterie litiu 12.8V 180Ah cu Bluetooth \u0219i \u00eenc\u0103lzitor - BoatsExpert\" \/>\n<meta property=\"og:description\" content=\"Bateria Ultimatron LiFePO4 12.8V 150Ah cu Bluetooth \u0219i \u00eenc\u0103lzire integrat\u0103 ofer\u0103 energie fiabil\u0103 \u0219i durat\u0103 lung\u0103 de via\u021b\u0103. Disponibil\u0103 acum la BoatsExpert.\" \/>\n<meta property=\"og:url\" content=\"https:\/\/boat-demo.axiomprotocol.org\/ro\/produs\/ultimatron-lifepo4-baterie-litiu-12-8v-180ah-cu-bluetooth-si-incalzitor\/\" \/>\n<meta property=\"og:site_name\" content=\"BoatsExpert\" \/>\n<meta property=\"article:modified_time\" content=\"2025-10-31T10:08:48+00:00\" \/>\n<meta property=\"og:image\" content=\"https:\/\/boat-demo.axiomprotocol.org\/wp-content\/uploads\/2025\/10\/UL-ULS-180Ah-H.jpg\" \/>\n\t<meta property=\"og:image:width\" content=\"555\" \/>\n\t<meta property=\"og:image:height\" content=\"478\" \/>\n\t<meta property=\"og:image:type\" content=\"image\/jpeg\" \/>\n<meta name=\"twitter:card\" content=\"summary_large_image\" \/>\n<meta name=\"twitter:label1\" content=\"Timp estimat pentru citire\" \/>\n\t<meta name=\"twitter:data1\" content=\"1 minut\" \/>\n<script type=\"application\/ld+json\" class=\"yoast-schema-graph\">{\"@context\":\"https:\\\/\\\/schema.org\",\"@graph\":[{\"@type\":\"WebPage\",\"@id\":\"https:\\\/\\\/boat-demo.axiomprotocol.org\\\/ro\\\/produs\\\/ultimatron-lifepo4-baterie-litiu-12-8v-180ah-cu-bluetooth-si-incalzitor\\\/\",\"url\":\"https:\\\/\\\/boat-demo.axiomprotocol.org\\\/ro\\\/produs\\\/ultimatron-lifepo4-baterie-litiu-12-8v-180ah-cu-bluetooth-si-incalzitor\\\/\",\"name\":\"Ultimatron LiFePO4 Baterie litiu 12.8V 180Ah cu Bluetooth \u0219i \u00eenc\u0103lzitor - BoatsExpert\",\"isPartOf\":{\"@id\":\"https:\\\/\\\/boat-demo.axiomprotocol.org\\\/ro\\\/#website\"},\"primaryImageOfPage\":{\"@id\":\"https:\\\/\\\/boat-demo.axiomprotocol.org\\\/ro\\\/produs\\\/ultimatron-lifepo4-baterie-litiu-12-8v-180ah-cu-bluetooth-si-incalzitor\\\/#primaryimage\"},\"image\":{\"@id\":\"https:\\\/\\\/boat-demo.axiomprotocol.org\\\/ro\\\/produs\\\/ultimatron-lifepo4-baterie-litiu-12-8v-180ah-cu-bluetooth-si-incalzitor\\\/#primaryimage\"},\"thumbnailUrl\":\"https:\\\/\\\/boat-demo.axiomprotocol.org\\\/wp-content\\\/uploads\\\/2025\\\/10\\\/UL-ULS-180Ah-H.jpg\",\"datePublished\":\"2025-10-31T09:37:30+00:00\",\"dateModified\":\"2025-10-31T10:08:48+00:00\",\"description\":\"Bateria Ultimatron LiFePO4 12.8V 150Ah cu Bluetooth \u0219i \u00eenc\u0103lzire integrat\u0103 ofer\u0103 energie fiabil\u0103 \u0219i durat\u0103 lung\u0103 de via\u021b\u0103. Disponibil\u0103 acum la BoatsExpert.\",\"breadcrumb\":{\"@id\":\"https:\\\/\\\/boat-demo.axiomprotocol.org\\\/ro\\\/produs\\\/ultimatron-lifepo4-baterie-litiu-12-8v-180ah-cu-bluetooth-si-incalzitor\\\/#breadcrumb\"},\"inLanguage\":\"ro-RO\",\"potentialAction\":[{\"@type\":\"ReadAction\",\"target\":[\"https:\\\/\\\/boat-demo.axiomprotocol.org\\\/ro\\\/produs\\\/ultimatron-lifepo4-baterie-litiu-12-8v-180ah-cu-bluetooth-si-incalzitor\\\/\"]}]},{\"@type\":\"ImageObject\",\"inLanguage\":\"ro-RO\",\"@id\":\"https:\\\/\\\/boat-demo.axiomprotocol.org\\\/ro\\\/produs\\\/ultimatron-lifepo4-baterie-litiu-12-8v-180ah-cu-bluetooth-si-incalzitor\\\/#primaryimage\",\"url\":\"https:\\\/\\\/boat-demo.axiomprotocol.org\\\/wp-content\\\/uploads\\\/2025\\\/10\\\/UL-ULS-180Ah-H.jpg\",\"contentUrl\":\"https:\\\/\\\/boat-demo.axiomprotocol.org\\\/wp-content\\\/uploads\\\/2025\\\/10\\\/UL-ULS-180Ah-H.jpg\",\"width\":555,\"height\":478},{\"@type\":\"BreadcrumbList\",\"@id\":\"https:\\\/\\\/boat-demo.axiomprotocol.org\\\/ro\\\/produs\\\/ultimatron-lifepo4-baterie-litiu-12-8v-180ah-cu-bluetooth-si-incalzitor\\\/#breadcrumb\",\"itemListElement\":[{\"@type\":\"ListItem\",\"position\":1,\"name\":\"Home\",\"item\":\"https:\\\/\\\/boat-demo.axiomprotocol.org\\\/\"},{\"@type\":\"ListItem\",\"position\":2,\"name\":\"Shop Online &#8211; cel mai bun magazin pentru echipamente pentru b\u0103rci\",\"item\":\"https:\\\/\\\/boat-demo.axiomprotocol.org\\\/ro\\\/shop-ro\\\/\"},{\"@type\":\"ListItem\",\"position\":3,\"name\":\"Ultimatron LiFePO4 Baterie litiu 12.8V 180Ah cu Bluetooth \u0219i \u00eenc\u0103lzitor\"}]},{\"@type\":\"WebSite\",\"@id\":\"https:\\\/\\\/boat-demo.axiomprotocol.org\\\/ro\\\/#website\",\"url\":\"https:\\\/\\\/boat-demo.axiomprotocol.org\\\/ro\\\/\",\"name\":\"BoatsExpert\",\"description\":\"Boats, Service, Equipment\",\"publisher\":{\"@id\":\"https:\\\/\\\/boat-demo.axiomprotocol.org\\\/ro\\\/#organization\"},\"potentialAction\":[{\"@type\":\"SearchAction\",\"target\":{\"@type\":\"EntryPoint\",\"urlTemplate\":\"https:\\\/\\\/boat-demo.axiomprotocol.org\\\/ro\\\/?s={search_term_string}\"},\"query-input\":{\"@type\":\"PropertyValueSpecification\",\"valueRequired\":true,\"valueName\":\"search_term_string\"}}],\"inLanguage\":\"ro-RO\"},{\"@type\":\"Organization\",\"@id\":\"https:\\\/\\\/boat-demo.axiomprotocol.org\\\/ro\\\/#organization\",\"name\":\"BoatsExpert\",\"url\":\"https:\\\/\\\/boat-demo.axiomprotocol.org\\\/ro\\\/\",\"logo\":{\"@type\":\"ImageObject\",\"inLanguage\":\"ro-RO\",\"@id\":\"https:\\\/\\\/boat-demo.axiomprotocol.org\\\/ro\\\/#\\\/schema\\\/logo\\\/image\\\/\",\"url\":\"https:\\\/\\\/boat-demo.axiomprotocol.org\\\/wp-content\\\/uploads\\\/2023\\\/05\\\/white-logo60.svg\",\"contentUrl\":\"https:\\\/\\\/boat-demo.axiomprotocol.org\\\/wp-content\\\/uploads\\\/2023\\\/05\\\/white-logo60.svg\",\"width\":90,\"height\":60,\"caption\":\"BoatsExpert\"},\"image\":{\"@id\":\"https:\\\/\\\/boat-demo.axiomprotocol.org\\\/ro\\\/#\\\/schema\\\/logo\\\/image\\\/\"}}]}<\/script>\n<!-- \/ Yoast SEO plugin. -->","yoast_head_json":{"title":"Ultimatron LiFePO4 Baterie litiu 12.8V 180Ah cu Bluetooth \u0219i \u00eenc\u0103lzitor - BoatsExpert","description":"Bateria Ultimatron LiFePO4 12.8V 150Ah cu Bluetooth \u0219i \u00eenc\u0103lzire integrat\u0103 ofer\u0103 energie fiabil\u0103 \u0219i durat\u0103 lung\u0103 de via\u021b\u0103. Disponibil\u0103 acum la BoatsExpert.","robots":{"index":"index","follow":"follow","max-snippet":"max-snippet:-1","max-image-preview":"max-image-preview:large","max-video-preview":"max-video-preview:-1"},"canonical":"https:\/\/boat-demo.axiomprotocol.org\/ro\/produs\/ultimatron-lifepo4-baterie-litiu-12-8v-180ah-cu-bluetooth-si-incalzitor\/","og_locale":"ro_RO","og_type":"article","og_title":"Ultimatron LiFePO4 Baterie litiu 12.8V 180Ah cu Bluetooth \u0219i \u00eenc\u0103lzitor - BoatsExpert","og_description":"Bateria Ultimatron LiFePO4 12.8V 150Ah cu Bluetooth \u0219i \u00eenc\u0103lzire integrat\u0103 ofer\u0103 energie fiabil\u0103 \u0219i durat\u0103 lung\u0103 de via\u021b\u0103. Disponibil\u0103 acum la BoatsExpert.","og_url":"https:\/\/boat-demo.axiomprotocol.org\/ro\/produs\/ultimatron-lifepo4-baterie-litiu-12-8v-180ah-cu-bluetooth-si-incalzitor\/","og_site_name":"BoatsExpert","article_modified_time":"2025-10-31T10:08:48+00:00","og_image":[{"width":555,"height":478,"url":"https:\/\/boat-demo.axiomprotocol.org\/wp-content\/uploads\/2025\/10\/UL-ULS-180Ah-H.jpg","type":"image\/jpeg"}],"twitter_card":"summary_large_image","twitter_misc":{"Timp estimat pentru citire":"1 minut"},"schema":{"@context":"https:\/\/schema.org","@graph":[{"@type":"WebPage","@id":"https:\/\/boat-demo.axiomprotocol.org\/ro\/produs\/ultimatron-lifepo4-baterie-litiu-12-8v-180ah-cu-bluetooth-si-incalzitor\/","url":"https:\/\/boat-demo.axiomprotocol.org\/ro\/produs\/ultimatron-lifepo4-baterie-litiu-12-8v-180ah-cu-bluetooth-si-incalzitor\/","name":"Ultimatron LiFePO4 Baterie litiu 12.8V 180Ah cu Bluetooth \u0219i \u00eenc\u0103lzitor - BoatsExpert","isPartOf":{"@id":"https:\/\/boat-demo.axiomprotocol.org\/ro\/#website"},"primaryImageOfPage":{"@id":"https:\/\/boat-demo.axiomprotocol.org\/ro\/produs\/ultimatron-lifepo4-baterie-litiu-12-8v-180ah-cu-bluetooth-si-incalzitor\/#primaryimage"},"image":{"@id":"https:\/\/boat-demo.axiomprotocol.org\/ro\/produs\/ultimatron-lifepo4-baterie-litiu-12-8v-180ah-cu-bluetooth-si-incalzitor\/#primaryimage"},"thumbnailUrl":"https:\/\/boat-demo.axiomprotocol.org\/wp-content\/uploads\/2025\/10\/UL-ULS-180Ah-H.jpg","datePublished":"2025-10-31T09:37:30+00:00","dateModified":"2025-10-31T10:08:48+00:00","description":"Bateria Ultimatron LiFePO4 12.8V 150Ah cu Bluetooth \u0219i \u00eenc\u0103lzire integrat\u0103 ofer\u0103 energie fiabil\u0103 \u0219i durat\u0103 lung\u0103 de via\u021b\u0103. Disponibil\u0103 acum la BoatsExpert.","breadcrumb":{"@id":"https:\/\/boat-demo.axiomprotocol.org\/ro\/produs\/ultimatron-lifepo4-baterie-litiu-12-8v-180ah-cu-bluetooth-si-incalzitor\/#breadcrumb"},"inLanguage":"ro-RO","potentialAction":[{"@type":"ReadAction","target":["https:\/\/boat-demo.axiomprotocol.org\/ro\/produs\/ultimatron-lifepo4-baterie-litiu-12-8v-180ah-cu-bluetooth-si-incalzitor\/"]}]},{"@type":"ImageObject","inLanguage":"ro-RO","@id":"https:\/\/boat-demo.axiomprotocol.org\/ro\/produs\/ultimatron-lifepo4-baterie-litiu-12-8v-180ah-cu-bluetooth-si-incalzitor\/#primaryimage","url":"https:\/\/boat-demo.axiomprotocol.org\/wp-content\/uploads\/2025\/10\/UL-ULS-180Ah-H.jpg","contentUrl":"https:\/\/boat-demo.axiomprotocol.org\/wp-content\/uploads\/2025\/10\/UL-ULS-180Ah-H.jpg","width":555,"height":478},{"@type":"BreadcrumbList","@id":"https:\/\/boat-demo.axiomprotocol.org\/ro\/produs\/ultimatron-lifepo4-baterie-litiu-12-8v-180ah-cu-bluetooth-si-incalzitor\/#breadcrumb","itemListElement":[{"@type":"ListItem","position":1,"name":"Home","item":"https:\/\/boat-demo.axiomprotocol.org\/"},{"@type":"ListItem","position":2,"name":"Shop Online &#8211; cel mai bun magazin pentru echipamente pentru b\u0103rci","item":"https:\/\/boat-demo.axiomprotocol.org\/ro\/shop-ro\/"},{"@type":"ListItem","position":3,"name":"Ultimatron LiFePO4 Baterie litiu 12.8V 180Ah cu Bluetooth \u0219i \u00eenc\u0103lzitor"}]},{"@type":"WebSite","@id":"https:\/\/boat-demo.axiomprotocol.org\/ro\/#website","url":"https:\/\/boat-demo.axiomprotocol.org\/ro\/","name":"BoatsExpert","description":"Boats, Service, Equipment","publisher":{"@id":"https:\/\/boat-demo.axiomprotocol.org\/ro\/#organization"},"potentialAction":[{"@type":"SearchAction","target":{"@type":"EntryPoint","urlTemplate":"https:\/\/boat-demo.axiomprotocol.org\/ro\/?s={search_term_string}"},"query-input":{"@type":"PropertyValueSpecification","valueRequired":true,"valueName":"search_term_string"}}],"inLanguage":"ro-RO"},{"@type":"Organization","@id":"https:\/\/boat-demo.axiomprotocol.org\/ro\/#organization","name":"BoatsExpert","url":"https:\/\/boat-demo.axiomprotocol.org\/ro\/","logo":{"@type":"ImageObject","inLanguage":"ro-RO","@id":"https:\/\/boat-demo.axiomprotocol.org\/ro\/#\/schema\/logo\/image\/","url":"https:\/\/boat-demo.axiomprotocol.org\/wp-content\/uploads\/2023\/05\/white-logo60.svg","contentUrl":"https:\/\/boat-demo.axiomprotocol.org\/wp-content\/uploads\/2023\/05\/white-logo60.svg","width":90,"height":60,"caption":"BoatsExpert"},"image":{"@id":"https:\/\/boat-demo.axiomprotocol.org\/ro\/#\/schema\/logo\/image\/"}}]}},"_links":{"self":[{"href":"https:\/\/boat-demo.axiomprotocol.org\/ro\/wp-json\/wp\/v2\/product\/40702","targetHints":{"allow":["GET"]}}],"collection":[{"href":"https:\/\/boat-demo.axiomprotocol.org\/ro\/wp-json\/wp\/v2\/product"}],"about":[{"href":"https:\/\/boat-demo.axiomprotocol.org\/ro\/wp-json\/wp\/v2\/types\/product"}],"replies":[{"embeddable":true,"href":"https:\/\/boat-demo.axiomprotocol.org\/ro\/wp-json\/wp\/v2\/comments?post=40702"}],"version-history":[{"count":4,"href":"https:\/\/boat-demo.axiomprotocol.org\/ro\/wp-json\/wp\/v2\/product\/40702\/revisions"}],"predecessor-version":[{"id":40734,"href":"https:\/\/boat-demo.axiomprotocol.org\/ro\/wp-json\/wp\/v2\/product\/40702\/revisions\/40734"}],"wp:featuredmedia":[{"embeddable":true,"href":"https:\/\/boat-demo.axiomprotocol.org\/ro\/wp-json\/wp\/v2\/media\/40704"}],"wp:attachment":[{"href":"https:\/\/boat-demo.axiomprotocol.org\/ro\/wp-json\/wp\/v2\/media?parent=40702"}],"wp:term":[{"taxonomy":"product_brand","embeddable":true,"href":"https:\/\/boat-demo.axiomprotocol.org\/ro\/wp-json\/wp\/v2\/product_brand?post=40702"},{"taxonomy":"product_cat","embeddable":true,"href":"https:\/\/boat-demo.axiomprotocol.org\/ro\/wp-json\/wp\/v2\/product_cat?post=40702"},{"taxonomy":"product_tag","embeddable":true,"href":"https:\/\/boat-demo.axiomprotocol.org\/ro\/wp-json\/wp\/v2\/product_tag?post=40702"}],"curies":[{"name":"wp","href":"https:\/\/api.w.org\/{rel}","templated":true}]}}