{"id":40347,"date":"2025-07-23T17:56:36","date_gmt":"2025-07-23T14:56:37","guid":{"rendered":"https:\/\/boat-demo.axiomprotocol.org\/?post_type=product&#038;p=40347"},"modified":"2025-07-23T18:03:37","modified_gmt":"2025-07-23T15:03:37","slug":"stronger-steel-hands-35-pro-i-instalare-interna","status":"publish","type":"product","link":"https:\/\/boat-demo.axiomprotocol.org\/ro\/produs\/stronger-steel-hands-35-pro-i-instalare-interna\/","title":{"rendered":"STRONGER \u2013 STEEL HANDS 35 PRO I (instalare intern\u0103)"},"content":{"rendered":"\t\t<div data-elementor-type=\"wp-post\" data-elementor-id=\"40347\" class=\"elementor elementor-40347 elementor-40346\">\n\t\t\t\t\t\t<section class=\"elementor-section elementor-top-section elementor-element elementor-element-acc7402 elementor-section-boxed elementor-section-height-default elementor-section-height-default\" data-id=\"acc7402\" data-element_type=\"section\" data-e-type=\"section\">\n\t\t\t\t\t\t<div class=\"elementor-container elementor-column-gap-default\">\n\t\t\t\t\t<div class=\"elementor-column elementor-col-100 elementor-top-column elementor-element elementor-element-cbfbb84\" data-id=\"cbfbb84\" data-element_type=\"column\" data-e-type=\"column\">\n\t\t\t<div class=\"elementor-widget-wrap elementor-element-populated\">\n\t\t\t\t\t\t<div class=\"elementor-element elementor-element-7e1f043 elementor-widget elementor-widget-heading\" data-id=\"7e1f043\" data-element_type=\"widget\" data-e-type=\"widget\" data-widget_type=\"heading.default\">\n\t\t\t\t<div class=\"elementor-widget-container\">\n\t\t\t\t\t<h6 class=\"elementor-heading-title elementor-size-large\">CARACTERISTICI<\/h6>\t\t\t\t<\/div>\n\t\t\t\t<\/div>\n\t\t\t\t<div class=\"elementor-element elementor-element-a52a04b elementor-widget elementor-widget-text-editor\" data-id=\"a52a04b\" data-element_type=\"widget\" data-e-type=\"widget\" data-widget_type=\"text-editor.default\">\n\t\t\t\t<div class=\"elementor-widget-container\">\n\t\t\t\t\t\t\t\t\t<div><ul class=\"tt-list03\"><li><strong>Carcasa troliului<\/strong> Carcasa troliului, precum \u0219i toate suporturile (modelele Steel Hands 35 PRO) sunt realizate din o\u021bel rezistent.<\/li><li><strong>Mecanismul troliului (pentru ridicarea \u0219i cobor\u00e2rea ancorei)<\/strong> Mecanismul troliului const\u0103 \u00eentr-un motor cu mecanism de angrenaj \u00eenchis \u0219i o transmisie mecanic\u0103 care asigur\u0103 deplasarea bobinei de-a lungul arborelui. Toate piesele mecanice implicate \u00een func\u021bionarea troliului sunt lubrifiate cu un lubrifiant special hidrofug.<\/li><li><strong>Partea electric\u0103<\/strong> Partea electric\u0103 a troliului utilizeaz\u0103 un motor de 130 Wa\u021bi cu o tensiune de lucru de 12 V. Pe capac (modelele Steel Hands 35 PRO) este montat un buton fix cu trei pozi\u021bii, rezistent la ap\u0103, pe patul troliului (modelele Steel Hands 35 PRO). \u00cen setul complet sunt incluse un cablu de conectare a troliului la bateria de acumulare cu o lungime de 5 metri \u0219i un releu termic de siguran\u021b\u0103.<\/li><li><strong>Capacul superior al troliului pentru Steel Hands 35 PRO<\/strong> Capacului troliului este realizat din plastic ABC durabil, rezistent la radia\u021bii UV. Pe capacul troliului se afl\u0103 un buton de control al troliului.<\/li><li><strong>Troliu cu cablu de o\u021bel Steel Hands 35 PRO<\/strong> Carcasa troliului este fabricat\u0103 din o\u021bel rezistent cu grosimea de 3 mm. Bra\u021bul rolei este echipat cu o rol\u0103 de rulare din plastic durabil.<\/li><li><strong>Troliu cu cablu de o\u021bel Steel Hands 35 PRO I (instalare ascuns\u0103)<\/strong> Carcasa troliului este fabricat\u0103 din o\u021bel rezistent cu grosimea de 3 mm. Pe bra\u021bul rolei sunt montate 2 role de rulare din plastic durabil.<\/li><li><strong>Sfoar\u0103 de ancor\u0103<\/strong> Troliul este echipat cu o sfoar\u0103 kapron de 40 m lungime, cu o rezisten\u021b\u0103 la trac\u021biune de 360 kg.<\/li><li><strong>Elemente de fixare<\/strong> Troliile sunt livrate cu \u0219uruburi \u0219i piuli\u021be galvanizate pentru fixarea carcasa troliului \u0219i a rolelor.<\/li><li><strong>Fi\u0219\u0103 de garan\u021bie<\/strong> Produsul este \u00eenso\u021bit de o fi\u0219\u0103 de garan\u021bie cu o durat\u0103 de valabilitate de 1 an.<\/li><li><strong>Ambalare<\/strong> Troliul este ambalat \u00eentr-un carton de transport rezistent.<br \/><br \/><\/li><\/ul><pre><strong>Pentru func\u021bionarea corect\u0103 \u0219i durabil\u0103 a troliului, recomand\u0103m utilizarea ancorelor STRONGER!<\/strong><\/pre><\/div><p><span style=\"color: #c0392b\"><strong>Troliul de ancor\u0103 include o rol\u0103 \u0219i troliul propriu-zis. Utilizarea troliului de ancor\u0103 f\u0103r\u0103 rol\u0103 este interzis\u0103!<\/strong><br \/><\/span><\/p>\t\t\t\t\t\t\t\t<\/div>\n\t\t\t\t<\/div>\n\t\t\t\t\t<\/div>\n\t\t<\/div>\n\t\t\t\t\t<\/div>\n\t\t<\/section>\n\t\t\t\t<\/div>\n\t\t","protected":false},"excerpt":{"rendered":"<p>&nbsp;<\/p>\n<p data-start=\"1564\" data-end=\"2085\">Troliu ancor\u0103 SH 35 PRO pentru b\u0103rci p\u00e2n\u0103 la 7 m. Include o fr\u00e2nghie de ancor\u0103 de 40 m lungime \u0219i 4 mm grosime, cu rezisten\u021b\u0103 la rupere de 360 kg. Carcas\u0103 durabil\u0103 din plastic ABC \u0219i mecanism din o\u021bel cu strat galvanic. Motor de 130W, func\u021bionare silen\u021bioas\u0103. Func\u021bie de cobor\u00e2re lin\u0103 a ancorei \u0219i cobor\u00e2re liber\u0103 \u2014 ancora ajunge rapid pe fund. Include rulet\u0103, elemente de fixare, cablu de alimentare \u0219i garan\u021bie 1 an. Disponibil pentru montare deschis\u0103 \u0219i ascuns\u0103. Se recomand\u0103 ancor\u0103 de 8\u201315 kg.<\/p>\n<p data-start=\"2087\" data-end=\"2300\">\n<p data-start=\"1940\" data-end=\"2141\">\n","protected":false},"featured_media":40349,"comment_status":"open","ping_status":"closed","template":"","meta":{"_acf_changed":false,"inline_featured_image":false},"product_brand":[],"product_cat":[340,439],"product_tag":[],"class_list":{"0":"post-40347","1":"product","2":"type-product","3":"status-publish","4":"has-post-thumbnail","6":"product_cat-sisteme-de-prindere-ro","7":"product_cat-stronger-ro","8":"tt-post","10":"first","11":"instock","12":"shipping-taxable","13":"purchasable","14":"product-type-simple"},"acf":[],"yoast_head":"<!-- This site is optimized with the Yoast SEO plugin v27.4 - https:\/\/yoast.com\/product\/yoast-seo-wordpress\/ -->\n<title>STRONGER \u2013 STEEL HANDS 35 PRO I (instalare intern\u0103) - BoatsExpert<\/title>\n<meta name=\"description\" content=\"Troliu ancor\u0103 SH 35 PRO pentru b\u0103rci p\u00e2n\u0103 la 7 m. Motor silen\u021bios de 130W, cobor\u00e2re lin\u0103 \u0219i liber\u0103 a ancorei, fr\u00e2nghie de 40 m. Livrare \u00een toat\u0103 Europa.\" \/>\n<meta name=\"robots\" content=\"index, follow, max-snippet:-1, max-image-preview:large, max-video-preview:-1\" \/>\n<link rel=\"canonical\" href=\"https:\/\/boat-demo.axiomprotocol.org\/ro\/produs\/stronger-steel-hands-35-pro-i-instalare-interna\/\" \/>\n<meta property=\"og:locale\" content=\"ro_RO\" \/>\n<meta property=\"og:type\" content=\"article\" \/>\n<meta property=\"og:title\" content=\"STRONGER \u2013 STEEL HANDS 35 PRO I (instalare intern\u0103) - BoatsExpert\" \/>\n<meta property=\"og:description\" content=\"Troliu ancor\u0103 SH 35 PRO pentru b\u0103rci p\u00e2n\u0103 la 7 m. Motor silen\u021bios de 130W, cobor\u00e2re lin\u0103 \u0219i liber\u0103 a ancorei, fr\u00e2nghie de 40 m. Livrare \u00een toat\u0103 Europa.\" \/>\n<meta property=\"og:url\" content=\"https:\/\/boat-demo.axiomprotocol.org\/ro\/produs\/stronger-steel-hands-35-pro-i-instalare-interna\/\" \/>\n<meta property=\"og:site_name\" content=\"BoatsExpert\" \/>\n<meta property=\"article:modified_time\" content=\"2025-07-23T15:03:37+00:00\" \/>\n<meta property=\"og:image\" content=\"https:\/\/boat-demo.axiomprotocol.org\/wp-content\/uploads\/2025\/07\/STRONGER-\u2013-STEEL-HANDS-35-PRO-I-instalare-interna.jpg\" \/>\n\t<meta property=\"og:image:width\" content=\"555\" \/>\n\t<meta property=\"og:image:height\" content=\"478\" \/>\n\t<meta property=\"og:image:type\" content=\"image\/jpeg\" \/>\n<meta name=\"twitter:card\" content=\"summary_large_image\" \/>\n<meta name=\"twitter:label1\" content=\"Timp estimat pentru citire\" \/>\n\t<meta name=\"twitter:data1\" content=\"2 minute\" \/>\n<script type=\"application\/ld+json\" class=\"yoast-schema-graph\">{\"@context\":\"https:\\\/\\\/schema.org\",\"@graph\":[{\"@type\":\"WebPage\",\"@id\":\"https:\\\/\\\/boat-demo.axiomprotocol.org\\\/ro\\\/produs\\\/stronger-steel-hands-35-pro-i-instalare-interna\\\/\",\"url\":\"https:\\\/\\\/boat-demo.axiomprotocol.org\\\/ro\\\/produs\\\/stronger-steel-hands-35-pro-i-instalare-interna\\\/\",\"name\":\"STRONGER \u2013 STEEL HANDS 35 PRO I (instalare intern\u0103) - BoatsExpert\",\"isPartOf\":{\"@id\":\"https:\\\/\\\/boat-demo.axiomprotocol.org\\\/ro\\\/#website\"},\"primaryImageOfPage\":{\"@id\":\"https:\\\/\\\/boat-demo.axiomprotocol.org\\\/ro\\\/produs\\\/stronger-steel-hands-35-pro-i-instalare-interna\\\/#primaryimage\"},\"image\":{\"@id\":\"https:\\\/\\\/boat-demo.axiomprotocol.org\\\/ro\\\/produs\\\/stronger-steel-hands-35-pro-i-instalare-interna\\\/#primaryimage\"},\"thumbnailUrl\":\"https:\\\/\\\/boat-demo.axiomprotocol.org\\\/wp-content\\\/uploads\\\/2025\\\/07\\\/STRONGER-\u2013-STEEL-HANDS-35-PRO-I-instalare-interna.jpg\",\"datePublished\":\"2025-07-23T14:56:37+00:00\",\"dateModified\":\"2025-07-23T15:03:37+00:00\",\"description\":\"Troliu ancor\u0103 SH 35 PRO pentru b\u0103rci p\u00e2n\u0103 la 7 m. Motor silen\u021bios de 130W, cobor\u00e2re lin\u0103 \u0219i liber\u0103 a ancorei, fr\u00e2nghie de 40 m. Livrare \u00een toat\u0103 Europa.\",\"breadcrumb\":{\"@id\":\"https:\\\/\\\/boat-demo.axiomprotocol.org\\\/ro\\\/produs\\\/stronger-steel-hands-35-pro-i-instalare-interna\\\/#breadcrumb\"},\"inLanguage\":\"ro-RO\",\"potentialAction\":[{\"@type\":\"ReadAction\",\"target\":[\"https:\\\/\\\/boat-demo.axiomprotocol.org\\\/ro\\\/produs\\\/stronger-steel-hands-35-pro-i-instalare-interna\\\/\"]}]},{\"@type\":\"ImageObject\",\"inLanguage\":\"ro-RO\",\"@id\":\"https:\\\/\\\/boat-demo.axiomprotocol.org\\\/ro\\\/produs\\\/stronger-steel-hands-35-pro-i-instalare-interna\\\/#primaryimage\",\"url\":\"https:\\\/\\\/boat-demo.axiomprotocol.org\\\/wp-content\\\/uploads\\\/2025\\\/07\\\/STRONGER-\u2013-STEEL-HANDS-35-PRO-I-instalare-interna.jpg\",\"contentUrl\":\"https:\\\/\\\/boat-demo.axiomprotocol.org\\\/wp-content\\\/uploads\\\/2025\\\/07\\\/STRONGER-\u2013-STEEL-HANDS-35-PRO-I-instalare-interna.jpg\",\"width\":555,\"height\":478,\"caption\":\"STRONGER \u2013 STEEL HANDS 35 PRO I (internal installation)\"},{\"@type\":\"BreadcrumbList\",\"@id\":\"https:\\\/\\\/boat-demo.axiomprotocol.org\\\/ro\\\/produs\\\/stronger-steel-hands-35-pro-i-instalare-interna\\\/#breadcrumb\",\"itemListElement\":[{\"@type\":\"ListItem\",\"position\":1,\"name\":\"Home\",\"item\":\"https:\\\/\\\/boat-demo.axiomprotocol.org\\\/\"},{\"@type\":\"ListItem\",\"position\":2,\"name\":\"Shop Online &#8211; cel mai bun magazin pentru echipamente pentru b\u0103rci\",\"item\":\"https:\\\/\\\/boat-demo.axiomprotocol.org\\\/ro\\\/shop-ro\\\/\"},{\"@type\":\"ListItem\",\"position\":3,\"name\":\"STRONGER \u2013 STEEL HANDS 35 PRO I (instalare intern\u0103)\"}]},{\"@type\":\"WebSite\",\"@id\":\"https:\\\/\\\/boat-demo.axiomprotocol.org\\\/ro\\\/#website\",\"url\":\"https:\\\/\\\/boat-demo.axiomprotocol.org\\\/ro\\\/\",\"name\":\"BoatsExpert\",\"description\":\"Boats, Service, Equipment\",\"publisher\":{\"@id\":\"https:\\\/\\\/boat-demo.axiomprotocol.org\\\/ro\\\/#organization\"},\"potentialAction\":[{\"@type\":\"SearchAction\",\"target\":{\"@type\":\"EntryPoint\",\"urlTemplate\":\"https:\\\/\\\/boat-demo.axiomprotocol.org\\\/ro\\\/?s={search_term_string}\"},\"query-input\":{\"@type\":\"PropertyValueSpecification\",\"valueRequired\":true,\"valueName\":\"search_term_string\"}}],\"inLanguage\":\"ro-RO\"},{\"@type\":\"Organization\",\"@id\":\"https:\\\/\\\/boat-demo.axiomprotocol.org\\\/ro\\\/#organization\",\"name\":\"BoatsExpert\",\"url\":\"https:\\\/\\\/boat-demo.axiomprotocol.org\\\/ro\\\/\",\"logo\":{\"@type\":\"ImageObject\",\"inLanguage\":\"ro-RO\",\"@id\":\"https:\\\/\\\/boat-demo.axiomprotocol.org\\\/ro\\\/#\\\/schema\\\/logo\\\/image\\\/\",\"url\":\"https:\\\/\\\/boat-demo.axiomprotocol.org\\\/wp-content\\\/uploads\\\/2023\\\/05\\\/white-logo60.svg\",\"contentUrl\":\"https:\\\/\\\/boat-demo.axiomprotocol.org\\\/wp-content\\\/uploads\\\/2023\\\/05\\\/white-logo60.svg\",\"width\":90,\"height\":60,\"caption\":\"BoatsExpert\"},\"image\":{\"@id\":\"https:\\\/\\\/boat-demo.axiomprotocol.org\\\/ro\\\/#\\\/schema\\\/logo\\\/image\\\/\"}}]}<\/script>\n<!-- \/ Yoast SEO plugin. -->","yoast_head_json":{"title":"STRONGER \u2013 STEEL HANDS 35 PRO I (instalare intern\u0103) - BoatsExpert","description":"Troliu ancor\u0103 SH 35 PRO pentru b\u0103rci p\u00e2n\u0103 la 7 m. Motor silen\u021bios de 130W, cobor\u00e2re lin\u0103 \u0219i liber\u0103 a ancorei, fr\u00e2nghie de 40 m. Livrare \u00een toat\u0103 Europa.","robots":{"index":"index","follow":"follow","max-snippet":"max-snippet:-1","max-image-preview":"max-image-preview:large","max-video-preview":"max-video-preview:-1"},"canonical":"https:\/\/boat-demo.axiomprotocol.org\/ro\/produs\/stronger-steel-hands-35-pro-i-instalare-interna\/","og_locale":"ro_RO","og_type":"article","og_title":"STRONGER \u2013 STEEL HANDS 35 PRO I (instalare intern\u0103) - BoatsExpert","og_description":"Troliu ancor\u0103 SH 35 PRO pentru b\u0103rci p\u00e2n\u0103 la 7 m. Motor silen\u021bios de 130W, cobor\u00e2re lin\u0103 \u0219i liber\u0103 a ancorei, fr\u00e2nghie de 40 m. Livrare \u00een toat\u0103 Europa.","og_url":"https:\/\/boat-demo.axiomprotocol.org\/ro\/produs\/stronger-steel-hands-35-pro-i-instalare-interna\/","og_site_name":"BoatsExpert","article_modified_time":"2025-07-23T15:03:37+00:00","og_image":[{"width":555,"height":478,"url":"https:\/\/boat-demo.axiomprotocol.org\/wp-content\/uploads\/2025\/07\/STRONGER-\u2013-STEEL-HANDS-35-PRO-I-instalare-interna.jpg","type":"image\/jpeg"}],"twitter_card":"summary_large_image","twitter_misc":{"Timp estimat pentru citire":"2 minute"},"schema":{"@context":"https:\/\/schema.org","@graph":[{"@type":"WebPage","@id":"https:\/\/boat-demo.axiomprotocol.org\/ro\/produs\/stronger-steel-hands-35-pro-i-instalare-interna\/","url":"https:\/\/boat-demo.axiomprotocol.org\/ro\/produs\/stronger-steel-hands-35-pro-i-instalare-interna\/","name":"STRONGER \u2013 STEEL HANDS 35 PRO I (instalare intern\u0103) - BoatsExpert","isPartOf":{"@id":"https:\/\/boat-demo.axiomprotocol.org\/ro\/#website"},"primaryImageOfPage":{"@id":"https:\/\/boat-demo.axiomprotocol.org\/ro\/produs\/stronger-steel-hands-35-pro-i-instalare-interna\/#primaryimage"},"image":{"@id":"https:\/\/boat-demo.axiomprotocol.org\/ro\/produs\/stronger-steel-hands-35-pro-i-instalare-interna\/#primaryimage"},"thumbnailUrl":"https:\/\/boat-demo.axiomprotocol.org\/wp-content\/uploads\/2025\/07\/STRONGER-\u2013-STEEL-HANDS-35-PRO-I-instalare-interna.jpg","datePublished":"2025-07-23T14:56:37+00:00","dateModified":"2025-07-23T15:03:37+00:00","description":"Troliu ancor\u0103 SH 35 PRO pentru b\u0103rci p\u00e2n\u0103 la 7 m. Motor silen\u021bios de 130W, cobor\u00e2re lin\u0103 \u0219i liber\u0103 a ancorei, fr\u00e2nghie de 40 m. Livrare \u00een toat\u0103 Europa.","breadcrumb":{"@id":"https:\/\/boat-demo.axiomprotocol.org\/ro\/produs\/stronger-steel-hands-35-pro-i-instalare-interna\/#breadcrumb"},"inLanguage":"ro-RO","potentialAction":[{"@type":"ReadAction","target":["https:\/\/boat-demo.axiomprotocol.org\/ro\/produs\/stronger-steel-hands-35-pro-i-instalare-interna\/"]}]},{"@type":"ImageObject","inLanguage":"ro-RO","@id":"https:\/\/boat-demo.axiomprotocol.org\/ro\/produs\/stronger-steel-hands-35-pro-i-instalare-interna\/#primaryimage","url":"https:\/\/boat-demo.axiomprotocol.org\/wp-content\/uploads\/2025\/07\/STRONGER-\u2013-STEEL-HANDS-35-PRO-I-instalare-interna.jpg","contentUrl":"https:\/\/boat-demo.axiomprotocol.org\/wp-content\/uploads\/2025\/07\/STRONGER-\u2013-STEEL-HANDS-35-PRO-I-instalare-interna.jpg","width":555,"height":478,"caption":"STRONGER \u2013 STEEL HANDS 35 PRO I (internal installation)"},{"@type":"BreadcrumbList","@id":"https:\/\/boat-demo.axiomprotocol.org\/ro\/produs\/stronger-steel-hands-35-pro-i-instalare-interna\/#breadcrumb","itemListElement":[{"@type":"ListItem","position":1,"name":"Home","item":"https:\/\/boat-demo.axiomprotocol.org\/"},{"@type":"ListItem","position":2,"name":"Shop Online &#8211; cel mai bun magazin pentru echipamente pentru b\u0103rci","item":"https:\/\/boat-demo.axiomprotocol.org\/ro\/shop-ro\/"},{"@type":"ListItem","position":3,"name":"STRONGER \u2013 STEEL HANDS 35 PRO I (instalare intern\u0103)"}]},{"@type":"WebSite","@id":"https:\/\/boat-demo.axiomprotocol.org\/ro\/#website","url":"https:\/\/boat-demo.axiomprotocol.org\/ro\/","name":"BoatsExpert","description":"Boats, Service, Equipment","publisher":{"@id":"https:\/\/boat-demo.axiomprotocol.org\/ro\/#organization"},"potentialAction":[{"@type":"SearchAction","target":{"@type":"EntryPoint","urlTemplate":"https:\/\/boat-demo.axiomprotocol.org\/ro\/?s={search_term_string}"},"query-input":{"@type":"PropertyValueSpecification","valueRequired":true,"valueName":"search_term_string"}}],"inLanguage":"ro-RO"},{"@type":"Organization","@id":"https:\/\/boat-demo.axiomprotocol.org\/ro\/#organization","name":"BoatsExpert","url":"https:\/\/boat-demo.axiomprotocol.org\/ro\/","logo":{"@type":"ImageObject","inLanguage":"ro-RO","@id":"https:\/\/boat-demo.axiomprotocol.org\/ro\/#\/schema\/logo\/image\/","url":"https:\/\/boat-demo.axiomprotocol.org\/wp-content\/uploads\/2023\/05\/white-logo60.svg","contentUrl":"https:\/\/boat-demo.axiomprotocol.org\/wp-content\/uploads\/2023\/05\/white-logo60.svg","width":90,"height":60,"caption":"BoatsExpert"},"image":{"@id":"https:\/\/boat-demo.axiomprotocol.org\/ro\/#\/schema\/logo\/image\/"}}]}},"_links":{"self":[{"href":"https:\/\/boat-demo.axiomprotocol.org\/ro\/wp-json\/wp\/v2\/product\/40347","targetHints":{"allow":["GET"]}}],"collection":[{"href":"https:\/\/boat-demo.axiomprotocol.org\/ro\/wp-json\/wp\/v2\/product"}],"about":[{"href":"https:\/\/boat-demo.axiomprotocol.org\/ro\/wp-json\/wp\/v2\/types\/product"}],"replies":[{"embeddable":true,"href":"https:\/\/boat-demo.axiomprotocol.org\/ro\/wp-json\/wp\/v2\/comments?post=40347"}],"version-history":[{"count":4,"href":"https:\/\/boat-demo.axiomprotocol.org\/ro\/wp-json\/wp\/v2\/product\/40347\/revisions"}],"predecessor-version":[{"id":40357,"href":"https:\/\/boat-demo.axiomprotocol.org\/ro\/wp-json\/wp\/v2\/product\/40347\/revisions\/40357"}],"wp:featuredmedia":[{"embeddable":true,"href":"https:\/\/boat-demo.axiomprotocol.org\/ro\/wp-json\/wp\/v2\/media\/40349"}],"wp:attachment":[{"href":"https:\/\/boat-demo.axiomprotocol.org\/ro\/wp-json\/wp\/v2\/media?parent=40347"}],"wp:term":[{"taxonomy":"product_brand","embeddable":true,"href":"https:\/\/boat-demo.axiomprotocol.org\/ro\/wp-json\/wp\/v2\/product_brand?post=40347"},{"taxonomy":"product_cat","embeddable":true,"href":"https:\/\/boat-demo.axiomprotocol.org\/ro\/wp-json\/wp\/v2\/product_cat?post=40347"},{"taxonomy":"product_tag","embeddable":true,"href":"https:\/\/boat-demo.axiomprotocol.org\/ro\/wp-json\/wp\/v2\/product_tag?post=40347"}],"curies":[{"name":"wp","href":"https:\/\/api.w.org\/{rel}","templated":true}]}}