{"id":40331,"date":"2025-07-23T17:44:35","date_gmt":"2025-07-23T14:44:36","guid":{"rendered":"https:\/\/boat-demo.axiomprotocol.org\/?post_type=product&#038;p=40331"},"modified":"2025-07-23T17:54:37","modified_gmt":"2025-07-23T14:54:37","slug":"stronger-steel-hands-35-si-instalare-interna","status":"publish","type":"product","link":"https:\/\/boat-demo.axiomprotocol.org\/ro\/produs\/stronger-steel-hands-35-si-instalare-interna\/","title":{"rendered":"STRONGER \u2013 STEEL HANDS 35 SI (instalare intern\u0103)"},"content":{"rendered":"\t\t<div data-elementor-type=\"wp-post\" data-elementor-id=\"40331\" class=\"elementor elementor-40331 elementor-40330\">\n\t\t\t\t\t\t<section class=\"elementor-section elementor-top-section elementor-element elementor-element-acc7402 elementor-section-boxed elementor-section-height-default elementor-section-height-default\" data-id=\"acc7402\" data-element_type=\"section\" data-e-type=\"section\">\n\t\t\t\t\t\t<div class=\"elementor-container elementor-column-gap-default\">\n\t\t\t\t\t<div class=\"elementor-column elementor-col-100 elementor-top-column elementor-element elementor-element-cbfbb84\" data-id=\"cbfbb84\" data-element_type=\"column\" data-e-type=\"column\">\n\t\t\t<div class=\"elementor-widget-wrap elementor-element-populated\">\n\t\t\t\t\t\t<div class=\"elementor-element elementor-element-7e1f043 elementor-widget elementor-widget-heading\" data-id=\"7e1f043\" data-element_type=\"widget\" data-e-type=\"widget\" data-widget_type=\"heading.default\">\n\t\t\t\t<div class=\"elementor-widget-container\">\n\t\t\t\t\t<h6 class=\"elementor-heading-title elementor-size-large\">CARACTERISTICI<\/h6>\t\t\t\t<\/div>\n\t\t\t\t<\/div>\n\t\t\t\t<div class=\"elementor-element elementor-element-a52a04b elementor-widget elementor-widget-text-editor\" data-id=\"a52a04b\" data-element_type=\"widget\" data-e-type=\"widget\" data-widget_type=\"text-editor.default\">\n\t\t\t\t<div class=\"elementor-widget-container\">\n\t\t\t\t\t\t\t\t\t<div><ul class=\"tt-list03\"><li><strong>Corp troliu<\/strong> Corpul troliului, precum \u0219i toate suporturile de fixare, sunt realizate din o\u021bel inoxidabil rezistent.<\/li><li><strong>Mecanismul troliului (pentru ridicarea \u0219i resetarea arm\u0103turii)<\/strong> Mecanismul troliului const\u0103 din: motor cu mecanisme de angrenare \u00eenchise \u0219i antrenare mecanic\u0103 pentru deplasarea bobinei de-a lungul arborelui. Toate p\u0103r\u021bile mecanice implicate \u00een func\u021bionarea troliului sunt lubrifiate cu un unsoare special\u0103 impermeabil\u0103.<\/li><li><strong>Partea electric\u0103<\/strong> Partea electric\u0103 utilizeaz\u0103 un motor cu tensiune de lucru de 12 V. Pe capac nu este montat un buton etan\u0219 cu trei pozi\u021bii cu blocare. Setul include un cablu de 5 metri pentru conectarea troliului la baterie \u0219i un \u00eentrerup\u0103tor termic de siguran\u021b\u0103.<\/li><li><strong>Capac troliu<\/strong> Capac troliului este realizat din plastic durabil ABC, rezistent la radia\u021bii UV. Pe capac se afl\u0103 un buton de control al troliului.<\/li><li><strong>Rol\u0103<\/strong> Bra\u021bele troliului sunt fabricate din o\u021bel inoxidabil solid de 3 mm grosime. Rolele sunt echipate cu role de rulare din plastic durabil.<\/li><li><strong>Sfoar\u0103 de ancor\u0103<\/strong> Troliul este echipat cu o sfoar\u0103 de nailon lung\u0103 de 40 m, cu o rezisten\u021b\u0103 la trac\u021biune de 360 kg.<\/li><li><strong>Elemente de fixare<\/strong> Troliul este livrat cu \u0219uruburi \u0219i piuli\u021be de fixare din o\u021bel inoxidabil pentru fixarea corpului troliului \u0219i a rolelor.<\/li><li><strong>Fi\u0219\u0103 de garan\u021bie<\/strong> Produsul vine cu o fi\u0219\u0103 de garan\u021bie valabil\u0103 1 an.<\/li><li><strong>Ambalare<\/strong> Troliul este ambalat \u00eentr-o cutie robust\u0103 de carton pentru transport.<br \/><br \/><\/li><\/ul><pre><strong>Pentru func\u021bionarea corect\u0103 \u0219i durabil\u0103 a troliului, recomand\u0103m utilizarea ancorelor STRONGER!<\/strong><\/pre><\/div><p><span style=\"color: #c0392b\"><strong>Troliul de ancor\u0103 include o rol\u0103 \u0219i troliul \u00eensu\u0219i. Utilizarea troliului de ancor\u0103 f\u0103r\u0103 rol\u0103 este interzis\u0103!<\/strong><br \/><\/span><\/p>\t\t\t\t\t\t\t\t<\/div>\n\t\t\t\t<\/div>\n\t\t\t\t<div class=\"elementor-element elementor-element-66eb0f7 elementor-widget elementor-widget-heading\" data-id=\"66eb0f7\" data-element_type=\"widget\" data-e-type=\"widget\" data-widget_type=\"heading.default\">\n\t\t\t\t<div class=\"elementor-widget-container\">\n\t\t\t\t\t<h6 class=\"elementor-heading-title elementor-size-large\">SPECIFICATION<\/h6>\t\t\t\t<\/div>\n\t\t\t\t<\/div>\n\t\t\t\t<div class=\"elementor-element elementor-element-5c914b5 elementor-widget elementor-widget-text-editor\" data-id=\"5c914b5\" data-element_type=\"widget\" data-e-type=\"widget\" data-widget_type=\"text-editor.default\">\n\t\t\t\t<div class=\"elementor-widget-container\">\n\t\t\t\t\t\t\t\t\t<div>\n  <table style=\"width: 100%\">\n    <thead>\n      <tr>\n        <th><strong>Parametru<\/strong><\/th>\n        <th><strong>Valoare<\/strong><\/th>\n      <\/tr>\n    <\/thead>\n    <tbody>\n      <tr>\n        <td><strong>Greutatea maxim\u0103 a ancorei *<\/strong><\/td>\n        <td>15 kg<\/td>\n      <\/tr>\n      <tr>\n        <td><strong>Lungimea b\u0103rcii, p\u00e2n\u0103 la<\/strong><\/td>\n        <td>7 m<\/td>\n      <\/tr>\n      <tr>\n        <td><strong>Sfoar\u0103 de ancorare<\/strong><\/td>\n        <td>\u2205 4 mm, lungime 40 m<\/td>\n      <\/tr>\n      <tr>\n        <td><strong>Rol\u0103 de ghidare<\/strong><\/td>\n        <td>Da<\/td>\n      <\/tr>\n      <tr>\n        <td><strong>M\u00e2ner de control<\/strong><\/td>\n        <td>Da<\/td>\n      <\/tr>\n      <tr>\n        <td><strong>Func\u021bia m\u00e2nerului de control<\/strong><\/td>\n        <td>Ridicare \/ cobor\u00e2re<\/td>\n      <\/tr>\n      <tr>\n        <td><strong>Tij\u0103 pentru transport sigur al ancorei<\/strong><\/td>\n        <td>Da<\/td>\n      <\/tr>\n      <tr>\n        <td><strong>Func\u021bia de intrare lin\u0103 a ancorei \u00een ap\u0103<\/strong><\/td>\n        <td>Nu<\/td>\n      <\/tr>\n      <tr>\n        <td><strong>C\u0103dere liber\u0103 a ancorei<\/strong><\/td>\n        <td>Da<\/td>\n      <\/tr>\n      <tr>\n        <td><strong>Viteza de ridicare a ancorei<\/strong><\/td>\n        <td>30 m\/min<\/td>\n      <\/tr>\n      <tr>\n        <td><strong>Num\u0103r buc\u0103\u021bi \u00een pachet<\/strong><\/td>\n        <td>1 bucat\u0103<\/td>\n      <\/tr>\n      <tr>\n        <td><strong>Greutate<\/strong><\/td>\n        <td>9 kg<\/td>\n      <\/tr>\n      <tr>\n        <td><strong>Dimensiuni pachet (L\u00d7l\u00d7\u00ce)<\/strong><\/td>\n        <td>377 \u00d7 307 \u00d7 177 mm<\/td>\n      <\/tr>\n      <tr>\n        <td><strong>Dimensiuni troliu (L\u00d7l\u00d7\u00ce)<\/strong><\/td>\n        <td>280.5 \u00d7 280.5 \u00d7 151 mm<\/td>\n      <\/tr>\n      <tr>\n        <td><strong>Dimensiuni rol\u0103 de ghidare (L\u00d7l\u00d7\u00ce)<\/strong><\/td>\n        <td>260 \u00d7 82 \u00d7 129 mm<\/td>\n      <\/tr>\n      <tr>\n        <td><strong>Num\u0103r model<\/strong><\/td>\n        <td>SH \u2013 35S<\/td>\n      <\/tr>\n      <tr>\n        <td><strong>Garan\u021bie<\/strong><\/td>\n        <td>1 an<\/td>\n      <\/tr>\n      <tr>\n        <td><strong>Sarcin\u0103 maxim\u0103 de lucru<\/strong><\/td>\n        <td>90 kg<\/td>\n      <\/tr>\n    <\/tbody>\n  <\/table>\n<\/div>\n\t\t\t\t\t\t\t\t<\/div>\n\t\t\t\t<\/div>\n\t\t\t\t\t<\/div>\n\t\t<\/div>\n\t\t\t\t\t<\/div>\n\t\t<\/section>\n\t\t\t\t<\/div>\n\t\t","protected":false},"excerpt":{"rendered":"<p>&nbsp;<\/p>\n<p data-start=\"1353\" data-end=\"1837\">Troliu ancor\u0103 SH 35S pentru b\u0103rci p\u00e2n\u0103 la 7 m. Include o fr\u00e2nghie de ancor\u0103 de 40 m lungime \u0219i 4 mm grosime, cu rezisten\u021b\u0103 la rupere de 360 kg. Carcas\u0103 durabil\u0103 din plastic ABC \u0219i mecanism din o\u021bel inoxidabil. Motor de 120W, func\u021bionare silen\u021bioas\u0103. Func\u021bie de cobor\u00e2re liber\u0103 a ancorei \u2014 ancora ajunge rapid pe fund. Include rulet\u0103, elemente de fixare, cablu de alimentare \u0219i garan\u021bie de 1 an. Disponibil pentru montare deschis\u0103 \u0219i ascuns\u0103. Fiabil \u0219i durabil.<\/p>\n<p data-start=\"1940\" data-end=\"2141\">\n","protected":false},"featured_media":40333,"comment_status":"open","ping_status":"closed","template":"","meta":{"_acf_changed":false,"inline_featured_image":false},"product_brand":[],"product_cat":[340,439],"product_tag":[],"class_list":{"0":"post-40331","1":"product","2":"type-product","3":"status-publish","4":"has-post-thumbnail","6":"product_cat-sisteme-de-prindere-ro","7":"product_cat-stronger-ro","8":"tt-post","10":"first","11":"instock","12":"shipping-taxable","13":"purchasable","14":"product-type-simple"},"acf":[],"yoast_head":"<!-- This site is optimized with the Yoast SEO plugin v27.4 - https:\/\/yoast.com\/product\/yoast-seo-wordpress\/ -->\n<title>STRONGER \u2013 STEEL HANDS 35 SI (instalare intern\u0103) - BoatsExpert<\/title>\n<meta name=\"description\" content=\"Troliu ancor\u0103 SH 35S pentru b\u0103rci p\u00e2n\u0103 la 7 m. Motor silen\u021bios de 120W, cobor\u00e2re liber\u0103 a ancorei, fr\u00e2nghie de 40 m. Durabil \u0219i fiabil de la BoatsExpert.\" \/>\n<meta name=\"robots\" content=\"index, follow, max-snippet:-1, max-image-preview:large, max-video-preview:-1\" \/>\n<link rel=\"canonical\" href=\"https:\/\/boat-demo.axiomprotocol.org\/ro\/produs\/stronger-steel-hands-35-si-instalare-interna\/\" \/>\n<meta property=\"og:locale\" content=\"ro_RO\" \/>\n<meta property=\"og:type\" content=\"article\" \/>\n<meta property=\"og:title\" content=\"STRONGER \u2013 STEEL HANDS 35 SI (instalare intern\u0103) - BoatsExpert\" \/>\n<meta property=\"og:description\" content=\"Troliu ancor\u0103 SH 35S pentru b\u0103rci p\u00e2n\u0103 la 7 m. Motor silen\u021bios de 120W, cobor\u00e2re liber\u0103 a ancorei, fr\u00e2nghie de 40 m. Durabil \u0219i fiabil de la BoatsExpert.\" \/>\n<meta property=\"og:url\" content=\"https:\/\/boat-demo.axiomprotocol.org\/ro\/produs\/stronger-steel-hands-35-si-instalare-interna\/\" \/>\n<meta property=\"og:site_name\" content=\"BoatsExpert\" \/>\n<meta property=\"article:modified_time\" content=\"2025-07-23T14:54:37+00:00\" \/>\n<meta property=\"og:image\" content=\"https:\/\/boat-demo.axiomprotocol.org\/wp-content\/uploads\/2025\/07\/STRONGER-\u2013-STEEL-HANDS-35-SI-instalare-interna.jpg\" \/>\n\t<meta property=\"og:image:width\" content=\"555\" \/>\n\t<meta property=\"og:image:height\" content=\"478\" \/>\n\t<meta property=\"og:image:type\" content=\"image\/jpeg\" \/>\n<meta name=\"twitter:card\" content=\"summary_large_image\" \/>\n<meta name=\"twitter:label1\" content=\"Timp estimat pentru citire\" \/>\n\t<meta name=\"twitter:data1\" content=\"2 minute\" \/>\n<script type=\"application\/ld+json\" class=\"yoast-schema-graph\">{\"@context\":\"https:\\\/\\\/schema.org\",\"@graph\":[{\"@type\":\"WebPage\",\"@id\":\"https:\\\/\\\/boat-demo.axiomprotocol.org\\\/ro\\\/produs\\\/stronger-steel-hands-35-si-instalare-interna\\\/\",\"url\":\"https:\\\/\\\/boat-demo.axiomprotocol.org\\\/ro\\\/produs\\\/stronger-steel-hands-35-si-instalare-interna\\\/\",\"name\":\"STRONGER \u2013 STEEL HANDS 35 SI (instalare intern\u0103) - BoatsExpert\",\"isPartOf\":{\"@id\":\"https:\\\/\\\/boat-demo.axiomprotocol.org\\\/ro\\\/#website\"},\"primaryImageOfPage\":{\"@id\":\"https:\\\/\\\/boat-demo.axiomprotocol.org\\\/ro\\\/produs\\\/stronger-steel-hands-35-si-instalare-interna\\\/#primaryimage\"},\"image\":{\"@id\":\"https:\\\/\\\/boat-demo.axiomprotocol.org\\\/ro\\\/produs\\\/stronger-steel-hands-35-si-instalare-interna\\\/#primaryimage\"},\"thumbnailUrl\":\"https:\\\/\\\/boat-demo.axiomprotocol.org\\\/wp-content\\\/uploads\\\/2025\\\/07\\\/STRONGER-\u2013-STEEL-HANDS-35-SI-instalare-interna.jpg\",\"datePublished\":\"2025-07-23T14:44:36+00:00\",\"dateModified\":\"2025-07-23T14:54:37+00:00\",\"description\":\"Troliu ancor\u0103 SH 35S pentru b\u0103rci p\u00e2n\u0103 la 7 m. Motor silen\u021bios de 120W, cobor\u00e2re liber\u0103 a ancorei, fr\u00e2nghie de 40 m. Durabil \u0219i fiabil de la BoatsExpert.\",\"breadcrumb\":{\"@id\":\"https:\\\/\\\/boat-demo.axiomprotocol.org\\\/ro\\\/produs\\\/stronger-steel-hands-35-si-instalare-interna\\\/#breadcrumb\"},\"inLanguage\":\"ro-RO\",\"potentialAction\":[{\"@type\":\"ReadAction\",\"target\":[\"https:\\\/\\\/boat-demo.axiomprotocol.org\\\/ro\\\/produs\\\/stronger-steel-hands-35-si-instalare-interna\\\/\"]}]},{\"@type\":\"ImageObject\",\"inLanguage\":\"ro-RO\",\"@id\":\"https:\\\/\\\/boat-demo.axiomprotocol.org\\\/ro\\\/produs\\\/stronger-steel-hands-35-si-instalare-interna\\\/#primaryimage\",\"url\":\"https:\\\/\\\/boat-demo.axiomprotocol.org\\\/wp-content\\\/uploads\\\/2025\\\/07\\\/STRONGER-\u2013-STEEL-HANDS-35-SI-instalare-interna.jpg\",\"contentUrl\":\"https:\\\/\\\/boat-demo.axiomprotocol.org\\\/wp-content\\\/uploads\\\/2025\\\/07\\\/STRONGER-\u2013-STEEL-HANDS-35-SI-instalare-interna.jpg\",\"width\":555,\"height\":478,\"caption\":\"STRONGER \u2013 STEEL HANDS 35 SI (internal installation)\"},{\"@type\":\"BreadcrumbList\",\"@id\":\"https:\\\/\\\/boat-demo.axiomprotocol.org\\\/ro\\\/produs\\\/stronger-steel-hands-35-si-instalare-interna\\\/#breadcrumb\",\"itemListElement\":[{\"@type\":\"ListItem\",\"position\":1,\"name\":\"Home\",\"item\":\"https:\\\/\\\/boat-demo.axiomprotocol.org\\\/\"},{\"@type\":\"ListItem\",\"position\":2,\"name\":\"Shop Online &#8211; cel mai bun magazin pentru echipamente pentru b\u0103rci\",\"item\":\"https:\\\/\\\/boat-demo.axiomprotocol.org\\\/ro\\\/shop-ro\\\/\"},{\"@type\":\"ListItem\",\"position\":3,\"name\":\"STRONGER \u2013 STEEL HANDS 35 SI (instalare intern\u0103)\"}]},{\"@type\":\"WebSite\",\"@id\":\"https:\\\/\\\/boat-demo.axiomprotocol.org\\\/ro\\\/#website\",\"url\":\"https:\\\/\\\/boat-demo.axiomprotocol.org\\\/ro\\\/\",\"name\":\"BoatsExpert\",\"description\":\"Boats, Service, Equipment\",\"publisher\":{\"@id\":\"https:\\\/\\\/boat-demo.axiomprotocol.org\\\/ro\\\/#organization\"},\"potentialAction\":[{\"@type\":\"SearchAction\",\"target\":{\"@type\":\"EntryPoint\",\"urlTemplate\":\"https:\\\/\\\/boat-demo.axiomprotocol.org\\\/ro\\\/?s={search_term_string}\"},\"query-input\":{\"@type\":\"PropertyValueSpecification\",\"valueRequired\":true,\"valueName\":\"search_term_string\"}}],\"inLanguage\":\"ro-RO\"},{\"@type\":\"Organization\",\"@id\":\"https:\\\/\\\/boat-demo.axiomprotocol.org\\\/ro\\\/#organization\",\"name\":\"BoatsExpert\",\"url\":\"https:\\\/\\\/boat-demo.axiomprotocol.org\\\/ro\\\/\",\"logo\":{\"@type\":\"ImageObject\",\"inLanguage\":\"ro-RO\",\"@id\":\"https:\\\/\\\/boat-demo.axiomprotocol.org\\\/ro\\\/#\\\/schema\\\/logo\\\/image\\\/\",\"url\":\"https:\\\/\\\/boat-demo.axiomprotocol.org\\\/wp-content\\\/uploads\\\/2023\\\/05\\\/white-logo60.svg\",\"contentUrl\":\"https:\\\/\\\/boat-demo.axiomprotocol.org\\\/wp-content\\\/uploads\\\/2023\\\/05\\\/white-logo60.svg\",\"width\":90,\"height\":60,\"caption\":\"BoatsExpert\"},\"image\":{\"@id\":\"https:\\\/\\\/boat-demo.axiomprotocol.org\\\/ro\\\/#\\\/schema\\\/logo\\\/image\\\/\"}}]}<\/script>\n<!-- \/ Yoast SEO plugin. -->","yoast_head_json":{"title":"STRONGER \u2013 STEEL HANDS 35 SI (instalare intern\u0103) - BoatsExpert","description":"Troliu ancor\u0103 SH 35S pentru b\u0103rci p\u00e2n\u0103 la 7 m. Motor silen\u021bios de 120W, cobor\u00e2re liber\u0103 a ancorei, fr\u00e2nghie de 40 m. Durabil \u0219i fiabil de la BoatsExpert.","robots":{"index":"index","follow":"follow","max-snippet":"max-snippet:-1","max-image-preview":"max-image-preview:large","max-video-preview":"max-video-preview:-1"},"canonical":"https:\/\/boat-demo.axiomprotocol.org\/ro\/produs\/stronger-steel-hands-35-si-instalare-interna\/","og_locale":"ro_RO","og_type":"article","og_title":"STRONGER \u2013 STEEL HANDS 35 SI (instalare intern\u0103) - BoatsExpert","og_description":"Troliu ancor\u0103 SH 35S pentru b\u0103rci p\u00e2n\u0103 la 7 m. Motor silen\u021bios de 120W, cobor\u00e2re liber\u0103 a ancorei, fr\u00e2nghie de 40 m. Durabil \u0219i fiabil de la BoatsExpert.","og_url":"https:\/\/boat-demo.axiomprotocol.org\/ro\/produs\/stronger-steel-hands-35-si-instalare-interna\/","og_site_name":"BoatsExpert","article_modified_time":"2025-07-23T14:54:37+00:00","og_image":[{"width":555,"height":478,"url":"https:\/\/boat-demo.axiomprotocol.org\/wp-content\/uploads\/2025\/07\/STRONGER-\u2013-STEEL-HANDS-35-SI-instalare-interna.jpg","type":"image\/jpeg"}],"twitter_card":"summary_large_image","twitter_misc":{"Timp estimat pentru citire":"2 minute"},"schema":{"@context":"https:\/\/schema.org","@graph":[{"@type":"WebPage","@id":"https:\/\/boat-demo.axiomprotocol.org\/ro\/produs\/stronger-steel-hands-35-si-instalare-interna\/","url":"https:\/\/boat-demo.axiomprotocol.org\/ro\/produs\/stronger-steel-hands-35-si-instalare-interna\/","name":"STRONGER \u2013 STEEL HANDS 35 SI (instalare intern\u0103) - BoatsExpert","isPartOf":{"@id":"https:\/\/boat-demo.axiomprotocol.org\/ro\/#website"},"primaryImageOfPage":{"@id":"https:\/\/boat-demo.axiomprotocol.org\/ro\/produs\/stronger-steel-hands-35-si-instalare-interna\/#primaryimage"},"image":{"@id":"https:\/\/boat-demo.axiomprotocol.org\/ro\/produs\/stronger-steel-hands-35-si-instalare-interna\/#primaryimage"},"thumbnailUrl":"https:\/\/boat-demo.axiomprotocol.org\/wp-content\/uploads\/2025\/07\/STRONGER-\u2013-STEEL-HANDS-35-SI-instalare-interna.jpg","datePublished":"2025-07-23T14:44:36+00:00","dateModified":"2025-07-23T14:54:37+00:00","description":"Troliu ancor\u0103 SH 35S pentru b\u0103rci p\u00e2n\u0103 la 7 m. Motor silen\u021bios de 120W, cobor\u00e2re liber\u0103 a ancorei, fr\u00e2nghie de 40 m. Durabil \u0219i fiabil de la BoatsExpert.","breadcrumb":{"@id":"https:\/\/boat-demo.axiomprotocol.org\/ro\/produs\/stronger-steel-hands-35-si-instalare-interna\/#breadcrumb"},"inLanguage":"ro-RO","potentialAction":[{"@type":"ReadAction","target":["https:\/\/boat-demo.axiomprotocol.org\/ro\/produs\/stronger-steel-hands-35-si-instalare-interna\/"]}]},{"@type":"ImageObject","inLanguage":"ro-RO","@id":"https:\/\/boat-demo.axiomprotocol.org\/ro\/produs\/stronger-steel-hands-35-si-instalare-interna\/#primaryimage","url":"https:\/\/boat-demo.axiomprotocol.org\/wp-content\/uploads\/2025\/07\/STRONGER-\u2013-STEEL-HANDS-35-SI-instalare-interna.jpg","contentUrl":"https:\/\/boat-demo.axiomprotocol.org\/wp-content\/uploads\/2025\/07\/STRONGER-\u2013-STEEL-HANDS-35-SI-instalare-interna.jpg","width":555,"height":478,"caption":"STRONGER \u2013 STEEL HANDS 35 SI (internal installation)"},{"@type":"BreadcrumbList","@id":"https:\/\/boat-demo.axiomprotocol.org\/ro\/produs\/stronger-steel-hands-35-si-instalare-interna\/#breadcrumb","itemListElement":[{"@type":"ListItem","position":1,"name":"Home","item":"https:\/\/boat-demo.axiomprotocol.org\/"},{"@type":"ListItem","position":2,"name":"Shop Online &#8211; cel mai bun magazin pentru echipamente pentru b\u0103rci","item":"https:\/\/boat-demo.axiomprotocol.org\/ro\/shop-ro\/"},{"@type":"ListItem","position":3,"name":"STRONGER \u2013 STEEL HANDS 35 SI (instalare intern\u0103)"}]},{"@type":"WebSite","@id":"https:\/\/boat-demo.axiomprotocol.org\/ro\/#website","url":"https:\/\/boat-demo.axiomprotocol.org\/ro\/","name":"BoatsExpert","description":"Boats, Service, Equipment","publisher":{"@id":"https:\/\/boat-demo.axiomprotocol.org\/ro\/#organization"},"potentialAction":[{"@type":"SearchAction","target":{"@type":"EntryPoint","urlTemplate":"https:\/\/boat-demo.axiomprotocol.org\/ro\/?s={search_term_string}"},"query-input":{"@type":"PropertyValueSpecification","valueRequired":true,"valueName":"search_term_string"}}],"inLanguage":"ro-RO"},{"@type":"Organization","@id":"https:\/\/boat-demo.axiomprotocol.org\/ro\/#organization","name":"BoatsExpert","url":"https:\/\/boat-demo.axiomprotocol.org\/ro\/","logo":{"@type":"ImageObject","inLanguage":"ro-RO","@id":"https:\/\/boat-demo.axiomprotocol.org\/ro\/#\/schema\/logo\/image\/","url":"https:\/\/boat-demo.axiomprotocol.org\/wp-content\/uploads\/2023\/05\/white-logo60.svg","contentUrl":"https:\/\/boat-demo.axiomprotocol.org\/wp-content\/uploads\/2023\/05\/white-logo60.svg","width":90,"height":60,"caption":"BoatsExpert"},"image":{"@id":"https:\/\/boat-demo.axiomprotocol.org\/ro\/#\/schema\/logo\/image\/"}}]}},"_links":{"self":[{"href":"https:\/\/boat-demo.axiomprotocol.org\/ro\/wp-json\/wp\/v2\/product\/40331","targetHints":{"allow":["GET"]}}],"collection":[{"href":"https:\/\/boat-demo.axiomprotocol.org\/ro\/wp-json\/wp\/v2\/product"}],"about":[{"href":"https:\/\/boat-demo.axiomprotocol.org\/ro\/wp-json\/wp\/v2\/types\/product"}],"replies":[{"embeddable":true,"href":"https:\/\/boat-demo.axiomprotocol.org\/ro\/wp-json\/wp\/v2\/comments?post=40331"}],"version-history":[{"count":5,"href":"https:\/\/boat-demo.axiomprotocol.org\/ro\/wp-json\/wp\/v2\/product\/40331\/revisions"}],"predecessor-version":[{"id":40345,"href":"https:\/\/boat-demo.axiomprotocol.org\/ro\/wp-json\/wp\/v2\/product\/40331\/revisions\/40345"}],"wp:featuredmedia":[{"embeddable":true,"href":"https:\/\/boat-demo.axiomprotocol.org\/ro\/wp-json\/wp\/v2\/media\/40333"}],"wp:attachment":[{"href":"https:\/\/boat-demo.axiomprotocol.org\/ro\/wp-json\/wp\/v2\/media?parent=40331"}],"wp:term":[{"taxonomy":"product_brand","embeddable":true,"href":"https:\/\/boat-demo.axiomprotocol.org\/ro\/wp-json\/wp\/v2\/product_brand?post=40331"},{"taxonomy":"product_cat","embeddable":true,"href":"https:\/\/boat-demo.axiomprotocol.org\/ro\/wp-json\/wp\/v2\/product_cat?post=40331"},{"taxonomy":"product_tag","embeddable":true,"href":"https:\/\/boat-demo.axiomprotocol.org\/ro\/wp-json\/wp\/v2\/product_tag?post=40331"}],"curies":[{"name":"wp","href":"https:\/\/api.w.org\/{rel}","templated":true}]}}