{"id":40318,"date":"2025-07-23T17:35:42","date_gmt":"2025-07-23T14:35:43","guid":{"rendered":"https:\/\/boat-demo.axiomprotocol.org\/?post_type=product&#038;p=40318"},"modified":"2025-07-23T17:41:58","modified_gmt":"2025-07-23T14:41:58","slug":"stronger-steel-hands-35i-instalare-interna","status":"publish","type":"product","link":"https:\/\/boat-demo.axiomprotocol.org\/ro\/produs\/stronger-steel-hands-35i-instalare-interna\/","title":{"rendered":"STRONGER \u2013 STEEL HANDS 35I (instalare interna)"},"content":{"rendered":"\t\t<div data-elementor-type=\"wp-post\" data-elementor-id=\"40318\" class=\"elementor elementor-40318 elementor-40317\">\n\t\t\t\t\t\t<section class=\"elementor-section elementor-top-section elementor-element elementor-element-acc7402 elementor-section-boxed elementor-section-height-default elementor-section-height-default\" data-id=\"acc7402\" data-element_type=\"section\" data-e-type=\"section\">\n\t\t\t\t\t\t<div class=\"elementor-container elementor-column-gap-default\">\n\t\t\t\t\t<div class=\"elementor-column elementor-col-100 elementor-top-column elementor-element elementor-element-cbfbb84\" data-id=\"cbfbb84\" data-element_type=\"column\" data-e-type=\"column\">\n\t\t\t<div class=\"elementor-widget-wrap elementor-element-populated\">\n\t\t\t\t\t\t<div class=\"elementor-element elementor-element-7e1f043 elementor-widget elementor-widget-heading\" data-id=\"7e1f043\" data-element_type=\"widget\" data-e-type=\"widget\" data-widget_type=\"heading.default\">\n\t\t\t\t<div class=\"elementor-widget-container\">\n\t\t\t\t\t<h6 class=\"elementor-heading-title elementor-size-large\">CARACTERISTICI<\/h6>\t\t\t\t<\/div>\n\t\t\t\t<\/div>\n\t\t\t\t<div class=\"elementor-element elementor-element-a52a04b elementor-widget elementor-widget-text-editor\" data-id=\"a52a04b\" data-element_type=\"widget\" data-e-type=\"widget\" data-widget_type=\"text-editor.default\">\n\t\t\t\t<div class=\"elementor-widget-container\">\n\t\t\t\t\t\t\t\t\t<div><ul class=\"tt-list03\"><li><strong>Corpul troliului<\/strong> Patul troliu, precum \u0219i toate suporturile de montare (modelele Steel Hands 35) sunt realizate din o\u021bel rezistent.<\/li><li><strong>Mecanismul de troliu (pentru ancore \u0219i ridicare)<\/strong> Mecanismul de troliu este format din: un motor cu mecanisme de angrenare \u00eenchise \u0219i o ac\u021bionare mecanic\u0103 pentru deplasarea bobinei de-a lungul arborelui. Toate piesele mecanice implicate \u00een troliu sunt lubrifiate cu o gr\u0103sime special\u0103 hidrofug\u0103.<\/li><li><strong>Partea electric\u0103<\/strong> \u00cen partea electric\u0103 a troliului, se folose\u0219te un motor de 120 W cu o tensiune de func\u021bionare de 12 V. Pe capac (modele Steel Hands 35), pe pat (modele Steel Hands 35) exist\u0103 un buton fix cu trei pozi\u021bii, rezistent la umiditate. Kitul este dotat cu un fir pentru conectarea troliului la o baterie lung\u0103 de 5 metri \u0219i un releu de siguran\u021b\u0103 termic\u0103.<\/li><li><strong>Capac de troliu superior pentru m\u00e2inile de o\u021bel 35<\/strong> Capacului troliu este confec\u021bionat dintr-un plastic ABC rezistent la radia\u021bii UVC. Pe capacul troliului este un buton de control al troliului.<\/li><li><strong>R\u00e2ndul de troliu al m\u00e2inilor de o\u021bel 35<\/strong> Rolele de troliu sunt confec\u021bionate din o\u021bel rezistent cu o grosime de 3 mm. Ruloul are o rol\u0103 din material plastic rezistent.<\/li><li><strong>R\u00e2nduri de o\u021bel pentru m\u00e2ini de o\u021bel 35I<\/strong> Rolele de troliu sunt confec\u021bionate din o\u021bel rezistent cu o grosime de 3 mm. Pe rol\u0103 exist\u0103 2 role de rulare din plastic rezistent.<\/li><li><strong>Cablu de ancor\u0103<\/strong> Troliu este echipat cu un cablu de nailon de 40 m lungime, cu o for\u021b\u0103 de trac\u021biune de 360 kg.<\/li><li><strong>Elemente de fixare<\/strong> Setul de troliu este livrat cu \u0219uruburi \u0219i piuli\u021be de fixare zincate pentru fixarea corpului troliului \u0219i a rulourilor.<\/li><li><strong>Fi\u0219\u0103 de garan\u021bie<\/strong> Produsul este completat cu o foaie de garan\u021bie, cu o perioad\u0103 de garan\u021bie de 1 an.<\/li><li><strong>Ambalare<\/strong> Troliu este ambalat \u00eentr-un carton de transport durabil.<br \/><br \/><\/li><\/ul><pre><strong>Pentru func\u021bionarea corect\u0103 \u0219i durabil\u0103 a troliului, v\u0103 recomand\u0103m s\u0103 folosi\u021bi ancorele companiei STRONGER!<\/strong><\/pre><\/div><p><span style=\"color: #c0392b\"><strong>Troliu de ancor\u0103 include o role \u0219i troliul \u00een sine. Utilizarea unui troliu de ancorare f\u0103r\u0103 rulouri cu norm\u0103 \u00eentreag\u0103 este interzis\u0103!<br \/><\/strong><br \/><\/span><\/p>\t\t\t\t\t\t\t\t<\/div>\n\t\t\t\t<\/div>\n\t\t\t\t\t<\/div>\n\t\t<\/div>\n\t\t\t\t\t<\/div>\n\t\t<\/section>\n\t\t\t\t<\/div>\n\t\t","protected":false},"excerpt":{"rendered":"<p>&nbsp;<\/p>\n<p data-start=\"1555\" data-end=\"2073\">Troliu ancor\u0103 SH 35 pentru b\u0103rci p\u00e2n\u0103 la 7 m. Are o fr\u00e2nghie de ancor\u0103 de 40 m lungime \u0219i 4 mm grosime, cu rezisten\u021b\u0103 la rupere de 360 kg. Carcas\u0103 durabil\u0103 din plastic ABC, rezistent la UV \u0219i varia\u021bii de temperatur\u0103. Mecanism din o\u021bel galvanizat, func\u021bionare silen\u021bioas\u0103. Func\u021bie de cobor\u00e2re liber\u0103 a ancorei \u2014 ancora ajunge rapid pe fund. Transmisie mecanic\u0103 pentru fiabilitate crescut\u0103. Motor de 120W. Disponibil \u00een variante pentru montare deschis\u0103 \u0219i \u00eenchis\u0103. Se recomand\u0103 ancor\u0103 de 8\u201314 kg.<\/p>\n<p data-start=\"2075\" data-end=\"2275\">\n<p data-start=\"1940\" data-end=\"2141\">\n","protected":false},"featured_media":40320,"comment_status":"open","ping_status":"closed","template":"","meta":{"_acf_changed":false,"inline_featured_image":false},"product_brand":[],"product_cat":[340,439],"product_tag":[],"class_list":{"0":"post-40318","1":"product","2":"type-product","3":"status-publish","4":"has-post-thumbnail","6":"product_cat-sisteme-de-prindere-ro","7":"product_cat-stronger-ro","8":"tt-post","10":"first","11":"instock","12":"shipping-taxable","13":"purchasable","14":"product-type-simple"},"acf":[],"yoast_head":"<!-- This site is optimized with the Yoast SEO plugin v27.4 - https:\/\/yoast.com\/product\/yoast-seo-wordpress\/ -->\n<title>STRONGER \u2013 STEEL HANDS 35I (instalare interna) - BoatsExpert<\/title>\n<meta name=\"description\" content=\"Troliu ancor\u0103 SH 35 pentru b\u0103rci p\u00e2n\u0103 la 7 m. Motor silen\u021bios de 120W, cobor\u00e2re liber\u0103 a ancorei, fr\u00e2nghie de 40 m. Livrare \u00een toat\u0103 Europa.\" \/>\n<meta name=\"robots\" content=\"index, follow, max-snippet:-1, max-image-preview:large, max-video-preview:-1\" \/>\n<link rel=\"canonical\" href=\"https:\/\/boat-demo.axiomprotocol.org\/ro\/produs\/stronger-steel-hands-35i-instalare-interna\/\" \/>\n<meta property=\"og:locale\" content=\"ro_RO\" \/>\n<meta property=\"og:type\" content=\"article\" \/>\n<meta property=\"og:title\" content=\"STRONGER \u2013 STEEL HANDS 35I (instalare interna) - BoatsExpert\" \/>\n<meta property=\"og:description\" content=\"Troliu ancor\u0103 SH 35 pentru b\u0103rci p\u00e2n\u0103 la 7 m. Motor silen\u021bios de 120W, cobor\u00e2re liber\u0103 a ancorei, fr\u00e2nghie de 40 m. Livrare \u00een toat\u0103 Europa.\" \/>\n<meta property=\"og:url\" content=\"https:\/\/boat-demo.axiomprotocol.org\/ro\/produs\/stronger-steel-hands-35i-instalare-interna\/\" \/>\n<meta property=\"og:site_name\" content=\"BoatsExpert\" \/>\n<meta property=\"article:modified_time\" content=\"2025-07-23T14:41:58+00:00\" \/>\n<meta property=\"og:image\" content=\"https:\/\/boat-demo.axiomprotocol.org\/wp-content\/uploads\/2025\/07\/STRONGER-\u2013-STEEL-HANDS-35I-instalare-interna.jpg\" \/>\n\t<meta property=\"og:image:width\" content=\"555\" \/>\n\t<meta property=\"og:image:height\" content=\"478\" \/>\n\t<meta property=\"og:image:type\" content=\"image\/jpeg\" \/>\n<meta name=\"twitter:card\" content=\"summary_large_image\" \/>\n<meta name=\"twitter:label1\" content=\"Timp estimat pentru citire\" \/>\n\t<meta name=\"twitter:data1\" content=\"2 minute\" \/>\n<script type=\"application\/ld+json\" class=\"yoast-schema-graph\">{\"@context\":\"https:\\\/\\\/schema.org\",\"@graph\":[{\"@type\":\"WebPage\",\"@id\":\"https:\\\/\\\/boat-demo.axiomprotocol.org\\\/ro\\\/produs\\\/stronger-steel-hands-35i-instalare-interna\\\/\",\"url\":\"https:\\\/\\\/boat-demo.axiomprotocol.org\\\/ro\\\/produs\\\/stronger-steel-hands-35i-instalare-interna\\\/\",\"name\":\"STRONGER \u2013 STEEL HANDS 35I (instalare interna) - BoatsExpert\",\"isPartOf\":{\"@id\":\"https:\\\/\\\/boat-demo.axiomprotocol.org\\\/ro\\\/#website\"},\"primaryImageOfPage\":{\"@id\":\"https:\\\/\\\/boat-demo.axiomprotocol.org\\\/ro\\\/produs\\\/stronger-steel-hands-35i-instalare-interna\\\/#primaryimage\"},\"image\":{\"@id\":\"https:\\\/\\\/boat-demo.axiomprotocol.org\\\/ro\\\/produs\\\/stronger-steel-hands-35i-instalare-interna\\\/#primaryimage\"},\"thumbnailUrl\":\"https:\\\/\\\/boat-demo.axiomprotocol.org\\\/wp-content\\\/uploads\\\/2025\\\/07\\\/STRONGER-\u2013-STEEL-HANDS-35I-instalare-interna.jpg\",\"datePublished\":\"2025-07-23T14:35:43+00:00\",\"dateModified\":\"2025-07-23T14:41:58+00:00\",\"description\":\"Troliu ancor\u0103 SH 35 pentru b\u0103rci p\u00e2n\u0103 la 7 m. Motor silen\u021bios de 120W, cobor\u00e2re liber\u0103 a ancorei, fr\u00e2nghie de 40 m. Livrare \u00een toat\u0103 Europa.\",\"breadcrumb\":{\"@id\":\"https:\\\/\\\/boat-demo.axiomprotocol.org\\\/ro\\\/produs\\\/stronger-steel-hands-35i-instalare-interna\\\/#breadcrumb\"},\"inLanguage\":\"ro-RO\",\"potentialAction\":[{\"@type\":\"ReadAction\",\"target\":[\"https:\\\/\\\/boat-demo.axiomprotocol.org\\\/ro\\\/produs\\\/stronger-steel-hands-35i-instalare-interna\\\/\"]}]},{\"@type\":\"ImageObject\",\"inLanguage\":\"ro-RO\",\"@id\":\"https:\\\/\\\/boat-demo.axiomprotocol.org\\\/ro\\\/produs\\\/stronger-steel-hands-35i-instalare-interna\\\/#primaryimage\",\"url\":\"https:\\\/\\\/boat-demo.axiomprotocol.org\\\/wp-content\\\/uploads\\\/2025\\\/07\\\/STRONGER-\u2013-STEEL-HANDS-35I-instalare-interna.jpg\",\"contentUrl\":\"https:\\\/\\\/boat-demo.axiomprotocol.org\\\/wp-content\\\/uploads\\\/2025\\\/07\\\/STRONGER-\u2013-STEEL-HANDS-35I-instalare-interna.jpg\",\"width\":555,\"height\":478,\"caption\":\"STRONGER \u2013 STEEL HANDS 35I (internal installation)\"},{\"@type\":\"BreadcrumbList\",\"@id\":\"https:\\\/\\\/boat-demo.axiomprotocol.org\\\/ro\\\/produs\\\/stronger-steel-hands-35i-instalare-interna\\\/#breadcrumb\",\"itemListElement\":[{\"@type\":\"ListItem\",\"position\":1,\"name\":\"Home\",\"item\":\"https:\\\/\\\/boat-demo.axiomprotocol.org\\\/\"},{\"@type\":\"ListItem\",\"position\":2,\"name\":\"Shop Online &#8211; cel mai bun magazin pentru echipamente pentru b\u0103rci\",\"item\":\"https:\\\/\\\/boat-demo.axiomprotocol.org\\\/ro\\\/shop-ro\\\/\"},{\"@type\":\"ListItem\",\"position\":3,\"name\":\"STRONGER \u2013 STEEL HANDS 35I (instalare interna)\"}]},{\"@type\":\"WebSite\",\"@id\":\"https:\\\/\\\/boat-demo.axiomprotocol.org\\\/ro\\\/#website\",\"url\":\"https:\\\/\\\/boat-demo.axiomprotocol.org\\\/ro\\\/\",\"name\":\"BoatsExpert\",\"description\":\"Boats, Service, Equipment\",\"publisher\":{\"@id\":\"https:\\\/\\\/boat-demo.axiomprotocol.org\\\/ro\\\/#organization\"},\"potentialAction\":[{\"@type\":\"SearchAction\",\"target\":{\"@type\":\"EntryPoint\",\"urlTemplate\":\"https:\\\/\\\/boat-demo.axiomprotocol.org\\\/ro\\\/?s={search_term_string}\"},\"query-input\":{\"@type\":\"PropertyValueSpecification\",\"valueRequired\":true,\"valueName\":\"search_term_string\"}}],\"inLanguage\":\"ro-RO\"},{\"@type\":\"Organization\",\"@id\":\"https:\\\/\\\/boat-demo.axiomprotocol.org\\\/ro\\\/#organization\",\"name\":\"BoatsExpert\",\"url\":\"https:\\\/\\\/boat-demo.axiomprotocol.org\\\/ro\\\/\",\"logo\":{\"@type\":\"ImageObject\",\"inLanguage\":\"ro-RO\",\"@id\":\"https:\\\/\\\/boat-demo.axiomprotocol.org\\\/ro\\\/#\\\/schema\\\/logo\\\/image\\\/\",\"url\":\"https:\\\/\\\/boat-demo.axiomprotocol.org\\\/wp-content\\\/uploads\\\/2023\\\/05\\\/white-logo60.svg\",\"contentUrl\":\"https:\\\/\\\/boat-demo.axiomprotocol.org\\\/wp-content\\\/uploads\\\/2023\\\/05\\\/white-logo60.svg\",\"width\":90,\"height\":60,\"caption\":\"BoatsExpert\"},\"image\":{\"@id\":\"https:\\\/\\\/boat-demo.axiomprotocol.org\\\/ro\\\/#\\\/schema\\\/logo\\\/image\\\/\"}}]}<\/script>\n<!-- \/ Yoast SEO plugin. -->","yoast_head_json":{"title":"STRONGER \u2013 STEEL HANDS 35I (instalare interna) - BoatsExpert","description":"Troliu ancor\u0103 SH 35 pentru b\u0103rci p\u00e2n\u0103 la 7 m. Motor silen\u021bios de 120W, cobor\u00e2re liber\u0103 a ancorei, fr\u00e2nghie de 40 m. Livrare \u00een toat\u0103 Europa.","robots":{"index":"index","follow":"follow","max-snippet":"max-snippet:-1","max-image-preview":"max-image-preview:large","max-video-preview":"max-video-preview:-1"},"canonical":"https:\/\/boat-demo.axiomprotocol.org\/ro\/produs\/stronger-steel-hands-35i-instalare-interna\/","og_locale":"ro_RO","og_type":"article","og_title":"STRONGER \u2013 STEEL HANDS 35I (instalare interna) - BoatsExpert","og_description":"Troliu ancor\u0103 SH 35 pentru b\u0103rci p\u00e2n\u0103 la 7 m. Motor silen\u021bios de 120W, cobor\u00e2re liber\u0103 a ancorei, fr\u00e2nghie de 40 m. Livrare \u00een toat\u0103 Europa.","og_url":"https:\/\/boat-demo.axiomprotocol.org\/ro\/produs\/stronger-steel-hands-35i-instalare-interna\/","og_site_name":"BoatsExpert","article_modified_time":"2025-07-23T14:41:58+00:00","og_image":[{"width":555,"height":478,"url":"https:\/\/boat-demo.axiomprotocol.org\/wp-content\/uploads\/2025\/07\/STRONGER-\u2013-STEEL-HANDS-35I-instalare-interna.jpg","type":"image\/jpeg"}],"twitter_card":"summary_large_image","twitter_misc":{"Timp estimat pentru citire":"2 minute"},"schema":{"@context":"https:\/\/schema.org","@graph":[{"@type":"WebPage","@id":"https:\/\/boat-demo.axiomprotocol.org\/ro\/produs\/stronger-steel-hands-35i-instalare-interna\/","url":"https:\/\/boat-demo.axiomprotocol.org\/ro\/produs\/stronger-steel-hands-35i-instalare-interna\/","name":"STRONGER \u2013 STEEL HANDS 35I (instalare interna) - BoatsExpert","isPartOf":{"@id":"https:\/\/boat-demo.axiomprotocol.org\/ro\/#website"},"primaryImageOfPage":{"@id":"https:\/\/boat-demo.axiomprotocol.org\/ro\/produs\/stronger-steel-hands-35i-instalare-interna\/#primaryimage"},"image":{"@id":"https:\/\/boat-demo.axiomprotocol.org\/ro\/produs\/stronger-steel-hands-35i-instalare-interna\/#primaryimage"},"thumbnailUrl":"https:\/\/boat-demo.axiomprotocol.org\/wp-content\/uploads\/2025\/07\/STRONGER-\u2013-STEEL-HANDS-35I-instalare-interna.jpg","datePublished":"2025-07-23T14:35:43+00:00","dateModified":"2025-07-23T14:41:58+00:00","description":"Troliu ancor\u0103 SH 35 pentru b\u0103rci p\u00e2n\u0103 la 7 m. Motor silen\u021bios de 120W, cobor\u00e2re liber\u0103 a ancorei, fr\u00e2nghie de 40 m. Livrare \u00een toat\u0103 Europa.","breadcrumb":{"@id":"https:\/\/boat-demo.axiomprotocol.org\/ro\/produs\/stronger-steel-hands-35i-instalare-interna\/#breadcrumb"},"inLanguage":"ro-RO","potentialAction":[{"@type":"ReadAction","target":["https:\/\/boat-demo.axiomprotocol.org\/ro\/produs\/stronger-steel-hands-35i-instalare-interna\/"]}]},{"@type":"ImageObject","inLanguage":"ro-RO","@id":"https:\/\/boat-demo.axiomprotocol.org\/ro\/produs\/stronger-steel-hands-35i-instalare-interna\/#primaryimage","url":"https:\/\/boat-demo.axiomprotocol.org\/wp-content\/uploads\/2025\/07\/STRONGER-\u2013-STEEL-HANDS-35I-instalare-interna.jpg","contentUrl":"https:\/\/boat-demo.axiomprotocol.org\/wp-content\/uploads\/2025\/07\/STRONGER-\u2013-STEEL-HANDS-35I-instalare-interna.jpg","width":555,"height":478,"caption":"STRONGER \u2013 STEEL HANDS 35I (internal installation)"},{"@type":"BreadcrumbList","@id":"https:\/\/boat-demo.axiomprotocol.org\/ro\/produs\/stronger-steel-hands-35i-instalare-interna\/#breadcrumb","itemListElement":[{"@type":"ListItem","position":1,"name":"Home","item":"https:\/\/boat-demo.axiomprotocol.org\/"},{"@type":"ListItem","position":2,"name":"Shop Online &#8211; cel mai bun magazin pentru echipamente pentru b\u0103rci","item":"https:\/\/boat-demo.axiomprotocol.org\/ro\/shop-ro\/"},{"@type":"ListItem","position":3,"name":"STRONGER \u2013 STEEL HANDS 35I (instalare interna)"}]},{"@type":"WebSite","@id":"https:\/\/boat-demo.axiomprotocol.org\/ro\/#website","url":"https:\/\/boat-demo.axiomprotocol.org\/ro\/","name":"BoatsExpert","description":"Boats, Service, Equipment","publisher":{"@id":"https:\/\/boat-demo.axiomprotocol.org\/ro\/#organization"},"potentialAction":[{"@type":"SearchAction","target":{"@type":"EntryPoint","urlTemplate":"https:\/\/boat-demo.axiomprotocol.org\/ro\/?s={search_term_string}"},"query-input":{"@type":"PropertyValueSpecification","valueRequired":true,"valueName":"search_term_string"}}],"inLanguage":"ro-RO"},{"@type":"Organization","@id":"https:\/\/boat-demo.axiomprotocol.org\/ro\/#organization","name":"BoatsExpert","url":"https:\/\/boat-demo.axiomprotocol.org\/ro\/","logo":{"@type":"ImageObject","inLanguage":"ro-RO","@id":"https:\/\/boat-demo.axiomprotocol.org\/ro\/#\/schema\/logo\/image\/","url":"https:\/\/boat-demo.axiomprotocol.org\/wp-content\/uploads\/2023\/05\/white-logo60.svg","contentUrl":"https:\/\/boat-demo.axiomprotocol.org\/wp-content\/uploads\/2023\/05\/white-logo60.svg","width":90,"height":60,"caption":"BoatsExpert"},"image":{"@id":"https:\/\/boat-demo.axiomprotocol.org\/ro\/#\/schema\/logo\/image\/"}}]}},"_links":{"self":[{"href":"https:\/\/boat-demo.axiomprotocol.org\/ro\/wp-json\/wp\/v2\/product\/40318","targetHints":{"allow":["GET"]}}],"collection":[{"href":"https:\/\/boat-demo.axiomprotocol.org\/ro\/wp-json\/wp\/v2\/product"}],"about":[{"href":"https:\/\/boat-demo.axiomprotocol.org\/ro\/wp-json\/wp\/v2\/types\/product"}],"replies":[{"embeddable":true,"href":"https:\/\/boat-demo.axiomprotocol.org\/ro\/wp-json\/wp\/v2\/comments?post=40318"}],"version-history":[{"count":4,"href":"https:\/\/boat-demo.axiomprotocol.org\/ro\/wp-json\/wp\/v2\/product\/40318\/revisions"}],"predecessor-version":[{"id":40326,"href":"https:\/\/boat-demo.axiomprotocol.org\/ro\/wp-json\/wp\/v2\/product\/40318\/revisions\/40326"}],"wp:featuredmedia":[{"embeddable":true,"href":"https:\/\/boat-demo.axiomprotocol.org\/ro\/wp-json\/wp\/v2\/media\/40320"}],"wp:attachment":[{"href":"https:\/\/boat-demo.axiomprotocol.org\/ro\/wp-json\/wp\/v2\/media?parent=40318"}],"wp:term":[{"taxonomy":"product_brand","embeddable":true,"href":"https:\/\/boat-demo.axiomprotocol.org\/ro\/wp-json\/wp\/v2\/product_brand?post=40318"},{"taxonomy":"product_cat","embeddable":true,"href":"https:\/\/boat-demo.axiomprotocol.org\/ro\/wp-json\/wp\/v2\/product_cat?post=40318"},{"taxonomy":"product_tag","embeddable":true,"href":"https:\/\/boat-demo.axiomprotocol.org\/ro\/wp-json\/wp\/v2\/product_tag?post=40318"}],"curies":[{"name":"wp","href":"https:\/\/api.w.org\/{rel}","templated":true}]}}