{"id":40299,"date":"2025-07-23T17:28:43","date_gmt":"2025-07-23T14:28:43","guid":{"rendered":"https:\/\/boat-demo.axiomprotocol.org\/?post_type=product&#038;p=40299"},"modified":"2025-07-23T17:34:55","modified_gmt":"2025-07-23T14:34:55","slug":"stronger-steel-hands-10","status":"publish","type":"product","link":"https:\/\/boat-demo.axiomprotocol.org\/ro\/produs\/stronger-steel-hands-10\/","title":{"rendered":"STRONGER \u2013 STEEL HANDS 10"},"content":{"rendered":"\t\t<div data-elementor-type=\"wp-post\" data-elementor-id=\"40299\" class=\"elementor elementor-40299 elementor-40298\">\n\t\t\t\t\t\t<section class=\"elementor-section elementor-top-section elementor-element elementor-element-acc7402 elementor-section-boxed elementor-section-height-default elementor-section-height-default\" data-id=\"acc7402\" data-element_type=\"section\" data-e-type=\"section\">\n\t\t\t\t\t\t<div class=\"elementor-container elementor-column-gap-default\">\n\t\t\t\t\t<div class=\"elementor-column elementor-col-100 elementor-top-column elementor-element elementor-element-cbfbb84\" data-id=\"cbfbb84\" data-element_type=\"column\" data-e-type=\"column\">\n\t\t\t<div class=\"elementor-widget-wrap elementor-element-populated\">\n\t\t\t\t\t\t<div class=\"elementor-element elementor-element-7e1f043 elementor-widget elementor-widget-heading\" data-id=\"7e1f043\" data-element_type=\"widget\" data-e-type=\"widget\" data-widget_type=\"heading.default\">\n\t\t\t\t<div class=\"elementor-widget-container\">\n\t\t\t\t\t<h6 class=\"elementor-heading-title elementor-size-large\">CARACTERISTICI<\/h6>\t\t\t\t<\/div>\n\t\t\t\t<\/div>\n\t\t\t\t<div class=\"elementor-element elementor-element-a52a04b elementor-widget elementor-widget-text-editor\" data-id=\"a52a04b\" data-element_type=\"widget\" data-e-type=\"widget\" data-widget_type=\"text-editor.default\">\n\t\t\t\t<div class=\"elementor-widget-container\">\n\t\t\t\t\t\t\t\t\t<div><ul class=\"tt-list03\"><li><strong>Corpul troliului<\/strong> Corpul troliului este realizat din o\u021bel durabil de 3 mm grosime.<\/li><li><strong>Rola<\/strong> Bra\u021bul rolei este fabricat din o\u021bel cu o grosime de 2 mm. Are instalat\u0103 la cap\u0103t o rol\u0103 din plastic rezistent.<\/li><li><strong>Sfoara de ancorare<\/strong> Troliul este dotat cu o sfoar\u0103 de nailon de 30 m, cu sarcina maxim\u0103 de 360 kg.<\/li><li><strong>Sistemul de montare<\/strong> Troliul este dotat cu toate elementele de fixare necesare pentru montarea corpului \u0219i rolei pe barc\u0103.<\/li><li><strong>Garan\u021bie<\/strong> Produsul are o perioad\u0103 de garan\u021bie de 1 an.<\/li><li><strong>Ambalarea<\/strong> Troliul este ambalat \u00eentr-o cutie de transport durabil\u0103.<\/li><\/ul><p><span style=\"color: #c0392b\"><br \/><strong>Troliu de ancor\u0103 include rola \u0219i troliu. Folosirea troliului de ancor\u0103 f\u0103r\u0103 bra\u021bul cu rol\u0103 este interzis\u0103 \u0219i duce la anularea garan\u021biei.<\/strong><br \/><\/span><\/p><\/div>\t\t\t\t\t\t\t\t<\/div>\n\t\t\t\t<\/div>\n\t\t\t\t\t<\/div>\n\t\t<\/div>\n\t\t\t\t\t<\/div>\n\t\t<\/section>\n\t\t\t\t<\/div>\n\t\t","protected":false},"excerpt":{"rendered":"<p>&nbsp;<\/p>\n<p data-start=\"1753\" data-end=\"2378\">Troliul de ancor\u0103 SH 10 este destinat b\u0103rcilor gonflabile, din aluminiu \u0219i fibr\u0103 de sticl\u0103 p\u00e2n\u0103 la 4 m, ca sistem principal sau de rezerv\u0103. Are o fr\u00e2nghie de ancor\u0103 de 30 m lungime \u0219i 3,5 mm grosime, cu sarcin\u0103 maxim\u0103 de 360 kg. Mecanism din o\u021bel cu acoperire galvanic\u0103, func\u021bionare foarte silen\u021bioas\u0103. F\u0103r\u0103 func\u021bia de aducere a ancorei la suprafa\u021ba apei \u2014 ancora cade liber \u0219i ajunge rapid pe fund. Ridicarea ancorei dureaz\u0103 circa 1 minut, cu efort minim. Sistemul de blocare permite schimbarea m\u00e2inii f\u0103r\u0103 rota\u021bie invers\u0103. Complet mecanic, pentru fiabilitate crescut\u0103. Se recomand\u0103 ancor\u0103 de 5\u20138 kg.<\/p>\n<p data-start=\"2380\" data-end=\"2583\">\n<p data-start=\"1940\" data-end=\"2141\">\n","protected":false},"featured_media":40301,"comment_status":"open","ping_status":"closed","template":"","meta":{"_acf_changed":false,"inline_featured_image":false},"product_brand":[],"product_cat":[340,439],"product_tag":[],"class_list":{"0":"post-40299","1":"product","2":"type-product","3":"status-publish","4":"has-post-thumbnail","6":"product_cat-sisteme-de-prindere-ro","7":"product_cat-stronger-ro","8":"tt-post","10":"first","11":"instock","12":"shipping-taxable","13":"purchasable","14":"product-type-simple"},"acf":[],"yoast_head":"<!-- This site is optimized with the Yoast SEO plugin v27.4 - https:\/\/yoast.com\/product\/yoast-seo-wordpress\/ -->\n<title>STRONGER \u2013 STEEL HANDS 10 - BoatsExpert<\/title>\n<meta name=\"description\" content=\"Troliu ancor\u0103 SH 10 pentru b\u0103rci p\u00e2n\u0103 la 4 m. Mecanism silen\u021bios, cobor\u00e2re liber\u0103 a ancorei, fr\u00e2nghie de 30 m. Livrare \u00een toat\u0103 Europa.\" \/>\n<meta name=\"robots\" content=\"index, follow, max-snippet:-1, max-image-preview:large, max-video-preview:-1\" \/>\n<link rel=\"canonical\" href=\"https:\/\/boat-demo.axiomprotocol.org\/product\/stronger-steel-hands-10\/\" \/>\n<meta property=\"og:locale\" content=\"ro_RO\" \/>\n<meta property=\"og:type\" content=\"article\" \/>\n<meta property=\"og:title\" content=\"STRONGER \u2013 STEEL HANDS 10 - BoatsExpert\" \/>\n<meta property=\"og:description\" content=\"Troliu ancor\u0103 SH 10 pentru b\u0103rci p\u00e2n\u0103 la 4 m. Mecanism silen\u021bios, cobor\u00e2re liber\u0103 a ancorei, fr\u00e2nghie de 30 m. Livrare \u00een toat\u0103 Europa.\" \/>\n<meta property=\"og:url\" content=\"https:\/\/boat-demo.axiomprotocol.org\/product\/stronger-steel-hands-10\/\" \/>\n<meta property=\"og:site_name\" content=\"BoatsExpert\" \/>\n<meta property=\"article:modified_time\" content=\"2025-07-23T14:34:55+00:00\" \/>\n<meta property=\"og:image\" content=\"https:\/\/boat-demo.axiomprotocol.org\/wp-content\/uploads\/2025\/07\/STRONGER-\u2013-STEEL-HANDS-10.jpg\" \/>\n\t<meta property=\"og:image:width\" content=\"555\" \/>\n\t<meta property=\"og:image:height\" content=\"478\" \/>\n\t<meta property=\"og:image:type\" content=\"image\/jpeg\" \/>\n<meta name=\"twitter:card\" content=\"summary_large_image\" \/>\n<meta name=\"twitter:label1\" content=\"Timp estimat pentru citire\" \/>\n\t<meta name=\"twitter:data1\" content=\"1 minut\" \/>\n<script type=\"application\/ld+json\" class=\"yoast-schema-graph\">{\"@context\":\"https:\\\/\\\/schema.org\",\"@graph\":[{\"@type\":\"WebPage\",\"@id\":\"https:\\\/\\\/boat-demo.axiomprotocol.org\\\/product\\\/stronger-steel-hands-10\\\/\",\"url\":\"https:\\\/\\\/boat-demo.axiomprotocol.org\\\/product\\\/stronger-steel-hands-10\\\/\",\"name\":\"STRONGER \u2013 STEEL HANDS 10 - BoatsExpert\",\"isPartOf\":{\"@id\":\"https:\\\/\\\/boat-demo.axiomprotocol.org\\\/ro\\\/#website\"},\"primaryImageOfPage\":{\"@id\":\"https:\\\/\\\/boat-demo.axiomprotocol.org\\\/product\\\/stronger-steel-hands-10\\\/#primaryimage\"},\"image\":{\"@id\":\"https:\\\/\\\/boat-demo.axiomprotocol.org\\\/product\\\/stronger-steel-hands-10\\\/#primaryimage\"},\"thumbnailUrl\":\"https:\\\/\\\/boat-demo.axiomprotocol.org\\\/wp-content\\\/uploads\\\/2025\\\/07\\\/STRONGER-\u2013-STEEL-HANDS-10.jpg\",\"datePublished\":\"2025-07-23T14:28:43+00:00\",\"dateModified\":\"2025-07-23T14:34:55+00:00\",\"description\":\"Troliu ancor\u0103 SH 10 pentru b\u0103rci p\u00e2n\u0103 la 4 m. Mecanism silen\u021bios, cobor\u00e2re liber\u0103 a ancorei, fr\u00e2nghie de 30 m. Livrare \u00een toat\u0103 Europa.\",\"breadcrumb\":{\"@id\":\"https:\\\/\\\/boat-demo.axiomprotocol.org\\\/product\\\/stronger-steel-hands-10\\\/#breadcrumb\"},\"inLanguage\":\"ro-RO\",\"potentialAction\":[{\"@type\":\"ReadAction\",\"target\":[\"https:\\\/\\\/boat-demo.axiomprotocol.org\\\/product\\\/stronger-steel-hands-10\\\/\"]}]},{\"@type\":\"ImageObject\",\"inLanguage\":\"ro-RO\",\"@id\":\"https:\\\/\\\/boat-demo.axiomprotocol.org\\\/product\\\/stronger-steel-hands-10\\\/#primaryimage\",\"url\":\"https:\\\/\\\/boat-demo.axiomprotocol.org\\\/wp-content\\\/uploads\\\/2025\\\/07\\\/STRONGER-\u2013-STEEL-HANDS-10.jpg\",\"contentUrl\":\"https:\\\/\\\/boat-demo.axiomprotocol.org\\\/wp-content\\\/uploads\\\/2025\\\/07\\\/STRONGER-\u2013-STEEL-HANDS-10.jpg\",\"width\":555,\"height\":478,\"caption\":\"STRONGER \u2013 STEEL HANDS 10\"},{\"@type\":\"BreadcrumbList\",\"@id\":\"https:\\\/\\\/boat-demo.axiomprotocol.org\\\/product\\\/stronger-steel-hands-10\\\/#breadcrumb\",\"itemListElement\":[{\"@type\":\"ListItem\",\"position\":1,\"name\":\"Home\",\"item\":\"https:\\\/\\\/boat-demo.axiomprotocol.org\\\/\"},{\"@type\":\"ListItem\",\"position\":2,\"name\":\"Shop Online &#8211; cel mai bun magazin pentru echipamente pentru b\u0103rci\",\"item\":\"https:\\\/\\\/boat-demo.axiomprotocol.org\\\/ro\\\/shop-ro\\\/\"},{\"@type\":\"ListItem\",\"position\":3,\"name\":\"STRONGER \u2013 STEEL HANDS 10\"}]},{\"@type\":\"WebSite\",\"@id\":\"https:\\\/\\\/boat-demo.axiomprotocol.org\\\/ro\\\/#website\",\"url\":\"https:\\\/\\\/boat-demo.axiomprotocol.org\\\/ro\\\/\",\"name\":\"BoatsExpert\",\"description\":\"Boats, Service, Equipment\",\"publisher\":{\"@id\":\"https:\\\/\\\/boat-demo.axiomprotocol.org\\\/ro\\\/#organization\"},\"potentialAction\":[{\"@type\":\"SearchAction\",\"target\":{\"@type\":\"EntryPoint\",\"urlTemplate\":\"https:\\\/\\\/boat-demo.axiomprotocol.org\\\/ro\\\/?s={search_term_string}\"},\"query-input\":{\"@type\":\"PropertyValueSpecification\",\"valueRequired\":true,\"valueName\":\"search_term_string\"}}],\"inLanguage\":\"ro-RO\"},{\"@type\":\"Organization\",\"@id\":\"https:\\\/\\\/boat-demo.axiomprotocol.org\\\/ro\\\/#organization\",\"name\":\"BoatsExpert\",\"url\":\"https:\\\/\\\/boat-demo.axiomprotocol.org\\\/ro\\\/\",\"logo\":{\"@type\":\"ImageObject\",\"inLanguage\":\"ro-RO\",\"@id\":\"https:\\\/\\\/boat-demo.axiomprotocol.org\\\/ro\\\/#\\\/schema\\\/logo\\\/image\\\/\",\"url\":\"https:\\\/\\\/boat-demo.axiomprotocol.org\\\/wp-content\\\/uploads\\\/2023\\\/05\\\/white-logo60.svg\",\"contentUrl\":\"https:\\\/\\\/boat-demo.axiomprotocol.org\\\/wp-content\\\/uploads\\\/2023\\\/05\\\/white-logo60.svg\",\"width\":90,\"height\":60,\"caption\":\"BoatsExpert\"},\"image\":{\"@id\":\"https:\\\/\\\/boat-demo.axiomprotocol.org\\\/ro\\\/#\\\/schema\\\/logo\\\/image\\\/\"}}]}<\/script>\n<!-- \/ Yoast SEO plugin. -->","yoast_head_json":{"title":"STRONGER \u2013 STEEL HANDS 10 - BoatsExpert","description":"Troliu ancor\u0103 SH 10 pentru b\u0103rci p\u00e2n\u0103 la 4 m. Mecanism silen\u021bios, cobor\u00e2re liber\u0103 a ancorei, fr\u00e2nghie de 30 m. Livrare \u00een toat\u0103 Europa.","robots":{"index":"index","follow":"follow","max-snippet":"max-snippet:-1","max-image-preview":"max-image-preview:large","max-video-preview":"max-video-preview:-1"},"canonical":"https:\/\/boat-demo.axiomprotocol.org\/product\/stronger-steel-hands-10\/","og_locale":"ro_RO","og_type":"article","og_title":"STRONGER \u2013 STEEL HANDS 10 - BoatsExpert","og_description":"Troliu ancor\u0103 SH 10 pentru b\u0103rci p\u00e2n\u0103 la 4 m. Mecanism silen\u021bios, cobor\u00e2re liber\u0103 a ancorei, fr\u00e2nghie de 30 m. Livrare \u00een toat\u0103 Europa.","og_url":"https:\/\/boat-demo.axiomprotocol.org\/product\/stronger-steel-hands-10\/","og_site_name":"BoatsExpert","article_modified_time":"2025-07-23T14:34:55+00:00","og_image":[{"width":555,"height":478,"url":"https:\/\/boat-demo.axiomprotocol.org\/wp-content\/uploads\/2025\/07\/STRONGER-\u2013-STEEL-HANDS-10.jpg","type":"image\/jpeg"}],"twitter_card":"summary_large_image","twitter_misc":{"Timp estimat pentru citire":"1 minut"},"schema":{"@context":"https:\/\/schema.org","@graph":[{"@type":"WebPage","@id":"https:\/\/boat-demo.axiomprotocol.org\/product\/stronger-steel-hands-10\/","url":"https:\/\/boat-demo.axiomprotocol.org\/product\/stronger-steel-hands-10\/","name":"STRONGER \u2013 STEEL HANDS 10 - BoatsExpert","isPartOf":{"@id":"https:\/\/boat-demo.axiomprotocol.org\/ro\/#website"},"primaryImageOfPage":{"@id":"https:\/\/boat-demo.axiomprotocol.org\/product\/stronger-steel-hands-10\/#primaryimage"},"image":{"@id":"https:\/\/boat-demo.axiomprotocol.org\/product\/stronger-steel-hands-10\/#primaryimage"},"thumbnailUrl":"https:\/\/boat-demo.axiomprotocol.org\/wp-content\/uploads\/2025\/07\/STRONGER-\u2013-STEEL-HANDS-10.jpg","datePublished":"2025-07-23T14:28:43+00:00","dateModified":"2025-07-23T14:34:55+00:00","description":"Troliu ancor\u0103 SH 10 pentru b\u0103rci p\u00e2n\u0103 la 4 m. Mecanism silen\u021bios, cobor\u00e2re liber\u0103 a ancorei, fr\u00e2nghie de 30 m. Livrare \u00een toat\u0103 Europa.","breadcrumb":{"@id":"https:\/\/boat-demo.axiomprotocol.org\/product\/stronger-steel-hands-10\/#breadcrumb"},"inLanguage":"ro-RO","potentialAction":[{"@type":"ReadAction","target":["https:\/\/boat-demo.axiomprotocol.org\/product\/stronger-steel-hands-10\/"]}]},{"@type":"ImageObject","inLanguage":"ro-RO","@id":"https:\/\/boat-demo.axiomprotocol.org\/product\/stronger-steel-hands-10\/#primaryimage","url":"https:\/\/boat-demo.axiomprotocol.org\/wp-content\/uploads\/2025\/07\/STRONGER-\u2013-STEEL-HANDS-10.jpg","contentUrl":"https:\/\/boat-demo.axiomprotocol.org\/wp-content\/uploads\/2025\/07\/STRONGER-\u2013-STEEL-HANDS-10.jpg","width":555,"height":478,"caption":"STRONGER \u2013 STEEL HANDS 10"},{"@type":"BreadcrumbList","@id":"https:\/\/boat-demo.axiomprotocol.org\/product\/stronger-steel-hands-10\/#breadcrumb","itemListElement":[{"@type":"ListItem","position":1,"name":"Home","item":"https:\/\/boat-demo.axiomprotocol.org\/"},{"@type":"ListItem","position":2,"name":"Shop Online &#8211; cel mai bun magazin pentru echipamente pentru b\u0103rci","item":"https:\/\/boat-demo.axiomprotocol.org\/ro\/shop-ro\/"},{"@type":"ListItem","position":3,"name":"STRONGER \u2013 STEEL HANDS 10"}]},{"@type":"WebSite","@id":"https:\/\/boat-demo.axiomprotocol.org\/ro\/#website","url":"https:\/\/boat-demo.axiomprotocol.org\/ro\/","name":"BoatsExpert","description":"Boats, Service, Equipment","publisher":{"@id":"https:\/\/boat-demo.axiomprotocol.org\/ro\/#organization"},"potentialAction":[{"@type":"SearchAction","target":{"@type":"EntryPoint","urlTemplate":"https:\/\/boat-demo.axiomprotocol.org\/ro\/?s={search_term_string}"},"query-input":{"@type":"PropertyValueSpecification","valueRequired":true,"valueName":"search_term_string"}}],"inLanguage":"ro-RO"},{"@type":"Organization","@id":"https:\/\/boat-demo.axiomprotocol.org\/ro\/#organization","name":"BoatsExpert","url":"https:\/\/boat-demo.axiomprotocol.org\/ro\/","logo":{"@type":"ImageObject","inLanguage":"ro-RO","@id":"https:\/\/boat-demo.axiomprotocol.org\/ro\/#\/schema\/logo\/image\/","url":"https:\/\/boat-demo.axiomprotocol.org\/wp-content\/uploads\/2023\/05\/white-logo60.svg","contentUrl":"https:\/\/boat-demo.axiomprotocol.org\/wp-content\/uploads\/2023\/05\/white-logo60.svg","width":90,"height":60,"caption":"BoatsExpert"},"image":{"@id":"https:\/\/boat-demo.axiomprotocol.org\/ro\/#\/schema\/logo\/image\/"}}]}},"_links":{"self":[{"href":"https:\/\/boat-demo.axiomprotocol.org\/ro\/wp-json\/wp\/v2\/product\/40299","targetHints":{"allow":["GET"]}}],"collection":[{"href":"https:\/\/boat-demo.axiomprotocol.org\/ro\/wp-json\/wp\/v2\/product"}],"about":[{"href":"https:\/\/boat-demo.axiomprotocol.org\/ro\/wp-json\/wp\/v2\/types\/product"}],"replies":[{"embeddable":true,"href":"https:\/\/boat-demo.axiomprotocol.org\/ro\/wp-json\/wp\/v2\/comments?post=40299"}],"version-history":[{"count":7,"href":"https:\/\/boat-demo.axiomprotocol.org\/ro\/wp-json\/wp\/v2\/product\/40299\/revisions"}],"predecessor-version":[{"id":40316,"href":"https:\/\/boat-demo.axiomprotocol.org\/ro\/wp-json\/wp\/v2\/product\/40299\/revisions\/40316"}],"wp:featuredmedia":[{"embeddable":true,"href":"https:\/\/boat-demo.axiomprotocol.org\/ro\/wp-json\/wp\/v2\/media\/40301"}],"wp:attachment":[{"href":"https:\/\/boat-demo.axiomprotocol.org\/ro\/wp-json\/wp\/v2\/media?parent=40299"}],"wp:term":[{"taxonomy":"product_brand","embeddable":true,"href":"https:\/\/boat-demo.axiomprotocol.org\/ro\/wp-json\/wp\/v2\/product_brand?post=40299"},{"taxonomy":"product_cat","embeddable":true,"href":"https:\/\/boat-demo.axiomprotocol.org\/ro\/wp-json\/wp\/v2\/product_cat?post=40299"},{"taxonomy":"product_tag","embeddable":true,"href":"https:\/\/boat-demo.axiomprotocol.org\/ro\/wp-json\/wp\/v2\/product_tag?post=40299"}],"curies":[{"name":"wp","href":"https:\/\/api.w.org\/{rel}","templated":true}]}}