{"id":40272,"date":"2025-07-23T17:14:10","date_gmt":"2025-07-23T14:14:10","guid":{"rendered":"https:\/\/boat-demo.axiomprotocol.org\/?post_type=product&#038;p=40272"},"modified":"2025-07-23T17:19:02","modified_gmt":"2025-07-23T14:19:02","slug":"stronger-steel-hands-20","status":"publish","type":"product","link":"https:\/\/boat-demo.axiomprotocol.org\/ro\/produs\/stronger-steel-hands-20\/","title":{"rendered":"STRONGER \u2013 STEEL HANDS 20"},"content":{"rendered":"\t\t<div data-elementor-type=\"wp-post\" data-elementor-id=\"40272\" class=\"elementor elementor-40272 elementor-40271\">\n\t\t\t\t\t\t<section class=\"elementor-section elementor-top-section elementor-element elementor-element-acc7402 elementor-section-boxed elementor-section-height-default elementor-section-height-default\" data-id=\"acc7402\" data-element_type=\"section\" data-e-type=\"section\">\n\t\t\t\t\t\t<div class=\"elementor-container elementor-column-gap-default\">\n\t\t\t\t\t<div class=\"elementor-column elementor-col-100 elementor-top-column elementor-element elementor-element-cbfbb84\" data-id=\"cbfbb84\" data-element_type=\"column\" data-e-type=\"column\">\n\t\t\t<div class=\"elementor-widget-wrap elementor-element-populated\">\n\t\t\t\t\t\t<div class=\"elementor-element elementor-element-7e1f043 elementor-widget elementor-widget-heading\" data-id=\"7e1f043\" data-element_type=\"widget\" data-e-type=\"widget\" data-widget_type=\"heading.default\">\n\t\t\t\t<div class=\"elementor-widget-container\">\n\t\t\t\t\t<h6 class=\"elementor-heading-title elementor-size-large\">CARACTERISTICI<\/h6>\t\t\t\t<\/div>\n\t\t\t\t<\/div>\n\t\t\t\t<div class=\"elementor-element elementor-element-a52a04b elementor-widget elementor-widget-text-editor\" data-id=\"a52a04b\" data-element_type=\"widget\" data-e-type=\"widget\" data-widget_type=\"text-editor.default\">\n\t\t\t\t<div class=\"elementor-widget-container\">\n\t\t\t\t\t\t\t\t\t<div><ul class=\"tt-list03\"><li><strong>Corpul troliului<\/strong> Corpul troliului este realizat din o\u021bel durabil de 3 mm grosime.<\/li><li><strong>Mecanismul troliului<\/strong> Mecanismul troliului const\u0103 dintr-un angrenaj de tip \u00eenchis, un mecanism de c\u0103dere liber\u0103 \u0219i o bobin\u0103 pentru sfoara de ancorare.<\/li><li><strong>Partea electric\u0103<\/strong> Partea electric\u0103 a troliului const\u0103 dintr-un motor cu o tensiune de operare de 12 V. Pe capac se afla butonul de activare a troliului. Kitul este dotat cu un cablu pentru conectarea troliului la baterie cu o lungime de 5 metri \u0219i un releu de siguran\u021b\u0103 termic\u0103.<\/li><li><strong>Rola<\/strong> Bra\u021bul rolei este fabricat din o\u021bel cu o grosime de 3 mm. Are instalat\u0103 la cap\u0103t o rol\u0103 din plastic rezistent.<\/li><li><strong>Sfoara de ancorare<\/strong> Troliu este echipat cu o sfoar\u0103 de nailon cu diametrul de 3,5 mm \u0219i lungimea de 30 m \u0219i cu o sarcina maxim\u0103 de 360 kg.<\/li><li><strong>Sistemul de montare<\/strong> Troliul este dotat cu toate elementele de fixare necesare pentru montarea corpului \u0219i rolei pe barc\u0103.<\/li><li><strong>Garan\u021bie<\/strong> Produsul are o perioad\u0103 de garan\u021bie de 1 an.<\/li><li><strong>Ambalare<\/strong> Troliu \u0219i kit-ul de montare pe barca gonflabil\u0103 sunt ambalate \u00eentr-o cutie de transport durabil\u0103.<br \/><br \/><\/li><\/ul><pre><strong>Pentru func\u021bionarea corect\u0103 \u0219i durabil\u0103 a troliului, v\u0103 recomand\u0103m s\u0103 folosi\u021bi ancorele companiei STRONGER!<\/strong><\/pre><\/div><p><span style=\"color: #c0392b\"><strong>Troliu de ancor\u0103 include bra\u021bul cu rola \u0219i troliul \u00een sine. Folosirea troliului de ancor\u0103 f\u0103r\u0103 bra\u021bul cu rol\u0103 este interzis\u0103 \u0219i duce la anularea garan\u021biei.<br \/><\/strong><br \/><\/span><\/p>\t\t\t\t\t\t\t\t<\/div>\n\t\t\t\t<\/div>\n\t\t\t\t<div class=\"elementor-element elementor-element-61e2283 elementor-widget elementor-widget-heading\" data-id=\"61e2283\" data-element_type=\"widget\" data-e-type=\"widget\" data-widget_type=\"heading.default\">\n\t\t\t\t<div class=\"elementor-widget-container\">\n\t\t\t\t\t<h6 class=\"elementor-heading-title elementor-size-large\">SPECIFICATII<\/h6>\t\t\t\t<\/div>\n\t\t\t\t<\/div>\n\t\t\t\t<div class=\"elementor-element elementor-element-c9e26dc elementor-widget elementor-widget-text-editor\" data-id=\"c9e26dc\" data-element_type=\"widget\" data-e-type=\"widget\" data-widget_type=\"text-editor.default\">\n\t\t\t\t<div class=\"elementor-widget-container\">\n\t\t\t\t\t\t\t\t\t<div>\n<table style=\"width: 100%\">\n  <thead>\n    <tr>\n      <th><strong>Parametru<\/strong><\/th>\n      <th><strong>Valoare<\/strong><\/th>\n    <\/tr>\n  <\/thead>\n  <tbody>\n    <tr>\n      <td><strong>Greutate maxim\u0103 a ancorei<\/strong><\/td>\n      <td>8 kg<\/td>\n    <\/tr>\n    <tr>\n      <td><strong>Lungimea b\u0103rcii<\/strong><\/td>\n      <td>p\u00e2n\u0103 la 4 m<\/td>\n    <\/tr>\n    <tr>\n      <td><strong>Sfoara de ancor\u0103<\/strong><\/td>\n      <td>3,5 mm x 30 m<\/td>\n    <\/tr>\n    <tr>\n      <td><strong>Bra\u021bul cu rol\u0103<\/strong><\/td>\n      <td>da<\/td>\n    <\/tr>\n    <tr>\n      <td><strong>Buton de comand\u0103<\/strong><\/td>\n      <td>da<\/td>\n    <\/tr>\n    <tr>\n      <td><strong>Func\u021bia butonului de control<\/strong><\/td>\n      <td>ridicare \/ cobor\u00e2re<\/td>\n    <\/tr>\n    <tr>\n      <td><strong>Tij\u0103 de siguran\u021b\u0103 pentru transportare<\/strong><\/td>\n      <td>da<\/td>\n    <\/tr>\n    <tr>\n      <td><strong>Func\u021bia de intrare lin\u0103 a ancorei \u00een ap\u0103<\/strong><\/td>\n      <td>nu<\/td>\n    <\/tr>\n    <tr>\n      <td><strong>Func\u021bia de c\u0103dere liber\u0103 a ancorei \u00een ap\u0103<\/strong><\/td>\n      <td>da<\/td>\n    <\/tr>\n    <tr>\n      <td><strong>Viteza de ridicare a ancorei<\/strong><\/td>\n      <td>20 m \/ min<\/td>\n    <\/tr>\n    <tr>\n      <td><strong>Greutate<\/strong><\/td>\n      <td>9 kg<\/td>\n    <\/tr>\n    <tr>\n      <td><strong>Dimensiuni ambalaj (LxLxH)<\/strong><\/td>\n      <td>377 \u00d7 307 \u00d7 177 mm<\/td>\n    <\/tr>\n    <tr>\n      <td><strong>Dimensiuni troliu (LxWxH)<\/strong><\/td>\n      <td>250.5 x 260.5 x 130 mm<\/td>\n    <\/tr>\n    <tr>\n      <td><strong>Dimensiuni bra\u021b rol\u0103 (LxLxH)<\/strong><\/td>\n      <td>260 x 82 x 129 mm<\/td>\n    <\/tr>\n    <tr>\n      <td><strong>Dimensiuni suport de montare pe barc\u0103 (LxLxH)<\/strong><\/td>\n      <td>408 x 160 x 50 mm<\/td>\n    <\/tr>\n    <tr>\n      <td><strong>Num\u0103rul modelului<\/strong><\/td>\n      <td>SH &#8211; 20<\/td>\n    <\/tr>\n    <tr>\n      <td><strong>Garan\u021bie<\/strong><\/td>\n      <td>1 an<\/td>\n    <\/tr>\n    <tr>\n      <td><strong>Sarcina maxim\u0103 de lucru<\/strong><\/td>\n      <td>90 kg<\/td>\n    <\/tr>\n  <\/tbody>\n<\/table>\n<\/div>\n\t\t\t\t\t\t\t\t<\/div>\n\t\t\t\t<\/div>\n\t\t\t\t\t<\/div>\n\t\t<\/div>\n\t\t\t\t\t<\/div>\n\t\t<\/section>\n\t\t\t\t<\/div>\n\t\t","protected":false},"excerpt":{"rendered":"<p>&nbsp;<\/p>\n<p data-start=\"1615\" data-end=\"2193\">Troliul de ancor\u0103 SH 20 este destinat b\u0103rcilor gonflabile p\u00e2n\u0103 la 4 m. Include o fr\u00e2nghie de ancor\u0103 de 30 m lungime \u0219i 3,5 mm grosime, cu rezisten\u021b\u0103 la rupere de 360 kg. Carcas\u0103 durabil\u0103 din plastic ABC, rezistent la raze UV \u0219i varia\u021bii de temperatur\u0103. Mecanism din o\u021bel cu acoperire galvanic\u0103, kit de montare \u0219i cablu de alimentare incluse. Motor de 80W cu func\u021bionare foarte silen\u021bioas\u0103. Func\u021bie de c\u0103dere liber\u0103 a ancorei pentru cobor\u00e2re rapid\u0103. Transmisie mecanic\u0103 pentru fiabilitate crescut\u0103. Se recomand\u0103 ancor\u0103 de 5\u20138 kg. Montare u\u0219oar\u0103 \u0219i rapid\u0103.<\/p>\n<p data-start=\"2195\" data-end=\"2412\">\n<p data-start=\"1940\" data-end=\"2141\">\n","protected":false},"featured_media":40274,"comment_status":"open","ping_status":"closed","template":"","meta":{"_acf_changed":false,"inline_featured_image":false},"product_brand":[],"product_cat":[340,439],"product_tag":[],"class_list":{"0":"post-40272","1":"product","2":"type-product","3":"status-publish","4":"has-post-thumbnail","6":"product_cat-sisteme-de-prindere-ro","7":"product_cat-stronger-ro","8":"tt-post","10":"first","11":"instock","12":"shipping-taxable","13":"purchasable","14":"product-type-simple"},"acf":[],"yoast_head":"<!-- This site is optimized with the Yoast SEO plugin v27.4 - https:\/\/yoast.com\/product\/yoast-seo-wordpress\/ -->\n<title>STRONGER \u2013 STEEL HANDS 20 - BoatsExpert<\/title>\n<meta name=\"description\" content=\"Troliu ancor\u0103 SH 20 pentru b\u0103rci gonflabile p\u00e2n\u0103 la 4 m. Motor silen\u021bios de 80W, cobor\u00e2re liber\u0103 a ancorei, fr\u00e2nghie de 30 m. Livrare \u00een toat\u0103 Europa.\" \/>\n<meta name=\"robots\" content=\"index, follow, max-snippet:-1, max-image-preview:large, max-video-preview:-1\" \/>\n<link rel=\"canonical\" href=\"https:\/\/boat-demo.axiomprotocol.org\/ro\/produs\/stronger-steel-hands-20\/\" \/>\n<meta property=\"og:locale\" content=\"ro_RO\" \/>\n<meta property=\"og:type\" content=\"article\" \/>\n<meta property=\"og:title\" content=\"STRONGER \u2013 STEEL HANDS 20 - BoatsExpert\" \/>\n<meta property=\"og:description\" content=\"Troliu ancor\u0103 SH 20 pentru b\u0103rci gonflabile p\u00e2n\u0103 la 4 m. Motor silen\u021bios de 80W, cobor\u00e2re liber\u0103 a ancorei, fr\u00e2nghie de 30 m. Livrare \u00een toat\u0103 Europa.\" \/>\n<meta property=\"og:url\" content=\"https:\/\/boat-demo.axiomprotocol.org\/ro\/produs\/stronger-steel-hands-20\/\" \/>\n<meta property=\"og:site_name\" content=\"BoatsExpert\" \/>\n<meta property=\"article:modified_time\" content=\"2025-07-23T14:19:02+00:00\" \/>\n<meta property=\"og:image\" content=\"https:\/\/boat-demo.axiomprotocol.org\/wp-content\/uploads\/2025\/07\/STRONGER-\u2013-STEEL-HANDS-20.jpg\" \/>\n\t<meta property=\"og:image:width\" content=\"555\" \/>\n\t<meta property=\"og:image:height\" content=\"478\" \/>\n\t<meta property=\"og:image:type\" content=\"image\/jpeg\" \/>\n<meta name=\"twitter:card\" content=\"summary_large_image\" \/>\n<meta name=\"twitter:label1\" content=\"Timp estimat pentru citire\" \/>\n\t<meta name=\"twitter:data1\" content=\"2 minute\" \/>\n<script type=\"application\/ld+json\" class=\"yoast-schema-graph\">{\"@context\":\"https:\\\/\\\/schema.org\",\"@graph\":[{\"@type\":\"WebPage\",\"@id\":\"https:\\\/\\\/boat-demo.axiomprotocol.org\\\/ro\\\/produs\\\/stronger-steel-hands-20\\\/\",\"url\":\"https:\\\/\\\/boat-demo.axiomprotocol.org\\\/ro\\\/produs\\\/stronger-steel-hands-20\\\/\",\"name\":\"STRONGER \u2013 STEEL HANDS 20 - BoatsExpert\",\"isPartOf\":{\"@id\":\"https:\\\/\\\/boat-demo.axiomprotocol.org\\\/ro\\\/#website\"},\"primaryImageOfPage\":{\"@id\":\"https:\\\/\\\/boat-demo.axiomprotocol.org\\\/ro\\\/produs\\\/stronger-steel-hands-20\\\/#primaryimage\"},\"image\":{\"@id\":\"https:\\\/\\\/boat-demo.axiomprotocol.org\\\/ro\\\/produs\\\/stronger-steel-hands-20\\\/#primaryimage\"},\"thumbnailUrl\":\"https:\\\/\\\/boat-demo.axiomprotocol.org\\\/wp-content\\\/uploads\\\/2025\\\/07\\\/STRONGER-\u2013-STEEL-HANDS-20.jpg\",\"datePublished\":\"2025-07-23T14:14:10+00:00\",\"dateModified\":\"2025-07-23T14:19:02+00:00\",\"description\":\"Troliu ancor\u0103 SH 20 pentru b\u0103rci gonflabile p\u00e2n\u0103 la 4 m. Motor silen\u021bios de 80W, cobor\u00e2re liber\u0103 a ancorei, fr\u00e2nghie de 30 m. Livrare \u00een toat\u0103 Europa.\",\"breadcrumb\":{\"@id\":\"https:\\\/\\\/boat-demo.axiomprotocol.org\\\/ro\\\/produs\\\/stronger-steel-hands-20\\\/#breadcrumb\"},\"inLanguage\":\"ro-RO\",\"potentialAction\":[{\"@type\":\"ReadAction\",\"target\":[\"https:\\\/\\\/boat-demo.axiomprotocol.org\\\/ro\\\/produs\\\/stronger-steel-hands-20\\\/\"]}]},{\"@type\":\"ImageObject\",\"inLanguage\":\"ro-RO\",\"@id\":\"https:\\\/\\\/boat-demo.axiomprotocol.org\\\/ro\\\/produs\\\/stronger-steel-hands-20\\\/#primaryimage\",\"url\":\"https:\\\/\\\/boat-demo.axiomprotocol.org\\\/wp-content\\\/uploads\\\/2025\\\/07\\\/STRONGER-\u2013-STEEL-HANDS-20.jpg\",\"contentUrl\":\"https:\\\/\\\/boat-demo.axiomprotocol.org\\\/wp-content\\\/uploads\\\/2025\\\/07\\\/STRONGER-\u2013-STEEL-HANDS-20.jpg\",\"width\":555,\"height\":478,\"caption\":\"STRONGER \u2013 STEEL HANDS 20\"},{\"@type\":\"BreadcrumbList\",\"@id\":\"https:\\\/\\\/boat-demo.axiomprotocol.org\\\/ro\\\/produs\\\/stronger-steel-hands-20\\\/#breadcrumb\",\"itemListElement\":[{\"@type\":\"ListItem\",\"position\":1,\"name\":\"Home\",\"item\":\"https:\\\/\\\/boat-demo.axiomprotocol.org\\\/\"},{\"@type\":\"ListItem\",\"position\":2,\"name\":\"Shop Online &#8211; cel mai bun magazin pentru echipamente pentru b\u0103rci\",\"item\":\"https:\\\/\\\/boat-demo.axiomprotocol.org\\\/ro\\\/shop-ro\\\/\"},{\"@type\":\"ListItem\",\"position\":3,\"name\":\"STRONGER \u2013 STEEL HANDS 20\"}]},{\"@type\":\"WebSite\",\"@id\":\"https:\\\/\\\/boat-demo.axiomprotocol.org\\\/ro\\\/#website\",\"url\":\"https:\\\/\\\/boat-demo.axiomprotocol.org\\\/ro\\\/\",\"name\":\"BoatsExpert\",\"description\":\"Boats, Service, Equipment\",\"publisher\":{\"@id\":\"https:\\\/\\\/boat-demo.axiomprotocol.org\\\/ro\\\/#organization\"},\"potentialAction\":[{\"@type\":\"SearchAction\",\"target\":{\"@type\":\"EntryPoint\",\"urlTemplate\":\"https:\\\/\\\/boat-demo.axiomprotocol.org\\\/ro\\\/?s={search_term_string}\"},\"query-input\":{\"@type\":\"PropertyValueSpecification\",\"valueRequired\":true,\"valueName\":\"search_term_string\"}}],\"inLanguage\":\"ro-RO\"},{\"@type\":\"Organization\",\"@id\":\"https:\\\/\\\/boat-demo.axiomprotocol.org\\\/ro\\\/#organization\",\"name\":\"BoatsExpert\",\"url\":\"https:\\\/\\\/boat-demo.axiomprotocol.org\\\/ro\\\/\",\"logo\":{\"@type\":\"ImageObject\",\"inLanguage\":\"ro-RO\",\"@id\":\"https:\\\/\\\/boat-demo.axiomprotocol.org\\\/ro\\\/#\\\/schema\\\/logo\\\/image\\\/\",\"url\":\"https:\\\/\\\/boat-demo.axiomprotocol.org\\\/wp-content\\\/uploads\\\/2023\\\/05\\\/white-logo60.svg\",\"contentUrl\":\"https:\\\/\\\/boat-demo.axiomprotocol.org\\\/wp-content\\\/uploads\\\/2023\\\/05\\\/white-logo60.svg\",\"width\":90,\"height\":60,\"caption\":\"BoatsExpert\"},\"image\":{\"@id\":\"https:\\\/\\\/boat-demo.axiomprotocol.org\\\/ro\\\/#\\\/schema\\\/logo\\\/image\\\/\"}}]}<\/script>\n<!-- \/ Yoast SEO plugin. -->","yoast_head_json":{"title":"STRONGER \u2013 STEEL HANDS 20 - BoatsExpert","description":"Troliu ancor\u0103 SH 20 pentru b\u0103rci gonflabile p\u00e2n\u0103 la 4 m. Motor silen\u021bios de 80W, cobor\u00e2re liber\u0103 a ancorei, fr\u00e2nghie de 30 m. Livrare \u00een toat\u0103 Europa.","robots":{"index":"index","follow":"follow","max-snippet":"max-snippet:-1","max-image-preview":"max-image-preview:large","max-video-preview":"max-video-preview:-1"},"canonical":"https:\/\/boat-demo.axiomprotocol.org\/ro\/produs\/stronger-steel-hands-20\/","og_locale":"ro_RO","og_type":"article","og_title":"STRONGER \u2013 STEEL HANDS 20 - BoatsExpert","og_description":"Troliu ancor\u0103 SH 20 pentru b\u0103rci gonflabile p\u00e2n\u0103 la 4 m. Motor silen\u021bios de 80W, cobor\u00e2re liber\u0103 a ancorei, fr\u00e2nghie de 30 m. Livrare \u00een toat\u0103 Europa.","og_url":"https:\/\/boat-demo.axiomprotocol.org\/ro\/produs\/stronger-steel-hands-20\/","og_site_name":"BoatsExpert","article_modified_time":"2025-07-23T14:19:02+00:00","og_image":[{"width":555,"height":478,"url":"https:\/\/boat-demo.axiomprotocol.org\/wp-content\/uploads\/2025\/07\/STRONGER-\u2013-STEEL-HANDS-20.jpg","type":"image\/jpeg"}],"twitter_card":"summary_large_image","twitter_misc":{"Timp estimat pentru citire":"2 minute"},"schema":{"@context":"https:\/\/schema.org","@graph":[{"@type":"WebPage","@id":"https:\/\/boat-demo.axiomprotocol.org\/ro\/produs\/stronger-steel-hands-20\/","url":"https:\/\/boat-demo.axiomprotocol.org\/ro\/produs\/stronger-steel-hands-20\/","name":"STRONGER \u2013 STEEL HANDS 20 - BoatsExpert","isPartOf":{"@id":"https:\/\/boat-demo.axiomprotocol.org\/ro\/#website"},"primaryImageOfPage":{"@id":"https:\/\/boat-demo.axiomprotocol.org\/ro\/produs\/stronger-steel-hands-20\/#primaryimage"},"image":{"@id":"https:\/\/boat-demo.axiomprotocol.org\/ro\/produs\/stronger-steel-hands-20\/#primaryimage"},"thumbnailUrl":"https:\/\/boat-demo.axiomprotocol.org\/wp-content\/uploads\/2025\/07\/STRONGER-\u2013-STEEL-HANDS-20.jpg","datePublished":"2025-07-23T14:14:10+00:00","dateModified":"2025-07-23T14:19:02+00:00","description":"Troliu ancor\u0103 SH 20 pentru b\u0103rci gonflabile p\u00e2n\u0103 la 4 m. Motor silen\u021bios de 80W, cobor\u00e2re liber\u0103 a ancorei, fr\u00e2nghie de 30 m. Livrare \u00een toat\u0103 Europa.","breadcrumb":{"@id":"https:\/\/boat-demo.axiomprotocol.org\/ro\/produs\/stronger-steel-hands-20\/#breadcrumb"},"inLanguage":"ro-RO","potentialAction":[{"@type":"ReadAction","target":["https:\/\/boat-demo.axiomprotocol.org\/ro\/produs\/stronger-steel-hands-20\/"]}]},{"@type":"ImageObject","inLanguage":"ro-RO","@id":"https:\/\/boat-demo.axiomprotocol.org\/ro\/produs\/stronger-steel-hands-20\/#primaryimage","url":"https:\/\/boat-demo.axiomprotocol.org\/wp-content\/uploads\/2025\/07\/STRONGER-\u2013-STEEL-HANDS-20.jpg","contentUrl":"https:\/\/boat-demo.axiomprotocol.org\/wp-content\/uploads\/2025\/07\/STRONGER-\u2013-STEEL-HANDS-20.jpg","width":555,"height":478,"caption":"STRONGER \u2013 STEEL HANDS 20"},{"@type":"BreadcrumbList","@id":"https:\/\/boat-demo.axiomprotocol.org\/ro\/produs\/stronger-steel-hands-20\/#breadcrumb","itemListElement":[{"@type":"ListItem","position":1,"name":"Home","item":"https:\/\/boat-demo.axiomprotocol.org\/"},{"@type":"ListItem","position":2,"name":"Shop Online &#8211; cel mai bun magazin pentru echipamente pentru b\u0103rci","item":"https:\/\/boat-demo.axiomprotocol.org\/ro\/shop-ro\/"},{"@type":"ListItem","position":3,"name":"STRONGER \u2013 STEEL HANDS 20"}]},{"@type":"WebSite","@id":"https:\/\/boat-demo.axiomprotocol.org\/ro\/#website","url":"https:\/\/boat-demo.axiomprotocol.org\/ro\/","name":"BoatsExpert","description":"Boats, Service, Equipment","publisher":{"@id":"https:\/\/boat-demo.axiomprotocol.org\/ro\/#organization"},"potentialAction":[{"@type":"SearchAction","target":{"@type":"EntryPoint","urlTemplate":"https:\/\/boat-demo.axiomprotocol.org\/ro\/?s={search_term_string}"},"query-input":{"@type":"PropertyValueSpecification","valueRequired":true,"valueName":"search_term_string"}}],"inLanguage":"ro-RO"},{"@type":"Organization","@id":"https:\/\/boat-demo.axiomprotocol.org\/ro\/#organization","name":"BoatsExpert","url":"https:\/\/boat-demo.axiomprotocol.org\/ro\/","logo":{"@type":"ImageObject","inLanguage":"ro-RO","@id":"https:\/\/boat-demo.axiomprotocol.org\/ro\/#\/schema\/logo\/image\/","url":"https:\/\/boat-demo.axiomprotocol.org\/wp-content\/uploads\/2023\/05\/white-logo60.svg","contentUrl":"https:\/\/boat-demo.axiomprotocol.org\/wp-content\/uploads\/2023\/05\/white-logo60.svg","width":90,"height":60,"caption":"BoatsExpert"},"image":{"@id":"https:\/\/boat-demo.axiomprotocol.org\/ro\/#\/schema\/logo\/image\/"}}]}},"_links":{"self":[{"href":"https:\/\/boat-demo.axiomprotocol.org\/ro\/wp-json\/wp\/v2\/product\/40272","targetHints":{"allow":["GET"]}}],"collection":[{"href":"https:\/\/boat-demo.axiomprotocol.org\/ro\/wp-json\/wp\/v2\/product"}],"about":[{"href":"https:\/\/boat-demo.axiomprotocol.org\/ro\/wp-json\/wp\/v2\/types\/product"}],"replies":[{"embeddable":true,"href":"https:\/\/boat-demo.axiomprotocol.org\/ro\/wp-json\/wp\/v2\/comments?post=40272"}],"version-history":[{"count":4,"href":"https:\/\/boat-demo.axiomprotocol.org\/ro\/wp-json\/wp\/v2\/product\/40272\/revisions"}],"predecessor-version":[{"id":40282,"href":"https:\/\/boat-demo.axiomprotocol.org\/ro\/wp-json\/wp\/v2\/product\/40272\/revisions\/40282"}],"wp:featuredmedia":[{"embeddable":true,"href":"https:\/\/boat-demo.axiomprotocol.org\/ro\/wp-json\/wp\/v2\/media\/40274"}],"wp:attachment":[{"href":"https:\/\/boat-demo.axiomprotocol.org\/ro\/wp-json\/wp\/v2\/media?parent=40272"}],"wp:term":[{"taxonomy":"product_brand","embeddable":true,"href":"https:\/\/boat-demo.axiomprotocol.org\/ro\/wp-json\/wp\/v2\/product_brand?post=40272"},{"taxonomy":"product_cat","embeddable":true,"href":"https:\/\/boat-demo.axiomprotocol.org\/ro\/wp-json\/wp\/v2\/product_cat?post=40272"},{"taxonomy":"product_tag","embeddable":true,"href":"https:\/\/boat-demo.axiomprotocol.org\/ro\/wp-json\/wp\/v2\/product_tag?post=40272"}],"curies":[{"name":"wp","href":"https:\/\/api.w.org\/{rel}","templated":true}]}}