{"id":40259,"date":"2025-07-23T17:01:12","date_gmt":"2025-07-23T14:01:12","guid":{"rendered":"https:\/\/boat-demo.axiomprotocol.org\/?post_type=product&#038;p=40259"},"modified":"2025-07-23T17:24:13","modified_gmt":"2025-07-23T14:24:13","slug":"stronger-steel-hands-30","status":"publish","type":"product","link":"https:\/\/boat-demo.axiomprotocol.org\/ro\/produs\/stronger-steel-hands-30\/","title":{"rendered":"STRONGER \u2013 STEEL HANDS 30"},"content":{"rendered":"\t\t<div data-elementor-type=\"wp-post\" data-elementor-id=\"40259\" class=\"elementor elementor-40259 elementor-40258\">\n\t\t\t\t\t\t<section class=\"elementor-section elementor-top-section elementor-element elementor-element-acc7402 elementor-section-boxed elementor-section-height-default elementor-section-height-default\" data-id=\"acc7402\" data-element_type=\"section\" data-e-type=\"section\">\n\t\t\t\t\t\t<div class=\"elementor-container elementor-column-gap-default\">\n\t\t\t\t\t<div class=\"elementor-column elementor-col-100 elementor-top-column elementor-element elementor-element-cbfbb84\" data-id=\"cbfbb84\" data-element_type=\"column\" data-e-type=\"column\">\n\t\t\t<div class=\"elementor-widget-wrap elementor-element-populated\">\n\t\t\t\t\t\t<div class=\"elementor-element elementor-element-7e1f043 elementor-widget elementor-widget-heading\" data-id=\"7e1f043\" data-element_type=\"widget\" data-e-type=\"widget\" data-widget_type=\"heading.default\">\n\t\t\t\t<div class=\"elementor-widget-container\">\n\t\t\t\t\t<h6 class=\"elementor-heading-title elementor-size-large\">CARACTERISTICI<\/h6>\t\t\t\t<\/div>\n\t\t\t\t<\/div>\n\t\t\t\t<div class=\"elementor-element elementor-element-a52a04b elementor-widget elementor-widget-text-editor\" data-id=\"a52a04b\" data-element_type=\"widget\" data-e-type=\"widget\" data-widget_type=\"text-editor.default\">\n\t\t\t\t<div class=\"elementor-widget-container\">\n\t\t\t\t\t\t\t\t\t<div><ul class=\"tt-list03\"><li><strong>Carcasa troliului<\/strong> Carcasa troliului, precum \u0219i toate suporturile de montare, sunt realizate din o\u021bel solid.<\/li><li><strong>Mecanismul troliului<\/strong> Mecanismul troliului const\u0103 dintr-un mecanism de reducere \u00eenchis \u0219i tamburi pentru sfoara de ancorare.<\/li><li><strong>Echipament electric<\/strong> \u00cen partea electric\u0103 a troliului este utilizat un motor de 85 wa\u021bi cu tensiune de lucru de 12V. Pe capac se afl\u0103 un buton impermeabil fix cu trei pozi\u021bii. Kitul include un cablu de 5 metri pentru conectarea troliului la baterie \u0219i un releu termic de siguran\u021b\u0103.<\/li><li><strong>Capacul troliului<\/strong> Capacului troliului este realizat dintr-un plastic durabil. Pe capacul troliului este amplasat butonul de comand\u0103 al troliului.<\/li><li><strong>Role<\/strong> Capacului troliului este fabricat din o\u021bel inoxidabil \u0219i con\u021bine un buton de control.<\/li><li><strong>Sfoara de ancor\u0103<\/strong> Troliul este echipat cu o sfoar\u0103 capronic\u0103 de 30 m lungime, cu o for\u021b\u0103 de rupere de 360 kg.<\/li><li><strong>Fixare<\/strong> \u0218uruburi \u0219i piuli\u021be galvanizate sunt furnizate \u00een setul troliului pentru fixarea carcasei troliului \u0219i a rolei de ghidare.<\/li><li><strong>Document de garan\u021bie<\/strong> Produsul are un document de garan\u021bie care confirm\u0103 o perioad\u0103 de garan\u021bie de 1 an.<\/li><li><strong>Ambalare<\/strong> Troliul este ambalat \u00eentr-o cutie rigid\u0103 de carton pentru transport.<br \/><br \/><\/li><\/ul><pre><strong>Pentru o func\u021bionare corect\u0103 \u0219i durabil\u0103 a troliului, recomand\u0103m utilizarea ancorelor STRONGER!<\/strong><\/pre><\/div><p><span style=\"color: #c0392b\"><strong>Troliul de ancor\u0103 include o rol\u0103 \u0219i troliul \u00een sine. Utilizarea troliului de ancor\u0103 este interzis\u0103 f\u0103r\u0103 rol\u0103 regulat\u0103!<\/strong><\/span><\/p>\t\t\t\t\t\t\t\t<\/div>\n\t\t\t\t<\/div>\n\t\t\t\t<div class=\"elementor-element elementor-element-61e2283 elementor-widget elementor-widget-heading\" data-id=\"61e2283\" data-element_type=\"widget\" data-e-type=\"widget\" data-widget_type=\"heading.default\">\n\t\t\t\t<div class=\"elementor-widget-container\">\n\t\t\t\t\t<h6 class=\"elementor-heading-title elementor-size-large\">SPECIFICATII<\/h6>\t\t\t\t<\/div>\n\t\t\t\t<\/div>\n\t\t\t\t<div class=\"elementor-element elementor-element-c9e26dc elementor-widget elementor-widget-text-editor\" data-id=\"c9e26dc\" data-element_type=\"widget\" data-e-type=\"widget\" data-widget_type=\"text-editor.default\">\n\t\t\t\t<div class=\"elementor-widget-container\">\n\t\t\t\t\t\t\t\t\t<div>\n<table style=\"width: 100%\">\n<thead>\n<tr>\n<th><strong>Parametru<\/strong><\/th>\n<th><strong>Valoare<\/strong><\/th>\n<\/tr>\n<\/thead>\n<tbody>\n<tr>\n<td><strong>Greutatea maxim\u0103 a ancorei *<\/strong><\/td>\n<td>10 kg<\/td>\n<\/tr>\n<tr>\n<td><strong>Lungimea b\u0103rcii, p\u00e2n\u0103 la<\/strong><\/td>\n<td>4,6 m<\/td>\n<\/tr>\n<tr>\n<td><strong>Sfoara de ancor\u0103<\/strong><\/td>\n<td>\u2205 4 mm, lungime 30 m<\/td>\n<\/tr>\n<tr>\n<td><strong>Rol\u0103 de ghidare<\/strong><\/td>\n<td>Da<\/td>\n<\/tr>\n<tr>\n<td><strong>Buton de control<\/strong><\/td>\n<td>Da<\/td>\n<\/tr>\n<tr>\n<td><strong>Func\u021bia butonului de control<\/strong><\/td>\n<td>Ridicare \/ cobor\u00e2re<\/td>\n<\/tr>\n<tr>\n<td><strong>Tij\u0103 pentru transportul sigur al ancorei<\/strong><\/td>\n<td>Da<\/td>\n<\/tr>\n<tr>\n<td><strong>Func\u021bia de intrare lin\u0103 a ancorei \u00een ap\u0103<\/strong><\/td>\n<td>Nu<\/td>\n<\/tr>\n<tr>\n<td><strong>Func\u021bia de c\u0103dere liber\u0103 a ancorei<\/strong><\/td>\n<td>Da<\/td>\n<\/tr>\n<tr>\n<td><strong>Viteza de ridicare a ancorei<\/strong><\/td>\n<td>20 m\/min<\/td>\n<\/tr>\n<tr>\n<td><strong>Num\u0103r buc\u0103\u021bi \u00een pachet<\/strong><\/td>\n<td>1 bucat\u0103<\/td>\n<\/tr>\n<tr>\n<td><strong>Greutate<\/strong><\/td>\n<td>7,5 kg<\/td>\n<\/tr>\n<tr>\n<td><strong>Dimensiuni pachet (L\u00d7l\u00d7H)<\/strong><\/td>\n<td>377 \u00d7 307 \u00d7 177 mm<\/td>\n<\/tr>\n<tr>\n<td><strong>Dimensiuni troliu (L\u00d7l\u00d7H)<\/strong><\/td>\n<td>280 \u00d7 290 \u00d7 160 mm<\/td>\n<\/tr>\n<tr>\n<td><strong>Dimensiuni rol\u0103 de ghidare (L\u00d7l\u00d7H)<\/strong><\/td>\n<td>260 \u00d7 82 \u00d7 129 mm<\/td>\n<\/tr>\n<tr>\n<td><strong>Num\u0103rul modelului<\/strong><\/td>\n<td>SH \u2013 30<\/td>\n<\/tr>\n<tr>\n<td><strong>Garan\u021bie<\/strong><\/td>\n<td>1 an<\/td>\n<\/tr>\n<tr>\n<td><strong>Sarcina maxim\u0103 de lucru<\/strong><\/td>\n<td>90 kg<\/td>\n<\/tr>\n<\/tbody>\n<\/table>\n<\/div>\n\t\t\t\t\t\t\t\t<\/div>\n\t\t\t\t<\/div>\n\t\t\t\t\t<\/div>\n\t\t<\/div>\n\t\t\t\t\t<\/div>\n\t\t<\/section>\n\t\t\t\t<\/div>\n\t\t","protected":false},"excerpt":{"rendered":"<p>&nbsp;<\/p>\n<p data-start=\"1452\" data-end=\"1938\">Troliul ancor\u0103 SH 30 este destinat b\u0103rcilor p\u00e2n\u0103 la 4,6 m. Include o fr\u00e2nghie de ancor\u0103 de 30 m lungime \u0219i 4 mm grosime, cu rezisten\u021b\u0103 la rupere de 360 kg. Carcas\u0103 durabil\u0103 din plastic ABC \u0219i mecanism din o\u021bel cu strat galvanic. Motorul de 85W func\u021bioneaz\u0103 silen\u021bios. Func\u021bie de cobor\u00e2re liber\u0103 a ancorei pentru scufundare rapid\u0103. Include rulet\u0103, elemente de fixare, cablu de alimentare \u0219i garan\u021bie de 1 an. Mecanismul mecanic asigur\u0103 fiabilitate pe termen lung.<\/p>\n<p data-start=\"1940\" data-end=\"2141\">\n","protected":false},"featured_media":40261,"comment_status":"open","ping_status":"closed","template":"","meta":{"_acf_changed":false,"inline_featured_image":false},"product_brand":[],"product_cat":[340,439],"product_tag":[],"class_list":{"0":"post-40259","1":"product","2":"type-product","3":"status-publish","4":"has-post-thumbnail","6":"product_cat-sisteme-de-prindere-ro","7":"product_cat-stronger-ro","8":"tt-post","10":"first","11":"instock","12":"shipping-taxable","13":"purchasable","14":"product-type-simple"},"acf":[],"yoast_head":"<!-- This site is optimized with the Yoast SEO plugin v27.4 - https:\/\/yoast.com\/product\/yoast-seo-wordpress\/ -->\n<title>STRONGER \u2013 STEEL HANDS 30 - BoatsExpert<\/title>\n<meta name=\"description\" content=\"Troliu ancor\u0103 SH 30 pentru b\u0103rci p\u00e2n\u0103 la 4,6 m. Motor silen\u021bios de 85W, cobor\u00e2re liber\u0103 a ancorei, fr\u00e2nghie de 30 m. Livrare \u00een toat\u0103 Europa.\" \/>\n<meta name=\"robots\" content=\"index, follow, max-snippet:-1, max-image-preview:large, max-video-preview:-1\" \/>\n<link rel=\"canonical\" href=\"https:\/\/boat-demo.axiomprotocol.org\/product\/stronger-steel-hands-30\/\" \/>\n<meta property=\"og:locale\" content=\"ro_RO\" \/>\n<meta property=\"og:type\" content=\"article\" \/>\n<meta property=\"og:title\" content=\"STRONGER \u2013 STEEL HANDS 30 - BoatsExpert\" \/>\n<meta property=\"og:description\" content=\"Troliu ancor\u0103 SH 30 pentru b\u0103rci p\u00e2n\u0103 la 4,6 m. Motor silen\u021bios de 85W, cobor\u00e2re liber\u0103 a ancorei, fr\u00e2nghie de 30 m. Livrare \u00een toat\u0103 Europa.\" \/>\n<meta property=\"og:url\" content=\"https:\/\/boat-demo.axiomprotocol.org\/product\/stronger-steel-hands-30\/\" \/>\n<meta property=\"og:site_name\" content=\"BoatsExpert\" \/>\n<meta property=\"article:modified_time\" content=\"2025-07-23T14:24:13+00:00\" \/>\n<meta property=\"og:image\" content=\"https:\/\/boat-demo.axiomprotocol.org\/wp-content\/uploads\/2025\/07\/STRONGER-\u2013-STEEL-HANDS-30.jpg\" \/>\n\t<meta property=\"og:image:width\" content=\"555\" \/>\n\t<meta property=\"og:image:height\" content=\"478\" \/>\n\t<meta property=\"og:image:type\" content=\"image\/jpeg\" \/>\n<meta name=\"twitter:card\" content=\"summary_large_image\" \/>\n<meta name=\"twitter:label1\" content=\"Timp estimat pentru citire\" \/>\n\t<meta name=\"twitter:data1\" content=\"2 minute\" \/>\n<script type=\"application\/ld+json\" class=\"yoast-schema-graph\">{\"@context\":\"https:\\\/\\\/schema.org\",\"@graph\":[{\"@type\":\"WebPage\",\"@id\":\"https:\\\/\\\/boat-demo.axiomprotocol.org\\\/product\\\/stronger-steel-hands-30\\\/\",\"url\":\"https:\\\/\\\/boat-demo.axiomprotocol.org\\\/product\\\/stronger-steel-hands-30\\\/\",\"name\":\"STRONGER \u2013 STEEL HANDS 30 - BoatsExpert\",\"isPartOf\":{\"@id\":\"https:\\\/\\\/boat-demo.axiomprotocol.org\\\/ro\\\/#website\"},\"primaryImageOfPage\":{\"@id\":\"https:\\\/\\\/boat-demo.axiomprotocol.org\\\/product\\\/stronger-steel-hands-30\\\/#primaryimage\"},\"image\":{\"@id\":\"https:\\\/\\\/boat-demo.axiomprotocol.org\\\/product\\\/stronger-steel-hands-30\\\/#primaryimage\"},\"thumbnailUrl\":\"https:\\\/\\\/boat-demo.axiomprotocol.org\\\/wp-content\\\/uploads\\\/2025\\\/07\\\/STRONGER-\u2013-STEEL-HANDS-30.jpg\",\"datePublished\":\"2025-07-23T14:01:12+00:00\",\"dateModified\":\"2025-07-23T14:24:13+00:00\",\"description\":\"Troliu ancor\u0103 SH 30 pentru b\u0103rci p\u00e2n\u0103 la 4,6 m. Motor silen\u021bios de 85W, cobor\u00e2re liber\u0103 a ancorei, fr\u00e2nghie de 30 m. Livrare \u00een toat\u0103 Europa.\",\"breadcrumb\":{\"@id\":\"https:\\\/\\\/boat-demo.axiomprotocol.org\\\/product\\\/stronger-steel-hands-30\\\/#breadcrumb\"},\"inLanguage\":\"ro-RO\",\"potentialAction\":[{\"@type\":\"ReadAction\",\"target\":[\"https:\\\/\\\/boat-demo.axiomprotocol.org\\\/product\\\/stronger-steel-hands-30\\\/\"]}]},{\"@type\":\"ImageObject\",\"inLanguage\":\"ro-RO\",\"@id\":\"https:\\\/\\\/boat-demo.axiomprotocol.org\\\/product\\\/stronger-steel-hands-30\\\/#primaryimage\",\"url\":\"https:\\\/\\\/boat-demo.axiomprotocol.org\\\/wp-content\\\/uploads\\\/2025\\\/07\\\/STRONGER-\u2013-STEEL-HANDS-30.jpg\",\"contentUrl\":\"https:\\\/\\\/boat-demo.axiomprotocol.org\\\/wp-content\\\/uploads\\\/2025\\\/07\\\/STRONGER-\u2013-STEEL-HANDS-30.jpg\",\"width\":555,\"height\":478,\"caption\":\"STRONGER \u2013 STEEL HANDS 30\"},{\"@type\":\"BreadcrumbList\",\"@id\":\"https:\\\/\\\/boat-demo.axiomprotocol.org\\\/product\\\/stronger-steel-hands-30\\\/#breadcrumb\",\"itemListElement\":[{\"@type\":\"ListItem\",\"position\":1,\"name\":\"Home\",\"item\":\"https:\\\/\\\/boat-demo.axiomprotocol.org\\\/\"},{\"@type\":\"ListItem\",\"position\":2,\"name\":\"Shop Online &#8211; cel mai bun magazin pentru echipamente pentru b\u0103rci\",\"item\":\"https:\\\/\\\/boat-demo.axiomprotocol.org\\\/ro\\\/shop-ro\\\/\"},{\"@type\":\"ListItem\",\"position\":3,\"name\":\"STRONGER \u2013 STEEL HANDS 30\"}]},{\"@type\":\"WebSite\",\"@id\":\"https:\\\/\\\/boat-demo.axiomprotocol.org\\\/ro\\\/#website\",\"url\":\"https:\\\/\\\/boat-demo.axiomprotocol.org\\\/ro\\\/\",\"name\":\"BoatsExpert\",\"description\":\"Boats, Service, Equipment\",\"publisher\":{\"@id\":\"https:\\\/\\\/boat-demo.axiomprotocol.org\\\/ro\\\/#organization\"},\"potentialAction\":[{\"@type\":\"SearchAction\",\"target\":{\"@type\":\"EntryPoint\",\"urlTemplate\":\"https:\\\/\\\/boat-demo.axiomprotocol.org\\\/ro\\\/?s={search_term_string}\"},\"query-input\":{\"@type\":\"PropertyValueSpecification\",\"valueRequired\":true,\"valueName\":\"search_term_string\"}}],\"inLanguage\":\"ro-RO\"},{\"@type\":\"Organization\",\"@id\":\"https:\\\/\\\/boat-demo.axiomprotocol.org\\\/ro\\\/#organization\",\"name\":\"BoatsExpert\",\"url\":\"https:\\\/\\\/boat-demo.axiomprotocol.org\\\/ro\\\/\",\"logo\":{\"@type\":\"ImageObject\",\"inLanguage\":\"ro-RO\",\"@id\":\"https:\\\/\\\/boat-demo.axiomprotocol.org\\\/ro\\\/#\\\/schema\\\/logo\\\/image\\\/\",\"url\":\"https:\\\/\\\/boat-demo.axiomprotocol.org\\\/wp-content\\\/uploads\\\/2023\\\/05\\\/white-logo60.svg\",\"contentUrl\":\"https:\\\/\\\/boat-demo.axiomprotocol.org\\\/wp-content\\\/uploads\\\/2023\\\/05\\\/white-logo60.svg\",\"width\":90,\"height\":60,\"caption\":\"BoatsExpert\"},\"image\":{\"@id\":\"https:\\\/\\\/boat-demo.axiomprotocol.org\\\/ro\\\/#\\\/schema\\\/logo\\\/image\\\/\"}}]}<\/script>\n<!-- \/ Yoast SEO plugin. -->","yoast_head_json":{"title":"STRONGER \u2013 STEEL HANDS 30 - BoatsExpert","description":"Troliu ancor\u0103 SH 30 pentru b\u0103rci p\u00e2n\u0103 la 4,6 m. Motor silen\u021bios de 85W, cobor\u00e2re liber\u0103 a ancorei, fr\u00e2nghie de 30 m. Livrare \u00een toat\u0103 Europa.","robots":{"index":"index","follow":"follow","max-snippet":"max-snippet:-1","max-image-preview":"max-image-preview:large","max-video-preview":"max-video-preview:-1"},"canonical":"https:\/\/boat-demo.axiomprotocol.org\/product\/stronger-steel-hands-30\/","og_locale":"ro_RO","og_type":"article","og_title":"STRONGER \u2013 STEEL HANDS 30 - BoatsExpert","og_description":"Troliu ancor\u0103 SH 30 pentru b\u0103rci p\u00e2n\u0103 la 4,6 m. Motor silen\u021bios de 85W, cobor\u00e2re liber\u0103 a ancorei, fr\u00e2nghie de 30 m. Livrare \u00een toat\u0103 Europa.","og_url":"https:\/\/boat-demo.axiomprotocol.org\/product\/stronger-steel-hands-30\/","og_site_name":"BoatsExpert","article_modified_time":"2025-07-23T14:24:13+00:00","og_image":[{"width":555,"height":478,"url":"https:\/\/boat-demo.axiomprotocol.org\/wp-content\/uploads\/2025\/07\/STRONGER-\u2013-STEEL-HANDS-30.jpg","type":"image\/jpeg"}],"twitter_card":"summary_large_image","twitter_misc":{"Timp estimat pentru citire":"2 minute"},"schema":{"@context":"https:\/\/schema.org","@graph":[{"@type":"WebPage","@id":"https:\/\/boat-demo.axiomprotocol.org\/product\/stronger-steel-hands-30\/","url":"https:\/\/boat-demo.axiomprotocol.org\/product\/stronger-steel-hands-30\/","name":"STRONGER \u2013 STEEL HANDS 30 - BoatsExpert","isPartOf":{"@id":"https:\/\/boat-demo.axiomprotocol.org\/ro\/#website"},"primaryImageOfPage":{"@id":"https:\/\/boat-demo.axiomprotocol.org\/product\/stronger-steel-hands-30\/#primaryimage"},"image":{"@id":"https:\/\/boat-demo.axiomprotocol.org\/product\/stronger-steel-hands-30\/#primaryimage"},"thumbnailUrl":"https:\/\/boat-demo.axiomprotocol.org\/wp-content\/uploads\/2025\/07\/STRONGER-\u2013-STEEL-HANDS-30.jpg","datePublished":"2025-07-23T14:01:12+00:00","dateModified":"2025-07-23T14:24:13+00:00","description":"Troliu ancor\u0103 SH 30 pentru b\u0103rci p\u00e2n\u0103 la 4,6 m. Motor silen\u021bios de 85W, cobor\u00e2re liber\u0103 a ancorei, fr\u00e2nghie de 30 m. Livrare \u00een toat\u0103 Europa.","breadcrumb":{"@id":"https:\/\/boat-demo.axiomprotocol.org\/product\/stronger-steel-hands-30\/#breadcrumb"},"inLanguage":"ro-RO","potentialAction":[{"@type":"ReadAction","target":["https:\/\/boat-demo.axiomprotocol.org\/product\/stronger-steel-hands-30\/"]}]},{"@type":"ImageObject","inLanguage":"ro-RO","@id":"https:\/\/boat-demo.axiomprotocol.org\/product\/stronger-steel-hands-30\/#primaryimage","url":"https:\/\/boat-demo.axiomprotocol.org\/wp-content\/uploads\/2025\/07\/STRONGER-\u2013-STEEL-HANDS-30.jpg","contentUrl":"https:\/\/boat-demo.axiomprotocol.org\/wp-content\/uploads\/2025\/07\/STRONGER-\u2013-STEEL-HANDS-30.jpg","width":555,"height":478,"caption":"STRONGER \u2013 STEEL HANDS 30"},{"@type":"BreadcrumbList","@id":"https:\/\/boat-demo.axiomprotocol.org\/product\/stronger-steel-hands-30\/#breadcrumb","itemListElement":[{"@type":"ListItem","position":1,"name":"Home","item":"https:\/\/boat-demo.axiomprotocol.org\/"},{"@type":"ListItem","position":2,"name":"Shop Online &#8211; cel mai bun magazin pentru echipamente pentru b\u0103rci","item":"https:\/\/boat-demo.axiomprotocol.org\/ro\/shop-ro\/"},{"@type":"ListItem","position":3,"name":"STRONGER \u2013 STEEL HANDS 30"}]},{"@type":"WebSite","@id":"https:\/\/boat-demo.axiomprotocol.org\/ro\/#website","url":"https:\/\/boat-demo.axiomprotocol.org\/ro\/","name":"BoatsExpert","description":"Boats, Service, Equipment","publisher":{"@id":"https:\/\/boat-demo.axiomprotocol.org\/ro\/#organization"},"potentialAction":[{"@type":"SearchAction","target":{"@type":"EntryPoint","urlTemplate":"https:\/\/boat-demo.axiomprotocol.org\/ro\/?s={search_term_string}"},"query-input":{"@type":"PropertyValueSpecification","valueRequired":true,"valueName":"search_term_string"}}],"inLanguage":"ro-RO"},{"@type":"Organization","@id":"https:\/\/boat-demo.axiomprotocol.org\/ro\/#organization","name":"BoatsExpert","url":"https:\/\/boat-demo.axiomprotocol.org\/ro\/","logo":{"@type":"ImageObject","inLanguage":"ro-RO","@id":"https:\/\/boat-demo.axiomprotocol.org\/ro\/#\/schema\/logo\/image\/","url":"https:\/\/boat-demo.axiomprotocol.org\/wp-content\/uploads\/2023\/05\/white-logo60.svg","contentUrl":"https:\/\/boat-demo.axiomprotocol.org\/wp-content\/uploads\/2023\/05\/white-logo60.svg","width":90,"height":60,"caption":"BoatsExpert"},"image":{"@id":"https:\/\/boat-demo.axiomprotocol.org\/ro\/#\/schema\/logo\/image\/"}}]}},"_links":{"self":[{"href":"https:\/\/boat-demo.axiomprotocol.org\/ro\/wp-json\/wp\/v2\/product\/40259","targetHints":{"allow":["GET"]}}],"collection":[{"href":"https:\/\/boat-demo.axiomprotocol.org\/ro\/wp-json\/wp\/v2\/product"}],"about":[{"href":"https:\/\/boat-demo.axiomprotocol.org\/ro\/wp-json\/wp\/v2\/types\/product"}],"replies":[{"embeddable":true,"href":"https:\/\/boat-demo.axiomprotocol.org\/ro\/wp-json\/wp\/v2\/comments?post=40259"}],"version-history":[{"count":7,"href":"https:\/\/boat-demo.axiomprotocol.org\/ro\/wp-json\/wp\/v2\/product\/40259\/revisions"}],"predecessor-version":[{"id":40288,"href":"https:\/\/boat-demo.axiomprotocol.org\/ro\/wp-json\/wp\/v2\/product\/40259\/revisions\/40288"}],"wp:featuredmedia":[{"embeddable":true,"href":"https:\/\/boat-demo.axiomprotocol.org\/ro\/wp-json\/wp\/v2\/media\/40261"}],"wp:attachment":[{"href":"https:\/\/boat-demo.axiomprotocol.org\/ro\/wp-json\/wp\/v2\/media?parent=40259"}],"wp:term":[{"taxonomy":"product_brand","embeddable":true,"href":"https:\/\/boat-demo.axiomprotocol.org\/ro\/wp-json\/wp\/v2\/product_brand?post=40259"},{"taxonomy":"product_cat","embeddable":true,"href":"https:\/\/boat-demo.axiomprotocol.org\/ro\/wp-json\/wp\/v2\/product_cat?post=40259"},{"taxonomy":"product_tag","embeddable":true,"href":"https:\/\/boat-demo.axiomprotocol.org\/ro\/wp-json\/wp\/v2\/product_tag?post=40259"}],"curies":[{"name":"wp","href":"https:\/\/api.w.org\/{rel}","templated":true}]}}