{"id":40246,"date":"2025-07-23T16:50:51","date_gmt":"2025-07-23T13:50:51","guid":{"rendered":"https:\/\/boat-demo.axiomprotocol.org\/?post_type=product&#038;p=40246"},"modified":"2025-07-23T17:25:38","modified_gmt":"2025-07-23T14:25:38","slug":"stronger-steel-hands-35","status":"publish","type":"product","link":"https:\/\/boat-demo.axiomprotocol.org\/ro\/produs\/stronger-steel-hands-35\/","title":{"rendered":"STRONGER \u2013 STEEL HANDS 35"},"content":{"rendered":"\t\t<div data-elementor-type=\"wp-post\" data-elementor-id=\"40246\" class=\"elementor elementor-40246 elementor-40245\">\n\t\t\t\t\t\t<section class=\"elementor-section elementor-top-section elementor-element elementor-element-acc7402 elementor-section-boxed elementor-section-height-default elementor-section-height-default\" data-id=\"acc7402\" data-element_type=\"section\" data-e-type=\"section\">\n\t\t\t\t\t\t<div class=\"elementor-container elementor-column-gap-default\">\n\t\t\t\t\t<div class=\"elementor-column elementor-col-100 elementor-top-column elementor-element elementor-element-cbfbb84\" data-id=\"cbfbb84\" data-element_type=\"column\" data-e-type=\"column\">\n\t\t\t<div class=\"elementor-widget-wrap elementor-element-populated\">\n\t\t\t\t\t\t<div class=\"elementor-element elementor-element-7e1f043 elementor-widget elementor-widget-heading\" data-id=\"7e1f043\" data-element_type=\"widget\" data-e-type=\"widget\" data-widget_type=\"heading.default\">\n\t\t\t\t<div class=\"elementor-widget-container\">\n\t\t\t\t\t<h6 class=\"elementor-heading-title elementor-size-large\">CARACTERISTICI<\/h6>\t\t\t\t<\/div>\n\t\t\t\t<\/div>\n\t\t\t\t<div class=\"elementor-element elementor-element-a52a04b elementor-widget elementor-widget-text-editor\" data-id=\"a52a04b\" data-element_type=\"widget\" data-e-type=\"widget\" data-widget_type=\"text-editor.default\">\n\t\t\t\t<div class=\"elementor-widget-container\">\n\t\t\t\t\t\t\t\t\t<div><ul class=\"tt-list03\"><li><strong>Carcasa troliului<\/strong> Carcasa troliului, precum \u0219i toate suporturile (modelele Steel Hands 35), sunt realizate din o\u021bel rezistent.<\/li><li><strong>Mecanismul troliului (pentru ridicarea \u0219i cobor\u00e2rea ancorei)<\/strong> Mecanismul troliului const\u0103 din: un motor cu mecanism de angrenaj \u00eenchis \u0219i un antrenor mecanic care realizeaz\u0103 mi\u0219carea bobinei de-a lungul arborelui. Toate p\u0103r\u021bile mecanice implicate \u00een func\u021bionarea troliului sunt lubrifiate cu un lubrifiant special hidrofug.<\/li><li><strong>Partea electric\u0103<\/strong> Partea electric\u0103 a troliului folose\u0219te un motor de 120 wa\u021bi cu tensiune de lucru de 12 V. Pe capac (Steel Hands 35) este montat un buton impermeabil fix cu trei pozi\u021bii pe suport (Steel Hands 35). \u00cen setul complet este inclus un cablu de 5 metri pentru conectarea troliului la bateria de acumulare \u0219i un releu termic de siguran\u021b\u0103.<\/li><li><strong>Capacul superior al troliului pentru Steel Hands 35<\/strong> Capacului troliului este fabricat din plastic ABC durabil, rezistent la radia\u021bii UV. Pe capacul troliului se afl\u0103 un buton de control al troliului.<\/li><li><strong>Troliu cu sfoar\u0103 de o\u021bel Steel Hands 35<\/strong> Carcasa troliului este realizat\u0103 din o\u021bel rezistent de 3 mm grosime. Rola este echipat\u0103 cu o rol\u0103 rulant\u0103 din plastic durabil.<\/li><li><strong>Troliu cu sfoar\u0103 de o\u021bel Steel Hands 35I<\/strong> Carcasa troliului este realizat\u0103 din o\u021bel rezistent de 3 mm grosime. Pe rol\u0103 sunt dou\u0103 role rulante din plastic durabil.<\/li><li><strong>Sfoara de ancor\u0103<\/strong> Troliul este echipat cu o sfoar\u0103 de kapron lung\u0103 de 40 m, cu o for\u021b\u0103 de trac\u021biune de 360 kg.<\/li><li><strong>Elemente de fixare<\/strong> Troliurile sunt livrate cu \u0219uruburi \u0219i piuli\u021be galvanizate pentru fixarea carcasei troliului \u0219i a rolei de ghidare.<\/li><li><strong>Fi\u0219a de garan\u021bie<\/strong> Produsul este \u00eenso\u021bit de o fi\u0219\u0103 de garan\u021bie, cu o perioad\u0103 de garan\u021bie de 1 an.<\/li><li><strong>Ambalare<\/strong> Troliul este ambalat \u00eentr-o cutie robust\u0103 de carton pentru transport.<br \/><br \/><\/li><\/ul><pre><strong>Pentru o func\u021bionare corect\u0103 \u0219i durabil\u0103 a troliului, recomand\u0103m utilizarea ancorelor STRONGER!<\/strong><\/pre><\/div><p><span style=\"color: #c0392b\"><strong>Troliul de ancor\u0103 include o rol\u0103 \u0219i troliul \u00een sine. Utilizarea troliului de ancor\u0103 este interzis\u0103 f\u0103r\u0103 rol\u0103 regulat\u0103!<\/strong><\/span><\/p>\t\t\t\t\t\t\t\t<\/div>\n\t\t\t\t<\/div>\n\t\t\t\t<div class=\"elementor-element elementor-element-61e2283 elementor-widget elementor-widget-heading\" data-id=\"61e2283\" data-element_type=\"widget\" data-e-type=\"widget\" data-widget_type=\"heading.default\">\n\t\t\t\t<div class=\"elementor-widget-container\">\n\t\t\t\t\t<h6 class=\"elementor-heading-title elementor-size-large\">SPECIFICATII<\/h6>\t\t\t\t<\/div>\n\t\t\t\t<\/div>\n\t\t\t\t<div class=\"elementor-element elementor-element-c9e26dc elementor-widget elementor-widget-text-editor\" data-id=\"c9e26dc\" data-element_type=\"widget\" data-e-type=\"widget\" data-widget_type=\"text-editor.default\">\n\t\t\t\t<div class=\"elementor-widget-container\">\n\t\t\t\t\t\t\t\t\t<div>\n<table style=\"width: 100%\">\n<thead>\n<tr>\n<th><strong>Parametru<\/strong><\/th>\n<th><strong>Valoare<\/strong><\/th>\n<\/tr>\n<\/thead>\n<tbody>\n<tr>\n<td><strong>Greutatea maxim\u0103 a ancorei<\/strong><\/td>\n<td>15 kg<\/td>\n<\/tr>\n<tr>\n<td><strong>Lungimea b\u0103rcii, p\u00e2n\u0103 la<\/strong><\/td>\n<td>7 m<\/td>\n<\/tr>\n<tr>\n<td><strong>Sfoara de ancor\u0103<\/strong><\/td>\n<td>\u2205 4 mm, lungime 40 m<\/td>\n<\/tr>\n<tr>\n<td><strong>Rol\u0103<\/strong><\/td>\n<td>Da<\/td>\n<\/tr>\n<tr>\n<td><strong>Buton de control<\/strong><\/td>\n<td>Da<\/td>\n<\/tr>\n<tr>\n<td><strong>Func\u021bia butonului de control<\/strong><\/td>\n<td>Ridicare \/ cobor\u00e2re<\/td>\n<\/tr>\n<tr>\n<td><strong>Tij\u0103 pentru transportul sigur al arm\u0103turii<\/strong><\/td>\n<td>Da<\/td>\n<\/tr>\n<tr>\n<td><strong>Func\u021bia de intrare lin\u0103 a ancorei \u00een ap\u0103<\/strong><\/td>\n<td>Nu<\/td>\n<\/tr>\n<tr>\n<td><strong>Resetare liber\u0103 a ancorei<\/strong><\/td>\n<td>Da<\/td>\n<\/tr>\n<tr>\n<td><strong>Viteza de ridicare a arm\u0103turii<\/strong><\/td>\n<td>30 m\/min<\/td>\n<\/tr>\n<tr>\n<td><strong>Num\u0103r \u00een pachet<\/strong><\/td>\n<td>1 buc<\/td>\n<\/tr>\n<tr>\n<td><strong>Greutate<\/strong><\/td>\n<td>9 kg<\/td>\n<\/tr>\n<tr>\n<td><strong>Dimensiuni pachet (L\u00d7l\u00d7H)<\/strong><\/td>\n<td>377 \u00d7 307 \u00d7 177 mm<\/td>\n<\/tr>\n<tr>\n<td><strong>Dimensiuni trolii SH-35 (L\u00d7l\u00d7H)<\/strong><\/td>\n<td>280 \u00d7 290 \u00d7 160 mm<\/td>\n<\/tr>\n<tr>\n<td><strong>Dimensiuni trolii SH-35I (L\u00d7l\u00d7H)<\/strong><\/td>\n<td>205 \u00d7 240 \u00d7 142 mm<\/td>\n<\/tr>\n<tr>\n<td><strong>Dimensiuni role SH-35 (L\u00d7l\u00d7H)<\/strong><\/td>\n<td>260 \u00d7 82 \u00d7 129 mm<\/td>\n<\/tr>\n<tr>\n<td><strong>Dimensiuni role SH-35I (L\u00d7l\u00d7H)<\/strong><\/td>\n<td>340 \u00d7 82 \u00d7 129 mm<\/td>\n<\/tr>\n<tr>\n<td><strong>Num\u0103r model<\/strong><\/td>\n<td>SH \u2013 35, SH \u2013 35I<\/td>\n<\/tr>\n<tr>\n<td><strong>Garan\u021bie<\/strong><\/td>\n<td>1 an<\/td>\n<\/tr>\n<tr>\n<td><strong>Sarcina maxim\u0103 de lucru<\/strong><\/td>\n<td>90 kg<\/td>\n<\/tr>\n<\/tbody>\n<\/table>\n<\/div>\n\t\t\t\t\t\t\t\t<\/div>\n\t\t\t\t<\/div>\n\t\t\t\t\t<\/div>\n\t\t<\/div>\n\t\t\t\t\t<\/div>\n\t\t<\/section>\n\t\t\t\t<\/div>\n\t\t","protected":false},"excerpt":{"rendered":"<p>&nbsp;<\/p>\n<p data-start=\"1219\" data-end=\"1693\">Vinciul de ancor\u0103 SH 35 este destinat b\u0103rcilor de p\u00e2n\u0103 la 7 metri. Include o fr\u00e2nghie de 40 m (4 mm, rezisten\u021b\u0103 360 kg). Carcasa din plastic ABS rezistent la UV \u0219i varia\u021bii de temperatur\u0103; componente interne din o\u021bel galvanizat. Motor de 120W, silen\u021bios. Dispune de func\u021bia de <strong data-start=\"1496\" data-end=\"1525\">aruncare liber\u0103 a ancorei<\/strong>, dar <strong data-start=\"1531\" data-end=\"1553\">f\u0103r\u0103 cobor\u00e2re lin\u0103<\/strong>. Setul con\u021bine prinderi, cablu, rulet\u0103 \u0219i garan\u021bie 1 an. Disponibil pentru montaj deschis sau ascuns. Greutate ancor\u0103 recomandat\u0103: 8\u201314 kg.<\/p>\n","protected":false},"featured_media":40248,"comment_status":"open","ping_status":"closed","template":"","meta":{"_acf_changed":false,"inline_featured_image":false},"product_brand":[],"product_cat":[340,439],"product_tag":[],"class_list":{"0":"post-40246","1":"product","2":"type-product","3":"status-publish","4":"has-post-thumbnail","6":"product_cat-sisteme-de-prindere-ro","7":"product_cat-stronger-ro","8":"tt-post","10":"first","11":"instock","12":"shipping-taxable","13":"purchasable","14":"product-type-simple"},"acf":[],"yoast_head":"<!-- This site is optimized with the Yoast SEO plugin v27.4 - https:\/\/yoast.com\/product\/yoast-seo-wordpress\/ -->\n<title>STRONGER \u2013 STEEL HANDS 35 - BoatsExpert<\/title>\n<meta name=\"description\" content=\"Vinci de ancor\u0103 SH 35 fiabil pentru b\u0103rci p\u00e2n\u0103 la 7 m. Motor silen\u021bios 120W, fr\u00e2nghie 40 m, c\u0103dere liber\u0103. Carcas\u0103 ABS durabil\u0103. Livrare rapid\u0103 \u00een UE.\" \/>\n<meta name=\"robots\" content=\"index, follow, max-snippet:-1, max-image-preview:large, max-video-preview:-1\" \/>\n<link rel=\"canonical\" href=\"https:\/\/boat-demo.axiomprotocol.org\/product\/stronger-steel-hands-35\/\" \/>\n<meta property=\"og:locale\" content=\"ro_RO\" \/>\n<meta property=\"og:type\" content=\"article\" \/>\n<meta property=\"og:title\" content=\"STRONGER \u2013 STEEL HANDS 35 - BoatsExpert\" \/>\n<meta property=\"og:description\" content=\"Vinci de ancor\u0103 SH 35 fiabil pentru b\u0103rci p\u00e2n\u0103 la 7 m. Motor silen\u021bios 120W, fr\u00e2nghie 40 m, c\u0103dere liber\u0103. Carcas\u0103 ABS durabil\u0103. Livrare rapid\u0103 \u00een UE.\" \/>\n<meta property=\"og:url\" content=\"https:\/\/boat-demo.axiomprotocol.org\/product\/stronger-steel-hands-35\/\" \/>\n<meta property=\"og:site_name\" content=\"BoatsExpert\" \/>\n<meta property=\"article:modified_time\" content=\"2025-07-23T14:25:38+00:00\" \/>\n<meta property=\"og:image\" content=\"https:\/\/boat-demo.axiomprotocol.org\/wp-content\/uploads\/2025\/07\/STRONGER-\u2013-STEEL-HANDS-35.jpg\" \/>\n\t<meta property=\"og:image:width\" content=\"555\" \/>\n\t<meta property=\"og:image:height\" content=\"478\" \/>\n\t<meta property=\"og:image:type\" content=\"image\/jpeg\" \/>\n<meta name=\"twitter:card\" content=\"summary_large_image\" \/>\n<meta name=\"twitter:label1\" content=\"Timp estimat pentru citire\" \/>\n\t<meta name=\"twitter:data1\" content=\"2 minute\" \/>\n<script type=\"application\/ld+json\" class=\"yoast-schema-graph\">{\"@context\":\"https:\\\/\\\/schema.org\",\"@graph\":[{\"@type\":\"WebPage\",\"@id\":\"https:\\\/\\\/boat-demo.axiomprotocol.org\\\/product\\\/stronger-steel-hands-35\\\/\",\"url\":\"https:\\\/\\\/boat-demo.axiomprotocol.org\\\/product\\\/stronger-steel-hands-35\\\/\",\"name\":\"STRONGER \u2013 STEEL HANDS 35 - BoatsExpert\",\"isPartOf\":{\"@id\":\"https:\\\/\\\/boat-demo.axiomprotocol.org\\\/ro\\\/#website\"},\"primaryImageOfPage\":{\"@id\":\"https:\\\/\\\/boat-demo.axiomprotocol.org\\\/product\\\/stronger-steel-hands-35\\\/#primaryimage\"},\"image\":{\"@id\":\"https:\\\/\\\/boat-demo.axiomprotocol.org\\\/product\\\/stronger-steel-hands-35\\\/#primaryimage\"},\"thumbnailUrl\":\"https:\\\/\\\/boat-demo.axiomprotocol.org\\\/wp-content\\\/uploads\\\/2025\\\/07\\\/STRONGER-\u2013-STEEL-HANDS-35.jpg\",\"datePublished\":\"2025-07-23T13:50:51+00:00\",\"dateModified\":\"2025-07-23T14:25:38+00:00\",\"description\":\"Vinci de ancor\u0103 SH 35 fiabil pentru b\u0103rci p\u00e2n\u0103 la 7 m. Motor silen\u021bios 120W, fr\u00e2nghie 40 m, c\u0103dere liber\u0103. Carcas\u0103 ABS durabil\u0103. Livrare rapid\u0103 \u00een UE.\",\"breadcrumb\":{\"@id\":\"https:\\\/\\\/boat-demo.axiomprotocol.org\\\/product\\\/stronger-steel-hands-35\\\/#breadcrumb\"},\"inLanguage\":\"ro-RO\",\"potentialAction\":[{\"@type\":\"ReadAction\",\"target\":[\"https:\\\/\\\/boat-demo.axiomprotocol.org\\\/product\\\/stronger-steel-hands-35\\\/\"]}]},{\"@type\":\"ImageObject\",\"inLanguage\":\"ro-RO\",\"@id\":\"https:\\\/\\\/boat-demo.axiomprotocol.org\\\/product\\\/stronger-steel-hands-35\\\/#primaryimage\",\"url\":\"https:\\\/\\\/boat-demo.axiomprotocol.org\\\/wp-content\\\/uploads\\\/2025\\\/07\\\/STRONGER-\u2013-STEEL-HANDS-35.jpg\",\"contentUrl\":\"https:\\\/\\\/boat-demo.axiomprotocol.org\\\/wp-content\\\/uploads\\\/2025\\\/07\\\/STRONGER-\u2013-STEEL-HANDS-35.jpg\",\"width\":555,\"height\":478,\"caption\":\"STRONGER \u2013 STEEL HANDS 35\"},{\"@type\":\"BreadcrumbList\",\"@id\":\"https:\\\/\\\/boat-demo.axiomprotocol.org\\\/product\\\/stronger-steel-hands-35\\\/#breadcrumb\",\"itemListElement\":[{\"@type\":\"ListItem\",\"position\":1,\"name\":\"Home\",\"item\":\"https:\\\/\\\/boat-demo.axiomprotocol.org\\\/\"},{\"@type\":\"ListItem\",\"position\":2,\"name\":\"Shop Online &#8211; cel mai bun magazin pentru echipamente pentru b\u0103rci\",\"item\":\"https:\\\/\\\/boat-demo.axiomprotocol.org\\\/ro\\\/shop-ro\\\/\"},{\"@type\":\"ListItem\",\"position\":3,\"name\":\"STRONGER \u2013 STEEL HANDS 35\"}]},{\"@type\":\"WebSite\",\"@id\":\"https:\\\/\\\/boat-demo.axiomprotocol.org\\\/ro\\\/#website\",\"url\":\"https:\\\/\\\/boat-demo.axiomprotocol.org\\\/ro\\\/\",\"name\":\"BoatsExpert\",\"description\":\"Boats, Service, Equipment\",\"publisher\":{\"@id\":\"https:\\\/\\\/boat-demo.axiomprotocol.org\\\/ro\\\/#organization\"},\"potentialAction\":[{\"@type\":\"SearchAction\",\"target\":{\"@type\":\"EntryPoint\",\"urlTemplate\":\"https:\\\/\\\/boat-demo.axiomprotocol.org\\\/ro\\\/?s={search_term_string}\"},\"query-input\":{\"@type\":\"PropertyValueSpecification\",\"valueRequired\":true,\"valueName\":\"search_term_string\"}}],\"inLanguage\":\"ro-RO\"},{\"@type\":\"Organization\",\"@id\":\"https:\\\/\\\/boat-demo.axiomprotocol.org\\\/ro\\\/#organization\",\"name\":\"BoatsExpert\",\"url\":\"https:\\\/\\\/boat-demo.axiomprotocol.org\\\/ro\\\/\",\"logo\":{\"@type\":\"ImageObject\",\"inLanguage\":\"ro-RO\",\"@id\":\"https:\\\/\\\/boat-demo.axiomprotocol.org\\\/ro\\\/#\\\/schema\\\/logo\\\/image\\\/\",\"url\":\"https:\\\/\\\/boat-demo.axiomprotocol.org\\\/wp-content\\\/uploads\\\/2023\\\/05\\\/white-logo60.svg\",\"contentUrl\":\"https:\\\/\\\/boat-demo.axiomprotocol.org\\\/wp-content\\\/uploads\\\/2023\\\/05\\\/white-logo60.svg\",\"width\":90,\"height\":60,\"caption\":\"BoatsExpert\"},\"image\":{\"@id\":\"https:\\\/\\\/boat-demo.axiomprotocol.org\\\/ro\\\/#\\\/schema\\\/logo\\\/image\\\/\"}}]}<\/script>\n<!-- \/ Yoast SEO plugin. -->","yoast_head_json":{"title":"STRONGER \u2013 STEEL HANDS 35 - BoatsExpert","description":"Vinci de ancor\u0103 SH 35 fiabil pentru b\u0103rci p\u00e2n\u0103 la 7 m. Motor silen\u021bios 120W, fr\u00e2nghie 40 m, c\u0103dere liber\u0103. Carcas\u0103 ABS durabil\u0103. Livrare rapid\u0103 \u00een UE.","robots":{"index":"index","follow":"follow","max-snippet":"max-snippet:-1","max-image-preview":"max-image-preview:large","max-video-preview":"max-video-preview:-1"},"canonical":"https:\/\/boat-demo.axiomprotocol.org\/product\/stronger-steel-hands-35\/","og_locale":"ro_RO","og_type":"article","og_title":"STRONGER \u2013 STEEL HANDS 35 - BoatsExpert","og_description":"Vinci de ancor\u0103 SH 35 fiabil pentru b\u0103rci p\u00e2n\u0103 la 7 m. Motor silen\u021bios 120W, fr\u00e2nghie 40 m, c\u0103dere liber\u0103. Carcas\u0103 ABS durabil\u0103. Livrare rapid\u0103 \u00een UE.","og_url":"https:\/\/boat-demo.axiomprotocol.org\/product\/stronger-steel-hands-35\/","og_site_name":"BoatsExpert","article_modified_time":"2025-07-23T14:25:38+00:00","og_image":[{"width":555,"height":478,"url":"https:\/\/boat-demo.axiomprotocol.org\/wp-content\/uploads\/2025\/07\/STRONGER-\u2013-STEEL-HANDS-35.jpg","type":"image\/jpeg"}],"twitter_card":"summary_large_image","twitter_misc":{"Timp estimat pentru citire":"2 minute"},"schema":{"@context":"https:\/\/schema.org","@graph":[{"@type":"WebPage","@id":"https:\/\/boat-demo.axiomprotocol.org\/product\/stronger-steel-hands-35\/","url":"https:\/\/boat-demo.axiomprotocol.org\/product\/stronger-steel-hands-35\/","name":"STRONGER \u2013 STEEL HANDS 35 - BoatsExpert","isPartOf":{"@id":"https:\/\/boat-demo.axiomprotocol.org\/ro\/#website"},"primaryImageOfPage":{"@id":"https:\/\/boat-demo.axiomprotocol.org\/product\/stronger-steel-hands-35\/#primaryimage"},"image":{"@id":"https:\/\/boat-demo.axiomprotocol.org\/product\/stronger-steel-hands-35\/#primaryimage"},"thumbnailUrl":"https:\/\/boat-demo.axiomprotocol.org\/wp-content\/uploads\/2025\/07\/STRONGER-\u2013-STEEL-HANDS-35.jpg","datePublished":"2025-07-23T13:50:51+00:00","dateModified":"2025-07-23T14:25:38+00:00","description":"Vinci de ancor\u0103 SH 35 fiabil pentru b\u0103rci p\u00e2n\u0103 la 7 m. Motor silen\u021bios 120W, fr\u00e2nghie 40 m, c\u0103dere liber\u0103. Carcas\u0103 ABS durabil\u0103. Livrare rapid\u0103 \u00een UE.","breadcrumb":{"@id":"https:\/\/boat-demo.axiomprotocol.org\/product\/stronger-steel-hands-35\/#breadcrumb"},"inLanguage":"ro-RO","potentialAction":[{"@type":"ReadAction","target":["https:\/\/boat-demo.axiomprotocol.org\/product\/stronger-steel-hands-35\/"]}]},{"@type":"ImageObject","inLanguage":"ro-RO","@id":"https:\/\/boat-demo.axiomprotocol.org\/product\/stronger-steel-hands-35\/#primaryimage","url":"https:\/\/boat-demo.axiomprotocol.org\/wp-content\/uploads\/2025\/07\/STRONGER-\u2013-STEEL-HANDS-35.jpg","contentUrl":"https:\/\/boat-demo.axiomprotocol.org\/wp-content\/uploads\/2025\/07\/STRONGER-\u2013-STEEL-HANDS-35.jpg","width":555,"height":478,"caption":"STRONGER \u2013 STEEL HANDS 35"},{"@type":"BreadcrumbList","@id":"https:\/\/boat-demo.axiomprotocol.org\/product\/stronger-steel-hands-35\/#breadcrumb","itemListElement":[{"@type":"ListItem","position":1,"name":"Home","item":"https:\/\/boat-demo.axiomprotocol.org\/"},{"@type":"ListItem","position":2,"name":"Shop Online &#8211; cel mai bun magazin pentru echipamente pentru b\u0103rci","item":"https:\/\/boat-demo.axiomprotocol.org\/ro\/shop-ro\/"},{"@type":"ListItem","position":3,"name":"STRONGER \u2013 STEEL HANDS 35"}]},{"@type":"WebSite","@id":"https:\/\/boat-demo.axiomprotocol.org\/ro\/#website","url":"https:\/\/boat-demo.axiomprotocol.org\/ro\/","name":"BoatsExpert","description":"Boats, Service, Equipment","publisher":{"@id":"https:\/\/boat-demo.axiomprotocol.org\/ro\/#organization"},"potentialAction":[{"@type":"SearchAction","target":{"@type":"EntryPoint","urlTemplate":"https:\/\/boat-demo.axiomprotocol.org\/ro\/?s={search_term_string}"},"query-input":{"@type":"PropertyValueSpecification","valueRequired":true,"valueName":"search_term_string"}}],"inLanguage":"ro-RO"},{"@type":"Organization","@id":"https:\/\/boat-demo.axiomprotocol.org\/ro\/#organization","name":"BoatsExpert","url":"https:\/\/boat-demo.axiomprotocol.org\/ro\/","logo":{"@type":"ImageObject","inLanguage":"ro-RO","@id":"https:\/\/boat-demo.axiomprotocol.org\/ro\/#\/schema\/logo\/image\/","url":"https:\/\/boat-demo.axiomprotocol.org\/wp-content\/uploads\/2023\/05\/white-logo60.svg","contentUrl":"https:\/\/boat-demo.axiomprotocol.org\/wp-content\/uploads\/2023\/05\/white-logo60.svg","width":90,"height":60,"caption":"BoatsExpert"},"image":{"@id":"https:\/\/boat-demo.axiomprotocol.org\/ro\/#\/schema\/logo\/image\/"}}]}},"_links":{"self":[{"href":"https:\/\/boat-demo.axiomprotocol.org\/ro\/wp-json\/wp\/v2\/product\/40246","targetHints":{"allow":["GET"]}}],"collection":[{"href":"https:\/\/boat-demo.axiomprotocol.org\/ro\/wp-json\/wp\/v2\/product"}],"about":[{"href":"https:\/\/boat-demo.axiomprotocol.org\/ro\/wp-json\/wp\/v2\/types\/product"}],"replies":[{"embeddable":true,"href":"https:\/\/boat-demo.axiomprotocol.org\/ro\/wp-json\/wp\/v2\/comments?post=40246"}],"version-history":[{"count":7,"href":"https:\/\/boat-demo.axiomprotocol.org\/ro\/wp-json\/wp\/v2\/product\/40246\/revisions"}],"predecessor-version":[{"id":40291,"href":"https:\/\/boat-demo.axiomprotocol.org\/ro\/wp-json\/wp\/v2\/product\/40246\/revisions\/40291"}],"wp:featuredmedia":[{"embeddable":true,"href":"https:\/\/boat-demo.axiomprotocol.org\/ro\/wp-json\/wp\/v2\/media\/40248"}],"wp:attachment":[{"href":"https:\/\/boat-demo.axiomprotocol.org\/ro\/wp-json\/wp\/v2\/media?parent=40246"}],"wp:term":[{"taxonomy":"product_brand","embeddable":true,"href":"https:\/\/boat-demo.axiomprotocol.org\/ro\/wp-json\/wp\/v2\/product_brand?post=40246"},{"taxonomy":"product_cat","embeddable":true,"href":"https:\/\/boat-demo.axiomprotocol.org\/ro\/wp-json\/wp\/v2\/product_cat?post=40246"},{"taxonomy":"product_tag","embeddable":true,"href":"https:\/\/boat-demo.axiomprotocol.org\/ro\/wp-json\/wp\/v2\/product_tag?post=40246"}],"curies":[{"name":"wp","href":"https:\/\/api.w.org\/{rel}","templated":true}]}}