{"id":40230,"date":"2025-07-23T16:37:37","date_gmt":"2025-07-23T13:37:37","guid":{"rendered":"https:\/\/boat-demo.axiomprotocol.org\/?post_type=product&#038;p=40230"},"modified":"2025-07-23T17:28:08","modified_gmt":"2025-07-23T14:28:08","slug":"stronger-steel-hands-35s","status":"publish","type":"product","link":"https:\/\/boat-demo.axiomprotocol.org\/ro\/produs\/stronger-steel-hands-35s\/","title":{"rendered":"STRONGER \u2013 STEEL HANDS 35S"},"content":{"rendered":"\t\t<div data-elementor-type=\"wp-post\" data-elementor-id=\"40230\" class=\"elementor elementor-40230 elementor-40231\">\n\t\t\t\t\t\t<section class=\"elementor-section elementor-top-section elementor-element elementor-element-acc7402 elementor-section-boxed elementor-section-height-default elementor-section-height-default\" data-id=\"acc7402\" data-element_type=\"section\" data-e-type=\"section\">\n\t\t\t\t\t\t<div class=\"elementor-container elementor-column-gap-default\">\n\t\t\t\t\t<div class=\"elementor-column elementor-col-100 elementor-top-column elementor-element elementor-element-cbfbb84\" data-id=\"cbfbb84\" data-element_type=\"column\" data-e-type=\"column\">\n\t\t\t<div class=\"elementor-widget-wrap elementor-element-populated\">\n\t\t\t\t\t\t<div class=\"elementor-element elementor-element-7e1f043 elementor-widget elementor-widget-heading\" data-id=\"7e1f043\" data-element_type=\"widget\" data-e-type=\"widget\" data-widget_type=\"heading.default\">\n\t\t\t\t<div class=\"elementor-widget-container\">\n\t\t\t\t\t<h6 class=\"elementor-heading-title elementor-size-large\">CARACTERISTICI<\/h6>\t\t\t\t<\/div>\n\t\t\t\t<\/div>\n\t\t\t\t<div class=\"elementor-element elementor-element-a52a04b elementor-widget elementor-widget-text-editor\" data-id=\"a52a04b\" data-element_type=\"widget\" data-e-type=\"widget\" data-widget_type=\"text-editor.default\">\n\t\t\t\t<div class=\"elementor-widget-container\">\n\t\t\t\t\t\t\t\t\t<div><ul class=\"tt-list03\"><li><strong>Carcasa troliului<\/strong> Carcasa troliului, precum \u0219i toate suporturile de fixare, sunt realizate din o\u021bel inoxidabil rezistent.<\/li><li><strong>Mecanismul troliului (pentru ridicarea \u0219i resetarea arm\u0103turii)<\/strong> Mecanismul troliului const\u0103 dintr-un motor cu angrenaje \u00eenchise \u0219i un antrenor mecanic care mi\u0219c\u0103 bobina de-a lungul arborelui. Toate p\u0103r\u021bile mecanice sunt lubrifiate cu un unsoare special\u0103 impermeabil\u0103.<\/li><li><strong>Partea electric\u0103<\/strong> Troliul utilizeaz\u0103 un motor cu tensiune de lucru de 12 V. Pe capac nu este montat un buton impermeabil cu prindere \u00een trei pozi\u021bii. Kitul include un cablu de conectare de 5 metri \u0219i un comutator termic de siguran\u021b\u0103.<\/li><li><strong>Capacul troliului<\/strong> Capacului troliului este realizat din plastic ABS durabil, rezistent la radia\u021bii UV. Pe capac este amplasat butonul de control al troliului.<\/li><li><strong>Role<\/strong> Tije pentru troliu sunt realizate din o\u021bel inoxidabil solid de 3 mm. Rolele includ role rulante din plastic durabil.<\/li><li><strong>Sfoara de ancor\u0103<\/strong> Troliul este echipat cu o sfoar\u0103 de nylon de 40 m lungime, cu o rezisten\u021b\u0103 la trac\u021biune de 360 kg.<\/li><li><strong>Elemente de fixare<\/strong> Troliul este livrat cu \u0219uruburi \u0219i piuli\u021be din o\u021bel inoxidabil pentru montarea troliului \u0219i a carcasei rolei.<\/li><li><strong>Fi\u0219a de garan\u021bie<\/strong> Livrat \u00eempreun\u0103 cu o fi\u0219\u0103 de garan\u021bie valabil\u0103 1 an.<\/li><li><strong>Ambalare<\/strong> Troliul este ambalat \u00eentr-o cutie robust\u0103 de carton pentru transport.<br \/><br \/><\/li><\/ul><pre><strong>Pentru o func\u021bionare corect\u0103 \u0219i durabil\u0103 a troliului, recomand\u0103m utilizarea ancorelor STRONGER!<\/strong><\/pre><\/div><p><span style=\"color: #c0392b\"><strong>Troliul de ancor\u0103 include o rol\u0103 \u0219i troliul \u00een sine. Utilizarea troliului de ancor\u0103 este interzis\u0103 f\u0103r\u0103 rol\u0103 regulat\u0103!<\/strong><\/span><\/p>\t\t\t\t\t\t\t\t<\/div>\n\t\t\t\t<\/div>\n\t\t\t\t<div class=\"elementor-element elementor-element-61e2283 elementor-widget elementor-widget-heading\" data-id=\"61e2283\" data-element_type=\"widget\" data-e-type=\"widget\" data-widget_type=\"heading.default\">\n\t\t\t\t<div class=\"elementor-widget-container\">\n\t\t\t\t\t<h6 class=\"elementor-heading-title elementor-size-large\">SPECIFICATII<\/h6>\t\t\t\t<\/div>\n\t\t\t\t<\/div>\n\t\t\t\t<div class=\"elementor-element elementor-element-c9e26dc elementor-widget elementor-widget-text-editor\" data-id=\"c9e26dc\" data-element_type=\"widget\" data-e-type=\"widget\" data-widget_type=\"text-editor.default\">\n\t\t\t\t<div class=\"elementor-widget-container\">\n\t\t\t\t\t\t\t\t\t<div>\n<table style=\"width: 100%\">\n<thead>\n<tr>\n<th><strong>Parametru<\/strong><\/th>\n<th><strong>Valoare<\/strong><\/th>\n<\/tr>\n<\/thead>\n<tbody>\n<tr>\n<td><strong>Greutatea maxim\u0103 a ancorei<\/strong><\/td>\n<td>15 kg<\/td>\n<\/tr>\n<tr>\n<td><strong>Lungimea b\u0103rcii, p\u00e2n\u0103 la<\/strong><\/td>\n<td>7 m<\/td>\n<\/tr>\n<tr>\n<td><strong>Sfoara de ancor\u0103<\/strong><\/td>\n<td>\u2205 4 mm, lungime 40 m<\/td>\n<\/tr>\n<tr>\n<td><strong>Rol\u0103 de ghidare<\/strong><\/td>\n<td>Da<\/td>\n<\/tr>\n<tr>\n<td><strong>Buton de control<\/strong><\/td>\n<td>Da<\/td>\n<\/tr>\n<tr>\n<td><strong>Func\u021bia butonului de control<\/strong><\/td>\n<td>Ridicare \/ cobor\u00e2re<\/td>\n<\/tr>\n<tr>\n<td><strong>Tij\u0103 pentru transportul sigur al ancorei<\/strong><\/td>\n<td>Da<\/td>\n<\/tr>\n<tr>\n<td><strong>Func\u021bia de intrare lin\u0103 a ancorei \u00een ap\u0103<\/strong><\/td>\n<td>Nu<\/td>\n<\/tr>\n<tr>\n<td><strong>C\u0103dere liber\u0103 a ancorei<\/strong><\/td>\n<td>Da<\/td>\n<\/tr>\n<tr>\n<td><strong>Viteza de ridicare a ancorei<\/strong><\/td>\n<td>30 m\/min<\/td>\n<\/tr>\n<tr>\n<td><strong>Num\u0103r buc\u0103\u021bi \u00een pachet<\/strong><\/td>\n<td>1 bucat\u0103<\/td>\n<\/tr>\n<tr>\n<td><strong>Greutate<\/strong><\/td>\n<td>9 kg<\/td>\n<\/tr>\n<tr>\n<td><strong>Dimensiuni pachet (L\u00d7l\u00d7H)<\/strong><\/td>\n<td>377 \u00d7 307 \u00d7 177 mm<\/td>\n<\/tr>\n<tr>\n<td><strong>Dimensiuni troliu (L\u00d7l\u00d7H)<\/strong><\/td>\n<td>280.5 \u00d7 280.5 \u00d7 151 mm<\/td>\n<\/tr>\n<tr>\n<td><strong>Dimensiuni rol\u0103 de ghidare (L\u00d7l\u00d7H)<\/strong><\/td>\n<td>260 \u00d7 82 \u00d7 129 mm<\/td>\n<\/tr>\n<tr>\n<td><strong>Num\u0103r model<\/strong><\/td>\n<td>SH \u2013 35S<\/td>\n<\/tr>\n<tr>\n<td><strong>Garan\u021bie<\/strong><\/td>\n<td>1 an<\/td>\n<\/tr>\n<tr>\n<td><strong>Sarcina maxim\u0103 de lucru<\/strong><\/td>\n<td>90 kg<\/td>\n<\/tr>\n<\/tbody>\n<\/table>\n<\/div>\n\t\t\t\t\t\t\t\t<\/div>\n\t\t\t\t<\/div>\n\t\t\t\t\t<\/div>\n\t\t<\/div>\n\t\t\t\t\t<\/div>\n\t\t<\/section>\n\t\t\t\t<\/div>\n\t\t","protected":false},"excerpt":{"rendered":"<p>&nbsp;<\/p>\n<p data-start=\"1246\" data-end=\"1800\">Vinciul de ancor\u0103 SH 35S este destinat b\u0103rcilor de p\u00e2n\u0103 la 7 metri. Include o fr\u00e2nghie de 40 m \/ 4 mm (rezisten\u021b\u0103 la rupere 360 kg). Carcasa este realizat\u0103 din plastic ABS rezistent la UV \u0219i varia\u021bii de temperatur\u0103. Mecanismul interior din o\u021bel inoxidabil asigur\u0103 func\u021bionare silen\u021bioas\u0103. Spre deosebire de SH 35 PRO, nu are func\u021bia de cobor\u00e2re lin\u0103, dar ofer\u0103 <strong data-start=\"1607\" data-end=\"1636\">aruncare liber\u0103 a ancorei<\/strong>, care permite atingerea rapid\u0103 a fundului. Motor de 120W. Disponibil \u00een variante pentru montaj deschis \u0219i ascuns. Include cablu, prinderi, rulet\u0103 \u0219i garan\u021bie 1 an.<\/p>\n","protected":false},"featured_media":40232,"comment_status":"open","ping_status":"closed","template":"","meta":{"_acf_changed":false,"inline_featured_image":false},"product_brand":[],"product_cat":[340,439],"product_tag":[],"class_list":{"0":"post-40230","1":"product","2":"type-product","3":"status-publish","4":"has-post-thumbnail","6":"product_cat-sisteme-de-prindere-ro","7":"product_cat-stronger-ro","8":"tt-post","10":"first","11":"instock","12":"shipping-taxable","13":"purchasable","14":"product-type-simple"},"acf":[],"yoast_head":"<!-- This site is optimized with the Yoast SEO plugin v27.4 - https:\/\/yoast.com\/product\/yoast-seo-wordpress\/ -->\n<title>STRONGER \u2013 STEEL HANDS 35S - BoatsExpert<\/title>\n<meta name=\"description\" content=\"Vinci SH 35S pentru b\u0103rci p\u00e2n\u0103 la 7 m. Motor 120W, fr\u00e2nghie 40 m, aruncare liber\u0103, mecanism inox. Disponibil \u00een toat\u0103 Europa la Boats Expert.\" \/>\n<meta name=\"robots\" content=\"index, follow, max-snippet:-1, max-image-preview:large, max-video-preview:-1\" \/>\n<link rel=\"canonical\" href=\"https:\/\/boat-demo.axiomprotocol.org\/product\/stronger-steel-hands-35s\/\" \/>\n<meta property=\"og:locale\" content=\"ro_RO\" \/>\n<meta property=\"og:type\" content=\"article\" \/>\n<meta property=\"og:title\" content=\"STRONGER \u2013 STEEL HANDS 35S - BoatsExpert\" \/>\n<meta property=\"og:description\" content=\"Vinci SH 35S pentru b\u0103rci p\u00e2n\u0103 la 7 m. Motor 120W, fr\u00e2nghie 40 m, aruncare liber\u0103, mecanism inox. Disponibil \u00een toat\u0103 Europa la Boats Expert.\" \/>\n<meta property=\"og:url\" content=\"https:\/\/boat-demo.axiomprotocol.org\/product\/stronger-steel-hands-35s\/\" \/>\n<meta property=\"og:site_name\" content=\"BoatsExpert\" \/>\n<meta property=\"article:modified_time\" content=\"2025-07-23T14:28:08+00:00\" \/>\n<meta property=\"og:image\" content=\"https:\/\/boat-demo.axiomprotocol.org\/wp-content\/uploads\/2025\/07\/STRONGER-\u2013-STEEL-HANDS-35S.jpg\" \/>\n\t<meta property=\"og:image:width\" content=\"555\" \/>\n\t<meta property=\"og:image:height\" content=\"478\" \/>\n\t<meta property=\"og:image:type\" content=\"image\/jpeg\" \/>\n<meta name=\"twitter:card\" content=\"summary_large_image\" \/>\n<meta name=\"twitter:label1\" content=\"Timp estimat pentru citire\" \/>\n\t<meta name=\"twitter:data1\" content=\"2 minute\" \/>\n<script type=\"application\/ld+json\" class=\"yoast-schema-graph\">{\"@context\":\"https:\\\/\\\/schema.org\",\"@graph\":[{\"@type\":\"WebPage\",\"@id\":\"https:\\\/\\\/boat-demo.axiomprotocol.org\\\/product\\\/stronger-steel-hands-35s\\\/\",\"url\":\"https:\\\/\\\/boat-demo.axiomprotocol.org\\\/product\\\/stronger-steel-hands-35s\\\/\",\"name\":\"STRONGER \u2013 STEEL HANDS 35S - BoatsExpert\",\"isPartOf\":{\"@id\":\"https:\\\/\\\/boat-demo.axiomprotocol.org\\\/ro\\\/#website\"},\"primaryImageOfPage\":{\"@id\":\"https:\\\/\\\/boat-demo.axiomprotocol.org\\\/product\\\/stronger-steel-hands-35s\\\/#primaryimage\"},\"image\":{\"@id\":\"https:\\\/\\\/boat-demo.axiomprotocol.org\\\/product\\\/stronger-steel-hands-35s\\\/#primaryimage\"},\"thumbnailUrl\":\"https:\\\/\\\/boat-demo.axiomprotocol.org\\\/wp-content\\\/uploads\\\/2025\\\/07\\\/STRONGER-\u2013-STEEL-HANDS-35S.jpg\",\"datePublished\":\"2025-07-23T13:37:37+00:00\",\"dateModified\":\"2025-07-23T14:28:08+00:00\",\"description\":\"Vinci SH 35S pentru b\u0103rci p\u00e2n\u0103 la 7 m. Motor 120W, fr\u00e2nghie 40 m, aruncare liber\u0103, mecanism inox. Disponibil \u00een toat\u0103 Europa la Boats Expert.\",\"breadcrumb\":{\"@id\":\"https:\\\/\\\/boat-demo.axiomprotocol.org\\\/product\\\/stronger-steel-hands-35s\\\/#breadcrumb\"},\"inLanguage\":\"ro-RO\",\"potentialAction\":[{\"@type\":\"ReadAction\",\"target\":[\"https:\\\/\\\/boat-demo.axiomprotocol.org\\\/product\\\/stronger-steel-hands-35s\\\/\"]}]},{\"@type\":\"ImageObject\",\"inLanguage\":\"ro-RO\",\"@id\":\"https:\\\/\\\/boat-demo.axiomprotocol.org\\\/product\\\/stronger-steel-hands-35s\\\/#primaryimage\",\"url\":\"https:\\\/\\\/boat-demo.axiomprotocol.org\\\/wp-content\\\/uploads\\\/2025\\\/07\\\/STRONGER-\u2013-STEEL-HANDS-35S.jpg\",\"contentUrl\":\"https:\\\/\\\/boat-demo.axiomprotocol.org\\\/wp-content\\\/uploads\\\/2025\\\/07\\\/STRONGER-\u2013-STEEL-HANDS-35S.jpg\",\"width\":555,\"height\":478,\"caption\":\"STRONGER \u2013 STEEL HANDS 35S\"},{\"@type\":\"BreadcrumbList\",\"@id\":\"https:\\\/\\\/boat-demo.axiomprotocol.org\\\/product\\\/stronger-steel-hands-35s\\\/#breadcrumb\",\"itemListElement\":[{\"@type\":\"ListItem\",\"position\":1,\"name\":\"Home\",\"item\":\"https:\\\/\\\/boat-demo.axiomprotocol.org\\\/\"},{\"@type\":\"ListItem\",\"position\":2,\"name\":\"Shop Online &#8211; cel mai bun magazin pentru echipamente pentru b\u0103rci\",\"item\":\"https:\\\/\\\/boat-demo.axiomprotocol.org\\\/ro\\\/shop-ro\\\/\"},{\"@type\":\"ListItem\",\"position\":3,\"name\":\"STRONGER \u2013 STEEL HANDS 35S\"}]},{\"@type\":\"WebSite\",\"@id\":\"https:\\\/\\\/boat-demo.axiomprotocol.org\\\/ro\\\/#website\",\"url\":\"https:\\\/\\\/boat-demo.axiomprotocol.org\\\/ro\\\/\",\"name\":\"BoatsExpert\",\"description\":\"Boats, Service, Equipment\",\"publisher\":{\"@id\":\"https:\\\/\\\/boat-demo.axiomprotocol.org\\\/ro\\\/#organization\"},\"potentialAction\":[{\"@type\":\"SearchAction\",\"target\":{\"@type\":\"EntryPoint\",\"urlTemplate\":\"https:\\\/\\\/boat-demo.axiomprotocol.org\\\/ro\\\/?s={search_term_string}\"},\"query-input\":{\"@type\":\"PropertyValueSpecification\",\"valueRequired\":true,\"valueName\":\"search_term_string\"}}],\"inLanguage\":\"ro-RO\"},{\"@type\":\"Organization\",\"@id\":\"https:\\\/\\\/boat-demo.axiomprotocol.org\\\/ro\\\/#organization\",\"name\":\"BoatsExpert\",\"url\":\"https:\\\/\\\/boat-demo.axiomprotocol.org\\\/ro\\\/\",\"logo\":{\"@type\":\"ImageObject\",\"inLanguage\":\"ro-RO\",\"@id\":\"https:\\\/\\\/boat-demo.axiomprotocol.org\\\/ro\\\/#\\\/schema\\\/logo\\\/image\\\/\",\"url\":\"https:\\\/\\\/boat-demo.axiomprotocol.org\\\/wp-content\\\/uploads\\\/2023\\\/05\\\/white-logo60.svg\",\"contentUrl\":\"https:\\\/\\\/boat-demo.axiomprotocol.org\\\/wp-content\\\/uploads\\\/2023\\\/05\\\/white-logo60.svg\",\"width\":90,\"height\":60,\"caption\":\"BoatsExpert\"},\"image\":{\"@id\":\"https:\\\/\\\/boat-demo.axiomprotocol.org\\\/ro\\\/#\\\/schema\\\/logo\\\/image\\\/\"}}]}<\/script>\n<!-- \/ Yoast SEO plugin. -->","yoast_head_json":{"title":"STRONGER \u2013 STEEL HANDS 35S - BoatsExpert","description":"Vinci SH 35S pentru b\u0103rci p\u00e2n\u0103 la 7 m. Motor 120W, fr\u00e2nghie 40 m, aruncare liber\u0103, mecanism inox. Disponibil \u00een toat\u0103 Europa la Boats Expert.","robots":{"index":"index","follow":"follow","max-snippet":"max-snippet:-1","max-image-preview":"max-image-preview:large","max-video-preview":"max-video-preview:-1"},"canonical":"https:\/\/boat-demo.axiomprotocol.org\/product\/stronger-steel-hands-35s\/","og_locale":"ro_RO","og_type":"article","og_title":"STRONGER \u2013 STEEL HANDS 35S - BoatsExpert","og_description":"Vinci SH 35S pentru b\u0103rci p\u00e2n\u0103 la 7 m. Motor 120W, fr\u00e2nghie 40 m, aruncare liber\u0103, mecanism inox. Disponibil \u00een toat\u0103 Europa la Boats Expert.","og_url":"https:\/\/boat-demo.axiomprotocol.org\/product\/stronger-steel-hands-35s\/","og_site_name":"BoatsExpert","article_modified_time":"2025-07-23T14:28:08+00:00","og_image":[{"width":555,"height":478,"url":"https:\/\/boat-demo.axiomprotocol.org\/wp-content\/uploads\/2025\/07\/STRONGER-\u2013-STEEL-HANDS-35S.jpg","type":"image\/jpeg"}],"twitter_card":"summary_large_image","twitter_misc":{"Timp estimat pentru citire":"2 minute"},"schema":{"@context":"https:\/\/schema.org","@graph":[{"@type":"WebPage","@id":"https:\/\/boat-demo.axiomprotocol.org\/product\/stronger-steel-hands-35s\/","url":"https:\/\/boat-demo.axiomprotocol.org\/product\/stronger-steel-hands-35s\/","name":"STRONGER \u2013 STEEL HANDS 35S - BoatsExpert","isPartOf":{"@id":"https:\/\/boat-demo.axiomprotocol.org\/ro\/#website"},"primaryImageOfPage":{"@id":"https:\/\/boat-demo.axiomprotocol.org\/product\/stronger-steel-hands-35s\/#primaryimage"},"image":{"@id":"https:\/\/boat-demo.axiomprotocol.org\/product\/stronger-steel-hands-35s\/#primaryimage"},"thumbnailUrl":"https:\/\/boat-demo.axiomprotocol.org\/wp-content\/uploads\/2025\/07\/STRONGER-\u2013-STEEL-HANDS-35S.jpg","datePublished":"2025-07-23T13:37:37+00:00","dateModified":"2025-07-23T14:28:08+00:00","description":"Vinci SH 35S pentru b\u0103rci p\u00e2n\u0103 la 7 m. Motor 120W, fr\u00e2nghie 40 m, aruncare liber\u0103, mecanism inox. Disponibil \u00een toat\u0103 Europa la Boats Expert.","breadcrumb":{"@id":"https:\/\/boat-demo.axiomprotocol.org\/product\/stronger-steel-hands-35s\/#breadcrumb"},"inLanguage":"ro-RO","potentialAction":[{"@type":"ReadAction","target":["https:\/\/boat-demo.axiomprotocol.org\/product\/stronger-steel-hands-35s\/"]}]},{"@type":"ImageObject","inLanguage":"ro-RO","@id":"https:\/\/boat-demo.axiomprotocol.org\/product\/stronger-steel-hands-35s\/#primaryimage","url":"https:\/\/boat-demo.axiomprotocol.org\/wp-content\/uploads\/2025\/07\/STRONGER-\u2013-STEEL-HANDS-35S.jpg","contentUrl":"https:\/\/boat-demo.axiomprotocol.org\/wp-content\/uploads\/2025\/07\/STRONGER-\u2013-STEEL-HANDS-35S.jpg","width":555,"height":478,"caption":"STRONGER \u2013 STEEL HANDS 35S"},{"@type":"BreadcrumbList","@id":"https:\/\/boat-demo.axiomprotocol.org\/product\/stronger-steel-hands-35s\/#breadcrumb","itemListElement":[{"@type":"ListItem","position":1,"name":"Home","item":"https:\/\/boat-demo.axiomprotocol.org\/"},{"@type":"ListItem","position":2,"name":"Shop Online &#8211; cel mai bun magazin pentru echipamente pentru b\u0103rci","item":"https:\/\/boat-demo.axiomprotocol.org\/ro\/shop-ro\/"},{"@type":"ListItem","position":3,"name":"STRONGER \u2013 STEEL HANDS 35S"}]},{"@type":"WebSite","@id":"https:\/\/boat-demo.axiomprotocol.org\/ro\/#website","url":"https:\/\/boat-demo.axiomprotocol.org\/ro\/","name":"BoatsExpert","description":"Boats, Service, Equipment","publisher":{"@id":"https:\/\/boat-demo.axiomprotocol.org\/ro\/#organization"},"potentialAction":[{"@type":"SearchAction","target":{"@type":"EntryPoint","urlTemplate":"https:\/\/boat-demo.axiomprotocol.org\/ro\/?s={search_term_string}"},"query-input":{"@type":"PropertyValueSpecification","valueRequired":true,"valueName":"search_term_string"}}],"inLanguage":"ro-RO"},{"@type":"Organization","@id":"https:\/\/boat-demo.axiomprotocol.org\/ro\/#organization","name":"BoatsExpert","url":"https:\/\/boat-demo.axiomprotocol.org\/ro\/","logo":{"@type":"ImageObject","inLanguage":"ro-RO","@id":"https:\/\/boat-demo.axiomprotocol.org\/ro\/#\/schema\/logo\/image\/","url":"https:\/\/boat-demo.axiomprotocol.org\/wp-content\/uploads\/2023\/05\/white-logo60.svg","contentUrl":"https:\/\/boat-demo.axiomprotocol.org\/wp-content\/uploads\/2023\/05\/white-logo60.svg","width":90,"height":60,"caption":"BoatsExpert"},"image":{"@id":"https:\/\/boat-demo.axiomprotocol.org\/ro\/#\/schema\/logo\/image\/"}}]}},"_links":{"self":[{"href":"https:\/\/boat-demo.axiomprotocol.org\/ro\/wp-json\/wp\/v2\/product\/40230","targetHints":{"allow":["GET"]}}],"collection":[{"href":"https:\/\/boat-demo.axiomprotocol.org\/ro\/wp-json\/wp\/v2\/product"}],"about":[{"href":"https:\/\/boat-demo.axiomprotocol.org\/ro\/wp-json\/wp\/v2\/types\/product"}],"replies":[{"embeddable":true,"href":"https:\/\/boat-demo.axiomprotocol.org\/ro\/wp-json\/wp\/v2\/comments?post=40230"}],"version-history":[{"count":7,"href":"https:\/\/boat-demo.axiomprotocol.org\/ro\/wp-json\/wp\/v2\/product\/40230\/revisions"}],"predecessor-version":[{"id":40297,"href":"https:\/\/boat-demo.axiomprotocol.org\/ro\/wp-json\/wp\/v2\/product\/40230\/revisions\/40297"}],"wp:featuredmedia":[{"embeddable":true,"href":"https:\/\/boat-demo.axiomprotocol.org\/ro\/wp-json\/wp\/v2\/media\/40232"}],"wp:attachment":[{"href":"https:\/\/boat-demo.axiomprotocol.org\/ro\/wp-json\/wp\/v2\/media?parent=40230"}],"wp:term":[{"taxonomy":"product_brand","embeddable":true,"href":"https:\/\/boat-demo.axiomprotocol.org\/ro\/wp-json\/wp\/v2\/product_brand?post=40230"},{"taxonomy":"product_cat","embeddable":true,"href":"https:\/\/boat-demo.axiomprotocol.org\/ro\/wp-json\/wp\/v2\/product_cat?post=40230"},{"taxonomy":"product_tag","embeddable":true,"href":"https:\/\/boat-demo.axiomprotocol.org\/ro\/wp-json\/wp\/v2\/product_tag?post=40230"}],"curies":[{"name":"wp","href":"https:\/\/api.w.org\/{rel}","templated":true}]}}