{"id":40217,"date":"2025-07-23T16:14:41","date_gmt":"2025-07-23T13:14:41","guid":{"rendered":"https:\/\/boat-demo.axiomprotocol.org\/?post_type=product&#038;p=40217"},"modified":"2025-07-23T17:26:56","modified_gmt":"2025-07-23T14:26:56","slug":"stronger-steel-hands-35-pro","status":"publish","type":"product","link":"https:\/\/boat-demo.axiomprotocol.org\/ro\/produs\/stronger-steel-hands-35-pro\/","title":{"rendered":"STRONGER \u2013 STEEL HANDS 35 PRO"},"content":{"rendered":"\t\t<div data-elementor-type=\"wp-post\" data-elementor-id=\"40217\" class=\"elementor elementor-40217 elementor-40216\">\n\t\t\t\t\t\t<section class=\"elementor-section elementor-top-section elementor-element elementor-element-acc7402 elementor-section-boxed elementor-section-height-default elementor-section-height-default\" data-id=\"acc7402\" data-element_type=\"section\" data-e-type=\"section\">\n\t\t\t\t\t\t<div class=\"elementor-container elementor-column-gap-default\">\n\t\t\t\t\t<div class=\"elementor-column elementor-col-100 elementor-top-column elementor-element elementor-element-cbfbb84\" data-id=\"cbfbb84\" data-element_type=\"column\" data-e-type=\"column\">\n\t\t\t<div class=\"elementor-widget-wrap elementor-element-populated\">\n\t\t\t\t\t\t<div class=\"elementor-element elementor-element-7e1f043 elementor-widget elementor-widget-heading\" data-id=\"7e1f043\" data-element_type=\"widget\" data-e-type=\"widget\" data-widget_type=\"heading.default\">\n\t\t\t\t<div class=\"elementor-widget-container\">\n\t\t\t\t\t<h6 class=\"elementor-heading-title elementor-size-large\">CARACTERISTICI<\/h6>\t\t\t\t<\/div>\n\t\t\t\t<\/div>\n\t\t\t\t<div class=\"elementor-element elementor-element-01c8b76 elementor-widget elementor-widget-text-editor\" data-id=\"01c8b76\" data-element_type=\"widget\" data-e-type=\"widget\" data-widget_type=\"text-editor.default\">\n\t\t\t\t<div class=\"elementor-widget-container\">\n\t\t\t\t\t\t\t\t\t<div><ul class=\"tt-list03\"><li><strong>Carcasa troliului<\/strong> Carcasa troliului, precum \u0219i toate suporturile (modelele Steel Hands 35 PRO), sunt realizate din o\u021bel rezistent.<\/li><li><strong>Mecanismul troliului (pentru ridicarea \u0219i cobor\u00e2rea ancorei)<\/strong> Mecanismul troliului const\u0103 din: un motor cu mecanism de angrenaj \u00eenchis \u0219i un antrenor mecanic care realizeaz\u0103 mi\u0219carea bobinei de-a lungul arborelui. Toate p\u0103r\u021bile mecanice implicate \u00een func\u021bionarea troliului sunt lubrifiate cu un lubrifiant special hidrofug.<\/li><li><strong>Partea electric\u0103<\/strong> Partea electric\u0103 a troliului folose\u0219te un motor de 130 wa\u021bi cu tensiune de lucru de 12 V. Pe capac (Steel Hands 35 PRO) este montat un buton impermeabil fix cu trei pozi\u021bii pe suport (Steel Hands 35 PRO). \u00cen setul complet este inclus un cablu de 5 metri pentru conectarea troliului la bateria de acumulare \u0219i un releu termic de siguran\u021b\u0103.<\/li><li><strong>Capacul superior al troliului pentru Steel Hands 35 PRO<\/strong> Capacului troliului este fabricat din plastic ABC durabil, rezistent la radia\u021bii UV. Pe capacul troliului se afl\u0103 un buton de control al troliului.<\/li><li><strong>Troliu cu sfoar\u0103 de o\u021bel Steel Hands 35 PRO<\/strong> Carcasa troliului este realizat\u0103 din o\u021bel rezistent de 3 mm grosime. Rola este echipat\u0103 cu o rol\u0103 rulant\u0103 din plastic durabil.<\/li><li><strong>Troliu cu sfoar\u0103 de o\u021bel Steel Hands 35 PRO I (instalare ascuns\u0103)<\/strong> Carcasa troliului este realizat\u0103 din o\u021bel rezistent de 3 mm grosime. Pe rol\u0103 sunt dou\u0103 role rulante din plastic durabil.<\/li><li><strong>Sfoara de ancor\u0103<\/strong> Troliul este echipat cu o sfoar\u0103 de kapron lung\u0103 de 40 m, cu o for\u021b\u0103 de trac\u021biune de 360 kg.<\/li><li><strong>Elemente de fixare<\/strong> Troliurile sunt livrate cu \u0219uruburi \u0219i piuli\u021be galvanizate pentru fixarea carcasei troliului \u0219i a rolei de ghidare.<\/li><li><strong>Fi\u0219a de garan\u021bie<\/strong> Produsul este \u00eenso\u021bit de o fi\u0219\u0103 de garan\u021bie, cu o perioad\u0103 de garan\u021bie de 1 an.<\/li><li><strong>Ambalare<\/strong> Troliul este ambalat \u00eentr-o cutie robust\u0103 de carton pentru transport.<br \/><br \/><\/li><\/ul><pre><strong>Pentru o func\u021bionare corect\u0103 \u0219i durabil\u0103 a troliului, recomand\u0103m utilizarea ancorelor STRONGER!<\/strong><\/pre><\/div><p><span style=\"color: #c0392b\"><strong>Troliul de ancor\u0103 include o rol\u0103 \u0219i troliul \u00een sine. Utilizarea troliului de ancor\u0103 este interzis\u0103 f\u0103r\u0103 rol\u0103 regulat\u0103!<\/strong><\/span><\/p>\t\t\t\t\t\t\t\t<\/div>\n\t\t\t\t<\/div>\n\t\t\t\t<div class=\"elementor-element elementor-element-61e2283 elementor-widget elementor-widget-heading\" data-id=\"61e2283\" data-element_type=\"widget\" data-e-type=\"widget\" data-widget_type=\"heading.default\">\n\t\t\t\t<div class=\"elementor-widget-container\">\n\t\t\t\t\t<h6 class=\"elementor-heading-title elementor-size-large\">SPECIFICATII<\/h6>\t\t\t\t<\/div>\n\t\t\t\t<\/div>\n\t\t\t\t<div class=\"elementor-element elementor-element-d703896 elementor-widget elementor-widget-text-editor\" data-id=\"d703896\" data-element_type=\"widget\" data-e-type=\"widget\" data-widget_type=\"text-editor.default\">\n\t\t\t\t<div class=\"elementor-widget-container\">\n\t\t\t\t\t\t\t\t\t<div>\n<table style=\"width: 100%\">\n<thead>\n<tr>\n<th><strong>Parametru<\/strong><\/th>\n<th><strong>Valoare<\/strong><\/th>\n<\/tr>\n<\/thead>\n<tbody>\n<tr>\n<td><strong>Greutatea maxim\u0103 a ancorei<\/strong><\/td>\n<td>15 kg<\/td>\n<\/tr>\n<tr>\n<td><strong>Lungimea b\u0103rcii, p\u00e2n\u0103 la<\/strong><\/td>\n<td>7 m<\/td>\n<\/tr>\n<tr>\n<td><strong>Sfoara de ancor\u0103<\/strong><\/td>\n<td>\u2205 4 mm, lungime 40 m<\/td>\n<\/tr>\n<tr>\n<td><strong>Rol\u0103<\/strong><\/td>\n<td>Da<\/td>\n<\/tr>\n<tr>\n<td><strong>Buton de control<\/strong><\/td>\n<td>Da<\/td>\n<\/tr>\n<tr>\n<td><strong>Func\u021bia butonului de control<\/strong><\/td>\n<td>Ridicare \/ cobor\u00e2re<\/td>\n<\/tr>\n<tr>\n<td><strong>Tij\u0103 pentru transportul sigur al arm\u0103turii<\/strong><\/td>\n<td>Da<\/td>\n<\/tr>\n<tr>\n<td><strong>Func\u021bia de intrare lin\u0103 a ancorei \u00een ap\u0103<\/strong><\/td>\n<td>Da<\/td>\n<\/tr>\n<tr>\n<td><strong>Resetare liber\u0103 a ancorei<\/strong><\/td>\n<td>Da<\/td>\n<\/tr>\n<tr>\n<td><strong>Viteza de ridicare a arm\u0103turii<\/strong><\/td>\n<td>30 m\/min<\/td>\n<\/tr>\n<tr>\n<td><strong>Num\u0103r \u00een pachet<\/strong><\/td>\n<td>1 buc<\/td>\n<\/tr>\n<tr>\n<td><strong>Greutate<\/strong><\/td>\n<td>9 kg<\/td>\n<\/tr>\n<tr>\n<td><strong>Dimensiuni pachet (L\u00d7l\u00d7H)<\/strong><\/td>\n<td>377 \u00d7 307 \u00d7 177 mm<\/td>\n<\/tr>\n<tr>\n<td><strong>Dimensiuni troliu SH-35 PRO (L\u00d7l\u00d7H)<\/strong><\/td>\n<td>280 \u00d7 290 \u00d7 160 mm<\/td>\n<\/tr>\n<tr>\n<td><strong>Dimensiuni troliu SH-35 PRO I (L\u00d7l\u00d7H)<\/strong><\/td>\n<td>205 \u00d7 240 \u00d7 142 mm<\/td>\n<\/tr>\n<tr>\n<td><strong>Dimensiuni role SH-35 PRO (L\u00d7l\u00d7H)<\/strong><\/td>\n<td>260 \u00d7 82 \u00d7 129 mm<\/td>\n<\/tr>\n<tr>\n<td><strong>Dimensiuni role SH-35 PRO I (L\u00d7l\u00d7H)<\/strong><\/td>\n<td>340 \u00d7 82 \u00d7 129 mm<\/td>\n<\/tr>\n<tr>\n<td><strong>Num\u0103r model<\/strong><\/td>\n<td>SH \u2013 35 PRO \/ SH \u2013 35 PRO I<\/td>\n<\/tr>\n<tr>\n<td><strong>Garan\u021bie<\/strong><\/td>\n<td>1 an<\/td>\n<\/tr>\n<tr>\n<td><strong>Sarcina maxim\u0103 de lucru<\/strong><\/td>\n<td>90 kg<\/td>\n<\/tr>\n<\/tbody>\n<\/table>\n<\/div>\n\t\t\t\t\t\t\t\t<\/div>\n\t\t\t\t<\/div>\n\t\t\t\t\t<\/div>\n\t\t<\/div>\n\t\t\t\t\t<\/div>\n\t\t<\/section>\n\t\t\t\t<\/div>\n\t\t","protected":false},"excerpt":{"rendered":"<p>&nbsp;<\/p>\n<p>Vinciul de ancor\u0103 <strong data-start=\"1647\" data-end=\"1660\">SH 35 PRO<\/strong> este destinat b\u0103rcilor de p\u00e2n\u0103 la 7 metri. Include o fr\u00e2nghie de ancor\u0103 de 40 metri, grosime 4 mm (rezisten\u021b\u0103 la rupere 360 kg), pre-\u00eenf\u0103\u0219urat\u0103 pe tambur. Carcasa este fabricat\u0103 din plastic ABS rezistent la raze UV \u0219i varia\u021bii de temperatur\u0103. Pachetul con\u021bine: rulet\u0103, elemente de prindere, cablu de alimentare \u0219i garan\u021bie de 1 an. Mecanismul intern din o\u021bel galvanizat func\u021bioneaz\u0103 silen\u021bios. Func\u021biile de <strong data-start=\"2068\" data-end=\"2095\">cobor\u00e2re lin\u0103 a ancorei<\/strong> \u0219i <strong data-start=\"2099\" data-end=\"2118\">aruncare liber\u0103<\/strong> permit ca ancora s\u0103 ajung\u0103 rapid pe fund. Motorul are o putere de 130W. Vinciul este disponibil \u00een variante pentru montaj deschis sau ascuns. Potrivit pentru ancore \u00eentre 8\u201314 kg. Este cel mai puternic \u0219i silen\u021bios vinci cu fr\u00e2nghie din gama STRONGER.<\/p>\n","protected":false},"featured_media":40219,"comment_status":"open","ping_status":"closed","template":"","meta":{"_acf_changed":false,"inline_featured_image":false},"product_brand":[],"product_cat":[340,439],"product_tag":[],"class_list":{"0":"post-40217","1":"product","2":"type-product","3":"status-publish","4":"has-post-thumbnail","6":"product_cat-sisteme-de-prindere-ro","7":"product_cat-stronger-ro","8":"tt-post","10":"first","11":"instock","12":"shipping-taxable","13":"purchasable","14":"product-type-simple"},"acf":[],"yoast_head":"<!-- This site is optimized with the Yoast SEO plugin v27.4 - https:\/\/yoast.com\/product\/yoast-seo-wordpress\/ -->\n<title>STRONGER \u2013 STEEL HANDS 35 PRO - BoatsExpert<\/title>\n<meta name=\"description\" content=\"Vinci SH 35 PRO pentru b\u0103rci p\u00e2n\u0103 la 7 m. Motor silen\u021bios de 130W, fr\u00e2nghie 40 m, cobor\u00e2re lin\u0103. Disponibil \u00een toat\u0103 Europa la Boats Expert.\" \/>\n<meta name=\"robots\" content=\"index, follow, max-snippet:-1, max-image-preview:large, max-video-preview:-1\" \/>\n<link rel=\"canonical\" href=\"https:\/\/boat-demo.axiomprotocol.org\/product\/stronger-steel-hands-35-pro\/\" \/>\n<meta property=\"og:locale\" content=\"ro_RO\" \/>\n<meta property=\"og:type\" content=\"article\" \/>\n<meta property=\"og:title\" content=\"STRONGER \u2013 STEEL HANDS 35 PRO - BoatsExpert\" \/>\n<meta property=\"og:description\" content=\"Vinci SH 35 PRO pentru b\u0103rci p\u00e2n\u0103 la 7 m. Motor silen\u021bios de 130W, fr\u00e2nghie 40 m, cobor\u00e2re lin\u0103. Disponibil \u00een toat\u0103 Europa la Boats Expert.\" \/>\n<meta property=\"og:url\" content=\"https:\/\/boat-demo.axiomprotocol.org\/product\/stronger-steel-hands-35-pro\/\" \/>\n<meta property=\"og:site_name\" content=\"BoatsExpert\" \/>\n<meta property=\"article:modified_time\" content=\"2025-07-23T14:26:56+00:00\" \/>\n<meta property=\"og:image\" content=\"https:\/\/boat-demo.axiomprotocol.org\/wp-content\/uploads\/2025\/07\/STRONGER-\u2013-STEEL-HANDS-35-PRO.jpg\" \/>\n\t<meta property=\"og:image:width\" content=\"555\" \/>\n\t<meta property=\"og:image:height\" content=\"478\" \/>\n\t<meta property=\"og:image:type\" content=\"image\/jpeg\" \/>\n<meta name=\"twitter:card\" content=\"summary_large_image\" \/>\n<meta name=\"twitter:label1\" content=\"Timp estimat pentru citire\" \/>\n\t<meta name=\"twitter:data1\" content=\"2 minute\" \/>\n<script type=\"application\/ld+json\" class=\"yoast-schema-graph\">{\"@context\":\"https:\\\/\\\/schema.org\",\"@graph\":[{\"@type\":\"WebPage\",\"@id\":\"https:\\\/\\\/boat-demo.axiomprotocol.org\\\/product\\\/stronger-steel-hands-35-pro\\\/\",\"url\":\"https:\\\/\\\/boat-demo.axiomprotocol.org\\\/product\\\/stronger-steel-hands-35-pro\\\/\",\"name\":\"STRONGER \u2013 STEEL HANDS 35 PRO - BoatsExpert\",\"isPartOf\":{\"@id\":\"https:\\\/\\\/boat-demo.axiomprotocol.org\\\/ro\\\/#website\"},\"primaryImageOfPage\":{\"@id\":\"https:\\\/\\\/boat-demo.axiomprotocol.org\\\/product\\\/stronger-steel-hands-35-pro\\\/#primaryimage\"},\"image\":{\"@id\":\"https:\\\/\\\/boat-demo.axiomprotocol.org\\\/product\\\/stronger-steel-hands-35-pro\\\/#primaryimage\"},\"thumbnailUrl\":\"https:\\\/\\\/boat-demo.axiomprotocol.org\\\/wp-content\\\/uploads\\\/2025\\\/07\\\/STRONGER-\u2013-STEEL-HANDS-35-PRO.jpg\",\"datePublished\":\"2025-07-23T13:14:41+00:00\",\"dateModified\":\"2025-07-23T14:26:56+00:00\",\"description\":\"Vinci SH 35 PRO pentru b\u0103rci p\u00e2n\u0103 la 7 m. Motor silen\u021bios de 130W, fr\u00e2nghie 40 m, cobor\u00e2re lin\u0103. Disponibil \u00een toat\u0103 Europa la Boats Expert.\",\"breadcrumb\":{\"@id\":\"https:\\\/\\\/boat-demo.axiomprotocol.org\\\/product\\\/stronger-steel-hands-35-pro\\\/#breadcrumb\"},\"inLanguage\":\"ro-RO\",\"potentialAction\":[{\"@type\":\"ReadAction\",\"target\":[\"https:\\\/\\\/boat-demo.axiomprotocol.org\\\/product\\\/stronger-steel-hands-35-pro\\\/\"]}]},{\"@type\":\"ImageObject\",\"inLanguage\":\"ro-RO\",\"@id\":\"https:\\\/\\\/boat-demo.axiomprotocol.org\\\/product\\\/stronger-steel-hands-35-pro\\\/#primaryimage\",\"url\":\"https:\\\/\\\/boat-demo.axiomprotocol.org\\\/wp-content\\\/uploads\\\/2025\\\/07\\\/STRONGER-\u2013-STEEL-HANDS-35-PRO.jpg\",\"contentUrl\":\"https:\\\/\\\/boat-demo.axiomprotocol.org\\\/wp-content\\\/uploads\\\/2025\\\/07\\\/STRONGER-\u2013-STEEL-HANDS-35-PRO.jpg\",\"width\":555,\"height\":478,\"caption\":\"STRONGER \u2013 STEEL HANDS 35 PRO\"},{\"@type\":\"BreadcrumbList\",\"@id\":\"https:\\\/\\\/boat-demo.axiomprotocol.org\\\/product\\\/stronger-steel-hands-35-pro\\\/#breadcrumb\",\"itemListElement\":[{\"@type\":\"ListItem\",\"position\":1,\"name\":\"Home\",\"item\":\"https:\\\/\\\/boat-demo.axiomprotocol.org\\\/\"},{\"@type\":\"ListItem\",\"position\":2,\"name\":\"Shop Online &#8211; cel mai bun magazin pentru echipamente pentru b\u0103rci\",\"item\":\"https:\\\/\\\/boat-demo.axiomprotocol.org\\\/ro\\\/shop-ro\\\/\"},{\"@type\":\"ListItem\",\"position\":3,\"name\":\"STRONGER \u2013 STEEL HANDS 35 PRO\"}]},{\"@type\":\"WebSite\",\"@id\":\"https:\\\/\\\/boat-demo.axiomprotocol.org\\\/ro\\\/#website\",\"url\":\"https:\\\/\\\/boat-demo.axiomprotocol.org\\\/ro\\\/\",\"name\":\"BoatsExpert\",\"description\":\"Boats, Service, Equipment\",\"publisher\":{\"@id\":\"https:\\\/\\\/boat-demo.axiomprotocol.org\\\/ro\\\/#organization\"},\"potentialAction\":[{\"@type\":\"SearchAction\",\"target\":{\"@type\":\"EntryPoint\",\"urlTemplate\":\"https:\\\/\\\/boat-demo.axiomprotocol.org\\\/ro\\\/?s={search_term_string}\"},\"query-input\":{\"@type\":\"PropertyValueSpecification\",\"valueRequired\":true,\"valueName\":\"search_term_string\"}}],\"inLanguage\":\"ro-RO\"},{\"@type\":\"Organization\",\"@id\":\"https:\\\/\\\/boat-demo.axiomprotocol.org\\\/ro\\\/#organization\",\"name\":\"BoatsExpert\",\"url\":\"https:\\\/\\\/boat-demo.axiomprotocol.org\\\/ro\\\/\",\"logo\":{\"@type\":\"ImageObject\",\"inLanguage\":\"ro-RO\",\"@id\":\"https:\\\/\\\/boat-demo.axiomprotocol.org\\\/ro\\\/#\\\/schema\\\/logo\\\/image\\\/\",\"url\":\"https:\\\/\\\/boat-demo.axiomprotocol.org\\\/wp-content\\\/uploads\\\/2023\\\/05\\\/white-logo60.svg\",\"contentUrl\":\"https:\\\/\\\/boat-demo.axiomprotocol.org\\\/wp-content\\\/uploads\\\/2023\\\/05\\\/white-logo60.svg\",\"width\":90,\"height\":60,\"caption\":\"BoatsExpert\"},\"image\":{\"@id\":\"https:\\\/\\\/boat-demo.axiomprotocol.org\\\/ro\\\/#\\\/schema\\\/logo\\\/image\\\/\"}}]}<\/script>\n<!-- \/ Yoast SEO plugin. -->","yoast_head_json":{"title":"STRONGER \u2013 STEEL HANDS 35 PRO - BoatsExpert","description":"Vinci SH 35 PRO pentru b\u0103rci p\u00e2n\u0103 la 7 m. Motor silen\u021bios de 130W, fr\u00e2nghie 40 m, cobor\u00e2re lin\u0103. Disponibil \u00een toat\u0103 Europa la Boats Expert.","robots":{"index":"index","follow":"follow","max-snippet":"max-snippet:-1","max-image-preview":"max-image-preview:large","max-video-preview":"max-video-preview:-1"},"canonical":"https:\/\/boat-demo.axiomprotocol.org\/product\/stronger-steel-hands-35-pro\/","og_locale":"ro_RO","og_type":"article","og_title":"STRONGER \u2013 STEEL HANDS 35 PRO - BoatsExpert","og_description":"Vinci SH 35 PRO pentru b\u0103rci p\u00e2n\u0103 la 7 m. Motor silen\u021bios de 130W, fr\u00e2nghie 40 m, cobor\u00e2re lin\u0103. Disponibil \u00een toat\u0103 Europa la Boats Expert.","og_url":"https:\/\/boat-demo.axiomprotocol.org\/product\/stronger-steel-hands-35-pro\/","og_site_name":"BoatsExpert","article_modified_time":"2025-07-23T14:26:56+00:00","og_image":[{"width":555,"height":478,"url":"https:\/\/boat-demo.axiomprotocol.org\/wp-content\/uploads\/2025\/07\/STRONGER-\u2013-STEEL-HANDS-35-PRO.jpg","type":"image\/jpeg"}],"twitter_card":"summary_large_image","twitter_misc":{"Timp estimat pentru citire":"2 minute"},"schema":{"@context":"https:\/\/schema.org","@graph":[{"@type":"WebPage","@id":"https:\/\/boat-demo.axiomprotocol.org\/product\/stronger-steel-hands-35-pro\/","url":"https:\/\/boat-demo.axiomprotocol.org\/product\/stronger-steel-hands-35-pro\/","name":"STRONGER \u2013 STEEL HANDS 35 PRO - BoatsExpert","isPartOf":{"@id":"https:\/\/boat-demo.axiomprotocol.org\/ro\/#website"},"primaryImageOfPage":{"@id":"https:\/\/boat-demo.axiomprotocol.org\/product\/stronger-steel-hands-35-pro\/#primaryimage"},"image":{"@id":"https:\/\/boat-demo.axiomprotocol.org\/product\/stronger-steel-hands-35-pro\/#primaryimage"},"thumbnailUrl":"https:\/\/boat-demo.axiomprotocol.org\/wp-content\/uploads\/2025\/07\/STRONGER-\u2013-STEEL-HANDS-35-PRO.jpg","datePublished":"2025-07-23T13:14:41+00:00","dateModified":"2025-07-23T14:26:56+00:00","description":"Vinci SH 35 PRO pentru b\u0103rci p\u00e2n\u0103 la 7 m. Motor silen\u021bios de 130W, fr\u00e2nghie 40 m, cobor\u00e2re lin\u0103. Disponibil \u00een toat\u0103 Europa la Boats Expert.","breadcrumb":{"@id":"https:\/\/boat-demo.axiomprotocol.org\/product\/stronger-steel-hands-35-pro\/#breadcrumb"},"inLanguage":"ro-RO","potentialAction":[{"@type":"ReadAction","target":["https:\/\/boat-demo.axiomprotocol.org\/product\/stronger-steel-hands-35-pro\/"]}]},{"@type":"ImageObject","inLanguage":"ro-RO","@id":"https:\/\/boat-demo.axiomprotocol.org\/product\/stronger-steel-hands-35-pro\/#primaryimage","url":"https:\/\/boat-demo.axiomprotocol.org\/wp-content\/uploads\/2025\/07\/STRONGER-\u2013-STEEL-HANDS-35-PRO.jpg","contentUrl":"https:\/\/boat-demo.axiomprotocol.org\/wp-content\/uploads\/2025\/07\/STRONGER-\u2013-STEEL-HANDS-35-PRO.jpg","width":555,"height":478,"caption":"STRONGER \u2013 STEEL HANDS 35 PRO"},{"@type":"BreadcrumbList","@id":"https:\/\/boat-demo.axiomprotocol.org\/product\/stronger-steel-hands-35-pro\/#breadcrumb","itemListElement":[{"@type":"ListItem","position":1,"name":"Home","item":"https:\/\/boat-demo.axiomprotocol.org\/"},{"@type":"ListItem","position":2,"name":"Shop Online &#8211; cel mai bun magazin pentru echipamente pentru b\u0103rci","item":"https:\/\/boat-demo.axiomprotocol.org\/ro\/shop-ro\/"},{"@type":"ListItem","position":3,"name":"STRONGER \u2013 STEEL HANDS 35 PRO"}]},{"@type":"WebSite","@id":"https:\/\/boat-demo.axiomprotocol.org\/ro\/#website","url":"https:\/\/boat-demo.axiomprotocol.org\/ro\/","name":"BoatsExpert","description":"Boats, Service, Equipment","publisher":{"@id":"https:\/\/boat-demo.axiomprotocol.org\/ro\/#organization"},"potentialAction":[{"@type":"SearchAction","target":{"@type":"EntryPoint","urlTemplate":"https:\/\/boat-demo.axiomprotocol.org\/ro\/?s={search_term_string}"},"query-input":{"@type":"PropertyValueSpecification","valueRequired":true,"valueName":"search_term_string"}}],"inLanguage":"ro-RO"},{"@type":"Organization","@id":"https:\/\/boat-demo.axiomprotocol.org\/ro\/#organization","name":"BoatsExpert","url":"https:\/\/boat-demo.axiomprotocol.org\/ro\/","logo":{"@type":"ImageObject","inLanguage":"ro-RO","@id":"https:\/\/boat-demo.axiomprotocol.org\/ro\/#\/schema\/logo\/image\/","url":"https:\/\/boat-demo.axiomprotocol.org\/wp-content\/uploads\/2023\/05\/white-logo60.svg","contentUrl":"https:\/\/boat-demo.axiomprotocol.org\/wp-content\/uploads\/2023\/05\/white-logo60.svg","width":90,"height":60,"caption":"BoatsExpert"},"image":{"@id":"https:\/\/boat-demo.axiomprotocol.org\/ro\/#\/schema\/logo\/image\/"}}]}},"_links":{"self":[{"href":"https:\/\/boat-demo.axiomprotocol.org\/ro\/wp-json\/wp\/v2\/product\/40217","targetHints":{"allow":["GET"]}}],"collection":[{"href":"https:\/\/boat-demo.axiomprotocol.org\/ro\/wp-json\/wp\/v2\/product"}],"about":[{"href":"https:\/\/boat-demo.axiomprotocol.org\/ro\/wp-json\/wp\/v2\/types\/product"}],"replies":[{"embeddable":true,"href":"https:\/\/boat-demo.axiomprotocol.org\/ro\/wp-json\/wp\/v2\/comments?post=40217"}],"version-history":[{"count":7,"href":"https:\/\/boat-demo.axiomprotocol.org\/ro\/wp-json\/wp\/v2\/product\/40217\/revisions"}],"predecessor-version":[{"id":40294,"href":"https:\/\/boat-demo.axiomprotocol.org\/ro\/wp-json\/wp\/v2\/product\/40217\/revisions\/40294"}],"wp:featuredmedia":[{"embeddable":true,"href":"https:\/\/boat-demo.axiomprotocol.org\/ro\/wp-json\/wp\/v2\/media\/40219"}],"wp:attachment":[{"href":"https:\/\/boat-demo.axiomprotocol.org\/ro\/wp-json\/wp\/v2\/media?parent=40217"}],"wp:term":[{"taxonomy":"product_brand","embeddable":true,"href":"https:\/\/boat-demo.axiomprotocol.org\/ro\/wp-json\/wp\/v2\/product_brand?post=40217"},{"taxonomy":"product_cat","embeddable":true,"href":"https:\/\/boat-demo.axiomprotocol.org\/ro\/wp-json\/wp\/v2\/product_cat?post=40217"},{"taxonomy":"product_tag","embeddable":true,"href":"https:\/\/boat-demo.axiomprotocol.org\/ro\/wp-json\/wp\/v2\/product_tag?post=40217"}],"curies":[{"name":"wp","href":"https:\/\/api.w.org\/{rel}","templated":true}]}}