{"id":40116,"date":"2025-07-22T17:29:01","date_gmt":"2025-07-22T14:29:01","guid":{"rendered":"https:\/\/boat-demo.axiomprotocol.org\/?post_type=product&#038;p=40116"},"modified":"2025-07-22T17:52:02","modified_gmt":"2025-07-22T14:52:02","slug":"suport-de-stivuire-pentru-reteaua-garmin-bluenet","status":"publish","type":"product","link":"https:\/\/boat-demo.axiomprotocol.org\/ro\/produs\/suport-de-stivuire-pentru-reteaua-garmin-bluenet\/","title":{"rendered":"Suport de stivuire pentru re\u0163eaua Garmin BlueNet\u2122"},"content":{"rendered":"","protected":false},"excerpt":{"rendered":"<p>&nbsp;<\/p>\n<div class=\"app__render-content\">\n<div class=\"app__overview__intro\" data-translate=\"\">\n<div class=\"app__layout-container app__layout-container--small app__layout-container--light\">\n<div class=\"app__overview__intro__description\">\n<div class=\"app__render-content\">\n<div class=\"app__overview__intro\" data-translate=\"\">\n<div class=\"app__layout-container app__layout-container--small app__layout-container--light\">\n<div class=\"app__overview__intro__description\">\n<div class=\"app__render-content\">\n<div>\n<div class=\"app__overview__intro\" data-translate=\"\">\n<div class=\"app__layout-container app__layout-container--small app__layout-container--light\">\n<div class=\"app__overview__intro__description\">\n<p>Utilizeaz\u0103 acest suport de stivuire pentru a economisi spa\u0163iu \u015fi pentru a \u00eembun\u0103t\u0103\u0163i accesul at\u00e2t la comutatorul Garmin BlueNet\u2122 20, c\u00e2t \u015fi la gateway-ul Garmin BlueNet\u2122 30.<\/p>\n<\/div>\n<\/div>\n<\/div>\n<\/div>\n<\/div>\n<\/div>\n<\/div>\n<\/div>\n<\/div>\n<div class=\"app__layout-container app__layout-container--small app__layout-container--neutral\" data-v-ecd3dd1a=\"\">\n<div class=\"app__disclaimer__block\" data-v-ecd3dd1a=\"\"><\/div>\n<\/div>\n<\/div>\n<\/div>\n<\/div>\n<\/div>\n","protected":false},"featured_media":40118,"comment_status":"open","ping_status":"closed","template":"","meta":{"_acf_changed":false,"inline_featured_image":false},"product_brand":[],"product_cat":[427,427],"product_tag":[],"class_list":{"0":"post-40116","1":"product","2":"type-product","3":"status-publish","4":"has-post-thumbnail","6":"product_cat-echipament-navigatie","8":"tt-post","10":"first","11":"instock","12":"shipping-taxable","13":"purchasable","14":"product-type-simple"},"acf":[],"yoast_head":"<!-- This site is optimized with the Yoast SEO plugin v27.4 - https:\/\/yoast.com\/product\/yoast-seo-wordpress\/ -->\n<title>Suport de stivuire pentru re\u0163eaua Garmin BlueNet\u2122 - BoatsExpert<\/title>\n<meta name=\"description\" content=\"Economisi\u021bi spa\u021biu \u0219i \u00eembun\u0103t\u0103\u021bi\u021bi accesul cu suportul de stivuire Garmin BlueNet\u2122 de la BoatExpert. Compatibil cu comutatorul BlueNet\u2122 20 \u0219i gateway-ul 30.\" \/>\n<meta name=\"robots\" content=\"index, follow, max-snippet:-1, max-image-preview:large, max-video-preview:-1\" \/>\n<link rel=\"canonical\" href=\"https:\/\/boat-demo.axiomprotocol.org\/ro\/produs\/suport-de-stivuire-pentru-reteaua-garmin-bluenet\/\" \/>\n<meta property=\"og:locale\" content=\"ro_RO\" \/>\n<meta property=\"og:type\" content=\"article\" \/>\n<meta property=\"og:title\" content=\"Suport de stivuire pentru re\u0163eaua Garmin BlueNet\u2122 - BoatsExpert\" \/>\n<meta property=\"og:description\" content=\"Economisi\u021bi spa\u021biu \u0219i \u00eembun\u0103t\u0103\u021bi\u021bi accesul cu suportul de stivuire Garmin BlueNet\u2122 de la BoatExpert. Compatibil cu comutatorul BlueNet\u2122 20 \u0219i gateway-ul 30.\" \/>\n<meta property=\"og:url\" content=\"https:\/\/boat-demo.axiomprotocol.org\/ro\/produs\/suport-de-stivuire-pentru-reteaua-garmin-bluenet\/\" \/>\n<meta property=\"og:site_name\" content=\"BoatsExpert\" \/>\n<meta property=\"article:modified_time\" content=\"2025-07-22T14:52:02+00:00\" \/>\n<meta property=\"og:image\" content=\"https:\/\/boat-demo.axiomprotocol.org\/wp-content\/uploads\/2025\/07\/010-13142-00.jpg\" \/>\n\t<meta property=\"og:image:width\" content=\"555\" \/>\n\t<meta property=\"og:image:height\" content=\"478\" \/>\n\t<meta property=\"og:image:type\" content=\"image\/jpeg\" \/>\n<meta name=\"twitter:card\" content=\"summary_large_image\" \/>\n<script type=\"application\/ld+json\" class=\"yoast-schema-graph\">{\"@context\":\"https:\\\/\\\/schema.org\",\"@graph\":[{\"@type\":\"WebPage\",\"@id\":\"https:\\\/\\\/boat-demo.axiomprotocol.org\\\/ro\\\/produs\\\/suport-de-stivuire-pentru-reteaua-garmin-bluenet\\\/\",\"url\":\"https:\\\/\\\/boat-demo.axiomprotocol.org\\\/ro\\\/produs\\\/suport-de-stivuire-pentru-reteaua-garmin-bluenet\\\/\",\"name\":\"Suport de stivuire pentru re\u0163eaua Garmin BlueNet\u2122 - BoatsExpert\",\"isPartOf\":{\"@id\":\"https:\\\/\\\/boat-demo.axiomprotocol.org\\\/ro\\\/#website\"},\"primaryImageOfPage\":{\"@id\":\"https:\\\/\\\/boat-demo.axiomprotocol.org\\\/ro\\\/produs\\\/suport-de-stivuire-pentru-reteaua-garmin-bluenet\\\/#primaryimage\"},\"image\":{\"@id\":\"https:\\\/\\\/boat-demo.axiomprotocol.org\\\/ro\\\/produs\\\/suport-de-stivuire-pentru-reteaua-garmin-bluenet\\\/#primaryimage\"},\"thumbnailUrl\":\"https:\\\/\\\/boat-demo.axiomprotocol.org\\\/wp-content\\\/uploads\\\/2025\\\/07\\\/010-13142-00.jpg\",\"datePublished\":\"2025-07-22T14:29:01+00:00\",\"dateModified\":\"2025-07-22T14:52:02+00:00\",\"description\":\"Economisi\u021bi spa\u021biu \u0219i \u00eembun\u0103t\u0103\u021bi\u021bi accesul cu suportul de stivuire Garmin BlueNet\u2122 de la BoatExpert. Compatibil cu comutatorul BlueNet\u2122 20 \u0219i gateway-ul 30.\",\"breadcrumb\":{\"@id\":\"https:\\\/\\\/boat-demo.axiomprotocol.org\\\/ro\\\/produs\\\/suport-de-stivuire-pentru-reteaua-garmin-bluenet\\\/#breadcrumb\"},\"inLanguage\":\"ro-RO\",\"potentialAction\":[{\"@type\":\"ReadAction\",\"target\":[\"https:\\\/\\\/boat-demo.axiomprotocol.org\\\/ro\\\/produs\\\/suport-de-stivuire-pentru-reteaua-garmin-bluenet\\\/\"]}]},{\"@type\":\"ImageObject\",\"inLanguage\":\"ro-RO\",\"@id\":\"https:\\\/\\\/boat-demo.axiomprotocol.org\\\/ro\\\/produs\\\/suport-de-stivuire-pentru-reteaua-garmin-bluenet\\\/#primaryimage\",\"url\":\"https:\\\/\\\/boat-demo.axiomprotocol.org\\\/wp-content\\\/uploads\\\/2025\\\/07\\\/010-13142-00.jpg\",\"contentUrl\":\"https:\\\/\\\/boat-demo.axiomprotocol.org\\\/wp-content\\\/uploads\\\/2025\\\/07\\\/010-13142-00.jpg\",\"width\":555,\"height\":478,\"caption\":\"Stacking Mount for the Garmin BlueNet\u2122 Network\"},{\"@type\":\"BreadcrumbList\",\"@id\":\"https:\\\/\\\/boat-demo.axiomprotocol.org\\\/ro\\\/produs\\\/suport-de-stivuire-pentru-reteaua-garmin-bluenet\\\/#breadcrumb\",\"itemListElement\":[{\"@type\":\"ListItem\",\"position\":1,\"name\":\"Home\",\"item\":\"https:\\\/\\\/boat-demo.axiomprotocol.org\\\/\"},{\"@type\":\"ListItem\",\"position\":2,\"name\":\"Shop Online &#8211; cel mai bun magazin pentru echipamente pentru b\u0103rci\",\"item\":\"https:\\\/\\\/boat-demo.axiomprotocol.org\\\/ro\\\/shop-ro\\\/\"},{\"@type\":\"ListItem\",\"position\":3,\"name\":\"Suport de stivuire pentru re\u0163eaua Garmin BlueNet\u2122\"}]},{\"@type\":\"WebSite\",\"@id\":\"https:\\\/\\\/boat-demo.axiomprotocol.org\\\/ro\\\/#website\",\"url\":\"https:\\\/\\\/boat-demo.axiomprotocol.org\\\/ro\\\/\",\"name\":\"BoatsExpert\",\"description\":\"Boats, Service, Equipment\",\"publisher\":{\"@id\":\"https:\\\/\\\/boat-demo.axiomprotocol.org\\\/ro\\\/#organization\"},\"potentialAction\":[{\"@type\":\"SearchAction\",\"target\":{\"@type\":\"EntryPoint\",\"urlTemplate\":\"https:\\\/\\\/boat-demo.axiomprotocol.org\\\/ro\\\/?s={search_term_string}\"},\"query-input\":{\"@type\":\"PropertyValueSpecification\",\"valueRequired\":true,\"valueName\":\"search_term_string\"}}],\"inLanguage\":\"ro-RO\"},{\"@type\":\"Organization\",\"@id\":\"https:\\\/\\\/boat-demo.axiomprotocol.org\\\/ro\\\/#organization\",\"name\":\"BoatsExpert\",\"url\":\"https:\\\/\\\/boat-demo.axiomprotocol.org\\\/ro\\\/\",\"logo\":{\"@type\":\"ImageObject\",\"inLanguage\":\"ro-RO\",\"@id\":\"https:\\\/\\\/boat-demo.axiomprotocol.org\\\/ro\\\/#\\\/schema\\\/logo\\\/image\\\/\",\"url\":\"https:\\\/\\\/boat-demo.axiomprotocol.org\\\/wp-content\\\/uploads\\\/2023\\\/05\\\/white-logo60.svg\",\"contentUrl\":\"https:\\\/\\\/boat-demo.axiomprotocol.org\\\/wp-content\\\/uploads\\\/2023\\\/05\\\/white-logo60.svg\",\"width\":90,\"height\":60,\"caption\":\"BoatsExpert\"},\"image\":{\"@id\":\"https:\\\/\\\/boat-demo.axiomprotocol.org\\\/ro\\\/#\\\/schema\\\/logo\\\/image\\\/\"}}]}<\/script>\n<!-- \/ Yoast SEO plugin. -->","yoast_head_json":{"title":"Suport de stivuire pentru re\u0163eaua Garmin BlueNet\u2122 - BoatsExpert","description":"Economisi\u021bi spa\u021biu \u0219i \u00eembun\u0103t\u0103\u021bi\u021bi accesul cu suportul de stivuire Garmin BlueNet\u2122 de la BoatExpert. Compatibil cu comutatorul BlueNet\u2122 20 \u0219i gateway-ul 30.","robots":{"index":"index","follow":"follow","max-snippet":"max-snippet:-1","max-image-preview":"max-image-preview:large","max-video-preview":"max-video-preview:-1"},"canonical":"https:\/\/boat-demo.axiomprotocol.org\/ro\/produs\/suport-de-stivuire-pentru-reteaua-garmin-bluenet\/","og_locale":"ro_RO","og_type":"article","og_title":"Suport de stivuire pentru re\u0163eaua Garmin BlueNet\u2122 - BoatsExpert","og_description":"Economisi\u021bi spa\u021biu \u0219i \u00eembun\u0103t\u0103\u021bi\u021bi accesul cu suportul de stivuire Garmin BlueNet\u2122 de la BoatExpert. Compatibil cu comutatorul BlueNet\u2122 20 \u0219i gateway-ul 30.","og_url":"https:\/\/boat-demo.axiomprotocol.org\/ro\/produs\/suport-de-stivuire-pentru-reteaua-garmin-bluenet\/","og_site_name":"BoatsExpert","article_modified_time":"2025-07-22T14:52:02+00:00","og_image":[{"width":555,"height":478,"url":"https:\/\/boat-demo.axiomprotocol.org\/wp-content\/uploads\/2025\/07\/010-13142-00.jpg","type":"image\/jpeg"}],"twitter_card":"summary_large_image","schema":{"@context":"https:\/\/schema.org","@graph":[{"@type":"WebPage","@id":"https:\/\/boat-demo.axiomprotocol.org\/ro\/produs\/suport-de-stivuire-pentru-reteaua-garmin-bluenet\/","url":"https:\/\/boat-demo.axiomprotocol.org\/ro\/produs\/suport-de-stivuire-pentru-reteaua-garmin-bluenet\/","name":"Suport de stivuire pentru re\u0163eaua Garmin BlueNet\u2122 - BoatsExpert","isPartOf":{"@id":"https:\/\/boat-demo.axiomprotocol.org\/ro\/#website"},"primaryImageOfPage":{"@id":"https:\/\/boat-demo.axiomprotocol.org\/ro\/produs\/suport-de-stivuire-pentru-reteaua-garmin-bluenet\/#primaryimage"},"image":{"@id":"https:\/\/boat-demo.axiomprotocol.org\/ro\/produs\/suport-de-stivuire-pentru-reteaua-garmin-bluenet\/#primaryimage"},"thumbnailUrl":"https:\/\/boat-demo.axiomprotocol.org\/wp-content\/uploads\/2025\/07\/010-13142-00.jpg","datePublished":"2025-07-22T14:29:01+00:00","dateModified":"2025-07-22T14:52:02+00:00","description":"Economisi\u021bi spa\u021biu \u0219i \u00eembun\u0103t\u0103\u021bi\u021bi accesul cu suportul de stivuire Garmin BlueNet\u2122 de la BoatExpert. Compatibil cu comutatorul BlueNet\u2122 20 \u0219i gateway-ul 30.","breadcrumb":{"@id":"https:\/\/boat-demo.axiomprotocol.org\/ro\/produs\/suport-de-stivuire-pentru-reteaua-garmin-bluenet\/#breadcrumb"},"inLanguage":"ro-RO","potentialAction":[{"@type":"ReadAction","target":["https:\/\/boat-demo.axiomprotocol.org\/ro\/produs\/suport-de-stivuire-pentru-reteaua-garmin-bluenet\/"]}]},{"@type":"ImageObject","inLanguage":"ro-RO","@id":"https:\/\/boat-demo.axiomprotocol.org\/ro\/produs\/suport-de-stivuire-pentru-reteaua-garmin-bluenet\/#primaryimage","url":"https:\/\/boat-demo.axiomprotocol.org\/wp-content\/uploads\/2025\/07\/010-13142-00.jpg","contentUrl":"https:\/\/boat-demo.axiomprotocol.org\/wp-content\/uploads\/2025\/07\/010-13142-00.jpg","width":555,"height":478,"caption":"Stacking Mount for the Garmin BlueNet\u2122 Network"},{"@type":"BreadcrumbList","@id":"https:\/\/boat-demo.axiomprotocol.org\/ro\/produs\/suport-de-stivuire-pentru-reteaua-garmin-bluenet\/#breadcrumb","itemListElement":[{"@type":"ListItem","position":1,"name":"Home","item":"https:\/\/boat-demo.axiomprotocol.org\/"},{"@type":"ListItem","position":2,"name":"Shop Online &#8211; cel mai bun magazin pentru echipamente pentru b\u0103rci","item":"https:\/\/boat-demo.axiomprotocol.org\/ro\/shop-ro\/"},{"@type":"ListItem","position":3,"name":"Suport de stivuire pentru re\u0163eaua Garmin BlueNet\u2122"}]},{"@type":"WebSite","@id":"https:\/\/boat-demo.axiomprotocol.org\/ro\/#website","url":"https:\/\/boat-demo.axiomprotocol.org\/ro\/","name":"BoatsExpert","description":"Boats, Service, Equipment","publisher":{"@id":"https:\/\/boat-demo.axiomprotocol.org\/ro\/#organization"},"potentialAction":[{"@type":"SearchAction","target":{"@type":"EntryPoint","urlTemplate":"https:\/\/boat-demo.axiomprotocol.org\/ro\/?s={search_term_string}"},"query-input":{"@type":"PropertyValueSpecification","valueRequired":true,"valueName":"search_term_string"}}],"inLanguage":"ro-RO"},{"@type":"Organization","@id":"https:\/\/boat-demo.axiomprotocol.org\/ro\/#organization","name":"BoatsExpert","url":"https:\/\/boat-demo.axiomprotocol.org\/ro\/","logo":{"@type":"ImageObject","inLanguage":"ro-RO","@id":"https:\/\/boat-demo.axiomprotocol.org\/ro\/#\/schema\/logo\/image\/","url":"https:\/\/boat-demo.axiomprotocol.org\/wp-content\/uploads\/2023\/05\/white-logo60.svg","contentUrl":"https:\/\/boat-demo.axiomprotocol.org\/wp-content\/uploads\/2023\/05\/white-logo60.svg","width":90,"height":60,"caption":"BoatsExpert"},"image":{"@id":"https:\/\/boat-demo.axiomprotocol.org\/ro\/#\/schema\/logo\/image\/"}}]}},"_links":{"self":[{"href":"https:\/\/boat-demo.axiomprotocol.org\/ro\/wp-json\/wp\/v2\/product\/40116","targetHints":{"allow":["GET"]}}],"collection":[{"href":"https:\/\/boat-demo.axiomprotocol.org\/ro\/wp-json\/wp\/v2\/product"}],"about":[{"href":"https:\/\/boat-demo.axiomprotocol.org\/ro\/wp-json\/wp\/v2\/types\/product"}],"replies":[{"embeddable":true,"href":"https:\/\/boat-demo.axiomprotocol.org\/ro\/wp-json\/wp\/v2\/comments?post=40116"}],"version-history":[{"count":4,"href":"https:\/\/boat-demo.axiomprotocol.org\/ro\/wp-json\/wp\/v2\/product\/40116\/revisions"}],"predecessor-version":[{"id":40143,"href":"https:\/\/boat-demo.axiomprotocol.org\/ro\/wp-json\/wp\/v2\/product\/40116\/revisions\/40143"}],"wp:featuredmedia":[{"embeddable":true,"href":"https:\/\/boat-demo.axiomprotocol.org\/ro\/wp-json\/wp\/v2\/media\/40118"}],"wp:attachment":[{"href":"https:\/\/boat-demo.axiomprotocol.org\/ro\/wp-json\/wp\/v2\/media?parent=40116"}],"wp:term":[{"taxonomy":"product_brand","embeddable":true,"href":"https:\/\/boat-demo.axiomprotocol.org\/ro\/wp-json\/wp\/v2\/product_brand?post=40116"},{"taxonomy":"product_cat","embeddable":true,"href":"https:\/\/boat-demo.axiomprotocol.org\/ro\/wp-json\/wp\/v2\/product_cat?post=40116"},{"taxonomy":"product_tag","embeddable":true,"href":"https:\/\/boat-demo.axiomprotocol.org\/ro\/wp-json\/wp\/v2\/product_tag?post=40116"}],"curies":[{"name":"wp","href":"https:\/\/api.w.org\/{rel}","templated":true}]}}