{"id":39796,"date":"2025-06-05T17:18:12","date_gmt":"2025-06-05T14:18:13","guid":{"rendered":"https:\/\/boat-demo.axiomprotocol.org\/?post_type=product&#038;p=39796"},"modified":"2025-06-05T17:57:29","modified_gmt":"2025-06-05T14:57:29","slug":"mavimare-kit-directie-hidraulica-pentru-motoare-outboard-pana-la-150-cp-montaj-frontal-cu-tija-de-legatura","status":"publish","type":"product","link":"https:\/\/boat-demo.axiomprotocol.org\/ro\/produs\/mavimare-kit-directie-hidraulica-pentru-motoare-outboard-pana-la-150-cp-montaj-frontal-cu-tija-de-legatura\/","title":{"rendered":"Mavimare kit direc\u021bie hidraulic\u0103 pentru motoare outboard p\u00e2n\u0103 la 150 CP \u2013 Montaj frontal cu tij\u0103 de leg\u0103tur\u0103"},"content":{"rendered":"\t\t<div data-elementor-type=\"wp-post\" data-elementor-id=\"39796\" class=\"elementor elementor-39796 elementor-39795\">\n\t\t\t\t\t\t<section class=\"elementor-section elementor-top-section elementor-element elementor-element-b668b44 elementor-section-boxed elementor-section-height-default elementor-section-height-default\" data-id=\"b668b44\" data-element_type=\"section\" data-e-type=\"section\">\n\t\t\t\t\t\t<div class=\"elementor-container elementor-column-gap-default\">\n\t\t\t\t\t<div class=\"elementor-column elementor-col-100 elementor-top-column elementor-element elementor-element-1e57f5c\" data-id=\"1e57f5c\" data-element_type=\"column\" data-e-type=\"column\">\n\t\t\t<div class=\"elementor-widget-wrap elementor-element-populated\">\n\t\t\t\t\t\t<div class=\"elementor-element elementor-element-c610d6d elementor-widget elementor-widget-heading\" data-id=\"c610d6d\" data-element_type=\"widget\" data-e-type=\"widget\" data-widget_type=\"heading.default\">\n\t\t\t\t<div class=\"elementor-widget-container\">\n\t\t\t\t\t<h5 class=\"elementor-heading-title elementor-size-default\">Technical features:<\/h5>\t\t\t\t<\/div>\n\t\t\t\t<\/div>\n\t\t\t\t<div class=\"elementor-element elementor-element-58c9070 elementor-widget elementor-widget-text-editor\" data-id=\"58c9070\" data-element_type=\"widget\" data-e-type=\"widget\" data-widget_type=\"text-editor.default\">\n\t\t\t\t<div class=\"elementor-widget-container\">\n\t\t\t\t\t\t\t\t\t<ul class=\"tt-list03\"><li>Turns hd to hd: 4,9<\/li><li>Frontal mounting balanced cylinder with tie bar<\/li><\/ul>\t\t\t\t\t\t\t\t<\/div>\n\t\t\t\t<\/div>\n\t\t\t\t\t<\/div>\n\t\t<\/div>\n\t\t\t\t\t<\/div>\n\t\t<\/section>\n\t\t\t\t<\/div>\n\t\t","protected":false},"excerpt":{"rendered":"<p>&nbsp;<\/p>\n<p class=\"\" data-start=\"48\" data-end=\"170\"><strong data-start=\"48\" data-end=\"102\">Sistem de direc\u021bie hidraulic\u0103 ambalat \u00eentr-o cutie<\/strong><br data-start=\"102\" data-end=\"105\" \/>Pentru motoare outboard de p\u00e2n\u0103 la 150 CP, kitul este compus din:<\/p>\n<ul class=\"tt-list01\">\n<li>Pomp\u0103 GM0-MRA<\/li>\n<li>Cilindru MC150R<\/li>\n<li>Racorduri din alam\u0103 placat\u0103 cu crom\n<ol>\n<li>1 kit GTN7X10916ORB<\/li>\n<li>1 kit AC10\/T916<\/li>\n<\/ol>\n<\/li>\n<li>Kit de tub pentru umplere cu conexiune rapid\u0103<\/li>\n<li>2 litri de ulei hidraulic<\/li>\n<li>2 furtunuri SAE 100 R7 1\/4, de 6 metri, cu fitinguri presate la un cap\u0103t<\/li>\n<\/ul>\n<p>&nbsp;<\/p>\n<p class=\"\" data-start=\"456\" data-end=\"574\">Este posibil s\u0103 comanda\u021bi furtunuri cu fitinguri presate la ambele capete.<br data-start=\"530\" data-end=\"533\" \/>Direc\u021bie performant\u0103 \u0219i instalare u\u0219oar\u0103.<\/p>\n","protected":false},"featured_media":39800,"comment_status":"open","ping_status":"closed","template":"","meta":{"_acf_changed":false,"inline_featured_image":false},"product_brand":[],"product_cat":[384],"product_tag":[],"class_list":{"0":"post-39796","1":"product","2":"type-product","3":"status-publish","4":"has-post-thumbnail","6":"product_cat-outboard-hydraulic-steering-system-ro","7":"tt-post","9":"first","10":"instock","11":"shipping-taxable","12":"purchasable","13":"product-type-simple"},"acf":[],"yoast_head":"<!-- This site is optimized with the Yoast SEO plugin v27.4 - https:\/\/yoast.com\/product\/yoast-seo-wordpress\/ -->\n<title>Mavimare kit direc\u021bie hidraulic\u0103 pentru motoare outboard p\u00e2n\u0103 la 150 CP \u2013 Montaj frontal cu tij\u0103 de leg\u0103tur\u0103 - BoatsExpert<\/title>\n<meta name=\"description\" content=\"Mavimare kit direc\u021bie hidraulic\u0103 pentru motoare outboard p\u00e2n\u0103 la 150 CP. Instalare profesional\u0103 \u0219i servicii de calitate garantate de Boats Expert.\" \/>\n<meta name=\"robots\" content=\"index, follow, max-snippet:-1, max-image-preview:large, max-video-preview:-1\" \/>\n<link rel=\"canonical\" href=\"https:\/\/boat-demo.axiomprotocol.org\/ro\/produs\/mavimare-kit-directie-hidraulica-pentru-motoare-outboard-pana-la-150-cp-montaj-frontal-cu-tija-de-legatura\/\" \/>\n<meta property=\"og:locale\" content=\"ro_RO\" \/>\n<meta property=\"og:type\" content=\"article\" \/>\n<meta property=\"og:title\" content=\"Mavimare kit direc\u021bie hidraulic\u0103 pentru motoare outboard p\u00e2n\u0103 la 150 CP \u2013 Montaj frontal cu tij\u0103 de leg\u0103tur\u0103 - BoatsExpert\" \/>\n<meta property=\"og:description\" content=\"Mavimare kit direc\u021bie hidraulic\u0103 pentru motoare outboard p\u00e2n\u0103 la 150 CP. Instalare profesional\u0103 \u0219i servicii de calitate garantate de Boats Expert.\" \/>\n<meta property=\"og:url\" content=\"https:\/\/boat-demo.axiomprotocol.org\/ro\/produs\/mavimare-kit-directie-hidraulica-pentru-motoare-outboard-pana-la-150-cp-montaj-frontal-cu-tija-de-legatura\/\" \/>\n<meta property=\"og:site_name\" content=\"BoatsExpert\" \/>\n<meta property=\"article:modified_time\" content=\"2025-06-05T14:57:29+00:00\" \/>\n<meta property=\"og:image\" content=\"https:\/\/boat-demo.axiomprotocol.org\/wp-content\/uploads\/2025\/06\/GF150RT.jpg\" \/>\n\t<meta property=\"og:image:width\" content=\"555\" \/>\n\t<meta property=\"og:image:height\" content=\"478\" \/>\n\t<meta property=\"og:image:type\" content=\"image\/jpeg\" \/>\n<meta name=\"twitter:card\" content=\"summary_large_image\" \/>\n<script type=\"application\/ld+json\" class=\"yoast-schema-graph\">{\"@context\":\"https:\\\/\\\/schema.org\",\"@graph\":[{\"@type\":\"WebPage\",\"@id\":\"https:\\\/\\\/boat-demo.axiomprotocol.org\\\/ro\\\/produs\\\/mavimare-kit-directie-hidraulica-pentru-motoare-outboard-pana-la-150-cp-montaj-frontal-cu-tija-de-legatura\\\/\",\"url\":\"https:\\\/\\\/boat-demo.axiomprotocol.org\\\/ro\\\/produs\\\/mavimare-kit-directie-hidraulica-pentru-motoare-outboard-pana-la-150-cp-montaj-frontal-cu-tija-de-legatura\\\/\",\"name\":\"Mavimare kit direc\u021bie hidraulic\u0103 pentru motoare outboard p\u00e2n\u0103 la 150 CP \u2013 Montaj frontal cu tij\u0103 de leg\u0103tur\u0103 - BoatsExpert\",\"isPartOf\":{\"@id\":\"https:\\\/\\\/boat-demo.axiomprotocol.org\\\/ro\\\/#website\"},\"primaryImageOfPage\":{\"@id\":\"https:\\\/\\\/boat-demo.axiomprotocol.org\\\/ro\\\/produs\\\/mavimare-kit-directie-hidraulica-pentru-motoare-outboard-pana-la-150-cp-montaj-frontal-cu-tija-de-legatura\\\/#primaryimage\"},\"image\":{\"@id\":\"https:\\\/\\\/boat-demo.axiomprotocol.org\\\/ro\\\/produs\\\/mavimare-kit-directie-hidraulica-pentru-motoare-outboard-pana-la-150-cp-montaj-frontal-cu-tija-de-legatura\\\/#primaryimage\"},\"thumbnailUrl\":\"https:\\\/\\\/boat-demo.axiomprotocol.org\\\/wp-content\\\/uploads\\\/2025\\\/06\\\/GF150RT.jpg\",\"datePublished\":\"2025-06-05T14:18:13+00:00\",\"dateModified\":\"2025-06-05T14:57:29+00:00\",\"description\":\"Mavimare kit direc\u021bie hidraulic\u0103 pentru motoare outboard p\u00e2n\u0103 la 150 CP. Instalare profesional\u0103 \u0219i servicii de calitate garantate de Boats Expert.\",\"breadcrumb\":{\"@id\":\"https:\\\/\\\/boat-demo.axiomprotocol.org\\\/ro\\\/produs\\\/mavimare-kit-directie-hidraulica-pentru-motoare-outboard-pana-la-150-cp-montaj-frontal-cu-tija-de-legatura\\\/#breadcrumb\"},\"inLanguage\":\"ro-RO\",\"potentialAction\":[{\"@type\":\"ReadAction\",\"target\":[\"https:\\\/\\\/boat-demo.axiomprotocol.org\\\/ro\\\/produs\\\/mavimare-kit-directie-hidraulica-pentru-motoare-outboard-pana-la-150-cp-montaj-frontal-cu-tija-de-legatura\\\/\"]}]},{\"@type\":\"ImageObject\",\"inLanguage\":\"ro-RO\",\"@id\":\"https:\\\/\\\/boat-demo.axiomprotocol.org\\\/ro\\\/produs\\\/mavimare-kit-directie-hidraulica-pentru-motoare-outboard-pana-la-150-cp-montaj-frontal-cu-tija-de-legatura\\\/#primaryimage\",\"url\":\"https:\\\/\\\/boat-demo.axiomprotocol.org\\\/wp-content\\\/uploads\\\/2025\\\/06\\\/GF150RT.jpg\",\"contentUrl\":\"https:\\\/\\\/boat-demo.axiomprotocol.org\\\/wp-content\\\/uploads\\\/2025\\\/06\\\/GF150RT.jpg\",\"width\":555,\"height\":478},{\"@type\":\"BreadcrumbList\",\"@id\":\"https:\\\/\\\/boat-demo.axiomprotocol.org\\\/ro\\\/produs\\\/mavimare-kit-directie-hidraulica-pentru-motoare-outboard-pana-la-150-cp-montaj-frontal-cu-tija-de-legatura\\\/#breadcrumb\",\"itemListElement\":[{\"@type\":\"ListItem\",\"position\":1,\"name\":\"Home\",\"item\":\"https:\\\/\\\/boat-demo.axiomprotocol.org\\\/\"},{\"@type\":\"ListItem\",\"position\":2,\"name\":\"Shop Online &#8211; cel mai bun magazin pentru echipamente pentru b\u0103rci\",\"item\":\"https:\\\/\\\/boat-demo.axiomprotocol.org\\\/ro\\\/shop-ro\\\/\"},{\"@type\":\"ListItem\",\"position\":3,\"name\":\"Mavimare kit direc\u021bie hidraulic\u0103 pentru motoare outboard p\u00e2n\u0103 la 150 CP \u2013 Montaj frontal cu tij\u0103 de leg\u0103tur\u0103\"}]},{\"@type\":\"WebSite\",\"@id\":\"https:\\\/\\\/boat-demo.axiomprotocol.org\\\/ro\\\/#website\",\"url\":\"https:\\\/\\\/boat-demo.axiomprotocol.org\\\/ro\\\/\",\"name\":\"BoatsExpert\",\"description\":\"Boats, Service, Equipment\",\"publisher\":{\"@id\":\"https:\\\/\\\/boat-demo.axiomprotocol.org\\\/ro\\\/#organization\"},\"potentialAction\":[{\"@type\":\"SearchAction\",\"target\":{\"@type\":\"EntryPoint\",\"urlTemplate\":\"https:\\\/\\\/boat-demo.axiomprotocol.org\\\/ro\\\/?s={search_term_string}\"},\"query-input\":{\"@type\":\"PropertyValueSpecification\",\"valueRequired\":true,\"valueName\":\"search_term_string\"}}],\"inLanguage\":\"ro-RO\"},{\"@type\":\"Organization\",\"@id\":\"https:\\\/\\\/boat-demo.axiomprotocol.org\\\/ro\\\/#organization\",\"name\":\"BoatsExpert\",\"url\":\"https:\\\/\\\/boat-demo.axiomprotocol.org\\\/ro\\\/\",\"logo\":{\"@type\":\"ImageObject\",\"inLanguage\":\"ro-RO\",\"@id\":\"https:\\\/\\\/boat-demo.axiomprotocol.org\\\/ro\\\/#\\\/schema\\\/logo\\\/image\\\/\",\"url\":\"https:\\\/\\\/boat-demo.axiomprotocol.org\\\/wp-content\\\/uploads\\\/2023\\\/05\\\/white-logo60.svg\",\"contentUrl\":\"https:\\\/\\\/boat-demo.axiomprotocol.org\\\/wp-content\\\/uploads\\\/2023\\\/05\\\/white-logo60.svg\",\"width\":90,\"height\":60,\"caption\":\"BoatsExpert\"},\"image\":{\"@id\":\"https:\\\/\\\/boat-demo.axiomprotocol.org\\\/ro\\\/#\\\/schema\\\/logo\\\/image\\\/\"}}]}<\/script>\n<!-- \/ Yoast SEO plugin. -->","yoast_head_json":{"title":"Mavimare kit direc\u021bie hidraulic\u0103 pentru motoare outboard p\u00e2n\u0103 la 150 CP \u2013 Montaj frontal cu tij\u0103 de leg\u0103tur\u0103 - BoatsExpert","description":"Mavimare kit direc\u021bie hidraulic\u0103 pentru motoare outboard p\u00e2n\u0103 la 150 CP. Instalare profesional\u0103 \u0219i servicii de calitate garantate de Boats Expert.","robots":{"index":"index","follow":"follow","max-snippet":"max-snippet:-1","max-image-preview":"max-image-preview:large","max-video-preview":"max-video-preview:-1"},"canonical":"https:\/\/boat-demo.axiomprotocol.org\/ro\/produs\/mavimare-kit-directie-hidraulica-pentru-motoare-outboard-pana-la-150-cp-montaj-frontal-cu-tija-de-legatura\/","og_locale":"ro_RO","og_type":"article","og_title":"Mavimare kit direc\u021bie hidraulic\u0103 pentru motoare outboard p\u00e2n\u0103 la 150 CP \u2013 Montaj frontal cu tij\u0103 de leg\u0103tur\u0103 - BoatsExpert","og_description":"Mavimare kit direc\u021bie hidraulic\u0103 pentru motoare outboard p\u00e2n\u0103 la 150 CP. Instalare profesional\u0103 \u0219i servicii de calitate garantate de Boats Expert.","og_url":"https:\/\/boat-demo.axiomprotocol.org\/ro\/produs\/mavimare-kit-directie-hidraulica-pentru-motoare-outboard-pana-la-150-cp-montaj-frontal-cu-tija-de-legatura\/","og_site_name":"BoatsExpert","article_modified_time":"2025-06-05T14:57:29+00:00","og_image":[{"width":555,"height":478,"url":"https:\/\/boat-demo.axiomprotocol.org\/wp-content\/uploads\/2025\/06\/GF150RT.jpg","type":"image\/jpeg"}],"twitter_card":"summary_large_image","schema":{"@context":"https:\/\/schema.org","@graph":[{"@type":"WebPage","@id":"https:\/\/boat-demo.axiomprotocol.org\/ro\/produs\/mavimare-kit-directie-hidraulica-pentru-motoare-outboard-pana-la-150-cp-montaj-frontal-cu-tija-de-legatura\/","url":"https:\/\/boat-demo.axiomprotocol.org\/ro\/produs\/mavimare-kit-directie-hidraulica-pentru-motoare-outboard-pana-la-150-cp-montaj-frontal-cu-tija-de-legatura\/","name":"Mavimare kit direc\u021bie hidraulic\u0103 pentru motoare outboard p\u00e2n\u0103 la 150 CP \u2013 Montaj frontal cu tij\u0103 de leg\u0103tur\u0103 - BoatsExpert","isPartOf":{"@id":"https:\/\/boat-demo.axiomprotocol.org\/ro\/#website"},"primaryImageOfPage":{"@id":"https:\/\/boat-demo.axiomprotocol.org\/ro\/produs\/mavimare-kit-directie-hidraulica-pentru-motoare-outboard-pana-la-150-cp-montaj-frontal-cu-tija-de-legatura\/#primaryimage"},"image":{"@id":"https:\/\/boat-demo.axiomprotocol.org\/ro\/produs\/mavimare-kit-directie-hidraulica-pentru-motoare-outboard-pana-la-150-cp-montaj-frontal-cu-tija-de-legatura\/#primaryimage"},"thumbnailUrl":"https:\/\/boat-demo.axiomprotocol.org\/wp-content\/uploads\/2025\/06\/GF150RT.jpg","datePublished":"2025-06-05T14:18:13+00:00","dateModified":"2025-06-05T14:57:29+00:00","description":"Mavimare kit direc\u021bie hidraulic\u0103 pentru motoare outboard p\u00e2n\u0103 la 150 CP. Instalare profesional\u0103 \u0219i servicii de calitate garantate de Boats Expert.","breadcrumb":{"@id":"https:\/\/boat-demo.axiomprotocol.org\/ro\/produs\/mavimare-kit-directie-hidraulica-pentru-motoare-outboard-pana-la-150-cp-montaj-frontal-cu-tija-de-legatura\/#breadcrumb"},"inLanguage":"ro-RO","potentialAction":[{"@type":"ReadAction","target":["https:\/\/boat-demo.axiomprotocol.org\/ro\/produs\/mavimare-kit-directie-hidraulica-pentru-motoare-outboard-pana-la-150-cp-montaj-frontal-cu-tija-de-legatura\/"]}]},{"@type":"ImageObject","inLanguage":"ro-RO","@id":"https:\/\/boat-demo.axiomprotocol.org\/ro\/produs\/mavimare-kit-directie-hidraulica-pentru-motoare-outboard-pana-la-150-cp-montaj-frontal-cu-tija-de-legatura\/#primaryimage","url":"https:\/\/boat-demo.axiomprotocol.org\/wp-content\/uploads\/2025\/06\/GF150RT.jpg","contentUrl":"https:\/\/boat-demo.axiomprotocol.org\/wp-content\/uploads\/2025\/06\/GF150RT.jpg","width":555,"height":478},{"@type":"BreadcrumbList","@id":"https:\/\/boat-demo.axiomprotocol.org\/ro\/produs\/mavimare-kit-directie-hidraulica-pentru-motoare-outboard-pana-la-150-cp-montaj-frontal-cu-tija-de-legatura\/#breadcrumb","itemListElement":[{"@type":"ListItem","position":1,"name":"Home","item":"https:\/\/boat-demo.axiomprotocol.org\/"},{"@type":"ListItem","position":2,"name":"Shop Online &#8211; cel mai bun magazin pentru echipamente pentru b\u0103rci","item":"https:\/\/boat-demo.axiomprotocol.org\/ro\/shop-ro\/"},{"@type":"ListItem","position":3,"name":"Mavimare kit direc\u021bie hidraulic\u0103 pentru motoare outboard p\u00e2n\u0103 la 150 CP \u2013 Montaj frontal cu tij\u0103 de leg\u0103tur\u0103"}]},{"@type":"WebSite","@id":"https:\/\/boat-demo.axiomprotocol.org\/ro\/#website","url":"https:\/\/boat-demo.axiomprotocol.org\/ro\/","name":"BoatsExpert","description":"Boats, Service, Equipment","publisher":{"@id":"https:\/\/boat-demo.axiomprotocol.org\/ro\/#organization"},"potentialAction":[{"@type":"SearchAction","target":{"@type":"EntryPoint","urlTemplate":"https:\/\/boat-demo.axiomprotocol.org\/ro\/?s={search_term_string}"},"query-input":{"@type":"PropertyValueSpecification","valueRequired":true,"valueName":"search_term_string"}}],"inLanguage":"ro-RO"},{"@type":"Organization","@id":"https:\/\/boat-demo.axiomprotocol.org\/ro\/#organization","name":"BoatsExpert","url":"https:\/\/boat-demo.axiomprotocol.org\/ro\/","logo":{"@type":"ImageObject","inLanguage":"ro-RO","@id":"https:\/\/boat-demo.axiomprotocol.org\/ro\/#\/schema\/logo\/image\/","url":"https:\/\/boat-demo.axiomprotocol.org\/wp-content\/uploads\/2023\/05\/white-logo60.svg","contentUrl":"https:\/\/boat-demo.axiomprotocol.org\/wp-content\/uploads\/2023\/05\/white-logo60.svg","width":90,"height":60,"caption":"BoatsExpert"},"image":{"@id":"https:\/\/boat-demo.axiomprotocol.org\/ro\/#\/schema\/logo\/image\/"}}]}},"_links":{"self":[{"href":"https:\/\/boat-demo.axiomprotocol.org\/ro\/wp-json\/wp\/v2\/product\/39796","targetHints":{"allow":["GET"]}}],"collection":[{"href":"https:\/\/boat-demo.axiomprotocol.org\/ro\/wp-json\/wp\/v2\/product"}],"about":[{"href":"https:\/\/boat-demo.axiomprotocol.org\/ro\/wp-json\/wp\/v2\/types\/product"}],"replies":[{"embeddable":true,"href":"https:\/\/boat-demo.axiomprotocol.org\/ro\/wp-json\/wp\/v2\/comments?post=39796"}],"version-history":[{"count":5,"href":"https:\/\/boat-demo.axiomprotocol.org\/ro\/wp-json\/wp\/v2\/product\/39796\/revisions"}],"predecessor-version":[{"id":39831,"href":"https:\/\/boat-demo.axiomprotocol.org\/ro\/wp-json\/wp\/v2\/product\/39796\/revisions\/39831"}],"wp:featuredmedia":[{"embeddable":true,"href":"https:\/\/boat-demo.axiomprotocol.org\/ro\/wp-json\/wp\/v2\/media\/39800"}],"wp:attachment":[{"href":"https:\/\/boat-demo.axiomprotocol.org\/ro\/wp-json\/wp\/v2\/media?parent=39796"}],"wp:term":[{"taxonomy":"product_brand","embeddable":true,"href":"https:\/\/boat-demo.axiomprotocol.org\/ro\/wp-json\/wp\/v2\/product_brand?post=39796"},{"taxonomy":"product_cat","embeddable":true,"href":"https:\/\/boat-demo.axiomprotocol.org\/ro\/wp-json\/wp\/v2\/product_cat?post=39796"},{"taxonomy":"product_tag","embeddable":true,"href":"https:\/\/boat-demo.axiomprotocol.org\/ro\/wp-json\/wp\/v2\/product_tag?post=39796"}],"curies":[{"name":"wp","href":"https:\/\/api.w.org\/{rel}","templated":true}]}}