{"id":39399,"date":"2025-05-02T17:25:30","date_gmt":"2025-05-02T14:25:31","guid":{"rendered":"https:\/\/boat-demo.axiomprotocol.org\/?post_type=product&#038;p=39399"},"modified":"2025-05-02T17:43:47","modified_gmt":"2025-05-02T14:43:47","slug":"finval-475-evo-sc-copy","status":"publish","type":"product","link":"https:\/\/boat-demo.axiomprotocol.org\/ro\/produs\/finval-475-evo-sc-copy\/","title":{"rendered":"FINVAL 475 Evo RC JS (2025)"},"content":{"rendered":"\t\t<div data-elementor-type=\"wp-post\" data-elementor-id=\"39399\" class=\"elementor elementor-39399 elementor-39398\">\n\t\t\t\t\t\t<section class=\"elementor-section elementor-top-section elementor-element elementor-element-a291604 elementor-section-boxed elementor-section-height-default elementor-section-height-default\" data-id=\"a291604\" data-element_type=\"section\" data-e-type=\"section\">\n\t\t\t\t\t\t<div class=\"elementor-container elementor-column-gap-default\">\n\t\t\t\t\t<div class=\"elementor-column elementor-col-100 elementor-top-column elementor-element elementor-element-bde2622\" data-id=\"bde2622\" data-element_type=\"column\" data-e-type=\"column\">\n\t\t\t<div class=\"elementor-widget-wrap elementor-element-populated\">\n\t\t\t\t\t\t<div class=\"elementor-element elementor-element-3e87cb4 elementor-widget elementor-widget-text-editor\" data-id=\"3e87cb4\" data-element_type=\"widget\" data-e-type=\"widget\" data-widget_type=\"text-editor.default\">\n\t\t\t\t<div class=\"elementor-widget-container\">\n\t\t\t\t\t\t\t\t\t<h6 class=\"tt-title-single-sub\">Specificatii<\/h6><div class=\"row\"><div class=\"col-md-6\"><ul class=\"tt-list03\"><li style=\"font-weight: 400\"><strong>Lungime<\/strong> &#8211; 4.72 m<\/li><li style=\"font-weight: 400\"><strong>L\u0103\u021bime <\/strong>&#8211; 2.12 m<\/li><li style=\"font-weight: 400\"><strong>Unghiul oglinzii<\/strong> &#8211; 13\u00b0<\/li><li style=\"font-weight: 400\"><strong>Pescaj <\/strong>&#8211; 330 mm<\/li><li style=\"font-weight: 400\"><strong>Material coca<\/strong> &#8211; AlMg 4,5 Mn (5083)<\/li><li><strong>Grosime coca<\/strong> &#8211; 3 mm<\/li><\/ul><\/div><div class=\"col-md-6\"><ul class=\"tt-list03\"><li><strong>Greutatea b\u0103rcii<\/strong> &#8211; 510 kg<\/li><li><strong>\u00cenc\u0103rc\u0103tura maxim\u0103 <\/strong>&#8211; 600 kg<\/li><li style=\"font-weight: 400\"><strong>Motor recomandat<\/strong> &#8211; 60 &#8211; 100 hp\u00a0<\/li><li><strong>Capacitate rezervor<\/strong> &#8211; 53 l\u00a0<\/li><li style=\"font-weight: 400\"><strong>Capacitate persoane<\/strong> &#8211; 4<\/li><li><strong>Compartiment lansete<\/strong> &#8211; 2 \/ 2.9 m ; 2 \/ 2.45 m<\/li><\/ul><\/div><\/div>\t\t\t\t\t\t\t\t<\/div>\n\t\t\t\t<\/div>\n\t\t\t\t\t<\/div>\n\t\t<\/div>\n\t\t\t\t\t<\/div>\n\t\t<\/section>\n\t\t\t\t<section class=\"elementor-section elementor-top-section elementor-element elementor-element-43fd64e elementor-section-boxed elementor-section-height-default elementor-section-height-default\" data-id=\"43fd64e\" data-element_type=\"section\" data-e-type=\"section\">\n\t\t\t\t\t\t<div class=\"elementor-container elementor-column-gap-default\">\n\t\t\t\t\t<div class=\"elementor-column elementor-col-100 elementor-top-column elementor-element elementor-element-ad1741a\" data-id=\"ad1741a\" data-element_type=\"column\" data-e-type=\"column\">\n\t\t\t<div class=\"elementor-widget-wrap elementor-element-populated\">\n\t\t\t\t\t\t<div class=\"elementor-element elementor-element-219f352 elementor-widget elementor-widget-text-editor\" data-id=\"219f352\" data-element_type=\"widget\" data-e-type=\"widget\" data-widget_type=\"text-editor.default\">\n\t\t\t\t<div class=\"elementor-widget-container\">\n\t\t\t\t\t\t\t\t\t<h6>\u00a0<\/h6><h6>Toate Specificatii Offer<\/h6>\t\t\t\t\t\t\t\t<\/div>\n\t\t\t\t<\/div>\n\t\t\t\t<div class=\"elementor-element elementor-element-9a96c76 elementor-widget elementor-widget-button\" data-id=\"9a96c76\" data-element_type=\"widget\" data-e-type=\"widget\" data-widget_type=\"button.default\">\n\t\t\t\t<div class=\"elementor-widget-container\">\n\t\t\t\t\t\t\t\t\t<div class=\"elementor-button-wrapper\">\n\t\t\t\t\t<a class=\"elementor-button elementor-button-link elementor-size-sm\" href=\"https:\/\/boat-demo.axiomprotocol.org\/wp-content\/uploads\/2025\/05\/Finval-Evo-475-BL-DC-2024-JS_UA-BLT50911A525.pdf\" target=\"_blank\">\n\t\t\t\t\t\t<span class=\"elementor-button-content-wrapper\">\n\t\t\t\t\t\t\t\t\t<span class=\"elementor-button-text\">Descarc\u0103 oferta<\/span>\n\t\t\t\t\t<\/span>\n\t\t\t\t\t<\/a>\n\t\t\t\t<\/div>\n\t\t\t\t\t\t\t\t<\/div>\n\t\t\t\t<\/div>\n\t\t\t\t\t<\/div>\n\t\t<\/div>\n\t\t\t\t\t<\/div>\n\t\t<\/section>\n\t\t\t\t<\/div>\n\t\t","protected":false},"excerpt":{"rendered":"<p>&nbsp;<\/p>\n<p><strong data-start=\"0\" data-end=\"31\" data-is-only-node=\"\">Finval 475 Evo RC JS (2025)<\/strong> este o barc\u0103 cu motor din aluminiu, cu consol\u0103 posterioar\u0103 \u0219i scaune rabatabile, destinat\u0103 pescuitului \u0219i recreerii active. Dispune de un corp durabil \u0219i un cockpit spa\u021bios, asigur\u00e2nd confort \u0219i siguran\u021b\u0103 pe ap\u0103.<\/p>\n","protected":false},"featured_media":39401,"comment_status":"open","ping_status":"closed","template":"","meta":{"_acf_changed":false,"inline_featured_image":false},"product_brand":[],"product_cat":[93],"product_tag":[],"class_list":{"0":"post-39399","1":"product","2":"type-product","3":"status-publish","4":"has-post-thumbnail","6":"product_cat-barci-in-stoc-ro","7":"tt-post","9":"first","10":"instock","11":"featured","12":"shipping-taxable","13":"purchasable","14":"product-type-simple"},"acf":[],"yoast_head":"<!-- This site is optimized with the Yoast SEO plugin v27.4 - https:\/\/yoast.com\/product\/yoast-seo-wordpress\/ -->\n<title>FINVAL 475 Evo RC JS (2025) - BoatsExpert<\/title>\n<meta name=\"description\" content=\"Descopera barca de aluminiu FINVAL 475 Evo RC JS. Comanda barca de pescuit in Romania, Moldova. Servicii complete si garantie de 10 ani.\" \/>\n<meta name=\"robots\" content=\"index, follow, max-snippet:-1, max-image-preview:large, max-video-preview:-1\" \/>\n<link rel=\"canonical\" href=\"https:\/\/boat-demo.axiomprotocol.org\/ro\/produs\/finval-475-evo-sc-copy\/\" \/>\n<meta property=\"og:locale\" content=\"ro_RO\" \/>\n<meta property=\"og:type\" content=\"article\" \/>\n<meta property=\"og:title\" content=\"FINVAL 475 Evo RC JS (2025) - BoatsExpert\" \/>\n<meta property=\"og:description\" content=\"Descopera barca de aluminiu FINVAL 475 Evo RC JS. Comanda barca de pescuit in Romania, Moldova. Servicii complete si garantie de 10 ani.\" \/>\n<meta property=\"og:url\" content=\"https:\/\/boat-demo.axiomprotocol.org\/ro\/produs\/finval-475-evo-sc-copy\/\" \/>\n<meta property=\"og:site_name\" content=\"BoatsExpert\" \/>\n<meta property=\"article:modified_time\" content=\"2025-05-02T14:43:47+00:00\" \/>\n<meta property=\"og:image\" content=\"https:\/\/boat-demo.axiomprotocol.org\/wp-content\/uploads\/2025\/05\/UA-BLT50911A525.jpg\" \/>\n\t<meta property=\"og:image:width\" content=\"1110\" \/>\n\t<meta property=\"og:image:height\" content=\"956\" \/>\n\t<meta property=\"og:image:type\" content=\"image\/jpeg\" \/>\n<meta name=\"twitter:card\" content=\"summary_large_image\" \/>\n<script type=\"application\/ld+json\" class=\"yoast-schema-graph\">{\"@context\":\"https:\\\/\\\/schema.org\",\"@graph\":[{\"@type\":\"WebPage\",\"@id\":\"https:\\\/\\\/boat-demo.axiomprotocol.org\\\/ro\\\/produs\\\/finval-475-evo-sc-copy\\\/\",\"url\":\"https:\\\/\\\/boat-demo.axiomprotocol.org\\\/ro\\\/produs\\\/finval-475-evo-sc-copy\\\/\",\"name\":\"FINVAL 475 Evo RC JS (2025) - BoatsExpert\",\"isPartOf\":{\"@id\":\"https:\\\/\\\/boat-demo.axiomprotocol.org\\\/ro\\\/#website\"},\"primaryImageOfPage\":{\"@id\":\"https:\\\/\\\/boat-demo.axiomprotocol.org\\\/ro\\\/produs\\\/finval-475-evo-sc-copy\\\/#primaryimage\"},\"image\":{\"@id\":\"https:\\\/\\\/boat-demo.axiomprotocol.org\\\/ro\\\/produs\\\/finval-475-evo-sc-copy\\\/#primaryimage\"},\"thumbnailUrl\":\"https:\\\/\\\/boat-demo.axiomprotocol.org\\\/wp-content\\\/uploads\\\/2025\\\/05\\\/UA-BLT50911A525.jpg\",\"datePublished\":\"2025-05-02T14:25:31+00:00\",\"dateModified\":\"2025-05-02T14:43:47+00:00\",\"description\":\"Descopera barca de aluminiu FINVAL 475 Evo RC JS. Comanda barca de pescuit in Romania, Moldova. Servicii complete si garantie de 10 ani.\",\"breadcrumb\":{\"@id\":\"https:\\\/\\\/boat-demo.axiomprotocol.org\\\/ro\\\/produs\\\/finval-475-evo-sc-copy\\\/#breadcrumb\"},\"inLanguage\":\"ro-RO\",\"potentialAction\":[{\"@type\":\"ReadAction\",\"target\":[\"https:\\\/\\\/boat-demo.axiomprotocol.org\\\/ro\\\/produs\\\/finval-475-evo-sc-copy\\\/\"]}]},{\"@type\":\"ImageObject\",\"inLanguage\":\"ro-RO\",\"@id\":\"https:\\\/\\\/boat-demo.axiomprotocol.org\\\/ro\\\/produs\\\/finval-475-evo-sc-copy\\\/#primaryimage\",\"url\":\"https:\\\/\\\/boat-demo.axiomprotocol.org\\\/wp-content\\\/uploads\\\/2025\\\/05\\\/UA-BLT50911A525.jpg\",\"contentUrl\":\"https:\\\/\\\/boat-demo.axiomprotocol.org\\\/wp-content\\\/uploads\\\/2025\\\/05\\\/UA-BLT50911A525.jpg\",\"width\":1110,\"height\":956,\"caption\":\"UA-BLT50911A525\"},{\"@type\":\"BreadcrumbList\",\"@id\":\"https:\\\/\\\/boat-demo.axiomprotocol.org\\\/ro\\\/produs\\\/finval-475-evo-sc-copy\\\/#breadcrumb\",\"itemListElement\":[{\"@type\":\"ListItem\",\"position\":1,\"name\":\"Home\",\"item\":\"https:\\\/\\\/boat-demo.axiomprotocol.org\\\/\"},{\"@type\":\"ListItem\",\"position\":2,\"name\":\"Shop Online &#8211; cel mai bun magazin pentru echipamente pentru b\u0103rci\",\"item\":\"https:\\\/\\\/boat-demo.axiomprotocol.org\\\/ro\\\/shop-ro\\\/\"},{\"@type\":\"ListItem\",\"position\":3,\"name\":\"FINVAL 475 Evo RC JS (2025)\"}]},{\"@type\":\"WebSite\",\"@id\":\"https:\\\/\\\/boat-demo.axiomprotocol.org\\\/ro\\\/#website\",\"url\":\"https:\\\/\\\/boat-demo.axiomprotocol.org\\\/ro\\\/\",\"name\":\"BoatsExpert\",\"description\":\"Boats, Service, Equipment\",\"publisher\":{\"@id\":\"https:\\\/\\\/boat-demo.axiomprotocol.org\\\/ro\\\/#organization\"},\"potentialAction\":[{\"@type\":\"SearchAction\",\"target\":{\"@type\":\"EntryPoint\",\"urlTemplate\":\"https:\\\/\\\/boat-demo.axiomprotocol.org\\\/ro\\\/?s={search_term_string}\"},\"query-input\":{\"@type\":\"PropertyValueSpecification\",\"valueRequired\":true,\"valueName\":\"search_term_string\"}}],\"inLanguage\":\"ro-RO\"},{\"@type\":\"Organization\",\"@id\":\"https:\\\/\\\/boat-demo.axiomprotocol.org\\\/ro\\\/#organization\",\"name\":\"BoatsExpert\",\"url\":\"https:\\\/\\\/boat-demo.axiomprotocol.org\\\/ro\\\/\",\"logo\":{\"@type\":\"ImageObject\",\"inLanguage\":\"ro-RO\",\"@id\":\"https:\\\/\\\/boat-demo.axiomprotocol.org\\\/ro\\\/#\\\/schema\\\/logo\\\/image\\\/\",\"url\":\"https:\\\/\\\/boat-demo.axiomprotocol.org\\\/wp-content\\\/uploads\\\/2023\\\/05\\\/white-logo60.svg\",\"contentUrl\":\"https:\\\/\\\/boat-demo.axiomprotocol.org\\\/wp-content\\\/uploads\\\/2023\\\/05\\\/white-logo60.svg\",\"width\":90,\"height\":60,\"caption\":\"BoatsExpert\"},\"image\":{\"@id\":\"https:\\\/\\\/boat-demo.axiomprotocol.org\\\/ro\\\/#\\\/schema\\\/logo\\\/image\\\/\"}}]}<\/script>\n<!-- \/ Yoast SEO plugin. -->","yoast_head_json":{"title":"FINVAL 475 Evo RC JS (2025) - BoatsExpert","description":"Descopera barca de aluminiu FINVAL 475 Evo RC JS. Comanda barca de pescuit in Romania, Moldova. Servicii complete si garantie de 10 ani.","robots":{"index":"index","follow":"follow","max-snippet":"max-snippet:-1","max-image-preview":"max-image-preview:large","max-video-preview":"max-video-preview:-1"},"canonical":"https:\/\/boat-demo.axiomprotocol.org\/ro\/produs\/finval-475-evo-sc-copy\/","og_locale":"ro_RO","og_type":"article","og_title":"FINVAL 475 Evo RC JS (2025) - BoatsExpert","og_description":"Descopera barca de aluminiu FINVAL 475 Evo RC JS. Comanda barca de pescuit in Romania, Moldova. Servicii complete si garantie de 10 ani.","og_url":"https:\/\/boat-demo.axiomprotocol.org\/ro\/produs\/finval-475-evo-sc-copy\/","og_site_name":"BoatsExpert","article_modified_time":"2025-05-02T14:43:47+00:00","og_image":[{"width":1110,"height":956,"url":"https:\/\/boat-demo.axiomprotocol.org\/wp-content\/uploads\/2025\/05\/UA-BLT50911A525.jpg","type":"image\/jpeg"}],"twitter_card":"summary_large_image","schema":{"@context":"https:\/\/schema.org","@graph":[{"@type":"WebPage","@id":"https:\/\/boat-demo.axiomprotocol.org\/ro\/produs\/finval-475-evo-sc-copy\/","url":"https:\/\/boat-demo.axiomprotocol.org\/ro\/produs\/finval-475-evo-sc-copy\/","name":"FINVAL 475 Evo RC JS (2025) - BoatsExpert","isPartOf":{"@id":"https:\/\/boat-demo.axiomprotocol.org\/ro\/#website"},"primaryImageOfPage":{"@id":"https:\/\/boat-demo.axiomprotocol.org\/ro\/produs\/finval-475-evo-sc-copy\/#primaryimage"},"image":{"@id":"https:\/\/boat-demo.axiomprotocol.org\/ro\/produs\/finval-475-evo-sc-copy\/#primaryimage"},"thumbnailUrl":"https:\/\/boat-demo.axiomprotocol.org\/wp-content\/uploads\/2025\/05\/UA-BLT50911A525.jpg","datePublished":"2025-05-02T14:25:31+00:00","dateModified":"2025-05-02T14:43:47+00:00","description":"Descopera barca de aluminiu FINVAL 475 Evo RC JS. Comanda barca de pescuit in Romania, Moldova. Servicii complete si garantie de 10 ani.","breadcrumb":{"@id":"https:\/\/boat-demo.axiomprotocol.org\/ro\/produs\/finval-475-evo-sc-copy\/#breadcrumb"},"inLanguage":"ro-RO","potentialAction":[{"@type":"ReadAction","target":["https:\/\/boat-demo.axiomprotocol.org\/ro\/produs\/finval-475-evo-sc-copy\/"]}]},{"@type":"ImageObject","inLanguage":"ro-RO","@id":"https:\/\/boat-demo.axiomprotocol.org\/ro\/produs\/finval-475-evo-sc-copy\/#primaryimage","url":"https:\/\/boat-demo.axiomprotocol.org\/wp-content\/uploads\/2025\/05\/UA-BLT50911A525.jpg","contentUrl":"https:\/\/boat-demo.axiomprotocol.org\/wp-content\/uploads\/2025\/05\/UA-BLT50911A525.jpg","width":1110,"height":956,"caption":"UA-BLT50911A525"},{"@type":"BreadcrumbList","@id":"https:\/\/boat-demo.axiomprotocol.org\/ro\/produs\/finval-475-evo-sc-copy\/#breadcrumb","itemListElement":[{"@type":"ListItem","position":1,"name":"Home","item":"https:\/\/boat-demo.axiomprotocol.org\/"},{"@type":"ListItem","position":2,"name":"Shop Online &#8211; cel mai bun magazin pentru echipamente pentru b\u0103rci","item":"https:\/\/boat-demo.axiomprotocol.org\/ro\/shop-ro\/"},{"@type":"ListItem","position":3,"name":"FINVAL 475 Evo RC JS (2025)"}]},{"@type":"WebSite","@id":"https:\/\/boat-demo.axiomprotocol.org\/ro\/#website","url":"https:\/\/boat-demo.axiomprotocol.org\/ro\/","name":"BoatsExpert","description":"Boats, Service, Equipment","publisher":{"@id":"https:\/\/boat-demo.axiomprotocol.org\/ro\/#organization"},"potentialAction":[{"@type":"SearchAction","target":{"@type":"EntryPoint","urlTemplate":"https:\/\/boat-demo.axiomprotocol.org\/ro\/?s={search_term_string}"},"query-input":{"@type":"PropertyValueSpecification","valueRequired":true,"valueName":"search_term_string"}}],"inLanguage":"ro-RO"},{"@type":"Organization","@id":"https:\/\/boat-demo.axiomprotocol.org\/ro\/#organization","name":"BoatsExpert","url":"https:\/\/boat-demo.axiomprotocol.org\/ro\/","logo":{"@type":"ImageObject","inLanguage":"ro-RO","@id":"https:\/\/boat-demo.axiomprotocol.org\/ro\/#\/schema\/logo\/image\/","url":"https:\/\/boat-demo.axiomprotocol.org\/wp-content\/uploads\/2023\/05\/white-logo60.svg","contentUrl":"https:\/\/boat-demo.axiomprotocol.org\/wp-content\/uploads\/2023\/05\/white-logo60.svg","width":90,"height":60,"caption":"BoatsExpert"},"image":{"@id":"https:\/\/boat-demo.axiomprotocol.org\/ro\/#\/schema\/logo\/image\/"}}]}},"_links":{"self":[{"href":"https:\/\/boat-demo.axiomprotocol.org\/ro\/wp-json\/wp\/v2\/product\/39399","targetHints":{"allow":["GET"]}}],"collection":[{"href":"https:\/\/boat-demo.axiomprotocol.org\/ro\/wp-json\/wp\/v2\/product"}],"about":[{"href":"https:\/\/boat-demo.axiomprotocol.org\/ro\/wp-json\/wp\/v2\/types\/product"}],"replies":[{"embeddable":true,"href":"https:\/\/boat-demo.axiomprotocol.org\/ro\/wp-json\/wp\/v2\/comments?post=39399"}],"version-history":[{"count":4,"href":"https:\/\/boat-demo.axiomprotocol.org\/ro\/wp-json\/wp\/v2\/product\/39399\/revisions"}],"predecessor-version":[{"id":39456,"href":"https:\/\/boat-demo.axiomprotocol.org\/ro\/wp-json\/wp\/v2\/product\/39399\/revisions\/39456"}],"wp:featuredmedia":[{"embeddable":true,"href":"https:\/\/boat-demo.axiomprotocol.org\/ro\/wp-json\/wp\/v2\/media\/39401"}],"wp:attachment":[{"href":"https:\/\/boat-demo.axiomprotocol.org\/ro\/wp-json\/wp\/v2\/media?parent=39399"}],"wp:term":[{"taxonomy":"product_brand","embeddable":true,"href":"https:\/\/boat-demo.axiomprotocol.org\/ro\/wp-json\/wp\/v2\/product_brand?post=39399"},{"taxonomy":"product_cat","embeddable":true,"href":"https:\/\/boat-demo.axiomprotocol.org\/ro\/wp-json\/wp\/v2\/product_cat?post=39399"},{"taxonomy":"product_tag","embeddable":true,"href":"https:\/\/boat-demo.axiomprotocol.org\/ro\/wp-json\/wp\/v2\/product_tag?post=39399"}],"curies":[{"name":"wp","href":"https:\/\/api.w.org\/{rel}","templated":true}]}}