{"id":38959,"date":"2025-01-25T20:50:25","date_gmt":"2025-01-25T17:50:26","guid":{"rendered":"https:\/\/boat-demo.axiomprotocol.org\/?post_type=product&#038;p=38959"},"modified":"2025-01-25T20:53:26","modified_gmt":"2025-01-25T17:53:26","slug":"sonar-humminbird-xplore-12-cmsi-fara-traductor","status":"publish","type":"product","link":"https:\/\/boat-demo.axiomprotocol.org\/ro\/produs\/sonar-humminbird-xplore-12-cmsi-fara-traductor\/","title":{"rendered":"Sonar HUMMINBIRD XPLORE 12 CMSI+ f\u0103r\u0103 traductor"},"content":{"rendered":"\t\t<div data-elementor-type=\"wp-post\" data-elementor-id=\"38959\" class=\"elementor elementor-38959 elementor-38958\">\n\t\t\t\t\t\t<section class=\"elementor-section elementor-top-section elementor-element elementor-element-b60a90d elementor-section-boxed elementor-section-height-default elementor-section-height-default\" data-id=\"b60a90d\" data-element_type=\"section\" data-e-type=\"section\">\n\t\t\t\t\t\t<div class=\"elementor-container elementor-column-gap-default\">\n\t\t\t\t\t<div class=\"elementor-column elementor-col-100 elementor-top-column elementor-element elementor-element-0f7e3d0\" data-id=\"0f7e3d0\" data-element_type=\"column\" data-e-type=\"column\">\n\t\t\t<div class=\"elementor-widget-wrap elementor-element-populated\">\n\t\t\t\t\t\t<div class=\"elementor-element elementor-element-776e159 elementor-widget elementor-widget-heading\" data-id=\"776e159\" data-element_type=\"widget\" data-e-type=\"widget\" data-widget_type=\"heading.default\">\n\t\t\t\t<div class=\"elementor-widget-container\">\n\t\t\t\t\t<h4 class=\"elementor-heading-title elementor-size-default\">CARACTERISTICI<\/h4>\t\t\t\t<\/div>\n\t\t\t\t<\/div>\n\t\t\t\t<div class=\"elementor-element elementor-element-822ba3f elementor-widget elementor-widget-text-editor\" data-id=\"822ba3f\" data-element_type=\"widget\" data-e-type=\"widget\" data-widget_type=\"text-editor.default\">\n\t\t\t\t<div class=\"elementor-widget-container\">\n\t\t\t\t\t\t\t\t\t<ul class=\"tt-list01\"><li>\u2022 Ecran Full-HD cu interfa\u021b\u0103 Cross Touch\u00ae: Seria XPLORE ofer\u0103 detalii impresionante pe un ecran Full-HD cu rezolu\u021bie 1280H x 720V. Bucur\u0103-te de imagini sonar \u0219i h\u0103r\u021bi clare, astfel \u00eenc\u00e2t s\u0103 nu ratezi niciun detaliu. Controleaz\u0103 totul a\u0219a cum preferi, fie prin ecranul tactil, fie prin tastatur\u0103.<\/li><li>MEGA Side Imaging+: Descoper\u0103 lumea subacvatic\u0103 ca niciodat\u0103 p\u00e2n\u0103 acum, cu imagini laterale clare, vizibile p\u00e2n\u0103 la 200 de picioare pe fiecare parte a b\u0103rcii. Beneficiezi de 20% mai multe detalii \u0219i o capacitate de raz\u0103 cu 60% mai mare dec\u00e2t sonar-ul MEGA Side Imaging standard, pentru a descoperi mai mul\u021bi pe\u0219ti \u0219i structuri subacvatice.<\/li><li>MEGA Down Imaging+: Ob\u021bine o claritate subacvatic\u0103 de neegalat cu imagini Down Imaging vizibile p\u00e2n\u0103 la 200 de picioare sub barc\u0103. Vei identifica mai mul\u021bi pe\u0219ti \u0219i structuri, datorit\u0103 unei detalii \u00eembun\u0103t\u0103\u021bite cu 20% \u0219i unei profunzimi cu 60% mai mari comparativ cu MEGA Down Imaging obi\u0219nuit.<\/li><li>Sonar Dual Spectrum CHIRP: \u0218tii ce se afl\u0103 sub ap\u0103 \u00eenainte de a arunca undi\u021ba, datorit\u0103 detaliilor precise ale arcurilor de pe\u0219te \u0219i vizibilit\u0103\u021bii clare a structurii fundului apei. Alimentat de traductorul Low-Q CHIRP, sonar-ul ofer\u0103 dou\u0103 moduri de c\u0103utare: modul larg pentru acoperire maxim\u0103 \u0219i modul \u00eengust pentru detalii de fine\u021be.<\/li><li>GPS intern \u0219i Humminbird Basemap: Navigheaz\u0103 cu \u00eencredere folosind o hart\u0103 de baz\u0103 \u00eembun\u0103t\u0103\u021bit\u0103, care afi\u0219eaz\u0103 terenul subacvatic \u0219i punctele de interes importante. Identific\u0103 geamanduri, obstacole, porturi, contururi, ad\u00e2ncimi \u0219i multe altele. Include h\u0103r\u021bi pentru peste 10.000 de lacuri \u0219i acoperire costier\u0103 pentru SUA continental\u0103.<\/li><li>Compatibilitate cu h\u0103r\u021bi premium: Ai acces la o gam\u0103 complet\u0103 de h\u0103r\u021bi premium. \u00cembun\u0103t\u0103\u021be\u0219te-\u021bi experien\u021ba de pescuit cu h\u0103r\u021bile op\u021bionale LakeMaster\u00ae \u0219i CoastMaster\u2122 de la Humminbird sau cu h\u0103r\u021bile compatibile Navionics\u00ae pentru o vedere complet\u0103 a lumii subacvatice.<\/li><\/ul>\t\t\t\t\t\t\t\t<\/div>\n\t\t\t\t<\/div>\n\t\t\t\t\t<\/div>\n\t\t<\/div>\n\t\t\t\t\t<\/div>\n\t\t<\/section>\n\t\t\t\t<section class=\"elementor-section elementor-top-section elementor-element elementor-element-3491dd0 elementor-section-boxed elementor-section-height-default elementor-section-height-default\" data-id=\"3491dd0\" data-element_type=\"section\" data-e-type=\"section\">\n\t\t\t\t\t\t<div class=\"elementor-container elementor-column-gap-default\">\n\t\t\t\t\t<div class=\"elementor-column elementor-col-100 elementor-top-column elementor-element elementor-element-de01bb0\" data-id=\"de01bb0\" data-element_type=\"column\" data-e-type=\"column\">\n\t\t\t<div class=\"elementor-widget-wrap elementor-element-populated\">\n\t\t\t\t\t\t<div class=\"elementor-element elementor-element-725a8d3 elementor-widget elementor-widget-heading\" data-id=\"725a8d3\" data-element_type=\"widget\" data-e-type=\"widget\" data-widget_type=\"heading.default\">\n\t\t\t\t<div class=\"elementor-widget-container\">\n\t\t\t\t\t<h4 class=\"elementor-heading-title elementor-size-default\">SPECIFICA\u021aII<\/h4>\t\t\t\t<\/div>\n\t\t\t\t<\/div>\n\t\t\t\t<div class=\"elementor-element elementor-element-6e8dbd8 elementor-widget elementor-widget-text-editor\" data-id=\"6e8dbd8\" data-element_type=\"widget\" data-e-type=\"widget\" data-widget_type=\"text-editor.default\">\n\t\t\t\t<div class=\"elementor-widget-container\">\n\t\t\t\t\t\t\t\t\t<table class=\"table\" data-striping=\"1\"><tbody><tr class=\"expanded\"><td>Model<\/td><td>XPLORE 12 CHO Fish Finder<\/td><\/tr><tr class=\"expanded\"><td>Product Code<\/td><td>412020-1CHO<\/td><\/tr><tr class=\"expanded\"><td>Series<\/td><td>XPLORE<\/td><\/tr><tr class=\"expanded\"><td>UPC<\/td><td>0082324058707<\/td><\/tr><tr class=\"expanded\"><td>Display Size &#8211; Diagonal<\/td><td>12.1 in<\/td><\/tr><tr class=\"expanded\"><td>Display Pixel Matrix<\/td><td>1280H x 800V<\/td><\/tr><tr class=\"expanded\"><td>Transducer Included<\/td><td>N\/A<\/td><\/tr><tr class=\"expanded\"><td>Compatible With<\/td><td>Minn Kota US2 Sonar, Minn Kota Built-In MEGA DI, Minn Kota Talon\/Raptor, Minn Kota i-Pilot Link, Minn Kota Built-In MEGA SI, MEGA Live, NMEA 2000, MEGA 360, Radar, AutoPilot, One-Boat Network, MEGA Live 2<\/td><\/tr><tr class=\"expanded\"><td>Features<\/td><td>Touch Screen, Networking, Down Imaging, Built In GPS, Bluetooth, Side Imaging, Built In Mapping, MEGA Imaging+, Wi-Fi, MEGA Imaging<\/td><\/tr><tr class=\"expanded\"><td>Memory Card Slot<\/td><td>Dual Micro SD<\/td><\/tr><tr class=\"expanded\"><td>Sonar-Standard<\/td><td>Dual Spectrum CHIRP, MEGA Side Imaging+, MEGA Down Imaging+<\/td><\/tr><tr class=\"hidden expanded\"><td>Sonar-Optional<\/td><td>50\/83\/200 kHz, Airmar High, High Wide, Medium, Medium Wide, and Low<\/td><\/tr><tr class=\"hidden expanded\"><td>CHIRP &#8211; Frequencies Supported<\/td><td>Narrow Mode (180-240 kHz), Wide Mode (140-200 kHz), Full Mode (150-220 kHz)<\/td><\/tr><tr class=\"hidden expanded\"><td>Sonar-Frequencies Supported<\/td><td>50\/83\/200\/455\/800 kHz, HW DSC CHIRP, and MEGA<\/td><\/tr><tr class=\"hidden expanded\"><td>Depth-Sonar<\/td><td>3,500 ft (optional 50 kHz), 1,200 ft (standard transducer)<\/td><\/tr><tr class=\"hidden expanded\"><td>CHIRP &#8211; Imaging Frequencies Supported<\/td><td>455 kHz SI+ (405-505 kHz), 455 kHz (420-520 kHz), MEGA SI+ (1050-1175 kHz)<\/td><\/tr><tr class=\"hidden expanded\"><td>Depth-Down Imaging<\/td><td>200 ft (MEGA), 400 ft (455 kHz)<\/td><\/tr><tr class=\"hidden expanded\"><td>Range-Side Imaging (Side-To-Side)<\/td><td>800 ft (455 kHz), 400 ft (MEGA)<\/td><\/tr><tr class=\"hidden expanded\"><td>Interface<\/td><td>Touch Screen, Keypad Control<\/td><\/tr><tr class=\"hidden expanded\"><td>Power Input<\/td><td>10.8-20 VDC<\/td><\/tr><tr class=\"hidden expanded\"><td>Power Output Peak-to-Peak<\/td><td>8000 Watts<\/td><\/tr><tr class=\"hidden expanded\"><td>Power Output RMS<\/td><td>1000 Watts<\/td><\/tr><tr class=\"hidden expanded\"><td>Screen Snap Shot<\/td><td>Included<\/td><\/tr><tr class=\"hidden expanded\"><td>Sonar Recording<\/td><td>Included<\/td><\/tr><tr class=\"hidden expanded\"><td>Mount-Standard<\/td><td>Gimbal<\/td><\/tr><tr class=\"hidden expanded\"><td>Mount-Standard Size<\/td><td>14.145 in W x 8.911 in H x 3.989 in D<\/td><\/tr><tr class=\"hidden expanded\"><td>Mount-Optional<\/td><td>In-Dash Mounting Kit<\/td><\/tr><tr class=\"hidden expanded\"><td>Mount-Optional Size<\/td><td>14.145 in W x 8.911 in H x 3.989 in D<\/td><\/tr><tr class=\"hidden expanded\"><td>Transducer Mount Location<\/td><td>Transom<\/td><\/tr><tr class=\"hidden expanded\"><td>GPS Chartplotting<\/td><td>Included<\/td><\/tr><tr class=\"hidden expanded\"><td>GPS Receiver<\/td><td>Internal<\/td><\/tr><tr class=\"hidden expanded\"><td>GPS Trackplotting<\/td><td>Not Supported<\/td><\/tr><tr class=\"hidden expanded\"><td>Waypoints, Routes, Tracks\/Points<\/td><td>10,000, 50, 50\/20,000<\/td><\/tr><tr class=\"hidden expanded\"><td>360 Imaging Compatibility<\/td><td>Yes<\/td><\/tr><tr class=\"hidden expanded\"><td>MEGA Live Compatibility<\/td><td>Yes<\/td><\/tr><tr class=\"hidden expanded\"><td>Humminbird Basemap<\/td><td>Included<\/td><\/tr><tr class=\"hidden expanded\"><td>LakeMaster Compatibility<\/td><td>Yes<\/td><\/tr><tr class=\"hidden expanded\"><td>CoastMaster Compatibility<\/td><td>Yes<\/td><\/tr><tr class=\"hidden expanded\"><td>Navionics Gold\/HotMaps Compatibility<\/td><td>Yes<\/td><\/tr><tr class=\"hidden expanded\"><td>Navionics Platinum+ Compatibility<\/td><td>Yes<\/td><\/tr><tr class=\"hidden expanded\"><td>Platinum Compatibility<\/td><td>Yes<\/td><\/tr><tr class=\"hidden expanded\"><td>Minn Kota Advanced GPS Navigation Compatibility<\/td><td>Yes<\/td><\/tr><tr class=\"hidden expanded\"><td>Minn Kota i-Pilot Link Compatibility<\/td><td>Yes<\/td><\/tr><tr class=\"hidden expanded\"><td>Minn Kota Talon Shallow Water Anchor Compatibility<\/td><td>Yes<\/td><\/tr><tr class=\"hidden expanded\"><td>Radar Compatibility<\/td><td>Yes<\/td><\/tr><tr class=\"hidden expanded\"><td>5-Port Ethernet Switch Compatibility<\/td><td>Yes<\/td><\/tr><tr class=\"hidden expanded\"><td>AIS Compatibility<\/td><td>Not Supported<\/td><\/tr><tr class=\"hidden expanded\"><td>Autopilot Compatibility<\/td><td>No<\/td><\/tr><tr class=\"hidden expanded\"><td>Heading Sensor GPS Compatibility<\/td><td>No<\/td><\/tr><tr class=\"hidden expanded\"><td>Heading Sensor GPS (NMEA 2000) Compatibility<\/td><td>Yes<\/td><\/tr><tr class=\"hidden expanded\"><td>NMEA2000<\/td><td>Included<\/td><\/tr><tr class=\"hidden expanded\"><td>Target Separation<\/td><td>2.5 in<\/td><\/tr><tr class=\"hidden expanded\"><td>Upgradable Software<\/td><td>Yes<\/td><\/tr><tr class=\"hidden expanded\"><td>View Preset Keys<\/td><td>Yes<\/td><\/tr><tr class=\"hidden expanded\"><td>X-Press Menu System<\/td><td>Yes<\/td><\/tr><tr class=\"hidden expanded\"><td>Custom Digital Readout<\/td><td>Yes<\/td><\/tr><tr class=\"hidden expanded\"><td>Custom View Selections<\/td><td>Yes<\/td><\/tr><tr class=\"hidden expanded\"><td>Display Colors Grayscale<\/td><td>24-Bit<\/td><\/tr><tr class=\"hidden expanded\"><td>Display Type<\/td><td>Color TFT<\/td><\/tr><tr class=\"hidden expanded\"><td>Speed<\/td><td>Included<\/td><\/tr><tr class=\"hidden expanded\"><td>Temperature<\/td><td>Built In<\/td><\/tr><tr class=\"hidden expanded\"><td>Temperature Alarm<\/td><td>Yes<\/td><\/tr><tr class=\"hidden expanded\"><td>Temperature Graph<\/td><td>Yes<\/td><\/tr><tr class=\"hidden expanded\"><td>HDMI Compatible<\/td><td>No<\/td><\/tr><tr class=\"hidden expanded\"><td>Warranty<\/td><td>Two-Year Warranty<\/td><\/tr><\/tbody><\/table>\t\t\t\t\t\t\t\t<\/div>\n\t\t\t\t<\/div>\n\t\t\t\t\t<\/div>\n\t\t<\/div>\n\t\t\t\t\t<\/div>\n\t\t<\/section>\n\t\t\t\t<\/div>\n\t\t","protected":false},"excerpt":{"rendered":"<p class=\"p1\"><b>Humminbird XPLORE \u2013 Performan\u021b\u0103 Avansat\u0103 pentru Pescari!<\/b><b><\/b><\/p>\n<p class=\"p1\">Descoperi\u021bi seria <b>XPLORE<\/b>, proiectat\u0103 pentru pescari care caut\u0103 vitez\u0103, precizie \u0219i tehnologie de ultim\u0103 genera\u021bie. Disponibil <b>\u00een stoc<\/b> \u0219i cu <b>livrare rapid\u0103 \u00een toat\u0103 Rom\u00e2nia<\/b>, acest sonar redefine\u0219te pescuitul modern.<\/p>\n<p>Avantaje principale:<\/p>\n<ul class=\"tt-list03\">\n<li>H\u0103r\u021bi LakeMaster\u00ae \u0219i CoastMaster\u00ae incluse: Localiza\u021bi rapid cele mai bune locuri de pescuit.<\/li>\n<li>Gestionare avansat\u0103 a punctelor de interes: Sincroniza\u021bi p\u00e2n\u0103 la 10.000 de loca\u021bii cu culori \u0219i pictograme personalizate direct pe telefon.<\/li>\n<li>Compatibilitate MEGA Live 2: Ob\u021bine\u021bi imagini clare \u0219i detaliate \u00een timp real cu sonarul forward-facing.<\/li>\n<li>Integrare One Boat Network\u2122: Controla\u021bi dispozitivele Minn Kota direct de pe ecran, inclusiv naviga\u021bia GPS avansat\u0103 \u0219i ancorele pentru ap\u0103 mic\u0103.<\/li>\n<li>Interfa\u021b\u0103 intuitiv\u0103: Ideal pentru orice pescar, indiferent de nivelul de experien\u021b\u0103.<\/li>\n<\/ul>\n<p>Profita\u021bi de cele mai bune pre\u021buri la Humminbird XPLORE \u0219i aduce\u021bi tehnologia viitorului \u00een aventurile voastre pe ap\u0103! Comanda\u021bi acum!<\/p>\n","protected":false},"featured_media":38771,"comment_status":"open","ping_status":"closed","template":"","meta":{"_acf_changed":false,"inline_featured_image":false},"product_brand":[],"product_cat":[89],"product_tag":[],"class_list":{"0":"post-38959","1":"product","2":"type-product","3":"status-publish","4":"has-post-thumbnail","6":"product_cat-humminbird-ro","7":"tt-post","9":"first","10":"instock","11":"shipping-taxable","12":"purchasable","13":"product-type-simple"},"acf":[],"yoast_head":"<!-- This site is optimized with the Yoast SEO plugin v27.4 - https:\/\/yoast.com\/product\/yoast-seo-wordpress\/ -->\n<title>Humminbird XPLORE \u2013 Performan\u021b\u0103 Avansat\u0103 pentru Pescari!<\/title>\n<meta name=\"description\" content=\"sonare de ultim\u0103 genera\u021bie XPLORE pentru pescari, cu vitez\u0103 \u0219i precizie excep\u021bionale, disponibile la cel mai bun pre\u021b \u0219i cu livrare rapid\u0103 \u00een toat\u0103 Rom\u00e2nia!\" \/>\n<meta name=\"robots\" content=\"index, follow, max-snippet:-1, max-image-preview:large, max-video-preview:-1\" \/>\n<link rel=\"canonical\" href=\"https:\/\/boat-demo.axiomprotocol.org\/ro\/produs\/sonar-humminbird-xplore-12-cmsi-fara-traductor\/\" \/>\n<meta property=\"og:locale\" content=\"ro_RO\" \/>\n<meta property=\"og:type\" content=\"article\" \/>\n<meta property=\"og:title\" content=\"Humminbird XPLORE \u2013 Performan\u021b\u0103 Avansat\u0103 pentru Pescari!\" \/>\n<meta property=\"og:description\" content=\"sonare de ultim\u0103 genera\u021bie XPLORE pentru pescari, cu vitez\u0103 \u0219i precizie excep\u021bionale, disponibile la cel mai bun pre\u021b \u0219i cu livrare rapid\u0103 \u00een toat\u0103 Rom\u00e2nia!\" \/>\n<meta property=\"og:url\" content=\"https:\/\/boat-demo.axiomprotocol.org\/ro\/produs\/sonar-humminbird-xplore-12-cmsi-fara-traductor\/\" \/>\n<meta property=\"og:site_name\" content=\"BoatsExpert\" \/>\n<meta property=\"article:modified_time\" content=\"2025-01-25T17:53:26+00:00\" \/>\n<meta property=\"og:image\" content=\"https:\/\/boat-demo.axiomprotocol.org\/wp-content\/uploads\/2024\/12\/HUMMINBIRD-XPLORE-12IN_1.jpg\" \/>\n\t<meta property=\"og:image:width\" content=\"555\" \/>\n\t<meta property=\"og:image:height\" content=\"478\" \/>\n\t<meta property=\"og:image:type\" content=\"image\/jpeg\" \/>\n<meta name=\"twitter:card\" content=\"summary_large_image\" \/>\n<meta name=\"twitter:label1\" content=\"Timp estimat pentru citire\" \/>\n\t<meta name=\"twitter:data1\" content=\"3 minute\" \/>\n<script type=\"application\/ld+json\" class=\"yoast-schema-graph\">{\"@context\":\"https:\\\/\\\/schema.org\",\"@graph\":[{\"@type\":\"WebPage\",\"@id\":\"https:\\\/\\\/boat-demo.axiomprotocol.org\\\/ro\\\/produs\\\/sonar-humminbird-xplore-12-cmsi-fara-traductor\\\/\",\"url\":\"https:\\\/\\\/boat-demo.axiomprotocol.org\\\/ro\\\/produs\\\/sonar-humminbird-xplore-12-cmsi-fara-traductor\\\/\",\"name\":\"Humminbird XPLORE \u2013 Performan\u021b\u0103 Avansat\u0103 pentru Pescari!\",\"isPartOf\":{\"@id\":\"https:\\\/\\\/boat-demo.axiomprotocol.org\\\/ro\\\/#website\"},\"primaryImageOfPage\":{\"@id\":\"https:\\\/\\\/boat-demo.axiomprotocol.org\\\/ro\\\/produs\\\/sonar-humminbird-xplore-12-cmsi-fara-traductor\\\/#primaryimage\"},\"image\":{\"@id\":\"https:\\\/\\\/boat-demo.axiomprotocol.org\\\/ro\\\/produs\\\/sonar-humminbird-xplore-12-cmsi-fara-traductor\\\/#primaryimage\"},\"thumbnailUrl\":\"https:\\\/\\\/boat-demo.axiomprotocol.org\\\/wp-content\\\/uploads\\\/2024\\\/12\\\/HUMMINBIRD-XPLORE-12IN_1.jpg\",\"datePublished\":\"2025-01-25T17:50:26+00:00\",\"dateModified\":\"2025-01-25T17:53:26+00:00\",\"description\":\"sonare de ultim\u0103 genera\u021bie XPLORE pentru pescari, cu vitez\u0103 \u0219i precizie excep\u021bionale, disponibile la cel mai bun pre\u021b \u0219i cu livrare rapid\u0103 \u00een toat\u0103 Rom\u00e2nia!\",\"breadcrumb\":{\"@id\":\"https:\\\/\\\/boat-demo.axiomprotocol.org\\\/ro\\\/produs\\\/sonar-humminbird-xplore-12-cmsi-fara-traductor\\\/#breadcrumb\"},\"inLanguage\":\"ro-RO\",\"potentialAction\":[{\"@type\":\"ReadAction\",\"target\":[\"https:\\\/\\\/boat-demo.axiomprotocol.org\\\/ro\\\/produs\\\/sonar-humminbird-xplore-12-cmsi-fara-traductor\\\/\"]}]},{\"@type\":\"ImageObject\",\"inLanguage\":\"ro-RO\",\"@id\":\"https:\\\/\\\/boat-demo.axiomprotocol.org\\\/ro\\\/produs\\\/sonar-humminbird-xplore-12-cmsi-fara-traductor\\\/#primaryimage\",\"url\":\"https:\\\/\\\/boat-demo.axiomprotocol.org\\\/wp-content\\\/uploads\\\/2024\\\/12\\\/HUMMINBIRD-XPLORE-12IN_1.jpg\",\"contentUrl\":\"https:\\\/\\\/boat-demo.axiomprotocol.org\\\/wp-content\\\/uploads\\\/2024\\\/12\\\/HUMMINBIRD-XPLORE-12IN_1.jpg\",\"width\":555,\"height\":478,\"caption\":\"HUMMINBIRD XPLORE 12\"},{\"@type\":\"BreadcrumbList\",\"@id\":\"https:\\\/\\\/boat-demo.axiomprotocol.org\\\/ro\\\/produs\\\/sonar-humminbird-xplore-12-cmsi-fara-traductor\\\/#breadcrumb\",\"itemListElement\":[{\"@type\":\"ListItem\",\"position\":1,\"name\":\"Home\",\"item\":\"https:\\\/\\\/boat-demo.axiomprotocol.org\\\/\"},{\"@type\":\"ListItem\",\"position\":2,\"name\":\"Shop Online &#8211; cel mai bun magazin pentru echipamente pentru b\u0103rci\",\"item\":\"https:\\\/\\\/boat-demo.axiomprotocol.org\\\/ro\\\/shop-ro\\\/\"},{\"@type\":\"ListItem\",\"position\":3,\"name\":\"Sonar HUMMINBIRD XPLORE 12 CMSI+ f\u0103r\u0103 traductor\"}]},{\"@type\":\"WebSite\",\"@id\":\"https:\\\/\\\/boat-demo.axiomprotocol.org\\\/ro\\\/#website\",\"url\":\"https:\\\/\\\/boat-demo.axiomprotocol.org\\\/ro\\\/\",\"name\":\"BoatsExpert\",\"description\":\"Boats, Service, Equipment\",\"publisher\":{\"@id\":\"https:\\\/\\\/boat-demo.axiomprotocol.org\\\/ro\\\/#organization\"},\"potentialAction\":[{\"@type\":\"SearchAction\",\"target\":{\"@type\":\"EntryPoint\",\"urlTemplate\":\"https:\\\/\\\/boat-demo.axiomprotocol.org\\\/ro\\\/?s={search_term_string}\"},\"query-input\":{\"@type\":\"PropertyValueSpecification\",\"valueRequired\":true,\"valueName\":\"search_term_string\"}}],\"inLanguage\":\"ro-RO\"},{\"@type\":\"Organization\",\"@id\":\"https:\\\/\\\/boat-demo.axiomprotocol.org\\\/ro\\\/#organization\",\"name\":\"BoatsExpert\",\"url\":\"https:\\\/\\\/boat-demo.axiomprotocol.org\\\/ro\\\/\",\"logo\":{\"@type\":\"ImageObject\",\"inLanguage\":\"ro-RO\",\"@id\":\"https:\\\/\\\/boat-demo.axiomprotocol.org\\\/ro\\\/#\\\/schema\\\/logo\\\/image\\\/\",\"url\":\"https:\\\/\\\/boat-demo.axiomprotocol.org\\\/wp-content\\\/uploads\\\/2023\\\/05\\\/white-logo60.svg\",\"contentUrl\":\"https:\\\/\\\/boat-demo.axiomprotocol.org\\\/wp-content\\\/uploads\\\/2023\\\/05\\\/white-logo60.svg\",\"width\":90,\"height\":60,\"caption\":\"BoatsExpert\"},\"image\":{\"@id\":\"https:\\\/\\\/boat-demo.axiomprotocol.org\\\/ro\\\/#\\\/schema\\\/logo\\\/image\\\/\"}}]}<\/script>\n<!-- \/ Yoast SEO plugin. -->","yoast_head_json":{"title":"Humminbird XPLORE \u2013 Performan\u021b\u0103 Avansat\u0103 pentru Pescari!","description":"sonare de ultim\u0103 genera\u021bie XPLORE pentru pescari, cu vitez\u0103 \u0219i precizie excep\u021bionale, disponibile la cel mai bun pre\u021b \u0219i cu livrare rapid\u0103 \u00een toat\u0103 Rom\u00e2nia!","robots":{"index":"index","follow":"follow","max-snippet":"max-snippet:-1","max-image-preview":"max-image-preview:large","max-video-preview":"max-video-preview:-1"},"canonical":"https:\/\/boat-demo.axiomprotocol.org\/ro\/produs\/sonar-humminbird-xplore-12-cmsi-fara-traductor\/","og_locale":"ro_RO","og_type":"article","og_title":"Humminbird XPLORE \u2013 Performan\u021b\u0103 Avansat\u0103 pentru Pescari!","og_description":"sonare de ultim\u0103 genera\u021bie XPLORE pentru pescari, cu vitez\u0103 \u0219i precizie excep\u021bionale, disponibile la cel mai bun pre\u021b \u0219i cu livrare rapid\u0103 \u00een toat\u0103 Rom\u00e2nia!","og_url":"https:\/\/boat-demo.axiomprotocol.org\/ro\/produs\/sonar-humminbird-xplore-12-cmsi-fara-traductor\/","og_site_name":"BoatsExpert","article_modified_time":"2025-01-25T17:53:26+00:00","og_image":[{"width":555,"height":478,"url":"https:\/\/boat-demo.axiomprotocol.org\/wp-content\/uploads\/2024\/12\/HUMMINBIRD-XPLORE-12IN_1.jpg","type":"image\/jpeg"}],"twitter_card":"summary_large_image","twitter_misc":{"Timp estimat pentru citire":"3 minute"},"schema":{"@context":"https:\/\/schema.org","@graph":[{"@type":"WebPage","@id":"https:\/\/boat-demo.axiomprotocol.org\/ro\/produs\/sonar-humminbird-xplore-12-cmsi-fara-traductor\/","url":"https:\/\/boat-demo.axiomprotocol.org\/ro\/produs\/sonar-humminbird-xplore-12-cmsi-fara-traductor\/","name":"Humminbird XPLORE \u2013 Performan\u021b\u0103 Avansat\u0103 pentru Pescari!","isPartOf":{"@id":"https:\/\/boat-demo.axiomprotocol.org\/ro\/#website"},"primaryImageOfPage":{"@id":"https:\/\/boat-demo.axiomprotocol.org\/ro\/produs\/sonar-humminbird-xplore-12-cmsi-fara-traductor\/#primaryimage"},"image":{"@id":"https:\/\/boat-demo.axiomprotocol.org\/ro\/produs\/sonar-humminbird-xplore-12-cmsi-fara-traductor\/#primaryimage"},"thumbnailUrl":"https:\/\/boat-demo.axiomprotocol.org\/wp-content\/uploads\/2024\/12\/HUMMINBIRD-XPLORE-12IN_1.jpg","datePublished":"2025-01-25T17:50:26+00:00","dateModified":"2025-01-25T17:53:26+00:00","description":"sonare de ultim\u0103 genera\u021bie XPLORE pentru pescari, cu vitez\u0103 \u0219i precizie excep\u021bionale, disponibile la cel mai bun pre\u021b \u0219i cu livrare rapid\u0103 \u00een toat\u0103 Rom\u00e2nia!","breadcrumb":{"@id":"https:\/\/boat-demo.axiomprotocol.org\/ro\/produs\/sonar-humminbird-xplore-12-cmsi-fara-traductor\/#breadcrumb"},"inLanguage":"ro-RO","potentialAction":[{"@type":"ReadAction","target":["https:\/\/boat-demo.axiomprotocol.org\/ro\/produs\/sonar-humminbird-xplore-12-cmsi-fara-traductor\/"]}]},{"@type":"ImageObject","inLanguage":"ro-RO","@id":"https:\/\/boat-demo.axiomprotocol.org\/ro\/produs\/sonar-humminbird-xplore-12-cmsi-fara-traductor\/#primaryimage","url":"https:\/\/boat-demo.axiomprotocol.org\/wp-content\/uploads\/2024\/12\/HUMMINBIRD-XPLORE-12IN_1.jpg","contentUrl":"https:\/\/boat-demo.axiomprotocol.org\/wp-content\/uploads\/2024\/12\/HUMMINBIRD-XPLORE-12IN_1.jpg","width":555,"height":478,"caption":"HUMMINBIRD XPLORE 12"},{"@type":"BreadcrumbList","@id":"https:\/\/boat-demo.axiomprotocol.org\/ro\/produs\/sonar-humminbird-xplore-12-cmsi-fara-traductor\/#breadcrumb","itemListElement":[{"@type":"ListItem","position":1,"name":"Home","item":"https:\/\/boat-demo.axiomprotocol.org\/"},{"@type":"ListItem","position":2,"name":"Shop Online &#8211; cel mai bun magazin pentru echipamente pentru b\u0103rci","item":"https:\/\/boat-demo.axiomprotocol.org\/ro\/shop-ro\/"},{"@type":"ListItem","position":3,"name":"Sonar HUMMINBIRD XPLORE 12 CMSI+ f\u0103r\u0103 traductor"}]},{"@type":"WebSite","@id":"https:\/\/boat-demo.axiomprotocol.org\/ro\/#website","url":"https:\/\/boat-demo.axiomprotocol.org\/ro\/","name":"BoatsExpert","description":"Boats, Service, Equipment","publisher":{"@id":"https:\/\/boat-demo.axiomprotocol.org\/ro\/#organization"},"potentialAction":[{"@type":"SearchAction","target":{"@type":"EntryPoint","urlTemplate":"https:\/\/boat-demo.axiomprotocol.org\/ro\/?s={search_term_string}"},"query-input":{"@type":"PropertyValueSpecification","valueRequired":true,"valueName":"search_term_string"}}],"inLanguage":"ro-RO"},{"@type":"Organization","@id":"https:\/\/boat-demo.axiomprotocol.org\/ro\/#organization","name":"BoatsExpert","url":"https:\/\/boat-demo.axiomprotocol.org\/ro\/","logo":{"@type":"ImageObject","inLanguage":"ro-RO","@id":"https:\/\/boat-demo.axiomprotocol.org\/ro\/#\/schema\/logo\/image\/","url":"https:\/\/boat-demo.axiomprotocol.org\/wp-content\/uploads\/2023\/05\/white-logo60.svg","contentUrl":"https:\/\/boat-demo.axiomprotocol.org\/wp-content\/uploads\/2023\/05\/white-logo60.svg","width":90,"height":60,"caption":"BoatsExpert"},"image":{"@id":"https:\/\/boat-demo.axiomprotocol.org\/ro\/#\/schema\/logo\/image\/"}}]}},"_links":{"self":[{"href":"https:\/\/boat-demo.axiomprotocol.org\/ro\/wp-json\/wp\/v2\/product\/38959","targetHints":{"allow":["GET"]}}],"collection":[{"href":"https:\/\/boat-demo.axiomprotocol.org\/ro\/wp-json\/wp\/v2\/product"}],"about":[{"href":"https:\/\/boat-demo.axiomprotocol.org\/ro\/wp-json\/wp\/v2\/types\/product"}],"replies":[{"embeddable":true,"href":"https:\/\/boat-demo.axiomprotocol.org\/ro\/wp-json\/wp\/v2\/comments?post=38959"}],"version-history":[{"count":4,"href":"https:\/\/boat-demo.axiomprotocol.org\/ro\/wp-json\/wp\/v2\/product\/38959\/revisions"}],"predecessor-version":[{"id":38967,"href":"https:\/\/boat-demo.axiomprotocol.org\/ro\/wp-json\/wp\/v2\/product\/38959\/revisions\/38967"}],"wp:featuredmedia":[{"embeddable":true,"href":"https:\/\/boat-demo.axiomprotocol.org\/ro\/wp-json\/wp\/v2\/media\/38771"}],"wp:attachment":[{"href":"https:\/\/boat-demo.axiomprotocol.org\/ro\/wp-json\/wp\/v2\/media?parent=38959"}],"wp:term":[{"taxonomy":"product_brand","embeddable":true,"href":"https:\/\/boat-demo.axiomprotocol.org\/ro\/wp-json\/wp\/v2\/product_brand?post=38959"},{"taxonomy":"product_cat","embeddable":true,"href":"https:\/\/boat-demo.axiomprotocol.org\/ro\/wp-json\/wp\/v2\/product_cat?post=38959"},{"taxonomy":"product_tag","embeddable":true,"href":"https:\/\/boat-demo.axiomprotocol.org\/ro\/wp-json\/wp\/v2\/product_tag?post=38959"}],"curies":[{"name":"wp","href":"https:\/\/api.w.org\/{rel}","templated":true}]}}