{"id":38571,"date":"2024-11-20T17:58:56","date_gmt":"2024-11-20T14:58:56","guid":{"rendered":"https:\/\/boat-demo.axiomprotocol.org\/?post_type=product&#038;p=38571"},"modified":"2024-11-20T18:20:43","modified_gmt":"2024-11-20T15:20:43","slug":"garmin-gms-10-network-port-expander","status":"publish","type":"product","link":"https:\/\/boat-demo.axiomprotocol.org\/ro\/produs\/garmin-gms-10-network-port-expander\/","title":{"rendered":"GARMIN GMS\u2122 10 Network Port Expander"},"content":{"rendered":"\t\t<div data-elementor-type=\"wp-post\" data-elementor-id=\"38571\" class=\"elementor elementor-38571 elementor-38570\">\n\t\t\t\t\t\t<section class=\"elementor-section elementor-top-section elementor-element elementor-element-abdbe76 elementor-section-boxed elementor-section-height-default elementor-section-height-default\" data-id=\"abdbe76\" data-element_type=\"section\" data-e-type=\"section\">\n\t\t\t\t\t\t<div class=\"elementor-container elementor-column-gap-default\">\n\t\t\t\t\t<div class=\"elementor-column elementor-col-100 elementor-top-column elementor-element elementor-element-34c733b\" data-id=\"34c733b\" data-element_type=\"column\" data-e-type=\"column\">\n\t\t\t<div class=\"elementor-widget-wrap elementor-element-populated\">\n\t\t\t\t\t\t<div class=\"elementor-element elementor-element-3957254 elementor-widget elementor-widget-heading\" data-id=\"3957254\" data-element_type=\"widget\" data-e-type=\"widget\" data-widget_type=\"heading.default\">\n\t\t\t\t<div class=\"elementor-widget-container\">\n\t\t\t\t\t<h6 class=\"elementor-heading-title elementor-size-large\">SUMAR<\/h6>\t\t\t\t<\/div>\n\t\t\t\t<\/div>\n\t\t\t\t<div class=\"elementor-element elementor-element-33885a7 elementor-widget elementor-widget-text-editor\" data-id=\"33885a7\" data-element_type=\"widget\" data-e-type=\"widget\" data-widget_type=\"text-editor.default\">\n\t\t\t\t<div class=\"elementor-widget-container\">\n\t\t\t\t\t\t\t\t\t<p><strong>Just Plug-and-Play<\/strong><\/p><p>The GMS 10 and the Garmin Marine Network are completely plug-and-play, which means all peripherals are automatically detected and readily accessible once they\u2019re connected to the network. Likewise, you easily can expand your system using the same standard data cable to plug additional units and displays into the GMS 10 network ports.<\/p><p><strong>Seal Your Connections<\/strong><\/p><p>The rugged GMS 10 is specifically designed to withstand the corrosive marine environment. All connections are totally water resistant, and sealed covers keep harmful moisture away from unused data ports.<\/p>\t\t\t\t\t\t\t\t<\/div>\n\t\t\t\t<\/div>\n\t\t\t\t\t<\/div>\n\t\t<\/div>\n\t\t\t\t\t<\/div>\n\t\t<\/section>\n\t\t\t\t<section class=\"elementor-section elementor-top-section elementor-element elementor-element-7f96afb elementor-section-boxed elementor-section-height-default elementor-section-height-default\" data-id=\"7f96afb\" data-element_type=\"section\" data-e-type=\"section\">\n\t\t\t\t\t\t<div class=\"elementor-container elementor-column-gap-default\">\n\t\t\t\t\t<div class=\"elementor-column elementor-col-100 elementor-top-column elementor-element elementor-element-cce17b4\" data-id=\"cce17b4\" data-element_type=\"column\" data-e-type=\"column\">\n\t\t\t<div class=\"elementor-widget-wrap elementor-element-populated\">\n\t\t\t\t\t\t<div class=\"elementor-element elementor-element-a0767e2 elementor-widget elementor-widget-heading\" data-id=\"a0767e2\" data-element_type=\"widget\" data-e-type=\"widget\" data-widget_type=\"heading.default\">\n\t\t\t\t<div class=\"elementor-widget-container\">\n\t\t\t\t\t<h6 class=\"elementor-heading-title elementor-size-large\">\u00ceN CUTIE<\/h6>\t\t\t\t<\/div>\n\t\t\t\t<\/div>\n\t\t\t\t<div class=\"elementor-element elementor-element-fda37f2 elementor-widget elementor-widget-text-editor\" data-id=\"fda37f2\" data-element_type=\"widget\" data-e-type=\"widget\" data-widget_type=\"text-editor.default\">\n\t\t\t\t<div class=\"elementor-widget-container\">\n\t\t\t\t\t\t\t\t\t<ul class=\"tt-list03\">\n \t<li>GMS 10<\/li>\n \t<li>Mounting hardware<\/li>\n \t<li>RJ-45 cable<\/li>\n \t<li>Power\/data cable<\/li>\n<\/ul>\t\t\t\t\t\t\t\t<\/div>\n\t\t\t\t<\/div>\n\t\t\t\t\t<\/div>\n\t\t<\/div>\n\t\t\t\t\t<\/div>\n\t\t<\/section>\n\t\t\t\t<\/div>\n\t\t","protected":false},"excerpt":{"rendered":"<p>&nbsp;<\/p>\n<p>Expansorul de porturi re\u021bea GMS 10 permite conectivitate f\u0103r\u0103 \u00eentreruperi pentru mai multe chartplottere \u0219i senzori prin re\u021beaua Garmin Marine. Acest comutator puternic de 100 MB sus\u021bine integrarea mai multor display-uri multifunc\u021bionale (MFD) \u0219i senzori, oferind viteze de transfer de date asem\u0103n\u0103toare cu cele Ethernet, de p\u00e2n\u0103 la 10 ori mai rapide dec\u00e2t multe sisteme concurente.<\/p>\n","protected":false},"featured_media":38573,"comment_status":"open","ping_status":"closed","template":"","meta":{"_acf_changed":false,"inline_featured_image":false},"product_brand":[],"product_cat":[427],"product_tag":[],"class_list":{"0":"post-38571","1":"product","2":"type-product","3":"status-publish","4":"has-post-thumbnail","6":"product_cat-echipament-navigatie","7":"tt-post","9":"first","10":"instock","11":"shipping-taxable","12":"product-type-simple"},"acf":[],"yoast_head":"<!-- This site is optimized with the Yoast SEO plugin v27.4 - https:\/\/yoast.com\/product\/yoast-seo-wordpress\/ -->\n<title>GARMIN GMS\u2122 10 Network Port Expander - BoatsExpert<\/title>\n<meta name=\"description\" content=\"GARMIN GMS 10 Network Port Expander de la Boats Expert. Conecta\u021bi mai multe dispozitive cu transfer rapid de date \u0219i livrare \u00een toat\u0103 Europa.\" \/>\n<meta name=\"robots\" content=\"index, follow, max-snippet:-1, max-image-preview:large, max-video-preview:-1\" \/>\n<link rel=\"canonical\" href=\"https:\/\/boat-demo.axiomprotocol.org\/product\/garmin-gms-10-network-port-expander\/\" \/>\n<meta property=\"og:locale\" content=\"ro_RO\" \/>\n<meta property=\"og:type\" content=\"article\" \/>\n<meta property=\"og:title\" content=\"GARMIN GMS\u2122 10 Network Port Expander - BoatsExpert\" \/>\n<meta property=\"og:description\" content=\"GARMIN GMS 10 Network Port Expander de la Boats Expert. Conecta\u021bi mai multe dispozitive cu transfer rapid de date \u0219i livrare \u00een toat\u0103 Europa.\" \/>\n<meta property=\"og:url\" content=\"https:\/\/boat-demo.axiomprotocol.org\/product\/garmin-gms-10-network-port-expander\/\" \/>\n<meta property=\"og:site_name\" content=\"BoatsExpert\" \/>\n<meta property=\"article:modified_time\" content=\"2024-11-20T15:20:43+00:00\" \/>\n<meta property=\"og:image\" content=\"https:\/\/boat-demo.axiomprotocol.org\/wp-content\/uploads\/2024\/11\/GMS\u2122-10-Network-Port-Expander.jpg\" \/>\n\t<meta property=\"og:image:width\" content=\"555\" \/>\n\t<meta property=\"og:image:height\" content=\"478\" \/>\n\t<meta property=\"og:image:type\" content=\"image\/jpeg\" \/>\n<meta name=\"twitter:card\" content=\"summary_large_image\" \/>\n<script type=\"application\/ld+json\" class=\"yoast-schema-graph\">{\"@context\":\"https:\\\/\\\/schema.org\",\"@graph\":[{\"@type\":\"WebPage\",\"@id\":\"https:\\\/\\\/boat-demo.axiomprotocol.org\\\/product\\\/garmin-gms-10-network-port-expander\\\/\",\"url\":\"https:\\\/\\\/boat-demo.axiomprotocol.org\\\/product\\\/garmin-gms-10-network-port-expander\\\/\",\"name\":\"GARMIN GMS\u2122 10 Network Port Expander - BoatsExpert\",\"isPartOf\":{\"@id\":\"https:\\\/\\\/boat-demo.axiomprotocol.org\\\/ro\\\/#website\"},\"primaryImageOfPage\":{\"@id\":\"https:\\\/\\\/boat-demo.axiomprotocol.org\\\/product\\\/garmin-gms-10-network-port-expander\\\/#primaryimage\"},\"image\":{\"@id\":\"https:\\\/\\\/boat-demo.axiomprotocol.org\\\/product\\\/garmin-gms-10-network-port-expander\\\/#primaryimage\"},\"thumbnailUrl\":\"https:\\\/\\\/boat-demo.axiomprotocol.org\\\/wp-content\\\/uploads\\\/2024\\\/11\\\/GMS\u2122-10-Network-Port-Expander.jpg\",\"datePublished\":\"2024-11-20T14:58:56+00:00\",\"dateModified\":\"2024-11-20T15:20:43+00:00\",\"description\":\"GARMIN GMS 10 Network Port Expander de la Boats Expert. Conecta\u021bi mai multe dispozitive cu transfer rapid de date \u0219i livrare \u00een toat\u0103 Europa.\",\"breadcrumb\":{\"@id\":\"https:\\\/\\\/boat-demo.axiomprotocol.org\\\/product\\\/garmin-gms-10-network-port-expander\\\/#breadcrumb\"},\"inLanguage\":\"ro-RO\",\"potentialAction\":[{\"@type\":\"ReadAction\",\"target\":[\"https:\\\/\\\/boat-demo.axiomprotocol.org\\\/product\\\/garmin-gms-10-network-port-expander\\\/\"]}]},{\"@type\":\"ImageObject\",\"inLanguage\":\"ro-RO\",\"@id\":\"https:\\\/\\\/boat-demo.axiomprotocol.org\\\/product\\\/garmin-gms-10-network-port-expander\\\/#primaryimage\",\"url\":\"https:\\\/\\\/boat-demo.axiomprotocol.org\\\/wp-content\\\/uploads\\\/2024\\\/11\\\/GMS\u2122-10-Network-Port-Expander.jpg\",\"contentUrl\":\"https:\\\/\\\/boat-demo.axiomprotocol.org\\\/wp-content\\\/uploads\\\/2024\\\/11\\\/GMS\u2122-10-Network-Port-Expander.jpg\",\"width\":555,\"height\":478,\"caption\":\"GARMIN GMS 10 Network Port Expander\"},{\"@type\":\"BreadcrumbList\",\"@id\":\"https:\\\/\\\/boat-demo.axiomprotocol.org\\\/product\\\/garmin-gms-10-network-port-expander\\\/#breadcrumb\",\"itemListElement\":[{\"@type\":\"ListItem\",\"position\":1,\"name\":\"Home\",\"item\":\"https:\\\/\\\/boat-demo.axiomprotocol.org\\\/\"},{\"@type\":\"ListItem\",\"position\":2,\"name\":\"Shop Online &#8211; cel mai bun magazin pentru echipamente pentru b\u0103rci\",\"item\":\"https:\\\/\\\/boat-demo.axiomprotocol.org\\\/ro\\\/shop-ro\\\/\"},{\"@type\":\"ListItem\",\"position\":3,\"name\":\"GARMIN GMS\u2122 10 Network Port Expander\"}]},{\"@type\":\"WebSite\",\"@id\":\"https:\\\/\\\/boat-demo.axiomprotocol.org\\\/ro\\\/#website\",\"url\":\"https:\\\/\\\/boat-demo.axiomprotocol.org\\\/ro\\\/\",\"name\":\"BoatsExpert\",\"description\":\"Boats, Service, Equipment\",\"publisher\":{\"@id\":\"https:\\\/\\\/boat-demo.axiomprotocol.org\\\/ro\\\/#organization\"},\"potentialAction\":[{\"@type\":\"SearchAction\",\"target\":{\"@type\":\"EntryPoint\",\"urlTemplate\":\"https:\\\/\\\/boat-demo.axiomprotocol.org\\\/ro\\\/?s={search_term_string}\"},\"query-input\":{\"@type\":\"PropertyValueSpecification\",\"valueRequired\":true,\"valueName\":\"search_term_string\"}}],\"inLanguage\":\"ro-RO\"},{\"@type\":\"Organization\",\"@id\":\"https:\\\/\\\/boat-demo.axiomprotocol.org\\\/ro\\\/#organization\",\"name\":\"BoatsExpert\",\"url\":\"https:\\\/\\\/boat-demo.axiomprotocol.org\\\/ro\\\/\",\"logo\":{\"@type\":\"ImageObject\",\"inLanguage\":\"ro-RO\",\"@id\":\"https:\\\/\\\/boat-demo.axiomprotocol.org\\\/ro\\\/#\\\/schema\\\/logo\\\/image\\\/\",\"url\":\"https:\\\/\\\/boat-demo.axiomprotocol.org\\\/wp-content\\\/uploads\\\/2023\\\/05\\\/white-logo60.svg\",\"contentUrl\":\"https:\\\/\\\/boat-demo.axiomprotocol.org\\\/wp-content\\\/uploads\\\/2023\\\/05\\\/white-logo60.svg\",\"width\":90,\"height\":60,\"caption\":\"BoatsExpert\"},\"image\":{\"@id\":\"https:\\\/\\\/boat-demo.axiomprotocol.org\\\/ro\\\/#\\\/schema\\\/logo\\\/image\\\/\"}}]}<\/script>\n<!-- \/ Yoast SEO plugin. -->","yoast_head_json":{"title":"GARMIN GMS\u2122 10 Network Port Expander - BoatsExpert","description":"GARMIN GMS 10 Network Port Expander de la Boats Expert. Conecta\u021bi mai multe dispozitive cu transfer rapid de date \u0219i livrare \u00een toat\u0103 Europa.","robots":{"index":"index","follow":"follow","max-snippet":"max-snippet:-1","max-image-preview":"max-image-preview:large","max-video-preview":"max-video-preview:-1"},"canonical":"https:\/\/boat-demo.axiomprotocol.org\/product\/garmin-gms-10-network-port-expander\/","og_locale":"ro_RO","og_type":"article","og_title":"GARMIN GMS\u2122 10 Network Port Expander - BoatsExpert","og_description":"GARMIN GMS 10 Network Port Expander de la Boats Expert. Conecta\u021bi mai multe dispozitive cu transfer rapid de date \u0219i livrare \u00een toat\u0103 Europa.","og_url":"https:\/\/boat-demo.axiomprotocol.org\/product\/garmin-gms-10-network-port-expander\/","og_site_name":"BoatsExpert","article_modified_time":"2024-11-20T15:20:43+00:00","og_image":[{"width":555,"height":478,"url":"https:\/\/boat-demo.axiomprotocol.org\/wp-content\/uploads\/2024\/11\/GMS\u2122-10-Network-Port-Expander.jpg","type":"image\/jpeg"}],"twitter_card":"summary_large_image","schema":{"@context":"https:\/\/schema.org","@graph":[{"@type":"WebPage","@id":"https:\/\/boat-demo.axiomprotocol.org\/product\/garmin-gms-10-network-port-expander\/","url":"https:\/\/boat-demo.axiomprotocol.org\/product\/garmin-gms-10-network-port-expander\/","name":"GARMIN GMS\u2122 10 Network Port Expander - BoatsExpert","isPartOf":{"@id":"https:\/\/boat-demo.axiomprotocol.org\/ro\/#website"},"primaryImageOfPage":{"@id":"https:\/\/boat-demo.axiomprotocol.org\/product\/garmin-gms-10-network-port-expander\/#primaryimage"},"image":{"@id":"https:\/\/boat-demo.axiomprotocol.org\/product\/garmin-gms-10-network-port-expander\/#primaryimage"},"thumbnailUrl":"https:\/\/boat-demo.axiomprotocol.org\/wp-content\/uploads\/2024\/11\/GMS\u2122-10-Network-Port-Expander.jpg","datePublished":"2024-11-20T14:58:56+00:00","dateModified":"2024-11-20T15:20:43+00:00","description":"GARMIN GMS 10 Network Port Expander de la Boats Expert. Conecta\u021bi mai multe dispozitive cu transfer rapid de date \u0219i livrare \u00een toat\u0103 Europa.","breadcrumb":{"@id":"https:\/\/boat-demo.axiomprotocol.org\/product\/garmin-gms-10-network-port-expander\/#breadcrumb"},"inLanguage":"ro-RO","potentialAction":[{"@type":"ReadAction","target":["https:\/\/boat-demo.axiomprotocol.org\/product\/garmin-gms-10-network-port-expander\/"]}]},{"@type":"ImageObject","inLanguage":"ro-RO","@id":"https:\/\/boat-demo.axiomprotocol.org\/product\/garmin-gms-10-network-port-expander\/#primaryimage","url":"https:\/\/boat-demo.axiomprotocol.org\/wp-content\/uploads\/2024\/11\/GMS\u2122-10-Network-Port-Expander.jpg","contentUrl":"https:\/\/boat-demo.axiomprotocol.org\/wp-content\/uploads\/2024\/11\/GMS\u2122-10-Network-Port-Expander.jpg","width":555,"height":478,"caption":"GARMIN GMS 10 Network Port Expander"},{"@type":"BreadcrumbList","@id":"https:\/\/boat-demo.axiomprotocol.org\/product\/garmin-gms-10-network-port-expander\/#breadcrumb","itemListElement":[{"@type":"ListItem","position":1,"name":"Home","item":"https:\/\/boat-demo.axiomprotocol.org\/"},{"@type":"ListItem","position":2,"name":"Shop Online &#8211; cel mai bun magazin pentru echipamente pentru b\u0103rci","item":"https:\/\/boat-demo.axiomprotocol.org\/ro\/shop-ro\/"},{"@type":"ListItem","position":3,"name":"GARMIN GMS\u2122 10 Network Port Expander"}]},{"@type":"WebSite","@id":"https:\/\/boat-demo.axiomprotocol.org\/ro\/#website","url":"https:\/\/boat-demo.axiomprotocol.org\/ro\/","name":"BoatsExpert","description":"Boats, Service, Equipment","publisher":{"@id":"https:\/\/boat-demo.axiomprotocol.org\/ro\/#organization"},"potentialAction":[{"@type":"SearchAction","target":{"@type":"EntryPoint","urlTemplate":"https:\/\/boat-demo.axiomprotocol.org\/ro\/?s={search_term_string}"},"query-input":{"@type":"PropertyValueSpecification","valueRequired":true,"valueName":"search_term_string"}}],"inLanguage":"ro-RO"},{"@type":"Organization","@id":"https:\/\/boat-demo.axiomprotocol.org\/ro\/#organization","name":"BoatsExpert","url":"https:\/\/boat-demo.axiomprotocol.org\/ro\/","logo":{"@type":"ImageObject","inLanguage":"ro-RO","@id":"https:\/\/boat-demo.axiomprotocol.org\/ro\/#\/schema\/logo\/image\/","url":"https:\/\/boat-demo.axiomprotocol.org\/wp-content\/uploads\/2023\/05\/white-logo60.svg","contentUrl":"https:\/\/boat-demo.axiomprotocol.org\/wp-content\/uploads\/2023\/05\/white-logo60.svg","width":90,"height":60,"caption":"BoatsExpert"},"image":{"@id":"https:\/\/boat-demo.axiomprotocol.org\/ro\/#\/schema\/logo\/image\/"}}]}},"_links":{"self":[{"href":"https:\/\/boat-demo.axiomprotocol.org\/ro\/wp-json\/wp\/v2\/product\/38571","targetHints":{"allow":["GET"]}}],"collection":[{"href":"https:\/\/boat-demo.axiomprotocol.org\/ro\/wp-json\/wp\/v2\/product"}],"about":[{"href":"https:\/\/boat-demo.axiomprotocol.org\/ro\/wp-json\/wp\/v2\/types\/product"}],"replies":[{"embeddable":true,"href":"https:\/\/boat-demo.axiomprotocol.org\/ro\/wp-json\/wp\/v2\/comments?post=38571"}],"version-history":[{"count":4,"href":"https:\/\/boat-demo.axiomprotocol.org\/ro\/wp-json\/wp\/v2\/product\/38571\/revisions"}],"predecessor-version":[{"id":38582,"href":"https:\/\/boat-demo.axiomprotocol.org\/ro\/wp-json\/wp\/v2\/product\/38571\/revisions\/38582"}],"wp:featuredmedia":[{"embeddable":true,"href":"https:\/\/boat-demo.axiomprotocol.org\/ro\/wp-json\/wp\/v2\/media\/38573"}],"wp:attachment":[{"href":"https:\/\/boat-demo.axiomprotocol.org\/ro\/wp-json\/wp\/v2\/media?parent=38571"}],"wp:term":[{"taxonomy":"product_brand","embeddable":true,"href":"https:\/\/boat-demo.axiomprotocol.org\/ro\/wp-json\/wp\/v2\/product_brand?post=38571"},{"taxonomy":"product_cat","embeddable":true,"href":"https:\/\/boat-demo.axiomprotocol.org\/ro\/wp-json\/wp\/v2\/product_cat?post=38571"},{"taxonomy":"product_tag","embeddable":true,"href":"https:\/\/boat-demo.axiomprotocol.org\/ro\/wp-json\/wp\/v2\/product_tag?post=38571"}],"curies":[{"name":"wp","href":"https:\/\/api.w.org\/{rel}","templated":true}]}}