{"id":37235,"date":"2024-08-23T17:26:33","date_gmt":"2024-08-23T14:26:33","guid":{"rendered":"https:\/\/boat-demo.axiomprotocol.org\/?post_type=product&#038;p=37235"},"modified":"2024-08-23T17:29:57","modified_gmt":"2024-08-23T14:29:57","slug":"seasafe-junior-150-vesta-de-salvare-pentru-copii-cu-umflare-automata-logo-be-roz-aprins-copy","status":"publish","type":"product","link":"https:\/\/boat-demo.axiomprotocol.org\/ro\/produs\/seasafe-junior-150-vesta-de-salvare-pentru-copii-cu-umflare-automata-logo-be-roz-aprins-copy\/","title":{"rendered":"Seasafe Junior 150 Vest\u0103 de Salvare pentru Copii cu Umflare Automat\u0103, Logo BE, Bleumarin"},"content":{"rendered":"\t\t<div data-elementor-type=\"wp-post\" data-elementor-id=\"37235\" class=\"elementor elementor-37235 elementor-37234\">\n\t\t\t\t\t\t<section class=\"elementor-section elementor-top-section elementor-element elementor-element-20e960c elementor-section-boxed elementor-section-height-default elementor-section-height-default\" data-id=\"20e960c\" data-element_type=\"section\" data-e-type=\"section\">\n\t\t\t\t\t\t<div class=\"elementor-container elementor-column-gap-default\">\n\t\t\t\t\t<div class=\"elementor-column elementor-col-100 elementor-top-column elementor-element elementor-element-1c57ee0\" data-id=\"1c57ee0\" data-element_type=\"column\" data-e-type=\"column\">\n\t\t\t<div class=\"elementor-widget-wrap elementor-element-populated\">\n\t\t\t\t\t\t<div class=\"elementor-element elementor-element-142c0eb elementor-widget elementor-widget-heading\" data-id=\"142c0eb\" data-element_type=\"widget\" data-e-type=\"widget\" data-widget_type=\"heading.default\">\n\t\t\t\t<div class=\"elementor-widget-container\">\n\t\t\t\t\t<h6 class=\"elementor-heading-title elementor-size-large\">Descriere<\/h6>\t\t\t\t<\/div>\n\t\t\t\t<\/div>\n\t\t\t\t\t<\/div>\n\t\t<\/div>\n\t\t\t\t\t<\/div>\n\t\t<\/section>\n\t\t\t\t<section class=\"elementor-section elementor-top-section elementor-element elementor-element-4a6b15d elementor-section-boxed elementor-section-height-default elementor-section-height-default\" data-id=\"4a6b15d\" data-element_type=\"section\" data-e-type=\"section\">\n\t\t\t\t\t\t<div class=\"elementor-container elementor-column-gap-default\">\n\t\t\t\t\t<div class=\"elementor-column elementor-col-100 elementor-top-column elementor-element elementor-element-033dcd6\" data-id=\"033dcd6\" data-element_type=\"column\" data-e-type=\"column\">\n\t\t\t<div class=\"elementor-widget-wrap elementor-element-populated\">\n\t\t\t\t\t\t<div class=\"elementor-element elementor-element-f9440fe elementor-widget elementor-widget-text-editor\" data-id=\"f9440fe\" data-element_type=\"widget\" data-e-type=\"widget\" data-widget_type=\"text-editor.default\">\n\t\t\t\t<div class=\"elementor-widget-container\">\n\t\t\t\t\t\t\t\t\t<p><strong>\u00a0 \u00a0 Toate vestele de salvare Junior<\/strong> sunt destinate tinerilor cu o greutate cuprins\u0103 \u00eentre <strong>15 &amp; 40 kg<\/strong>. <strong>Designul unic<\/strong> al vestei \u00eei va face pe ace\u0219ti utilizatori mai interesa\u021bi s\u0103 poarte aceste veste de salvare. Designul unic al <strong>vestelor de salvare Junior<\/strong> v\u0103 permite s\u0103 <strong>\u00eendep\u0103rta\u021bi sau s\u0103 \u00eenlocui\u021bi capacul<\/strong> folosind fermoarul interior. <strong>Vesta de salvare Junior 150N<\/strong> \u00eencorporeaz\u0103 un <strong>ham de siguran\u021b\u0103 complet aprobat<\/strong> \u0219i este disponibil\u0103 doar cu <strong>umflare automat\u0103<\/strong>. <strong>Umflarea manual\u0103 \u0219i oral\u0103 de rezerv\u0103<\/strong> este standard, la fel ca \u0219i <strong>fluierul \u0219i cureaua inghinal\u0103<\/strong>. O <strong>curea inghinal\u0103 nedeta\u0219abil\u0103<\/strong> cusut\u0103 \u00een vesta de salvare. Utilizarea <strong>benzii din poliester<\/strong> pe aceast\u0103 vest\u0103 include o sec\u021biune cu deschidere rapid\u0103, cu o <strong>umflare de 5 secunde<\/strong>. Cureaua inghinal\u0103 include un <strong>sistem de organizare a centurii<\/strong>, iar leg\u0103turile hamului sunt toate din <strong>o\u021bel inoxidabil<\/strong>.<\/p>\t\t\t\t\t\t\t\t<\/div>\n\t\t\t\t<\/div>\n\t\t\t\t\t<\/div>\n\t\t<\/div>\n\t\t\t\t\t<\/div>\n\t\t<\/section>\n\t\t\t\t<section class=\"elementor-section elementor-top-section elementor-element elementor-element-9ee67bb elementor-section-boxed elementor-section-height-default elementor-section-height-default\" data-id=\"9ee67bb\" data-element_type=\"section\" data-e-type=\"section\">\n\t\t\t\t\t\t<div class=\"elementor-container elementor-column-gap-default\">\n\t\t\t\t\t<div class=\"elementor-column elementor-col-100 elementor-top-column elementor-element elementor-element-9c62ab3\" data-id=\"9c62ab3\" data-element_type=\"column\" data-e-type=\"column\">\n\t\t\t<div class=\"elementor-widget-wrap elementor-element-populated\">\n\t\t\t\t\t\t<div class=\"elementor-element elementor-element-ddc989b elementor-widget elementor-widget-heading\" data-id=\"ddc989b\" data-element_type=\"widget\" data-e-type=\"widget\" data-widget_type=\"heading.default\">\n\t\t\t\t<div class=\"elementor-widget-container\">\n\t\t\t\t\t<h6 class=\"elementor-heading-title elementor-size-large\">Informa\u021bii Tehnice<\/h6>\t\t\t\t<\/div>\n\t\t\t\t<\/div>\n\t\t\t\t\t<\/div>\n\t\t<\/div>\n\t\t\t\t\t<\/div>\n\t\t<\/section>\n\t\t\t\t<section class=\"elementor-section elementor-top-section elementor-element elementor-element-f24c672 elementor-section-boxed elementor-section-height-default elementor-section-height-default\" data-id=\"f24c672\" data-element_type=\"section\" data-e-type=\"section\">\n\t\t\t\t\t\t<div class=\"elementor-container elementor-column-gap-default\">\n\t\t\t\t\t<div class=\"elementor-column elementor-col-100 elementor-top-column elementor-element elementor-element-d4739e9\" data-id=\"d4739e9\" data-element_type=\"column\" data-e-type=\"column\">\n\t\t\t<div class=\"elementor-widget-wrap elementor-element-populated\">\n\t\t\t\t\t\t<div class=\"elementor-element elementor-element-634a578 elementor-widget elementor-widget-text-editor\" data-id=\"634a578\" data-element_type=\"widget\" data-e-type=\"widget\" data-widget_type=\"text-editor.default\">\n\t\t\t\t<div class=\"elementor-widget-container\">\n\t\t\t\t\t\t\t\t\t<div class=\"row\"><div class=\"col-md-6\"><div><span style=\"color: #222222;font-family: Poppins\"><span style=\"font-size: 21px\"><b>\u00a0<\/b><\/span><\/span><\/div><ul class=\"tt-list03\"><li>Made in Britain<\/li><li>Patent Design<\/li><li>170N (1.2kg) or 275N (1.5kg) Lifejacket<\/li><li>170N 33g CO2 bottle \u2013\u00a0275N 60g CO2 bottle<\/li><li>Oral Backup Inflation<\/li><li>Manual back-up inflation on Automatic Lifejackets<\/li><li>Concealed, Pea-less Whistle<\/li><li>Padded soft &amp; comfortable collar<\/li><li>Outside front zip to allow easy access to the firing mechanism &amp; gas (CO2) bottle<\/li><li>Size Lifejacket fits chest between 68cm -144cm<\/li><li>Single crotch strap fitted as standard<\/li><\/ul><\/div><\/div>\t\t\t\t\t\t\t\t<\/div>\n\t\t\t\t<\/div>\n\t\t\t\t\t<\/div>\n\t\t<\/div>\n\t\t\t\t\t<\/div>\n\t\t<\/section>\n\t\t\t\t<\/div>\n\t\t","protected":false},"excerpt":{"rendered":"<p>&nbsp;<\/p>\n<p><strong>Seasafe Junior \u2013 Vest\u0103 de Salvare pentru Copii cu Umflare Automat\u0103, Logo BE \u2013 Bleumarin<\/strong><\/p>\n<p>Toate vestele de salvare Junior sunt aprobate conform EN ISO 12402-3:2006+A1:2010 &amp; EN ISO 12401:2009 \u0219i sunt destinate utiliz\u0103rii \u00een ape ad\u0103postite.<\/p>\n","protected":false},"featured_media":37237,"comment_status":"open","ping_status":"closed","template":"","meta":{"_acf_changed":false,"inline_featured_image":false},"product_brand":[],"product_cat":[427],"product_tag":[],"class_list":{"0":"post-37235","1":"product","2":"type-product","3":"status-publish","4":"has-post-thumbnail","6":"product_cat-echipament-navigatie","7":"tt-post","9":"first","10":"instock","11":"shipping-taxable","12":"purchasable","13":"product-type-simple"},"acf":[],"yoast_head":"<!-- This site is optimized with the Yoast SEO plugin v27.4 - https:\/\/yoast.com\/product\/yoast-seo-wordpress\/ -->\n<title>Seasafe Junior 150 Vest\u0103 Automat\u0103 pentru Copii, Bleumarin- BoatsExpert<\/title>\n<meta name=\"description\" content=\"Seasafe Junior 150 Vest\u0103 Automat\u0103 pentru Copii de la Boats Expert. Echipamente de siguran\u021b\u0103 pentru b\u0103rci, livrare \u00een toat\u0103 Europa.\" \/>\n<meta name=\"robots\" content=\"index, follow, max-snippet:-1, max-image-preview:large, max-video-preview:-1\" \/>\n<link rel=\"canonical\" href=\"https:\/\/boat-demo.axiomprotocol.org\/ro\/produs\/seasafe-junior-150-vesta-de-salvare-pentru-copii-cu-umflare-automata-logo-be-roz-aprins-copy\/\" \/>\n<meta property=\"og:locale\" content=\"ro_RO\" \/>\n<meta property=\"og:type\" content=\"article\" \/>\n<meta property=\"og:title\" content=\"Seasafe Junior 150 Vest\u0103 Automat\u0103 pentru Copii, Bleumarin- BoatsExpert\" \/>\n<meta property=\"og:description\" content=\"Seasafe Junior 150 Vest\u0103 Automat\u0103 pentru Copii de la Boats Expert. Echipamente de siguran\u021b\u0103 pentru b\u0103rci, livrare \u00een toat\u0103 Europa.\" \/>\n<meta property=\"og:url\" content=\"https:\/\/boat-demo.axiomprotocol.org\/ro\/produs\/seasafe-junior-150-vesta-de-salvare-pentru-copii-cu-umflare-automata-logo-be-roz-aprins-copy\/\" \/>\n<meta property=\"og:site_name\" content=\"BoatsExpert\" \/>\n<meta property=\"article:modified_time\" content=\"2024-08-23T14:29:57+00:00\" \/>\n<meta property=\"og:image\" content=\"https:\/\/boat-demo.axiomprotocol.org\/wp-content\/uploads\/2024\/08\/Seasasafe-Junior_Navy.png\" \/>\n\t<meta property=\"og:image:width\" content=\"555\" \/>\n\t<meta property=\"og:image:height\" content=\"478\" \/>\n\t<meta property=\"og:image:type\" content=\"image\/png\" \/>\n<meta name=\"twitter:card\" content=\"summary_large_image\" \/>\n<meta name=\"twitter:label1\" content=\"Timp estimat pentru citire\" \/>\n\t<meta name=\"twitter:data1\" content=\"1 minut\" \/>\n<script type=\"application\/ld+json\" class=\"yoast-schema-graph\">{\"@context\":\"https:\\\/\\\/schema.org\",\"@graph\":[{\"@type\":\"WebPage\",\"@id\":\"https:\\\/\\\/boat-demo.axiomprotocol.org\\\/ro\\\/produs\\\/seasafe-junior-150-vesta-de-salvare-pentru-copii-cu-umflare-automata-logo-be-roz-aprins-copy\\\/\",\"url\":\"https:\\\/\\\/boat-demo.axiomprotocol.org\\\/ro\\\/produs\\\/seasafe-junior-150-vesta-de-salvare-pentru-copii-cu-umflare-automata-logo-be-roz-aprins-copy\\\/\",\"name\":\"Seasafe Junior 150 Vest\u0103 Automat\u0103 pentru Copii, Bleumarin- BoatsExpert\",\"isPartOf\":{\"@id\":\"https:\\\/\\\/boat-demo.axiomprotocol.org\\\/ro\\\/#website\"},\"primaryImageOfPage\":{\"@id\":\"https:\\\/\\\/boat-demo.axiomprotocol.org\\\/ro\\\/produs\\\/seasafe-junior-150-vesta-de-salvare-pentru-copii-cu-umflare-automata-logo-be-roz-aprins-copy\\\/#primaryimage\"},\"image\":{\"@id\":\"https:\\\/\\\/boat-demo.axiomprotocol.org\\\/ro\\\/produs\\\/seasafe-junior-150-vesta-de-salvare-pentru-copii-cu-umflare-automata-logo-be-roz-aprins-copy\\\/#primaryimage\"},\"thumbnailUrl\":\"https:\\\/\\\/boat-demo.axiomprotocol.org\\\/wp-content\\\/uploads\\\/2024\\\/08\\\/Seasasafe-Junior_Navy.png\",\"datePublished\":\"2024-08-23T14:26:33+00:00\",\"dateModified\":\"2024-08-23T14:29:57+00:00\",\"description\":\"Seasafe Junior 150 Vest\u0103 Automat\u0103 pentru Copii de la Boats Expert. Echipamente de siguran\u021b\u0103 pentru b\u0103rci, livrare \u00een toat\u0103 Europa.\",\"breadcrumb\":{\"@id\":\"https:\\\/\\\/boat-demo.axiomprotocol.org\\\/ro\\\/produs\\\/seasafe-junior-150-vesta-de-salvare-pentru-copii-cu-umflare-automata-logo-be-roz-aprins-copy\\\/#breadcrumb\"},\"inLanguage\":\"ro-RO\",\"potentialAction\":[{\"@type\":\"ReadAction\",\"target\":[\"https:\\\/\\\/boat-demo.axiomprotocol.org\\\/ro\\\/produs\\\/seasafe-junior-150-vesta-de-salvare-pentru-copii-cu-umflare-automata-logo-be-roz-aprins-copy\\\/\"]}]},{\"@type\":\"ImageObject\",\"inLanguage\":\"ro-RO\",\"@id\":\"https:\\\/\\\/boat-demo.axiomprotocol.org\\\/ro\\\/produs\\\/seasafe-junior-150-vesta-de-salvare-pentru-copii-cu-umflare-automata-logo-be-roz-aprins-copy\\\/#primaryimage\",\"url\":\"https:\\\/\\\/boat-demo.axiomprotocol.org\\\/wp-content\\\/uploads\\\/2024\\\/08\\\/Seasasafe-Junior_Navy.png\",\"contentUrl\":\"https:\\\/\\\/boat-demo.axiomprotocol.org\\\/wp-content\\\/uploads\\\/2024\\\/08\\\/Seasasafe-Junior_Navy.png\",\"width\":555,\"height\":478},{\"@type\":\"BreadcrumbList\",\"@id\":\"https:\\\/\\\/boat-demo.axiomprotocol.org\\\/ro\\\/produs\\\/seasafe-junior-150-vesta-de-salvare-pentru-copii-cu-umflare-automata-logo-be-roz-aprins-copy\\\/#breadcrumb\",\"itemListElement\":[{\"@type\":\"ListItem\",\"position\":1,\"name\":\"Home\",\"item\":\"https:\\\/\\\/boat-demo.axiomprotocol.org\\\/\"},{\"@type\":\"ListItem\",\"position\":2,\"name\":\"Shop Online &#8211; cel mai bun magazin pentru echipamente pentru b\u0103rci\",\"item\":\"https:\\\/\\\/boat-demo.axiomprotocol.org\\\/ro\\\/shop-ro\\\/\"},{\"@type\":\"ListItem\",\"position\":3,\"name\":\"Seasafe Junior 150 Vest\u0103 de Salvare pentru Copii cu Umflare Automat\u0103, Logo BE, Bleumarin\"}]},{\"@type\":\"WebSite\",\"@id\":\"https:\\\/\\\/boat-demo.axiomprotocol.org\\\/ro\\\/#website\",\"url\":\"https:\\\/\\\/boat-demo.axiomprotocol.org\\\/ro\\\/\",\"name\":\"BoatsExpert\",\"description\":\"Boats, Service, Equipment\",\"publisher\":{\"@id\":\"https:\\\/\\\/boat-demo.axiomprotocol.org\\\/ro\\\/#organization\"},\"potentialAction\":[{\"@type\":\"SearchAction\",\"target\":{\"@type\":\"EntryPoint\",\"urlTemplate\":\"https:\\\/\\\/boat-demo.axiomprotocol.org\\\/ro\\\/?s={search_term_string}\"},\"query-input\":{\"@type\":\"PropertyValueSpecification\",\"valueRequired\":true,\"valueName\":\"search_term_string\"}}],\"inLanguage\":\"ro-RO\"},{\"@type\":\"Organization\",\"@id\":\"https:\\\/\\\/boat-demo.axiomprotocol.org\\\/ro\\\/#organization\",\"name\":\"BoatsExpert\",\"url\":\"https:\\\/\\\/boat-demo.axiomprotocol.org\\\/ro\\\/\",\"logo\":{\"@type\":\"ImageObject\",\"inLanguage\":\"ro-RO\",\"@id\":\"https:\\\/\\\/boat-demo.axiomprotocol.org\\\/ro\\\/#\\\/schema\\\/logo\\\/image\\\/\",\"url\":\"https:\\\/\\\/boat-demo.axiomprotocol.org\\\/wp-content\\\/uploads\\\/2023\\\/05\\\/white-logo60.svg\",\"contentUrl\":\"https:\\\/\\\/boat-demo.axiomprotocol.org\\\/wp-content\\\/uploads\\\/2023\\\/05\\\/white-logo60.svg\",\"width\":90,\"height\":60,\"caption\":\"BoatsExpert\"},\"image\":{\"@id\":\"https:\\\/\\\/boat-demo.axiomprotocol.org\\\/ro\\\/#\\\/schema\\\/logo\\\/image\\\/\"}}]}<\/script>\n<!-- \/ Yoast SEO plugin. -->","yoast_head_json":{"title":"Seasafe Junior 150 Vest\u0103 Automat\u0103 pentru Copii, Bleumarin- BoatsExpert","description":"Seasafe Junior 150 Vest\u0103 Automat\u0103 pentru Copii de la Boats Expert. Echipamente de siguran\u021b\u0103 pentru b\u0103rci, livrare \u00een toat\u0103 Europa.","robots":{"index":"index","follow":"follow","max-snippet":"max-snippet:-1","max-image-preview":"max-image-preview:large","max-video-preview":"max-video-preview:-1"},"canonical":"https:\/\/boat-demo.axiomprotocol.org\/ro\/produs\/seasafe-junior-150-vesta-de-salvare-pentru-copii-cu-umflare-automata-logo-be-roz-aprins-copy\/","og_locale":"ro_RO","og_type":"article","og_title":"Seasafe Junior 150 Vest\u0103 Automat\u0103 pentru Copii, Bleumarin- BoatsExpert","og_description":"Seasafe Junior 150 Vest\u0103 Automat\u0103 pentru Copii de la Boats Expert. Echipamente de siguran\u021b\u0103 pentru b\u0103rci, livrare \u00een toat\u0103 Europa.","og_url":"https:\/\/boat-demo.axiomprotocol.org\/ro\/produs\/seasafe-junior-150-vesta-de-salvare-pentru-copii-cu-umflare-automata-logo-be-roz-aprins-copy\/","og_site_name":"BoatsExpert","article_modified_time":"2024-08-23T14:29:57+00:00","og_image":[{"width":555,"height":478,"url":"https:\/\/boat-demo.axiomprotocol.org\/wp-content\/uploads\/2024\/08\/Seasasafe-Junior_Navy.png","type":"image\/png"}],"twitter_card":"summary_large_image","twitter_misc":{"Timp estimat pentru citire":"1 minut"},"schema":{"@context":"https:\/\/schema.org","@graph":[{"@type":"WebPage","@id":"https:\/\/boat-demo.axiomprotocol.org\/ro\/produs\/seasafe-junior-150-vesta-de-salvare-pentru-copii-cu-umflare-automata-logo-be-roz-aprins-copy\/","url":"https:\/\/boat-demo.axiomprotocol.org\/ro\/produs\/seasafe-junior-150-vesta-de-salvare-pentru-copii-cu-umflare-automata-logo-be-roz-aprins-copy\/","name":"Seasafe Junior 150 Vest\u0103 Automat\u0103 pentru Copii, Bleumarin- BoatsExpert","isPartOf":{"@id":"https:\/\/boat-demo.axiomprotocol.org\/ro\/#website"},"primaryImageOfPage":{"@id":"https:\/\/boat-demo.axiomprotocol.org\/ro\/produs\/seasafe-junior-150-vesta-de-salvare-pentru-copii-cu-umflare-automata-logo-be-roz-aprins-copy\/#primaryimage"},"image":{"@id":"https:\/\/boat-demo.axiomprotocol.org\/ro\/produs\/seasafe-junior-150-vesta-de-salvare-pentru-copii-cu-umflare-automata-logo-be-roz-aprins-copy\/#primaryimage"},"thumbnailUrl":"https:\/\/boat-demo.axiomprotocol.org\/wp-content\/uploads\/2024\/08\/Seasasafe-Junior_Navy.png","datePublished":"2024-08-23T14:26:33+00:00","dateModified":"2024-08-23T14:29:57+00:00","description":"Seasafe Junior 150 Vest\u0103 Automat\u0103 pentru Copii de la Boats Expert. Echipamente de siguran\u021b\u0103 pentru b\u0103rci, livrare \u00een toat\u0103 Europa.","breadcrumb":{"@id":"https:\/\/boat-demo.axiomprotocol.org\/ro\/produs\/seasafe-junior-150-vesta-de-salvare-pentru-copii-cu-umflare-automata-logo-be-roz-aprins-copy\/#breadcrumb"},"inLanguage":"ro-RO","potentialAction":[{"@type":"ReadAction","target":["https:\/\/boat-demo.axiomprotocol.org\/ro\/produs\/seasafe-junior-150-vesta-de-salvare-pentru-copii-cu-umflare-automata-logo-be-roz-aprins-copy\/"]}]},{"@type":"ImageObject","inLanguage":"ro-RO","@id":"https:\/\/boat-demo.axiomprotocol.org\/ro\/produs\/seasafe-junior-150-vesta-de-salvare-pentru-copii-cu-umflare-automata-logo-be-roz-aprins-copy\/#primaryimage","url":"https:\/\/boat-demo.axiomprotocol.org\/wp-content\/uploads\/2024\/08\/Seasasafe-Junior_Navy.png","contentUrl":"https:\/\/boat-demo.axiomprotocol.org\/wp-content\/uploads\/2024\/08\/Seasasafe-Junior_Navy.png","width":555,"height":478},{"@type":"BreadcrumbList","@id":"https:\/\/boat-demo.axiomprotocol.org\/ro\/produs\/seasafe-junior-150-vesta-de-salvare-pentru-copii-cu-umflare-automata-logo-be-roz-aprins-copy\/#breadcrumb","itemListElement":[{"@type":"ListItem","position":1,"name":"Home","item":"https:\/\/boat-demo.axiomprotocol.org\/"},{"@type":"ListItem","position":2,"name":"Shop Online &#8211; cel mai bun magazin pentru echipamente pentru b\u0103rci","item":"https:\/\/boat-demo.axiomprotocol.org\/ro\/shop-ro\/"},{"@type":"ListItem","position":3,"name":"Seasafe Junior 150 Vest\u0103 de Salvare pentru Copii cu Umflare Automat\u0103, Logo BE, Bleumarin"}]},{"@type":"WebSite","@id":"https:\/\/boat-demo.axiomprotocol.org\/ro\/#website","url":"https:\/\/boat-demo.axiomprotocol.org\/ro\/","name":"BoatsExpert","description":"Boats, Service, Equipment","publisher":{"@id":"https:\/\/boat-demo.axiomprotocol.org\/ro\/#organization"},"potentialAction":[{"@type":"SearchAction","target":{"@type":"EntryPoint","urlTemplate":"https:\/\/boat-demo.axiomprotocol.org\/ro\/?s={search_term_string}"},"query-input":{"@type":"PropertyValueSpecification","valueRequired":true,"valueName":"search_term_string"}}],"inLanguage":"ro-RO"},{"@type":"Organization","@id":"https:\/\/boat-demo.axiomprotocol.org\/ro\/#organization","name":"BoatsExpert","url":"https:\/\/boat-demo.axiomprotocol.org\/ro\/","logo":{"@type":"ImageObject","inLanguage":"ro-RO","@id":"https:\/\/boat-demo.axiomprotocol.org\/ro\/#\/schema\/logo\/image\/","url":"https:\/\/boat-demo.axiomprotocol.org\/wp-content\/uploads\/2023\/05\/white-logo60.svg","contentUrl":"https:\/\/boat-demo.axiomprotocol.org\/wp-content\/uploads\/2023\/05\/white-logo60.svg","width":90,"height":60,"caption":"BoatsExpert"},"image":{"@id":"https:\/\/boat-demo.axiomprotocol.org\/ro\/#\/schema\/logo\/image\/"}}]}},"_links":{"self":[{"href":"https:\/\/boat-demo.axiomprotocol.org\/ro\/wp-json\/wp\/v2\/product\/37235","targetHints":{"allow":["GET"]}}],"collection":[{"href":"https:\/\/boat-demo.axiomprotocol.org\/ro\/wp-json\/wp\/v2\/product"}],"about":[{"href":"https:\/\/boat-demo.axiomprotocol.org\/ro\/wp-json\/wp\/v2\/types\/product"}],"replies":[{"embeddable":true,"href":"https:\/\/boat-demo.axiomprotocol.org\/ro\/wp-json\/wp\/v2\/comments?post=37235"}],"version-history":[{"count":1,"href":"https:\/\/boat-demo.axiomprotocol.org\/ro\/wp-json\/wp\/v2\/product\/37235\/revisions"}],"predecessor-version":[{"id":37241,"href":"https:\/\/boat-demo.axiomprotocol.org\/ro\/wp-json\/wp\/v2\/product\/37235\/revisions\/37241"}],"wp:featuredmedia":[{"embeddable":true,"href":"https:\/\/boat-demo.axiomprotocol.org\/ro\/wp-json\/wp\/v2\/media\/37237"}],"wp:attachment":[{"href":"https:\/\/boat-demo.axiomprotocol.org\/ro\/wp-json\/wp\/v2\/media?parent=37235"}],"wp:term":[{"taxonomy":"product_brand","embeddable":true,"href":"https:\/\/boat-demo.axiomprotocol.org\/ro\/wp-json\/wp\/v2\/product_brand?post=37235"},{"taxonomy":"product_cat","embeddable":true,"href":"https:\/\/boat-demo.axiomprotocol.org\/ro\/wp-json\/wp\/v2\/product_cat?post=37235"},{"taxonomy":"product_tag","embeddable":true,"href":"https:\/\/boat-demo.axiomprotocol.org\/ro\/wp-json\/wp\/v2\/product_tag?post=37235"}],"curies":[{"name":"wp","href":"https:\/\/api.w.org\/{rel}","templated":true}]}}