{"id":37178,"date":"2024-08-22T16:40:45","date_gmt":"2024-08-22T13:40:46","guid":{"rendered":"https:\/\/boat-demo.axiomprotocol.org\/?post_type=product&#038;p=37178"},"modified":"2024-08-23T17:34:20","modified_gmt":"2024-08-23T14:34:20","slug":"seasafe-i-zip-170n-vesta-de-salvare-acoperire-din-fibra-de-carbon-logo-be-azur","status":"publish","type":"product","link":"https:\/\/boat-demo.axiomprotocol.org\/ro\/produs\/seasafe-i-zip-170n-vesta-de-salvare-acoperire-din-fibra-de-carbon-logo-be-azur\/","title":{"rendered":"Seasafe I-Zip 170N Vest\u0103 de Salvare Acoperire din fibr\u0103 de carbon Logo BE, Azur"},"content":{"rendered":"\t\t<div data-elementor-type=\"wp-post\" data-elementor-id=\"37178\" class=\"elementor elementor-37178 elementor-37177\">\n\t\t\t\t\t\t<section class=\"elementor-section elementor-top-section elementor-element elementor-element-20e960c elementor-section-boxed elementor-section-height-default elementor-section-height-default\" data-id=\"20e960c\" data-element_type=\"section\" data-e-type=\"section\">\n\t\t\t\t\t\t<div class=\"elementor-container elementor-column-gap-default\">\n\t\t\t\t\t<div class=\"elementor-column elementor-col-100 elementor-top-column elementor-element elementor-element-1c57ee0\" data-id=\"1c57ee0\" data-element_type=\"column\" data-e-type=\"column\">\n\t\t\t<div class=\"elementor-widget-wrap elementor-element-populated\">\n\t\t\t\t\t\t<div class=\"elementor-element elementor-element-142c0eb elementor-widget elementor-widget-heading\" data-id=\"142c0eb\" data-element_type=\"widget\" data-e-type=\"widget\" data-widget_type=\"heading.default\">\n\t\t\t\t<div class=\"elementor-widget-container\">\n\t\t\t\t\t<h6 class=\"elementor-heading-title elementor-size-large\">Informa\u021bii Tehnice<\/h6>\t\t\t\t<\/div>\n\t\t\t\t<\/div>\n\t\t\t\t\t<\/div>\n\t\t<\/div>\n\t\t\t\t\t<\/div>\n\t\t<\/section>\n\t\t\t\t<section class=\"elementor-section elementor-top-section elementor-element elementor-element-4a6b15d elementor-section-boxed elementor-section-height-default elementor-section-height-default\" data-id=\"4a6b15d\" data-element_type=\"section\" data-e-type=\"section\">\n\t\t\t\t\t\t<div class=\"elementor-container elementor-column-gap-default\">\n\t\t\t\t\t<div class=\"elementor-column elementor-col-100 elementor-top-column elementor-element elementor-element-033dcd6\" data-id=\"033dcd6\" data-element_type=\"column\" data-e-type=\"column\">\n\t\t\t<div class=\"elementor-widget-wrap elementor-element-populated\">\n\t\t\t\t\t\t<div class=\"elementor-element elementor-element-f9440fe elementor-widget elementor-widget-text-editor\" data-id=\"f9440fe\" data-element_type=\"widget\" data-e-type=\"widget\" data-widget_type=\"text-editor.default\">\n\t\t\t\t<div class=\"elementor-widget-container\">\n\t\t\t\t\t\t\t\t\t<p>\u00a0 \u00a0 \u00a0Vestele de salvare Carbon Fibre Style sunt dispozitive de flotabilitate personal\u0103 <strong>certificate la 150N pentru standardul ISO12402<\/strong> cu o flotabilitate testat\u0103 efectiv de <strong>182N<\/strong>. <strong>275N pentru standardul ISO12402<\/strong>, cu o flotabilitate testat\u0103 efectiv de <strong>310N<\/strong>. Vestele de salvare Carbon Fibre Style au acum <strong>etichete NFC montate standard<\/strong> cu <strong>detalii despre vest\u0103<\/strong> \u0219i <strong>istoricul de \u00eentre\u021binere<\/strong> stocate, astfel \u00eenc\u00e2t s\u0103 poat\u0103 fi citite cu u\u0219urin\u021b\u0103 f\u0103r\u0103 a deschide vesta. Vestele de salvare Carbon Fibre Style sunt un produs complet unic cu un <strong>capac frontal deta\u0219abil<\/strong> care poate fi \u00eenlocuit, sp\u0103lat sau actualizat, dac\u0103 este necesar. <strong>Verific\u0103rile pre-opera\u021bionale<\/strong> sunt simplificate cu <strong>zip-ul capacului frontal<\/strong> care permite acces u\u0219or la <strong>mecanismul de declan\u0219are<\/strong> pentru a asigura c\u0103 totul este corect.<\/p>\t\t\t\t\t\t\t\t<\/div>\n\t\t\t\t<\/div>\n\t\t\t\t\t<\/div>\n\t\t<\/div>\n\t\t\t\t\t<\/div>\n\t\t<\/section>\n\t\t\t\t<section class=\"elementor-section elementor-top-section elementor-element elementor-element-774a33e elementor-section-boxed elementor-section-height-default elementor-section-height-default\" data-id=\"774a33e\" data-element_type=\"section\" data-e-type=\"section\">\n\t\t\t\t\t\t<div class=\"elementor-container elementor-column-gap-default\">\n\t\t\t\t\t<div class=\"elementor-column elementor-col-100 elementor-top-column elementor-element elementor-element-19a9043\" data-id=\"19a9043\" data-element_type=\"column\" data-e-type=\"column\">\n\t\t\t<div class=\"elementor-widget-wrap elementor-element-populated\">\n\t\t\t\t\t\t<div class=\"elementor-element elementor-element-80b2ddd elementor-widget elementor-widget-heading\" data-id=\"80b2ddd\" data-element_type=\"widget\" data-e-type=\"widget\" data-widget_type=\"heading.default\">\n\t\t\t\t<div class=\"elementor-widget-container\">\n\t\t\t\t\t<h6 class=\"elementor-heading-title elementor-size-large\">Descriere<\/h6>\t\t\t\t<\/div>\n\t\t\t\t<\/div>\n\t\t\t\t\t<\/div>\n\t\t<\/div>\n\t\t\t\t\t<\/div>\n\t\t<\/section>\n\t\t\t\t<section class=\"elementor-section elementor-top-section elementor-element elementor-element-be872fa elementor-section-boxed elementor-section-height-default elementor-section-height-default\" data-id=\"be872fa\" data-element_type=\"section\" data-e-type=\"section\">\n\t\t\t\t\t\t<div class=\"elementor-container elementor-column-gap-default\">\n\t\t\t\t\t<div class=\"elementor-column elementor-col-100 elementor-top-column elementor-element elementor-element-d23eff8\" data-id=\"d23eff8\" data-element_type=\"column\" data-e-type=\"column\">\n\t\t\t<div class=\"elementor-widget-wrap elementor-element-populated\">\n\t\t\t\t\t\t<div class=\"elementor-element elementor-element-a18d186 elementor-widget elementor-widget-text-editor\" data-id=\"a18d186\" data-element_type=\"widget\" data-e-type=\"widget\" data-widget_type=\"text-editor.default\">\n\t\t\t\t<div class=\"elementor-widget-container\">\n\t\t\t\t\t\t\t\t\t<div class=\"row\"><div class=\"col-md-6\"><div><span style=\"color: #222222;font-family: Poppins\"><span style=\"font-size: 21px\"><b>\u00a0<\/b><\/span><\/span><\/div><ul class=\"tt-list03\"><li>Made in Britain<\/li><li>Patent Design<\/li><li>170N (1.2kg) or 275N (1.5kg) Lifejacket<\/li><li>170N 33g CO2 bottle \u2013\u00a0275N 60g CO2 bottle<\/li><li>Oral Backup Inflation<\/li><li>Manual back-up inflation on Automatic Lifejackets<\/li><li>Concealed, Pea-less Whistle<\/li><li>Padded soft &amp; comfortable collar<\/li><li>Outside front zip to allow easy access to the firing mechanism &amp; gas (CO2) bottle<\/li><li>Size Lifejacket fits chest between 68cm -144cm<\/li><li>Single crotch strap fitted as standard<\/li><\/ul><\/div><\/div>\t\t\t\t\t\t\t\t<\/div>\n\t\t\t\t<\/div>\n\t\t\t\t\t<\/div>\n\t\t<\/div>\n\t\t\t\t\t<\/div>\n\t\t<\/section>\n\t\t\t\t<\/div>\n\t\t","protected":false},"excerpt":{"rendered":"<p>&nbsp;<\/p>\n<p><strong>Vestele de salvare Carbon Fibre Style, Logo BE, Azur<\/strong><\/p>\n<p>au acum etichete NFC montate standard, cu detalii despre vest\u0103 \u0219i istoricul de \u00eentre\u021binere stocate, astfel \u00eenc\u00e2t s\u0103 poat\u0103 fi citite cu u\u0219urin\u021b\u0103 f\u0103r\u0103 a deschide vesta.<\/p>\n<p>Vestele de salvare SeaSafe sunt un produs complet unic, cu un capac frontal deta\u0219abil care poate fi \u00eenlocuit, sp\u0103lat sau actualizat, dac\u0103 este necesar.<\/p>\n","protected":false},"featured_media":37180,"comment_status":"open","ping_status":"closed","template":"","meta":{"_acf_changed":false,"inline_featured_image":false},"product_brand":[],"product_cat":[427],"product_tag":[],"class_list":{"0":"post-37178","1":"product","2":"type-product","3":"status-publish","4":"has-post-thumbnail","6":"product_cat-echipament-navigatie","7":"tt-post","9":"first","10":"instock","11":"shipping-taxable","12":"purchasable","13":"product-type-simple"},"acf":[],"yoast_head":"<!-- This site is optimized with the Yoast SEO plugin v27.4 - https:\/\/yoast.com\/product\/yoast-seo-wordpress\/ -->\n<title>Seasafe I-Zip 170N Vest\u0103 de Salvare din fibr\u0103 de carbon, Azur- BoatsExpert<\/title>\n<meta name=\"description\" content=\"Vesta de salvare SeaSafe Carbon Fibre de la Boats Expert. Gama larg\u0103 de echipamente de siguran\u021b\u0103 pentru b\u0103rci cu motor, cu livrare \u00een toat\u0103 Europa.\" \/>\n<meta name=\"robots\" content=\"index, follow, max-snippet:-1, max-image-preview:large, max-video-preview:-1\" \/>\n<link rel=\"canonical\" href=\"https:\/\/boat-demo.axiomprotocol.org\/ro\/produs\/seasafe-i-zip-170n-vesta-de-salvare-acoperire-din-fibra-de-carbon-logo-be-azur\/\" \/>\n<meta property=\"og:locale\" content=\"ro_RO\" \/>\n<meta property=\"og:type\" content=\"article\" \/>\n<meta property=\"og:title\" content=\"Seasafe I-Zip 170N Vest\u0103 de Salvare din fibr\u0103 de carbon, Azur- BoatsExpert\" \/>\n<meta property=\"og:description\" content=\"Vesta de salvare SeaSafe Carbon Fibre de la Boats Expert. Gama larg\u0103 de echipamente de siguran\u021b\u0103 pentru b\u0103rci cu motor, cu livrare \u00een toat\u0103 Europa.\" \/>\n<meta property=\"og:url\" content=\"https:\/\/boat-demo.axiomprotocol.org\/ro\/produs\/seasafe-i-zip-170n-vesta-de-salvare-acoperire-din-fibra-de-carbon-logo-be-azur\/\" \/>\n<meta property=\"og:site_name\" content=\"BoatsExpert\" \/>\n<meta property=\"article:modified_time\" content=\"2024-08-23T14:34:20+00:00\" \/>\n<meta property=\"og:image\" content=\"https:\/\/boat-demo.axiomprotocol.org\/wp-content\/uploads\/2024\/08\/Azure.png\" \/>\n\t<meta property=\"og:image:width\" content=\"555\" \/>\n\t<meta property=\"og:image:height\" content=\"478\" \/>\n\t<meta property=\"og:image:type\" content=\"image\/png\" \/>\n<meta name=\"twitter:card\" content=\"summary_large_image\" \/>\n<meta name=\"twitter:label1\" content=\"Timp estimat pentru citire\" \/>\n\t<meta name=\"twitter:data1\" content=\"1 minut\" \/>\n<script type=\"application\/ld+json\" class=\"yoast-schema-graph\">{\"@context\":\"https:\\\/\\\/schema.org\",\"@graph\":[{\"@type\":\"WebPage\",\"@id\":\"https:\\\/\\\/boat-demo.axiomprotocol.org\\\/ro\\\/produs\\\/seasafe-i-zip-170n-vesta-de-salvare-acoperire-din-fibra-de-carbon-logo-be-azur\\\/\",\"url\":\"https:\\\/\\\/boat-demo.axiomprotocol.org\\\/ro\\\/produs\\\/seasafe-i-zip-170n-vesta-de-salvare-acoperire-din-fibra-de-carbon-logo-be-azur\\\/\",\"name\":\"Seasafe I-Zip 170N Vest\u0103 de Salvare din fibr\u0103 de carbon, Azur- BoatsExpert\",\"isPartOf\":{\"@id\":\"https:\\\/\\\/boat-demo.axiomprotocol.org\\\/ro\\\/#website\"},\"primaryImageOfPage\":{\"@id\":\"https:\\\/\\\/boat-demo.axiomprotocol.org\\\/ro\\\/produs\\\/seasafe-i-zip-170n-vesta-de-salvare-acoperire-din-fibra-de-carbon-logo-be-azur\\\/#primaryimage\"},\"image\":{\"@id\":\"https:\\\/\\\/boat-demo.axiomprotocol.org\\\/ro\\\/produs\\\/seasafe-i-zip-170n-vesta-de-salvare-acoperire-din-fibra-de-carbon-logo-be-azur\\\/#primaryimage\"},\"thumbnailUrl\":\"https:\\\/\\\/boat-demo.axiomprotocol.org\\\/wp-content\\\/uploads\\\/2024\\\/08\\\/Azure.png\",\"datePublished\":\"2024-08-22T13:40:46+00:00\",\"dateModified\":\"2024-08-23T14:34:20+00:00\",\"description\":\"Vesta de salvare SeaSafe Carbon Fibre de la Boats Expert. Gama larg\u0103 de echipamente de siguran\u021b\u0103 pentru b\u0103rci cu motor, cu livrare \u00een toat\u0103 Europa.\",\"breadcrumb\":{\"@id\":\"https:\\\/\\\/boat-demo.axiomprotocol.org\\\/ro\\\/produs\\\/seasafe-i-zip-170n-vesta-de-salvare-acoperire-din-fibra-de-carbon-logo-be-azur\\\/#breadcrumb\"},\"inLanguage\":\"ro-RO\",\"potentialAction\":[{\"@type\":\"ReadAction\",\"target\":[\"https:\\\/\\\/boat-demo.axiomprotocol.org\\\/ro\\\/produs\\\/seasafe-i-zip-170n-vesta-de-salvare-acoperire-din-fibra-de-carbon-logo-be-azur\\\/\"]}]},{\"@type\":\"ImageObject\",\"inLanguage\":\"ro-RO\",\"@id\":\"https:\\\/\\\/boat-demo.axiomprotocol.org\\\/ro\\\/produs\\\/seasafe-i-zip-170n-vesta-de-salvare-acoperire-din-fibra-de-carbon-logo-be-azur\\\/#primaryimage\",\"url\":\"https:\\\/\\\/boat-demo.axiomprotocol.org\\\/wp-content\\\/uploads\\\/2024\\\/08\\\/Azure.png\",\"contentUrl\":\"https:\\\/\\\/boat-demo.axiomprotocol.org\\\/wp-content\\\/uploads\\\/2024\\\/08\\\/Azure.png\",\"width\":555,\"height\":478},{\"@type\":\"BreadcrumbList\",\"@id\":\"https:\\\/\\\/boat-demo.axiomprotocol.org\\\/ro\\\/produs\\\/seasafe-i-zip-170n-vesta-de-salvare-acoperire-din-fibra-de-carbon-logo-be-azur\\\/#breadcrumb\",\"itemListElement\":[{\"@type\":\"ListItem\",\"position\":1,\"name\":\"Home\",\"item\":\"https:\\\/\\\/boat-demo.axiomprotocol.org\\\/\"},{\"@type\":\"ListItem\",\"position\":2,\"name\":\"Shop Online &#8211; cel mai bun magazin pentru echipamente pentru b\u0103rci\",\"item\":\"https:\\\/\\\/boat-demo.axiomprotocol.org\\\/ro\\\/shop-ro\\\/\"},{\"@type\":\"ListItem\",\"position\":3,\"name\":\"Seasafe I-Zip 170N Vest\u0103 de Salvare Acoperire din fibr\u0103 de carbon Logo BE, Azur\"}]},{\"@type\":\"WebSite\",\"@id\":\"https:\\\/\\\/boat-demo.axiomprotocol.org\\\/ro\\\/#website\",\"url\":\"https:\\\/\\\/boat-demo.axiomprotocol.org\\\/ro\\\/\",\"name\":\"BoatsExpert\",\"description\":\"Boats, Service, Equipment\",\"publisher\":{\"@id\":\"https:\\\/\\\/boat-demo.axiomprotocol.org\\\/ro\\\/#organization\"},\"potentialAction\":[{\"@type\":\"SearchAction\",\"target\":{\"@type\":\"EntryPoint\",\"urlTemplate\":\"https:\\\/\\\/boat-demo.axiomprotocol.org\\\/ro\\\/?s={search_term_string}\"},\"query-input\":{\"@type\":\"PropertyValueSpecification\",\"valueRequired\":true,\"valueName\":\"search_term_string\"}}],\"inLanguage\":\"ro-RO\"},{\"@type\":\"Organization\",\"@id\":\"https:\\\/\\\/boat-demo.axiomprotocol.org\\\/ro\\\/#organization\",\"name\":\"BoatsExpert\",\"url\":\"https:\\\/\\\/boat-demo.axiomprotocol.org\\\/ro\\\/\",\"logo\":{\"@type\":\"ImageObject\",\"inLanguage\":\"ro-RO\",\"@id\":\"https:\\\/\\\/boat-demo.axiomprotocol.org\\\/ro\\\/#\\\/schema\\\/logo\\\/image\\\/\",\"url\":\"https:\\\/\\\/boat-demo.axiomprotocol.org\\\/wp-content\\\/uploads\\\/2023\\\/05\\\/white-logo60.svg\",\"contentUrl\":\"https:\\\/\\\/boat-demo.axiomprotocol.org\\\/wp-content\\\/uploads\\\/2023\\\/05\\\/white-logo60.svg\",\"width\":90,\"height\":60,\"caption\":\"BoatsExpert\"},\"image\":{\"@id\":\"https:\\\/\\\/boat-demo.axiomprotocol.org\\\/ro\\\/#\\\/schema\\\/logo\\\/image\\\/\"}}]}<\/script>\n<!-- \/ Yoast SEO plugin. -->","yoast_head_json":{"title":"Seasafe I-Zip 170N Vest\u0103 de Salvare din fibr\u0103 de carbon, Azur- BoatsExpert","description":"Vesta de salvare SeaSafe Carbon Fibre de la Boats Expert. Gama larg\u0103 de echipamente de siguran\u021b\u0103 pentru b\u0103rci cu motor, cu livrare \u00een toat\u0103 Europa.","robots":{"index":"index","follow":"follow","max-snippet":"max-snippet:-1","max-image-preview":"max-image-preview:large","max-video-preview":"max-video-preview:-1"},"canonical":"https:\/\/boat-demo.axiomprotocol.org\/ro\/produs\/seasafe-i-zip-170n-vesta-de-salvare-acoperire-din-fibra-de-carbon-logo-be-azur\/","og_locale":"ro_RO","og_type":"article","og_title":"Seasafe I-Zip 170N Vest\u0103 de Salvare din fibr\u0103 de carbon, Azur- BoatsExpert","og_description":"Vesta de salvare SeaSafe Carbon Fibre de la Boats Expert. Gama larg\u0103 de echipamente de siguran\u021b\u0103 pentru b\u0103rci cu motor, cu livrare \u00een toat\u0103 Europa.","og_url":"https:\/\/boat-demo.axiomprotocol.org\/ro\/produs\/seasafe-i-zip-170n-vesta-de-salvare-acoperire-din-fibra-de-carbon-logo-be-azur\/","og_site_name":"BoatsExpert","article_modified_time":"2024-08-23T14:34:20+00:00","og_image":[{"width":555,"height":478,"url":"https:\/\/boat-demo.axiomprotocol.org\/wp-content\/uploads\/2024\/08\/Azure.png","type":"image\/png"}],"twitter_card":"summary_large_image","twitter_misc":{"Timp estimat pentru citire":"1 minut"},"schema":{"@context":"https:\/\/schema.org","@graph":[{"@type":"WebPage","@id":"https:\/\/boat-demo.axiomprotocol.org\/ro\/produs\/seasafe-i-zip-170n-vesta-de-salvare-acoperire-din-fibra-de-carbon-logo-be-azur\/","url":"https:\/\/boat-demo.axiomprotocol.org\/ro\/produs\/seasafe-i-zip-170n-vesta-de-salvare-acoperire-din-fibra-de-carbon-logo-be-azur\/","name":"Seasafe I-Zip 170N Vest\u0103 de Salvare din fibr\u0103 de carbon, Azur- BoatsExpert","isPartOf":{"@id":"https:\/\/boat-demo.axiomprotocol.org\/ro\/#website"},"primaryImageOfPage":{"@id":"https:\/\/boat-demo.axiomprotocol.org\/ro\/produs\/seasafe-i-zip-170n-vesta-de-salvare-acoperire-din-fibra-de-carbon-logo-be-azur\/#primaryimage"},"image":{"@id":"https:\/\/boat-demo.axiomprotocol.org\/ro\/produs\/seasafe-i-zip-170n-vesta-de-salvare-acoperire-din-fibra-de-carbon-logo-be-azur\/#primaryimage"},"thumbnailUrl":"https:\/\/boat-demo.axiomprotocol.org\/wp-content\/uploads\/2024\/08\/Azure.png","datePublished":"2024-08-22T13:40:46+00:00","dateModified":"2024-08-23T14:34:20+00:00","description":"Vesta de salvare SeaSafe Carbon Fibre de la Boats Expert. Gama larg\u0103 de echipamente de siguran\u021b\u0103 pentru b\u0103rci cu motor, cu livrare \u00een toat\u0103 Europa.","breadcrumb":{"@id":"https:\/\/boat-demo.axiomprotocol.org\/ro\/produs\/seasafe-i-zip-170n-vesta-de-salvare-acoperire-din-fibra-de-carbon-logo-be-azur\/#breadcrumb"},"inLanguage":"ro-RO","potentialAction":[{"@type":"ReadAction","target":["https:\/\/boat-demo.axiomprotocol.org\/ro\/produs\/seasafe-i-zip-170n-vesta-de-salvare-acoperire-din-fibra-de-carbon-logo-be-azur\/"]}]},{"@type":"ImageObject","inLanguage":"ro-RO","@id":"https:\/\/boat-demo.axiomprotocol.org\/ro\/produs\/seasafe-i-zip-170n-vesta-de-salvare-acoperire-din-fibra-de-carbon-logo-be-azur\/#primaryimage","url":"https:\/\/boat-demo.axiomprotocol.org\/wp-content\/uploads\/2024\/08\/Azure.png","contentUrl":"https:\/\/boat-demo.axiomprotocol.org\/wp-content\/uploads\/2024\/08\/Azure.png","width":555,"height":478},{"@type":"BreadcrumbList","@id":"https:\/\/boat-demo.axiomprotocol.org\/ro\/produs\/seasafe-i-zip-170n-vesta-de-salvare-acoperire-din-fibra-de-carbon-logo-be-azur\/#breadcrumb","itemListElement":[{"@type":"ListItem","position":1,"name":"Home","item":"https:\/\/boat-demo.axiomprotocol.org\/"},{"@type":"ListItem","position":2,"name":"Shop Online &#8211; cel mai bun magazin pentru echipamente pentru b\u0103rci","item":"https:\/\/boat-demo.axiomprotocol.org\/ro\/shop-ro\/"},{"@type":"ListItem","position":3,"name":"Seasafe I-Zip 170N Vest\u0103 de Salvare Acoperire din fibr\u0103 de carbon Logo BE, Azur"}]},{"@type":"WebSite","@id":"https:\/\/boat-demo.axiomprotocol.org\/ro\/#website","url":"https:\/\/boat-demo.axiomprotocol.org\/ro\/","name":"BoatsExpert","description":"Boats, Service, Equipment","publisher":{"@id":"https:\/\/boat-demo.axiomprotocol.org\/ro\/#organization"},"potentialAction":[{"@type":"SearchAction","target":{"@type":"EntryPoint","urlTemplate":"https:\/\/boat-demo.axiomprotocol.org\/ro\/?s={search_term_string}"},"query-input":{"@type":"PropertyValueSpecification","valueRequired":true,"valueName":"search_term_string"}}],"inLanguage":"ro-RO"},{"@type":"Organization","@id":"https:\/\/boat-demo.axiomprotocol.org\/ro\/#organization","name":"BoatsExpert","url":"https:\/\/boat-demo.axiomprotocol.org\/ro\/","logo":{"@type":"ImageObject","inLanguage":"ro-RO","@id":"https:\/\/boat-demo.axiomprotocol.org\/ro\/#\/schema\/logo\/image\/","url":"https:\/\/boat-demo.axiomprotocol.org\/wp-content\/uploads\/2023\/05\/white-logo60.svg","contentUrl":"https:\/\/boat-demo.axiomprotocol.org\/wp-content\/uploads\/2023\/05\/white-logo60.svg","width":90,"height":60,"caption":"BoatsExpert"},"image":{"@id":"https:\/\/boat-demo.axiomprotocol.org\/ro\/#\/schema\/logo\/image\/"}}]}},"_links":{"self":[{"href":"https:\/\/boat-demo.axiomprotocol.org\/ro\/wp-json\/wp\/v2\/product\/37178","targetHints":{"allow":["GET"]}}],"collection":[{"href":"https:\/\/boat-demo.axiomprotocol.org\/ro\/wp-json\/wp\/v2\/product"}],"about":[{"href":"https:\/\/boat-demo.axiomprotocol.org\/ro\/wp-json\/wp\/v2\/types\/product"}],"replies":[{"embeddable":true,"href":"https:\/\/boat-demo.axiomprotocol.org\/ro\/wp-json\/wp\/v2\/comments?post=37178"}],"version-history":[{"count":5,"href":"https:\/\/boat-demo.axiomprotocol.org\/ro\/wp-json\/wp\/v2\/product\/37178\/revisions"}],"predecessor-version":[{"id":37248,"href":"https:\/\/boat-demo.axiomprotocol.org\/ro\/wp-json\/wp\/v2\/product\/37178\/revisions\/37248"}],"wp:featuredmedia":[{"embeddable":true,"href":"https:\/\/boat-demo.axiomprotocol.org\/ro\/wp-json\/wp\/v2\/media\/37180"}],"wp:attachment":[{"href":"https:\/\/boat-demo.axiomprotocol.org\/ro\/wp-json\/wp\/v2\/media?parent=37178"}],"wp:term":[{"taxonomy":"product_brand","embeddable":true,"href":"https:\/\/boat-demo.axiomprotocol.org\/ro\/wp-json\/wp\/v2\/product_brand?post=37178"},{"taxonomy":"product_cat","embeddable":true,"href":"https:\/\/boat-demo.axiomprotocol.org\/ro\/wp-json\/wp\/v2\/product_cat?post=37178"},{"taxonomy":"product_tag","embeddable":true,"href":"https:\/\/boat-demo.axiomprotocol.org\/ro\/wp-json\/wp\/v2\/product_tag?post=37178"}],"curies":[{"name":"wp","href":"https:\/\/api.w.org\/{rel}","templated":true}]}}