{"id":37123,"date":"2024-08-22T15:19:36","date_gmt":"2024-08-22T12:19:36","guid":{"rendered":"https:\/\/boat-demo.axiomprotocol.org\/?post_type=product&#038;p=37123"},"modified":"2024-08-23T17:36:48","modified_gmt":"2024-08-23T14:36:48","slug":"seasafe-i-zip-170n-vesta-de-salvare-logo-be-violet","status":"publish","type":"product","link":"https:\/\/boat-demo.axiomprotocol.org\/ro\/produs\/seasafe-i-zip-170n-vesta-de-salvare-logo-be-violet\/","title":{"rendered":"Seasafe I-Zip 170N Vest\u0103 de Salvare Logo BE, Violet"},"content":{"rendered":"\t\t<div data-elementor-type=\"wp-post\" data-elementor-id=\"37123\" class=\"elementor elementor-37123 elementor-37122\">\n\t\t\t\t\t\t<section class=\"elementor-section elementor-top-section elementor-element elementor-element-20e960c elementor-section-boxed elementor-section-height-default elementor-section-height-default\" data-id=\"20e960c\" data-element_type=\"section\" data-e-type=\"section\">\n\t\t\t\t\t\t<div class=\"elementor-container elementor-column-gap-default\">\n\t\t\t\t\t<div class=\"elementor-column elementor-col-100 elementor-top-column elementor-element elementor-element-1c57ee0\" data-id=\"1c57ee0\" data-element_type=\"column\" data-e-type=\"column\">\n\t\t\t<div class=\"elementor-widget-wrap elementor-element-populated\">\n\t\t\t\t\t\t<div class=\"elementor-element elementor-element-142c0eb elementor-widget elementor-widget-heading\" data-id=\"142c0eb\" data-element_type=\"widget\" data-e-type=\"widget\" data-widget_type=\"heading.default\">\n\t\t\t\t<div class=\"elementor-widget-container\">\n\t\t\t\t\t<h6 class=\"elementor-heading-title elementor-size-large\">Descriere<\/h6>\t\t\t\t<\/div>\n\t\t\t\t<\/div>\n\t\t\t\t\t<\/div>\n\t\t<\/div>\n\t\t\t\t\t<\/div>\n\t\t<\/section>\n\t\t\t\t<section class=\"elementor-section elementor-top-section elementor-element elementor-element-4a6b15d elementor-section-boxed elementor-section-height-default elementor-section-height-default\" data-id=\"4a6b15d\" data-element_type=\"section\" data-e-type=\"section\">\n\t\t\t\t\t\t<div class=\"elementor-container elementor-column-gap-default\">\n\t\t\t\t\t<div class=\"elementor-column elementor-col-100 elementor-top-column elementor-element elementor-element-033dcd6\" data-id=\"033dcd6\" data-element_type=\"column\" data-e-type=\"column\">\n\t\t\t<div class=\"elementor-widget-wrap elementor-element-populated\">\n\t\t\t\t\t\t<div class=\"elementor-element elementor-element-f9440fe elementor-widget elementor-widget-text-editor\" data-id=\"f9440fe\" data-element_type=\"widget\" data-e-type=\"widget\" data-widget_type=\"text-editor.default\">\n\t\t\t\t<div class=\"elementor-widget-container\">\n\t\t\t\t\t\t\t\t\t<p>Toate vestele de salvare I-Zip 170N (Violet) sunt acum echipate standard cu etichete NFC. Eticheta NFC include specifica\u021biile vestei de salvare \u0219i istoricul de \u00eentre\u021binere, astfel \u00eenc\u00e2t acestea s\u0103 poat\u0103 fi citite cu u\u0219urin\u021b\u0103. Alte informa\u021bii pot fi ad\u0103ugate, cum ar fi datele de contact ale proprietarului, informa\u021bii medicale etc. V\u0103 rug\u0103m s\u0103 utiliza\u021bi meniul derulant de mai jos pentru a ad\u0103uga orice informa\u021bie necesar\u0103.<\/p>\t\t\t\t\t\t\t\t<\/div>\n\t\t\t\t<\/div>\n\t\t\t\t<div class=\"elementor-element elementor-element-dac5f3f elementor-widget elementor-widget-text-editor\" data-id=\"dac5f3f\" data-element_type=\"widget\" data-e-type=\"widget\" data-widget_type=\"text-editor.default\">\n\t\t\t\t<div class=\"elementor-widget-container\">\n\t\t\t\t\t\t\t\t\t<div class=\"row\"><div class=\"col-md-6\"><div><span style=\"color: #222222;font-family: Poppins\"><span style=\"font-size: 21px\"><b>\u00a0<\/b><\/span><\/span><\/div><ul class=\"tt-list03\"><li>Made in Britain<\/li><li>Patented design<\/li><li>Lightweight at only 1.2 kg<\/li><li>170 Newton Lifejacket, inflates to 170N<\/li><li>33g CO2 bottle<\/li><li>Oral back-up inflation<\/li><li>Manual back-up inflation on Automatic Lifejackets<\/li><li>Concealed, pea-less whistle<\/li><li>Retro-reflective tape on lung (seen on inflation)<\/li><li>Padded soft &amp; comfortable collar<\/li><li>Outside front zip to allow easy access to the firing mechanism &amp; gas (CO2) bottle<\/li><li>Normal Size Lifejacket fits chest between 68cm -144cm<\/li><li>Single crotch strap fitted as standard<\/li><\/ul><\/div><\/div>\t\t\t\t\t\t\t\t<\/div>\n\t\t\t\t<\/div>\n\t\t\t\t<div class=\"elementor-element elementor-element-da714fd elementor-widget elementor-widget-text-editor\" data-id=\"da714fd\" data-element_type=\"widget\" data-e-type=\"widget\" data-widget_type=\"text-editor.default\">\n\t\t\t\t<div class=\"elementor-widget-container\">\n\t\t\t\t\t\t\t\t\t<p><br \/>I-Zip Inflatable 170N Life Jacket \u2013 Black front cover zip allows easy access to the firing mechanism for any pre-operation checks.<\/p><p>Our Life jackets have a unique removable front cover which can be changed, washed or replaced if necessary.<\/p>\t\t\t\t\t\t\t\t<\/div>\n\t\t\t\t<\/div>\n\t\t\t\t\t<\/div>\n\t\t<\/div>\n\t\t\t\t\t<\/div>\n\t\t<\/section>\n\t\t\t\t<\/div>\n\t\t","protected":false},"excerpt":{"rendered":"<p>&nbsp;<\/p>\n<h5>I-Zip 170N Vest\u0103 de Salvare, Logo BE \u2013 Violet<\/h5>\n<p>Certificat\u0103 la 150N conform standardului ISO12402 \u2013 flotabilitate testat\u0103 de 170N.<\/p>\n","protected":false},"featured_media":37125,"comment_status":"open","ping_status":"closed","template":"","meta":{"_acf_changed":false,"inline_featured_image":false},"product_brand":[],"product_cat":[427],"product_tag":[],"class_list":{"0":"post-37123","1":"product","2":"type-product","3":"status-publish","4":"has-post-thumbnail","6":"product_cat-echipament-navigatie","7":"tt-post","9":"first","10":"instock","11":"shipping-taxable","12":"purchasable","13":"product-type-simple"},"acf":[],"yoast_head":"<!-- This site is optimized with the Yoast SEO plugin v27.4 - https:\/\/yoast.com\/product\/yoast-seo-wordpress\/ -->\n<title>Seasafe I-Zip 170N Vest\u0103 de Salvare Logo BE, Violet - BoatsExpert<\/title>\n<meta name=\"description\" content=\"Vest\u0103 de salvare Seasafe de la Boats Expert, dealerul oficial. Gam\u0103 variat\u0103 de echipamente de siguran\u021b\u0103 pentru b\u0103rci cu motor, cu livrare \u00een toat\u0103 Europa.\" \/>\n<meta name=\"robots\" content=\"index, follow, max-snippet:-1, max-image-preview:large, max-video-preview:-1\" \/>\n<link rel=\"canonical\" href=\"https:\/\/boat-demo.axiomprotocol.org\/ro\/produs\/seasafe-i-zip-170n-vesta-de-salvare-logo-be-violet\/\" \/>\n<meta property=\"og:locale\" content=\"ro_RO\" \/>\n<meta property=\"og:type\" content=\"article\" \/>\n<meta property=\"og:title\" content=\"Seasafe I-Zip 170N Vest\u0103 de Salvare Logo BE, Violet - BoatsExpert\" \/>\n<meta property=\"og:description\" content=\"Vest\u0103 de salvare Seasafe de la Boats Expert, dealerul oficial. Gam\u0103 variat\u0103 de echipamente de siguran\u021b\u0103 pentru b\u0103rci cu motor, cu livrare \u00een toat\u0103 Europa.\" \/>\n<meta property=\"og:url\" content=\"https:\/\/boat-demo.axiomprotocol.org\/ro\/produs\/seasafe-i-zip-170n-vesta-de-salvare-logo-be-violet\/\" \/>\n<meta property=\"og:site_name\" content=\"BoatsExpert\" \/>\n<meta property=\"article:modified_time\" content=\"2024-08-23T14:36:48+00:00\" \/>\n<meta property=\"og:image\" content=\"https:\/\/boat-demo.axiomprotocol.org\/wp-content\/uploads\/2024\/08\/170N-LifeJacket-Purple.png\" \/>\n\t<meta property=\"og:image:width\" content=\"555\" \/>\n\t<meta property=\"og:image:height\" content=\"478\" \/>\n\t<meta property=\"og:image:type\" content=\"image\/png\" \/>\n<meta name=\"twitter:card\" content=\"summary_large_image\" \/>\n<meta name=\"twitter:label1\" content=\"Timp estimat pentru citire\" \/>\n\t<meta name=\"twitter:data1\" content=\"1 minut\" \/>\n<script type=\"application\/ld+json\" class=\"yoast-schema-graph\">{\"@context\":\"https:\\\/\\\/schema.org\",\"@graph\":[{\"@type\":\"WebPage\",\"@id\":\"https:\\\/\\\/boat-demo.axiomprotocol.org\\\/ro\\\/produs\\\/seasafe-i-zip-170n-vesta-de-salvare-logo-be-violet\\\/\",\"url\":\"https:\\\/\\\/boat-demo.axiomprotocol.org\\\/ro\\\/produs\\\/seasafe-i-zip-170n-vesta-de-salvare-logo-be-violet\\\/\",\"name\":\"Seasafe I-Zip 170N Vest\u0103 de Salvare Logo BE, Violet - BoatsExpert\",\"isPartOf\":{\"@id\":\"https:\\\/\\\/boat-demo.axiomprotocol.org\\\/ro\\\/#website\"},\"primaryImageOfPage\":{\"@id\":\"https:\\\/\\\/boat-demo.axiomprotocol.org\\\/ro\\\/produs\\\/seasafe-i-zip-170n-vesta-de-salvare-logo-be-violet\\\/#primaryimage\"},\"image\":{\"@id\":\"https:\\\/\\\/boat-demo.axiomprotocol.org\\\/ro\\\/produs\\\/seasafe-i-zip-170n-vesta-de-salvare-logo-be-violet\\\/#primaryimage\"},\"thumbnailUrl\":\"https:\\\/\\\/boat-demo.axiomprotocol.org\\\/wp-content\\\/uploads\\\/2024\\\/08\\\/170N-LifeJacket-Purple.png\",\"datePublished\":\"2024-08-22T12:19:36+00:00\",\"dateModified\":\"2024-08-23T14:36:48+00:00\",\"description\":\"Vest\u0103 de salvare Seasafe de la Boats Expert, dealerul oficial. Gam\u0103 variat\u0103 de echipamente de siguran\u021b\u0103 pentru b\u0103rci cu motor, cu livrare \u00een toat\u0103 Europa.\",\"breadcrumb\":{\"@id\":\"https:\\\/\\\/boat-demo.axiomprotocol.org\\\/ro\\\/produs\\\/seasafe-i-zip-170n-vesta-de-salvare-logo-be-violet\\\/#breadcrumb\"},\"inLanguage\":\"ro-RO\",\"potentialAction\":[{\"@type\":\"ReadAction\",\"target\":[\"https:\\\/\\\/boat-demo.axiomprotocol.org\\\/ro\\\/produs\\\/seasafe-i-zip-170n-vesta-de-salvare-logo-be-violet\\\/\"]}]},{\"@type\":\"ImageObject\",\"inLanguage\":\"ro-RO\",\"@id\":\"https:\\\/\\\/boat-demo.axiomprotocol.org\\\/ro\\\/produs\\\/seasafe-i-zip-170n-vesta-de-salvare-logo-be-violet\\\/#primaryimage\",\"url\":\"https:\\\/\\\/boat-demo.axiomprotocol.org\\\/wp-content\\\/uploads\\\/2024\\\/08\\\/170N-LifeJacket-Purple.png\",\"contentUrl\":\"https:\\\/\\\/boat-demo.axiomprotocol.org\\\/wp-content\\\/uploads\\\/2024\\\/08\\\/170N-LifeJacket-Purple.png\",\"width\":555,\"height\":478},{\"@type\":\"BreadcrumbList\",\"@id\":\"https:\\\/\\\/boat-demo.axiomprotocol.org\\\/ro\\\/produs\\\/seasafe-i-zip-170n-vesta-de-salvare-logo-be-violet\\\/#breadcrumb\",\"itemListElement\":[{\"@type\":\"ListItem\",\"position\":1,\"name\":\"Home\",\"item\":\"https:\\\/\\\/boat-demo.axiomprotocol.org\\\/\"},{\"@type\":\"ListItem\",\"position\":2,\"name\":\"Shop Online &#8211; cel mai bun magazin pentru echipamente pentru b\u0103rci\",\"item\":\"https:\\\/\\\/boat-demo.axiomprotocol.org\\\/ro\\\/shop-ro\\\/\"},{\"@type\":\"ListItem\",\"position\":3,\"name\":\"Seasafe I-Zip 170N Vest\u0103 de Salvare Logo BE, Violet\"}]},{\"@type\":\"WebSite\",\"@id\":\"https:\\\/\\\/boat-demo.axiomprotocol.org\\\/ro\\\/#website\",\"url\":\"https:\\\/\\\/boat-demo.axiomprotocol.org\\\/ro\\\/\",\"name\":\"BoatsExpert\",\"description\":\"Boats, Service, Equipment\",\"publisher\":{\"@id\":\"https:\\\/\\\/boat-demo.axiomprotocol.org\\\/ro\\\/#organization\"},\"potentialAction\":[{\"@type\":\"SearchAction\",\"target\":{\"@type\":\"EntryPoint\",\"urlTemplate\":\"https:\\\/\\\/boat-demo.axiomprotocol.org\\\/ro\\\/?s={search_term_string}\"},\"query-input\":{\"@type\":\"PropertyValueSpecification\",\"valueRequired\":true,\"valueName\":\"search_term_string\"}}],\"inLanguage\":\"ro-RO\"},{\"@type\":\"Organization\",\"@id\":\"https:\\\/\\\/boat-demo.axiomprotocol.org\\\/ro\\\/#organization\",\"name\":\"BoatsExpert\",\"url\":\"https:\\\/\\\/boat-demo.axiomprotocol.org\\\/ro\\\/\",\"logo\":{\"@type\":\"ImageObject\",\"inLanguage\":\"ro-RO\",\"@id\":\"https:\\\/\\\/boat-demo.axiomprotocol.org\\\/ro\\\/#\\\/schema\\\/logo\\\/image\\\/\",\"url\":\"https:\\\/\\\/boat-demo.axiomprotocol.org\\\/wp-content\\\/uploads\\\/2023\\\/05\\\/white-logo60.svg\",\"contentUrl\":\"https:\\\/\\\/boat-demo.axiomprotocol.org\\\/wp-content\\\/uploads\\\/2023\\\/05\\\/white-logo60.svg\",\"width\":90,\"height\":60,\"caption\":\"BoatsExpert\"},\"image\":{\"@id\":\"https:\\\/\\\/boat-demo.axiomprotocol.org\\\/ro\\\/#\\\/schema\\\/logo\\\/image\\\/\"}}]}<\/script>\n<!-- \/ Yoast SEO plugin. -->","yoast_head_json":{"title":"Seasafe I-Zip 170N Vest\u0103 de Salvare Logo BE, Violet - BoatsExpert","description":"Vest\u0103 de salvare Seasafe de la Boats Expert, dealerul oficial. Gam\u0103 variat\u0103 de echipamente de siguran\u021b\u0103 pentru b\u0103rci cu motor, cu livrare \u00een toat\u0103 Europa.","robots":{"index":"index","follow":"follow","max-snippet":"max-snippet:-1","max-image-preview":"max-image-preview:large","max-video-preview":"max-video-preview:-1"},"canonical":"https:\/\/boat-demo.axiomprotocol.org\/ro\/produs\/seasafe-i-zip-170n-vesta-de-salvare-logo-be-violet\/","og_locale":"ro_RO","og_type":"article","og_title":"Seasafe I-Zip 170N Vest\u0103 de Salvare Logo BE, Violet - BoatsExpert","og_description":"Vest\u0103 de salvare Seasafe de la Boats Expert, dealerul oficial. Gam\u0103 variat\u0103 de echipamente de siguran\u021b\u0103 pentru b\u0103rci cu motor, cu livrare \u00een toat\u0103 Europa.","og_url":"https:\/\/boat-demo.axiomprotocol.org\/ro\/produs\/seasafe-i-zip-170n-vesta-de-salvare-logo-be-violet\/","og_site_name":"BoatsExpert","article_modified_time":"2024-08-23T14:36:48+00:00","og_image":[{"width":555,"height":478,"url":"https:\/\/boat-demo.axiomprotocol.org\/wp-content\/uploads\/2024\/08\/170N-LifeJacket-Purple.png","type":"image\/png"}],"twitter_card":"summary_large_image","twitter_misc":{"Timp estimat pentru citire":"1 minut"},"schema":{"@context":"https:\/\/schema.org","@graph":[{"@type":"WebPage","@id":"https:\/\/boat-demo.axiomprotocol.org\/ro\/produs\/seasafe-i-zip-170n-vesta-de-salvare-logo-be-violet\/","url":"https:\/\/boat-demo.axiomprotocol.org\/ro\/produs\/seasafe-i-zip-170n-vesta-de-salvare-logo-be-violet\/","name":"Seasafe I-Zip 170N Vest\u0103 de Salvare Logo BE, Violet - BoatsExpert","isPartOf":{"@id":"https:\/\/boat-demo.axiomprotocol.org\/ro\/#website"},"primaryImageOfPage":{"@id":"https:\/\/boat-demo.axiomprotocol.org\/ro\/produs\/seasafe-i-zip-170n-vesta-de-salvare-logo-be-violet\/#primaryimage"},"image":{"@id":"https:\/\/boat-demo.axiomprotocol.org\/ro\/produs\/seasafe-i-zip-170n-vesta-de-salvare-logo-be-violet\/#primaryimage"},"thumbnailUrl":"https:\/\/boat-demo.axiomprotocol.org\/wp-content\/uploads\/2024\/08\/170N-LifeJacket-Purple.png","datePublished":"2024-08-22T12:19:36+00:00","dateModified":"2024-08-23T14:36:48+00:00","description":"Vest\u0103 de salvare Seasafe de la Boats Expert, dealerul oficial. Gam\u0103 variat\u0103 de echipamente de siguran\u021b\u0103 pentru b\u0103rci cu motor, cu livrare \u00een toat\u0103 Europa.","breadcrumb":{"@id":"https:\/\/boat-demo.axiomprotocol.org\/ro\/produs\/seasafe-i-zip-170n-vesta-de-salvare-logo-be-violet\/#breadcrumb"},"inLanguage":"ro-RO","potentialAction":[{"@type":"ReadAction","target":["https:\/\/boat-demo.axiomprotocol.org\/ro\/produs\/seasafe-i-zip-170n-vesta-de-salvare-logo-be-violet\/"]}]},{"@type":"ImageObject","inLanguage":"ro-RO","@id":"https:\/\/boat-demo.axiomprotocol.org\/ro\/produs\/seasafe-i-zip-170n-vesta-de-salvare-logo-be-violet\/#primaryimage","url":"https:\/\/boat-demo.axiomprotocol.org\/wp-content\/uploads\/2024\/08\/170N-LifeJacket-Purple.png","contentUrl":"https:\/\/boat-demo.axiomprotocol.org\/wp-content\/uploads\/2024\/08\/170N-LifeJacket-Purple.png","width":555,"height":478},{"@type":"BreadcrumbList","@id":"https:\/\/boat-demo.axiomprotocol.org\/ro\/produs\/seasafe-i-zip-170n-vesta-de-salvare-logo-be-violet\/#breadcrumb","itemListElement":[{"@type":"ListItem","position":1,"name":"Home","item":"https:\/\/boat-demo.axiomprotocol.org\/"},{"@type":"ListItem","position":2,"name":"Shop Online &#8211; cel mai bun magazin pentru echipamente pentru b\u0103rci","item":"https:\/\/boat-demo.axiomprotocol.org\/ro\/shop-ro\/"},{"@type":"ListItem","position":3,"name":"Seasafe I-Zip 170N Vest\u0103 de Salvare Logo BE, Violet"}]},{"@type":"WebSite","@id":"https:\/\/boat-demo.axiomprotocol.org\/ro\/#website","url":"https:\/\/boat-demo.axiomprotocol.org\/ro\/","name":"BoatsExpert","description":"Boats, Service, Equipment","publisher":{"@id":"https:\/\/boat-demo.axiomprotocol.org\/ro\/#organization"},"potentialAction":[{"@type":"SearchAction","target":{"@type":"EntryPoint","urlTemplate":"https:\/\/boat-demo.axiomprotocol.org\/ro\/?s={search_term_string}"},"query-input":{"@type":"PropertyValueSpecification","valueRequired":true,"valueName":"search_term_string"}}],"inLanguage":"ro-RO"},{"@type":"Organization","@id":"https:\/\/boat-demo.axiomprotocol.org\/ro\/#organization","name":"BoatsExpert","url":"https:\/\/boat-demo.axiomprotocol.org\/ro\/","logo":{"@type":"ImageObject","inLanguage":"ro-RO","@id":"https:\/\/boat-demo.axiomprotocol.org\/ro\/#\/schema\/logo\/image\/","url":"https:\/\/boat-demo.axiomprotocol.org\/wp-content\/uploads\/2023\/05\/white-logo60.svg","contentUrl":"https:\/\/boat-demo.axiomprotocol.org\/wp-content\/uploads\/2023\/05\/white-logo60.svg","width":90,"height":60,"caption":"BoatsExpert"},"image":{"@id":"https:\/\/boat-demo.axiomprotocol.org\/ro\/#\/schema\/logo\/image\/"}}]}},"_links":{"self":[{"href":"https:\/\/boat-demo.axiomprotocol.org\/ro\/wp-json\/wp\/v2\/product\/37123","targetHints":{"allow":["GET"]}}],"collection":[{"href":"https:\/\/boat-demo.axiomprotocol.org\/ro\/wp-json\/wp\/v2\/product"}],"about":[{"href":"https:\/\/boat-demo.axiomprotocol.org\/ro\/wp-json\/wp\/v2\/types\/product"}],"replies":[{"embeddable":true,"href":"https:\/\/boat-demo.axiomprotocol.org\/ro\/wp-json\/wp\/v2\/comments?post=37123"}],"version-history":[{"count":5,"href":"https:\/\/boat-demo.axiomprotocol.org\/ro\/wp-json\/wp\/v2\/product\/37123\/revisions"}],"predecessor-version":[{"id":37256,"href":"https:\/\/boat-demo.axiomprotocol.org\/ro\/wp-json\/wp\/v2\/product\/37123\/revisions\/37256"}],"wp:featuredmedia":[{"embeddable":true,"href":"https:\/\/boat-demo.axiomprotocol.org\/ro\/wp-json\/wp\/v2\/media\/37125"}],"wp:attachment":[{"href":"https:\/\/boat-demo.axiomprotocol.org\/ro\/wp-json\/wp\/v2\/media?parent=37123"}],"wp:term":[{"taxonomy":"product_brand","embeddable":true,"href":"https:\/\/boat-demo.axiomprotocol.org\/ro\/wp-json\/wp\/v2\/product_brand?post=37123"},{"taxonomy":"product_cat","embeddable":true,"href":"https:\/\/boat-demo.axiomprotocol.org\/ro\/wp-json\/wp\/v2\/product_cat?post=37123"},{"taxonomy":"product_tag","embeddable":true,"href":"https:\/\/boat-demo.axiomprotocol.org\/ro\/wp-json\/wp\/v2\/product_tag?post=37123"}],"curies":[{"name":"wp","href":"https:\/\/api.w.org\/{rel}","templated":true}]}}