{"id":36587,"date":"2024-05-31T15:36:17","date_gmt":"2024-05-31T12:36:18","guid":{"rendered":"https:\/\/boat-demo.axiomprotocol.org\/?post_type=product&#038;p=36587"},"modified":"2024-05-31T15:46:20","modified_gmt":"2024-05-31T12:46:20","slug":"t-h-marine-suport-naluci-magnetic","status":"publish","type":"product","link":"https:\/\/boat-demo.axiomprotocol.org\/ro\/produs\/t-h-marine-suport-naluci-magnetic\/","title":{"rendered":"T-H Marine Suport naluci magnetic"},"content":{"rendered":"\t\t<div data-elementor-type=\"wp-post\" data-elementor-id=\"36587\" class=\"elementor elementor-36587 elementor-36586\">\n\t\t\t\t\t\t<section class=\"elementor-section elementor-top-section elementor-element elementor-element-20e960c elementor-section-boxed elementor-section-height-default elementor-section-height-default\" data-id=\"20e960c\" data-element_type=\"section\" data-e-type=\"section\">\n\t\t\t\t\t\t<div class=\"elementor-container elementor-column-gap-default\">\n\t\t\t\t\t<div class=\"elementor-column elementor-col-100 elementor-top-column elementor-element elementor-element-5dbea2c\" data-id=\"5dbea2c\" data-element_type=\"column\" data-e-type=\"column\">\n\t\t\t<div class=\"elementor-widget-wrap elementor-element-populated\">\n\t\t\t\t\t\t<div class=\"elementor-element elementor-element-6e689f3 elementor-widget elementor-widget-heading\" data-id=\"6e689f3\" data-element_type=\"widget\" data-e-type=\"widget\" data-widget_type=\"heading.default\">\n\t\t\t\t<div class=\"elementor-widget-container\">\n\t\t\t\t\t<h3 class=\"elementor-heading-title elementor-size-default\">Caracteristici<\/h3>\t\t\t\t<\/div>\n\t\t\t\t<\/div>\n\t\t\t\t\t<\/div>\n\t\t<\/div>\n\t\t\t\t\t<\/div>\n\t\t<\/section>\n\t\t\t\t<section class=\"elementor-section elementor-top-section elementor-element elementor-element-6765258 elementor-section-boxed elementor-section-height-default elementor-section-height-default\" data-id=\"6765258\" data-element_type=\"section\" data-e-type=\"section\">\n\t\t\t\t\t\t<div class=\"elementor-container elementor-column-gap-default\">\n\t\t\t\t\t<div class=\"elementor-column elementor-col-100 elementor-top-column elementor-element elementor-element-bb97382\" data-id=\"bb97382\" data-element_type=\"column\" data-e-type=\"column\">\n\t\t\t<div class=\"elementor-widget-wrap elementor-element-populated\">\n\t\t\t\t\t\t<div class=\"elementor-element elementor-element-6523bce elementor-widget elementor-widget-text-editor\" data-id=\"6523bce\" data-element_type=\"widget\" data-e-type=\"widget\" data-widget_type=\"text-editor.default\">\n\t\t\t\t<div class=\"elementor-widget-container\">\n\t\t\t\t\t\t\t\t\t<ul class=\"tt-list03\"><li>Aceea\u0219i gestionare inovatoare a echipamentului de pescuit ca \u0219i la modelul original TACKLE TITAN &#8211; \u00eentr-o scar\u0103 mai mic\u0103<\/li><li>P\u0103streaz\u0103 ce ai nevoie unde ai nevoie<\/li><li>Raft magnetic pentru diverse obiecte<\/li><li>Design compact pentru plasare versatil\u0103<\/li><li>Magne\u021bi Neodymium super puternici pentru prindere sigur\u0103<\/li><li>Ac\u021biune u\u0219oar\u0103 de alunecare cu presiune aplicat\u0103<\/li><li>Se monteaz\u0103 pe orice suprafa\u021b\u0103 plan\u0103 cu banda 3M sau fixatoarele incluse<\/li><\/ul>\t\t\t\t\t\t\t\t<\/div>\n\t\t\t\t<\/div>\n\t\t\t\t\t<\/div>\n\t\t<\/div>\n\t\t\t\t\t<\/div>\n\t\t<\/section>\n\t\t\t\t<\/div>\n\t\t","protected":false},"excerpt":{"rendered":"<p>&nbsp;<\/p>\n<div class=\"woocommerce-product-details__short-description\">\n<div class=\"cart-detail-innr\">\n<p><strong>T-H Marine Suport naluci standard<\/strong><\/p>\n<p>\u00ce\u021bi prezent\u0103m TACKLE TITAN\u2122 MINI, suportul compact \u0219i puternic pentru momeli magnetice care transform\u0103 gestionarea echipamentului de pescuit pentru pescarii din \u00eentreaga lume.<\/p>\n<p>Proiectat de T-H Marine, un lider \u00een inova\u021bia maritim\u0103, aceast\u0103 versiune mai mic\u0103 a suportului magnetic patentat p\u0103streaz\u0103 aceea\u0219i putere ca \u0219i predecesorul s\u0103u, TACKLE TITAN original. Cu patru magne\u021bi Neodymium super puternici, aceast\u0103 unitate \u021bine ferm momelile \u0219i uneltele tale preferate \u00een timp ce le men\u021bine u\u0219or accesibile.<\/p>\n<p>Indiferent dac\u0103 e\u0219ti pe un iaht de pescuit sau pe o canoe, TACKLE TITAN\u2122 MINI se potrive\u0219te perfect \u00een spa\u021bii str\u00e2mte, asigur\u00e2ndu-se c\u0103 echipamentul t\u0103u esen\u021bial este \u00eentotdeauna la \u00eendem\u00e2n\u0103. Datorit\u0103 designului s\u0103u inovator, pescuitul nu a fost niciodat\u0103 mai convenabil.<\/p>\n<\/div>\n<\/div>\n","protected":false},"featured_media":36589,"comment_status":"open","ping_status":"closed","template":"","meta":{"_acf_changed":false,"inline_featured_image":false},"product_brand":[],"product_cat":[334,425],"product_tag":[],"class_list":{"0":"post-36587","1":"product","2":"type-product","3":"status-publish","4":"has-post-thumbnail","6":"product_cat-accesorii-marine-ro","7":"product_cat-t-h-marine-ro","8":"tt-post","10":"first","11":"instock","12":"shipping-taxable","13":"purchasable","14":"product-type-simple"},"acf":[],"yoast_head":"<!-- This site is optimized with the Yoast SEO plugin v27.4 - https:\/\/yoast.com\/product\/yoast-seo-wordpress\/ -->\n<title>T-H Marine Suport naluci magnetic - BoatsExpert<\/title>\n<meta name=\"robots\" content=\"index, follow, max-snippet:-1, max-image-preview:large, max-video-preview:-1\" \/>\n<link rel=\"canonical\" href=\"https:\/\/boat-demo.axiomprotocol.org\/ro\/produs\/t-h-marine-suport-naluci-magnetic\/\" \/>\n<meta property=\"og:locale\" content=\"ro_RO\" \/>\n<meta property=\"og:type\" content=\"article\" \/>\n<meta property=\"og:title\" content=\"T-H Marine Suport naluci magnetic - BoatsExpert\" \/>\n<meta property=\"og:description\" content=\"&nbsp;    T-H Marine Suport naluci standard  \u00ce\u021bi prezent\u0103m TACKLE TITAN\u2122 MINI, suportul compact \u0219i puternic pentru momeli magnetice care transform\u0103 gestionarea echipamentului de pescuit pentru pescarii din \u00eentreaga lume.  Proiectat de T-H Marine, un lider \u00een inova\u021bia maritim\u0103, aceast\u0103 versiune mai mic\u0103 a suportului magnetic patentat p\u0103streaz\u0103 aceea\u0219i putere ca \u0219i predecesorul s\u0103u, TACKLE TITAN original. Cu patru magne\u021bi Neodymium super puternici, aceast\u0103 unitate \u021bine ferm momelile \u0219i uneltele tale preferate \u00een timp ce le men\u021bine u\u0219or accesibile.  Indiferent dac\u0103 e\u0219ti pe un iaht de pescuit sau pe o canoe, TACKLE TITAN\u2122 MINI se potrive\u0219te perfect \u00een spa\u021bii str\u00e2mte, asigur\u00e2ndu-se c\u0103 echipamentul t\u0103u esen\u021bial este \u00eentotdeauna la \u00eendem\u00e2n\u0103. Datorit\u0103 designului s\u0103u inovator, pescuitul nu a fost niciodat\u0103 mai convenabil.\" \/>\n<meta property=\"og:url\" content=\"https:\/\/boat-demo.axiomprotocol.org\/ro\/produs\/t-h-marine-suport-naluci-magnetic\/\" \/>\n<meta property=\"og:site_name\" content=\"BoatsExpert\" \/>\n<meta property=\"article:modified_time\" content=\"2024-05-31T12:46:20+00:00\" \/>\n<meta property=\"og:image\" content=\"https:\/\/boat-demo.axiomprotocol.org\/wp-content\/uploads\/2024\/05\/black-tackle-titan-mini-magnetic-lure-holder-tackle-organizer-28275483508779_1296x.jpg\" \/>\n\t<meta property=\"og:image:width\" content=\"555\" \/>\n\t<meta property=\"og:image:height\" content=\"478\" \/>\n\t<meta property=\"og:image:type\" content=\"image\/jpeg\" \/>\n<meta name=\"twitter:card\" content=\"summary_large_image\" \/>\n<script type=\"application\/ld+json\" class=\"yoast-schema-graph\">{\"@context\":\"https:\\\/\\\/schema.org\",\"@graph\":[{\"@type\":\"WebPage\",\"@id\":\"https:\\\/\\\/boat-demo.axiomprotocol.org\\\/ro\\\/produs\\\/t-h-marine-suport-naluci-magnetic\\\/\",\"url\":\"https:\\\/\\\/boat-demo.axiomprotocol.org\\\/ro\\\/produs\\\/t-h-marine-suport-naluci-magnetic\\\/\",\"name\":\"T-H Marine Suport naluci magnetic - BoatsExpert\",\"isPartOf\":{\"@id\":\"https:\\\/\\\/boat-demo.axiomprotocol.org\\\/ro\\\/#website\"},\"primaryImageOfPage\":{\"@id\":\"https:\\\/\\\/boat-demo.axiomprotocol.org\\\/ro\\\/produs\\\/t-h-marine-suport-naluci-magnetic\\\/#primaryimage\"},\"image\":{\"@id\":\"https:\\\/\\\/boat-demo.axiomprotocol.org\\\/ro\\\/produs\\\/t-h-marine-suport-naluci-magnetic\\\/#primaryimage\"},\"thumbnailUrl\":\"https:\\\/\\\/boat-demo.axiomprotocol.org\\\/wp-content\\\/uploads\\\/2024\\\/05\\\/black-tackle-titan-mini-magnetic-lure-holder-tackle-organizer-28275483508779_1296x.jpg\",\"datePublished\":\"2024-05-31T12:36:18+00:00\",\"dateModified\":\"2024-05-31T12:46:20+00:00\",\"breadcrumb\":{\"@id\":\"https:\\\/\\\/boat-demo.axiomprotocol.org\\\/ro\\\/produs\\\/t-h-marine-suport-naluci-magnetic\\\/#breadcrumb\"},\"inLanguage\":\"ro-RO\",\"potentialAction\":[{\"@type\":\"ReadAction\",\"target\":[\"https:\\\/\\\/boat-demo.axiomprotocol.org\\\/ro\\\/produs\\\/t-h-marine-suport-naluci-magnetic\\\/\"]}]},{\"@type\":\"ImageObject\",\"inLanguage\":\"ro-RO\",\"@id\":\"https:\\\/\\\/boat-demo.axiomprotocol.org\\\/ro\\\/produs\\\/t-h-marine-suport-naluci-magnetic\\\/#primaryimage\",\"url\":\"https:\\\/\\\/boat-demo.axiomprotocol.org\\\/wp-content\\\/uploads\\\/2024\\\/05\\\/black-tackle-titan-mini-magnetic-lure-holder-tackle-organizer-28275483508779_1296x.jpg\",\"contentUrl\":\"https:\\\/\\\/boat-demo.axiomprotocol.org\\\/wp-content\\\/uploads\\\/2024\\\/05\\\/black-tackle-titan-mini-magnetic-lure-holder-tackle-organizer-28275483508779_1296x.jpg\",\"width\":555,\"height\":478,\"caption\":\"TH Marine\"},{\"@type\":\"BreadcrumbList\",\"@id\":\"https:\\\/\\\/boat-demo.axiomprotocol.org\\\/ro\\\/produs\\\/t-h-marine-suport-naluci-magnetic\\\/#breadcrumb\",\"itemListElement\":[{\"@type\":\"ListItem\",\"position\":1,\"name\":\"Home\",\"item\":\"https:\\\/\\\/boat-demo.axiomprotocol.org\\\/\"},{\"@type\":\"ListItem\",\"position\":2,\"name\":\"Shop Online &#8211; cel mai bun magazin pentru echipamente pentru b\u0103rci\",\"item\":\"https:\\\/\\\/boat-demo.axiomprotocol.org\\\/ro\\\/shop-ro\\\/\"},{\"@type\":\"ListItem\",\"position\":3,\"name\":\"T-H Marine Suport naluci magnetic\"}]},{\"@type\":\"WebSite\",\"@id\":\"https:\\\/\\\/boat-demo.axiomprotocol.org\\\/ro\\\/#website\",\"url\":\"https:\\\/\\\/boat-demo.axiomprotocol.org\\\/ro\\\/\",\"name\":\"BoatsExpert\",\"description\":\"Boats, Service, Equipment\",\"publisher\":{\"@id\":\"https:\\\/\\\/boat-demo.axiomprotocol.org\\\/ro\\\/#organization\"},\"potentialAction\":[{\"@type\":\"SearchAction\",\"target\":{\"@type\":\"EntryPoint\",\"urlTemplate\":\"https:\\\/\\\/boat-demo.axiomprotocol.org\\\/ro\\\/?s={search_term_string}\"},\"query-input\":{\"@type\":\"PropertyValueSpecification\",\"valueRequired\":true,\"valueName\":\"search_term_string\"}}],\"inLanguage\":\"ro-RO\"},{\"@type\":\"Organization\",\"@id\":\"https:\\\/\\\/boat-demo.axiomprotocol.org\\\/ro\\\/#organization\",\"name\":\"BoatsExpert\",\"url\":\"https:\\\/\\\/boat-demo.axiomprotocol.org\\\/ro\\\/\",\"logo\":{\"@type\":\"ImageObject\",\"inLanguage\":\"ro-RO\",\"@id\":\"https:\\\/\\\/boat-demo.axiomprotocol.org\\\/ro\\\/#\\\/schema\\\/logo\\\/image\\\/\",\"url\":\"https:\\\/\\\/boat-demo.axiomprotocol.org\\\/wp-content\\\/uploads\\\/2023\\\/05\\\/white-logo60.svg\",\"contentUrl\":\"https:\\\/\\\/boat-demo.axiomprotocol.org\\\/wp-content\\\/uploads\\\/2023\\\/05\\\/white-logo60.svg\",\"width\":90,\"height\":60,\"caption\":\"BoatsExpert\"},\"image\":{\"@id\":\"https:\\\/\\\/boat-demo.axiomprotocol.org\\\/ro\\\/#\\\/schema\\\/logo\\\/image\\\/\"}}]}<\/script>\n<!-- \/ Yoast SEO plugin. -->","yoast_head_json":{"title":"T-H Marine Suport naluci magnetic - BoatsExpert","robots":{"index":"index","follow":"follow","max-snippet":"max-snippet:-1","max-image-preview":"max-image-preview:large","max-video-preview":"max-video-preview:-1"},"canonical":"https:\/\/boat-demo.axiomprotocol.org\/ro\/produs\/t-h-marine-suport-naluci-magnetic\/","og_locale":"ro_RO","og_type":"article","og_title":"T-H Marine Suport naluci magnetic - BoatsExpert","og_description":"&nbsp;    T-H Marine Suport naluci standard  \u00ce\u021bi prezent\u0103m TACKLE TITAN\u2122 MINI, suportul compact \u0219i puternic pentru momeli magnetice care transform\u0103 gestionarea echipamentului de pescuit pentru pescarii din \u00eentreaga lume.  Proiectat de T-H Marine, un lider \u00een inova\u021bia maritim\u0103, aceast\u0103 versiune mai mic\u0103 a suportului magnetic patentat p\u0103streaz\u0103 aceea\u0219i putere ca \u0219i predecesorul s\u0103u, TACKLE TITAN original. Cu patru magne\u021bi Neodymium super puternici, aceast\u0103 unitate \u021bine ferm momelile \u0219i uneltele tale preferate \u00een timp ce le men\u021bine u\u0219or accesibile.  Indiferent dac\u0103 e\u0219ti pe un iaht de pescuit sau pe o canoe, TACKLE TITAN\u2122 MINI se potrive\u0219te perfect \u00een spa\u021bii str\u00e2mte, asigur\u00e2ndu-se c\u0103 echipamentul t\u0103u esen\u021bial este \u00eentotdeauna la \u00eendem\u00e2n\u0103. Datorit\u0103 designului s\u0103u inovator, pescuitul nu a fost niciodat\u0103 mai convenabil.","og_url":"https:\/\/boat-demo.axiomprotocol.org\/ro\/produs\/t-h-marine-suport-naluci-magnetic\/","og_site_name":"BoatsExpert","article_modified_time":"2024-05-31T12:46:20+00:00","og_image":[{"width":555,"height":478,"url":"https:\/\/boat-demo.axiomprotocol.org\/wp-content\/uploads\/2024\/05\/black-tackle-titan-mini-magnetic-lure-holder-tackle-organizer-28275483508779_1296x.jpg","type":"image\/jpeg"}],"twitter_card":"summary_large_image","schema":{"@context":"https:\/\/schema.org","@graph":[{"@type":"WebPage","@id":"https:\/\/boat-demo.axiomprotocol.org\/ro\/produs\/t-h-marine-suport-naluci-magnetic\/","url":"https:\/\/boat-demo.axiomprotocol.org\/ro\/produs\/t-h-marine-suport-naluci-magnetic\/","name":"T-H Marine Suport naluci magnetic - BoatsExpert","isPartOf":{"@id":"https:\/\/boat-demo.axiomprotocol.org\/ro\/#website"},"primaryImageOfPage":{"@id":"https:\/\/boat-demo.axiomprotocol.org\/ro\/produs\/t-h-marine-suport-naluci-magnetic\/#primaryimage"},"image":{"@id":"https:\/\/boat-demo.axiomprotocol.org\/ro\/produs\/t-h-marine-suport-naluci-magnetic\/#primaryimage"},"thumbnailUrl":"https:\/\/boat-demo.axiomprotocol.org\/wp-content\/uploads\/2024\/05\/black-tackle-titan-mini-magnetic-lure-holder-tackle-organizer-28275483508779_1296x.jpg","datePublished":"2024-05-31T12:36:18+00:00","dateModified":"2024-05-31T12:46:20+00:00","breadcrumb":{"@id":"https:\/\/boat-demo.axiomprotocol.org\/ro\/produs\/t-h-marine-suport-naluci-magnetic\/#breadcrumb"},"inLanguage":"ro-RO","potentialAction":[{"@type":"ReadAction","target":["https:\/\/boat-demo.axiomprotocol.org\/ro\/produs\/t-h-marine-suport-naluci-magnetic\/"]}]},{"@type":"ImageObject","inLanguage":"ro-RO","@id":"https:\/\/boat-demo.axiomprotocol.org\/ro\/produs\/t-h-marine-suport-naluci-magnetic\/#primaryimage","url":"https:\/\/boat-demo.axiomprotocol.org\/wp-content\/uploads\/2024\/05\/black-tackle-titan-mini-magnetic-lure-holder-tackle-organizer-28275483508779_1296x.jpg","contentUrl":"https:\/\/boat-demo.axiomprotocol.org\/wp-content\/uploads\/2024\/05\/black-tackle-titan-mini-magnetic-lure-holder-tackle-organizer-28275483508779_1296x.jpg","width":555,"height":478,"caption":"TH Marine"},{"@type":"BreadcrumbList","@id":"https:\/\/boat-demo.axiomprotocol.org\/ro\/produs\/t-h-marine-suport-naluci-magnetic\/#breadcrumb","itemListElement":[{"@type":"ListItem","position":1,"name":"Home","item":"https:\/\/boat-demo.axiomprotocol.org\/"},{"@type":"ListItem","position":2,"name":"Shop Online &#8211; cel mai bun magazin pentru echipamente pentru b\u0103rci","item":"https:\/\/boat-demo.axiomprotocol.org\/ro\/shop-ro\/"},{"@type":"ListItem","position":3,"name":"T-H Marine Suport naluci magnetic"}]},{"@type":"WebSite","@id":"https:\/\/boat-demo.axiomprotocol.org\/ro\/#website","url":"https:\/\/boat-demo.axiomprotocol.org\/ro\/","name":"BoatsExpert","description":"Boats, Service, Equipment","publisher":{"@id":"https:\/\/boat-demo.axiomprotocol.org\/ro\/#organization"},"potentialAction":[{"@type":"SearchAction","target":{"@type":"EntryPoint","urlTemplate":"https:\/\/boat-demo.axiomprotocol.org\/ro\/?s={search_term_string}"},"query-input":{"@type":"PropertyValueSpecification","valueRequired":true,"valueName":"search_term_string"}}],"inLanguage":"ro-RO"},{"@type":"Organization","@id":"https:\/\/boat-demo.axiomprotocol.org\/ro\/#organization","name":"BoatsExpert","url":"https:\/\/boat-demo.axiomprotocol.org\/ro\/","logo":{"@type":"ImageObject","inLanguage":"ro-RO","@id":"https:\/\/boat-demo.axiomprotocol.org\/ro\/#\/schema\/logo\/image\/","url":"https:\/\/boat-demo.axiomprotocol.org\/wp-content\/uploads\/2023\/05\/white-logo60.svg","contentUrl":"https:\/\/boat-demo.axiomprotocol.org\/wp-content\/uploads\/2023\/05\/white-logo60.svg","width":90,"height":60,"caption":"BoatsExpert"},"image":{"@id":"https:\/\/boat-demo.axiomprotocol.org\/ro\/#\/schema\/logo\/image\/"}}]}},"_links":{"self":[{"href":"https:\/\/boat-demo.axiomprotocol.org\/ro\/wp-json\/wp\/v2\/product\/36587","targetHints":{"allow":["GET"]}}],"collection":[{"href":"https:\/\/boat-demo.axiomprotocol.org\/ro\/wp-json\/wp\/v2\/product"}],"about":[{"href":"https:\/\/boat-demo.axiomprotocol.org\/ro\/wp-json\/wp\/v2\/types\/product"}],"replies":[{"embeddable":true,"href":"https:\/\/boat-demo.axiomprotocol.org\/ro\/wp-json\/wp\/v2\/comments?post=36587"}],"version-history":[{"count":4,"href":"https:\/\/boat-demo.axiomprotocol.org\/ro\/wp-json\/wp\/v2\/product\/36587\/revisions"}],"predecessor-version":[{"id":36606,"href":"https:\/\/boat-demo.axiomprotocol.org\/ro\/wp-json\/wp\/v2\/product\/36587\/revisions\/36606"}],"wp:featuredmedia":[{"embeddable":true,"href":"https:\/\/boat-demo.axiomprotocol.org\/ro\/wp-json\/wp\/v2\/media\/36589"}],"wp:attachment":[{"href":"https:\/\/boat-demo.axiomprotocol.org\/ro\/wp-json\/wp\/v2\/media?parent=36587"}],"wp:term":[{"taxonomy":"product_brand","embeddable":true,"href":"https:\/\/boat-demo.axiomprotocol.org\/ro\/wp-json\/wp\/v2\/product_brand?post=36587"},{"taxonomy":"product_cat","embeddable":true,"href":"https:\/\/boat-demo.axiomprotocol.org\/ro\/wp-json\/wp\/v2\/product_cat?post=36587"},{"taxonomy":"product_tag","embeddable":true,"href":"https:\/\/boat-demo.axiomprotocol.org\/ro\/wp-json\/wp\/v2\/product_tag?post=36587"}],"curies":[{"name":"wp","href":"https:\/\/api.w.org\/{rel}","templated":true}]}}