{"id":36454,"date":"2024-05-31T13:50:44","date_gmt":"2024-05-31T10:50:44","guid":{"rendered":"https:\/\/boat-demo.axiomprotocol.org\/?post_type=product&#038;p=36454"},"modified":"2024-05-31T14:10:17","modified_gmt":"2024-05-31T11:10:17","slug":"t-h-marine-flasa-furtun-2","status":"publish","type":"product","link":"https:\/\/boat-demo.axiomprotocol.org\/ro\/produs\/t-h-marine-flasa-furtun-2\/","title":{"rendered":"T-H Marine Flansa furtun 2&#8243;"},"content":{"rendered":"\t\t<div data-elementor-type=\"wp-post\" data-elementor-id=\"36454\" class=\"elementor elementor-36454 elementor-36453\">\n\t\t\t\t\t\t<section class=\"elementor-section elementor-top-section elementor-element elementor-element-20e960c elementor-section-boxed elementor-section-height-default elementor-section-height-default\" data-id=\"20e960c\" data-element_type=\"section\" data-e-type=\"section\">\n\t\t\t\t\t\t<div class=\"elementor-container elementor-column-gap-default\">\n\t\t\t\t\t<div class=\"elementor-column elementor-col-100 elementor-top-column elementor-element elementor-element-5dbea2c\" data-id=\"5dbea2c\" data-element_type=\"column\" data-e-type=\"column\">\n\t\t\t<div class=\"elementor-widget-wrap elementor-element-populated\">\n\t\t\t\t\t\t<div class=\"elementor-element elementor-element-6e689f3 elementor-widget elementor-widget-heading\" data-id=\"6e689f3\" data-element_type=\"widget\" data-e-type=\"widget\" data-widget_type=\"heading.default\">\n\t\t\t\t<div class=\"elementor-widget-container\">\n\t\t\t\t\t<h3 class=\"elementor-heading-title elementor-size-default\">Caracteristici<\/h3>\t\t\t\t<\/div>\n\t\t\t\t<\/div>\n\t\t\t\t\t<\/div>\n\t\t<\/div>\n\t\t\t\t\t<\/div>\n\t\t<\/section>\n\t\t\t\t<section class=\"elementor-section elementor-top-section elementor-element elementor-element-6765258 elementor-section-boxed elementor-section-height-default elementor-section-height-default\" data-id=\"6765258\" data-element_type=\"section\" data-e-type=\"section\">\n\t\t\t\t\t\t<div class=\"elementor-container elementor-column-gap-default\">\n\t\t\t\t\t<div class=\"elementor-column elementor-col-100 elementor-top-column elementor-element elementor-element-bb97382\" data-id=\"bb97382\" data-element_type=\"column\" data-e-type=\"column\">\n\t\t\t<div class=\"elementor-widget-wrap elementor-element-populated\">\n\t\t\t\t\t\t<div class=\"elementor-element elementor-element-6523bce elementor-widget elementor-widget-text-editor\" data-id=\"6523bce\" data-element_type=\"widget\" data-e-type=\"widget\" data-widget_type=\"text-editor.default\">\n\t\t\t\t<div class=\"elementor-widget-container\">\n\t\t\t\t\t\t\t\t\t<ul class=\"tt-list03\"><li>Flan\u0219e disponibile pentru furtunuri de cablaj de 2&#8243; \u0219i 2 1\/2&#8243;<\/li><li>Kituri de cablaj aftermarket cu flan\u0219e de cablaj negre sau cromate<\/li><li>Include 4&#8242; de furtun de cablaj negru, perfect pentru majoritatea aplica\u021biilor de motoare externe<\/li><\/ul>\t\t\t\t\t\t\t\t<\/div>\n\t\t\t\t<\/div>\n\t\t\t\t\t<\/div>\n\t\t<\/div>\n\t\t\t\t\t<\/div>\n\t\t<\/section>\n\t\t\t\t<\/div>\n\t\t","protected":false},"excerpt":{"rendered":"<p>&nbsp;<\/p>\n<div class=\"woocommerce-product-details__short-description\">\n<div class=\"cart-detail-innr\">\n<p><strong>T-H Marine Flansa furtun 2&#8243;<\/strong><\/p>\n<p>\u00cembun\u0103t\u0103\u021bi\u021bi, proteja\u021bi \u0219i organiza\u021bi sistemul de cablu al motorului extern al b\u0103rcii dvs. cu produse de \u00eenalt\u0103 calitate de la T-H Marine. Aceste componente esen\u021biale ofer\u0103 un sistem excelent pentru a proteja cablurile \u0219i firele b\u0103rcii de murd\u0103rie, abraziune, soare \u0219i ap\u0103.<\/p>\n<p>Flan\u0219a de cablaj serve\u0219te la conectarea furtunului de cablaj, care vine de la motor la barc\u0103. Fabricat\u0103 din polipropilen\u0103 turnat\u0103, flan\u0219a este filetat\u0103 intern pentru a re\u021bine furtunul de cablaj, facilit\u00e2nd ajust\u0103rile de cablaj. Partea din spate a flan\u0219ei este texturat\u0103 pentru a permite montarea inversat\u0103. Furtunul nostru de cablaj, durabil, flexibil \u0219i rezistent la \u00eencovoiere, este alegerea preferat\u0103 a majorit\u0103\u021bii constructorilor de b\u0103rci OEM din S.U.A.<\/p>\n<p>Capacul din vinil turnat ofer\u0103 o \u00eenchidere pentru cap\u0103tul furtunului de la motor, dac\u0103 este necesar, asigur\u00e2nd o protec\u021bie complet\u0103 pentru cablajul b\u0103rcii dvs.<\/p>\n<\/div>\n<\/div>\n","protected":false},"featured_media":36456,"comment_status":"open","ping_status":"closed","template":"","meta":{"_acf_changed":false,"inline_featured_image":false},"product_brand":[],"product_cat":[334,425],"product_tag":[],"class_list":{"0":"post-36454","1":"product","2":"type-product","3":"status-publish","4":"has-post-thumbnail","6":"product_cat-accesorii-marine-ro","7":"product_cat-t-h-marine-ro","8":"tt-post","10":"first","11":"instock","12":"shipping-taxable","13":"purchasable","14":"product-type-simple"},"acf":[],"yoast_head":"<!-- This site is optimized with the Yoast SEO plugin v27.4 - https:\/\/yoast.com\/product\/yoast-seo-wordpress\/ -->\n<title>T-H Marine Flansa furtun 2&quot; - BoatsExpert<\/title>\n<meta name=\"robots\" content=\"index, follow, max-snippet:-1, max-image-preview:large, max-video-preview:-1\" \/>\n<link rel=\"canonical\" href=\"https:\/\/boat-demo.axiomprotocol.org\/ro\/produs\/t-h-marine-flasa-furtun-2\/\" \/>\n<meta property=\"og:locale\" content=\"ro_RO\" \/>\n<meta property=\"og:type\" content=\"article\" \/>\n<meta property=\"og:title\" content=\"T-H Marine Flansa furtun 2&quot; - BoatsExpert\" \/>\n<meta property=\"og:description\" content=\"&nbsp;    T-H Marine Flansa furtun 2&quot;  \u00cembun\u0103t\u0103\u021bi\u021bi, proteja\u021bi \u0219i organiza\u021bi sistemul de cablu al motorului extern al b\u0103rcii dvs. cu produse de \u00eenalt\u0103 calitate de la T-H Marine. Aceste componente esen\u021biale ofer\u0103 un sistem excelent pentru a proteja cablurile \u0219i firele b\u0103rcii de murd\u0103rie, abraziune, soare \u0219i ap\u0103.  Flan\u0219a de cablaj serve\u0219te la conectarea furtunului de cablaj, care vine de la motor la barc\u0103. Fabricat\u0103 din polipropilen\u0103 turnat\u0103, flan\u0219a este filetat\u0103 intern pentru a re\u021bine furtunul de cablaj, facilit\u00e2nd ajust\u0103rile de cablaj. Partea din spate a flan\u0219ei este texturat\u0103 pentru a permite montarea inversat\u0103. Furtunul nostru de cablaj, durabil, flexibil \u0219i rezistent la \u00eencovoiere, este alegerea preferat\u0103 a majorit\u0103\u021bii constructorilor de b\u0103rci OEM din S.U.A.  Capacul din vinil turnat ofer\u0103 o \u00eenchidere pentru cap\u0103tul furtunului de la motor, dac\u0103 este necesar, asigur\u00e2nd o protec\u021bie complet\u0103 pentru cablajul b\u0103rcii dvs.\" \/>\n<meta property=\"og:url\" content=\"https:\/\/boat-demo.axiomprotocol.org\/ro\/produs\/t-h-marine-flasa-furtun-2\/\" \/>\n<meta property=\"og:site_name\" content=\"BoatsExpert\" \/>\n<meta property=\"article:modified_time\" content=\"2024-05-31T11:10:17+00:00\" \/>\n<meta property=\"og:image\" content=\"https:\/\/boat-demo.axiomprotocol.org\/wp-content\/uploads\/2024\/05\/fits-2-id-hose-black-rigging-flange-28289250033707.jpg\" \/>\n\t<meta property=\"og:image:width\" content=\"555\" \/>\n\t<meta property=\"og:image:height\" content=\"478\" \/>\n\t<meta property=\"og:image:type\" content=\"image\/jpeg\" \/>\n<meta name=\"twitter:card\" content=\"summary_large_image\" \/>\n<script type=\"application\/ld+json\" class=\"yoast-schema-graph\">{\"@context\":\"https:\\\/\\\/schema.org\",\"@graph\":[{\"@type\":\"WebPage\",\"@id\":\"https:\\\/\\\/boat-demo.axiomprotocol.org\\\/ro\\\/produs\\\/t-h-marine-flasa-furtun-2\\\/\",\"url\":\"https:\\\/\\\/boat-demo.axiomprotocol.org\\\/ro\\\/produs\\\/t-h-marine-flasa-furtun-2\\\/\",\"name\":\"T-H Marine Flansa furtun 2\\\" - BoatsExpert\",\"isPartOf\":{\"@id\":\"https:\\\/\\\/boat-demo.axiomprotocol.org\\\/ro\\\/#website\"},\"primaryImageOfPage\":{\"@id\":\"https:\\\/\\\/boat-demo.axiomprotocol.org\\\/ro\\\/produs\\\/t-h-marine-flasa-furtun-2\\\/#primaryimage\"},\"image\":{\"@id\":\"https:\\\/\\\/boat-demo.axiomprotocol.org\\\/ro\\\/produs\\\/t-h-marine-flasa-furtun-2\\\/#primaryimage\"},\"thumbnailUrl\":\"https:\\\/\\\/boat-demo.axiomprotocol.org\\\/wp-content\\\/uploads\\\/2024\\\/05\\\/fits-2-id-hose-black-rigging-flange-28289250033707.jpg\",\"datePublished\":\"2024-05-31T10:50:44+00:00\",\"dateModified\":\"2024-05-31T11:10:17+00:00\",\"breadcrumb\":{\"@id\":\"https:\\\/\\\/boat-demo.axiomprotocol.org\\\/ro\\\/produs\\\/t-h-marine-flasa-furtun-2\\\/#breadcrumb\"},\"inLanguage\":\"ro-RO\",\"potentialAction\":[{\"@type\":\"ReadAction\",\"target\":[\"https:\\\/\\\/boat-demo.axiomprotocol.org\\\/ro\\\/produs\\\/t-h-marine-flasa-furtun-2\\\/\"]}]},{\"@type\":\"ImageObject\",\"inLanguage\":\"ro-RO\",\"@id\":\"https:\\\/\\\/boat-demo.axiomprotocol.org\\\/ro\\\/produs\\\/t-h-marine-flasa-furtun-2\\\/#primaryimage\",\"url\":\"https:\\\/\\\/boat-demo.axiomprotocol.org\\\/wp-content\\\/uploads\\\/2024\\\/05\\\/fits-2-id-hose-black-rigging-flange-28289250033707.jpg\",\"contentUrl\":\"https:\\\/\\\/boat-demo.axiomprotocol.org\\\/wp-content\\\/uploads\\\/2024\\\/05\\\/fits-2-id-hose-black-rigging-flange-28289250033707.jpg\",\"width\":555,\"height\":478,\"caption\":\"T-H MARINE\"},{\"@type\":\"BreadcrumbList\",\"@id\":\"https:\\\/\\\/boat-demo.axiomprotocol.org\\\/ro\\\/produs\\\/t-h-marine-flasa-furtun-2\\\/#breadcrumb\",\"itemListElement\":[{\"@type\":\"ListItem\",\"position\":1,\"name\":\"Home\",\"item\":\"https:\\\/\\\/boat-demo.axiomprotocol.org\\\/\"},{\"@type\":\"ListItem\",\"position\":2,\"name\":\"Shop Online &#8211; cel mai bun magazin pentru echipamente pentru b\u0103rci\",\"item\":\"https:\\\/\\\/boat-demo.axiomprotocol.org\\\/ro\\\/shop-ro\\\/\"},{\"@type\":\"ListItem\",\"position\":3,\"name\":\"T-H Marine Flansa furtun 2&#8243;\"}]},{\"@type\":\"WebSite\",\"@id\":\"https:\\\/\\\/boat-demo.axiomprotocol.org\\\/ro\\\/#website\",\"url\":\"https:\\\/\\\/boat-demo.axiomprotocol.org\\\/ro\\\/\",\"name\":\"BoatsExpert\",\"description\":\"Boats, Service, Equipment\",\"publisher\":{\"@id\":\"https:\\\/\\\/boat-demo.axiomprotocol.org\\\/ro\\\/#organization\"},\"potentialAction\":[{\"@type\":\"SearchAction\",\"target\":{\"@type\":\"EntryPoint\",\"urlTemplate\":\"https:\\\/\\\/boat-demo.axiomprotocol.org\\\/ro\\\/?s={search_term_string}\"},\"query-input\":{\"@type\":\"PropertyValueSpecification\",\"valueRequired\":true,\"valueName\":\"search_term_string\"}}],\"inLanguage\":\"ro-RO\"},{\"@type\":\"Organization\",\"@id\":\"https:\\\/\\\/boat-demo.axiomprotocol.org\\\/ro\\\/#organization\",\"name\":\"BoatsExpert\",\"url\":\"https:\\\/\\\/boat-demo.axiomprotocol.org\\\/ro\\\/\",\"logo\":{\"@type\":\"ImageObject\",\"inLanguage\":\"ro-RO\",\"@id\":\"https:\\\/\\\/boat-demo.axiomprotocol.org\\\/ro\\\/#\\\/schema\\\/logo\\\/image\\\/\",\"url\":\"https:\\\/\\\/boat-demo.axiomprotocol.org\\\/wp-content\\\/uploads\\\/2023\\\/05\\\/white-logo60.svg\",\"contentUrl\":\"https:\\\/\\\/boat-demo.axiomprotocol.org\\\/wp-content\\\/uploads\\\/2023\\\/05\\\/white-logo60.svg\",\"width\":90,\"height\":60,\"caption\":\"BoatsExpert\"},\"image\":{\"@id\":\"https:\\\/\\\/boat-demo.axiomprotocol.org\\\/ro\\\/#\\\/schema\\\/logo\\\/image\\\/\"}}]}<\/script>\n<!-- \/ Yoast SEO plugin. -->","yoast_head_json":{"title":"T-H Marine Flansa furtun 2\" - BoatsExpert","robots":{"index":"index","follow":"follow","max-snippet":"max-snippet:-1","max-image-preview":"max-image-preview:large","max-video-preview":"max-video-preview:-1"},"canonical":"https:\/\/boat-demo.axiomprotocol.org\/ro\/produs\/t-h-marine-flasa-furtun-2\/","og_locale":"ro_RO","og_type":"article","og_title":"T-H Marine Flansa furtun 2\" - BoatsExpert","og_description":"&nbsp;    T-H Marine Flansa furtun 2\"  \u00cembun\u0103t\u0103\u021bi\u021bi, proteja\u021bi \u0219i organiza\u021bi sistemul de cablu al motorului extern al b\u0103rcii dvs. cu produse de \u00eenalt\u0103 calitate de la T-H Marine. Aceste componente esen\u021biale ofer\u0103 un sistem excelent pentru a proteja cablurile \u0219i firele b\u0103rcii de murd\u0103rie, abraziune, soare \u0219i ap\u0103.  Flan\u0219a de cablaj serve\u0219te la conectarea furtunului de cablaj, care vine de la motor la barc\u0103. Fabricat\u0103 din polipropilen\u0103 turnat\u0103, flan\u0219a este filetat\u0103 intern pentru a re\u021bine furtunul de cablaj, facilit\u00e2nd ajust\u0103rile de cablaj. Partea din spate a flan\u0219ei este texturat\u0103 pentru a permite montarea inversat\u0103. Furtunul nostru de cablaj, durabil, flexibil \u0219i rezistent la \u00eencovoiere, este alegerea preferat\u0103 a majorit\u0103\u021bii constructorilor de b\u0103rci OEM din S.U.A.  Capacul din vinil turnat ofer\u0103 o \u00eenchidere pentru cap\u0103tul furtunului de la motor, dac\u0103 este necesar, asigur\u00e2nd o protec\u021bie complet\u0103 pentru cablajul b\u0103rcii dvs.","og_url":"https:\/\/boat-demo.axiomprotocol.org\/ro\/produs\/t-h-marine-flasa-furtun-2\/","og_site_name":"BoatsExpert","article_modified_time":"2024-05-31T11:10:17+00:00","og_image":[{"width":555,"height":478,"url":"https:\/\/boat-demo.axiomprotocol.org\/wp-content\/uploads\/2024\/05\/fits-2-id-hose-black-rigging-flange-28289250033707.jpg","type":"image\/jpeg"}],"twitter_card":"summary_large_image","schema":{"@context":"https:\/\/schema.org","@graph":[{"@type":"WebPage","@id":"https:\/\/boat-demo.axiomprotocol.org\/ro\/produs\/t-h-marine-flasa-furtun-2\/","url":"https:\/\/boat-demo.axiomprotocol.org\/ro\/produs\/t-h-marine-flasa-furtun-2\/","name":"T-H Marine Flansa furtun 2\" - BoatsExpert","isPartOf":{"@id":"https:\/\/boat-demo.axiomprotocol.org\/ro\/#website"},"primaryImageOfPage":{"@id":"https:\/\/boat-demo.axiomprotocol.org\/ro\/produs\/t-h-marine-flasa-furtun-2\/#primaryimage"},"image":{"@id":"https:\/\/boat-demo.axiomprotocol.org\/ro\/produs\/t-h-marine-flasa-furtun-2\/#primaryimage"},"thumbnailUrl":"https:\/\/boat-demo.axiomprotocol.org\/wp-content\/uploads\/2024\/05\/fits-2-id-hose-black-rigging-flange-28289250033707.jpg","datePublished":"2024-05-31T10:50:44+00:00","dateModified":"2024-05-31T11:10:17+00:00","breadcrumb":{"@id":"https:\/\/boat-demo.axiomprotocol.org\/ro\/produs\/t-h-marine-flasa-furtun-2\/#breadcrumb"},"inLanguage":"ro-RO","potentialAction":[{"@type":"ReadAction","target":["https:\/\/boat-demo.axiomprotocol.org\/ro\/produs\/t-h-marine-flasa-furtun-2\/"]}]},{"@type":"ImageObject","inLanguage":"ro-RO","@id":"https:\/\/boat-demo.axiomprotocol.org\/ro\/produs\/t-h-marine-flasa-furtun-2\/#primaryimage","url":"https:\/\/boat-demo.axiomprotocol.org\/wp-content\/uploads\/2024\/05\/fits-2-id-hose-black-rigging-flange-28289250033707.jpg","contentUrl":"https:\/\/boat-demo.axiomprotocol.org\/wp-content\/uploads\/2024\/05\/fits-2-id-hose-black-rigging-flange-28289250033707.jpg","width":555,"height":478,"caption":"T-H MARINE"},{"@type":"BreadcrumbList","@id":"https:\/\/boat-demo.axiomprotocol.org\/ro\/produs\/t-h-marine-flasa-furtun-2\/#breadcrumb","itemListElement":[{"@type":"ListItem","position":1,"name":"Home","item":"https:\/\/boat-demo.axiomprotocol.org\/"},{"@type":"ListItem","position":2,"name":"Shop Online &#8211; cel mai bun magazin pentru echipamente pentru b\u0103rci","item":"https:\/\/boat-demo.axiomprotocol.org\/ro\/shop-ro\/"},{"@type":"ListItem","position":3,"name":"T-H Marine Flansa furtun 2&#8243;"}]},{"@type":"WebSite","@id":"https:\/\/boat-demo.axiomprotocol.org\/ro\/#website","url":"https:\/\/boat-demo.axiomprotocol.org\/ro\/","name":"BoatsExpert","description":"Boats, Service, Equipment","publisher":{"@id":"https:\/\/boat-demo.axiomprotocol.org\/ro\/#organization"},"potentialAction":[{"@type":"SearchAction","target":{"@type":"EntryPoint","urlTemplate":"https:\/\/boat-demo.axiomprotocol.org\/ro\/?s={search_term_string}"},"query-input":{"@type":"PropertyValueSpecification","valueRequired":true,"valueName":"search_term_string"}}],"inLanguage":"ro-RO"},{"@type":"Organization","@id":"https:\/\/boat-demo.axiomprotocol.org\/ro\/#organization","name":"BoatsExpert","url":"https:\/\/boat-demo.axiomprotocol.org\/ro\/","logo":{"@type":"ImageObject","inLanguage":"ro-RO","@id":"https:\/\/boat-demo.axiomprotocol.org\/ro\/#\/schema\/logo\/image\/","url":"https:\/\/boat-demo.axiomprotocol.org\/wp-content\/uploads\/2023\/05\/white-logo60.svg","contentUrl":"https:\/\/boat-demo.axiomprotocol.org\/wp-content\/uploads\/2023\/05\/white-logo60.svg","width":90,"height":60,"caption":"BoatsExpert"},"image":{"@id":"https:\/\/boat-demo.axiomprotocol.org\/ro\/#\/schema\/logo\/image\/"}}]}},"_links":{"self":[{"href":"https:\/\/boat-demo.axiomprotocol.org\/ro\/wp-json\/wp\/v2\/product\/36454","targetHints":{"allow":["GET"]}}],"collection":[{"href":"https:\/\/boat-demo.axiomprotocol.org\/ro\/wp-json\/wp\/v2\/product"}],"about":[{"href":"https:\/\/boat-demo.axiomprotocol.org\/ro\/wp-json\/wp\/v2\/types\/product"}],"replies":[{"embeddable":true,"href":"https:\/\/boat-demo.axiomprotocol.org\/ro\/wp-json\/wp\/v2\/comments?post=36454"}],"version-history":[{"count":8,"href":"https:\/\/boat-demo.axiomprotocol.org\/ro\/wp-json\/wp\/v2\/product\/36454\/revisions"}],"predecessor-version":[{"id":36485,"href":"https:\/\/boat-demo.axiomprotocol.org\/ro\/wp-json\/wp\/v2\/product\/36454\/revisions\/36485"}],"wp:featuredmedia":[{"embeddable":true,"href":"https:\/\/boat-demo.axiomprotocol.org\/ro\/wp-json\/wp\/v2\/media\/36456"}],"wp:attachment":[{"href":"https:\/\/boat-demo.axiomprotocol.org\/ro\/wp-json\/wp\/v2\/media?parent=36454"}],"wp:term":[{"taxonomy":"product_brand","embeddable":true,"href":"https:\/\/boat-demo.axiomprotocol.org\/ro\/wp-json\/wp\/v2\/product_brand?post=36454"},{"taxonomy":"product_cat","embeddable":true,"href":"https:\/\/boat-demo.axiomprotocol.org\/ro\/wp-json\/wp\/v2\/product_cat?post=36454"},{"taxonomy":"product_tag","embeddable":true,"href":"https:\/\/boat-demo.axiomprotocol.org\/ro\/wp-json\/wp\/v2\/product_tag?post=36454"}],"curies":[{"name":"wp","href":"https:\/\/api.w.org\/{rel}","templated":true}]}}