{"id":33509,"date":"2024-05-03T13:34:16","date_gmt":"2024-05-03T10:34:17","guid":{"rendered":"https:\/\/boat-demo.axiomprotocol.org\/?post_type=product&#038;p=33509"},"modified":"2024-05-03T13:52:10","modified_gmt":"2024-05-03T10:52:10","slug":"motor-termic-honda-bfp60ak1-l-type-remote-control-electric","status":"publish","type":"product","link":"https:\/\/boat-demo.axiomprotocol.org\/ro\/produs\/motor-termic-honda-bfp60ak1-l-type-remote-control-electric\/","title":{"rendered":"Motor termic HONDA BFP60AK1 | L-Type | Remote Control | Electric"},"content":{"rendered":"\t\t<div data-elementor-type=\"wp-post\" data-elementor-id=\"33509\" class=\"elementor elementor-33509 elementor-33508\">\n\t\t\t\t\t\t<section class=\"elementor-section elementor-top-section elementor-element elementor-element-b25752e elementor-section-boxed elementor-section-height-default elementor-section-height-default\" data-id=\"b25752e\" data-element_type=\"section\" data-e-type=\"section\">\n\t\t\t\t\t\t<div class=\"elementor-container elementor-column-gap-default\">\n\t\t\t\t\t<div class=\"elementor-column elementor-col-100 elementor-top-column elementor-element elementor-element-60bc8bd\" data-id=\"60bc8bd\" data-element_type=\"column\" data-e-type=\"column\">\n\t\t\t<div class=\"elementor-widget-wrap elementor-element-populated\">\n\t\t\t\t\t\t<div class=\"elementor-element elementor-element-f977425 elementor-widget elementor-widget-text-editor\" data-id=\"f977425\" data-element_type=\"widget\" data-e-type=\"widget\" data-widget_type=\"text-editor.default\">\n\t\t\t\t<div class=\"elementor-widget-container\">\n\t\t\t\t\t\t\t\t\t<h6>Engine<\/h6><table style=\"width: 100%\"><tbody><tr><td><strong>Tip<\/strong><\/td><td>4-Stroke SOHC 3 Cylinder\/12 Valves<\/td><\/tr><tr><td><strong>Deplasament<\/strong><\/td><td>998 cc (61.0 cubic inches)<\/td><\/tr><tr><td><strong>Diametru \u0219i curs\u0103<\/strong><\/td><td>73 mm x 79.5 mm (2.9 x 3.1 inches)<\/td><\/tr><tr><td><strong>Interval de tura\u021bie la accelera\u021bie maxim\u0103<\/strong><\/td><td>5,000-6,000 RPM<\/td><\/tr><tr><td><strong>Putere nominal\u0103<\/strong><\/td><td>60 HP @ 5,500 RPM<\/td><\/tr><tr><td><strong>Sistem de r\u0103cire<\/strong><\/td><td>Water Cooled<\/td><\/tr><tr><td><strong>Alimentare cu combustibil<\/strong><\/td><td>Programmed Fuel Injection<\/td><\/tr><tr><td><strong>Sistem de aprindere<\/strong><\/td><td>MicroComputer Programmed<\/td><\/tr><tr><td><strong>Sistem de pornire<\/strong><\/td><td>Electric<\/td><\/tr><tr><td><strong>Evacuare<\/strong><\/td><td>Through Hub<\/td><\/tr><tr><td><strong>Lubrifiere<\/strong><\/td><td>Wet Sump<\/td><\/tr><tr><td><strong>Gam\u0103 de ajustare a trimului<\/strong><\/td><td>-4\u00b0 to +16\u00b0<\/td><\/tr><tr><td><strong>Gam\u0103 de \u00eenclinare<\/strong><\/td><td>60\u00b0<\/td><\/tr><tr><td><strong>Unghi de Direc\u021bionare (spre babord \u0219i din nou spre tribord)<\/strong><\/td><td>50\u00b0<\/td><\/tr><\/tbody><\/table>\t\t\t\t\t\t\t\t<\/div>\n\t\t\t\t<\/div>\n\t\t\t\t\t<\/div>\n\t\t<\/div>\n\t\t\t\t\t<\/div>\n\t\t<\/section>\n\t\t\t\t<section class=\"elementor-section elementor-top-section elementor-element elementor-element-2bbe0bd9 elementor-section-boxed elementor-section-height-default elementor-section-height-default\" data-id=\"2bbe0bd9\" data-element_type=\"section\" data-e-type=\"section\">\n\t\t\t\t\t\t<div class=\"elementor-container elementor-column-gap-default\">\n\t\t\t\t\t<div class=\"elementor-column elementor-col-100 elementor-top-column elementor-element elementor-element-b7753eb\" data-id=\"b7753eb\" data-element_type=\"column\" data-e-type=\"column\">\n\t\t\t<div class=\"elementor-widget-wrap elementor-element-populated\">\n\t\t\t\t\t\t<div class=\"elementor-element elementor-element-6c722e17 elementor-widget elementor-widget-text-editor\" data-id=\"6c722e17\" data-element_type=\"widget\" data-e-type=\"widget\" data-widget_type=\"text-editor.default\">\n\t\t\t\t<div class=\"elementor-widget-container\">\n\t\t\t\t\t\t\t\t\t<h6>Transmisie<\/h6><table style=\"width: 100%\"><tbody><tr><td><strong>Raport de vitez\u0103<\/strong><\/td><td>2.33:1<\/td><\/tr><tr><td><strong>Schimb\u0103tor de viteze<\/strong><\/td><td>F-N-R<\/td><\/tr><\/tbody><\/table>\t\t\t\t\t\t\t\t<\/div>\n\t\t\t\t<\/div>\n\t\t\t\t\t<\/div>\n\t\t<\/div>\n\t\t\t\t\t<\/div>\n\t\t<\/section>\n\t\t\t\t<section class=\"elementor-section elementor-top-section elementor-element elementor-element-16bb5a3 elementor-section-boxed elementor-section-height-default elementor-section-height-default\" data-id=\"16bb5a3\" data-element_type=\"section\" data-e-type=\"section\">\n\t\t\t\t\t\t<div class=\"elementor-container elementor-column-gap-default\">\n\t\t\t\t\t<div class=\"elementor-column elementor-col-100 elementor-top-column elementor-element elementor-element-1b01874\" data-id=\"1b01874\" data-element_type=\"column\" data-e-type=\"column\">\n\t\t\t<div class=\"elementor-widget-wrap elementor-element-populated\">\n\t\t\t\t\t\t<div class=\"elementor-element elementor-element-62b78cd elementor-widget elementor-widget-text-editor\" data-id=\"62b78cd\" data-element_type=\"widget\" data-e-type=\"widget\" data-widget_type=\"text-editor.default\">\n\t\t\t\t<div class=\"elementor-widget-container\">\n\t\t\t\t\t\t\t\t\t<h6>Echipament<\/h6><table style=\"width: 100%\"><tbody><tr><td><strong>Alternator\u00a0<\/strong><\/td><td>22-Amp (275 watt)<\/td><\/tr><tr><td><strong>Putere de \u00eenc\u0103rcare a bateriei<\/strong><\/td><td>22 Amps<\/td><\/tr><tr><td><strong>Elice<\/strong><\/td><td>Optional<\/td><\/tr><tr><td><strong>Speedometer Pickup<\/strong><\/td><td>Standard<\/td><\/tr><tr><td><strong>\u00cenclinare electric\u0103<\/strong><\/td><td>NA<\/td><\/tr><tr><td><strong>Reglare electric\u0103 \u0219i \u00eenclinare<\/strong><\/td><td>Standard<\/td><\/tr><tr><td><strong>\u00cenclinare asistat\u0103 cu gaz<\/strong><\/td><td>NA<\/td><\/tr><tr><td><strong>Alert\u0103 presiune ulei<\/strong><\/td><td>Standard<\/td><\/tr><tr><td><strong>Alert\u0103 temperatur\u0103<\/strong><\/td><td>Standard<\/td><\/tr><tr><td><strong>Limitator de tura\u021bie<\/strong><\/td><td>Standard<\/td><\/tr><\/tbody><\/table>\t\t\t\t\t\t\t\t<\/div>\n\t\t\t\t<\/div>\n\t\t\t\t\t<\/div>\n\t\t<\/div>\n\t\t\t\t\t<\/div>\n\t\t<\/section>\n\t\t\t\t<section class=\"elementor-section elementor-top-section elementor-element elementor-element-570d2248 elementor-section-boxed elementor-section-height-default elementor-section-height-default\" data-id=\"570d2248\" data-element_type=\"section\" data-e-type=\"section\">\n\t\t\t\t\t\t<div class=\"elementor-container elementor-column-gap-default\">\n\t\t\t\t\t<div class=\"elementor-column elementor-col-100 elementor-top-column elementor-element elementor-element-22bcd8\" data-id=\"22bcd8\" data-element_type=\"column\" data-e-type=\"column\">\n\t\t\t<div class=\"elementor-widget-wrap elementor-element-populated\">\n\t\t\t\t\t\t<div class=\"elementor-element elementor-element-13d47d08 elementor-widget elementor-widget-text-editor\" data-id=\"13d47d08\" data-element_type=\"widget\" data-e-type=\"widget\" data-widget_type=\"text-editor.default\">\n\t\t\t\t<div class=\"elementor-widget-container\">\n\t\t\t\t\t\t\t\t\t<h6>Dimensiuni<\/h6><table style=\"width: 100%\"><tbody><tr><td><strong>L\u0103\u021bime total\u0103<\/strong><\/td><td>417 mm\/16.4 inches<\/td><\/tr><tr><td><strong>\u00cen\u0103l\u021bimea transomului<\/strong><\/td><td>531 mm\/20 inches<\/td><\/tr><\/tbody><\/table>\t\t\t\t\t\t\t\t<\/div>\n\t\t\t\t<\/div>\n\t\t\t\t\t<\/div>\n\t\t<\/div>\n\t\t\t\t\t<\/div>\n\t\t<\/section>\n\t\t\t\t<section class=\"elementor-section elementor-top-section elementor-element elementor-element-35c4e299 elementor-section-boxed elementor-section-height-default elementor-section-height-default\" data-id=\"35c4e299\" data-element_type=\"section\" data-e-type=\"section\">\n\t\t\t\t\t\t<div class=\"elementor-container elementor-column-gap-default\">\n\t\t\t\t\t<div class=\"elementor-column elementor-col-100 elementor-top-column elementor-element elementor-element-5821e7db\" data-id=\"5821e7db\" data-element_type=\"column\" data-e-type=\"column\">\n\t\t\t<div class=\"elementor-widget-wrap elementor-element-populated\">\n\t\t\t\t\t\t<div class=\"elementor-element elementor-element-39a68aed elementor-widget elementor-widget-text-editor\" data-id=\"39a68aed\" data-element_type=\"widget\" data-e-type=\"widget\" data-widget_type=\"text-editor.default\">\n\t\t\t\t<div class=\"elementor-widget-container\">\n\t\t\t\t\t\t\t\t\t<h6>Greutatea uscat\u0103<\/h6><table style=\"width: 100%\"><tbody><tr><td><strong>L-Type<\/strong><\/td><td>116 kg\/256 lbs.<\/td><\/tr><\/tbody><\/table>\t\t\t\t\t\t\t\t<\/div>\n\t\t\t\t<\/div>\n\t\t\t\t\t<\/div>\n\t\t<\/div>\n\t\t\t\t\t<\/div>\n\t\t<\/section>\n\t\t\t\t<\/div>\n\t\t","protected":false},"excerpt":{"rendered":"<p>&nbsp;<\/p>\n<p><strong>Motor termic HONDA BF60AK1 | L-Type | Remote Control | Electric<\/strong><\/p>\n<div class=\"flex-1 overflow-hidden\">\n<div class=\"react-scroll-to-bottom--css-pjmhr-79elbk h-full dark:bg-gray-800\">\n<div class=\"react-scroll-to-bottom--css-pjmhr-1n7m0yu\">\n<div class=\"flex flex-col text-sm dark:bg-gray-800\">\n<div class=\"group w-full text-token-text-primary border-b border-black\/10 dark:border-gray-900\/50 bg-gray-50 dark:bg-[#444654]\" data-testid=\"conversation-turn-439\">\n<div class=\"p-4 justify-center text-base md:gap-6 md:py-6 m-auto\">\n<div class=\"flex flex-1 gap-4 text-base mx-auto md:gap-6 md:max-w-2xl lg:max-w-[38rem] xl:max-w-3xl }\">\n<div class=\"relative flex w-[calc(100%-50px)] flex-col gap-1 md:gap-3 lg:w-[calc(100%-115px)]\">\n<div class=\"flex flex-grow flex-col gap-3 max-w-full\">\n<div class=\"min-h-[20px] flex flex-col items-start gap-3 overflow-x-auto whitespace-pre-wrap break-words\">\n<div class=\"markdown prose w-full break-words dark:prose-invert light\">\n<p>Experimenta\u021bi performan\u021ba \u0219i eficien\u021ba f\u0103r\u0103 egal al motorului BF60, proiectat s\u0103 fie cel mai bun din clasa sa. Indiferent dac\u0103 c\u0103uta\u021bi manevrabilitate superioar\u0103, capacit\u0103\u021bi de vitez\u0103 ridicat\u0103 sau economie excep\u021bional\u0103 de combustibil, BF60 satisface toate cerin\u021bele.<\/p>\n<p>Descoperi\u021bi puterea motorului Honda BF60 \u0219i a variantei sale, BFP60 Power Thrust, oferind o accelera\u021bie plin\u0103 de adrenalin\u0103 \u0219i performan\u021be de neegalat. BFP60 are un carter de angrenaj unic \u0219i o elice mai mare, fiind perfect pentru ponton \u0219i b\u0103rci mai mari disponibile la Boats Expert.<\/p>\n<p>Caracteristici remarcabile includ Easy Dock Steering\u2122, oferind 50\u00b0 de direc\u021bionare de la babord la tribord, simplific\u00e2nd manevrele \u00een marina. Cu tehnologii avansate precum BLAST, Injectie Programabila de Combustibil, Control de Ardere Eficienta, carter de angrenaj de \u00eenalt\u0103 performan\u021b\u0103 \u0219i trolling la vitez\u0103 variabil\u0103, Honda BF60 se remarc\u0103 ca un motor extern legendar, stabilind standardul de excelen\u021b\u0103 \u00een industria maritim\u0103.<\/p>\n<\/div>\n<\/div>\n<\/div>\n<\/div>\n<\/div>\n<\/div>\n<\/div>\n<\/div>\n<\/div>\n<\/div>\n<\/div>\n","protected":false},"featured_media":33511,"comment_status":"open","ping_status":"closed","template":"","meta":{"_acf_changed":false,"inline_featured_image":false},"product_brand":[],"product_cat":[90,112],"product_tag":[],"class_list":{"0":"post-33509","1":"product","2":"type-product","3":"status-publish","4":"has-post-thumbnail","6":"product_cat-honda-outboard-ro","7":"product_cat-motoare-termice-ro","8":"tt-post","10":"first","11":"instock","12":"shipping-taxable","13":"purchasable","14":"product-type-simple"},"acf":[],"yoast_head":"<!-- This site is optimized with the Yoast SEO plugin v27.4 - https:\/\/yoast.com\/product\/yoast-seo-wordpress\/ -->\n<title>Motor termic HONDA BFP60AK1 | L-Type | Remote Control | Electric - BoatsExpert<\/title>\n<meta name=\"description\" content=\"Romania | Motoare termice Honda pentru b\u0103rci de la Boats Expert cu livrare \u00een toat\u0103 tara. Garantare, instalare la cel mai bun pret.\" \/>\n<meta name=\"robots\" content=\"index, follow, max-snippet:-1, max-image-preview:large, max-video-preview:-1\" \/>\n<link rel=\"canonical\" href=\"https:\/\/boat-demo.axiomprotocol.org\/ro\/produs\/motor-termic-honda-bfp60ak1-l-type-remote-control-electric\/\" \/>\n<meta property=\"og:locale\" content=\"ro_RO\" \/>\n<meta property=\"og:type\" content=\"article\" \/>\n<meta property=\"og:title\" content=\"Motor termic HONDA BFP60AK1 | L-Type | Remote Control | Electric - BoatsExpert\" \/>\n<meta property=\"og:description\" content=\"Romania | Motoare termice Honda pentru b\u0103rci de la Boats Expert cu livrare \u00een toat\u0103 tara. Garantare, instalare la cel mai bun pret.\" \/>\n<meta property=\"og:url\" content=\"https:\/\/boat-demo.axiomprotocol.org\/ro\/produs\/motor-termic-honda-bfp60ak1-l-type-remote-control-electric\/\" \/>\n<meta property=\"og:site_name\" content=\"BoatsExpert\" \/>\n<meta property=\"article:modified_time\" content=\"2024-05-03T10:52:10+00:00\" \/>\n<meta property=\"og:image\" content=\"https:\/\/boat-demo.axiomprotocol.org\/wp-content\/uploads\/2024\/05\/05_bf60.jpg\" \/>\n\t<meta property=\"og:image:width\" content=\"555\" \/>\n\t<meta property=\"og:image:height\" content=\"478\" \/>\n\t<meta property=\"og:image:type\" content=\"image\/jpeg\" \/>\n<meta name=\"twitter:card\" content=\"summary_large_image\" \/>\n<meta name=\"twitter:label1\" content=\"Timp estimat pentru citire\" \/>\n\t<meta name=\"twitter:data1\" content=\"1 minut\" \/>\n<script type=\"application\/ld+json\" class=\"yoast-schema-graph\">{\"@context\":\"https:\\\/\\\/schema.org\",\"@graph\":[{\"@type\":\"WebPage\",\"@id\":\"https:\\\/\\\/boat-demo.axiomprotocol.org\\\/ro\\\/produs\\\/motor-termic-honda-bfp60ak1-l-type-remote-control-electric\\\/\",\"url\":\"https:\\\/\\\/boat-demo.axiomprotocol.org\\\/ro\\\/produs\\\/motor-termic-honda-bfp60ak1-l-type-remote-control-electric\\\/\",\"name\":\"Motor termic HONDA BFP60AK1 | L-Type | Remote Control | Electric - BoatsExpert\",\"isPartOf\":{\"@id\":\"https:\\\/\\\/boat-demo.axiomprotocol.org\\\/ro\\\/#website\"},\"primaryImageOfPage\":{\"@id\":\"https:\\\/\\\/boat-demo.axiomprotocol.org\\\/ro\\\/produs\\\/motor-termic-honda-bfp60ak1-l-type-remote-control-electric\\\/#primaryimage\"},\"image\":{\"@id\":\"https:\\\/\\\/boat-demo.axiomprotocol.org\\\/ro\\\/produs\\\/motor-termic-honda-bfp60ak1-l-type-remote-control-electric\\\/#primaryimage\"},\"thumbnailUrl\":\"https:\\\/\\\/boat-demo.axiomprotocol.org\\\/wp-content\\\/uploads\\\/2024\\\/05\\\/05_bf60.jpg\",\"datePublished\":\"2024-05-03T10:34:17+00:00\",\"dateModified\":\"2024-05-03T10:52:10+00:00\",\"description\":\"Romania | Motoare termice Honda pentru b\u0103rci de la Boats Expert cu livrare \u00een toat\u0103 tara. Garantare, instalare la cel mai bun pret.\",\"breadcrumb\":{\"@id\":\"https:\\\/\\\/boat-demo.axiomprotocol.org\\\/ro\\\/produs\\\/motor-termic-honda-bfp60ak1-l-type-remote-control-electric\\\/#breadcrumb\"},\"inLanguage\":\"ro-RO\",\"potentialAction\":[{\"@type\":\"ReadAction\",\"target\":[\"https:\\\/\\\/boat-demo.axiomprotocol.org\\\/ro\\\/produs\\\/motor-termic-honda-bfp60ak1-l-type-remote-control-electric\\\/\"]}]},{\"@type\":\"ImageObject\",\"inLanguage\":\"ro-RO\",\"@id\":\"https:\\\/\\\/boat-demo.axiomprotocol.org\\\/ro\\\/produs\\\/motor-termic-honda-bfp60ak1-l-type-remote-control-electric\\\/#primaryimage\",\"url\":\"https:\\\/\\\/boat-demo.axiomprotocol.org\\\/wp-content\\\/uploads\\\/2024\\\/05\\\/05_bf60.jpg\",\"contentUrl\":\"https:\\\/\\\/boat-demo.axiomprotocol.org\\\/wp-content\\\/uploads\\\/2024\\\/05\\\/05_bf60.jpg\",\"width\":555,\"height\":478,\"caption\":\"BFP60 Honda\"},{\"@type\":\"BreadcrumbList\",\"@id\":\"https:\\\/\\\/boat-demo.axiomprotocol.org\\\/ro\\\/produs\\\/motor-termic-honda-bfp60ak1-l-type-remote-control-electric\\\/#breadcrumb\",\"itemListElement\":[{\"@type\":\"ListItem\",\"position\":1,\"name\":\"Home\",\"item\":\"https:\\\/\\\/boat-demo.axiomprotocol.org\\\/\"},{\"@type\":\"ListItem\",\"position\":2,\"name\":\"Shop Online &#8211; cel mai bun magazin pentru echipamente pentru b\u0103rci\",\"item\":\"https:\\\/\\\/boat-demo.axiomprotocol.org\\\/ro\\\/shop-ro\\\/\"},{\"@type\":\"ListItem\",\"position\":3,\"name\":\"Motor termic HONDA BFP60AK1 | L-Type | Remote Control | Electric\"}]},{\"@type\":\"WebSite\",\"@id\":\"https:\\\/\\\/boat-demo.axiomprotocol.org\\\/ro\\\/#website\",\"url\":\"https:\\\/\\\/boat-demo.axiomprotocol.org\\\/ro\\\/\",\"name\":\"BoatsExpert\",\"description\":\"Boats, Service, Equipment\",\"publisher\":{\"@id\":\"https:\\\/\\\/boat-demo.axiomprotocol.org\\\/ro\\\/#organization\"},\"potentialAction\":[{\"@type\":\"SearchAction\",\"target\":{\"@type\":\"EntryPoint\",\"urlTemplate\":\"https:\\\/\\\/boat-demo.axiomprotocol.org\\\/ro\\\/?s={search_term_string}\"},\"query-input\":{\"@type\":\"PropertyValueSpecification\",\"valueRequired\":true,\"valueName\":\"search_term_string\"}}],\"inLanguage\":\"ro-RO\"},{\"@type\":\"Organization\",\"@id\":\"https:\\\/\\\/boat-demo.axiomprotocol.org\\\/ro\\\/#organization\",\"name\":\"BoatsExpert\",\"url\":\"https:\\\/\\\/boat-demo.axiomprotocol.org\\\/ro\\\/\",\"logo\":{\"@type\":\"ImageObject\",\"inLanguage\":\"ro-RO\",\"@id\":\"https:\\\/\\\/boat-demo.axiomprotocol.org\\\/ro\\\/#\\\/schema\\\/logo\\\/image\\\/\",\"url\":\"https:\\\/\\\/boat-demo.axiomprotocol.org\\\/wp-content\\\/uploads\\\/2023\\\/05\\\/white-logo60.svg\",\"contentUrl\":\"https:\\\/\\\/boat-demo.axiomprotocol.org\\\/wp-content\\\/uploads\\\/2023\\\/05\\\/white-logo60.svg\",\"width\":90,\"height\":60,\"caption\":\"BoatsExpert\"},\"image\":{\"@id\":\"https:\\\/\\\/boat-demo.axiomprotocol.org\\\/ro\\\/#\\\/schema\\\/logo\\\/image\\\/\"}}]}<\/script>\n<!-- \/ Yoast SEO plugin. -->","yoast_head_json":{"title":"Motor termic HONDA BFP60AK1 | L-Type | Remote Control | Electric - BoatsExpert","description":"Romania | Motoare termice Honda pentru b\u0103rci de la Boats Expert cu livrare \u00een toat\u0103 tara. Garantare, instalare la cel mai bun pret.","robots":{"index":"index","follow":"follow","max-snippet":"max-snippet:-1","max-image-preview":"max-image-preview:large","max-video-preview":"max-video-preview:-1"},"canonical":"https:\/\/boat-demo.axiomprotocol.org\/ro\/produs\/motor-termic-honda-bfp60ak1-l-type-remote-control-electric\/","og_locale":"ro_RO","og_type":"article","og_title":"Motor termic HONDA BFP60AK1 | L-Type | Remote Control | Electric - BoatsExpert","og_description":"Romania | Motoare termice Honda pentru b\u0103rci de la Boats Expert cu livrare \u00een toat\u0103 tara. Garantare, instalare la cel mai bun pret.","og_url":"https:\/\/boat-demo.axiomprotocol.org\/ro\/produs\/motor-termic-honda-bfp60ak1-l-type-remote-control-electric\/","og_site_name":"BoatsExpert","article_modified_time":"2024-05-03T10:52:10+00:00","og_image":[{"width":555,"height":478,"url":"https:\/\/boat-demo.axiomprotocol.org\/wp-content\/uploads\/2024\/05\/05_bf60.jpg","type":"image\/jpeg"}],"twitter_card":"summary_large_image","twitter_misc":{"Timp estimat pentru citire":"1 minut"},"schema":{"@context":"https:\/\/schema.org","@graph":[{"@type":"WebPage","@id":"https:\/\/boat-demo.axiomprotocol.org\/ro\/produs\/motor-termic-honda-bfp60ak1-l-type-remote-control-electric\/","url":"https:\/\/boat-demo.axiomprotocol.org\/ro\/produs\/motor-termic-honda-bfp60ak1-l-type-remote-control-electric\/","name":"Motor termic HONDA BFP60AK1 | L-Type | Remote Control | Electric - BoatsExpert","isPartOf":{"@id":"https:\/\/boat-demo.axiomprotocol.org\/ro\/#website"},"primaryImageOfPage":{"@id":"https:\/\/boat-demo.axiomprotocol.org\/ro\/produs\/motor-termic-honda-bfp60ak1-l-type-remote-control-electric\/#primaryimage"},"image":{"@id":"https:\/\/boat-demo.axiomprotocol.org\/ro\/produs\/motor-termic-honda-bfp60ak1-l-type-remote-control-electric\/#primaryimage"},"thumbnailUrl":"https:\/\/boat-demo.axiomprotocol.org\/wp-content\/uploads\/2024\/05\/05_bf60.jpg","datePublished":"2024-05-03T10:34:17+00:00","dateModified":"2024-05-03T10:52:10+00:00","description":"Romania | Motoare termice Honda pentru b\u0103rci de la Boats Expert cu livrare \u00een toat\u0103 tara. Garantare, instalare la cel mai bun pret.","breadcrumb":{"@id":"https:\/\/boat-demo.axiomprotocol.org\/ro\/produs\/motor-termic-honda-bfp60ak1-l-type-remote-control-electric\/#breadcrumb"},"inLanguage":"ro-RO","potentialAction":[{"@type":"ReadAction","target":["https:\/\/boat-demo.axiomprotocol.org\/ro\/produs\/motor-termic-honda-bfp60ak1-l-type-remote-control-electric\/"]}]},{"@type":"ImageObject","inLanguage":"ro-RO","@id":"https:\/\/boat-demo.axiomprotocol.org\/ro\/produs\/motor-termic-honda-bfp60ak1-l-type-remote-control-electric\/#primaryimage","url":"https:\/\/boat-demo.axiomprotocol.org\/wp-content\/uploads\/2024\/05\/05_bf60.jpg","contentUrl":"https:\/\/boat-demo.axiomprotocol.org\/wp-content\/uploads\/2024\/05\/05_bf60.jpg","width":555,"height":478,"caption":"BFP60 Honda"},{"@type":"BreadcrumbList","@id":"https:\/\/boat-demo.axiomprotocol.org\/ro\/produs\/motor-termic-honda-bfp60ak1-l-type-remote-control-electric\/#breadcrumb","itemListElement":[{"@type":"ListItem","position":1,"name":"Home","item":"https:\/\/boat-demo.axiomprotocol.org\/"},{"@type":"ListItem","position":2,"name":"Shop Online &#8211; cel mai bun magazin pentru echipamente pentru b\u0103rci","item":"https:\/\/boat-demo.axiomprotocol.org\/ro\/shop-ro\/"},{"@type":"ListItem","position":3,"name":"Motor termic HONDA BFP60AK1 | L-Type | Remote Control | Electric"}]},{"@type":"WebSite","@id":"https:\/\/boat-demo.axiomprotocol.org\/ro\/#website","url":"https:\/\/boat-demo.axiomprotocol.org\/ro\/","name":"BoatsExpert","description":"Boats, Service, Equipment","publisher":{"@id":"https:\/\/boat-demo.axiomprotocol.org\/ro\/#organization"},"potentialAction":[{"@type":"SearchAction","target":{"@type":"EntryPoint","urlTemplate":"https:\/\/boat-demo.axiomprotocol.org\/ro\/?s={search_term_string}"},"query-input":{"@type":"PropertyValueSpecification","valueRequired":true,"valueName":"search_term_string"}}],"inLanguage":"ro-RO"},{"@type":"Organization","@id":"https:\/\/boat-demo.axiomprotocol.org\/ro\/#organization","name":"BoatsExpert","url":"https:\/\/boat-demo.axiomprotocol.org\/ro\/","logo":{"@type":"ImageObject","inLanguage":"ro-RO","@id":"https:\/\/boat-demo.axiomprotocol.org\/ro\/#\/schema\/logo\/image\/","url":"https:\/\/boat-demo.axiomprotocol.org\/wp-content\/uploads\/2023\/05\/white-logo60.svg","contentUrl":"https:\/\/boat-demo.axiomprotocol.org\/wp-content\/uploads\/2023\/05\/white-logo60.svg","width":90,"height":60,"caption":"BoatsExpert"},"image":{"@id":"https:\/\/boat-demo.axiomprotocol.org\/ro\/#\/schema\/logo\/image\/"}}]}},"_links":{"self":[{"href":"https:\/\/boat-demo.axiomprotocol.org\/ro\/wp-json\/wp\/v2\/product\/33509","targetHints":{"allow":["GET"]}}],"collection":[{"href":"https:\/\/boat-demo.axiomprotocol.org\/ro\/wp-json\/wp\/v2\/product"}],"about":[{"href":"https:\/\/boat-demo.axiomprotocol.org\/ro\/wp-json\/wp\/v2\/types\/product"}],"replies":[{"embeddable":true,"href":"https:\/\/boat-demo.axiomprotocol.org\/ro\/wp-json\/wp\/v2\/comments?post=33509"}],"version-history":[{"count":5,"href":"https:\/\/boat-demo.axiomprotocol.org\/ro\/wp-json\/wp\/v2\/product\/33509\/revisions"}],"predecessor-version":[{"id":33534,"href":"https:\/\/boat-demo.axiomprotocol.org\/ro\/wp-json\/wp\/v2\/product\/33509\/revisions\/33534"}],"wp:featuredmedia":[{"embeddable":true,"href":"https:\/\/boat-demo.axiomprotocol.org\/ro\/wp-json\/wp\/v2\/media\/33511"}],"wp:attachment":[{"href":"https:\/\/boat-demo.axiomprotocol.org\/ro\/wp-json\/wp\/v2\/media?parent=33509"}],"wp:term":[{"taxonomy":"product_brand","embeddable":true,"href":"https:\/\/boat-demo.axiomprotocol.org\/ro\/wp-json\/wp\/v2\/product_brand?post=33509"},{"taxonomy":"product_cat","embeddable":true,"href":"https:\/\/boat-demo.axiomprotocol.org\/ro\/wp-json\/wp\/v2\/product_cat?post=33509"},{"taxonomy":"product_tag","embeddable":true,"href":"https:\/\/boat-demo.axiomprotocol.org\/ro\/wp-json\/wp\/v2\/product_tag?post=33509"}],"curies":[{"name":"wp","href":"https:\/\/api.w.org\/{rel}","templated":true}]}}