{"id":33321,"date":"2024-05-01T17:57:04","date_gmt":"2024-05-01T14:57:05","guid":{"rendered":"https:\/\/boat-demo.axiomprotocol.org\/?post_type=product&#038;p=33321"},"modified":"2024-05-01T18:33:32","modified_gmt":"2024-05-01T15:33:32","slug":"motor-termic-honda-bf20dk2-l-type-tiller-handle-recoil","status":"publish","type":"product","link":"https:\/\/boat-demo.axiomprotocol.org\/ro\/produs\/motor-termic-honda-bf20dk2-l-type-tiller-handle-recoil\/","title":{"rendered":"Motor termic HONDA BF20DK2 | L-Type | Tiller Handle | Recoil"},"content":{"rendered":"\t\t<div data-elementor-type=\"wp-post\" data-elementor-id=\"33321\" class=\"elementor elementor-33321 elementor-33320\">\n\t\t\t\t\t\t<section class=\"elementor-section elementor-top-section elementor-element elementor-element-b25752e elementor-section-boxed elementor-section-height-default elementor-section-height-default\" data-id=\"b25752e\" data-element_type=\"section\" data-e-type=\"section\">\n\t\t\t\t\t\t<div class=\"elementor-container elementor-column-gap-default\">\n\t\t\t\t\t<div class=\"elementor-column elementor-col-100 elementor-top-column elementor-element elementor-element-60bc8bd\" data-id=\"60bc8bd\" data-element_type=\"column\" data-e-type=\"column\">\n\t\t\t<div class=\"elementor-widget-wrap elementor-element-populated\">\n\t\t\t\t\t\t<div class=\"elementor-element elementor-element-f977425 elementor-widget elementor-widget-text-editor\" data-id=\"f977425\" data-element_type=\"widget\" data-e-type=\"widget\" data-widget_type=\"text-editor.default\">\n\t\t\t\t<div class=\"elementor-widget-container\">\n\t\t\t\t\t\t\t\t\t<h6>Engine<\/h6><table style=\"width: 100%\"><tbody><tr><td><strong>Tip<\/strong><\/td><td>4-Stroke SOHC 2 Cylinder\/4 Valves<\/td><\/tr><tr><td><strong>Deplasament<\/strong><\/td><td>350 cc (21.4 cubic inches)<\/td><\/tr><tr><td><strong>Diametru \u0219i curs\u0103<\/strong><\/td><td>59 mm x 64 mm (2.3 x 2.5 inches)<\/td><\/tr><tr><td><strong>Interval de tura\u021bie la accelera\u021bie maxim\u0103<\/strong><\/td><td>5,000-6,000 RPM<\/td><\/tr><tr><td><strong>Putere nominal\u0103<\/strong><\/td><td>20 HP @ 5,500 RPM<\/td><\/tr><tr><td><strong>Sistem de r\u0103cire<\/strong><\/td><td>Water Cooled<\/td><\/tr><tr><td><strong>Alimentare cu combustibil<\/strong><\/td><td>1 Carburetor<\/td><\/tr><tr><td><strong>Sistem de aprindere<\/strong><\/td><td>PGM-IG<\/td><\/tr><tr><td><strong>Sistem de pornire<\/strong><\/td><td>Recoil<\/td><\/tr><tr><td><strong>Evacuare<\/strong><\/td><td>Through Hub<\/td><\/tr><tr><td><strong>Lubrifiere<\/strong><\/td><td>Wet Sump<\/td><\/tr><tr><td><strong>Gam\u0103 de ajustare a trimului<\/strong><\/td><td>4 Stage 8\u00b0-12\u00b0-16\u00b0-20\u00b0<\/td><\/tr><tr><td><strong>Gam\u0103 de \u00eenclinare<\/strong><\/td><td>72\u00b0<\/td><\/tr><\/tbody><\/table>\t\t\t\t\t\t\t\t<\/div>\n\t\t\t\t<\/div>\n\t\t\t\t\t<\/div>\n\t\t<\/div>\n\t\t\t\t\t<\/div>\n\t\t<\/section>\n\t\t\t\t<section class=\"elementor-section elementor-top-section elementor-element elementor-element-2bbe0bd9 elementor-section-boxed elementor-section-height-default elementor-section-height-default\" data-id=\"2bbe0bd9\" data-element_type=\"section\" data-e-type=\"section\">\n\t\t\t\t\t\t<div class=\"elementor-container elementor-column-gap-default\">\n\t\t\t\t\t<div class=\"elementor-column elementor-col-100 elementor-top-column elementor-element elementor-element-b7753eb\" data-id=\"b7753eb\" data-element_type=\"column\" data-e-type=\"column\">\n\t\t\t<div class=\"elementor-widget-wrap elementor-element-populated\">\n\t\t\t\t\t\t<div class=\"elementor-element elementor-element-6c722e17 elementor-widget elementor-widget-text-editor\" data-id=\"6c722e17\" data-element_type=\"widget\" data-e-type=\"widget\" data-widget_type=\"text-editor.default\">\n\t\t\t\t<div class=\"elementor-widget-container\">\n\t\t\t\t\t\t\t\t\t<h6>Transmisie<\/h6><table style=\"width: 100%\"><tbody><tr><td><strong>Raport de vitez\u0103<\/strong><\/td><td>2.08:1<\/td><\/tr><tr><td><strong>Schimb\u0103tor de viteze<\/strong><\/td><td>F-N-R<\/td><\/tr><\/tbody><\/table>\t\t\t\t\t\t\t\t<\/div>\n\t\t\t\t<\/div>\n\t\t\t\t\t<\/div>\n\t\t<\/div>\n\t\t\t\t\t<\/div>\n\t\t<\/section>\n\t\t\t\t<section class=\"elementor-section elementor-top-section elementor-element elementor-element-16bb5a3 elementor-section-boxed elementor-section-height-default elementor-section-height-default\" data-id=\"16bb5a3\" data-element_type=\"section\" data-e-type=\"section\">\n\t\t\t\t\t\t<div class=\"elementor-container elementor-column-gap-default\">\n\t\t\t\t\t<div class=\"elementor-column elementor-col-100 elementor-top-column elementor-element elementor-element-1b01874\" data-id=\"1b01874\" data-element_type=\"column\" data-e-type=\"column\">\n\t\t\t<div class=\"elementor-widget-wrap elementor-element-populated\">\n\t\t\t\t\t\t<div class=\"elementor-element elementor-element-62b78cd elementor-widget elementor-widget-text-editor\" data-id=\"62b78cd\" data-element_type=\"widget\" data-e-type=\"widget\" data-widget_type=\"text-editor.default\">\n\t\t\t\t<div class=\"elementor-widget-container\">\n\t\t\t\t\t\t\t\t\t<h6>Echipament<\/h6><table style=\"width: 100%\"><tbody><tr><td><strong>Alternator cu regulator de tensiune (Pornire manual\u0103)<\/strong><\/td><td>6-Amp (76 watt)<\/td><\/tr><tr><td><strong>Elice<\/strong><\/td><td>4-Blade Aluminum<\/td><\/tr><tr><td><strong>Diametru x Pas<\/strong><\/td><td>9\u00bc x 10 inches<\/td><\/tr><tr><td><strong>\u00cenclinare electric\u0103<\/strong><\/td><td>Available<\/td><\/tr><tr><td><strong>Reglare electric\u0103 \u0219i \u00eenclinare<\/strong><\/td><td>NA<\/td><\/tr><tr><td><strong>\u00cenclinare asistat\u0103 cu gaz<\/strong><\/td><td>NA<\/td><\/tr><tr><td><strong>Alert\u0103 presiune ulei<\/strong><\/td><td>Standard<\/td><\/tr><tr><td><strong>Alert\u0103 temperatur\u0103<\/strong><\/td><td>Standard<\/td><\/tr><tr><td><strong>Limitator de tura\u021bie<\/strong><\/td><td>Standard<\/td><\/tr><\/tbody><\/table>\t\t\t\t\t\t\t\t<\/div>\n\t\t\t\t<\/div>\n\t\t\t\t\t<\/div>\n\t\t<\/div>\n\t\t\t\t\t<\/div>\n\t\t<\/section>\n\t\t\t\t<section class=\"elementor-section elementor-top-section elementor-element elementor-element-570d2248 elementor-section-boxed elementor-section-height-default elementor-section-height-default\" data-id=\"570d2248\" data-element_type=\"section\" data-e-type=\"section\">\n\t\t\t\t\t\t<div class=\"elementor-container elementor-column-gap-default\">\n\t\t\t\t\t<div class=\"elementor-column elementor-col-100 elementor-top-column elementor-element elementor-element-22bcd8\" data-id=\"22bcd8\" data-element_type=\"column\" data-e-type=\"column\">\n\t\t\t<div class=\"elementor-widget-wrap elementor-element-populated\">\n\t\t\t\t\t\t<div class=\"elementor-element elementor-element-13d47d08 elementor-widget elementor-widget-text-editor\" data-id=\"13d47d08\" data-element_type=\"widget\" data-e-type=\"widget\" data-widget_type=\"text-editor.default\">\n\t\t\t\t<div class=\"elementor-widget-container\">\n\t\t\t\t\t\t\t\t\t<h6>Dimensiuni<\/h6><table style=\"width: 100%\"><tbody><tr><td><strong>L\u0103\u021bime total\u0103<\/strong><\/td><td>350 mm\/13.8 inches<\/td><\/tr><tr><td><strong>\u00cen\u0103l\u021bimea transomului<\/strong><\/td><td>508 mm\/20 inches<\/td><\/tr><\/tbody><\/table>\t\t\t\t\t\t\t\t<\/div>\n\t\t\t\t<\/div>\n\t\t\t\t\t<\/div>\n\t\t<\/div>\n\t\t\t\t\t<\/div>\n\t\t<\/section>\n\t\t\t\t<section class=\"elementor-section elementor-top-section elementor-element elementor-element-35c4e299 elementor-section-boxed elementor-section-height-default elementor-section-height-default\" data-id=\"35c4e299\" data-element_type=\"section\" data-e-type=\"section\">\n\t\t\t\t\t\t<div class=\"elementor-container elementor-column-gap-default\">\n\t\t\t\t\t<div class=\"elementor-column elementor-col-100 elementor-top-column elementor-element elementor-element-5821e7db\" data-id=\"5821e7db\" data-element_type=\"column\" data-e-type=\"column\">\n\t\t\t<div class=\"elementor-widget-wrap elementor-element-populated\">\n\t\t\t\t\t\t<div class=\"elementor-element elementor-element-39a68aed elementor-widget elementor-widget-text-editor\" data-id=\"39a68aed\" data-element_type=\"widget\" data-e-type=\"widget\" data-widget_type=\"text-editor.default\">\n\t\t\t\t<div class=\"elementor-widget-container\">\n\t\t\t\t\t\t\t\t\t<h6>Greutatea uscat\u0103<\/h6><table style=\"width: 100%\"><tbody><tr><td><strong>L-Type<\/strong><\/td><td>50 kg\/110 lbs.<\/td><\/tr><\/tbody><\/table>\t\t\t\t\t\t\t\t<\/div>\n\t\t\t\t<\/div>\n\t\t\t\t\t<\/div>\n\t\t<\/div>\n\t\t\t\t\t<\/div>\n\t\t<\/section>\n\t\t\t\t<\/div>\n\t\t","protected":false},"excerpt":{"rendered":"<p>&nbsp;<\/p>\n<p><strong>Motor termic HONDA BF20DK2 | L-Type | Tiller Handle | Recoil<\/strong><\/p>\n<div class=\"flex-1 overflow-hidden\">\n<div class=\"react-scroll-to-bottom--css-pjmhr-79elbk h-full dark:bg-gray-800\">\n<div class=\"react-scroll-to-bottom--css-pjmhr-1n7m0yu\">\n<div class=\"flex flex-col text-sm dark:bg-gray-800\">\n<div class=\"group w-full text-token-text-primary border-b border-black\/10 dark:border-gray-900\/50 bg-gray-50 dark:bg-[#444654]\" data-testid=\"conversation-turn-439\">\n<div class=\"p-4 justify-center text-base md:gap-6 md:py-6 m-auto\">\n<div class=\"flex flex-1 gap-4 text-base mx-auto md:gap-6 md:max-w-2xl lg:max-w-[38rem] xl:max-w-3xl }\">\n<div class=\"relative flex w-[calc(100%-50px)] flex-col gap-1 md:gap-3 lg:w-[calc(100%-115px)]\">\n<div class=\"flex flex-grow flex-col gap-3 max-w-full\">\n<div class=\"min-h-[20px] flex flex-col items-start gap-3 overflow-x-auto whitespace-pre-wrap break-words\">\n<div class=\"markdown prose w-full break-words dark:prose-invert light\">\n<p>Descoper\u0103 poten\u021bialul puterii portabile cu motoarele externe HONDA BF20, disponibile exclusiv la Boats Expert. Cu o greutate de doar 104 de kilograme, aceste motoare reprezint\u0103 epitomul convenien\u021bei \u0219i performan\u021bei. Fabricate cu ADN-ul caracteristic al companiei Honda, ele sunt silen\u021bioase, fiabile \u0219i eficiente din punct de vedere al consumului de combustibil, f\u0103c\u00e2ndu-le alegerea ideal\u0103 pentru pasiona\u021bi de navigare marin\u0103.<\/p>\n<p>Dotate cu cel mai mare sistem de \u00eenc\u0103rcare din clasa lor, motoarele noastre HONDA BF20 se asigur\u0103 c\u0103 nu r\u0103m\u00e2ne\u021bi niciodat\u0103 f\u0103r\u0103 energie pentru electronicele dumneavoastr\u0103, chiar \u0219i \u00een timpul sesiunilor prelungite de pescuit la plimbare. Dispun\u00e2nd de o deplasare mare, acestea garanteaz\u0103 o performan\u021b\u0103 puternic\u0103, \u00een timp ce designul op\u021bional BFP Power Thrust ofer\u0103 un impuls suplimentar de 60% \u00een mar\u0219arier \u0219i 15% \u00eenainte, oferindu-v\u0103 un control de neegalat pe ap\u0103.<\/p>\n<\/div>\n<\/div>\n<\/div>\n<\/div>\n<\/div>\n<\/div>\n<\/div>\n<\/div>\n<\/div>\n<\/div>\n<\/div>\n","protected":false},"featured_media":33271,"comment_status":"open","ping_status":"closed","template":"","meta":{"_acf_changed":false,"inline_featured_image":false},"product_brand":[],"product_cat":[90,112],"product_tag":[],"class_list":{"0":"post-33321","1":"product","2":"type-product","3":"status-publish","4":"has-post-thumbnail","6":"product_cat-honda-outboard-ro","7":"product_cat-motoare-termice-ro","8":"tt-post","10":"first","11":"instock","12":"shipping-taxable","13":"purchasable","14":"product-type-simple"},"acf":[],"yoast_head":"<!-- This site is optimized with the Yoast SEO plugin v27.4 - https:\/\/yoast.com\/product\/yoast-seo-wordpress\/ -->\n<title>Motor termic HONDA BF20DK2 | L-Type | Tiller Handle | Recoil - BoatsExpert<\/title>\n<meta name=\"description\" content=\"Romania | Motoare termice Honda pentru b\u0103rci de la Boats Expert cu livrare \u00een toat\u0103 tara. Garantare, instalare la cel mai bun pret.\" \/>\n<meta name=\"robots\" content=\"index, follow, max-snippet:-1, max-image-preview:large, max-video-preview:-1\" \/>\n<link rel=\"canonical\" href=\"https:\/\/boat-demo.axiomprotocol.org\/ro\/produs\/motor-termic-honda-bf20dk2-l-type-tiller-handle-recoil\/\" \/>\n<meta property=\"og:locale\" content=\"ro_RO\" \/>\n<meta property=\"og:type\" content=\"article\" \/>\n<meta property=\"og:title\" content=\"Motor termic HONDA BF20DK2 | L-Type | Tiller Handle | Recoil - BoatsExpert\" \/>\n<meta property=\"og:description\" content=\"Romania | Motoare termice Honda pentru b\u0103rci de la Boats Expert cu livrare \u00een toat\u0103 tara. Garantare, instalare la cel mai bun pret.\" \/>\n<meta property=\"og:url\" content=\"https:\/\/boat-demo.axiomprotocol.org\/ro\/produs\/motor-termic-honda-bf20dk2-l-type-tiller-handle-recoil\/\" \/>\n<meta property=\"og:site_name\" content=\"BoatsExpert\" \/>\n<meta property=\"article:modified_time\" content=\"2024-05-01T15:33:32+00:00\" \/>\n<meta property=\"og:image\" content=\"https:\/\/boat-demo.axiomprotocol.org\/wp-content\/uploads\/2024\/05\/09_bf20.jpg\" \/>\n\t<meta property=\"og:image:width\" content=\"555\" \/>\n\t<meta property=\"og:image:height\" content=\"478\" \/>\n\t<meta property=\"og:image:type\" content=\"image\/jpeg\" \/>\n<meta name=\"twitter:card\" content=\"summary_large_image\" \/>\n<meta name=\"twitter:label1\" content=\"Timp estimat pentru citire\" \/>\n\t<meta name=\"twitter:data1\" content=\"1 minut\" \/>\n<script type=\"application\/ld+json\" class=\"yoast-schema-graph\">{\"@context\":\"https:\\\/\\\/schema.org\",\"@graph\":[{\"@type\":\"WebPage\",\"@id\":\"https:\\\/\\\/boat-demo.axiomprotocol.org\\\/ro\\\/produs\\\/motor-termic-honda-bf20dk2-l-type-tiller-handle-recoil\\\/\",\"url\":\"https:\\\/\\\/boat-demo.axiomprotocol.org\\\/ro\\\/produs\\\/motor-termic-honda-bf20dk2-l-type-tiller-handle-recoil\\\/\",\"name\":\"Motor termic HONDA BF20DK2 | L-Type | Tiller Handle | Recoil - BoatsExpert\",\"isPartOf\":{\"@id\":\"https:\\\/\\\/boat-demo.axiomprotocol.org\\\/ro\\\/#website\"},\"primaryImageOfPage\":{\"@id\":\"https:\\\/\\\/boat-demo.axiomprotocol.org\\\/ro\\\/produs\\\/motor-termic-honda-bf20dk2-l-type-tiller-handle-recoil\\\/#primaryimage\"},\"image\":{\"@id\":\"https:\\\/\\\/boat-demo.axiomprotocol.org\\\/ro\\\/produs\\\/motor-termic-honda-bf20dk2-l-type-tiller-handle-recoil\\\/#primaryimage\"},\"thumbnailUrl\":\"https:\\\/\\\/boat-demo.axiomprotocol.org\\\/wp-content\\\/uploads\\\/2024\\\/05\\\/09_bf20.jpg\",\"datePublished\":\"2024-05-01T14:57:05+00:00\",\"dateModified\":\"2024-05-01T15:33:32+00:00\",\"description\":\"Romania | Motoare termice Honda pentru b\u0103rci de la Boats Expert cu livrare \u00een toat\u0103 tara. Garantare, instalare la cel mai bun pret.\",\"breadcrumb\":{\"@id\":\"https:\\\/\\\/boat-demo.axiomprotocol.org\\\/ro\\\/produs\\\/motor-termic-honda-bf20dk2-l-type-tiller-handle-recoil\\\/#breadcrumb\"},\"inLanguage\":\"ro-RO\",\"potentialAction\":[{\"@type\":\"ReadAction\",\"target\":[\"https:\\\/\\\/boat-demo.axiomprotocol.org\\\/ro\\\/produs\\\/motor-termic-honda-bf20dk2-l-type-tiller-handle-recoil\\\/\"]}]},{\"@type\":\"ImageObject\",\"inLanguage\":\"ro-RO\",\"@id\":\"https:\\\/\\\/boat-demo.axiomprotocol.org\\\/ro\\\/produs\\\/motor-termic-honda-bf20dk2-l-type-tiller-handle-recoil\\\/#primaryimage\",\"url\":\"https:\\\/\\\/boat-demo.axiomprotocol.org\\\/wp-content\\\/uploads\\\/2024\\\/05\\\/09_bf20.jpg\",\"contentUrl\":\"https:\\\/\\\/boat-demo.axiomprotocol.org\\\/wp-content\\\/uploads\\\/2024\\\/05\\\/09_bf20.jpg\",\"width\":555,\"height\":478,\"caption\":\"HONDA\"},{\"@type\":\"BreadcrumbList\",\"@id\":\"https:\\\/\\\/boat-demo.axiomprotocol.org\\\/ro\\\/produs\\\/motor-termic-honda-bf20dk2-l-type-tiller-handle-recoil\\\/#breadcrumb\",\"itemListElement\":[{\"@type\":\"ListItem\",\"position\":1,\"name\":\"Home\",\"item\":\"https:\\\/\\\/boat-demo.axiomprotocol.org\\\/\"},{\"@type\":\"ListItem\",\"position\":2,\"name\":\"Shop Online &#8211; cel mai bun magazin pentru echipamente pentru b\u0103rci\",\"item\":\"https:\\\/\\\/boat-demo.axiomprotocol.org\\\/ro\\\/shop-ro\\\/\"},{\"@type\":\"ListItem\",\"position\":3,\"name\":\"Motor termic HONDA BF20DK2 | L-Type | Tiller Handle | Recoil\"}]},{\"@type\":\"WebSite\",\"@id\":\"https:\\\/\\\/boat-demo.axiomprotocol.org\\\/ro\\\/#website\",\"url\":\"https:\\\/\\\/boat-demo.axiomprotocol.org\\\/ro\\\/\",\"name\":\"BoatsExpert\",\"description\":\"Boats, Service, Equipment\",\"publisher\":{\"@id\":\"https:\\\/\\\/boat-demo.axiomprotocol.org\\\/ro\\\/#organization\"},\"potentialAction\":[{\"@type\":\"SearchAction\",\"target\":{\"@type\":\"EntryPoint\",\"urlTemplate\":\"https:\\\/\\\/boat-demo.axiomprotocol.org\\\/ro\\\/?s={search_term_string}\"},\"query-input\":{\"@type\":\"PropertyValueSpecification\",\"valueRequired\":true,\"valueName\":\"search_term_string\"}}],\"inLanguage\":\"ro-RO\"},{\"@type\":\"Organization\",\"@id\":\"https:\\\/\\\/boat-demo.axiomprotocol.org\\\/ro\\\/#organization\",\"name\":\"BoatsExpert\",\"url\":\"https:\\\/\\\/boat-demo.axiomprotocol.org\\\/ro\\\/\",\"logo\":{\"@type\":\"ImageObject\",\"inLanguage\":\"ro-RO\",\"@id\":\"https:\\\/\\\/boat-demo.axiomprotocol.org\\\/ro\\\/#\\\/schema\\\/logo\\\/image\\\/\",\"url\":\"https:\\\/\\\/boat-demo.axiomprotocol.org\\\/wp-content\\\/uploads\\\/2023\\\/05\\\/white-logo60.svg\",\"contentUrl\":\"https:\\\/\\\/boat-demo.axiomprotocol.org\\\/wp-content\\\/uploads\\\/2023\\\/05\\\/white-logo60.svg\",\"width\":90,\"height\":60,\"caption\":\"BoatsExpert\"},\"image\":{\"@id\":\"https:\\\/\\\/boat-demo.axiomprotocol.org\\\/ro\\\/#\\\/schema\\\/logo\\\/image\\\/\"}}]}<\/script>\n<!-- \/ Yoast SEO plugin. -->","yoast_head_json":{"title":"Motor termic HONDA BF20DK2 | L-Type | Tiller Handle | Recoil - BoatsExpert","description":"Romania | Motoare termice Honda pentru b\u0103rci de la Boats Expert cu livrare \u00een toat\u0103 tara. Garantare, instalare la cel mai bun pret.","robots":{"index":"index","follow":"follow","max-snippet":"max-snippet:-1","max-image-preview":"max-image-preview:large","max-video-preview":"max-video-preview:-1"},"canonical":"https:\/\/boat-demo.axiomprotocol.org\/ro\/produs\/motor-termic-honda-bf20dk2-l-type-tiller-handle-recoil\/","og_locale":"ro_RO","og_type":"article","og_title":"Motor termic HONDA BF20DK2 | L-Type | Tiller Handle | Recoil - BoatsExpert","og_description":"Romania | Motoare termice Honda pentru b\u0103rci de la Boats Expert cu livrare \u00een toat\u0103 tara. Garantare, instalare la cel mai bun pret.","og_url":"https:\/\/boat-demo.axiomprotocol.org\/ro\/produs\/motor-termic-honda-bf20dk2-l-type-tiller-handle-recoil\/","og_site_name":"BoatsExpert","article_modified_time":"2024-05-01T15:33:32+00:00","og_image":[{"width":555,"height":478,"url":"https:\/\/boat-demo.axiomprotocol.org\/wp-content\/uploads\/2024\/05\/09_bf20.jpg","type":"image\/jpeg"}],"twitter_card":"summary_large_image","twitter_misc":{"Timp estimat pentru citire":"1 minut"},"schema":{"@context":"https:\/\/schema.org","@graph":[{"@type":"WebPage","@id":"https:\/\/boat-demo.axiomprotocol.org\/ro\/produs\/motor-termic-honda-bf20dk2-l-type-tiller-handle-recoil\/","url":"https:\/\/boat-demo.axiomprotocol.org\/ro\/produs\/motor-termic-honda-bf20dk2-l-type-tiller-handle-recoil\/","name":"Motor termic HONDA BF20DK2 | L-Type | Tiller Handle | Recoil - BoatsExpert","isPartOf":{"@id":"https:\/\/boat-demo.axiomprotocol.org\/ro\/#website"},"primaryImageOfPage":{"@id":"https:\/\/boat-demo.axiomprotocol.org\/ro\/produs\/motor-termic-honda-bf20dk2-l-type-tiller-handle-recoil\/#primaryimage"},"image":{"@id":"https:\/\/boat-demo.axiomprotocol.org\/ro\/produs\/motor-termic-honda-bf20dk2-l-type-tiller-handle-recoil\/#primaryimage"},"thumbnailUrl":"https:\/\/boat-demo.axiomprotocol.org\/wp-content\/uploads\/2024\/05\/09_bf20.jpg","datePublished":"2024-05-01T14:57:05+00:00","dateModified":"2024-05-01T15:33:32+00:00","description":"Romania | Motoare termice Honda pentru b\u0103rci de la Boats Expert cu livrare \u00een toat\u0103 tara. Garantare, instalare la cel mai bun pret.","breadcrumb":{"@id":"https:\/\/boat-demo.axiomprotocol.org\/ro\/produs\/motor-termic-honda-bf20dk2-l-type-tiller-handle-recoil\/#breadcrumb"},"inLanguage":"ro-RO","potentialAction":[{"@type":"ReadAction","target":["https:\/\/boat-demo.axiomprotocol.org\/ro\/produs\/motor-termic-honda-bf20dk2-l-type-tiller-handle-recoil\/"]}]},{"@type":"ImageObject","inLanguage":"ro-RO","@id":"https:\/\/boat-demo.axiomprotocol.org\/ro\/produs\/motor-termic-honda-bf20dk2-l-type-tiller-handle-recoil\/#primaryimage","url":"https:\/\/boat-demo.axiomprotocol.org\/wp-content\/uploads\/2024\/05\/09_bf20.jpg","contentUrl":"https:\/\/boat-demo.axiomprotocol.org\/wp-content\/uploads\/2024\/05\/09_bf20.jpg","width":555,"height":478,"caption":"HONDA"},{"@type":"BreadcrumbList","@id":"https:\/\/boat-demo.axiomprotocol.org\/ro\/produs\/motor-termic-honda-bf20dk2-l-type-tiller-handle-recoil\/#breadcrumb","itemListElement":[{"@type":"ListItem","position":1,"name":"Home","item":"https:\/\/boat-demo.axiomprotocol.org\/"},{"@type":"ListItem","position":2,"name":"Shop Online &#8211; cel mai bun magazin pentru echipamente pentru b\u0103rci","item":"https:\/\/boat-demo.axiomprotocol.org\/ro\/shop-ro\/"},{"@type":"ListItem","position":3,"name":"Motor termic HONDA BF20DK2 | L-Type | Tiller Handle | Recoil"}]},{"@type":"WebSite","@id":"https:\/\/boat-demo.axiomprotocol.org\/ro\/#website","url":"https:\/\/boat-demo.axiomprotocol.org\/ro\/","name":"BoatsExpert","description":"Boats, Service, Equipment","publisher":{"@id":"https:\/\/boat-demo.axiomprotocol.org\/ro\/#organization"},"potentialAction":[{"@type":"SearchAction","target":{"@type":"EntryPoint","urlTemplate":"https:\/\/boat-demo.axiomprotocol.org\/ro\/?s={search_term_string}"},"query-input":{"@type":"PropertyValueSpecification","valueRequired":true,"valueName":"search_term_string"}}],"inLanguage":"ro-RO"},{"@type":"Organization","@id":"https:\/\/boat-demo.axiomprotocol.org\/ro\/#organization","name":"BoatsExpert","url":"https:\/\/boat-demo.axiomprotocol.org\/ro\/","logo":{"@type":"ImageObject","inLanguage":"ro-RO","@id":"https:\/\/boat-demo.axiomprotocol.org\/ro\/#\/schema\/logo\/image\/","url":"https:\/\/boat-demo.axiomprotocol.org\/wp-content\/uploads\/2023\/05\/white-logo60.svg","contentUrl":"https:\/\/boat-demo.axiomprotocol.org\/wp-content\/uploads\/2023\/05\/white-logo60.svg","width":90,"height":60,"caption":"BoatsExpert"},"image":{"@id":"https:\/\/boat-demo.axiomprotocol.org\/ro\/#\/schema\/logo\/image\/"}}]}},"_links":{"self":[{"href":"https:\/\/boat-demo.axiomprotocol.org\/ro\/wp-json\/wp\/v2\/product\/33321","targetHints":{"allow":["GET"]}}],"collection":[{"href":"https:\/\/boat-demo.axiomprotocol.org\/ro\/wp-json\/wp\/v2\/product"}],"about":[{"href":"https:\/\/boat-demo.axiomprotocol.org\/ro\/wp-json\/wp\/v2\/types\/product"}],"replies":[{"embeddable":true,"href":"https:\/\/boat-demo.axiomprotocol.org\/ro\/wp-json\/wp\/v2\/comments?post=33321"}],"version-history":[{"count":5,"href":"https:\/\/boat-demo.axiomprotocol.org\/ro\/wp-json\/wp\/v2\/product\/33321\/revisions"}],"predecessor-version":[{"id":33393,"href":"https:\/\/boat-demo.axiomprotocol.org\/ro\/wp-json\/wp\/v2\/product\/33321\/revisions\/33393"}],"wp:featuredmedia":[{"embeddable":true,"href":"https:\/\/boat-demo.axiomprotocol.org\/ro\/wp-json\/wp\/v2\/media\/33271"}],"wp:attachment":[{"href":"https:\/\/boat-demo.axiomprotocol.org\/ro\/wp-json\/wp\/v2\/media?parent=33321"}],"wp:term":[{"taxonomy":"product_brand","embeddable":true,"href":"https:\/\/boat-demo.axiomprotocol.org\/ro\/wp-json\/wp\/v2\/product_brand?post=33321"},{"taxonomy":"product_cat","embeddable":true,"href":"https:\/\/boat-demo.axiomprotocol.org\/ro\/wp-json\/wp\/v2\/product_cat?post=33321"},{"taxonomy":"product_tag","embeddable":true,"href":"https:\/\/boat-demo.axiomprotocol.org\/ro\/wp-json\/wp\/v2\/product_tag?post=33321"}],"curies":[{"name":"wp","href":"https:\/\/api.w.org\/{rel}","templated":true}]}}