{"id":33049,"date":"2024-04-29T13:03:52","date_gmt":"2024-04-29T10:03:52","guid":{"rendered":"https:\/\/boat-demo.axiomprotocol.org\/?post_type=product&#038;p=33049"},"modified":"2024-05-01T14:00:14","modified_gmt":"2024-05-01T11:00:14","slug":"motor-termic-honda-bf5dh-s-type","status":"publish","type":"product","link":"https:\/\/boat-demo.axiomprotocol.org\/ro\/produs\/motor-termic-honda-bf5dh-s-type\/","title":{"rendered":"Motor termic HONDA BF5DH | S-Type"},"content":{"rendered":"\t\t<div data-elementor-type=\"wp-post\" data-elementor-id=\"33049\" class=\"elementor elementor-33049 elementor-33048\">\n\t\t\t\t\t\t<section class=\"elementor-section elementor-top-section elementor-element elementor-element-8b29a60 elementor-section-boxed elementor-section-height-default elementor-section-height-default\" data-id=\"8b29a60\" data-element_type=\"section\" data-e-type=\"section\">\n\t\t\t\t\t\t<div class=\"elementor-container elementor-column-gap-default\">\n\t\t\t\t\t<div class=\"elementor-column elementor-col-100 elementor-top-column elementor-element elementor-element-1d59c4b\" data-id=\"1d59c4b\" data-element_type=\"column\" data-e-type=\"column\">\n\t\t\t<div class=\"elementor-widget-wrap elementor-element-populated\">\n\t\t\t\t\t\t<div class=\"elementor-element elementor-element-da538c3 elementor-widget elementor-widget-text-editor\" data-id=\"da538c3\" data-element_type=\"widget\" data-e-type=\"widget\" data-widget_type=\"text-editor.default\">\n\t\t\t\t<div class=\"elementor-widget-container\">\n\t\t\t\t\t\t\t\t\t<h6>Engine<\/h6>\n<table style=\"width: 100%\">\n<tbody>\n<tr>\n<td><strong>Type<\/strong><\/td>\n<td>4-Stroke OHV, 1 Cylinder\/2 Valves<\/td>\n<\/tr>\n<tr>\n<td><strong>Displacement<\/strong><\/td>\n<td>127 cc (7.8 cubic inches)<\/td>\n<\/tr>\n<tr>\n<td><strong>Bore &amp; Stroke<\/strong><\/td>\n<td>60 mm x 45 mm (2.4 x 1.8 inches)<\/td>\n<\/tr>\n<tr>\n<td><strong>Full Throttle RPM Range<\/strong><\/td>\n<td>4,500-5,500 RPM<\/td>\n<\/tr>\n<tr>\n<td><strong>Rated Power<\/strong><\/td>\n<td>5 HP @ 5,500 RPM<\/td>\n<\/tr>\n<tr>\n<td><strong>Cooling System<\/strong><\/td>\n<td>Water Cooled<\/td>\n<\/tr>\n<tr>\n<td><strong>Fuel Delivery<\/strong><\/td>\n<td>1 Carburetor<\/td>\n<\/tr>\n<tr>\n<td><strong>Internal Fuel Tank Capacity<\/strong><\/td>\n<td>1.5L (.39 gal.)<\/td>\n<\/tr>\n<tr>\n<td><strong>Ignition System<\/strong><\/td>\n<td>Digital CDI<\/td>\n<\/tr>\n<tr>\n<td><strong>Starting System<\/strong><\/td>\n<td>Recoil<\/td>\n<\/tr>\n<tr>\n<td><strong>Exhaust<\/strong><\/td>\n<td>Under Water, Above Propeller<\/td>\n<\/tr>\n<tr>\n<td><strong>Lubrication<\/strong><\/td>\n<td>Wet Sump<\/td>\n<\/tr>\n<tr>\n<td><strong>Trim Range<\/strong><\/td>\n<td>5-Stage 5\u00b0-9\u00b0-13\u00b0-17\u00b0-21\u00b0<\/td>\n<\/tr>\n<tr>\n<td><strong>Tilt Range<\/strong><\/td>\n<td>70\u00b0<\/td>\n<\/tr>\n<\/tbody>\n<\/table>\t\t\t\t\t\t\t\t<\/div>\n\t\t\t\t<\/div>\n\t\t\t\t\t<\/div>\n\t\t<\/div>\n\t\t\t\t\t<\/div>\n\t\t<\/section>\n\t\t\t\t<section class=\"elementor-section elementor-top-section elementor-element elementor-element-6d2693d elementor-section-boxed elementor-section-height-default elementor-section-height-default\" data-id=\"6d2693d\" data-element_type=\"section\" data-e-type=\"section\">\n\t\t\t\t\t\t<div class=\"elementor-container elementor-column-gap-default\">\n\t\t\t\t\t<div class=\"elementor-column elementor-col-100 elementor-top-column elementor-element elementor-element-cec929a\" data-id=\"cec929a\" data-element_type=\"column\" data-e-type=\"column\">\n\t\t\t<div class=\"elementor-widget-wrap elementor-element-populated\">\n\t\t\t\t\t\t<div class=\"elementor-element elementor-element-8144805 elementor-widget elementor-widget-text-editor\" data-id=\"8144805\" data-element_type=\"widget\" data-e-type=\"widget\" data-widget_type=\"text-editor.default\">\n\t\t\t\t<div class=\"elementor-widget-container\">\n\t\t\t\t\t\t\t\t\t<h6>Drive<\/h6>\n<table style=\"width: 100%\">\n<tbody>\n<tr>\n<td><strong>Gear Ratio<\/strong><\/td>\n<td>2.08:1<\/td>\n<\/tr>\n<tr>\n<td><strong>Gear Shift<\/strong><\/td>\n<td>F-N-R<\/td>\n<\/tr>\n<\/tbody>\n<\/table>\n\t\t\t\t\t\t\t\t<\/div>\n\t\t\t\t<\/div>\n\t\t\t\t\t<\/div>\n\t\t<\/div>\n\t\t\t\t\t<\/div>\n\t\t<\/section>\n\t\t\t\t<section class=\"elementor-section elementor-top-section elementor-element elementor-element-b0bf409 elementor-section-boxed elementor-section-height-default elementor-section-height-default\" data-id=\"b0bf409\" data-element_type=\"section\" data-e-type=\"section\">\n\t\t\t\t\t\t<div class=\"elementor-container elementor-column-gap-default\">\n\t\t\t\t\t<div class=\"elementor-column elementor-col-100 elementor-top-column elementor-element elementor-element-4d0cfca\" data-id=\"4d0cfca\" data-element_type=\"column\" data-e-type=\"column\">\n\t\t\t<div class=\"elementor-widget-wrap elementor-element-populated\">\n\t\t\t\t\t\t<div class=\"elementor-element elementor-element-1a8c054 elementor-widget elementor-widget-text-editor\" data-id=\"1a8c054\" data-element_type=\"widget\" data-e-type=\"widget\" data-widget_type=\"text-editor.default\">\n\t\t\t\t<div class=\"elementor-widget-container\">\n\t\t\t\t\t\t\t\t\t<h6>Equipment<\/h6>\n<table style=\"width: 100%\">\n<tbody>\n<tr>\n<td><strong>Alternator<\/strong><\/td>\n<td>Opt. 6-Amp<\/td>\n<\/tr>\n<tr>\n<td><strong>Propeller<\/strong><\/td>\n<td>3-Blade Aluminum<\/td>\n<\/tr>\n<tr>\n<td><strong>Diameter x Pitch<\/strong><\/td>\n<td>7.875 x 6.75 inches<\/td>\n<\/tr>\n<tr>\n<td><strong>Available Optional Propellers<\/strong><\/td>\n<td>3<\/td>\n<\/tr>\n<tr>\n<td><strong>Oil Pressure Alert<\/strong><\/td>\n<td>Standard<\/td>\n<\/tr>\n<tr>\n<td><strong>Low Oil Pressure RPM Reduction<\/strong><\/td>\n<td>Standard<\/td>\n<\/tr>\n<tr>\n<td><strong>Rev-Limiter<\/strong><\/td>\n<td>Standard<\/td>\n<\/tr>\n<tr>\n<td><strong>External Fuel Tank Connector<\/strong><\/td>\n<td>Standard<\/td>\n<\/tr>\n<tr>\n<td><strong>Decompression Mechanism<\/strong><\/td>\n<td>Standard<\/td>\n<\/tr>\n<tr>\n<td><strong>One-Touch Stop Button<\/strong><\/td>\n<td>Standard<\/td>\n<\/tr>\n<\/tbody>\n<\/table>\n\t\t\t\t\t\t\t\t<\/div>\n\t\t\t\t<\/div>\n\t\t\t\t\t<\/div>\n\t\t<\/div>\n\t\t\t\t\t<\/div>\n\t\t<\/section>\n\t\t\t\t<section class=\"elementor-section elementor-top-section elementor-element elementor-element-3948faa elementor-section-boxed elementor-section-height-default elementor-section-height-default\" data-id=\"3948faa\" data-element_type=\"section\" data-e-type=\"section\">\n\t\t\t\t\t\t<div class=\"elementor-container elementor-column-gap-default\">\n\t\t\t\t\t<div class=\"elementor-column elementor-col-100 elementor-top-column elementor-element elementor-element-25c06c0\" data-id=\"25c06c0\" data-element_type=\"column\" data-e-type=\"column\">\n\t\t\t<div class=\"elementor-widget-wrap elementor-element-populated\">\n\t\t\t\t\t\t<div class=\"elementor-element elementor-element-5bf6925 elementor-widget elementor-widget-text-editor\" data-id=\"5bf6925\" data-element_type=\"widget\" data-e-type=\"widget\" data-widget_type=\"text-editor.default\">\n\t\t\t\t<div class=\"elementor-widget-container\">\n\t\t\t\t\t\t\t\t\t<h6>Dimensions<\/h6>\n<table style=\"width: 100%\">\n<tbody>\n<tr>\n<td><strong>Overall Width<\/strong><\/td>\n<td>347 mm\/13.66 in.<\/td>\n<\/tr>\n<tr>\n<td><strong>Transom Height<\/strong><\/td>\n<td>434 mm\/15 in.<\/td>\n<\/tr>\n<\/tbody>\n<\/table>\n\t\t\t\t\t\t\t\t<\/div>\n\t\t\t\t<\/div>\n\t\t\t\t\t<\/div>\n\t\t<\/div>\n\t\t\t\t\t<\/div>\n\t\t<\/section>\n\t\t\t\t<section class=\"elementor-section elementor-top-section elementor-element elementor-element-744099f elementor-section-boxed elementor-section-height-default elementor-section-height-default\" data-id=\"744099f\" data-element_type=\"section\" data-e-type=\"section\">\n\t\t\t\t\t\t<div class=\"elementor-container elementor-column-gap-default\">\n\t\t\t\t\t<div class=\"elementor-column elementor-col-100 elementor-top-column elementor-element elementor-element-ecc7378\" data-id=\"ecc7378\" data-element_type=\"column\" data-e-type=\"column\">\n\t\t\t<div class=\"elementor-widget-wrap elementor-element-populated\">\n\t\t\t\t\t\t<div class=\"elementor-element elementor-element-48ca086 elementor-widget elementor-widget-text-editor\" data-id=\"48ca086\" data-element_type=\"widget\" data-e-type=\"widget\" data-widget_type=\"text-editor.default\">\n\t\t\t\t<div class=\"elementor-widget-container\">\n\t\t\t\t\t\t\t\t\t<h6>Dry Weight<\/h6>\n<table style=\"width: 100%\">\n<tbody>\n<tr>\n<td><strong>S-Type<\/strong><\/td>\n<td>27 kg\/60 lb.<\/td>\n<\/tr>\n<\/tbody>\n<\/table>\n\t\t\t\t\t\t\t\t<\/div>\n\t\t\t\t<\/div>\n\t\t\t\t\t<\/div>\n\t\t<\/div>\n\t\t\t\t\t<\/div>\n\t\t<\/section>\n\t\t\t\t<\/div>\n\t\t","protected":false},"excerpt":{"rendered":"<p>&nbsp;<\/p>\n<p><strong>Motor termic HONDA BF5DH | S-Type\u00a0<\/strong><\/p>\n<div class=\"flex-1 overflow-hidden\">\n<div class=\"react-scroll-to-bottom--css-pjmhr-79elbk h-full dark:bg-gray-800\">\n<div class=\"react-scroll-to-bottom--css-pjmhr-1n7m0yu\">\n<div class=\"flex flex-col text-sm dark:bg-gray-800\">\n<div class=\"group w-full text-token-text-primary border-b border-black\/10 dark:border-gray-900\/50 bg-gray-50 dark:bg-[#444654]\" data-testid=\"conversation-turn-439\">\n<div class=\"p-4 justify-center text-base md:gap-6 md:py-6 m-auto\">\n<div class=\"flex flex-1 gap-4 text-base mx-auto md:gap-6 md:max-w-2xl lg:max-w-[38rem] xl:max-w-3xl }\">\n<div class=\"relative flex w-[calc(100%-50px)] flex-col gap-1 md:gap-3 lg:w-[calc(100%-115px)]\">\n<div class=\"flex flex-grow flex-col gap-3 max-w-full\">\n<div class=\"min-h-[20px] flex flex-col items-start gap-3 overflow-x-auto whitespace-pre-wrap break-words\">\n<div class=\"markdown prose w-full break-words dark:prose-invert light\">\n<p>C\u0103uta\u021bi un motor outboard portabil care s\u0103 \u00eendeplineasc\u0103 toate cerin\u021bele de lini\u0219te, fiabilitate \u0219i design u\u0219or? Nu c\u0103uta\u021bi mai departe de BF5 de la HONDA, disponibil exclusiv la Boats Expert. Angajamentul nostru fa\u021b\u0103 de calitate \u0219i satisfac\u021bia dumneavoastr\u0103 \u00een naviga\u021bie str\u0103luce\u0219te \u00een fiecare detaliu.<\/p>\n<p>BF5 de la HONDA nu este doar incredibil de u\u0219or \u0219i compact, facilit\u00e2nd transportul; este, de asemenea, proiectat pentru performan\u021be superioare pe ambarca\u021biuni mici \u0219i b\u0103rci de jon. Func\u021bionarea sa lini\u0219tit\u0103 asigur\u0103 o plimbare pa\u0219nic\u0103, permi\u021b\u00e2ndu-v\u0103 s\u0103 v\u0103 conecta\u021bi cu natura f\u0103r\u0103 a fi deranja\u021bi de un motor zgomotos.<\/p>\n<p>La Boats Expert, \u00een\u021belegem c\u0103 fiabilitatea este crucial\u0103 pe ap\u0103. De aceea, BF5 de la HONDA vine echipat cu caracteristici concepute pentru a asigura o experien\u021b\u0103 de naviga\u021bie lin\u0103 \u0219i de \u00eencredere, zi dup\u0103 zi. Ave\u021bi \u00eencredere \u00een tradi\u021bia de excelen\u021b\u0103 a HONDA \u0219i \u00een Boats Expert pentru toate nevoile dumneavoastr\u0103 legate de motoarele outboard.<\/p>\n<\/div>\n<\/div>\n<\/div>\n<\/div>\n<\/div>\n<\/div>\n<\/div>\n<\/div>\n<\/div>\n<\/div>\n<\/div>\n","protected":false},"featured_media":33020,"comment_status":"open","ping_status":"closed","template":"","meta":{"_acf_changed":false,"inline_featured_image":false},"product_brand":[],"product_cat":[90,112],"product_tag":[],"class_list":{"0":"post-33049","1":"product","2":"type-product","3":"status-publish","4":"has-post-thumbnail","6":"product_cat-honda-outboard-ro","7":"product_cat-motoare-termice-ro","8":"tt-post","10":"first","11":"instock","12":"shipping-taxable","13":"purchasable","14":"product-type-simple"},"acf":[],"yoast_head":"<!-- This site is optimized with the Yoast SEO plugin v27.4 - https:\/\/yoast.com\/product\/yoast-seo-wordpress\/ -->\n<title>Motor termic HONDA BF5DH | S-Type - BoatsExpert<\/title>\n<meta name=\"description\" content=\"Romania | Motoare termice Honda pentru b\u0103rci de la Boats Expert cu livrare \u00een toat\u0103 tara. Garantare, instalare la cel mai bun pret.\" \/>\n<meta name=\"robots\" content=\"index, follow, max-snippet:-1, max-image-preview:large, max-video-preview:-1\" \/>\n<link rel=\"canonical\" href=\"https:\/\/boat-demo.axiomprotocol.org\/ro\/produs\/motor-termic-honda-bf5dh-s-type\/\" \/>\n<meta property=\"og:locale\" content=\"ro_RO\" \/>\n<meta property=\"og:type\" content=\"article\" \/>\n<meta property=\"og:title\" content=\"Motor termic HONDA BF5DH | S-Type - BoatsExpert\" \/>\n<meta property=\"og:description\" content=\"Romania | Motoare termice Honda pentru b\u0103rci de la Boats Expert cu livrare \u00een toat\u0103 tara. Garantare, instalare la cel mai bun pret.\" \/>\n<meta property=\"og:url\" content=\"https:\/\/boat-demo.axiomprotocol.org\/ro\/produs\/motor-termic-honda-bf5dh-s-type\/\" \/>\n<meta property=\"og:site_name\" content=\"BoatsExpert\" \/>\n<meta property=\"article:modified_time\" content=\"2024-05-01T11:00:14+00:00\" \/>\n<meta property=\"og:image\" content=\"https:\/\/boat-demo.axiomprotocol.org\/wp-content\/uploads\/2024\/04\/11_bf5.jpg\" \/>\n\t<meta property=\"og:image:width\" content=\"555\" \/>\n\t<meta property=\"og:image:height\" content=\"478\" \/>\n\t<meta property=\"og:image:type\" content=\"image\/jpeg\" \/>\n<meta name=\"twitter:card\" content=\"summary_large_image\" \/>\n<meta name=\"twitter:label1\" content=\"Timp estimat pentru citire\" \/>\n\t<meta name=\"twitter:data1\" content=\"1 minut\" \/>\n<script type=\"application\/ld+json\" class=\"yoast-schema-graph\">{\"@context\":\"https:\\\/\\\/schema.org\",\"@graph\":[{\"@type\":\"WebPage\",\"@id\":\"https:\\\/\\\/boat-demo.axiomprotocol.org\\\/ro\\\/produs\\\/motor-termic-honda-bf5dh-s-type\\\/\",\"url\":\"https:\\\/\\\/boat-demo.axiomprotocol.org\\\/ro\\\/produs\\\/motor-termic-honda-bf5dh-s-type\\\/\",\"name\":\"Motor termic HONDA BF5DH | S-Type - BoatsExpert\",\"isPartOf\":{\"@id\":\"https:\\\/\\\/boat-demo.axiomprotocol.org\\\/ro\\\/#website\"},\"primaryImageOfPage\":{\"@id\":\"https:\\\/\\\/boat-demo.axiomprotocol.org\\\/ro\\\/produs\\\/motor-termic-honda-bf5dh-s-type\\\/#primaryimage\"},\"image\":{\"@id\":\"https:\\\/\\\/boat-demo.axiomprotocol.org\\\/ro\\\/produs\\\/motor-termic-honda-bf5dh-s-type\\\/#primaryimage\"},\"thumbnailUrl\":\"https:\\\/\\\/boat-demo.axiomprotocol.org\\\/wp-content\\\/uploads\\\/2024\\\/04\\\/11_bf5.jpg\",\"datePublished\":\"2024-04-29T10:03:52+00:00\",\"dateModified\":\"2024-05-01T11:00:14+00:00\",\"description\":\"Romania | Motoare termice Honda pentru b\u0103rci de la Boats Expert cu livrare \u00een toat\u0103 tara. Garantare, instalare la cel mai bun pret.\",\"breadcrumb\":{\"@id\":\"https:\\\/\\\/boat-demo.axiomprotocol.org\\\/ro\\\/produs\\\/motor-termic-honda-bf5dh-s-type\\\/#breadcrumb\"},\"inLanguage\":\"ro-RO\",\"potentialAction\":[{\"@type\":\"ReadAction\",\"target\":[\"https:\\\/\\\/boat-demo.axiomprotocol.org\\\/ro\\\/produs\\\/motor-termic-honda-bf5dh-s-type\\\/\"]}]},{\"@type\":\"ImageObject\",\"inLanguage\":\"ro-RO\",\"@id\":\"https:\\\/\\\/boat-demo.axiomprotocol.org\\\/ro\\\/produs\\\/motor-termic-honda-bf5dh-s-type\\\/#primaryimage\",\"url\":\"https:\\\/\\\/boat-demo.axiomprotocol.org\\\/wp-content\\\/uploads\\\/2024\\\/04\\\/11_bf5.jpg\",\"contentUrl\":\"https:\\\/\\\/boat-demo.axiomprotocol.org\\\/wp-content\\\/uploads\\\/2024\\\/04\\\/11_bf5.jpg\",\"width\":555,\"height\":478,\"caption\":\"Honda Outboard engine\"},{\"@type\":\"BreadcrumbList\",\"@id\":\"https:\\\/\\\/boat-demo.axiomprotocol.org\\\/ro\\\/produs\\\/motor-termic-honda-bf5dh-s-type\\\/#breadcrumb\",\"itemListElement\":[{\"@type\":\"ListItem\",\"position\":1,\"name\":\"Home\",\"item\":\"https:\\\/\\\/boat-demo.axiomprotocol.org\\\/\"},{\"@type\":\"ListItem\",\"position\":2,\"name\":\"Shop Online &#8211; cel mai bun magazin pentru echipamente pentru b\u0103rci\",\"item\":\"https:\\\/\\\/boat-demo.axiomprotocol.org\\\/ro\\\/shop-ro\\\/\"},{\"@type\":\"ListItem\",\"position\":3,\"name\":\"Motor termic HONDA BF5DH | S-Type\"}]},{\"@type\":\"WebSite\",\"@id\":\"https:\\\/\\\/boat-demo.axiomprotocol.org\\\/ro\\\/#website\",\"url\":\"https:\\\/\\\/boat-demo.axiomprotocol.org\\\/ro\\\/\",\"name\":\"BoatsExpert\",\"description\":\"Boats, Service, Equipment\",\"publisher\":{\"@id\":\"https:\\\/\\\/boat-demo.axiomprotocol.org\\\/ro\\\/#organization\"},\"potentialAction\":[{\"@type\":\"SearchAction\",\"target\":{\"@type\":\"EntryPoint\",\"urlTemplate\":\"https:\\\/\\\/boat-demo.axiomprotocol.org\\\/ro\\\/?s={search_term_string}\"},\"query-input\":{\"@type\":\"PropertyValueSpecification\",\"valueRequired\":true,\"valueName\":\"search_term_string\"}}],\"inLanguage\":\"ro-RO\"},{\"@type\":\"Organization\",\"@id\":\"https:\\\/\\\/boat-demo.axiomprotocol.org\\\/ro\\\/#organization\",\"name\":\"BoatsExpert\",\"url\":\"https:\\\/\\\/boat-demo.axiomprotocol.org\\\/ro\\\/\",\"logo\":{\"@type\":\"ImageObject\",\"inLanguage\":\"ro-RO\",\"@id\":\"https:\\\/\\\/boat-demo.axiomprotocol.org\\\/ro\\\/#\\\/schema\\\/logo\\\/image\\\/\",\"url\":\"https:\\\/\\\/boat-demo.axiomprotocol.org\\\/wp-content\\\/uploads\\\/2023\\\/05\\\/white-logo60.svg\",\"contentUrl\":\"https:\\\/\\\/boat-demo.axiomprotocol.org\\\/wp-content\\\/uploads\\\/2023\\\/05\\\/white-logo60.svg\",\"width\":90,\"height\":60,\"caption\":\"BoatsExpert\"},\"image\":{\"@id\":\"https:\\\/\\\/boat-demo.axiomprotocol.org\\\/ro\\\/#\\\/schema\\\/logo\\\/image\\\/\"}}]}<\/script>\n<!-- \/ Yoast SEO plugin. -->","yoast_head_json":{"title":"Motor termic HONDA BF5DH | S-Type - BoatsExpert","description":"Romania | Motoare termice Honda pentru b\u0103rci de la Boats Expert cu livrare \u00een toat\u0103 tara. Garantare, instalare la cel mai bun pret.","robots":{"index":"index","follow":"follow","max-snippet":"max-snippet:-1","max-image-preview":"max-image-preview:large","max-video-preview":"max-video-preview:-1"},"canonical":"https:\/\/boat-demo.axiomprotocol.org\/ro\/produs\/motor-termic-honda-bf5dh-s-type\/","og_locale":"ro_RO","og_type":"article","og_title":"Motor termic HONDA BF5DH | S-Type - BoatsExpert","og_description":"Romania | Motoare termice Honda pentru b\u0103rci de la Boats Expert cu livrare \u00een toat\u0103 tara. Garantare, instalare la cel mai bun pret.","og_url":"https:\/\/boat-demo.axiomprotocol.org\/ro\/produs\/motor-termic-honda-bf5dh-s-type\/","og_site_name":"BoatsExpert","article_modified_time":"2024-05-01T11:00:14+00:00","og_image":[{"width":555,"height":478,"url":"https:\/\/boat-demo.axiomprotocol.org\/wp-content\/uploads\/2024\/04\/11_bf5.jpg","type":"image\/jpeg"}],"twitter_card":"summary_large_image","twitter_misc":{"Timp estimat pentru citire":"1 minut"},"schema":{"@context":"https:\/\/schema.org","@graph":[{"@type":"WebPage","@id":"https:\/\/boat-demo.axiomprotocol.org\/ro\/produs\/motor-termic-honda-bf5dh-s-type\/","url":"https:\/\/boat-demo.axiomprotocol.org\/ro\/produs\/motor-termic-honda-bf5dh-s-type\/","name":"Motor termic HONDA BF5DH | S-Type - BoatsExpert","isPartOf":{"@id":"https:\/\/boat-demo.axiomprotocol.org\/ro\/#website"},"primaryImageOfPage":{"@id":"https:\/\/boat-demo.axiomprotocol.org\/ro\/produs\/motor-termic-honda-bf5dh-s-type\/#primaryimage"},"image":{"@id":"https:\/\/boat-demo.axiomprotocol.org\/ro\/produs\/motor-termic-honda-bf5dh-s-type\/#primaryimage"},"thumbnailUrl":"https:\/\/boat-demo.axiomprotocol.org\/wp-content\/uploads\/2024\/04\/11_bf5.jpg","datePublished":"2024-04-29T10:03:52+00:00","dateModified":"2024-05-01T11:00:14+00:00","description":"Romania | Motoare termice Honda pentru b\u0103rci de la Boats Expert cu livrare \u00een toat\u0103 tara. Garantare, instalare la cel mai bun pret.","breadcrumb":{"@id":"https:\/\/boat-demo.axiomprotocol.org\/ro\/produs\/motor-termic-honda-bf5dh-s-type\/#breadcrumb"},"inLanguage":"ro-RO","potentialAction":[{"@type":"ReadAction","target":["https:\/\/boat-demo.axiomprotocol.org\/ro\/produs\/motor-termic-honda-bf5dh-s-type\/"]}]},{"@type":"ImageObject","inLanguage":"ro-RO","@id":"https:\/\/boat-demo.axiomprotocol.org\/ro\/produs\/motor-termic-honda-bf5dh-s-type\/#primaryimage","url":"https:\/\/boat-demo.axiomprotocol.org\/wp-content\/uploads\/2024\/04\/11_bf5.jpg","contentUrl":"https:\/\/boat-demo.axiomprotocol.org\/wp-content\/uploads\/2024\/04\/11_bf5.jpg","width":555,"height":478,"caption":"Honda Outboard engine"},{"@type":"BreadcrumbList","@id":"https:\/\/boat-demo.axiomprotocol.org\/ro\/produs\/motor-termic-honda-bf5dh-s-type\/#breadcrumb","itemListElement":[{"@type":"ListItem","position":1,"name":"Home","item":"https:\/\/boat-demo.axiomprotocol.org\/"},{"@type":"ListItem","position":2,"name":"Shop Online &#8211; cel mai bun magazin pentru echipamente pentru b\u0103rci","item":"https:\/\/boat-demo.axiomprotocol.org\/ro\/shop-ro\/"},{"@type":"ListItem","position":3,"name":"Motor termic HONDA BF5DH | S-Type"}]},{"@type":"WebSite","@id":"https:\/\/boat-demo.axiomprotocol.org\/ro\/#website","url":"https:\/\/boat-demo.axiomprotocol.org\/ro\/","name":"BoatsExpert","description":"Boats, Service, Equipment","publisher":{"@id":"https:\/\/boat-demo.axiomprotocol.org\/ro\/#organization"},"potentialAction":[{"@type":"SearchAction","target":{"@type":"EntryPoint","urlTemplate":"https:\/\/boat-demo.axiomprotocol.org\/ro\/?s={search_term_string}"},"query-input":{"@type":"PropertyValueSpecification","valueRequired":true,"valueName":"search_term_string"}}],"inLanguage":"ro-RO"},{"@type":"Organization","@id":"https:\/\/boat-demo.axiomprotocol.org\/ro\/#organization","name":"BoatsExpert","url":"https:\/\/boat-demo.axiomprotocol.org\/ro\/","logo":{"@type":"ImageObject","inLanguage":"ro-RO","@id":"https:\/\/boat-demo.axiomprotocol.org\/ro\/#\/schema\/logo\/image\/","url":"https:\/\/boat-demo.axiomprotocol.org\/wp-content\/uploads\/2023\/05\/white-logo60.svg","contentUrl":"https:\/\/boat-demo.axiomprotocol.org\/wp-content\/uploads\/2023\/05\/white-logo60.svg","width":90,"height":60,"caption":"BoatsExpert"},"image":{"@id":"https:\/\/boat-demo.axiomprotocol.org\/ro\/#\/schema\/logo\/image\/"}}]}},"_links":{"self":[{"href":"https:\/\/boat-demo.axiomprotocol.org\/ro\/wp-json\/wp\/v2\/product\/33049","targetHints":{"allow":["GET"]}}],"collection":[{"href":"https:\/\/boat-demo.axiomprotocol.org\/ro\/wp-json\/wp\/v2\/product"}],"about":[{"href":"https:\/\/boat-demo.axiomprotocol.org\/ro\/wp-json\/wp\/v2\/types\/product"}],"replies":[{"embeddable":true,"href":"https:\/\/boat-demo.axiomprotocol.org\/ro\/wp-json\/wp\/v2\/comments?post=33049"}],"version-history":[{"count":3,"href":"https:\/\/boat-demo.axiomprotocol.org\/ro\/wp-json\/wp\/v2\/product\/33049\/revisions"}],"predecessor-version":[{"id":33245,"href":"https:\/\/boat-demo.axiomprotocol.org\/ro\/wp-json\/wp\/v2\/product\/33049\/revisions\/33245"}],"wp:featuredmedia":[{"embeddable":true,"href":"https:\/\/boat-demo.axiomprotocol.org\/ro\/wp-json\/wp\/v2\/media\/33020"}],"wp:attachment":[{"href":"https:\/\/boat-demo.axiomprotocol.org\/ro\/wp-json\/wp\/v2\/media?parent=33049"}],"wp:term":[{"taxonomy":"product_brand","embeddable":true,"href":"https:\/\/boat-demo.axiomprotocol.org\/ro\/wp-json\/wp\/v2\/product_brand?post=33049"},{"taxonomy":"product_cat","embeddable":true,"href":"https:\/\/boat-demo.axiomprotocol.org\/ro\/wp-json\/wp\/v2\/product_cat?post=33049"},{"taxonomy":"product_tag","embeddable":true,"href":"https:\/\/boat-demo.axiomprotocol.org\/ro\/wp-json\/wp\/v2\/product_tag?post=33049"}],"curies":[{"name":"wp","href":"https:\/\/api.w.org\/{rel}","templated":true}]}}