{"id":32851,"date":"2024-04-26T16:24:02","date_gmt":"2024-04-26T13:24:02","guid":{"rendered":"https:\/\/boat-demo.axiomprotocol.org\/?post_type=product&#038;p=32851"},"modified":"2024-04-26T16:57:56","modified_gmt":"2024-04-26T13:57:56","slug":"ram-track-ball-cu-atasament-t-bolt-dimensiune-b-2","status":"publish","type":"product","link":"https:\/\/boat-demo.axiomprotocol.org\/ro\/produs\/ram-track-ball-cu-atasament-t-bolt-dimensiune-b-2\/","title":{"rendered":"RAM\u00ae Track Ball\u2122 cu atasament T-Bolt &#8211; Dimensiune B"},"content":{"rendered":"\t\t<div data-elementor-type=\"wp-post\" data-elementor-id=\"32851\" class=\"elementor elementor-32851 elementor-32850\">\n\t\t\t\t\t\t<section class=\"elementor-section elementor-top-section elementor-element elementor-element-2769591c elementor-section-boxed elementor-section-height-default elementor-section-height-default\" data-id=\"2769591c\" data-element_type=\"section\" data-e-type=\"section\">\n\t\t\t\t\t\t<div class=\"elementor-container elementor-column-gap-default\">\n\t\t\t\t\t<div class=\"elementor-column elementor-col-100 elementor-top-column elementor-element elementor-element-b650852\" data-id=\"b650852\" data-element_type=\"column\" data-e-type=\"column\">\n\t\t\t<div class=\"elementor-widget-wrap elementor-element-populated\">\n\t\t\t\t\t\t<div class=\"elementor-element elementor-element-fa881aa elementor-widget elementor-widget-heading\" data-id=\"fa881aa\" data-element_type=\"widget\" data-e-type=\"widget\" data-widget_type=\"heading.default\">\n\t\t\t\t<div class=\"elementor-widget-container\">\n\t\t\t\t\t<h6 class=\"elementor-heading-title elementor-size-large\">Caracteristici<\/h6>\t\t\t\t<\/div>\n\t\t\t\t<\/div>\n\t\t\t\t\t<\/div>\n\t\t<\/div>\n\t\t\t\t\t<\/div>\n\t\t<\/section>\n\t\t\t\t<section class=\"elementor-section elementor-top-section elementor-element elementor-element-4590aae5 elementor-section-boxed elementor-section-height-default elementor-section-height-default\" data-id=\"4590aae5\" data-element_type=\"section\" data-e-type=\"section\">\n\t\t\t\t\t\t<div class=\"elementor-container elementor-column-gap-default\">\n\t\t\t\t\t<div class=\"elementor-column elementor-col-100 elementor-top-column elementor-element elementor-element-6a40fcfa\" data-id=\"6a40fcfa\" data-element_type=\"column\" data-e-type=\"column\">\n\t\t\t<div class=\"elementor-widget-wrap elementor-element-populated\">\n\t\t\t\t\t\t<div class=\"elementor-element elementor-element-18caa7 elementor-widget elementor-widget-text-editor\" data-id=\"18caa7\" data-element_type=\"widget\" data-e-type=\"widget\" data-widget_type=\"text-editor.default\">\n\t\t\t\t<div class=\"elementor-widget-container\">\n\t\t\t\t\t\t\t\t\t<ul class=\"tt-list01\"><li>Proiectat pentru sistemele de montare pe \u0219ine, inclusiv RAM\u00ae Tough-Track\u2122; include o minge de cauciuc de 1&#8243; de dimensiune B<\/li><li>Dispune de o \u0219aib\u0103 de frecare din cauciuc \u0219i un bolt T din o\u021bel inoxidabil; pur \u0219i simplu introduce\u021bi \u00een \u0219ina dvs. \u0219i roti\u021bi mingea \u00een sensul acelor de ceasornic pentru a o str\u00e2nge<\/li><li>Fabricat din compozite de \u00eenalt\u0103 rezisten\u021b\u0103 pentru durabilitate \u0219i fiabilitate \u00een cele mai solicitante medii<\/li><li>Sprijinit de o garan\u021bie limitat\u0103<\/li><\/ul>\t\t\t\t\t\t\t\t<\/div>\n\t\t\t\t<\/div>\n\t\t\t\t\t<\/div>\n\t\t<\/div>\n\t\t\t\t\t<\/div>\n\t\t<\/section>\n\t\t\t\t<section class=\"elementor-section elementor-top-section elementor-element elementor-element-2175ac89 elementor-section-boxed elementor-section-height-default elementor-section-height-default\" data-id=\"2175ac89\" data-element_type=\"section\" data-e-type=\"section\">\n\t\t\t\t\t\t<div class=\"elementor-container elementor-column-gap-default\">\n\t\t\t\t\t<div class=\"elementor-column elementor-col-100 elementor-top-column elementor-element elementor-element-60203d26\" data-id=\"60203d26\" data-element_type=\"column\" data-e-type=\"column\">\n\t\t\t<div class=\"elementor-widget-wrap elementor-element-populated\">\n\t\t\t\t\t\t<div class=\"elementor-element elementor-element-2480a5b9 elementor-widget elementor-widget-heading\" data-id=\"2480a5b9\" data-element_type=\"widget\" data-e-type=\"widget\" data-widget_type=\"heading.default\">\n\t\t\t\t<div class=\"elementor-widget-container\">\n\t\t\t\t\t<h6 class=\"elementor-heading-title elementor-size-large\">Specifica\u021bii<\/h6>\t\t\t\t<\/div>\n\t\t\t\t<\/div>\n\t\t\t\t\t<\/div>\n\t\t<\/div>\n\t\t\t\t\t<\/div>\n\t\t<\/section>\n\t\t\t\t<section class=\"elementor-section elementor-top-section elementor-element elementor-element-77c87d65 elementor-section-boxed elementor-section-height-default elementor-section-height-default\" data-id=\"77c87d65\" data-element_type=\"section\" data-e-type=\"section\">\n\t\t\t\t\t\t<div class=\"elementor-container elementor-column-gap-default\">\n\t\t\t\t\t<div class=\"elementor-column elementor-col-100 elementor-top-column elementor-element elementor-element-303c5458\" data-id=\"303c5458\" data-element_type=\"column\" data-e-type=\"column\">\n\t\t\t<div class=\"elementor-widget-wrap elementor-element-populated\">\n\t\t\t\t\t\t<div class=\"elementor-element elementor-element-64872eaf elementor-widget elementor-widget-text-editor\" data-id=\"64872eaf\" data-element_type=\"widget\" data-e-type=\"widget\" data-widget_type=\"text-editor.default\">\n\t\t\t\t<div class=\"elementor-widget-container\">\n\t\t\t\t\t\t\t\t\t<table style=\"width: 100%\"><tbody><tr><td><strong>GREUTATEA PRODUSULUI<\/strong><\/td><td><div class=\"dictionary__value\"><div class=\"dictionary__value\"><div class=\"dictionary__value\"><div class=\"dictionary__value\"><div class=\"dictionary__value\"><div class=\"dictionary__param\"><div class=\"dictionary__values\"><div class=\"dictionary__value\"><div class=\"dictionary__value\"><div class=\"dictionary__param\"><div class=\"dictionary__values\"><div class=\"dictionary__value\"><div class=\"dictionary__param\"><div class=\"dictionary__values\"><div class=\"dictionary__value\"><div class=\"dictionary__param\"><div class=\"dictionary__values\"><div class=\"dictionary__value\"><span class=\"dictionary__value_txt\">41 g<\/span><\/div><\/div><\/div><\/div><\/div><\/div><\/div><\/div><\/div><\/div><\/div><\/div><\/div><\/div><\/div><\/div><\/div><\/div><\/td><\/tr><tr><td><strong>HARDWARE INCLUDE<\/strong><\/td><td><div class=\"dictionary__param\"><div class=\"dictionary__values\"><div class=\"dictionary__value\"><div class=\"dictionary__param\"><div class=\"dictionary__values\"><div class=\"dictionary__value\"><div class=\"dictionary__param\"><div class=\"dictionary__values\"><div class=\"dictionary__value\"><div class=\"dictionary__param\"><div class=\"dictionary__values\"><div class=\"dictionary__value\"><div class=\"dictionary__param\"><div class=\"dictionary__values\"><div class=\"dictionary__value\"><span class=\"dictionary__value_txt\">(1) Friction Washer<br \/>(1) 1\/4&#8243;-20 x 7\/8&#8243; T-Bolt<\/span><\/div><\/div><\/div><\/div><\/div><\/div><\/div><\/div><\/div><\/div><\/div><\/div><\/div><\/div><\/div><\/td><\/tr><tr><td><strong>DIMENSIUNI T-BOLT\u00a0<\/strong><\/td><td><div class=\"dictionary__param\"><div class=\"dictionary__values\"><div class=\"dictionary__value\"><div class=\"dictionary__param\"><div class=\"dictionary__values\"><div class=\"dictionary__value\"><div class=\"dictionary__param\"><div class=\"dictionary__values\"><div class=\"dictionary__value\"><span class=\"dictionary__value_txt\">.48&#8243; x .95&#8243;<\/span><\/div><\/div><\/div><\/div><\/div><\/div><\/div><\/div><\/div><\/td><\/tr><tr><td><strong>CAPACITATEA DE GREUTATE<\/strong><\/td><td><div class=\"dictionary__param\"><div class=\"dictionary__values\"><div class=\"dictionary__value\"><div class=\"dictionary__param\"><div class=\"dictionary__values\"><div class=\"dictionary__value\"><div id=\"container\" class=\"projector_page container max-width-1200\"><div id=\"layout\" class=\"row clearfix\"><div id=\"content\" class=\"col-12\"><div id=\"projector_long-info_container_desktop\"><div id=\"long-desc-param\" class=\"tab-content-info\"><section id=\"projector_dictionary\" class=\"dictionary mt-2\"><div class=\"dictionary__group --first --no-group\"><div class=\"dictionary__param\"><div class=\"dictionary__values\"><div class=\"dictionary__value\"><div class=\"dictionary__param\"><div class=\"dictionary__values\"><div class=\"dictionary__value\"><span class=\"dictionary__value_txt\">Standard Use: 907.18 gramss<br \/>Heavy-Duty Use: 453.59 grams<\/span><\/div><\/div><\/div><div class=\"dictionary__param\">\u00a0<\/div><\/div><\/div><\/div><\/div><\/section><\/div><\/div><\/div><\/div><\/div><\/div><\/div><\/div><\/div><\/div><\/div><\/td><\/tr><tr><td><strong>MATERIALE<\/strong><\/td><td><div class=\"dictionary__param\"><div class=\"dictionary__values\"><div class=\"dictionary__value\"><div id=\"container\" class=\"projector_page container max-width-1200\"><div id=\"layout\" class=\"row clearfix\"><div id=\"content\" class=\"col-12\"><div id=\"projector_long-info_container_desktop\"><div id=\"long-desc-param\" class=\"tab-content-info\"><section id=\"projector_dictionary\" class=\"dictionary mt-2\"><div class=\"dictionary__group --first --no-group\"><div class=\"dictionary__param\"><div class=\"dictionary__values\"><div class=\"dictionary__value\"><span class=\"dictionary__value_txt\">High strength composite<br \/>Stainless steel<\/span><\/div><\/div><\/div><\/div><\/section><\/div><\/div><\/div><\/div><\/div><\/div><\/div><\/div><\/td><\/tr><tr><td><strong>TIP AMBALAJ<\/strong><\/td><td><div class=\"dictionary__param\"><div class=\"dictionary__values\"><div class=\"dictionary__value\"><span class=\"dictionary__value_txt\">Poly Bag<\/span><\/div><\/div><\/div><\/td><\/tr><tr><td><strong>DIMENSIUNEA BILEI \u0218I A PRINDERII<\/strong><\/td><td><div class=\"dictionary__param\"><div class=\"dictionary__values\"><div class=\"dictionary__value\"><div class=\"dictionary__param\"><div class=\"dictionary__values\"><div class=\"dictionary__value\"><div class=\"dictionary__param\"><div class=\"dictionary__values\"><div class=\"dictionary__value\"><div class=\"dictionary__param\"><div class=\"dictionary__values\"><div class=\"dictionary__value\"><span class=\"dictionary__value_txt\">B Size 1&#8243; (Holds 907.18 gramss)<\/span><\/div><\/div><\/div><\/div><\/div><\/div><\/div><\/div><\/div><\/div><\/div><\/div><\/td><\/tr><tr><td><strong>TIP VEHICUL<\/strong><\/td><td><div class=\"dictionary__param\"><div class=\"dictionary__values\"><div class=\"dictionary__value\"><div class=\"dictionary__value\"><div class=\"dictionary__value\"><span class=\"dictionary__value_txt\">Power Boat<\/span><\/div><div class=\"dictionary__value\"><span class=\"dictionary__value_txt\">Kayak<\/span><\/div><\/div><\/div><\/div><\/div><\/td><\/tr><tr><td><strong>DIMENSIUNE BIL\u0102<\/strong><\/td><td><div class=\"dictionary__param\"><div class=\"dictionary__values\"><div class=\"dictionary__value\"><div class=\"dictionary__value\"><div class=\"dictionary__value\"><div class=\"dictionary__param\"><div class=\"dictionary__values\"><div class=\"dictionary__value\"><span class=\"dictionary__value_txt\">B Size (1&#8243;)<\/span><\/div><\/div><\/div><\/div><\/div><\/div><\/div><\/div><\/td><\/tr><\/tbody><\/table>\t\t\t\t\t\t\t\t<\/div>\n\t\t\t\t<\/div>\n\t\t\t\t\t<\/div>\n\t\t<\/div>\n\t\t\t\t\t<\/div>\n\t\t<\/section>\n\t\t\t\t<\/div>\n\t\t","protected":false},"excerpt":{"rendered":"<div class=\"flex-1 overflow-hidden\">\n<div class=\"react-scroll-to-bottom--css-wkzok-79elbk h-full\">\n<div class=\"react-scroll-to-bottom--css-wkzok-1n7m0yu\">\n<div>\n<div class=\"flex flex-col text-sm pb-9\">\n<div class=\"w-full text-token-text-primary\" dir=\"auto\" data-testid=\"conversation-turn-141\">\n<div class=\"px-4 py-2 justify-center text-base md:gap-6 m-auto\">\n<div class=\"flex flex-1 text-base mx-auto gap-3 juice:gap-4 juice:md:gap-6 md:px-5 lg:px-1 xl:px-5 md:max-w-3xl lg:max-w-[40rem] xl:max-w-[48rem]\">\n<div class=\"relative flex w-full min-w-0 flex-col agent-turn\">\n<div class=\"flex-col gap-1 md:gap-3\">\n<div class=\"flex flex-grow flex-col max-w-full\">\n<div class=\"min-h-[20px] text-message flex flex-col items-start gap-3 whitespace-pre-wrap break-words [.text-message+&amp;]:mt-5 overflow-x-auto\" dir=\"auto\" data-message-author-role=\"assistant\" data-message-id=\"c07c9c84-0baa-4c40-a1b5-9ca1dd3180bf\">\n<div class=\"markdown prose w-full break-words dark:prose-invert light\">\n<p>Sfera Track RAM const\u0103 dintr-o minge de cauciuc de dimensiune B de 1&#8243;, modelat\u0103 pe o baz\u0103 din compozit de \u00eenalt\u0103 rezisten\u021b\u0103, o \u0219aib\u0103 de frecare din cauciuc \u0219i un bolt T din o\u021bel inoxidabil pentru a putea aluneca \u00een aproape orice sistem de \u0219in\u0103. Pur \u0219i simplu introduce\u021bi sau aluneca\u021bi sfera Track RAM \u00een \u0219ina dvs. \u0219i roti\u021bi mingea \u00een sensul acelor de ceasornic pentru a o str\u00e2nge \u00een loc. Roti\u021bi \u00een sens invers acelor de ceasornic pentru a o sl\u0103bi sau ajusta.<\/p>\n<\/div>\n<\/div>\n<\/div>\n<\/div>\n<\/div>\n<\/div>\n<\/div>\n<\/div>\n<\/div>\n<\/div>\n<\/div>\n<\/div>\n<\/div>\n","protected":false},"featured_media":32853,"comment_status":"open","ping_status":"closed","template":"","meta":{"_acf_changed":false,"inline_featured_image":false},"product_brand":[],"product_cat":[343,340],"product_tag":[],"class_list":{"0":"post-32851","1":"product","2":"type-product","3":"status-publish","4":"has-post-thumbnail","6":"product_cat-ram-mounts_ro","7":"product_cat-sisteme-de-prindere-ro","8":"tt-post","10":"first","11":"instock","12":"shipping-taxable","13":"purchasable","14":"product-type-simple"},"acf":[],"yoast_head":"<!-- This site is optimized with the Yoast SEO plugin v27.4 - https:\/\/yoast.com\/product\/yoast-seo-wordpress\/ -->\n<title>RAM\u00ae Track Ball\u2122 cu atasament T-Bolt - Dimensiune B - BoatsExpert<\/title>\n<meta name=\"description\" content=\"Cump\u0103ra\u021bi RAM Track Ball cu atasament T-Bolt \u00een Rom\u00e2nia de la Boats Expert. \u041e gam\u0103 larg\u0103 de accesorii pentru b\u0103rci cu motor cu livrare \u00een toat\u0103 Rom\u00e2nia!\" \/>\n<meta name=\"robots\" content=\"index, follow, max-snippet:-1, max-image-preview:large, max-video-preview:-1\" \/>\n<link rel=\"canonical\" href=\"https:\/\/boat-demo.axiomprotocol.org\/ro\/produs\/ram-track-ball-cu-atasament-t-bolt-dimensiune-b-2\/\" \/>\n<meta property=\"og:locale\" content=\"ro_RO\" \/>\n<meta property=\"og:type\" content=\"article\" \/>\n<meta property=\"og:title\" content=\"RAM\u00ae Track Ball\u2122 cu atasament T-Bolt - Dimensiune B - BoatsExpert\" \/>\n<meta property=\"og:description\" content=\"Cump\u0103ra\u021bi RAM Track Ball cu atasament T-Bolt \u00een Rom\u00e2nia de la Boats Expert. \u041e gam\u0103 larg\u0103 de accesorii pentru b\u0103rci cu motor cu livrare \u00een toat\u0103 Rom\u00e2nia!\" \/>\n<meta property=\"og:url\" content=\"https:\/\/boat-demo.axiomprotocol.org\/ro\/produs\/ram-track-ball-cu-atasament-t-bolt-dimensiune-b-2\/\" \/>\n<meta property=\"og:site_name\" content=\"BoatsExpert\" \/>\n<meta property=\"article:modified_time\" content=\"2024-04-26T13:57:56+00:00\" \/>\n<meta property=\"og:image\" content=\"https:\/\/boat-demo.axiomprotocol.org\/wp-content\/uploads\/2024\/04\/eng_pl_RAM-R-Track-Ball-TM-with-T-Bolt-Attachment-B-Size-12997_1.jpg\" \/>\n\t<meta property=\"og:image:width\" content=\"555\" \/>\n\t<meta property=\"og:image:height\" content=\"478\" \/>\n\t<meta property=\"og:image:type\" content=\"image\/jpeg\" \/>\n<meta name=\"twitter:card\" content=\"summary_large_image\" \/>\n<script type=\"application\/ld+json\" class=\"yoast-schema-graph\">{\"@context\":\"https:\\\/\\\/schema.org\",\"@graph\":[{\"@type\":\"WebPage\",\"@id\":\"https:\\\/\\\/boat-demo.axiomprotocol.org\\\/ro\\\/produs\\\/ram-track-ball-cu-atasament-t-bolt-dimensiune-b-2\\\/\",\"url\":\"https:\\\/\\\/boat-demo.axiomprotocol.org\\\/ro\\\/produs\\\/ram-track-ball-cu-atasament-t-bolt-dimensiune-b-2\\\/\",\"name\":\"RAM\u00ae Track Ball\u2122 cu atasament T-Bolt - Dimensiune B - BoatsExpert\",\"isPartOf\":{\"@id\":\"https:\\\/\\\/boat-demo.axiomprotocol.org\\\/ro\\\/#website\"},\"primaryImageOfPage\":{\"@id\":\"https:\\\/\\\/boat-demo.axiomprotocol.org\\\/ro\\\/produs\\\/ram-track-ball-cu-atasament-t-bolt-dimensiune-b-2\\\/#primaryimage\"},\"image\":{\"@id\":\"https:\\\/\\\/boat-demo.axiomprotocol.org\\\/ro\\\/produs\\\/ram-track-ball-cu-atasament-t-bolt-dimensiune-b-2\\\/#primaryimage\"},\"thumbnailUrl\":\"https:\\\/\\\/boat-demo.axiomprotocol.org\\\/wp-content\\\/uploads\\\/2024\\\/04\\\/eng_pl_RAM-R-Track-Ball-TM-with-T-Bolt-Attachment-B-Size-12997_1.jpg\",\"datePublished\":\"2024-04-26T13:24:02+00:00\",\"dateModified\":\"2024-04-26T13:57:56+00:00\",\"description\":\"Cump\u0103ra\u021bi RAM Track Ball cu atasament T-Bolt \u00een Rom\u00e2nia de la Boats Expert. \u041e gam\u0103 larg\u0103 de accesorii pentru b\u0103rci cu motor cu livrare \u00een toat\u0103 Rom\u00e2nia!\",\"breadcrumb\":{\"@id\":\"https:\\\/\\\/boat-demo.axiomprotocol.org\\\/ro\\\/produs\\\/ram-track-ball-cu-atasament-t-bolt-dimensiune-b-2\\\/#breadcrumb\"},\"inLanguage\":\"ro-RO\",\"potentialAction\":[{\"@type\":\"ReadAction\",\"target\":[\"https:\\\/\\\/boat-demo.axiomprotocol.org\\\/ro\\\/produs\\\/ram-track-ball-cu-atasament-t-bolt-dimensiune-b-2\\\/\"]}]},{\"@type\":\"ImageObject\",\"inLanguage\":\"ro-RO\",\"@id\":\"https:\\\/\\\/boat-demo.axiomprotocol.org\\\/ro\\\/produs\\\/ram-track-ball-cu-atasament-t-bolt-dimensiune-b-2\\\/#primaryimage\",\"url\":\"https:\\\/\\\/boat-demo.axiomprotocol.org\\\/wp-content\\\/uploads\\\/2024\\\/04\\\/eng_pl_RAM-R-Track-Ball-TM-with-T-Bolt-Attachment-B-Size-12997_1.jpg\",\"contentUrl\":\"https:\\\/\\\/boat-demo.axiomprotocol.org\\\/wp-content\\\/uploads\\\/2024\\\/04\\\/eng_pl_RAM-R-Track-Ball-TM-with-T-Bolt-Attachment-B-Size-12997_1.jpg\",\"width\":555,\"height\":478,\"caption\":\"RAM\"},{\"@type\":\"BreadcrumbList\",\"@id\":\"https:\\\/\\\/boat-demo.axiomprotocol.org\\\/ro\\\/produs\\\/ram-track-ball-cu-atasament-t-bolt-dimensiune-b-2\\\/#breadcrumb\",\"itemListElement\":[{\"@type\":\"ListItem\",\"position\":1,\"name\":\"Home\",\"item\":\"https:\\\/\\\/boat-demo.axiomprotocol.org\\\/\"},{\"@type\":\"ListItem\",\"position\":2,\"name\":\"Shop Online &#8211; cel mai bun magazin pentru echipamente pentru b\u0103rci\",\"item\":\"https:\\\/\\\/boat-demo.axiomprotocol.org\\\/ro\\\/shop-ro\\\/\"},{\"@type\":\"ListItem\",\"position\":3,\"name\":\"RAM\u00ae Track Ball\u2122 cu atasament T-Bolt &#8211; Dimensiune B\"}]},{\"@type\":\"WebSite\",\"@id\":\"https:\\\/\\\/boat-demo.axiomprotocol.org\\\/ro\\\/#website\",\"url\":\"https:\\\/\\\/boat-demo.axiomprotocol.org\\\/ro\\\/\",\"name\":\"BoatsExpert\",\"description\":\"Boats, Service, Equipment\",\"publisher\":{\"@id\":\"https:\\\/\\\/boat-demo.axiomprotocol.org\\\/ro\\\/#organization\"},\"potentialAction\":[{\"@type\":\"SearchAction\",\"target\":{\"@type\":\"EntryPoint\",\"urlTemplate\":\"https:\\\/\\\/boat-demo.axiomprotocol.org\\\/ro\\\/?s={search_term_string}\"},\"query-input\":{\"@type\":\"PropertyValueSpecification\",\"valueRequired\":true,\"valueName\":\"search_term_string\"}}],\"inLanguage\":\"ro-RO\"},{\"@type\":\"Organization\",\"@id\":\"https:\\\/\\\/boat-demo.axiomprotocol.org\\\/ro\\\/#organization\",\"name\":\"BoatsExpert\",\"url\":\"https:\\\/\\\/boat-demo.axiomprotocol.org\\\/ro\\\/\",\"logo\":{\"@type\":\"ImageObject\",\"inLanguage\":\"ro-RO\",\"@id\":\"https:\\\/\\\/boat-demo.axiomprotocol.org\\\/ro\\\/#\\\/schema\\\/logo\\\/image\\\/\",\"url\":\"https:\\\/\\\/boat-demo.axiomprotocol.org\\\/wp-content\\\/uploads\\\/2023\\\/05\\\/white-logo60.svg\",\"contentUrl\":\"https:\\\/\\\/boat-demo.axiomprotocol.org\\\/wp-content\\\/uploads\\\/2023\\\/05\\\/white-logo60.svg\",\"width\":90,\"height\":60,\"caption\":\"BoatsExpert\"},\"image\":{\"@id\":\"https:\\\/\\\/boat-demo.axiomprotocol.org\\\/ro\\\/#\\\/schema\\\/logo\\\/image\\\/\"}}]}<\/script>\n<!-- \/ Yoast SEO plugin. -->","yoast_head_json":{"title":"RAM\u00ae Track Ball\u2122 cu atasament T-Bolt - Dimensiune B - BoatsExpert","description":"Cump\u0103ra\u021bi RAM Track Ball cu atasament T-Bolt \u00een Rom\u00e2nia de la Boats Expert. \u041e gam\u0103 larg\u0103 de accesorii pentru b\u0103rci cu motor cu livrare \u00een toat\u0103 Rom\u00e2nia!","robots":{"index":"index","follow":"follow","max-snippet":"max-snippet:-1","max-image-preview":"max-image-preview:large","max-video-preview":"max-video-preview:-1"},"canonical":"https:\/\/boat-demo.axiomprotocol.org\/ro\/produs\/ram-track-ball-cu-atasament-t-bolt-dimensiune-b-2\/","og_locale":"ro_RO","og_type":"article","og_title":"RAM\u00ae Track Ball\u2122 cu atasament T-Bolt - Dimensiune B - BoatsExpert","og_description":"Cump\u0103ra\u021bi RAM Track Ball cu atasament T-Bolt \u00een Rom\u00e2nia de la Boats Expert. \u041e gam\u0103 larg\u0103 de accesorii pentru b\u0103rci cu motor cu livrare \u00een toat\u0103 Rom\u00e2nia!","og_url":"https:\/\/boat-demo.axiomprotocol.org\/ro\/produs\/ram-track-ball-cu-atasament-t-bolt-dimensiune-b-2\/","og_site_name":"BoatsExpert","article_modified_time":"2024-04-26T13:57:56+00:00","og_image":[{"width":555,"height":478,"url":"https:\/\/boat-demo.axiomprotocol.org\/wp-content\/uploads\/2024\/04\/eng_pl_RAM-R-Track-Ball-TM-with-T-Bolt-Attachment-B-Size-12997_1.jpg","type":"image\/jpeg"}],"twitter_card":"summary_large_image","schema":{"@context":"https:\/\/schema.org","@graph":[{"@type":"WebPage","@id":"https:\/\/boat-demo.axiomprotocol.org\/ro\/produs\/ram-track-ball-cu-atasament-t-bolt-dimensiune-b-2\/","url":"https:\/\/boat-demo.axiomprotocol.org\/ro\/produs\/ram-track-ball-cu-atasament-t-bolt-dimensiune-b-2\/","name":"RAM\u00ae Track Ball\u2122 cu atasament T-Bolt - Dimensiune B - BoatsExpert","isPartOf":{"@id":"https:\/\/boat-demo.axiomprotocol.org\/ro\/#website"},"primaryImageOfPage":{"@id":"https:\/\/boat-demo.axiomprotocol.org\/ro\/produs\/ram-track-ball-cu-atasament-t-bolt-dimensiune-b-2\/#primaryimage"},"image":{"@id":"https:\/\/boat-demo.axiomprotocol.org\/ro\/produs\/ram-track-ball-cu-atasament-t-bolt-dimensiune-b-2\/#primaryimage"},"thumbnailUrl":"https:\/\/boat-demo.axiomprotocol.org\/wp-content\/uploads\/2024\/04\/eng_pl_RAM-R-Track-Ball-TM-with-T-Bolt-Attachment-B-Size-12997_1.jpg","datePublished":"2024-04-26T13:24:02+00:00","dateModified":"2024-04-26T13:57:56+00:00","description":"Cump\u0103ra\u021bi RAM Track Ball cu atasament T-Bolt \u00een Rom\u00e2nia de la Boats Expert. \u041e gam\u0103 larg\u0103 de accesorii pentru b\u0103rci cu motor cu livrare \u00een toat\u0103 Rom\u00e2nia!","breadcrumb":{"@id":"https:\/\/boat-demo.axiomprotocol.org\/ro\/produs\/ram-track-ball-cu-atasament-t-bolt-dimensiune-b-2\/#breadcrumb"},"inLanguage":"ro-RO","potentialAction":[{"@type":"ReadAction","target":["https:\/\/boat-demo.axiomprotocol.org\/ro\/produs\/ram-track-ball-cu-atasament-t-bolt-dimensiune-b-2\/"]}]},{"@type":"ImageObject","inLanguage":"ro-RO","@id":"https:\/\/boat-demo.axiomprotocol.org\/ro\/produs\/ram-track-ball-cu-atasament-t-bolt-dimensiune-b-2\/#primaryimage","url":"https:\/\/boat-demo.axiomprotocol.org\/wp-content\/uploads\/2024\/04\/eng_pl_RAM-R-Track-Ball-TM-with-T-Bolt-Attachment-B-Size-12997_1.jpg","contentUrl":"https:\/\/boat-demo.axiomprotocol.org\/wp-content\/uploads\/2024\/04\/eng_pl_RAM-R-Track-Ball-TM-with-T-Bolt-Attachment-B-Size-12997_1.jpg","width":555,"height":478,"caption":"RAM"},{"@type":"BreadcrumbList","@id":"https:\/\/boat-demo.axiomprotocol.org\/ro\/produs\/ram-track-ball-cu-atasament-t-bolt-dimensiune-b-2\/#breadcrumb","itemListElement":[{"@type":"ListItem","position":1,"name":"Home","item":"https:\/\/boat-demo.axiomprotocol.org\/"},{"@type":"ListItem","position":2,"name":"Shop Online &#8211; cel mai bun magazin pentru echipamente pentru b\u0103rci","item":"https:\/\/boat-demo.axiomprotocol.org\/ro\/shop-ro\/"},{"@type":"ListItem","position":3,"name":"RAM\u00ae Track Ball\u2122 cu atasament T-Bolt &#8211; Dimensiune B"}]},{"@type":"WebSite","@id":"https:\/\/boat-demo.axiomprotocol.org\/ro\/#website","url":"https:\/\/boat-demo.axiomprotocol.org\/ro\/","name":"BoatsExpert","description":"Boats, Service, Equipment","publisher":{"@id":"https:\/\/boat-demo.axiomprotocol.org\/ro\/#organization"},"potentialAction":[{"@type":"SearchAction","target":{"@type":"EntryPoint","urlTemplate":"https:\/\/boat-demo.axiomprotocol.org\/ro\/?s={search_term_string}"},"query-input":{"@type":"PropertyValueSpecification","valueRequired":true,"valueName":"search_term_string"}}],"inLanguage":"ro-RO"},{"@type":"Organization","@id":"https:\/\/boat-demo.axiomprotocol.org\/ro\/#organization","name":"BoatsExpert","url":"https:\/\/boat-demo.axiomprotocol.org\/ro\/","logo":{"@type":"ImageObject","inLanguage":"ro-RO","@id":"https:\/\/boat-demo.axiomprotocol.org\/ro\/#\/schema\/logo\/image\/","url":"https:\/\/boat-demo.axiomprotocol.org\/wp-content\/uploads\/2023\/05\/white-logo60.svg","contentUrl":"https:\/\/boat-demo.axiomprotocol.org\/wp-content\/uploads\/2023\/05\/white-logo60.svg","width":90,"height":60,"caption":"BoatsExpert"},"image":{"@id":"https:\/\/boat-demo.axiomprotocol.org\/ro\/#\/schema\/logo\/image\/"}}]}},"_links":{"self":[{"href":"https:\/\/boat-demo.axiomprotocol.org\/ro\/wp-json\/wp\/v2\/product\/32851","targetHints":{"allow":["GET"]}}],"collection":[{"href":"https:\/\/boat-demo.axiomprotocol.org\/ro\/wp-json\/wp\/v2\/product"}],"about":[{"href":"https:\/\/boat-demo.axiomprotocol.org\/ro\/wp-json\/wp\/v2\/types\/product"}],"replies":[{"embeddable":true,"href":"https:\/\/boat-demo.axiomprotocol.org\/ro\/wp-json\/wp\/v2\/comments?post=32851"}],"version-history":[{"count":5,"href":"https:\/\/boat-demo.axiomprotocol.org\/ro\/wp-json\/wp\/v2\/product\/32851\/revisions"}],"predecessor-version":[{"id":32874,"href":"https:\/\/boat-demo.axiomprotocol.org\/ro\/wp-json\/wp\/v2\/product\/32851\/revisions\/32874"}],"wp:featuredmedia":[{"embeddable":true,"href":"https:\/\/boat-demo.axiomprotocol.org\/ro\/wp-json\/wp\/v2\/media\/32853"}],"wp:attachment":[{"href":"https:\/\/boat-demo.axiomprotocol.org\/ro\/wp-json\/wp\/v2\/media?parent=32851"}],"wp:term":[{"taxonomy":"product_brand","embeddable":true,"href":"https:\/\/boat-demo.axiomprotocol.org\/ro\/wp-json\/wp\/v2\/product_brand?post=32851"},{"taxonomy":"product_cat","embeddable":true,"href":"https:\/\/boat-demo.axiomprotocol.org\/ro\/wp-json\/wp\/v2\/product_cat?post=32851"},{"taxonomy":"product_tag","embeddable":true,"href":"https:\/\/boat-demo.axiomprotocol.org\/ro\/wp-json\/wp\/v2\/product_tag?post=32851"}],"curies":[{"name":"wp","href":"https:\/\/api.w.org\/{rel}","templated":true}]}}