{"id":32820,"date":"2024-04-26T16:04:27","date_gmt":"2024-04-26T13:04:27","guid":{"rendered":"https:\/\/boat-demo.axiomprotocol.org\/?post_type=product&#038;p=32820"},"modified":"2024-04-26T16:21:59","modified_gmt":"2024-04-26T13:21:59","slug":"ram-adaptor-sferic-universal-pentru-camere-de-actiune","status":"publish","type":"product","link":"https:\/\/boat-demo.axiomprotocol.org\/ro\/produs\/ram-adaptor-sferic-universal-pentru-camere-de-actiune\/","title":{"rendered":"RAM\u00ae Adaptor sferic universal pentru camere de actiune"},"content":{"rendered":"\t\t<div data-elementor-type=\"wp-post\" data-elementor-id=\"32820\" class=\"elementor elementor-32820 elementor-32819\">\n\t\t\t\t\t\t<section class=\"elementor-section elementor-top-section elementor-element elementor-element-2769591c elementor-section-boxed elementor-section-height-default elementor-section-height-default\" data-id=\"2769591c\" data-element_type=\"section\" data-e-type=\"section\">\n\t\t\t\t\t\t<div class=\"elementor-container elementor-column-gap-default\">\n\t\t\t\t\t<div class=\"elementor-column elementor-col-100 elementor-top-column elementor-element elementor-element-b650852\" data-id=\"b650852\" data-element_type=\"column\" data-e-type=\"column\">\n\t\t\t<div class=\"elementor-widget-wrap elementor-element-populated\">\n\t\t\t\t\t\t<div class=\"elementor-element elementor-element-fa881aa elementor-widget elementor-widget-heading\" data-id=\"fa881aa\" data-element_type=\"widget\" data-e-type=\"widget\" data-widget_type=\"heading.default\">\n\t\t\t\t<div class=\"elementor-widget-container\">\n\t\t\t\t\t<h6 class=\"elementor-heading-title elementor-size-large\">Caracteristici<\/h6>\t\t\t\t<\/div>\n\t\t\t\t<\/div>\n\t\t\t\t\t<\/div>\n\t\t<\/div>\n\t\t\t\t\t<\/div>\n\t\t<\/section>\n\t\t\t\t<section class=\"elementor-section elementor-top-section elementor-element elementor-element-4590aae5 elementor-section-boxed elementor-section-height-default elementor-section-height-default\" data-id=\"4590aae5\" data-element_type=\"section\" data-e-type=\"section\">\n\t\t\t\t\t\t<div class=\"elementor-container elementor-column-gap-default\">\n\t\t\t\t\t<div class=\"elementor-column elementor-col-100 elementor-top-column elementor-element elementor-element-6a40fcfa\" data-id=\"6a40fcfa\" data-element_type=\"column\" data-e-type=\"column\">\n\t\t\t<div class=\"elementor-widget-wrap elementor-element-populated\">\n\t\t\t\t\t\t<div class=\"elementor-element elementor-element-18caa7 elementor-widget elementor-widget-text-editor\" data-id=\"18caa7\" data-element_type=\"widget\" data-e-type=\"widget\" data-widget_type=\"text-editor.default\">\n\t\t\t\t<div class=\"elementor-widget-container\">\n\t\t\t\t\t\t\t\t\t<ul class=\"tt-list01\"><li>Include o minge de cauciuc conectat\u0103 la un adaptor personalizat pentru camer\u0103 de ac\u021biune &#8211; compatibil cu GoPro\u00ae \u0219i majoritatea celorlalte m\u0103rci<\/li><li>Se ata\u0219eaz\u0103 direct sub camera de ac\u021biune pentru a \u00eenlocui suportul de montare de fabric\u0103<\/li><li>Baza cu minge permite conectarea la orice bra\u021b dublu de dimensiune B RAM\u00ae<\/li><li>Sprijinit de o garan\u021bie limitat\u0103<\/li><\/ul>\t\t\t\t\t\t\t\t<\/div>\n\t\t\t\t<\/div>\n\t\t\t\t\t<\/div>\n\t\t<\/div>\n\t\t\t\t\t<\/div>\n\t\t<\/section>\n\t\t\t\t<section class=\"elementor-section elementor-top-section elementor-element elementor-element-2175ac89 elementor-section-boxed elementor-section-height-default elementor-section-height-default\" data-id=\"2175ac89\" data-element_type=\"section\" data-e-type=\"section\">\n\t\t\t\t\t\t<div class=\"elementor-container elementor-column-gap-default\">\n\t\t\t\t\t<div class=\"elementor-column elementor-col-100 elementor-top-column elementor-element elementor-element-60203d26\" data-id=\"60203d26\" data-element_type=\"column\" data-e-type=\"column\">\n\t\t\t<div class=\"elementor-widget-wrap elementor-element-populated\">\n\t\t\t\t\t\t<div class=\"elementor-element elementor-element-2480a5b9 elementor-widget elementor-widget-heading\" data-id=\"2480a5b9\" data-element_type=\"widget\" data-e-type=\"widget\" data-widget_type=\"heading.default\">\n\t\t\t\t<div class=\"elementor-widget-container\">\n\t\t\t\t\t<h6 class=\"elementor-heading-title elementor-size-large\">Specifica\u021bii<\/h6>\t\t\t\t<\/div>\n\t\t\t\t<\/div>\n\t\t\t\t\t<\/div>\n\t\t<\/div>\n\t\t\t\t\t<\/div>\n\t\t<\/section>\n\t\t\t\t<section class=\"elementor-section elementor-top-section elementor-element elementor-element-77c87d65 elementor-section-boxed elementor-section-height-default elementor-section-height-default\" data-id=\"77c87d65\" data-element_type=\"section\" data-e-type=\"section\">\n\t\t\t\t\t\t<div class=\"elementor-container elementor-column-gap-default\">\n\t\t\t\t\t<div class=\"elementor-column elementor-col-100 elementor-top-column elementor-element elementor-element-303c5458\" data-id=\"303c5458\" data-element_type=\"column\" data-e-type=\"column\">\n\t\t\t<div class=\"elementor-widget-wrap elementor-element-populated\">\n\t\t\t\t\t\t<div class=\"elementor-element elementor-element-64872eaf elementor-widget elementor-widget-text-editor\" data-id=\"64872eaf\" data-element_type=\"widget\" data-e-type=\"widget\" data-widget_type=\"text-editor.default\">\n\t\t\t\t<div class=\"elementor-widget-container\">\n\t\t\t\t\t\t\t\t\t<table style=\"width: 100%\"><tbody><tr><td><strong>GREUTATEA PRODUSULUI<\/strong><\/td><td><div class=\"dictionary__value\"><div class=\"dictionary__value\"><div class=\"dictionary__value\"><div class=\"dictionary__value\"><div class=\"dictionary__value\"><div class=\"dictionary__param\"><div class=\"dictionary__values\"><div class=\"dictionary__value\"><div class=\"dictionary__value\"><div class=\"dictionary__param\"><div class=\"dictionary__values\"><div class=\"dictionary__value\"><div class=\"dictionary__param\"><div class=\"dictionary__values\"><div class=\"dictionary__value\"><span class=\"dictionary__value_txt\">36 g<\/span><\/div><\/div><\/div><\/div><\/div><\/div><\/div><\/div><\/div><\/div><\/div><\/div><\/div><\/div><\/div><\/td><\/tr><tr><td><strong>HARDWARE INCLUDE<\/strong><\/td><td><div class=\"dictionary__param\"><div class=\"dictionary__values\"><div class=\"dictionary__value\"><div class=\"dictionary__param\"><div class=\"dictionary__values\"><div class=\"dictionary__value\"><div class=\"dictionary__param\"><div class=\"dictionary__values\"><div class=\"dictionary__value\"><div class=\"dictionary__param\"><div class=\"dictionary__values\"><div class=\"dictionary__value\"><span class=\"dictionary__value_txt\">Assembly Hardware<\/span><\/div><\/div><\/div><\/div><\/div><\/div><\/div><\/div><\/div><\/div><\/div><\/div><\/td><\/tr><tr><td><strong>CAPACITATEA DE GREUTATE<\/strong><\/td><td><div class=\"dictionary__param\"><div class=\"dictionary__values\"><div class=\"dictionary__value\"><div class=\"dictionary__param\"><div class=\"dictionary__values\"><div class=\"dictionary__value\"><span class=\"dictionary__value_txt\">Standard Use: 907.18 gramss<br \/>Heavy-Duty Use: 453.59 grams<\/span><\/div><\/div><\/div><\/div><\/div><\/div><\/td><\/tr><tr><td><strong>DIMENSIUNE BIL\u0102<\/strong><\/td><td><div class=\"dictionary__param\"><div class=\"dictionary__values\"><div class=\"dictionary__value\"><div class=\"dictionary__param\"><div class=\"dictionary__values\"><div class=\"dictionary__value\"><div id=\"container\" class=\"projector_page container max-width-1200\"><div id=\"layout\" class=\"row clearfix\"><div id=\"content\" class=\"col-12\"><div id=\"projector_long-info_container_desktop\"><div id=\"long-desc-param\" class=\"tab-content-info\"><section id=\"projector_dictionary\" class=\"dictionary mt-2\"><div class=\"dictionary__group --first --no-group\"><div class=\"dictionary__param\"><div class=\"dictionary__values\"><div class=\"dictionary__value\"><span class=\"dictionary__value_txt\">B Size (1&#8243;)<\/span><\/div><\/div><\/div><\/div><\/section><\/div><\/div><\/div><\/div><\/div><\/div><\/div><\/div><\/div><\/div><\/div><\/td><\/tr><tr><td><strong>MATERIALE<\/strong><\/td><td><div class=\"dictionary__param\"><div class=\"dictionary__values\"><div class=\"dictionary__value\">High strength composite<\/div><\/div><\/div><\/td><\/tr><tr><td><strong>TIP AMBALAJ<\/strong><\/td><td><div class=\"dictionary__param\"><div class=\"dictionary__values\"><div class=\"dictionary__value\"><span class=\"dictionary__value_txt\">Poly Bag<\/span><\/div><\/div><\/div><\/td><\/tr><tr><td><strong>DIMENSIUNEA BILEI \u0218I A PRINDERII<\/strong><\/td><td><div class=\"dictionary__param\"><div class=\"dictionary__values\"><div class=\"dictionary__value\"><div class=\"dictionary__param\"><div class=\"dictionary__values\"><div class=\"dictionary__value\"><div class=\"dictionary__param\"><div class=\"dictionary__values\"><div class=\"dictionary__value\"><span class=\"dictionary__value_txt\">B Size 1&#8243; (Holds 907.18 gramss)<\/span><\/div><\/div><\/div><\/div><\/div><\/div><\/div><\/div><\/div><\/td><\/tr><tr><td><strong>TIP DISPOZITIV SAU ACCESORIU<\/strong><\/td><td><div class=\"dictionary__param\"><div class=\"dictionary__values\"><div class=\"dictionary__value\"><div class=\"dictionary__value\">Camera<\/div><\/div><\/div><\/div><\/td><\/tr><\/tbody><\/table>\t\t\t\t\t\t\t\t<\/div>\n\t\t\t\t<\/div>\n\t\t\t\t\t<\/div>\n\t\t<\/div>\n\t\t\t\t\t<\/div>\n\t\t<\/section>\n\t\t\t\t<\/div>\n\t\t","protected":false},"excerpt":{"rendered":"<p>Pentru oricine are nevoie de mai mult\u0103 versatilitate din solu\u021bia lor de montare GoPro, nu trebuie s\u0103 caute mai departe dec\u00e2t adaptorul sferic RAM pentru bazele de montare GoPro. Utiliz\u00e2nd sistemul de montare cu minge \u0219i prindere RAM, pur \u0219i simplu ata\u0219a\u021bi adaptorul inclus de m\u0103rime B de 1&#8243; la baza GoPro pentru o ajustabilitate \u00eembun\u0103t\u0103\u021bit\u0103 \u0219i o amortizare superioar\u0103 a vibra\u021biilor, permi\u021b\u00e2ndu-v\u0103 s\u0103 ob\u021bine\u021bi cea mai bun\u0103 performan\u021b\u0103 din camera dvs. de ac\u021biune preferat\u0103.<\/p>\n","protected":false},"featured_media":32822,"comment_status":"open","ping_status":"closed","template":"","meta":{"_acf_changed":false,"inline_featured_image":false},"product_brand":[],"product_cat":[343,340],"product_tag":[],"class_list":{"0":"post-32820","1":"product","2":"type-product","3":"status-publish","4":"has-post-thumbnail","6":"product_cat-ram-mounts_ro","7":"product_cat-sisteme-de-prindere-ro","8":"tt-post","10":"first","11":"instock","12":"shipping-taxable","13":"purchasable","14":"product-type-simple"},"acf":[],"yoast_head":"<!-- This site is optimized with the Yoast SEO plugin v27.4 - https:\/\/yoast.com\/product\/yoast-seo-wordpress\/ -->\n<title>RAM\u00ae Adaptor sferic universal pentru camere de actiune - BoatsExpert<\/title>\n<meta name=\"description\" content=\"Cump\u0103ra\u021bi RAM Adaptor sferic universal pentru camere de ac\u021biune \u00een Rom\u00e2nia de la Boats Expert. \u041e gam\u0103 larg\u0103 de accesorii pentru b\u0103rci cu motor cu livrare \u00een toat\u0103 Rom\u00e2nia!\" \/>\n<meta name=\"robots\" content=\"index, follow, max-snippet:-1, max-image-preview:large, max-video-preview:-1\" \/>\n<link rel=\"canonical\" href=\"https:\/\/boat-demo.axiomprotocol.org\/ro\/produs\/ram-adaptor-sferic-universal-pentru-camere-de-actiune\/\" \/>\n<meta property=\"og:locale\" content=\"ro_RO\" \/>\n<meta property=\"og:type\" content=\"article\" \/>\n<meta property=\"og:title\" content=\"RAM\u00ae Adaptor sferic universal pentru camere de actiune - BoatsExpert\" \/>\n<meta property=\"og:description\" content=\"Cump\u0103ra\u021bi RAM Adaptor sferic universal pentru camere de ac\u021biune \u00een Rom\u00e2nia de la Boats Expert. \u041e gam\u0103 larg\u0103 de accesorii pentru b\u0103rci cu motor cu livrare \u00een toat\u0103 Rom\u00e2nia!\" \/>\n<meta property=\"og:url\" content=\"https:\/\/boat-demo.axiomprotocol.org\/ro\/produs\/ram-adaptor-sferic-universal-pentru-camere-de-actiune\/\" \/>\n<meta property=\"og:site_name\" content=\"BoatsExpert\" \/>\n<meta property=\"article:modified_time\" content=\"2024-04-26T13:21:59+00:00\" \/>\n<meta property=\"og:image\" content=\"https:\/\/boat-demo.axiomprotocol.org\/wp-content\/uploads\/2024\/04\/eng_pl_RAM-R-Action-Camera-Universal-Ball-Adapter-12955_1.jpg\" \/>\n\t<meta property=\"og:image:width\" content=\"555\" \/>\n\t<meta property=\"og:image:height\" content=\"478\" \/>\n\t<meta property=\"og:image:type\" content=\"image\/jpeg\" \/>\n<meta name=\"twitter:card\" content=\"summary_large_image\" \/>\n<script type=\"application\/ld+json\" class=\"yoast-schema-graph\">{\"@context\":\"https:\\\/\\\/schema.org\",\"@graph\":[{\"@type\":\"WebPage\",\"@id\":\"https:\\\/\\\/boat-demo.axiomprotocol.org\\\/ro\\\/produs\\\/ram-adaptor-sferic-universal-pentru-camere-de-actiune\\\/\",\"url\":\"https:\\\/\\\/boat-demo.axiomprotocol.org\\\/ro\\\/produs\\\/ram-adaptor-sferic-universal-pentru-camere-de-actiune\\\/\",\"name\":\"RAM\u00ae Adaptor sferic universal pentru camere de actiune - BoatsExpert\",\"isPartOf\":{\"@id\":\"https:\\\/\\\/boat-demo.axiomprotocol.org\\\/ro\\\/#website\"},\"primaryImageOfPage\":{\"@id\":\"https:\\\/\\\/boat-demo.axiomprotocol.org\\\/ro\\\/produs\\\/ram-adaptor-sferic-universal-pentru-camere-de-actiune\\\/#primaryimage\"},\"image\":{\"@id\":\"https:\\\/\\\/boat-demo.axiomprotocol.org\\\/ro\\\/produs\\\/ram-adaptor-sferic-universal-pentru-camere-de-actiune\\\/#primaryimage\"},\"thumbnailUrl\":\"https:\\\/\\\/boat-demo.axiomprotocol.org\\\/wp-content\\\/uploads\\\/2024\\\/04\\\/eng_pl_RAM-R-Action-Camera-Universal-Ball-Adapter-12955_1.jpg\",\"datePublished\":\"2024-04-26T13:04:27+00:00\",\"dateModified\":\"2024-04-26T13:21:59+00:00\",\"description\":\"Cump\u0103ra\u021bi RAM Adaptor sferic universal pentru camere de ac\u021biune \u00een Rom\u00e2nia de la Boats Expert. \u041e gam\u0103 larg\u0103 de accesorii pentru b\u0103rci cu motor cu livrare \u00een toat\u0103 Rom\u00e2nia!\",\"breadcrumb\":{\"@id\":\"https:\\\/\\\/boat-demo.axiomprotocol.org\\\/ro\\\/produs\\\/ram-adaptor-sferic-universal-pentru-camere-de-actiune\\\/#breadcrumb\"},\"inLanguage\":\"ro-RO\",\"potentialAction\":[{\"@type\":\"ReadAction\",\"target\":[\"https:\\\/\\\/boat-demo.axiomprotocol.org\\\/ro\\\/produs\\\/ram-adaptor-sferic-universal-pentru-camere-de-actiune\\\/\"]}]},{\"@type\":\"ImageObject\",\"inLanguage\":\"ro-RO\",\"@id\":\"https:\\\/\\\/boat-demo.axiomprotocol.org\\\/ro\\\/produs\\\/ram-adaptor-sferic-universal-pentru-camere-de-actiune\\\/#primaryimage\",\"url\":\"https:\\\/\\\/boat-demo.axiomprotocol.org\\\/wp-content\\\/uploads\\\/2024\\\/04\\\/eng_pl_RAM-R-Action-Camera-Universal-Ball-Adapter-12955_1.jpg\",\"contentUrl\":\"https:\\\/\\\/boat-demo.axiomprotocol.org\\\/wp-content\\\/uploads\\\/2024\\\/04\\\/eng_pl_RAM-R-Action-Camera-Universal-Ball-Adapter-12955_1.jpg\",\"width\":555,\"height\":478,\"caption\":\"RAM\"},{\"@type\":\"BreadcrumbList\",\"@id\":\"https:\\\/\\\/boat-demo.axiomprotocol.org\\\/ro\\\/produs\\\/ram-adaptor-sferic-universal-pentru-camere-de-actiune\\\/#breadcrumb\",\"itemListElement\":[{\"@type\":\"ListItem\",\"position\":1,\"name\":\"Home\",\"item\":\"https:\\\/\\\/boat-demo.axiomprotocol.org\\\/\"},{\"@type\":\"ListItem\",\"position\":2,\"name\":\"Shop Online &#8211; cel mai bun magazin pentru echipamente pentru b\u0103rci\",\"item\":\"https:\\\/\\\/boat-demo.axiomprotocol.org\\\/ro\\\/shop-ro\\\/\"},{\"@type\":\"ListItem\",\"position\":3,\"name\":\"RAM\u00ae Adaptor sferic universal pentru camere de actiune\"}]},{\"@type\":\"WebSite\",\"@id\":\"https:\\\/\\\/boat-demo.axiomprotocol.org\\\/ro\\\/#website\",\"url\":\"https:\\\/\\\/boat-demo.axiomprotocol.org\\\/ro\\\/\",\"name\":\"BoatsExpert\",\"description\":\"Boats, Service, Equipment\",\"publisher\":{\"@id\":\"https:\\\/\\\/boat-demo.axiomprotocol.org\\\/ro\\\/#organization\"},\"potentialAction\":[{\"@type\":\"SearchAction\",\"target\":{\"@type\":\"EntryPoint\",\"urlTemplate\":\"https:\\\/\\\/boat-demo.axiomprotocol.org\\\/ro\\\/?s={search_term_string}\"},\"query-input\":{\"@type\":\"PropertyValueSpecification\",\"valueRequired\":true,\"valueName\":\"search_term_string\"}}],\"inLanguage\":\"ro-RO\"},{\"@type\":\"Organization\",\"@id\":\"https:\\\/\\\/boat-demo.axiomprotocol.org\\\/ro\\\/#organization\",\"name\":\"BoatsExpert\",\"url\":\"https:\\\/\\\/boat-demo.axiomprotocol.org\\\/ro\\\/\",\"logo\":{\"@type\":\"ImageObject\",\"inLanguage\":\"ro-RO\",\"@id\":\"https:\\\/\\\/boat-demo.axiomprotocol.org\\\/ro\\\/#\\\/schema\\\/logo\\\/image\\\/\",\"url\":\"https:\\\/\\\/boat-demo.axiomprotocol.org\\\/wp-content\\\/uploads\\\/2023\\\/05\\\/white-logo60.svg\",\"contentUrl\":\"https:\\\/\\\/boat-demo.axiomprotocol.org\\\/wp-content\\\/uploads\\\/2023\\\/05\\\/white-logo60.svg\",\"width\":90,\"height\":60,\"caption\":\"BoatsExpert\"},\"image\":{\"@id\":\"https:\\\/\\\/boat-demo.axiomprotocol.org\\\/ro\\\/#\\\/schema\\\/logo\\\/image\\\/\"}}]}<\/script>\n<!-- \/ Yoast SEO plugin. -->","yoast_head_json":{"title":"RAM\u00ae Adaptor sferic universal pentru camere de actiune - BoatsExpert","description":"Cump\u0103ra\u021bi RAM Adaptor sferic universal pentru camere de ac\u021biune \u00een Rom\u00e2nia de la Boats Expert. \u041e gam\u0103 larg\u0103 de accesorii pentru b\u0103rci cu motor cu livrare \u00een toat\u0103 Rom\u00e2nia!","robots":{"index":"index","follow":"follow","max-snippet":"max-snippet:-1","max-image-preview":"max-image-preview:large","max-video-preview":"max-video-preview:-1"},"canonical":"https:\/\/boat-demo.axiomprotocol.org\/ro\/produs\/ram-adaptor-sferic-universal-pentru-camere-de-actiune\/","og_locale":"ro_RO","og_type":"article","og_title":"RAM\u00ae Adaptor sferic universal pentru camere de actiune - BoatsExpert","og_description":"Cump\u0103ra\u021bi RAM Adaptor sferic universal pentru camere de ac\u021biune \u00een Rom\u00e2nia de la Boats Expert. \u041e gam\u0103 larg\u0103 de accesorii pentru b\u0103rci cu motor cu livrare \u00een toat\u0103 Rom\u00e2nia!","og_url":"https:\/\/boat-demo.axiomprotocol.org\/ro\/produs\/ram-adaptor-sferic-universal-pentru-camere-de-actiune\/","og_site_name":"BoatsExpert","article_modified_time":"2024-04-26T13:21:59+00:00","og_image":[{"width":555,"height":478,"url":"https:\/\/boat-demo.axiomprotocol.org\/wp-content\/uploads\/2024\/04\/eng_pl_RAM-R-Action-Camera-Universal-Ball-Adapter-12955_1.jpg","type":"image\/jpeg"}],"twitter_card":"summary_large_image","schema":{"@context":"https:\/\/schema.org","@graph":[{"@type":"WebPage","@id":"https:\/\/boat-demo.axiomprotocol.org\/ro\/produs\/ram-adaptor-sferic-universal-pentru-camere-de-actiune\/","url":"https:\/\/boat-demo.axiomprotocol.org\/ro\/produs\/ram-adaptor-sferic-universal-pentru-camere-de-actiune\/","name":"RAM\u00ae Adaptor sferic universal pentru camere de actiune - BoatsExpert","isPartOf":{"@id":"https:\/\/boat-demo.axiomprotocol.org\/ro\/#website"},"primaryImageOfPage":{"@id":"https:\/\/boat-demo.axiomprotocol.org\/ro\/produs\/ram-adaptor-sferic-universal-pentru-camere-de-actiune\/#primaryimage"},"image":{"@id":"https:\/\/boat-demo.axiomprotocol.org\/ro\/produs\/ram-adaptor-sferic-universal-pentru-camere-de-actiune\/#primaryimage"},"thumbnailUrl":"https:\/\/boat-demo.axiomprotocol.org\/wp-content\/uploads\/2024\/04\/eng_pl_RAM-R-Action-Camera-Universal-Ball-Adapter-12955_1.jpg","datePublished":"2024-04-26T13:04:27+00:00","dateModified":"2024-04-26T13:21:59+00:00","description":"Cump\u0103ra\u021bi RAM Adaptor sferic universal pentru camere de ac\u021biune \u00een Rom\u00e2nia de la Boats Expert. \u041e gam\u0103 larg\u0103 de accesorii pentru b\u0103rci cu motor cu livrare \u00een toat\u0103 Rom\u00e2nia!","breadcrumb":{"@id":"https:\/\/boat-demo.axiomprotocol.org\/ro\/produs\/ram-adaptor-sferic-universal-pentru-camere-de-actiune\/#breadcrumb"},"inLanguage":"ro-RO","potentialAction":[{"@type":"ReadAction","target":["https:\/\/boat-demo.axiomprotocol.org\/ro\/produs\/ram-adaptor-sferic-universal-pentru-camere-de-actiune\/"]}]},{"@type":"ImageObject","inLanguage":"ro-RO","@id":"https:\/\/boat-demo.axiomprotocol.org\/ro\/produs\/ram-adaptor-sferic-universal-pentru-camere-de-actiune\/#primaryimage","url":"https:\/\/boat-demo.axiomprotocol.org\/wp-content\/uploads\/2024\/04\/eng_pl_RAM-R-Action-Camera-Universal-Ball-Adapter-12955_1.jpg","contentUrl":"https:\/\/boat-demo.axiomprotocol.org\/wp-content\/uploads\/2024\/04\/eng_pl_RAM-R-Action-Camera-Universal-Ball-Adapter-12955_1.jpg","width":555,"height":478,"caption":"RAM"},{"@type":"BreadcrumbList","@id":"https:\/\/boat-demo.axiomprotocol.org\/ro\/produs\/ram-adaptor-sferic-universal-pentru-camere-de-actiune\/#breadcrumb","itemListElement":[{"@type":"ListItem","position":1,"name":"Home","item":"https:\/\/boat-demo.axiomprotocol.org\/"},{"@type":"ListItem","position":2,"name":"Shop Online &#8211; cel mai bun magazin pentru echipamente pentru b\u0103rci","item":"https:\/\/boat-demo.axiomprotocol.org\/ro\/shop-ro\/"},{"@type":"ListItem","position":3,"name":"RAM\u00ae Adaptor sferic universal pentru camere de actiune"}]},{"@type":"WebSite","@id":"https:\/\/boat-demo.axiomprotocol.org\/ro\/#website","url":"https:\/\/boat-demo.axiomprotocol.org\/ro\/","name":"BoatsExpert","description":"Boats, Service, Equipment","publisher":{"@id":"https:\/\/boat-demo.axiomprotocol.org\/ro\/#organization"},"potentialAction":[{"@type":"SearchAction","target":{"@type":"EntryPoint","urlTemplate":"https:\/\/boat-demo.axiomprotocol.org\/ro\/?s={search_term_string}"},"query-input":{"@type":"PropertyValueSpecification","valueRequired":true,"valueName":"search_term_string"}}],"inLanguage":"ro-RO"},{"@type":"Organization","@id":"https:\/\/boat-demo.axiomprotocol.org\/ro\/#organization","name":"BoatsExpert","url":"https:\/\/boat-demo.axiomprotocol.org\/ro\/","logo":{"@type":"ImageObject","inLanguage":"ro-RO","@id":"https:\/\/boat-demo.axiomprotocol.org\/ro\/#\/schema\/logo\/image\/","url":"https:\/\/boat-demo.axiomprotocol.org\/wp-content\/uploads\/2023\/05\/white-logo60.svg","contentUrl":"https:\/\/boat-demo.axiomprotocol.org\/wp-content\/uploads\/2023\/05\/white-logo60.svg","width":90,"height":60,"caption":"BoatsExpert"},"image":{"@id":"https:\/\/boat-demo.axiomprotocol.org\/ro\/#\/schema\/logo\/image\/"}}]}},"_links":{"self":[{"href":"https:\/\/boat-demo.axiomprotocol.org\/ro\/wp-json\/wp\/v2\/product\/32820","targetHints":{"allow":["GET"]}}],"collection":[{"href":"https:\/\/boat-demo.axiomprotocol.org\/ro\/wp-json\/wp\/v2\/product"}],"about":[{"href":"https:\/\/boat-demo.axiomprotocol.org\/ro\/wp-json\/wp\/v2\/types\/product"}],"replies":[{"embeddable":true,"href":"https:\/\/boat-demo.axiomprotocol.org\/ro\/wp-json\/wp\/v2\/comments?post=32820"}],"version-history":[{"count":6,"href":"https:\/\/boat-demo.axiomprotocol.org\/ro\/wp-json\/wp\/v2\/product\/32820\/revisions"}],"predecessor-version":[{"id":32848,"href":"https:\/\/boat-demo.axiomprotocol.org\/ro\/wp-json\/wp\/v2\/product\/32820\/revisions\/32848"}],"wp:featuredmedia":[{"embeddable":true,"href":"https:\/\/boat-demo.axiomprotocol.org\/ro\/wp-json\/wp\/v2\/media\/32822"}],"wp:attachment":[{"href":"https:\/\/boat-demo.axiomprotocol.org\/ro\/wp-json\/wp\/v2\/media?parent=32820"}],"wp:term":[{"taxonomy":"product_brand","embeddable":true,"href":"https:\/\/boat-demo.axiomprotocol.org\/ro\/wp-json\/wp\/v2\/product_brand?post=32820"},{"taxonomy":"product_cat","embeddable":true,"href":"https:\/\/boat-demo.axiomprotocol.org\/ro\/wp-json\/wp\/v2\/product_cat?post=32820"},{"taxonomy":"product_tag","embeddable":true,"href":"https:\/\/boat-demo.axiomprotocol.org\/ro\/wp-json\/wp\/v2\/product_tag?post=32820"}],"curies":[{"name":"wp","href":"https:\/\/api.w.org\/{rel}","templated":true}]}}