{"id":32722,"date":"2024-04-26T14:08:30","date_gmt":"2024-04-26T11:08:30","guid":{"rendered":"https:\/\/boat-demo.axiomprotocol.org\/?post_type=product&#038;p=32722"},"modified":"2024-04-26T14:25:08","modified_gmt":"2024-04-26T11:25:08","slug":"ram-bond-a-base-baza-adeziva-neagra-cu-ram-tough-track","status":"publish","type":"product","link":"https:\/\/boat-demo.axiomprotocol.org\/ro\/produs\/ram-bond-a-base-baza-adeziva-neagra-cu-ram-tough-track\/","title":{"rendered":"RAM\u00ae Bond-A-Base\u2122 &#8211; Baza adeziva neagra cu RAM\u00ae Tough-Track\u2122"},"content":{"rendered":"\t\t<div data-elementor-type=\"wp-post\" data-elementor-id=\"32722\" class=\"elementor elementor-32722 elementor-32721\">\n\t\t\t\t\t\t<section class=\"elementor-section elementor-top-section elementor-element elementor-element-2175ac89 elementor-section-boxed elementor-section-height-default elementor-section-height-default\" data-id=\"2175ac89\" data-element_type=\"section\" data-e-type=\"section\">\n\t\t\t\t\t\t<div class=\"elementor-container elementor-column-gap-default\">\n\t\t\t\t\t<div class=\"elementor-column elementor-col-100 elementor-top-column elementor-element elementor-element-60203d26\" data-id=\"60203d26\" data-element_type=\"column\" data-e-type=\"column\">\n\t\t\t<div class=\"elementor-widget-wrap elementor-element-populated\">\n\t\t\t\t\t\t<div class=\"elementor-element elementor-element-2480a5b9 elementor-widget elementor-widget-heading\" data-id=\"2480a5b9\" data-element_type=\"widget\" data-e-type=\"widget\" data-widget_type=\"heading.default\">\n\t\t\t\t<div class=\"elementor-widget-container\">\n\t\t\t\t\t<h6 class=\"elementor-heading-title elementor-size-large\">Specifica\u021bii<\/h6>\t\t\t\t<\/div>\n\t\t\t\t<\/div>\n\t\t\t\t\t<\/div>\n\t\t<\/div>\n\t\t\t\t\t<\/div>\n\t\t<\/section>\n\t\t\t\t<section class=\"elementor-section elementor-top-section elementor-element elementor-element-77c87d65 elementor-section-boxed elementor-section-height-default elementor-section-height-default\" data-id=\"77c87d65\" data-element_type=\"section\" data-e-type=\"section\">\n\t\t\t\t\t\t<div class=\"elementor-container elementor-column-gap-default\">\n\t\t\t\t\t<div class=\"elementor-column elementor-col-100 elementor-top-column elementor-element elementor-element-303c5458\" data-id=\"303c5458\" data-element_type=\"column\" data-e-type=\"column\">\n\t\t\t<div class=\"elementor-widget-wrap elementor-element-populated\">\n\t\t\t\t\t\t<div class=\"elementor-element elementor-element-64872eaf elementor-widget elementor-widget-text-editor\" data-id=\"64872eaf\" data-element_type=\"widget\" data-e-type=\"widget\" data-widget_type=\"text-editor.default\">\n\t\t\t\t<div class=\"elementor-widget-container\">\n\t\t\t\t\t\t\t\t\t<table style=\"width: 100%\">\n<tbody>\n<tr>\n<td><strong>GREUTATEA PRODUSULUI<\/strong><\/td>\n<td>\n<div class=\"dictionary__value\">\n<div class=\"dictionary__value\">\n<div class=\"dictionary__value\">\n<div class=\"dictionary__value\">\n<div class=\"dictionary__value\">\n<div class=\"dictionary__param\">\n<div class=\"dictionary__values\">\n<div class=\"dictionary__value\">\n<div class=\"dictionary__value\">\n<div class=\"dictionary__param\">\n<div class=\"dictionary__values\">\n<div class=\"dictionary__value\">\n<div class=\"dictionary__param\">\n<div class=\"dictionary__values\">\n<div class=\"dictionary__value\"><span class=\"dictionary__value_txt\">318 g<\/span><\/div>\n<\/div>\n<\/div>\n<\/div>\n<\/div>\n<\/div>\n<\/div>\n<\/div>\n<\/div>\n<\/div>\n<\/div>\n<\/div>\n<\/div>\n<\/div>\n<\/div><\/td>\n<\/tr>\n<tr>\n<td><strong>HARDWARE INCLUDE<\/strong><\/td>\n<td>\n<div class=\"dictionary__param\">\n<div class=\"dictionary__values\">\n<div class=\"dictionary__value\">\n<div class=\"dictionary__param\">\n<div class=\"dictionary__values\">\n<div class=\"dictionary__value\">\n<div class=\"dictionary__param\">\n<div class=\"dictionary__values\">\n<div class=\"dictionary__value\"><span class=\"dictionary__value_txt\">Assembly Hardware\n(1) 7.12&#8243; x 5.25&#8243; Double Adhesive Pad\n(1) Alcohol Prep Pad<\/span><\/div>\n<\/div>\n<\/div>\n<\/div>\n<\/div>\n<\/div>\n<\/div>\n<\/div>\n<\/div><\/td>\n<\/tr>\n<tr>\n<td><strong>DIMENSIUNI PRODUS<\/strong><\/td>\n<td>\n<div class=\"dictionary__param\">\n<div class=\"dictionary__values\">\n<div class=\"dictionary__value\">\n<div class=\"dictionary__param\">\n<div class=\"dictionary__values\">\n<div class=\"dictionary__value\">\n<div class=\"dictionary__param\">\n<div class=\"dictionary__values\">\n<div class=\"dictionary__value\">Overall Length: 7&#8243;\nOverall Width: 5.375&#8243;<\/div>\n<\/div>\n<\/div>\n<\/div>\n<\/div>\n<\/div>\n<\/div>\n<\/div>\n<\/div><\/td>\n<\/tr>\n<tr>\n<td><strong>MATERIALE<\/strong><\/td>\n<td>\n<div class=\"dictionary__param\">\n<div class=\"dictionary__values\">\n<div class=\"dictionary__value\">High strength composite<\/div>\n<\/div>\n<\/div><\/td>\n<\/tr>\n<tr>\n<td><strong>TIP AMBALAJ<\/strong><\/td>\n<td>\n<div class=\"dictionary__param\">\n<div class=\"dictionary__values\">\n<div class=\"dictionary__value\"><span class=\"dictionary__value_txt\">Poly Bag<\/span><\/div>\n<\/div>\n<\/div><\/td>\n<\/tr>\n<tr>\n<td><strong>TIP MONTARE<\/strong><\/td>\n<td>\n<div class=\"dictionary__param\">\n<div class=\"dictionary__values\">\n<div class=\"dictionary__value\">Adhesive<\/div>\n<\/div>\n<\/div><\/td>\n<\/tr>\n<tr>\n<td><strong>TIP VEHICUL<\/strong><\/td>\n<td>\n<div class=\"dictionary__param\">\n<div class=\"dictionary__values\">\n<div class=\"dictionary__value\">\n<div class=\"dictionary__param\">\n<div class=\"dictionary__values\">\n<div class=\"dictionary__value\"><span class=\"dictionary__value_txt\">Stand-Up Paddleboard<\/span><\/div>\n<\/div>\n<\/div>\n<div class=\"dictionary__param\"><\/div>\n<\/div>\n<\/div>\n<\/div><\/td>\n<\/tr>\n<\/tbody>\n<\/table>\t\t\t\t\t\t\t\t<\/div>\n\t\t\t\t<\/div>\n\t\t\t\t\t<\/div>\n\t\t<\/div>\n\t\t\t\t\t<\/div>\n\t\t<\/section>\n\t\t\t\t<\/div>\n\t\t","protected":false},"excerpt":{"rendered":"<p>&nbsp;<\/p>\n<div class=\"flex-1 overflow-hidden\">\n<div class=\"react-scroll-to-bottom--css-tiigi-79elbk h-full\">\n<div class=\"react-scroll-to-bottom--css-tiigi-1n7m0yu\">\n<div class=\"flex flex-col text-sm pb-9\">\n<div class=\"w-full text-token-text-primary\" dir=\"auto\" data-testid=\"conversation-turn-49\">\n<div class=\"px-4 py-2 justify-center text-base md:gap-6 m-auto\">\n<div class=\"flex flex-1 text-base mx-auto gap-3 juice:gap-4 juice:md:gap-6 md:px-5 lg:px-1 xl:px-5 md:max-w-3xl lg:max-w-[40rem] xl:max-w-[48rem]\">\n<div class=\"relative flex w-full flex-col agent-turn\">\n<div class=\"flex-col gap-1 md:gap-3\">\n<div class=\"flex flex-grow flex-col max-w-full\">\n<div class=\"min-h-[20px] text-message flex flex-col items-start gap-3 whitespace-pre-wrap break-words [.text-message+&amp;]:mt-5 overflow-x-auto\" dir=\"auto\" data-message-author-role=\"assistant\" data-message-id=\"2df760b7-6953-4508-9d83-6d1e7aab8417\">\n<div class=\"markdown prose w-full break-words dark:prose-invert light\">\n<div class=\"flex-1 overflow-hidden\">\n<div class=\"react-scroll-to-bottom--css-tiigi-79elbk h-full\">\n<div class=\"react-scroll-to-bottom--css-tiigi-1n7m0yu\">\n<div class=\"flex flex-col text-sm pb-9\">\n<div class=\"w-full text-token-text-primary\" dir=\"auto\" data-testid=\"conversation-turn-61\">\n<div class=\"px-4 py-2 justify-center text-base md:gap-6 m-auto\">\n<div class=\"flex flex-1 text-base mx-auto gap-3 juice:gap-4 juice:md:gap-6 md:px-5 lg:px-1 xl:px-5 md:max-w-3xl lg:max-w-[40rem] xl:max-w-[48rem]\">\n<div class=\"relative flex w-full flex-col agent-turn\">\n<div class=\"flex-col gap-1 md:gap-3\">\n<div class=\"flex flex-grow flex-col max-w-full\">\n<div class=\"min-h-[20px] text-message flex flex-col items-start gap-3 whitespace-pre-wrap break-words [.text-message+&amp;]:mt-5 overflow-x-auto\" dir=\"auto\" data-message-author-role=\"assistant\" data-message-id=\"e1851c2e-6d30-439c-b21f-3affb0bc4c15\">\n<div class=\"markdown prose w-full break-words dark:prose-invert light\">\n<div class=\"flex-1 overflow-hidden\">\n<div class=\"react-scroll-to-bottom--css-tiigi-79elbk h-full\">\n<div class=\"react-scroll-to-bottom--css-tiigi-1n7m0yu\">\n<div class=\"flex flex-col text-sm pb-9\">\n<div class=\"w-full text-token-text-primary\" dir=\"auto\" data-testid=\"conversation-turn-65\">\n<div class=\"px-4 py-2 justify-center text-base md:gap-6 m-auto\">\n<div class=\"flex flex-1 text-base mx-auto gap-3 juice:gap-4 juice:md:gap-6 md:px-5 lg:px-1 xl:px-5 md:max-w-3xl lg:max-w-[40rem] xl:max-w-[48rem]\">\n<div class=\"relative flex w-full flex-col agent-turn\">\n<div class=\"flex-col gap-1 md:gap-3\">\n<div class=\"flex flex-grow flex-col max-w-full\">\n<div class=\"min-h-[20px] text-message flex flex-col items-start gap-3 whitespace-pre-wrap break-words [.text-message+&amp;]:mt-5 overflow-x-auto\" dir=\"auto\" data-message-author-role=\"assistant\" data-message-id=\"8a6b6c7b-3079-496f-9e49-9ed90f718e3d\">\n<div class=\"markdown prose w-full break-words dark:prose-invert light\">\n<div class=\"w-full text-token-text-primary\" dir=\"auto\" data-testid=\"conversation-turn-75\">\n<div class=\"px-4 py-2 justify-center text-base md:gap-6 m-auto\">\n<div class=\"flex flex-1 text-base mx-auto gap-3 juice:gap-4 juice:md:gap-6 md:px-5 lg:px-1 xl:px-5 md:max-w-3xl lg:max-w-[40rem] xl:max-w-[48rem]\">\n<div class=\"relative flex w-full min-w-0 flex-col agent-turn\">\n<div class=\"flex-col gap-1 md:gap-3\">\n<div class=\"flex flex-grow flex-col max-w-full\">\n<div class=\"min-h-[20px] text-message flex flex-col items-start gap-3 whitespace-pre-wrap break-words [.text-message+&amp;]:mt-5 overflow-x-auto\" dir=\"auto\" data-message-author-role=\"assistant\" data-message-id=\"6b15ca20-3e5a-46e6-b018-0337a8c38298\">\n<div class=\"markdown prose w-full break-words dark:prose-invert light\">\n<p>Ad\u0103uga\u021bi un sistem de montare pe \u0219in\u0103 fiabil \u0219i sigur la barca pneumatic\u0103 sau placa de paddleboard cu RAM Bond-A-Base cu Tough-Track. Instala\u021bi u\u0219or cu ajutorul padului adeziv dublu fa\u021b\u0103 3M VHB inclus care conecteaz\u0103 Bond-A-Base la ambarca\u021biunea dvs. Bond-A-Base \u021bine \u0219ina compozit\u0103 Tough-Track cu o lungime total\u0103 de 7,25&#8243;, permi\u021b\u00e2ndu-v\u0103 s\u0103 monta\u021bi dispozitivele preferate, cum ar fi camerele de ac\u021biune, sonarele, telefoanele, suporturile pentru undi\u021be \u0219i altele, folosind bazele de \u0219in\u0103 RAM compatibile.<\/p>\n<\/div>\n<\/div>\n<\/div>\n<\/div>\n<\/div>\n<\/div>\n<\/div>\n<\/div>\n<\/div>\n<\/div>\n<\/div>\n<\/div>\n<\/div>\n<\/div>\n<\/div>\n<\/div>\n<\/div>\n<\/div>\n<\/div>\n<\/div>\n<\/div>\n<\/div>\n<\/div>\n<\/div>\n<\/div>\n<\/div>\n<\/div>\n<\/div>\n<\/div>\n<\/div>\n<\/div>\n<\/div>\n<\/div>\n<\/div>\n<\/div>\n<\/div>\n<\/div>\n<\/div>\n<\/div>\n<\/div>\n<\/div>\n<\/div>\n<\/div>\n<\/div>\n","protected":false},"featured_media":32724,"comment_status":"open","ping_status":"closed","template":"","meta":{"_acf_changed":false,"inline_featured_image":false},"product_brand":[],"product_cat":[343,340],"product_tag":[],"class_list":{"0":"post-32722","1":"product","2":"type-product","3":"status-publish","4":"has-post-thumbnail","6":"product_cat-ram-mounts_ro","7":"product_cat-sisteme-de-prindere-ro","8":"tt-post","10":"first","11":"instock","12":"shipping-taxable","13":"purchasable","14":"product-type-simple"},"acf":[],"yoast_head":"<!-- This site is optimized with the Yoast SEO plugin v27.4 - https:\/\/yoast.com\/product\/yoast-seo-wordpress\/ -->\n<title>RAM\u00ae Bond-A-Base\u2122 - Baza adeziva neagra cu RAM\u00ae Tough-Track\u2122 - BoatsExpert<\/title>\n<meta name=\"description\" content=\"Cump\u0103ra\u021bi RAM Bond-A-Base - Baza adeziva neagra \u00een Rom\u00e2nia de la Boats Expert. \u041e gam\u0103 larg\u0103 de accesorii pentru b\u0103rci cu motor cu livrare \u00een toat\u0103 Rom\u00e2nia!\" \/>\n<meta name=\"robots\" content=\"index, follow, max-snippet:-1, max-image-preview:large, max-video-preview:-1\" \/>\n<link rel=\"canonical\" href=\"https:\/\/boat-demo.axiomprotocol.org\/ro\/produs\/ram-bond-a-base-baza-adeziva-neagra-cu-ram-tough-track\/\" \/>\n<meta property=\"og:locale\" content=\"ro_RO\" \/>\n<meta property=\"og:type\" content=\"article\" \/>\n<meta property=\"og:title\" content=\"RAM\u00ae Bond-A-Base\u2122 - Baza adeziva neagra cu RAM\u00ae Tough-Track\u2122 - BoatsExpert\" \/>\n<meta property=\"og:description\" content=\"Cump\u0103ra\u021bi RAM Bond-A-Base - Baza adeziva neagra \u00een Rom\u00e2nia de la Boats Expert. \u041e gam\u0103 larg\u0103 de accesorii pentru b\u0103rci cu motor cu livrare \u00een toat\u0103 Rom\u00e2nia!\" \/>\n<meta property=\"og:url\" content=\"https:\/\/boat-demo.axiomprotocol.org\/ro\/produs\/ram-bond-a-base-baza-adeziva-neagra-cu-ram-tough-track\/\" \/>\n<meta property=\"og:site_name\" content=\"BoatsExpert\" \/>\n<meta property=\"article:modified_time\" content=\"2024-04-26T11:25:08+00:00\" \/>\n<meta property=\"og:image\" content=\"https:\/\/boat-demo.axiomprotocol.org\/wp-content\/uploads\/2024\/04\/eng_pl_RAM-R-Bond-A-Base-TM-Black-Adhesive-Base-with-RAM-R-Tough-Track-TM-12654_1.jpg\" \/>\n\t<meta property=\"og:image:width\" content=\"555\" \/>\n\t<meta property=\"og:image:height\" content=\"478\" \/>\n\t<meta property=\"og:image:type\" content=\"image\/jpeg\" \/>\n<meta name=\"twitter:card\" content=\"summary_large_image\" \/>\n<script type=\"application\/ld+json\" class=\"yoast-schema-graph\">{\"@context\":\"https:\\\/\\\/schema.org\",\"@graph\":[{\"@type\":\"WebPage\",\"@id\":\"https:\\\/\\\/boat-demo.axiomprotocol.org\\\/ro\\\/produs\\\/ram-bond-a-base-baza-adeziva-neagra-cu-ram-tough-track\\\/\",\"url\":\"https:\\\/\\\/boat-demo.axiomprotocol.org\\\/ro\\\/produs\\\/ram-bond-a-base-baza-adeziva-neagra-cu-ram-tough-track\\\/\",\"name\":\"RAM\u00ae Bond-A-Base\u2122 - Baza adeziva neagra cu RAM\u00ae Tough-Track\u2122 - BoatsExpert\",\"isPartOf\":{\"@id\":\"https:\\\/\\\/boat-demo.axiomprotocol.org\\\/ro\\\/#website\"},\"primaryImageOfPage\":{\"@id\":\"https:\\\/\\\/boat-demo.axiomprotocol.org\\\/ro\\\/produs\\\/ram-bond-a-base-baza-adeziva-neagra-cu-ram-tough-track\\\/#primaryimage\"},\"image\":{\"@id\":\"https:\\\/\\\/boat-demo.axiomprotocol.org\\\/ro\\\/produs\\\/ram-bond-a-base-baza-adeziva-neagra-cu-ram-tough-track\\\/#primaryimage\"},\"thumbnailUrl\":\"https:\\\/\\\/boat-demo.axiomprotocol.org\\\/wp-content\\\/uploads\\\/2024\\\/04\\\/eng_pl_RAM-R-Bond-A-Base-TM-Black-Adhesive-Base-with-RAM-R-Tough-Track-TM-12654_1.jpg\",\"datePublished\":\"2024-04-26T11:08:30+00:00\",\"dateModified\":\"2024-04-26T11:25:08+00:00\",\"description\":\"Cump\u0103ra\u021bi RAM Bond-A-Base - Baza adeziva neagra \u00een Rom\u00e2nia de la Boats Expert. \u041e gam\u0103 larg\u0103 de accesorii pentru b\u0103rci cu motor cu livrare \u00een toat\u0103 Rom\u00e2nia!\",\"breadcrumb\":{\"@id\":\"https:\\\/\\\/boat-demo.axiomprotocol.org\\\/ro\\\/produs\\\/ram-bond-a-base-baza-adeziva-neagra-cu-ram-tough-track\\\/#breadcrumb\"},\"inLanguage\":\"ro-RO\",\"potentialAction\":[{\"@type\":\"ReadAction\",\"target\":[\"https:\\\/\\\/boat-demo.axiomprotocol.org\\\/ro\\\/produs\\\/ram-bond-a-base-baza-adeziva-neagra-cu-ram-tough-track\\\/\"]}]},{\"@type\":\"ImageObject\",\"inLanguage\":\"ro-RO\",\"@id\":\"https:\\\/\\\/boat-demo.axiomprotocol.org\\\/ro\\\/produs\\\/ram-bond-a-base-baza-adeziva-neagra-cu-ram-tough-track\\\/#primaryimage\",\"url\":\"https:\\\/\\\/boat-demo.axiomprotocol.org\\\/wp-content\\\/uploads\\\/2024\\\/04\\\/eng_pl_RAM-R-Bond-A-Base-TM-Black-Adhesive-Base-with-RAM-R-Tough-Track-TM-12654_1.jpg\",\"contentUrl\":\"https:\\\/\\\/boat-demo.axiomprotocol.org\\\/wp-content\\\/uploads\\\/2024\\\/04\\\/eng_pl_RAM-R-Bond-A-Base-TM-Black-Adhesive-Base-with-RAM-R-Tough-Track-TM-12654_1.jpg\",\"width\":555,\"height\":478,\"caption\":\"RAM\"},{\"@type\":\"BreadcrumbList\",\"@id\":\"https:\\\/\\\/boat-demo.axiomprotocol.org\\\/ro\\\/produs\\\/ram-bond-a-base-baza-adeziva-neagra-cu-ram-tough-track\\\/#breadcrumb\",\"itemListElement\":[{\"@type\":\"ListItem\",\"position\":1,\"name\":\"Home\",\"item\":\"https:\\\/\\\/boat-demo.axiomprotocol.org\\\/\"},{\"@type\":\"ListItem\",\"position\":2,\"name\":\"Shop Online &#8211; cel mai bun magazin pentru echipamente pentru b\u0103rci\",\"item\":\"https:\\\/\\\/boat-demo.axiomprotocol.org\\\/ro\\\/shop-ro\\\/\"},{\"@type\":\"ListItem\",\"position\":3,\"name\":\"RAM\u00ae Bond-A-Base\u2122 &#8211; Baza adeziva neagra cu RAM\u00ae Tough-Track\u2122\"}]},{\"@type\":\"WebSite\",\"@id\":\"https:\\\/\\\/boat-demo.axiomprotocol.org\\\/ro\\\/#website\",\"url\":\"https:\\\/\\\/boat-demo.axiomprotocol.org\\\/ro\\\/\",\"name\":\"BoatsExpert\",\"description\":\"Boats, Service, Equipment\",\"publisher\":{\"@id\":\"https:\\\/\\\/boat-demo.axiomprotocol.org\\\/ro\\\/#organization\"},\"potentialAction\":[{\"@type\":\"SearchAction\",\"target\":{\"@type\":\"EntryPoint\",\"urlTemplate\":\"https:\\\/\\\/boat-demo.axiomprotocol.org\\\/ro\\\/?s={search_term_string}\"},\"query-input\":{\"@type\":\"PropertyValueSpecification\",\"valueRequired\":true,\"valueName\":\"search_term_string\"}}],\"inLanguage\":\"ro-RO\"},{\"@type\":\"Organization\",\"@id\":\"https:\\\/\\\/boat-demo.axiomprotocol.org\\\/ro\\\/#organization\",\"name\":\"BoatsExpert\",\"url\":\"https:\\\/\\\/boat-demo.axiomprotocol.org\\\/ro\\\/\",\"logo\":{\"@type\":\"ImageObject\",\"inLanguage\":\"ro-RO\",\"@id\":\"https:\\\/\\\/boat-demo.axiomprotocol.org\\\/ro\\\/#\\\/schema\\\/logo\\\/image\\\/\",\"url\":\"https:\\\/\\\/boat-demo.axiomprotocol.org\\\/wp-content\\\/uploads\\\/2023\\\/05\\\/white-logo60.svg\",\"contentUrl\":\"https:\\\/\\\/boat-demo.axiomprotocol.org\\\/wp-content\\\/uploads\\\/2023\\\/05\\\/white-logo60.svg\",\"width\":90,\"height\":60,\"caption\":\"BoatsExpert\"},\"image\":{\"@id\":\"https:\\\/\\\/boat-demo.axiomprotocol.org\\\/ro\\\/#\\\/schema\\\/logo\\\/image\\\/\"}}]}<\/script>\n<!-- \/ Yoast SEO plugin. -->","yoast_head_json":{"title":"RAM\u00ae Bond-A-Base\u2122 - Baza adeziva neagra cu RAM\u00ae Tough-Track\u2122 - BoatsExpert","description":"Cump\u0103ra\u021bi RAM Bond-A-Base - Baza adeziva neagra \u00een Rom\u00e2nia de la Boats Expert. \u041e gam\u0103 larg\u0103 de accesorii pentru b\u0103rci cu motor cu livrare \u00een toat\u0103 Rom\u00e2nia!","robots":{"index":"index","follow":"follow","max-snippet":"max-snippet:-1","max-image-preview":"max-image-preview:large","max-video-preview":"max-video-preview:-1"},"canonical":"https:\/\/boat-demo.axiomprotocol.org\/ro\/produs\/ram-bond-a-base-baza-adeziva-neagra-cu-ram-tough-track\/","og_locale":"ro_RO","og_type":"article","og_title":"RAM\u00ae Bond-A-Base\u2122 - Baza adeziva neagra cu RAM\u00ae Tough-Track\u2122 - BoatsExpert","og_description":"Cump\u0103ra\u021bi RAM Bond-A-Base - Baza adeziva neagra \u00een Rom\u00e2nia de la Boats Expert. \u041e gam\u0103 larg\u0103 de accesorii pentru b\u0103rci cu motor cu livrare \u00een toat\u0103 Rom\u00e2nia!","og_url":"https:\/\/boat-demo.axiomprotocol.org\/ro\/produs\/ram-bond-a-base-baza-adeziva-neagra-cu-ram-tough-track\/","og_site_name":"BoatsExpert","article_modified_time":"2024-04-26T11:25:08+00:00","og_image":[{"width":555,"height":478,"url":"https:\/\/boat-demo.axiomprotocol.org\/wp-content\/uploads\/2024\/04\/eng_pl_RAM-R-Bond-A-Base-TM-Black-Adhesive-Base-with-RAM-R-Tough-Track-TM-12654_1.jpg","type":"image\/jpeg"}],"twitter_card":"summary_large_image","schema":{"@context":"https:\/\/schema.org","@graph":[{"@type":"WebPage","@id":"https:\/\/boat-demo.axiomprotocol.org\/ro\/produs\/ram-bond-a-base-baza-adeziva-neagra-cu-ram-tough-track\/","url":"https:\/\/boat-demo.axiomprotocol.org\/ro\/produs\/ram-bond-a-base-baza-adeziva-neagra-cu-ram-tough-track\/","name":"RAM\u00ae Bond-A-Base\u2122 - Baza adeziva neagra cu RAM\u00ae Tough-Track\u2122 - BoatsExpert","isPartOf":{"@id":"https:\/\/boat-demo.axiomprotocol.org\/ro\/#website"},"primaryImageOfPage":{"@id":"https:\/\/boat-demo.axiomprotocol.org\/ro\/produs\/ram-bond-a-base-baza-adeziva-neagra-cu-ram-tough-track\/#primaryimage"},"image":{"@id":"https:\/\/boat-demo.axiomprotocol.org\/ro\/produs\/ram-bond-a-base-baza-adeziva-neagra-cu-ram-tough-track\/#primaryimage"},"thumbnailUrl":"https:\/\/boat-demo.axiomprotocol.org\/wp-content\/uploads\/2024\/04\/eng_pl_RAM-R-Bond-A-Base-TM-Black-Adhesive-Base-with-RAM-R-Tough-Track-TM-12654_1.jpg","datePublished":"2024-04-26T11:08:30+00:00","dateModified":"2024-04-26T11:25:08+00:00","description":"Cump\u0103ra\u021bi RAM Bond-A-Base - Baza adeziva neagra \u00een Rom\u00e2nia de la Boats Expert. \u041e gam\u0103 larg\u0103 de accesorii pentru b\u0103rci cu motor cu livrare \u00een toat\u0103 Rom\u00e2nia!","breadcrumb":{"@id":"https:\/\/boat-demo.axiomprotocol.org\/ro\/produs\/ram-bond-a-base-baza-adeziva-neagra-cu-ram-tough-track\/#breadcrumb"},"inLanguage":"ro-RO","potentialAction":[{"@type":"ReadAction","target":["https:\/\/boat-demo.axiomprotocol.org\/ro\/produs\/ram-bond-a-base-baza-adeziva-neagra-cu-ram-tough-track\/"]}]},{"@type":"ImageObject","inLanguage":"ro-RO","@id":"https:\/\/boat-demo.axiomprotocol.org\/ro\/produs\/ram-bond-a-base-baza-adeziva-neagra-cu-ram-tough-track\/#primaryimage","url":"https:\/\/boat-demo.axiomprotocol.org\/wp-content\/uploads\/2024\/04\/eng_pl_RAM-R-Bond-A-Base-TM-Black-Adhesive-Base-with-RAM-R-Tough-Track-TM-12654_1.jpg","contentUrl":"https:\/\/boat-demo.axiomprotocol.org\/wp-content\/uploads\/2024\/04\/eng_pl_RAM-R-Bond-A-Base-TM-Black-Adhesive-Base-with-RAM-R-Tough-Track-TM-12654_1.jpg","width":555,"height":478,"caption":"RAM"},{"@type":"BreadcrumbList","@id":"https:\/\/boat-demo.axiomprotocol.org\/ro\/produs\/ram-bond-a-base-baza-adeziva-neagra-cu-ram-tough-track\/#breadcrumb","itemListElement":[{"@type":"ListItem","position":1,"name":"Home","item":"https:\/\/boat-demo.axiomprotocol.org\/"},{"@type":"ListItem","position":2,"name":"Shop Online &#8211; cel mai bun magazin pentru echipamente pentru b\u0103rci","item":"https:\/\/boat-demo.axiomprotocol.org\/ro\/shop-ro\/"},{"@type":"ListItem","position":3,"name":"RAM\u00ae Bond-A-Base\u2122 &#8211; Baza adeziva neagra cu RAM\u00ae Tough-Track\u2122"}]},{"@type":"WebSite","@id":"https:\/\/boat-demo.axiomprotocol.org\/ro\/#website","url":"https:\/\/boat-demo.axiomprotocol.org\/ro\/","name":"BoatsExpert","description":"Boats, Service, Equipment","publisher":{"@id":"https:\/\/boat-demo.axiomprotocol.org\/ro\/#organization"},"potentialAction":[{"@type":"SearchAction","target":{"@type":"EntryPoint","urlTemplate":"https:\/\/boat-demo.axiomprotocol.org\/ro\/?s={search_term_string}"},"query-input":{"@type":"PropertyValueSpecification","valueRequired":true,"valueName":"search_term_string"}}],"inLanguage":"ro-RO"},{"@type":"Organization","@id":"https:\/\/boat-demo.axiomprotocol.org\/ro\/#organization","name":"BoatsExpert","url":"https:\/\/boat-demo.axiomprotocol.org\/ro\/","logo":{"@type":"ImageObject","inLanguage":"ro-RO","@id":"https:\/\/boat-demo.axiomprotocol.org\/ro\/#\/schema\/logo\/image\/","url":"https:\/\/boat-demo.axiomprotocol.org\/wp-content\/uploads\/2023\/05\/white-logo60.svg","contentUrl":"https:\/\/boat-demo.axiomprotocol.org\/wp-content\/uploads\/2023\/05\/white-logo60.svg","width":90,"height":60,"caption":"BoatsExpert"},"image":{"@id":"https:\/\/boat-demo.axiomprotocol.org\/ro\/#\/schema\/logo\/image\/"}}]}},"_links":{"self":[{"href":"https:\/\/boat-demo.axiomprotocol.org\/ro\/wp-json\/wp\/v2\/product\/32722","targetHints":{"allow":["GET"]}}],"collection":[{"href":"https:\/\/boat-demo.axiomprotocol.org\/ro\/wp-json\/wp\/v2\/product"}],"about":[{"href":"https:\/\/boat-demo.axiomprotocol.org\/ro\/wp-json\/wp\/v2\/types\/product"}],"replies":[{"embeddable":true,"href":"https:\/\/boat-demo.axiomprotocol.org\/ro\/wp-json\/wp\/v2\/comments?post=32722"}],"version-history":[{"count":5,"href":"https:\/\/boat-demo.axiomprotocol.org\/ro\/wp-json\/wp\/v2\/product\/32722\/revisions"}],"predecessor-version":[{"id":32735,"href":"https:\/\/boat-demo.axiomprotocol.org\/ro\/wp-json\/wp\/v2\/product\/32722\/revisions\/32735"}],"wp:featuredmedia":[{"embeddable":true,"href":"https:\/\/boat-demo.axiomprotocol.org\/ro\/wp-json\/wp\/v2\/media\/32724"}],"wp:attachment":[{"href":"https:\/\/boat-demo.axiomprotocol.org\/ro\/wp-json\/wp\/v2\/media?parent=32722"}],"wp:term":[{"taxonomy":"product_brand","embeddable":true,"href":"https:\/\/boat-demo.axiomprotocol.org\/ro\/wp-json\/wp\/v2\/product_brand?post=32722"},{"taxonomy":"product_cat","embeddable":true,"href":"https:\/\/boat-demo.axiomprotocol.org\/ro\/wp-json\/wp\/v2\/product_cat?post=32722"},{"taxonomy":"product_tag","embeddable":true,"href":"https:\/\/boat-demo.axiomprotocol.org\/ro\/wp-json\/wp\/v2\/product_tag?post=32722"}],"curies":[{"name":"wp","href":"https:\/\/api.w.org\/{rel}","templated":true}]}}