{"id":32607,"date":"2024-04-24T17:40:39","date_gmt":"2024-04-24T14:40:40","guid":{"rendered":"https:\/\/boat-demo.axiomprotocol.org\/?post_type=product&#038;p=32607"},"modified":"2024-04-24T17:58:49","modified_gmt":"2024-04-24T14:58:49","slug":"ram-tough-track-13-modul-din-aluminiu-negru","status":"publish","type":"product","link":"https:\/\/boat-demo.axiomprotocol.org\/ro\/produs\/ram-tough-track-13-modul-din-aluminiu-negru\/","title":{"rendered":"RAM\u00ae Tough-Track\u2122 13&#8243; Modul din Aluminiu Negru"},"content":{"rendered":"\t\t<div data-elementor-type=\"wp-post\" data-elementor-id=\"32607\" class=\"elementor elementor-32607 elementor-32606\">\n\t\t\t\t\t\t<section class=\"elementor-section elementor-top-section elementor-element elementor-element-2769591c elementor-section-boxed elementor-section-height-default elementor-section-height-default\" data-id=\"2769591c\" data-element_type=\"section\" data-e-type=\"section\">\n\t\t\t\t\t\t<div class=\"elementor-container elementor-column-gap-default\">\n\t\t\t\t\t<div class=\"elementor-column elementor-col-100 elementor-top-column elementor-element elementor-element-b650852\" data-id=\"b650852\" data-element_type=\"column\" data-e-type=\"column\">\n\t\t\t<div class=\"elementor-widget-wrap elementor-element-populated\">\n\t\t\t\t\t\t<div class=\"elementor-element elementor-element-fa881aa elementor-widget elementor-widget-heading\" data-id=\"fa881aa\" data-element_type=\"widget\" data-e-type=\"widget\" data-widget_type=\"heading.default\">\n\t\t\t\t<div class=\"elementor-widget-container\">\n\t\t\t\t\t<h6 class=\"elementor-heading-title elementor-size-large\">Caracteristici<\/h6>\t\t\t\t<\/div>\n\t\t\t\t<\/div>\n\t\t\t\t\t<\/div>\n\t\t<\/div>\n\t\t\t\t\t<\/div>\n\t\t<\/section>\n\t\t\t\t<section class=\"elementor-section elementor-top-section elementor-element elementor-element-4590aae5 elementor-section-boxed elementor-section-height-default elementor-section-height-default\" data-id=\"4590aae5\" data-element_type=\"section\" data-e-type=\"section\">\n\t\t\t\t\t\t<div class=\"elementor-container elementor-column-gap-default\">\n\t\t\t\t\t<div class=\"elementor-column elementor-col-100 elementor-top-column elementor-element elementor-element-6a40fcfa\" data-id=\"6a40fcfa\" data-element_type=\"column\" data-e-type=\"column\">\n\t\t\t<div class=\"elementor-widget-wrap elementor-element-populated\">\n\t\t\t\t\t\t<div class=\"elementor-element elementor-element-18caa7 elementor-widget elementor-widget-text-editor\" data-id=\"18caa7\" data-element_type=\"widget\" data-e-type=\"widget\" data-widget_type=\"text-editor.default\">\n\t\t\t\t<div class=\"elementor-widget-container\">\n\t\t\t\t\t\t\t\t\t<ul class=\"tt-list01\"><li>13&#8243; de \u0219in\u0103 de aluminiu util\u0103 pentru montarea pe \u0219ine: lungime total\u0103 de 16&#8243;<\/li><li>RAM\u00ae Tough-Track\u2122 poate fi forat\u0103 pe orice suprafa\u021b\u0103 plan\u0103 \u0219i este conceput\u0103 pentru utilizarea cu \u0219uruburi de dimensiunea #8 pentru o instalare u\u0219oar\u0103 \u2013 elemente de montare neincluse<\/li><li>Capetele modulare de \u00eenc\u0103rcare superioar\u0103 permit extensii suplimentare ale \u0219inei \u0219i conectoare la 90 de grade<\/li><li>Compatibil\u0103 cu bazele de \u0219ine RAM\u00ae de m\u0103rime B \u0219i C pentru a ata\u0219a suporturi pentru camere de ac\u021biune, undi\u021be, suporturi pentru telefoane \u0219i tablete<\/li><li>Sprijinit de o garan\u021bie limitat\u0103<\/li><\/ul>\t\t\t\t\t\t\t\t<\/div>\n\t\t\t\t<\/div>\n\t\t\t\t\t<\/div>\n\t\t<\/div>\n\t\t\t\t\t<\/div>\n\t\t<\/section>\n\t\t\t\t<section class=\"elementor-section elementor-top-section elementor-element elementor-element-2175ac89 elementor-section-boxed elementor-section-height-default elementor-section-height-default\" data-id=\"2175ac89\" data-element_type=\"section\" data-e-type=\"section\">\n\t\t\t\t\t\t<div class=\"elementor-container elementor-column-gap-default\">\n\t\t\t\t\t<div class=\"elementor-column elementor-col-100 elementor-top-column elementor-element elementor-element-60203d26\" data-id=\"60203d26\" data-element_type=\"column\" data-e-type=\"column\">\n\t\t\t<div class=\"elementor-widget-wrap elementor-element-populated\">\n\t\t\t\t\t\t<div class=\"elementor-element elementor-element-2480a5b9 elementor-widget elementor-widget-heading\" data-id=\"2480a5b9\" data-element_type=\"widget\" data-e-type=\"widget\" data-widget_type=\"heading.default\">\n\t\t\t\t<div class=\"elementor-widget-container\">\n\t\t\t\t\t<h6 class=\"elementor-heading-title elementor-size-large\">Specifica\u021bii<\/h6>\t\t\t\t<\/div>\n\t\t\t\t<\/div>\n\t\t\t\t\t<\/div>\n\t\t<\/div>\n\t\t\t\t\t<\/div>\n\t\t<\/section>\n\t\t\t\t<section class=\"elementor-section elementor-top-section elementor-element elementor-element-77c87d65 elementor-section-boxed elementor-section-height-default elementor-section-height-default\" data-id=\"77c87d65\" data-element_type=\"section\" data-e-type=\"section\">\n\t\t\t\t\t\t<div class=\"elementor-container elementor-column-gap-default\">\n\t\t\t\t\t<div class=\"elementor-column elementor-col-100 elementor-top-column elementor-element elementor-element-303c5458\" data-id=\"303c5458\" data-element_type=\"column\" data-e-type=\"column\">\n\t\t\t<div class=\"elementor-widget-wrap elementor-element-populated\">\n\t\t\t\t\t\t<div class=\"elementor-element elementor-element-64872eaf elementor-widget elementor-widget-text-editor\" data-id=\"64872eaf\" data-element_type=\"widget\" data-e-type=\"widget\" data-widget_type=\"text-editor.default\">\n\t\t\t\t<div class=\"elementor-widget-container\">\n\t\t\t\t\t\t\t\t\t<table style=\"width: 100%\"><tbody><tr><td><strong>GREUTATEA PRODUSULUI<\/strong><\/td><td><div class=\"dictionary__value\"><div class=\"dictionary__value\"><div class=\"dictionary__value\"><div class=\"dictionary__value\"><div class=\"dictionary__value\"><div class=\"dictionary__param\"><div class=\"dictionary__values\"><div class=\"dictionary__value\"><div class=\"dictionary__value\"><div class=\"dictionary__value\"><span class=\"dictionary__value_txt\">163 g<\/span><\/div><div class=\"dictionary__value\"><span class=\"dictionary__value_txt\">322 g<\/span><\/div><\/div><\/div><\/div><\/div><\/div><\/div><\/div><\/div><\/div><\/td><\/tr><tr><td><strong>DIMENSIUNI PRODUS<\/strong><\/td><td><div class=\"dictionary__param\"><div class=\"dictionary__values\"><div class=\"dictionary__value\"><div class=\"dictionary__param\"><div class=\"dictionary__values\"><div class=\"dictionary__value\">Overall Length: 16&#8243;<br \/>Overall Width: .9&#8243;<br \/>Track Thickness: .43&#8243;<br \/>Inside Track Length: 13&#8243;<\/div><\/div><\/div><\/div><\/div><\/div><\/td><\/tr><tr><td><strong>MATERIALE<\/strong><\/td><td><div class=\"dictionary__param\"><div class=\"dictionary__values\"><div class=\"dictionary__value\">Marine-grade aluminum<br \/>High strength composite<\/div><\/div><\/div><\/td><\/tr><tr><td><strong>TIP AMBALAJ<\/strong><\/td><td><div class=\"dictionary__param\"><div class=\"dictionary__values\"><div class=\"dictionary__value\"><span class=\"dictionary__value_txt\">Poly Bag<\/span><\/div><\/div><\/div><\/td><\/tr><tr><td><strong>TIP MONTARE<\/strong><\/td><td><div class=\"dictionary__param\"><div class=\"dictionary__values\"><div class=\"dictionary__value\">Drill Down<\/div><\/div><\/div><\/td><\/tr><tr><td><strong>TIP VEHICUL<\/strong><\/td><td><div class=\"dictionary__param\"><div class=\"dictionary__values\"><div class=\"dictionary__value\"><div class=\"dictionary__value\"><span class=\"dictionary__value_txt\">Power Boat<\/span><\/div><div class=\"dictionary__value\"><span class=\"dictionary__value_txt\">Kayak<\/span><\/div><\/div><\/div><\/div><\/td><\/tr><\/tbody><\/table>\t\t\t\t\t\t\t\t<\/div>\n\t\t\t\t<\/div>\n\t\t\t\t\t<\/div>\n\t\t<\/div>\n\t\t\t\t\t<\/div>\n\t\t<\/section>\n\t\t\t\t<\/div>\n\t\t","protected":false},"excerpt":{"rendered":"<p>&nbsp;<\/p>\n<div class=\"flex-1 overflow-hidden\">\n<div class=\"react-scroll-to-bottom--css-tiigi-79elbk h-full\">\n<div class=\"react-scroll-to-bottom--css-tiigi-1n7m0yu\">\n<div class=\"flex flex-col text-sm pb-9\">\n<div class=\"w-full text-token-text-primary\" dir=\"auto\" data-testid=\"conversation-turn-49\">\n<div class=\"px-4 py-2 justify-center text-base md:gap-6 m-auto\">\n<div class=\"flex flex-1 text-base mx-auto gap-3 juice:gap-4 juice:md:gap-6 md:px-5 lg:px-1 xl:px-5 md:max-w-3xl lg:max-w-[40rem] xl:max-w-[48rem]\">\n<div class=\"relative flex w-full flex-col agent-turn\">\n<div class=\"flex-col gap-1 md:gap-3\">\n<div class=\"flex flex-grow flex-col max-w-full\">\n<div class=\"min-h-[20px] text-message flex flex-col items-start gap-3 whitespace-pre-wrap break-words [.text-message+&amp;]:mt-5 overflow-x-auto\" dir=\"auto\" data-message-author-role=\"assistant\" data-message-id=\"2df760b7-6953-4508-9d83-6d1e7aab8417\">\n<div class=\"markdown prose w-full break-words dark:prose-invert light\">\n<div class=\"flex-1 overflow-hidden\">\n<div class=\"react-scroll-to-bottom--css-tiigi-79elbk h-full\">\n<div class=\"react-scroll-to-bottom--css-tiigi-1n7m0yu\">\n<div class=\"flex flex-col text-sm pb-9\">\n<div class=\"w-full text-token-text-primary\" dir=\"auto\" data-testid=\"conversation-turn-61\">\n<div class=\"px-4 py-2 justify-center text-base md:gap-6 m-auto\">\n<div class=\"flex flex-1 text-base mx-auto gap-3 juice:gap-4 juice:md:gap-6 md:px-5 lg:px-1 xl:px-5 md:max-w-3xl lg:max-w-[40rem] xl:max-w-[48rem]\">\n<div class=\"relative flex w-full flex-col agent-turn\">\n<div class=\"flex-col gap-1 md:gap-3\">\n<div class=\"flex flex-grow flex-col max-w-full\">\n<div class=\"min-h-[20px] text-message flex flex-col items-start gap-3 whitespace-pre-wrap break-words [.text-message+&amp;]:mt-5 overflow-x-auto\" dir=\"auto\" data-message-author-role=\"assistant\" data-message-id=\"e1851c2e-6d30-439c-b21f-3affb0bc4c15\">\n<div class=\"markdown prose w-full break-words dark:prose-invert light\">\n<div class=\"flex-1 overflow-hidden\">\n<div class=\"react-scroll-to-bottom--css-tiigi-79elbk h-full\">\n<div class=\"react-scroll-to-bottom--css-tiigi-1n7m0yu\">\n<div class=\"flex flex-col text-sm pb-9\">\n<div class=\"w-full text-token-text-primary\" dir=\"auto\" data-testid=\"conversation-turn-65\">\n<div class=\"px-4 py-2 justify-center text-base md:gap-6 m-auto\">\n<div class=\"flex flex-1 text-base mx-auto gap-3 juice:gap-4 juice:md:gap-6 md:px-5 lg:px-1 xl:px-5 md:max-w-3xl lg:max-w-[40rem] xl:max-w-[48rem]\">\n<div class=\"relative flex w-full flex-col agent-turn\">\n<div class=\"flex-col gap-1 md:gap-3\">\n<div class=\"flex flex-grow flex-col max-w-full\">\n<div class=\"min-h-[20px] text-message flex flex-col items-start gap-3 whitespace-pre-wrap break-words [.text-message+&amp;]:mt-5 overflow-x-auto\" dir=\"auto\" data-message-author-role=\"assistant\" data-message-id=\"8a6b6c7b-3079-496f-9e49-9ed90f718e3d\">\n<div class=\"markdown prose w-full break-words dark:prose-invert light\">\n<div class=\"w-full text-token-text-primary\" dir=\"auto\" data-testid=\"conversation-turn-75\">\n<div class=\"px-4 py-2 justify-center text-base md:gap-6 m-auto\">\n<div class=\"flex flex-1 text-base mx-auto gap-3 juice:gap-4 juice:md:gap-6 md:px-5 lg:px-1 xl:px-5 md:max-w-3xl lg:max-w-[40rem] xl:max-w-[48rem]\">\n<div class=\"relative flex w-full min-w-0 flex-col agent-turn\">\n<div class=\"flex-col gap-1 md:gap-3\">\n<div class=\"flex flex-grow flex-col max-w-full\">\n<div class=\"min-h-[20px] text-message flex flex-col items-start gap-3 whitespace-pre-wrap break-words [.text-message+&amp;]:mt-5 overflow-x-auto\" dir=\"auto\" data-message-author-role=\"assistant\" data-message-id=\"6b15ca20-3e5a-46e6-b018-0337a8c38298\">\n<div class=\"markdown prose w-full break-words dark:prose-invert light\">\n<p>Cu RAM Tough-Track, posibilit\u0103\u021bile de montare pe suprafe\u021be plane sunt aproape nelimitate pentru ATV-uri, ma\u0219ini, combine, ambarca\u021biuni cu motor, tractoare, camioane \u0219i multe altele. Versiunea de aluminiu anodizat negru a RAM Tough-Track poate fi forat\u0103 pe orice suprafa\u021b\u0103 plan\u0103 \u0219i este conceput\u0103 pentru utilizarea cu \u0219uruburi de dimensiunea #8 pentru o instalare u\u0219oar\u0103 (elemente de montare neincluse). Creat pentru a fi o solu\u021bie de montare fiabil\u0103 \u0219i robust\u0103, aluminiul anodizat ofer\u0103 o alunecare lin\u0103 pe \u0219in\u0103 \u0219i protec\u021bie \u00eempotriva coroziunii. RAM-TRACK-EXA-13BU ofer\u0103 o lungime util\u0103 a \u0219inei de 13&#8243; (por\u021biunea de aluminiu), \u00een timp ce capetele de \u00eenc\u0103rcare superioar\u0103 incluse adaug\u0103 aproximativ 1,5&#8243; la fiecare cap\u0103t (3&#8243; lungime suplimentar\u0103). Utilizarea capetelor de \u00eenc\u0103rcare permite dou\u0103 op\u021biuni de instalare: fie utiliza\u021bi ambele capete de \u00eenc\u0103rcare superioar\u0103 pentru a crea puncte de inser\u021bie la ambele capete ale \u0219inei, fie utiliza\u021bi un cap\u0103t de \u00eenc\u0103rcare superioar\u0103 \u0219i \u00eenchide\u021bi cap\u0103tul opus cu cap\u0103tul de \u00eenc\u0103rcare neted inclus. RAM Tough-Track este compatibil\u0103 cu \u00eenc\u0103rc\u0103torul central RAM \u0219i conectorul la 90 de grade, precum \u0219i cu o gam\u0103 larg\u0103 de baze de \u0219ine RAM pentru a ata\u0219a dispozitive precum camerele de ac\u021biune, undi\u021be, telefoane \u0219i tablete.<\/p>\n<\/div>\n<\/div>\n<\/div>\n<\/div>\n<\/div>\n<\/div>\n<\/div>\n<\/div>\n<\/div>\n<\/div>\n<\/div>\n<\/div>\n<\/div>\n<\/div>\n<\/div>\n<\/div>\n<\/div>\n<\/div>\n<\/div>\n<\/div>\n<\/div>\n<\/div>\n<\/div>\n<\/div>\n<\/div>\n<\/div>\n<\/div>\n<\/div>\n<\/div>\n<\/div>\n<\/div>\n<\/div>\n<\/div>\n<\/div>\n<\/div>\n<\/div>\n<\/div>\n<\/div>\n<\/div>\n<\/div>\n<\/div>\n<\/div>\n<\/div>\n<\/div>\n","protected":false},"featured_media":32613,"comment_status":"open","ping_status":"closed","template":"","meta":{"_acf_changed":false,"inline_featured_image":false},"product_brand":[],"product_cat":[343,340],"product_tag":[],"class_list":{"0":"post-32607","1":"product","2":"type-product","3":"status-publish","4":"has-post-thumbnail","6":"product_cat-ram-mounts_ro","7":"product_cat-sisteme-de-prindere-ro","8":"tt-post","10":"first","11":"instock","12":"shipping-taxable","13":"purchasable","14":"product-type-simple"},"acf":[],"yoast_head":"<!-- This site is optimized with the Yoast SEO plugin v27.4 - https:\/\/yoast.com\/product\/yoast-seo-wordpress\/ -->\n<title>RAM\u00ae Tough-Track\u2122 13&quot; Modul din Aluminiu Negru - BoatsExpert<\/title>\n<meta name=\"description\" content=\"Cump\u0103ra\u021bi RAM Tough-Track 13&quot; Modul din Aluminiu Negru \u00een Rom\u00e2nia de la Boats Expert. \u041e gam\u0103 larg\u0103 de accesorii pentru b\u0103rci cu motor cu livrare \u00een toat\u0103 Rom\u00e2nia!\" \/>\n<meta name=\"robots\" content=\"index, follow, max-snippet:-1, max-image-preview:large, max-video-preview:-1\" \/>\n<link rel=\"canonical\" href=\"https:\/\/boat-demo.axiomprotocol.org\/ro\/produs\/ram-tough-track-13-modul-din-aluminiu-negru\/\" \/>\n<meta property=\"og:locale\" content=\"ro_RO\" \/>\n<meta property=\"og:type\" content=\"article\" \/>\n<meta property=\"og:title\" content=\"RAM\u00ae Tough-Track\u2122 13&quot; Modul din Aluminiu Negru - BoatsExpert\" \/>\n<meta property=\"og:description\" content=\"Cump\u0103ra\u021bi RAM Tough-Track 13&quot; Modul din Aluminiu Negru \u00een Rom\u00e2nia de la Boats Expert. \u041e gam\u0103 larg\u0103 de accesorii pentru b\u0103rci cu motor cu livrare \u00een toat\u0103 Rom\u00e2nia!\" \/>\n<meta property=\"og:url\" content=\"https:\/\/boat-demo.axiomprotocol.org\/ro\/produs\/ram-tough-track-13-modul-din-aluminiu-negru\/\" \/>\n<meta property=\"og:site_name\" content=\"BoatsExpert\" \/>\n<meta property=\"article:modified_time\" content=\"2024-04-24T14:58:49+00:00\" \/>\n<meta property=\"og:image\" content=\"https:\/\/boat-demo.axiomprotocol.org\/wp-content\/uploads\/2024\/04\/eng_pl_13-Modular-Aluminum-Black-RAM-R-Tough-Track-TM-11942_1.jpg\" \/>\n\t<meta property=\"og:image:width\" content=\"555\" \/>\n\t<meta property=\"og:image:height\" content=\"478\" \/>\n\t<meta property=\"og:image:type\" content=\"image\/jpeg\" \/>\n<meta name=\"twitter:card\" content=\"summary_large_image\" \/>\n<script type=\"application\/ld+json\" class=\"yoast-schema-graph\">{\"@context\":\"https:\\\/\\\/schema.org\",\"@graph\":[{\"@type\":\"WebPage\",\"@id\":\"https:\\\/\\\/boat-demo.axiomprotocol.org\\\/ro\\\/produs\\\/ram-tough-track-13-modul-din-aluminiu-negru\\\/\",\"url\":\"https:\\\/\\\/boat-demo.axiomprotocol.org\\\/ro\\\/produs\\\/ram-tough-track-13-modul-din-aluminiu-negru\\\/\",\"name\":\"RAM\u00ae Tough-Track\u2122 13\\\" Modul din Aluminiu Negru - BoatsExpert\",\"isPartOf\":{\"@id\":\"https:\\\/\\\/boat-demo.axiomprotocol.org\\\/ro\\\/#website\"},\"primaryImageOfPage\":{\"@id\":\"https:\\\/\\\/boat-demo.axiomprotocol.org\\\/ro\\\/produs\\\/ram-tough-track-13-modul-din-aluminiu-negru\\\/#primaryimage\"},\"image\":{\"@id\":\"https:\\\/\\\/boat-demo.axiomprotocol.org\\\/ro\\\/produs\\\/ram-tough-track-13-modul-din-aluminiu-negru\\\/#primaryimage\"},\"thumbnailUrl\":\"https:\\\/\\\/boat-demo.axiomprotocol.org\\\/wp-content\\\/uploads\\\/2024\\\/04\\\/eng_pl_13-Modular-Aluminum-Black-RAM-R-Tough-Track-TM-11942_1.jpg\",\"datePublished\":\"2024-04-24T14:40:40+00:00\",\"dateModified\":\"2024-04-24T14:58:49+00:00\",\"description\":\"Cump\u0103ra\u021bi RAM Tough-Track 13\\\" Modul din Aluminiu Negru \u00een Rom\u00e2nia de la Boats Expert. \u041e gam\u0103 larg\u0103 de accesorii pentru b\u0103rci cu motor cu livrare \u00een toat\u0103 Rom\u00e2nia!\",\"breadcrumb\":{\"@id\":\"https:\\\/\\\/boat-demo.axiomprotocol.org\\\/ro\\\/produs\\\/ram-tough-track-13-modul-din-aluminiu-negru\\\/#breadcrumb\"},\"inLanguage\":\"ro-RO\",\"potentialAction\":[{\"@type\":\"ReadAction\",\"target\":[\"https:\\\/\\\/boat-demo.axiomprotocol.org\\\/ro\\\/produs\\\/ram-tough-track-13-modul-din-aluminiu-negru\\\/\"]}]},{\"@type\":\"ImageObject\",\"inLanguage\":\"ro-RO\",\"@id\":\"https:\\\/\\\/boat-demo.axiomprotocol.org\\\/ro\\\/produs\\\/ram-tough-track-13-modul-din-aluminiu-negru\\\/#primaryimage\",\"url\":\"https:\\\/\\\/boat-demo.axiomprotocol.org\\\/wp-content\\\/uploads\\\/2024\\\/04\\\/eng_pl_13-Modular-Aluminum-Black-RAM-R-Tough-Track-TM-11942_1.jpg\",\"contentUrl\":\"https:\\\/\\\/boat-demo.axiomprotocol.org\\\/wp-content\\\/uploads\\\/2024\\\/04\\\/eng_pl_13-Modular-Aluminum-Black-RAM-R-Tough-Track-TM-11942_1.jpg\",\"width\":555,\"height\":478,\"caption\":\"RAM\"},{\"@type\":\"BreadcrumbList\",\"@id\":\"https:\\\/\\\/boat-demo.axiomprotocol.org\\\/ro\\\/produs\\\/ram-tough-track-13-modul-din-aluminiu-negru\\\/#breadcrumb\",\"itemListElement\":[{\"@type\":\"ListItem\",\"position\":1,\"name\":\"Home\",\"item\":\"https:\\\/\\\/boat-demo.axiomprotocol.org\\\/\"},{\"@type\":\"ListItem\",\"position\":2,\"name\":\"Shop Online &#8211; cel mai bun magazin pentru echipamente pentru b\u0103rci\",\"item\":\"https:\\\/\\\/boat-demo.axiomprotocol.org\\\/ro\\\/shop-ro\\\/\"},{\"@type\":\"ListItem\",\"position\":3,\"name\":\"RAM\u00ae Tough-Track\u2122 13&#8243; Modul din Aluminiu Negru\"}]},{\"@type\":\"WebSite\",\"@id\":\"https:\\\/\\\/boat-demo.axiomprotocol.org\\\/ro\\\/#website\",\"url\":\"https:\\\/\\\/boat-demo.axiomprotocol.org\\\/ro\\\/\",\"name\":\"BoatsExpert\",\"description\":\"Boats, Service, Equipment\",\"publisher\":{\"@id\":\"https:\\\/\\\/boat-demo.axiomprotocol.org\\\/ro\\\/#organization\"},\"potentialAction\":[{\"@type\":\"SearchAction\",\"target\":{\"@type\":\"EntryPoint\",\"urlTemplate\":\"https:\\\/\\\/boat-demo.axiomprotocol.org\\\/ro\\\/?s={search_term_string}\"},\"query-input\":{\"@type\":\"PropertyValueSpecification\",\"valueRequired\":true,\"valueName\":\"search_term_string\"}}],\"inLanguage\":\"ro-RO\"},{\"@type\":\"Organization\",\"@id\":\"https:\\\/\\\/boat-demo.axiomprotocol.org\\\/ro\\\/#organization\",\"name\":\"BoatsExpert\",\"url\":\"https:\\\/\\\/boat-demo.axiomprotocol.org\\\/ro\\\/\",\"logo\":{\"@type\":\"ImageObject\",\"inLanguage\":\"ro-RO\",\"@id\":\"https:\\\/\\\/boat-demo.axiomprotocol.org\\\/ro\\\/#\\\/schema\\\/logo\\\/image\\\/\",\"url\":\"https:\\\/\\\/boat-demo.axiomprotocol.org\\\/wp-content\\\/uploads\\\/2023\\\/05\\\/white-logo60.svg\",\"contentUrl\":\"https:\\\/\\\/boat-demo.axiomprotocol.org\\\/wp-content\\\/uploads\\\/2023\\\/05\\\/white-logo60.svg\",\"width\":90,\"height\":60,\"caption\":\"BoatsExpert\"},\"image\":{\"@id\":\"https:\\\/\\\/boat-demo.axiomprotocol.org\\\/ro\\\/#\\\/schema\\\/logo\\\/image\\\/\"}}]}<\/script>\n<!-- \/ Yoast SEO plugin. -->","yoast_head_json":{"title":"RAM\u00ae Tough-Track\u2122 13\" Modul din Aluminiu Negru - BoatsExpert","description":"Cump\u0103ra\u021bi RAM Tough-Track 13\" Modul din Aluminiu Negru \u00een Rom\u00e2nia de la Boats Expert. \u041e gam\u0103 larg\u0103 de accesorii pentru b\u0103rci cu motor cu livrare \u00een toat\u0103 Rom\u00e2nia!","robots":{"index":"index","follow":"follow","max-snippet":"max-snippet:-1","max-image-preview":"max-image-preview:large","max-video-preview":"max-video-preview:-1"},"canonical":"https:\/\/boat-demo.axiomprotocol.org\/ro\/produs\/ram-tough-track-13-modul-din-aluminiu-negru\/","og_locale":"ro_RO","og_type":"article","og_title":"RAM\u00ae Tough-Track\u2122 13\" Modul din Aluminiu Negru - BoatsExpert","og_description":"Cump\u0103ra\u021bi RAM Tough-Track 13\" Modul din Aluminiu Negru \u00een Rom\u00e2nia de la Boats Expert. \u041e gam\u0103 larg\u0103 de accesorii pentru b\u0103rci cu motor cu livrare \u00een toat\u0103 Rom\u00e2nia!","og_url":"https:\/\/boat-demo.axiomprotocol.org\/ro\/produs\/ram-tough-track-13-modul-din-aluminiu-negru\/","og_site_name":"BoatsExpert","article_modified_time":"2024-04-24T14:58:49+00:00","og_image":[{"width":555,"height":478,"url":"https:\/\/boat-demo.axiomprotocol.org\/wp-content\/uploads\/2024\/04\/eng_pl_13-Modular-Aluminum-Black-RAM-R-Tough-Track-TM-11942_1.jpg","type":"image\/jpeg"}],"twitter_card":"summary_large_image","schema":{"@context":"https:\/\/schema.org","@graph":[{"@type":"WebPage","@id":"https:\/\/boat-demo.axiomprotocol.org\/ro\/produs\/ram-tough-track-13-modul-din-aluminiu-negru\/","url":"https:\/\/boat-demo.axiomprotocol.org\/ro\/produs\/ram-tough-track-13-modul-din-aluminiu-negru\/","name":"RAM\u00ae Tough-Track\u2122 13\" Modul din Aluminiu Negru - BoatsExpert","isPartOf":{"@id":"https:\/\/boat-demo.axiomprotocol.org\/ro\/#website"},"primaryImageOfPage":{"@id":"https:\/\/boat-demo.axiomprotocol.org\/ro\/produs\/ram-tough-track-13-modul-din-aluminiu-negru\/#primaryimage"},"image":{"@id":"https:\/\/boat-demo.axiomprotocol.org\/ro\/produs\/ram-tough-track-13-modul-din-aluminiu-negru\/#primaryimage"},"thumbnailUrl":"https:\/\/boat-demo.axiomprotocol.org\/wp-content\/uploads\/2024\/04\/eng_pl_13-Modular-Aluminum-Black-RAM-R-Tough-Track-TM-11942_1.jpg","datePublished":"2024-04-24T14:40:40+00:00","dateModified":"2024-04-24T14:58:49+00:00","description":"Cump\u0103ra\u021bi RAM Tough-Track 13\" Modul din Aluminiu Negru \u00een Rom\u00e2nia de la Boats Expert. \u041e gam\u0103 larg\u0103 de accesorii pentru b\u0103rci cu motor cu livrare \u00een toat\u0103 Rom\u00e2nia!","breadcrumb":{"@id":"https:\/\/boat-demo.axiomprotocol.org\/ro\/produs\/ram-tough-track-13-modul-din-aluminiu-negru\/#breadcrumb"},"inLanguage":"ro-RO","potentialAction":[{"@type":"ReadAction","target":["https:\/\/boat-demo.axiomprotocol.org\/ro\/produs\/ram-tough-track-13-modul-din-aluminiu-negru\/"]}]},{"@type":"ImageObject","inLanguage":"ro-RO","@id":"https:\/\/boat-demo.axiomprotocol.org\/ro\/produs\/ram-tough-track-13-modul-din-aluminiu-negru\/#primaryimage","url":"https:\/\/boat-demo.axiomprotocol.org\/wp-content\/uploads\/2024\/04\/eng_pl_13-Modular-Aluminum-Black-RAM-R-Tough-Track-TM-11942_1.jpg","contentUrl":"https:\/\/boat-demo.axiomprotocol.org\/wp-content\/uploads\/2024\/04\/eng_pl_13-Modular-Aluminum-Black-RAM-R-Tough-Track-TM-11942_1.jpg","width":555,"height":478,"caption":"RAM"},{"@type":"BreadcrumbList","@id":"https:\/\/boat-demo.axiomprotocol.org\/ro\/produs\/ram-tough-track-13-modul-din-aluminiu-negru\/#breadcrumb","itemListElement":[{"@type":"ListItem","position":1,"name":"Home","item":"https:\/\/boat-demo.axiomprotocol.org\/"},{"@type":"ListItem","position":2,"name":"Shop Online &#8211; cel mai bun magazin pentru echipamente pentru b\u0103rci","item":"https:\/\/boat-demo.axiomprotocol.org\/ro\/shop-ro\/"},{"@type":"ListItem","position":3,"name":"RAM\u00ae Tough-Track\u2122 13&#8243; Modul din Aluminiu Negru"}]},{"@type":"WebSite","@id":"https:\/\/boat-demo.axiomprotocol.org\/ro\/#website","url":"https:\/\/boat-demo.axiomprotocol.org\/ro\/","name":"BoatsExpert","description":"Boats, Service, Equipment","publisher":{"@id":"https:\/\/boat-demo.axiomprotocol.org\/ro\/#organization"},"potentialAction":[{"@type":"SearchAction","target":{"@type":"EntryPoint","urlTemplate":"https:\/\/boat-demo.axiomprotocol.org\/ro\/?s={search_term_string}"},"query-input":{"@type":"PropertyValueSpecification","valueRequired":true,"valueName":"search_term_string"}}],"inLanguage":"ro-RO"},{"@type":"Organization","@id":"https:\/\/boat-demo.axiomprotocol.org\/ro\/#organization","name":"BoatsExpert","url":"https:\/\/boat-demo.axiomprotocol.org\/ro\/","logo":{"@type":"ImageObject","inLanguage":"ro-RO","@id":"https:\/\/boat-demo.axiomprotocol.org\/ro\/#\/schema\/logo\/image\/","url":"https:\/\/boat-demo.axiomprotocol.org\/wp-content\/uploads\/2023\/05\/white-logo60.svg","contentUrl":"https:\/\/boat-demo.axiomprotocol.org\/wp-content\/uploads\/2023\/05\/white-logo60.svg","width":90,"height":60,"caption":"BoatsExpert"},"image":{"@id":"https:\/\/boat-demo.axiomprotocol.org\/ro\/#\/schema\/logo\/image\/"}}]}},"_links":{"self":[{"href":"https:\/\/boat-demo.axiomprotocol.org\/ro\/wp-json\/wp\/v2\/product\/32607","targetHints":{"allow":["GET"]}}],"collection":[{"href":"https:\/\/boat-demo.axiomprotocol.org\/ro\/wp-json\/wp\/v2\/product"}],"about":[{"href":"https:\/\/boat-demo.axiomprotocol.org\/ro\/wp-json\/wp\/v2\/types\/product"}],"replies":[{"embeddable":true,"href":"https:\/\/boat-demo.axiomprotocol.org\/ro\/wp-json\/wp\/v2\/comments?post=32607"}],"version-history":[{"count":14,"href":"https:\/\/boat-demo.axiomprotocol.org\/ro\/wp-json\/wp\/v2\/product\/32607\/revisions"}],"predecessor-version":[{"id":32634,"href":"https:\/\/boat-demo.axiomprotocol.org\/ro\/wp-json\/wp\/v2\/product\/32607\/revisions\/32634"}],"wp:featuredmedia":[{"embeddable":true,"href":"https:\/\/boat-demo.axiomprotocol.org\/ro\/wp-json\/wp\/v2\/media\/32613"}],"wp:attachment":[{"href":"https:\/\/boat-demo.axiomprotocol.org\/ro\/wp-json\/wp\/v2\/media?parent=32607"}],"wp:term":[{"taxonomy":"product_brand","embeddable":true,"href":"https:\/\/boat-demo.axiomprotocol.org\/ro\/wp-json\/wp\/v2\/product_brand?post=32607"},{"taxonomy":"product_cat","embeddable":true,"href":"https:\/\/boat-demo.axiomprotocol.org\/ro\/wp-json\/wp\/v2\/product_cat?post=32607"},{"taxonomy":"product_tag","embeddable":true,"href":"https:\/\/boat-demo.axiomprotocol.org\/ro\/wp-json\/wp\/v2\/product_tag?post=32607"}],"curies":[{"name":"wp","href":"https:\/\/api.w.org\/{rel}","templated":true}]}}