{"id":32435,"date":"2024-04-22T19:16:09","date_gmt":"2024-04-22T16:16:10","guid":{"rendered":"https:\/\/boat-demo.axiomprotocol.org\/?post_type=product&#038;p=32435"},"modified":"2024-04-24T10:03:18","modified_gmt":"2024-04-24T07:03:18","slug":"sonar-garmin-gpsmap-1223xsv-12%e2%80%b3-livescope-plus-system-cu-lvs34-si-gls10","status":"publish","type":"product","link":"https:\/\/boat-demo.axiomprotocol.org\/ro\/produs\/sonar-garmin-gpsmap-1223xsv-12%e2%80%b3-livescope-plus-system-cu-lvs34-si-gls10\/","title":{"rendered":"Kit Sonar GARMIN GPSMAP 1223xsv, 12\u2033 &amp; LiveScope Plus System cu LVS34 si GLS10"},"content":{"rendered":"\t\t<div data-elementor-type=\"wp-post\" data-elementor-id=\"32435\" class=\"elementor elementor-32435 elementor-32434\">\n\t\t\t\t\t\t<section class=\"elementor-section elementor-top-section elementor-element elementor-element-30891e7c elementor-section-full_width elementor-section-height-default elementor-section-height-default\" data-id=\"30891e7c\" data-element_type=\"section\" data-e-type=\"section\">\n\t\t\t\t\t\t<div class=\"elementor-container elementor-column-gap-default\">\n\t\t\t\t\t<div class=\"elementor-column elementor-col-100 elementor-top-column elementor-element elementor-element-7429c668\" data-id=\"7429c668\" data-element_type=\"column\" data-e-type=\"column\">\n\t\t\t<div class=\"elementor-widget-wrap elementor-element-populated\">\n\t\t\t\t\t\t<div class=\"elementor-element elementor-element-192b099a elementor-widget elementor-widget-CarleaderHeading\" data-id=\"192b099a\" data-element_type=\"widget\" data-e-type=\"widget\" data-widget_type=\"CarleaderHeading.default\">\n\t\t\t\t<div class=\"elementor-widget-container\">\n\t\t\t\t\t\t  \r\n\t\t\t\t   <div class=\"tt-block-title  \t\">\r\n\t\t\t\t\t<h3 class=\"tt-title\">\r\n\t\t\tEleva\u021bi maestria maritim\u0103 cu Duo-ul GARMIN de Precizie \u0219i Conectivitate\t<\/h3>\r\n\t\t\t\t\t\t\t<\/div>\r\n\t\t\t\t\t\t<\/div>\n\t\t\t\t<\/div>\n\t\t\t\t\t<\/div>\n\t\t<\/div>\n\t\t\t\t\t<\/div>\n\t\t<\/section>\n\t\t\t\t<section class=\"elementor-section elementor-top-section elementor-element elementor-element-a656d8d elementor-section-boxed elementor-section-height-default elementor-section-height-default\" data-id=\"a656d8d\" data-element_type=\"section\" data-e-type=\"section\">\n\t\t\t\t\t\t<div class=\"elementor-container elementor-column-gap-default\">\n\t\t\t\t\t<div class=\"elementor-column elementor-col-50 elementor-top-column elementor-element elementor-element-7bc082f\" data-id=\"7bc082f\" data-element_type=\"column\" data-e-type=\"column\">\n\t\t\t<div class=\"elementor-widget-wrap elementor-element-populated\">\n\t\t\t\t\t\t<div class=\"elementor-element elementor-element-eae1e06 elementor-position-top elementor-widget elementor-widget-image-box\" data-id=\"eae1e06\" data-element_type=\"widget\" data-e-type=\"widget\" data-widget_type=\"image-box.default\">\n\t\t\t\t<div class=\"elementor-widget-container\">\n\t\t\t\t\t<div class=\"elementor-image-box-wrapper\"><figure class=\"elementor-image-box-img\"><a href=\"https:\/\/boat-demo.axiomprotocol.org\/ro\/produs\/garmin-livescope-plus-system\/\" target=\"_blank\" tabindex=\"-1\"><img decoding=\"async\" src=\"https:\/\/boat-demo.axiomprotocol.org\/wp-content\/uploads\/2024\/04\/LVS34-1-300x258.jpg\" title=\"LVS34.jpg\" alt=\"LVS34.jpg\" loading=\"lazy\" \/><\/a><\/figure><div class=\"elementor-image-box-content\"><h5 class=\"elementor-image-box-title\"><a href=\"https:\/\/boat-demo.axiomprotocol.org\/ro\/produs\/garmin-livescope-plus-system\/\" target=\"_blank\">GARMIN LiveScope Plus cu GLS 10\u2122 \u0219i Transductor LVS34<\/a><\/h5><p class=\"elementor-image-box-description\">Sistemul LiveScope Plus stabile\u0219te un nou standard \u00een tehnologia LiveScope, oferind rezolu\u021bie \u00eembun\u0103t\u0103\u021bit\u0103, zgomot redus \u0219i separare \u00eembun\u0103t\u0103\u021bit\u0103 a \u021bintelor pentru imagini subacvatice impecabile.<\/p><\/div><\/div>\t\t\t\t<\/div>\n\t\t\t\t<\/div>\n\t\t\t\t\t<\/div>\n\t\t<\/div>\n\t\t\t\t<div class=\"elementor-column elementor-col-50 elementor-top-column elementor-element elementor-element-57e9ba5f\" data-id=\"57e9ba5f\" data-element_type=\"column\" data-e-type=\"column\">\n\t\t\t<div class=\"elementor-widget-wrap elementor-element-populated\">\n\t\t\t\t\t\t<div class=\"elementor-element elementor-element-54d584c5 elementor-widget elementor-widget-text-editor\" data-id=\"54d584c5\" data-element_type=\"widget\" data-e-type=\"widget\" data-widget_type=\"text-editor.default\">\n\t\t\t\t<div class=\"elementor-widget-container\">\n\t\t\t\t\t\t\t\t\t<ul class=\"tt-list01\"><li><strong>Claritate Impecabil\u0103:<\/strong>Vede\u021bi detalii subacvatice cu claritate f\u0103r\u0103 egal, datorit\u0103 clarit\u0103\u021bii \u00eembun\u0103t\u0103\u021bite a ecranului, sensibilit\u0103\u021bii transductorului \u0219i separ\u0103rii \u021bintelor.<\/li><li><strong>Scanare Mai Acut\u0103:<\/strong> Explora\u021bi \u00eemprejurimile cu imagini mai clare, zgomot redus \u0219i artefacte minime ale sonarului, \u00eembun\u0103t\u0103\u021bind explorarea subacvatic\u0103.<\/li><li><strong>Actualizare F\u0103r\u0103 Efort:<\/strong> Actualiza\u021bi Sistemul LiveScope cu u\u0219urin\u021b\u0103 \u00eenlocuind doar transductorul, asigur\u00e2nd performan\u021b\u0103 maxim\u0103 cu efort minim.<\/li><li><strong>Palet\u0103 de Culori Vii:<\/strong> Experimenta\u021bi contrast maxim \u0219i claritate \u00een imaginile dumneavoastr\u0103, \u00eembun\u0103t\u0103\u021bite de paleta vivid\u0103 de culori pentru vizualuri realiste.<\/li><li><strong>Moduri Versatil:<\/strong> Moduri Forward, Down \u0219i Perspective asigurate pentru a nu rata niciun detaliu, complementate de suportul necesar pentru o configura\u021bie complet\u0103.<\/li><\/ul>\t\t\t\t\t\t\t\t<\/div>\n\t\t\t\t<\/div>\n\t\t\t\t\t<\/div>\n\t\t<\/div>\n\t\t\t\t\t<\/div>\n\t\t<\/section>\n\t\t\t\t<section class=\"elementor-section elementor-top-section elementor-element elementor-element-4757064 elementor-section-boxed elementor-section-height-default elementor-section-height-default\" data-id=\"4757064\" data-element_type=\"section\" data-e-type=\"section\">\n\t\t\t\t\t\t<div class=\"elementor-container elementor-column-gap-default\">\n\t\t\t\t\t<div class=\"elementor-column elementor-col-100 elementor-top-column elementor-element elementor-element-6daf520\" data-id=\"6daf520\" data-element_type=\"column\" data-e-type=\"column\">\n\t\t\t<div class=\"elementor-widget-wrap elementor-element-populated\">\n\t\t\t\t\t\t<div class=\"elementor-element elementor-element-41279ad elementor-widget elementor-widget-CarleaderHeading\" data-id=\"41279ad\" data-element_type=\"widget\" data-e-type=\"widget\" data-widget_type=\"CarleaderHeading.default\">\n\t\t\t\t<div class=\"elementor-widget-container\">\n\t\t\t\t\t\t  \r\n\t\t\t\t   <div class=\"tt-block-title  \t\">\r\n\t\t\t\t\t<h3 class=\"tt-title\">\r\n\t\t\t+\t<\/h3>\r\n\t\t\t\t\t\t\t<\/div>\r\n\t\t\t\t\t\t<\/div>\n\t\t\t\t<\/div>\n\t\t\t\t\t<\/div>\n\t\t<\/div>\n\t\t\t\t\t<\/div>\n\t\t<\/section>\n\t\t\t\t<section class=\"elementor-section elementor-top-section elementor-element elementor-element-37a1738 elementor-section-boxed elementor-section-height-default elementor-section-height-default\" data-id=\"37a1738\" data-element_type=\"section\" data-e-type=\"section\">\n\t\t\t\t\t\t<div class=\"elementor-container elementor-column-gap-default\">\n\t\t\t\t\t<div class=\"elementor-column elementor-col-50 elementor-top-column elementor-element elementor-element-8febae1\" data-id=\"8febae1\" data-element_type=\"column\" data-e-type=\"column\">\n\t\t\t<div class=\"elementor-widget-wrap elementor-element-populated\">\n\t\t\t\t\t\t<div class=\"elementor-element elementor-element-23d19d3 elementor-position-top elementor-widget elementor-widget-image-box\" data-id=\"23d19d3\" data-element_type=\"widget\" data-e-type=\"widget\" data-widget_type=\"image-box.default\">\n\t\t\t\t<div class=\"elementor-widget-container\">\n\t\t\t\t\t<div class=\"elementor-image-box-wrapper\"><figure class=\"elementor-image-box-img\"><a href=\"https:\/\/boat-demo.axiomprotocol.org\/ro\/produs\/garmin-gpsmap-1223xsv-worldwide\/\" target=\"_blank\" tabindex=\"-1\"><img decoding=\"async\" src=\"https:\/\/boat-demo.axiomprotocol.org\/wp-content\/uploads\/2024\/04\/9-1-300x258.jpg\" title=\"9-1\" alt=\"Garmin\" loading=\"lazy\" \/><\/a><\/figure><div class=\"elementor-image-box-content\"><h5 class=\"elementor-image-box-title\"><a href=\"https:\/\/boat-demo.axiomprotocol.org\/ro\/produs\/garmin-gpsmap-1223xsv-worldwide\/\" target=\"_blank\">GARMIN GPSMAP 1223xsv, 12\u2033<\/a><\/h5><p class=\"elementor-image-box-description\">Chartplotterul GPSMAP 1223xsv combin\u0103 designul elegant, procesarea puternic\u0103 \u0219i tehnologia de afi\u0219are \u00eembun\u0103t\u0103\u021bit\u0103, integr\u00e2ndu-se f\u0103r\u0103 probleme \u00een sistemul maritim GARMIN pentru o experien\u021b\u0103 de punte mai clar\u0103 \u0219i mai inteligent\u0103.<\/p><\/div><\/div>\t\t\t\t<\/div>\n\t\t\t\t<\/div>\n\t\t\t\t\t<\/div>\n\t\t<\/div>\n\t\t\t\t<div class=\"elementor-column elementor-col-50 elementor-top-column elementor-element elementor-element-1b1a280\" data-id=\"1b1a280\" data-element_type=\"column\" data-e-type=\"column\">\n\t\t\t<div class=\"elementor-widget-wrap elementor-element-populated\">\n\t\t\t\t\t\t<div class=\"elementor-element elementor-element-233a302 elementor-widget elementor-widget-text-editor\" data-id=\"233a302\" data-element_type=\"widget\" data-e-type=\"widget\" data-widget_type=\"text-editor.default\">\n\t\t\t\t<div class=\"elementor-widget-container\">\n\t\t\t\t\t\t\t\t\t<ul class=\"tt-list01\"><li><strong>Integrare Motor:<\/strong> Integra\u021bi cu u\u0219urin\u021b\u0103 mai multe motoare, optimiz\u00e2nd performan\u021ba \u0219i conectivitatea vasului dumneavoastr\u0103.<\/li><li><strong>Conectivitate Cu P\u0103r\u021bi Ter\u021be:<\/strong> Conecta\u021bi-v\u0103 la dispozitive ter\u021be compatibile cu comutare digital\u0103 OneHelm\u2122, sporind versatilitatea sistemului dumneavoastr\u0103.<\/li><li><strong>Conectivitate la Re\u021bea:<\/strong> Construi\u021bi-v\u0103 sistemul maritim f\u0103r\u0103 probleme cu conectivitatea la re\u021bea de v\u00e2rf, asigur\u00e2nd o experien\u021b\u0103 f\u0103r\u0103 sudur\u0103 \u0219i interconectat\u0103.<\/li><li><strong>Hart\u0103 Cuprinz\u0103toare:<\/strong> Naviga\u021bi cu \u00eencredere pe orice ape cu h\u0103r\u021bi \u00eenc\u0103rcate \u0219i h\u0103r\u021bi costiere, oferind informa\u021bii detaliate pentru c\u0103l\u0103toria dumneavoastr\u0103.<\/li><li><strong>Sonar \u00cencorporat:<\/strong> Vede\u021bi sub barca dumneavoastr\u0103 cu capacit\u0103\u021bile sonare \u00eencorporate, permit\u00e2nd monitorizarea subacvatic\u0103 \u0219i navigarea \u00een timp real.<\/li><li><strong>Gestionare la Distan\u021b\u0103:<\/strong> Gestiona\u021bi experien\u021ba dumneavoastr\u0103 maritim\u0103 de aproape oriunde, folosind tehnologie avansat\u0103 pentru a r\u0103m\u00e2ne conectat \u0219i \u00een control.<\/li><\/ul>\t\t\t\t\t\t\t\t<\/div>\n\t\t\t\t<\/div>\n\t\t\t\t\t<\/div>\n\t\t<\/div>\n\t\t\t\t\t<\/div>\n\t\t<\/section>\n\t\t\t\t<\/div>\n\t\t","protected":false},"excerpt":{"rendered":"<p>&nbsp;<\/p>\n<p><strong>Maximiza\u021bi-v\u0103 M\u0103estria Marin\u0103 cu Duo-ul Ultime GARMIN<\/strong><\/p>\n<p>Experimenta\u021bi precizia f\u0103r\u0103 egal \u0219i integrarea perfect\u0103 cu Sistemul LiveScope Plus de la GARMIN \u0219i chartplotterul GPSMAP 1223xsv. Ridica\u021bi-v\u0103 aventurile marine cu tehnologie de v\u00e2rf \u0219i claritate de neegalat.<\/p>\n","protected":false},"featured_media":34155,"comment_status":"open","ping_status":"closed","template":"","meta":{"_acf_changed":false,"inline_featured_image":false},"product_brand":[],"product_cat":[91],"product_tag":[321,117,322],"class_list":{"0":"post-32435","1":"product","2":"type-product","3":"status-publish","4":"has-post-thumbnail","6":"product_cat-garmin-sonare-ro","7":"product_tag-echomap-ro","8":"product_tag-garmin-ro","9":"product_tag-ultra-ro","10":"tt-post","12":"first","13":"instock","14":"sale","15":"shipping-taxable","16":"purchasable","17":"product-type-simple"},"acf":[],"yoast_head":"<!-- This site is optimized with the Yoast SEO plugin v27.4 - https:\/\/yoast.com\/product\/yoast-seo-wordpress\/ -->\n<title>Kit Sonar GARMIN GPSMAP 1223xsv, 12\u2033 &amp; LiveScope Plus System cu LVS34 si GLS10 | Boats Expert<\/title>\n<meta name=\"description\" content=\"Cump\u0103ra\u021bi GARMIN de la distribuitor autorizat Boats Expert | Instalare profesional\u0103 pe toate tipurile de b\u0103rci.\" \/>\n<meta name=\"robots\" content=\"index, follow, max-snippet:-1, max-image-preview:large, max-video-preview:-1\" \/>\n<link rel=\"canonical\" href=\"https:\/\/boat-demo.axiomprotocol.org\/ro\/produs\/sonar-garmin-gpsmap-1223xsv-12\u2033-livescope-plus-system-cu-lvs34-si-gls10\/\" \/>\n<meta property=\"og:locale\" content=\"ro_RO\" \/>\n<meta property=\"og:type\" content=\"article\" \/>\n<meta property=\"og:title\" content=\"Kit Sonar GARMIN GPSMAP 1223xsv, 12\u2033 &amp; LiveScope Plus System cu LVS34 si GLS10 | Boats Expert\" \/>\n<meta property=\"og:description\" content=\"Cump\u0103ra\u021bi GARMIN de la distribuitor autorizat Boats Expert | Instalare profesional\u0103 pe toate tipurile de b\u0103rci.\" \/>\n<meta property=\"og:url\" content=\"https:\/\/boat-demo.axiomprotocol.org\/ro\/produs\/sonar-garmin-gpsmap-1223xsv-12\u2033-livescope-plus-system-cu-lvs34-si-gls10\/\" \/>\n<meta property=\"og:site_name\" content=\"BoatsExpert\" \/>\n<meta property=\"article:modified_time\" content=\"2024-04-24T07:03:18+00:00\" \/>\n<meta property=\"og:image\" content=\"https:\/\/boat-demo.axiomprotocol.org\/wp-content\/uploads\/2024\/04\/P.jpg\" \/>\n\t<meta property=\"og:image:width\" content=\"555\" \/>\n\t<meta property=\"og:image:height\" content=\"478\" \/>\n\t<meta property=\"og:image:type\" content=\"image\/jpeg\" \/>\n<meta name=\"twitter:card\" content=\"summary_large_image\" \/>\n<meta name=\"twitter:label1\" content=\"Timp estimat pentru citire\" \/>\n\t<meta name=\"twitter:data1\" content=\"2 minute\" \/>\n<script type=\"application\/ld+json\" class=\"yoast-schema-graph\">{\"@context\":\"https:\\\/\\\/schema.org\",\"@graph\":[{\"@type\":\"WebPage\",\"@id\":\"https:\\\/\\\/boat-demo.axiomprotocol.org\\\/ro\\\/produs\\\/sonar-garmin-gpsmap-1223xsv-12%e2%80%b3-livescope-plus-system-cu-lvs34-si-gls10\\\/\",\"url\":\"https:\\\/\\\/boat-demo.axiomprotocol.org\\\/ro\\\/produs\\\/sonar-garmin-gpsmap-1223xsv-12%e2%80%b3-livescope-plus-system-cu-lvs34-si-gls10\\\/\",\"name\":\"Kit Sonar GARMIN GPSMAP 1223xsv, 12\u2033 &amp; LiveScope Plus System cu LVS34 si GLS10 | Boats Expert\",\"isPartOf\":{\"@id\":\"https:\\\/\\\/boat-demo.axiomprotocol.org\\\/ro\\\/#website\"},\"primaryImageOfPage\":{\"@id\":\"https:\\\/\\\/boat-demo.axiomprotocol.org\\\/ro\\\/produs\\\/sonar-garmin-gpsmap-1223xsv-12%e2%80%b3-livescope-plus-system-cu-lvs34-si-gls10\\\/#primaryimage\"},\"image\":{\"@id\":\"https:\\\/\\\/boat-demo.axiomprotocol.org\\\/ro\\\/produs\\\/sonar-garmin-gpsmap-1223xsv-12%e2%80%b3-livescope-plus-system-cu-lvs34-si-gls10\\\/#primaryimage\"},\"thumbnailUrl\":\"https:\\\/\\\/boat-demo.axiomprotocol.org\\\/wp-content\\\/uploads\\\/2024\\\/04\\\/P.jpg\",\"datePublished\":\"2024-04-22T16:16:10+00:00\",\"dateModified\":\"2024-04-24T07:03:18+00:00\",\"description\":\"Cump\u0103ra\u021bi GARMIN de la distribuitor autorizat Boats Expert | Instalare profesional\u0103 pe toate tipurile de b\u0103rci.\",\"breadcrumb\":{\"@id\":\"https:\\\/\\\/boat-demo.axiomprotocol.org\\\/ro\\\/produs\\\/sonar-garmin-gpsmap-1223xsv-12%e2%80%b3-livescope-plus-system-cu-lvs34-si-gls10\\\/#breadcrumb\"},\"inLanguage\":\"ro-RO\",\"potentialAction\":[{\"@type\":\"ReadAction\",\"target\":[\"https:\\\/\\\/boat-demo.axiomprotocol.org\\\/ro\\\/produs\\\/sonar-garmin-gpsmap-1223xsv-12%e2%80%b3-livescope-plus-system-cu-lvs34-si-gls10\\\/\"]}]},{\"@type\":\"ImageObject\",\"inLanguage\":\"ro-RO\",\"@id\":\"https:\\\/\\\/boat-demo.axiomprotocol.org\\\/ro\\\/produs\\\/sonar-garmin-gpsmap-1223xsv-12%e2%80%b3-livescope-plus-system-cu-lvs34-si-gls10\\\/#primaryimage\",\"url\":\"https:\\\/\\\/boat-demo.axiomprotocol.org\\\/wp-content\\\/uploads\\\/2024\\\/04\\\/P.jpg\",\"contentUrl\":\"https:\\\/\\\/boat-demo.axiomprotocol.org\\\/wp-content\\\/uploads\\\/2024\\\/04\\\/P.jpg\",\"width\":555,\"height\":478,\"caption\":\"promo kit\"},{\"@type\":\"BreadcrumbList\",\"@id\":\"https:\\\/\\\/boat-demo.axiomprotocol.org\\\/ro\\\/produs\\\/sonar-garmin-gpsmap-1223xsv-12%e2%80%b3-livescope-plus-system-cu-lvs34-si-gls10\\\/#breadcrumb\",\"itemListElement\":[{\"@type\":\"ListItem\",\"position\":1,\"name\":\"Home\",\"item\":\"https:\\\/\\\/boat-demo.axiomprotocol.org\\\/\"},{\"@type\":\"ListItem\",\"position\":2,\"name\":\"Shop Online &#8211; cel mai bun magazin pentru echipamente pentru b\u0103rci\",\"item\":\"https:\\\/\\\/boat-demo.axiomprotocol.org\\\/ro\\\/shop-ro\\\/\"},{\"@type\":\"ListItem\",\"position\":3,\"name\":\"Kit Sonar GARMIN GPSMAP 1223xsv, 12\u2033 &amp; LiveScope Plus System cu LVS34 si GLS10\"}]},{\"@type\":\"WebSite\",\"@id\":\"https:\\\/\\\/boat-demo.axiomprotocol.org\\\/ro\\\/#website\",\"url\":\"https:\\\/\\\/boat-demo.axiomprotocol.org\\\/ro\\\/\",\"name\":\"BoatsExpert\",\"description\":\"Boats, Service, Equipment\",\"publisher\":{\"@id\":\"https:\\\/\\\/boat-demo.axiomprotocol.org\\\/ro\\\/#organization\"},\"potentialAction\":[{\"@type\":\"SearchAction\",\"target\":{\"@type\":\"EntryPoint\",\"urlTemplate\":\"https:\\\/\\\/boat-demo.axiomprotocol.org\\\/ro\\\/?s={search_term_string}\"},\"query-input\":{\"@type\":\"PropertyValueSpecification\",\"valueRequired\":true,\"valueName\":\"search_term_string\"}}],\"inLanguage\":\"ro-RO\"},{\"@type\":\"Organization\",\"@id\":\"https:\\\/\\\/boat-demo.axiomprotocol.org\\\/ro\\\/#organization\",\"name\":\"BoatsExpert\",\"url\":\"https:\\\/\\\/boat-demo.axiomprotocol.org\\\/ro\\\/\",\"logo\":{\"@type\":\"ImageObject\",\"inLanguage\":\"ro-RO\",\"@id\":\"https:\\\/\\\/boat-demo.axiomprotocol.org\\\/ro\\\/#\\\/schema\\\/logo\\\/image\\\/\",\"url\":\"https:\\\/\\\/boat-demo.axiomprotocol.org\\\/wp-content\\\/uploads\\\/2023\\\/05\\\/white-logo60.svg\",\"contentUrl\":\"https:\\\/\\\/boat-demo.axiomprotocol.org\\\/wp-content\\\/uploads\\\/2023\\\/05\\\/white-logo60.svg\",\"width\":90,\"height\":60,\"caption\":\"BoatsExpert\"},\"image\":{\"@id\":\"https:\\\/\\\/boat-demo.axiomprotocol.org\\\/ro\\\/#\\\/schema\\\/logo\\\/image\\\/\"}}]}<\/script>\n<!-- \/ Yoast SEO plugin. -->","yoast_head_json":{"title":"Kit Sonar GARMIN GPSMAP 1223xsv, 12\u2033 &amp; LiveScope Plus System cu LVS34 si GLS10 | Boats Expert","description":"Cump\u0103ra\u021bi GARMIN de la distribuitor autorizat Boats Expert | Instalare profesional\u0103 pe toate tipurile de b\u0103rci.","robots":{"index":"index","follow":"follow","max-snippet":"max-snippet:-1","max-image-preview":"max-image-preview:large","max-video-preview":"max-video-preview:-1"},"canonical":"https:\/\/boat-demo.axiomprotocol.org\/ro\/produs\/sonar-garmin-gpsmap-1223xsv-12\u2033-livescope-plus-system-cu-lvs34-si-gls10\/","og_locale":"ro_RO","og_type":"article","og_title":"Kit Sonar GARMIN GPSMAP 1223xsv, 12\u2033 &amp; LiveScope Plus System cu LVS34 si GLS10 | Boats Expert","og_description":"Cump\u0103ra\u021bi GARMIN de la distribuitor autorizat Boats Expert | Instalare profesional\u0103 pe toate tipurile de b\u0103rci.","og_url":"https:\/\/boat-demo.axiomprotocol.org\/ro\/produs\/sonar-garmin-gpsmap-1223xsv-12\u2033-livescope-plus-system-cu-lvs34-si-gls10\/","og_site_name":"BoatsExpert","article_modified_time":"2024-04-24T07:03:18+00:00","og_image":[{"width":555,"height":478,"url":"https:\/\/boat-demo.axiomprotocol.org\/wp-content\/uploads\/2024\/04\/P.jpg","type":"image\/jpeg"}],"twitter_card":"summary_large_image","twitter_misc":{"Timp estimat pentru citire":"2 minute"},"schema":{"@context":"https:\/\/schema.org","@graph":[{"@type":"WebPage","@id":"https:\/\/boat-demo.axiomprotocol.org\/ro\/produs\/sonar-garmin-gpsmap-1223xsv-12%e2%80%b3-livescope-plus-system-cu-lvs34-si-gls10\/","url":"https:\/\/boat-demo.axiomprotocol.org\/ro\/produs\/sonar-garmin-gpsmap-1223xsv-12%e2%80%b3-livescope-plus-system-cu-lvs34-si-gls10\/","name":"Kit Sonar GARMIN GPSMAP 1223xsv, 12\u2033 &amp; LiveScope Plus System cu LVS34 si GLS10 | Boats Expert","isPartOf":{"@id":"https:\/\/boat-demo.axiomprotocol.org\/ro\/#website"},"primaryImageOfPage":{"@id":"https:\/\/boat-demo.axiomprotocol.org\/ro\/produs\/sonar-garmin-gpsmap-1223xsv-12%e2%80%b3-livescope-plus-system-cu-lvs34-si-gls10\/#primaryimage"},"image":{"@id":"https:\/\/boat-demo.axiomprotocol.org\/ro\/produs\/sonar-garmin-gpsmap-1223xsv-12%e2%80%b3-livescope-plus-system-cu-lvs34-si-gls10\/#primaryimage"},"thumbnailUrl":"https:\/\/boat-demo.axiomprotocol.org\/wp-content\/uploads\/2024\/04\/P.jpg","datePublished":"2024-04-22T16:16:10+00:00","dateModified":"2024-04-24T07:03:18+00:00","description":"Cump\u0103ra\u021bi GARMIN de la distribuitor autorizat Boats Expert | Instalare profesional\u0103 pe toate tipurile de b\u0103rci.","breadcrumb":{"@id":"https:\/\/boat-demo.axiomprotocol.org\/ro\/produs\/sonar-garmin-gpsmap-1223xsv-12%e2%80%b3-livescope-plus-system-cu-lvs34-si-gls10\/#breadcrumb"},"inLanguage":"ro-RO","potentialAction":[{"@type":"ReadAction","target":["https:\/\/boat-demo.axiomprotocol.org\/ro\/produs\/sonar-garmin-gpsmap-1223xsv-12%e2%80%b3-livescope-plus-system-cu-lvs34-si-gls10\/"]}]},{"@type":"ImageObject","inLanguage":"ro-RO","@id":"https:\/\/boat-demo.axiomprotocol.org\/ro\/produs\/sonar-garmin-gpsmap-1223xsv-12%e2%80%b3-livescope-plus-system-cu-lvs34-si-gls10\/#primaryimage","url":"https:\/\/boat-demo.axiomprotocol.org\/wp-content\/uploads\/2024\/04\/P.jpg","contentUrl":"https:\/\/boat-demo.axiomprotocol.org\/wp-content\/uploads\/2024\/04\/P.jpg","width":555,"height":478,"caption":"promo kit"},{"@type":"BreadcrumbList","@id":"https:\/\/boat-demo.axiomprotocol.org\/ro\/produs\/sonar-garmin-gpsmap-1223xsv-12%e2%80%b3-livescope-plus-system-cu-lvs34-si-gls10\/#breadcrumb","itemListElement":[{"@type":"ListItem","position":1,"name":"Home","item":"https:\/\/boat-demo.axiomprotocol.org\/"},{"@type":"ListItem","position":2,"name":"Shop Online &#8211; cel mai bun magazin pentru echipamente pentru b\u0103rci","item":"https:\/\/boat-demo.axiomprotocol.org\/ro\/shop-ro\/"},{"@type":"ListItem","position":3,"name":"Kit Sonar GARMIN GPSMAP 1223xsv, 12\u2033 &amp; LiveScope Plus System cu LVS34 si GLS10"}]},{"@type":"WebSite","@id":"https:\/\/boat-demo.axiomprotocol.org\/ro\/#website","url":"https:\/\/boat-demo.axiomprotocol.org\/ro\/","name":"BoatsExpert","description":"Boats, Service, Equipment","publisher":{"@id":"https:\/\/boat-demo.axiomprotocol.org\/ro\/#organization"},"potentialAction":[{"@type":"SearchAction","target":{"@type":"EntryPoint","urlTemplate":"https:\/\/boat-demo.axiomprotocol.org\/ro\/?s={search_term_string}"},"query-input":{"@type":"PropertyValueSpecification","valueRequired":true,"valueName":"search_term_string"}}],"inLanguage":"ro-RO"},{"@type":"Organization","@id":"https:\/\/boat-demo.axiomprotocol.org\/ro\/#organization","name":"BoatsExpert","url":"https:\/\/boat-demo.axiomprotocol.org\/ro\/","logo":{"@type":"ImageObject","inLanguage":"ro-RO","@id":"https:\/\/boat-demo.axiomprotocol.org\/ro\/#\/schema\/logo\/image\/","url":"https:\/\/boat-demo.axiomprotocol.org\/wp-content\/uploads\/2023\/05\/white-logo60.svg","contentUrl":"https:\/\/boat-demo.axiomprotocol.org\/wp-content\/uploads\/2023\/05\/white-logo60.svg","width":90,"height":60,"caption":"BoatsExpert"},"image":{"@id":"https:\/\/boat-demo.axiomprotocol.org\/ro\/#\/schema\/logo\/image\/"}}]}},"_links":{"self":[{"href":"https:\/\/boat-demo.axiomprotocol.org\/ro\/wp-json\/wp\/v2\/product\/32435","targetHints":{"allow":["GET"]}}],"collection":[{"href":"https:\/\/boat-demo.axiomprotocol.org\/ro\/wp-json\/wp\/v2\/product"}],"about":[{"href":"https:\/\/boat-demo.axiomprotocol.org\/ro\/wp-json\/wp\/v2\/types\/product"}],"replies":[{"embeddable":true,"href":"https:\/\/boat-demo.axiomprotocol.org\/ro\/wp-json\/wp\/v2\/comments?post=32435"}],"version-history":[{"count":6,"href":"https:\/\/boat-demo.axiomprotocol.org\/ro\/wp-json\/wp\/v2\/product\/32435\/revisions"}],"predecessor-version":[{"id":32452,"href":"https:\/\/boat-demo.axiomprotocol.org\/ro\/wp-json\/wp\/v2\/product\/32435\/revisions\/32452"}],"wp:featuredmedia":[{"embeddable":true,"href":"https:\/\/boat-demo.axiomprotocol.org\/ro\/wp-json\/wp\/v2\/media\/34155"}],"wp:attachment":[{"href":"https:\/\/boat-demo.axiomprotocol.org\/ro\/wp-json\/wp\/v2\/media?parent=32435"}],"wp:term":[{"taxonomy":"product_brand","embeddable":true,"href":"https:\/\/boat-demo.axiomprotocol.org\/ro\/wp-json\/wp\/v2\/product_brand?post=32435"},{"taxonomy":"product_cat","embeddable":true,"href":"https:\/\/boat-demo.axiomprotocol.org\/ro\/wp-json\/wp\/v2\/product_cat?post=32435"},{"taxonomy":"product_tag","embeddable":true,"href":"https:\/\/boat-demo.axiomprotocol.org\/ro\/wp-json\/wp\/v2\/product_tag?post=32435"}],"curies":[{"name":"wp","href":"https:\/\/api.w.org\/{rel}","templated":true}]}}