{"id":32413,"date":"2024-04-22T18:52:42","date_gmt":"2024-04-22T15:52:43","guid":{"rendered":"https:\/\/boat-demo.axiomprotocol.org\/?post_type=product&#038;p=32413"},"modified":"2024-04-24T10:04:14","modified_gmt":"2024-04-24T07:04:14","slug":"sonar-garmin-echomap-ultra-1022sv-12-fara-traductor-livescope-plus-system-cu-lvs34-si-gls10","status":"publish","type":"product","link":"https:\/\/boat-demo.axiomprotocol.org\/ro\/produs\/sonar-garmin-echomap-ultra-1022sv-12-fara-traductor-livescope-plus-system-cu-lvs34-si-gls10\/","title":{"rendered":"Kit Sonar GARMIN ECHOMAP Ultra 122sv, 12\u2033, fara traductor &amp; LiveScope Plus System cu LVS34 si GLS10"},"content":{"rendered":"\t\t<div data-elementor-type=\"wp-post\" data-elementor-id=\"32413\" class=\"elementor elementor-32413 elementor-32412\">\n\t\t\t\t\t\t<section class=\"elementor-section elementor-top-section elementor-element elementor-element-30891e7c elementor-section-full_width elementor-section-height-default elementor-section-height-default\" data-id=\"30891e7c\" data-element_type=\"section\" data-e-type=\"section\">\n\t\t\t\t\t\t<div class=\"elementor-container elementor-column-gap-default\">\n\t\t\t\t\t<div class=\"elementor-column elementor-col-100 elementor-top-column elementor-element elementor-element-7429c668\" data-id=\"7429c668\" data-element_type=\"column\" data-e-type=\"column\">\n\t\t\t<div class=\"elementor-widget-wrap elementor-element-populated\">\n\t\t\t\t\t\t<div class=\"elementor-element elementor-element-192b099a elementor-widget elementor-widget-CarleaderHeading\" data-id=\"192b099a\" data-element_type=\"widget\" data-e-type=\"widget\" data-widget_type=\"CarleaderHeading.default\">\n\t\t\t\t<div class=\"elementor-widget-container\">\n\t\t\t\t\t\t  \r\n\t\t\t\t   <div class=\"tt-block-title  \t\">\r\n\t\t\t\t\t<h3 class=\"tt-title\">\r\n\t\t\tElibereaz\u0103 Puterea Perfec\u021biunii \u0219i Priceperii cu Combo-ul GARMIN LiveScope Plus &amp; ECHOMAP Ultra 122sv\t<\/h3>\r\n\t\t\t\t\t\t\t<\/div>\r\n\t\t\t\t\t\t<\/div>\n\t\t\t\t<\/div>\n\t\t\t\t\t<\/div>\n\t\t<\/div>\n\t\t\t\t\t<\/div>\n\t\t<\/section>\n\t\t\t\t<section class=\"elementor-section elementor-top-section elementor-element elementor-element-a656d8d elementor-section-boxed elementor-section-height-default elementor-section-height-default\" data-id=\"a656d8d\" data-element_type=\"section\" data-e-type=\"section\">\n\t\t\t\t\t\t<div class=\"elementor-container elementor-column-gap-default\">\n\t\t\t\t\t<div class=\"elementor-column elementor-col-50 elementor-top-column elementor-element elementor-element-7bc082f\" data-id=\"7bc082f\" data-element_type=\"column\" data-e-type=\"column\">\n\t\t\t<div class=\"elementor-widget-wrap elementor-element-populated\">\n\t\t\t\t\t\t<div class=\"elementor-element elementor-element-eae1e06 elementor-position-top elementor-widget elementor-widget-image-box\" data-id=\"eae1e06\" data-element_type=\"widget\" data-e-type=\"widget\" data-widget_type=\"image-box.default\">\n\t\t\t\t<div class=\"elementor-widget-container\">\n\t\t\t\t\t<div class=\"elementor-image-box-wrapper\"><figure class=\"elementor-image-box-img\"><a href=\"https:\/\/boat-demo.axiomprotocol.org\/ro\/produs\/garmin-livescope-plus-system\/\" target=\"_blank\" tabindex=\"-1\"><img decoding=\"async\" src=\"https:\/\/boat-demo.axiomprotocol.org\/wp-content\/uploads\/2024\/04\/LVS34-1-300x258.jpg\" title=\"LVS34.jpg\" alt=\"LVS34.jpg\" loading=\"lazy\" \/><\/a><\/figure><div class=\"elementor-image-box-content\"><h5 class=\"elementor-image-box-title\"><a href=\"https:\/\/boat-demo.axiomprotocol.org\/ro\/produs\/garmin-livescope-plus-system\/\" target=\"_blank\">GARMIN LiveScope Plus cu GLS 10\u2122 \u0219i Transductor LVS34<\/a><\/h5><p class=\"elementor-image-box-description\">Sistemul LiveScope Plus aduce un nou nivel de claritate \u0219i precizie aventurilor dvs. de pescuit. Redefine\u0219te excelen\u021ba cu rezolu\u021bie \u00eembun\u0103t\u0103\u021bit\u0103, zgomot redus \u0219i separare \u00eembun\u0103t\u0103\u021bit\u0103 a \u021bintelor pentru imagini clare ca cristalul.<\/p><\/div><\/div>\t\t\t\t<\/div>\n\t\t\t\t<\/div>\n\t\t\t\t\t<\/div>\n\t\t<\/div>\n\t\t\t\t<div class=\"elementor-column elementor-col-50 elementor-top-column elementor-element elementor-element-57e9ba5f\" data-id=\"57e9ba5f\" data-element_type=\"column\" data-e-type=\"column\">\n\t\t\t<div class=\"elementor-widget-wrap elementor-element-populated\">\n\t\t\t\t\t\t<div class=\"elementor-element elementor-element-54d584c5 elementor-widget elementor-widget-text-editor\" data-id=\"54d584c5\" data-element_type=\"widget\" data-e-type=\"widget\" data-widget_type=\"text-editor.default\">\n\t\t\t\t<div class=\"elementor-widget-container\">\n\t\t\t\t\t\t\t\t\t<ul class=\"tt-list01\"><li><strong>Claritate Impecabil\u0103:<\/strong> Vezi imagini cu claritate f\u0103r\u0103 precedent, datorit\u0103 clarit\u0103\u021bii \u00eembun\u0103t\u0103\u021bite a ecranului, sensibilit\u0103\u021bii transductorului \u0219i separ\u0103rii \u021bintelor.<\/li><li><strong>Scanare Mai Acut\u0103:<\/strong> Experimenteaz\u0103 imagini mai clare, zgomot redus \u0219i artefacte minime ale sonarului pentru scanare precis\u0103 a \u00eemprejurimilor tale.<\/li><li><strong>Actualizare F\u0103r\u0103 Efort:<\/strong> Actualizeaz\u0103-\u021bi Sistemul LiveScope cu u\u0219urin\u021b\u0103, \u00eenlocuind doar transductorul, asigur\u00e2nd performan\u021b\u0103 maxim\u0103 cu efort minim.<\/li><li><strong>Reproducere Culori Viu:<\/strong> Bucur\u0103-te de contrast maxim \u0219i claritate \u00een imaginile tale, \u00eembun\u0103t\u0103\u021bite de paleta vivid\u0103 de culori pentru o experien\u021b\u0103 autentic\u0103.<\/li><li><strong>Moduri Versatil:<\/strong> Moduri Forward, Down \u0219i Perspective asigurate pentru a nu rata niciun detaliu, sprijinite de suportul necesar pentru integrare f\u0103r\u0103 cusur.<\/li><\/ul>\t\t\t\t\t\t\t\t<\/div>\n\t\t\t\t<\/div>\n\t\t\t\t\t<\/div>\n\t\t<\/div>\n\t\t\t\t\t<\/div>\n\t\t<\/section>\n\t\t\t\t<section class=\"elementor-section elementor-top-section elementor-element elementor-element-4757064 elementor-section-boxed elementor-section-height-default elementor-section-height-default\" data-id=\"4757064\" data-element_type=\"section\" data-e-type=\"section\">\n\t\t\t\t\t\t<div class=\"elementor-container elementor-column-gap-default\">\n\t\t\t\t\t<div class=\"elementor-column elementor-col-100 elementor-top-column elementor-element elementor-element-6daf520\" data-id=\"6daf520\" data-element_type=\"column\" data-e-type=\"column\">\n\t\t\t<div class=\"elementor-widget-wrap elementor-element-populated\">\n\t\t\t\t\t\t<div class=\"elementor-element elementor-element-41279ad elementor-widget elementor-widget-CarleaderHeading\" data-id=\"41279ad\" data-element_type=\"widget\" data-e-type=\"widget\" data-widget_type=\"CarleaderHeading.default\">\n\t\t\t\t<div class=\"elementor-widget-container\">\n\t\t\t\t\t\t  \r\n\t\t\t\t   <div class=\"tt-block-title  \t\">\r\n\t\t\t\t\t<h3 class=\"tt-title\">\r\n\t\t\t+\t<\/h3>\r\n\t\t\t\t\t\t\t<\/div>\r\n\t\t\t\t\t\t<\/div>\n\t\t\t\t<\/div>\n\t\t\t\t\t<\/div>\n\t\t<\/div>\n\t\t\t\t\t<\/div>\n\t\t<\/section>\n\t\t\t\t<section class=\"elementor-section elementor-top-section elementor-element elementor-element-37a1738 elementor-section-boxed elementor-section-height-default elementor-section-height-default\" data-id=\"37a1738\" data-element_type=\"section\" data-e-type=\"section\">\n\t\t\t\t\t\t<div class=\"elementor-container elementor-column-gap-default\">\n\t\t\t\t\t<div class=\"elementor-column elementor-col-50 elementor-top-column elementor-element elementor-element-8febae1\" data-id=\"8febae1\" data-element_type=\"column\" data-e-type=\"column\">\n\t\t\t<div class=\"elementor-widget-wrap elementor-element-populated\">\n\t\t\t\t\t\t<div class=\"elementor-element elementor-element-23d19d3 elementor-position-top elementor-widget elementor-widget-image-box\" data-id=\"23d19d3\" data-element_type=\"widget\" data-e-type=\"widget\" data-widget_type=\"image-box.default\">\n\t\t\t\t<div class=\"elementor-widget-container\">\n\t\t\t\t\t<div class=\"elementor-image-box-wrapper\"><figure class=\"elementor-image-box-img\"><a href=\"https:\/\/boat-demo.axiomprotocol.org\/ro\/produs\/garmin-echomap-ultra-122sv-ww-w-o-xdcr\/\" target=\"_blank\" tabindex=\"-1\"><img decoding=\"async\" src=\"https:\/\/boat-demo.axiomprotocol.org\/wp-content\/uploads\/2024\/04\/1-19-300x258.jpg\" title=\"1-19\" alt=\"1-19\" loading=\"lazy\" \/><\/a><\/figure><div class=\"elementor-image-box-content\"><h5 class=\"elementor-image-box-title\"><a href=\"https:\/\/boat-demo.axiomprotocol.org\/ro\/produs\/garmin-echomap-ultra-122sv-ww-w-o-xdcr\/\" target=\"_blank\">GARMIN ECHOMAP Ultra 122sv, 12\u2033, f\u0103r\u0103 XDCR<\/a><\/h5><p class=\"elementor-image-box-description\">ECHOMAP Ultra 122sv ofer\u0103 o suit\u0103 cuprinz\u0103toare de instrumente pentru pescuit reu\u0219it, de la ecranul tactil de 12 inch citibil la soare la h\u0103r\u021bi \u0219i sonare op\u021bionale pentru navigare precis\u0103 \u0219i detectare a pe\u0219tilor.<\/p><\/div><\/div>\t\t\t\t<\/div>\n\t\t\t\t<\/div>\n\t\t\t\t\t<\/div>\n\t\t<\/div>\n\t\t\t\t<div class=\"elementor-column elementor-col-50 elementor-top-column elementor-element elementor-element-1b1a280\" data-id=\"1b1a280\" data-element_type=\"column\" data-e-type=\"column\">\n\t\t\t<div class=\"elementor-widget-wrap elementor-element-populated\">\n\t\t\t\t\t\t<div class=\"elementor-element elementor-element-233a302 elementor-widget elementor-widget-text-editor\" data-id=\"233a302\" data-element_type=\"widget\" data-e-type=\"widget\" data-widget_type=\"text-editor.default\">\n\t\t\t\t<div class=\"elementor-widget-container\">\n\t\t\t\t\t\t\t\t\t<ul class=\"tt-list01\"><li><strong>Ecran Tactil Intuitiv:<\/strong> Navigheaz\u0103 f\u0103r\u0103 efort cu ecranul tactil de 12 inch, aduc\u00e2nd expertiza \u00een g\u0103sirea pe\u0219tilor la degetele tale.<\/li><li><strong>Imaginare Detaliat\u0103:<\/strong> Vezi imagini clare \u0219i detaliate ale structurilor \u0219i pe\u0219tilor cu transductoare op\u021bionale, asigur\u00e2ndu-te c\u0103 nu ratezi nicio oportunitate de pescuit.<\/li><li><strong>Navigare \u00cencrez\u0103toare:<\/strong> Navigheaz\u0103 cu \u00eencredere cu h\u0103r\u021bi op\u021bionale BlueChart\u00ae g3 \u0219i LakeV\u00fc\u2122 g3, d\u00e2ndu-\u021bi puterea s\u0103 explorezi ape noi cu u\u0219urin\u021b\u0103.<\/li><li><strong>Gestionare la Distan\u021b\u0103:<\/strong> Administreaz\u0103-\u021bi experien\u021ba maritim\u0103 de oriunde cu aplica\u021bia ActiveCaptain\u00ae, conect\u00e2ndu-\u021bi barca pentru a partaja date, sonar \u0219i h\u0103r\u021bi \u00eentre dispozitive.<\/li><li><strong>H\u0103r\u021bi Personalizate:<\/strong> Creeaz\u0103 h\u0103r\u021bi pe loc \u0219i adapteaz\u0103-le pentru a se potrivi nevoilor tale, permi\u021b\u00e2ndu-\u021bi s\u0103 explorezi \u0219i s\u0103 cuceresti locurile tale preferate de pescuit cu precizie.<\/li><\/ul>\t\t\t\t\t\t\t\t<\/div>\n\t\t\t\t<\/div>\n\t\t\t\t\t<\/div>\n\t\t<\/div>\n\t\t\t\t\t<\/div>\n\t\t<\/section>\n\t\t\t\t<\/div>\n\t\t","protected":false},"excerpt":{"rendered":"<p>&nbsp;<\/p>\n<p><strong>Domin\u0103 Arta Pescuitului cu Combo-ul GARMIN LiveScope Plus &amp; ECHOMAP Ultra 122sv<\/strong><\/p>\n<p>Porne\u0219te \u00eentr-o c\u0103l\u0103torie a preciziei f\u0103r\u0103 rival \u00een pescuit \u0219i a priceperii \u00een naviga\u021bie cu combina\u021bia puternic\u0103 dintre Sistemul LiveScope Plus de la GARMIN \u0219i ECHOMAP Ultra 122sv.<\/p>\n","protected":false},"featured_media":32415,"comment_status":"open","ping_status":"closed","template":"","meta":{"_acf_changed":false,"inline_featured_image":false},"product_brand":[],"product_cat":[91],"product_tag":[321,117,322],"class_list":{"0":"post-32413","1":"product","2":"type-product","3":"status-publish","4":"has-post-thumbnail","6":"product_cat-garmin-sonare-ro","7":"product_tag-echomap-ro","8":"product_tag-garmin-ro","9":"product_tag-ultra-ro","10":"tt-post","12":"first","13":"instock","14":"sale","15":"shipping-taxable","16":"purchasable","17":"product-type-simple"},"acf":[],"yoast_head":"<!-- This site is optimized with the Yoast SEO plugin v27.4 - https:\/\/yoast.com\/product\/yoast-seo-wordpress\/ -->\n<title>Kit Sonar GARMIN ECHOMAP Ultra 122sv, 12\u2033, fara traductor &amp; LiveScope Plus System cu LVS34 si GLS10 | Boats Expert<\/title>\n<meta name=\"description\" content=\"Cump\u0103ra\u021bi GARMIN de la distribuitor autorizat Boats Expert | Instalare profesional\u0103 pe toate tipurile de b\u0103rci.\" \/>\n<meta name=\"robots\" content=\"index, follow, max-snippet:-1, max-image-preview:large, max-video-preview:-1\" \/>\n<link rel=\"canonical\" href=\"https:\/\/boat-demo.axiomprotocol.org\/ro\/produs\/sonar-garmin-echomap-ultra-1022sv-12-fara-traductor-livescope-plus-system-cu-lvs34-si-gls10\/\" \/>\n<meta property=\"og:locale\" content=\"ro_RO\" \/>\n<meta property=\"og:type\" content=\"article\" \/>\n<meta property=\"og:title\" content=\"Kit Sonar GARMIN ECHOMAP Ultra 122sv, 12\u2033, fara traductor &amp; LiveScope Plus System cu LVS34 si GLS10 | Boats Expert\" \/>\n<meta property=\"og:description\" content=\"Cump\u0103ra\u021bi GARMIN de la distribuitor autorizat Boats Expert | Instalare profesional\u0103 pe toate tipurile de b\u0103rci.\" \/>\n<meta property=\"og:url\" content=\"https:\/\/boat-demo.axiomprotocol.org\/ro\/produs\/sonar-garmin-echomap-ultra-1022sv-12-fara-traductor-livescope-plus-system-cu-lvs34-si-gls10\/\" \/>\n<meta property=\"og:site_name\" content=\"BoatsExpert\" \/>\n<meta property=\"article:modified_time\" content=\"2024-04-24T07:04:14+00:00\" \/>\n<meta property=\"og:image\" content=\"https:\/\/boat-demo.axiomprotocol.org\/wp-content\/uploads\/2024\/04\/promoset2.jpg\" \/>\n\t<meta property=\"og:image:width\" content=\"555\" \/>\n\t<meta property=\"og:image:height\" content=\"478\" \/>\n\t<meta property=\"og:image:type\" content=\"image\/jpeg\" \/>\n<meta name=\"twitter:card\" content=\"summary_large_image\" \/>\n<meta name=\"twitter:label1\" content=\"Timp estimat pentru citire\" \/>\n\t<meta name=\"twitter:data1\" content=\"2 minute\" \/>\n<script type=\"application\/ld+json\" class=\"yoast-schema-graph\">{\"@context\":\"https:\\\/\\\/schema.org\",\"@graph\":[{\"@type\":\"WebPage\",\"@id\":\"https:\\\/\\\/boat-demo.axiomprotocol.org\\\/ro\\\/produs\\\/sonar-garmin-echomap-ultra-1022sv-12-fara-traductor-livescope-plus-system-cu-lvs34-si-gls10\\\/\",\"url\":\"https:\\\/\\\/boat-demo.axiomprotocol.org\\\/ro\\\/produs\\\/sonar-garmin-echomap-ultra-1022sv-12-fara-traductor-livescope-plus-system-cu-lvs34-si-gls10\\\/\",\"name\":\"Kit Sonar GARMIN ECHOMAP Ultra 122sv, 12\u2033, fara traductor &amp; LiveScope Plus System cu LVS34 si GLS10 | Boats Expert\",\"isPartOf\":{\"@id\":\"https:\\\/\\\/boat-demo.axiomprotocol.org\\\/ro\\\/#website\"},\"primaryImageOfPage\":{\"@id\":\"https:\\\/\\\/boat-demo.axiomprotocol.org\\\/ro\\\/produs\\\/sonar-garmin-echomap-ultra-1022sv-12-fara-traductor-livescope-plus-system-cu-lvs34-si-gls10\\\/#primaryimage\"},\"image\":{\"@id\":\"https:\\\/\\\/boat-demo.axiomprotocol.org\\\/ro\\\/produs\\\/sonar-garmin-echomap-ultra-1022sv-12-fara-traductor-livescope-plus-system-cu-lvs34-si-gls10\\\/#primaryimage\"},\"thumbnailUrl\":\"https:\\\/\\\/boat-demo.axiomprotocol.org\\\/wp-content\\\/uploads\\\/2024\\\/04\\\/promoset2.jpg\",\"datePublished\":\"2024-04-22T15:52:43+00:00\",\"dateModified\":\"2024-04-24T07:04:14+00:00\",\"description\":\"Cump\u0103ra\u021bi GARMIN de la distribuitor autorizat Boats Expert | Instalare profesional\u0103 pe toate tipurile de b\u0103rci.\",\"breadcrumb\":{\"@id\":\"https:\\\/\\\/boat-demo.axiomprotocol.org\\\/ro\\\/produs\\\/sonar-garmin-echomap-ultra-1022sv-12-fara-traductor-livescope-plus-system-cu-lvs34-si-gls10\\\/#breadcrumb\"},\"inLanguage\":\"ro-RO\",\"potentialAction\":[{\"@type\":\"ReadAction\",\"target\":[\"https:\\\/\\\/boat-demo.axiomprotocol.org\\\/ro\\\/produs\\\/sonar-garmin-echomap-ultra-1022sv-12-fara-traductor-livescope-plus-system-cu-lvs34-si-gls10\\\/\"]}]},{\"@type\":\"ImageObject\",\"inLanguage\":\"ro-RO\",\"@id\":\"https:\\\/\\\/boat-demo.axiomprotocol.org\\\/ro\\\/produs\\\/sonar-garmin-echomap-ultra-1022sv-12-fara-traductor-livescope-plus-system-cu-lvs34-si-gls10\\\/#primaryimage\",\"url\":\"https:\\\/\\\/boat-demo.axiomprotocol.org\\\/wp-content\\\/uploads\\\/2024\\\/04\\\/promoset2.jpg\",\"contentUrl\":\"https:\\\/\\\/boat-demo.axiomprotocol.org\\\/wp-content\\\/uploads\\\/2024\\\/04\\\/promoset2.jpg\",\"width\":555,\"height\":478},{\"@type\":\"BreadcrumbList\",\"@id\":\"https:\\\/\\\/boat-demo.axiomprotocol.org\\\/ro\\\/produs\\\/sonar-garmin-echomap-ultra-1022sv-12-fara-traductor-livescope-plus-system-cu-lvs34-si-gls10\\\/#breadcrumb\",\"itemListElement\":[{\"@type\":\"ListItem\",\"position\":1,\"name\":\"Home\",\"item\":\"https:\\\/\\\/boat-demo.axiomprotocol.org\\\/\"},{\"@type\":\"ListItem\",\"position\":2,\"name\":\"Shop Online &#8211; cel mai bun magazin pentru echipamente pentru b\u0103rci\",\"item\":\"https:\\\/\\\/boat-demo.axiomprotocol.org\\\/ro\\\/shop-ro\\\/\"},{\"@type\":\"ListItem\",\"position\":3,\"name\":\"Kit Sonar GARMIN ECHOMAP Ultra 122sv, 12\u2033, fara traductor &amp; LiveScope Plus System cu LVS34 si GLS10\"}]},{\"@type\":\"WebSite\",\"@id\":\"https:\\\/\\\/boat-demo.axiomprotocol.org\\\/ro\\\/#website\",\"url\":\"https:\\\/\\\/boat-demo.axiomprotocol.org\\\/ro\\\/\",\"name\":\"BoatsExpert\",\"description\":\"Boats, Service, Equipment\",\"publisher\":{\"@id\":\"https:\\\/\\\/boat-demo.axiomprotocol.org\\\/ro\\\/#organization\"},\"potentialAction\":[{\"@type\":\"SearchAction\",\"target\":{\"@type\":\"EntryPoint\",\"urlTemplate\":\"https:\\\/\\\/boat-demo.axiomprotocol.org\\\/ro\\\/?s={search_term_string}\"},\"query-input\":{\"@type\":\"PropertyValueSpecification\",\"valueRequired\":true,\"valueName\":\"search_term_string\"}}],\"inLanguage\":\"ro-RO\"},{\"@type\":\"Organization\",\"@id\":\"https:\\\/\\\/boat-demo.axiomprotocol.org\\\/ro\\\/#organization\",\"name\":\"BoatsExpert\",\"url\":\"https:\\\/\\\/boat-demo.axiomprotocol.org\\\/ro\\\/\",\"logo\":{\"@type\":\"ImageObject\",\"inLanguage\":\"ro-RO\",\"@id\":\"https:\\\/\\\/boat-demo.axiomprotocol.org\\\/ro\\\/#\\\/schema\\\/logo\\\/image\\\/\",\"url\":\"https:\\\/\\\/boat-demo.axiomprotocol.org\\\/wp-content\\\/uploads\\\/2023\\\/05\\\/white-logo60.svg\",\"contentUrl\":\"https:\\\/\\\/boat-demo.axiomprotocol.org\\\/wp-content\\\/uploads\\\/2023\\\/05\\\/white-logo60.svg\",\"width\":90,\"height\":60,\"caption\":\"BoatsExpert\"},\"image\":{\"@id\":\"https:\\\/\\\/boat-demo.axiomprotocol.org\\\/ro\\\/#\\\/schema\\\/logo\\\/image\\\/\"}}]}<\/script>\n<!-- \/ Yoast SEO plugin. -->","yoast_head_json":{"title":"Kit Sonar GARMIN ECHOMAP Ultra 122sv, 12\u2033, fara traductor &amp; LiveScope Plus System cu LVS34 si GLS10 | Boats Expert","description":"Cump\u0103ra\u021bi GARMIN de la distribuitor autorizat Boats Expert | Instalare profesional\u0103 pe toate tipurile de b\u0103rci.","robots":{"index":"index","follow":"follow","max-snippet":"max-snippet:-1","max-image-preview":"max-image-preview:large","max-video-preview":"max-video-preview:-1"},"canonical":"https:\/\/boat-demo.axiomprotocol.org\/ro\/produs\/sonar-garmin-echomap-ultra-1022sv-12-fara-traductor-livescope-plus-system-cu-lvs34-si-gls10\/","og_locale":"ro_RO","og_type":"article","og_title":"Kit Sonar GARMIN ECHOMAP Ultra 122sv, 12\u2033, fara traductor &amp; LiveScope Plus System cu LVS34 si GLS10 | Boats Expert","og_description":"Cump\u0103ra\u021bi GARMIN de la distribuitor autorizat Boats Expert | Instalare profesional\u0103 pe toate tipurile de b\u0103rci.","og_url":"https:\/\/boat-demo.axiomprotocol.org\/ro\/produs\/sonar-garmin-echomap-ultra-1022sv-12-fara-traductor-livescope-plus-system-cu-lvs34-si-gls10\/","og_site_name":"BoatsExpert","article_modified_time":"2024-04-24T07:04:14+00:00","og_image":[{"width":555,"height":478,"url":"https:\/\/boat-demo.axiomprotocol.org\/wp-content\/uploads\/2024\/04\/promoset2.jpg","type":"image\/jpeg"}],"twitter_card":"summary_large_image","twitter_misc":{"Timp estimat pentru citire":"2 minute"},"schema":{"@context":"https:\/\/schema.org","@graph":[{"@type":"WebPage","@id":"https:\/\/boat-demo.axiomprotocol.org\/ro\/produs\/sonar-garmin-echomap-ultra-1022sv-12-fara-traductor-livescope-plus-system-cu-lvs34-si-gls10\/","url":"https:\/\/boat-demo.axiomprotocol.org\/ro\/produs\/sonar-garmin-echomap-ultra-1022sv-12-fara-traductor-livescope-plus-system-cu-lvs34-si-gls10\/","name":"Kit Sonar GARMIN ECHOMAP Ultra 122sv, 12\u2033, fara traductor &amp; LiveScope Plus System cu LVS34 si GLS10 | Boats Expert","isPartOf":{"@id":"https:\/\/boat-demo.axiomprotocol.org\/ro\/#website"},"primaryImageOfPage":{"@id":"https:\/\/boat-demo.axiomprotocol.org\/ro\/produs\/sonar-garmin-echomap-ultra-1022sv-12-fara-traductor-livescope-plus-system-cu-lvs34-si-gls10\/#primaryimage"},"image":{"@id":"https:\/\/boat-demo.axiomprotocol.org\/ro\/produs\/sonar-garmin-echomap-ultra-1022sv-12-fara-traductor-livescope-plus-system-cu-lvs34-si-gls10\/#primaryimage"},"thumbnailUrl":"https:\/\/boat-demo.axiomprotocol.org\/wp-content\/uploads\/2024\/04\/promoset2.jpg","datePublished":"2024-04-22T15:52:43+00:00","dateModified":"2024-04-24T07:04:14+00:00","description":"Cump\u0103ra\u021bi GARMIN de la distribuitor autorizat Boats Expert | Instalare profesional\u0103 pe toate tipurile de b\u0103rci.","breadcrumb":{"@id":"https:\/\/boat-demo.axiomprotocol.org\/ro\/produs\/sonar-garmin-echomap-ultra-1022sv-12-fara-traductor-livescope-plus-system-cu-lvs34-si-gls10\/#breadcrumb"},"inLanguage":"ro-RO","potentialAction":[{"@type":"ReadAction","target":["https:\/\/boat-demo.axiomprotocol.org\/ro\/produs\/sonar-garmin-echomap-ultra-1022sv-12-fara-traductor-livescope-plus-system-cu-lvs34-si-gls10\/"]}]},{"@type":"ImageObject","inLanguage":"ro-RO","@id":"https:\/\/boat-demo.axiomprotocol.org\/ro\/produs\/sonar-garmin-echomap-ultra-1022sv-12-fara-traductor-livescope-plus-system-cu-lvs34-si-gls10\/#primaryimage","url":"https:\/\/boat-demo.axiomprotocol.org\/wp-content\/uploads\/2024\/04\/promoset2.jpg","contentUrl":"https:\/\/boat-demo.axiomprotocol.org\/wp-content\/uploads\/2024\/04\/promoset2.jpg","width":555,"height":478},{"@type":"BreadcrumbList","@id":"https:\/\/boat-demo.axiomprotocol.org\/ro\/produs\/sonar-garmin-echomap-ultra-1022sv-12-fara-traductor-livescope-plus-system-cu-lvs34-si-gls10\/#breadcrumb","itemListElement":[{"@type":"ListItem","position":1,"name":"Home","item":"https:\/\/boat-demo.axiomprotocol.org\/"},{"@type":"ListItem","position":2,"name":"Shop Online &#8211; cel mai bun magazin pentru echipamente pentru b\u0103rci","item":"https:\/\/boat-demo.axiomprotocol.org\/ro\/shop-ro\/"},{"@type":"ListItem","position":3,"name":"Kit Sonar GARMIN ECHOMAP Ultra 122sv, 12\u2033, fara traductor &amp; LiveScope Plus System cu LVS34 si GLS10"}]},{"@type":"WebSite","@id":"https:\/\/boat-demo.axiomprotocol.org\/ro\/#website","url":"https:\/\/boat-demo.axiomprotocol.org\/ro\/","name":"BoatsExpert","description":"Boats, Service, Equipment","publisher":{"@id":"https:\/\/boat-demo.axiomprotocol.org\/ro\/#organization"},"potentialAction":[{"@type":"SearchAction","target":{"@type":"EntryPoint","urlTemplate":"https:\/\/boat-demo.axiomprotocol.org\/ro\/?s={search_term_string}"},"query-input":{"@type":"PropertyValueSpecification","valueRequired":true,"valueName":"search_term_string"}}],"inLanguage":"ro-RO"},{"@type":"Organization","@id":"https:\/\/boat-demo.axiomprotocol.org\/ro\/#organization","name":"BoatsExpert","url":"https:\/\/boat-demo.axiomprotocol.org\/ro\/","logo":{"@type":"ImageObject","inLanguage":"ro-RO","@id":"https:\/\/boat-demo.axiomprotocol.org\/ro\/#\/schema\/logo\/image\/","url":"https:\/\/boat-demo.axiomprotocol.org\/wp-content\/uploads\/2023\/05\/white-logo60.svg","contentUrl":"https:\/\/boat-demo.axiomprotocol.org\/wp-content\/uploads\/2023\/05\/white-logo60.svg","width":90,"height":60,"caption":"BoatsExpert"},"image":{"@id":"https:\/\/boat-demo.axiomprotocol.org\/ro\/#\/schema\/logo\/image\/"}}]}},"_links":{"self":[{"href":"https:\/\/boat-demo.axiomprotocol.org\/ro\/wp-json\/wp\/v2\/product\/32413","targetHints":{"allow":["GET"]}}],"collection":[{"href":"https:\/\/boat-demo.axiomprotocol.org\/ro\/wp-json\/wp\/v2\/product"}],"about":[{"href":"https:\/\/boat-demo.axiomprotocol.org\/ro\/wp-json\/wp\/v2\/types\/product"}],"replies":[{"embeddable":true,"href":"https:\/\/boat-demo.axiomprotocol.org\/ro\/wp-json\/wp\/v2\/comments?post=32413"}],"version-history":[{"count":12,"href":"https:\/\/boat-demo.axiomprotocol.org\/ro\/wp-json\/wp\/v2\/product\/32413\/revisions"}],"predecessor-version":[{"id":32454,"href":"https:\/\/boat-demo.axiomprotocol.org\/ro\/wp-json\/wp\/v2\/product\/32413\/revisions\/32454"}],"wp:featuredmedia":[{"embeddable":true,"href":"https:\/\/boat-demo.axiomprotocol.org\/ro\/wp-json\/wp\/v2\/media\/32415"}],"wp:attachment":[{"href":"https:\/\/boat-demo.axiomprotocol.org\/ro\/wp-json\/wp\/v2\/media?parent=32413"}],"wp:term":[{"taxonomy":"product_brand","embeddable":true,"href":"https:\/\/boat-demo.axiomprotocol.org\/ro\/wp-json\/wp\/v2\/product_brand?post=32413"},{"taxonomy":"product_cat","embeddable":true,"href":"https:\/\/boat-demo.axiomprotocol.org\/ro\/wp-json\/wp\/v2\/product_cat?post=32413"},{"taxonomy":"product_tag","embeddable":true,"href":"https:\/\/boat-demo.axiomprotocol.org\/ro\/wp-json\/wp\/v2\/product_tag?post=32413"}],"curies":[{"name":"wp","href":"https:\/\/api.w.org\/{rel}","templated":true}]}}