{"id":32331,"date":"2024-04-22T16:20:25","date_gmt":"2024-04-22T13:20:26","guid":{"rendered":"https:\/\/boat-demo.axiomprotocol.org\/?post_type=product&#038;p=32331"},"modified":"2024-04-22T16:41:25","modified_gmt":"2024-04-22T13:41:25","slug":"ram-led-spotlight-cu-bila","status":"publish","type":"product","link":"https:\/\/boat-demo.axiomprotocol.org\/ro\/produs\/ram-led-spotlight-cu-bila\/","title":{"rendered":"RAM\u00ae LED Spotlight cu bila"},"content":{"rendered":"\t\t<div data-elementor-type=\"wp-post\" data-elementor-id=\"32331\" class=\"elementor elementor-32331 elementor-32330\">\n\t\t\t\t\t\t<section class=\"elementor-section elementor-top-section elementor-element elementor-element-2175ac89 elementor-section-boxed elementor-section-height-default elementor-section-height-default\" data-id=\"2175ac89\" data-element_type=\"section\" data-e-type=\"section\">\n\t\t\t\t\t\t<div class=\"elementor-container elementor-column-gap-default\">\n\t\t\t\t\t<div class=\"elementor-column elementor-col-100 elementor-top-column elementor-element elementor-element-60203d26\" data-id=\"60203d26\" data-element_type=\"column\" data-e-type=\"column\">\n\t\t\t<div class=\"elementor-widget-wrap elementor-element-populated\">\n\t\t\t\t\t\t<div class=\"elementor-element elementor-element-2480a5b9 elementor-widget elementor-widget-heading\" data-id=\"2480a5b9\" data-element_type=\"widget\" data-e-type=\"widget\" data-widget_type=\"heading.default\">\n\t\t\t\t<div class=\"elementor-widget-container\">\n\t\t\t\t\t<h6 class=\"elementor-heading-title elementor-size-large\">Specifica\u021bii<\/h6>\t\t\t\t<\/div>\n\t\t\t\t<\/div>\n\t\t\t\t\t<\/div>\n\t\t<\/div>\n\t\t\t\t\t<\/div>\n\t\t<\/section>\n\t\t\t\t<section class=\"elementor-section elementor-top-section elementor-element elementor-element-77c87d65 elementor-section-boxed elementor-section-height-default elementor-section-height-default\" data-id=\"77c87d65\" data-element_type=\"section\" data-e-type=\"section\">\n\t\t\t\t\t\t<div class=\"elementor-container elementor-column-gap-default\">\n\t\t\t\t\t<div class=\"elementor-column elementor-col-100 elementor-top-column elementor-element elementor-element-303c5458\" data-id=\"303c5458\" data-element_type=\"column\" data-e-type=\"column\">\n\t\t\t<div class=\"elementor-widget-wrap elementor-element-populated\">\n\t\t\t\t\t\t<div class=\"elementor-element elementor-element-64872eaf elementor-widget elementor-widget-text-editor\" data-id=\"64872eaf\" data-element_type=\"widget\" data-e-type=\"widget\" data-widget_type=\"text-editor.default\">\n\t\t\t\t<div class=\"elementor-widget-container\">\n\t\t\t\t\t\t\t\t\t<table style=\"width: 100%\">\n<tbody>\n<tr>\n<td><strong>GREUTATEA PRODUSULUI<\/strong><\/td>\n<td>\n<div class=\"dictionary__value\">\n<div class=\"dictionary__param\">\n<div class=\"dictionary__values\">\n<div class=\"dictionary__value\"><span class=\"dictionary__value_txt\">689 g<\/span><\/div>\n<\/div>\n<\/div>\n<\/div><\/td>\n<\/tr>\n<tr>\n<td><strong>SPECIFICA\u021aII BULB<\/strong><\/td>\n<td>\n<div class=\"dictionary__param\">\n<div class=\"dictionary__values\">\n<div class=\"dictionary__value\"><span class=\"dictionary__value_txt\">PAR36\n12 Volts DC\n9 Watts\n1900 Lumens\nSealed Beam\n30-Degree Spot Light\nFrosted Lens\n4500K Color Temp<\/span><\/div>\n<\/div>\n<\/div><\/td>\n<\/tr>\n<tr>\n<td><strong>LUNGIME DE LA BRA\u021a LA BRA\u021a<\/strong><\/td>\n<td>2.5&#8243;<\/td>\n<\/tr>\n<tr>\n<td><strong>CAPACITATEA DE GREUTATE<\/strong><\/td>\n<td>\n<div class=\"dictionary__param\">\n<div class=\"dictionary__values\">\n<div class=\"dictionary__value\">\n<div class=\"dictionary__param\">\n<div class=\"dictionary__values\">\n<div class=\"dictionary__value\"><span class=\"dictionary__value_txt\">Standard Use: 907.18 gramss\nHeavy-Duty Use: 453.59 grams<\/span><\/div>\n<\/div>\n<\/div>\n<\/div>\n<\/div>\n<\/div><\/td>\n<\/tr>\n<tr>\n<td><strong>MATERIALE<\/strong><\/td>\n<td>\n<div class=\"dictionary__param\">\n<div class=\"dictionary__values\">\n<div class=\"dictionary__value\"><span class=\"dictionary__value_txt\">Marine-grade aluminum\nRubber\n<\/span><\/div>\n<\/div>\n<\/div><\/td>\n<\/tr>\n<tr>\n<td><strong>TIP AMBALAJ<\/strong><\/td>\n<td>\n<div class=\"dictionary__param\">\n<div class=\"dictionary__values\">\n<div class=\"dictionary__value\"><span class=\"dictionary__value_txt\">Poly Bag<\/span><\/div>\n<\/div>\n<\/div><\/td>\n<\/tr>\n<tr>\n<td><strong>DIMENSIUNE MINGE-PRINDERE<\/strong><\/td>\n<td>\n<div class=\"dictionary__param\">\n<div class=\"dictionary__values\">\n<div class=\"dictionary__value\">B Size 1&#8243; (Holds 907.18 gramss)<\/div>\n<\/div>\n<\/div><\/td>\n<\/tr>\n<tr>\n<td><strong>INTERVAL DIAMENTRU<\/strong><\/td>\n<td>\n<div class=\"dictionary__param\">\n<div class=\"dictionary__values\">\n<div class=\"dictionary__value\">\n<div class=\"dictionary__param\">\n<div class=\"dictionary__values\">\n<div class=\"dictionary__value\"><span class=\"dictionary__value_txt\">1&#8243; &#8211; 1.6&#8243;<\/span><\/div>\n<\/div>\n<\/div>\n<\/div>\n<\/div>\n<\/div><\/td>\n<\/tr>\n<tr>\n<td><strong>TIP DISPOZITIV SAU ACCESORIU<\/strong><\/td>\n<td>\n<div class=\"dictionary__value\">Spotlight<\/div><\/td>\n<\/tr>\n<tr>\n<td><strong>P\u0102R\u021aI COMPONENTE<\/strong><\/td>\n<td>\n<div class=\"dictionary__value\">\n<div class=\"dictionary__value\">\n<div class=\"dictionary__value\">RAM-B-152-BULB<\/div>\n<\/div>\n<\/div><\/td>\n<\/tr>\n<tr>\n<td><strong>DIMENSIUNE MINGE<\/strong><\/td>\n<td>\n<div id=\"container\" class=\"projector_page container max-width-1200\">\n<div id=\"layout\" class=\"row clearfix\">\n<div id=\"content\" class=\"col-12\">\n<div id=\"projector_long-info_container_desktop\">\n<div id=\"long-desc-param\" class=\"tab-content-info\"><section id=\"projector_dictionary\" class=\"dictionary mt-2\">\n<div class=\"dictionary__group --first --no-group\">\n<div class=\"dictionary__param\">\n<div class=\"dictionary__values\">\n<div class=\"dictionary__value\">\n<div id=\"container\" class=\"projector_page container max-width-1200\">\n<div id=\"layout\" class=\"row clearfix\">\n<div id=\"content\" class=\"col-12\">\n<div id=\"projector_long-info_container_desktop\">\n<div id=\"long-desc-param\" class=\"tab-content-info\"><section id=\"projector_dictionary\" class=\"dictionary mt-2\">\n<div class=\"dictionary__group --first --no-group\">\n<div class=\"dictionary__param\">\n<div class=\"dictionary__values\">\n<div class=\"dictionary__value\"><span class=\"dictionary__value_txt\">B Size (1&#8243;)<\/span><\/div>\n<\/div>\n<\/div>\n<\/div>\n<\/section><\/div>\n<\/div>\n<\/div>\n<\/div>\n<\/div>\n<\/div>\n<\/div>\n<\/div>\n<\/div>\n<\/section><\/div>\n<\/div>\n<\/div>\n<\/div>\n<\/div><\/td>\n<\/tr>\n<\/tbody>\n<\/table>\t\t\t\t\t\t\t\t<\/div>\n\t\t\t\t<\/div>\n\t\t\t\t\t<\/div>\n\t\t<\/div>\n\t\t\t\t\t<\/div>\n\t\t<\/section>\n\t\t\t\t<\/div>\n\t\t","protected":false},"excerpt":{"rendered":"<p>&nbsp;<\/p>\n<div class=\"flex flex-grow flex-col max-w-full\">\n<div class=\"min-h-[20px] text-message flex flex-col items-start gap-3 whitespace-pre-wrap break-words [.text-message+&amp;]:mt-5 overflow-x-auto\" dir=\"auto\" data-message-author-role=\"assistant\" data-message-id=\"d6f2a64d-ae66-416a-9235-f9cdb9262db2\">\n<div class=\"markdown prose w-full break-words dark:prose-invert light\">\n<p>Noul RAM Mounts LED Spotlight a fost complet reproiectat. Este integrat un bec LED nou care ofer\u0103 o lumin\u0103 mai str\u0103lucitoare \u0219i mai eficient\u0103, permi\u021b\u00e2ndu-v\u0103 s\u0103 ad\u0103uga\u021bi siguran\u021b\u0103 \u0219i consum redus de energie la ATV-ul, barca sau vehiculul dvs. Corpul rezistent la intemperii protejeaz\u0103 becul LED de spot de 30 de grade, care ofer\u0103 un unghi mai larg \u0219i mai luminos de lumin\u0103. Cablul lung cu muf\u0103 standard de 12v, pute\u021bi monta lumina din aproape orice loca\u021bie.<\/p>\n<\/div>\n<\/div>\n<\/div>\n","protected":false},"featured_media":32333,"comment_status":"open","ping_status":"closed","template":"","meta":{"_acf_changed":false,"inline_featured_image":false},"product_brand":[],"product_cat":[343,340],"product_tag":[],"class_list":{"0":"post-32331","1":"product","2":"type-product","3":"status-publish","4":"has-post-thumbnail","6":"product_cat-ram-mounts_ro","7":"product_cat-sisteme-de-prindere-ro","8":"tt-post","10":"first","11":"instock","12":"shipping-taxable","13":"purchasable","14":"product-type-simple"},"acf":[],"yoast_head":"<!-- This site is optimized with the Yoast SEO plugin v27.4 - https:\/\/yoast.com\/product\/yoast-seo-wordpress\/ -->\n<title>RAM\u00ae LED Spotlight cu bila - BoatsExpert<\/title>\n<meta name=\"description\" content=\"Cump\u0103ra\u021bi RAM LED Spotlight cu bila \u00een Rom\u00e2nia de la Boats Expert. \u041e gam\u0103 larg\u0103 de accesorii pentru b\u0103rci cu motor cu livrare \u00een toat\u0103 Rom\u00e2nia!\" \/>\n<meta name=\"robots\" content=\"index, follow, max-snippet:-1, max-image-preview:large, max-video-preview:-1\" \/>\n<link rel=\"canonical\" href=\"https:\/\/boat-demo.axiomprotocol.org\/ro\/produs\/ram-led-spotlight-cu-bila\/\" \/>\n<meta property=\"og:locale\" content=\"ro_RO\" \/>\n<meta property=\"og:type\" content=\"article\" \/>\n<meta property=\"og:title\" content=\"RAM\u00ae LED Spotlight cu bila - BoatsExpert\" \/>\n<meta property=\"og:description\" content=\"Cump\u0103ra\u021bi RAM LED Spotlight cu bila \u00een Rom\u00e2nia de la Boats Expert. \u041e gam\u0103 larg\u0103 de accesorii pentru b\u0103rci cu motor cu livrare \u00een toat\u0103 Rom\u00e2nia!\" \/>\n<meta property=\"og:url\" content=\"https:\/\/boat-demo.axiomprotocol.org\/ro\/produs\/ram-led-spotlight-cu-bila\/\" \/>\n<meta property=\"og:site_name\" content=\"BoatsExpert\" \/>\n<meta property=\"article:modified_time\" content=\"2024-04-22T13:41:25+00:00\" \/>\n<meta property=\"og:image\" content=\"https:\/\/boat-demo.axiomprotocol.org\/wp-content\/uploads\/2024\/04\/eng_pl_RAM-R-LED-Spotlight-with-Ball-10433_1.jpg\" \/>\n\t<meta property=\"og:image:width\" content=\"555\" \/>\n\t<meta property=\"og:image:height\" content=\"478\" \/>\n\t<meta property=\"og:image:type\" content=\"image\/jpeg\" \/>\n<meta name=\"twitter:card\" content=\"summary_large_image\" \/>\n<script type=\"application\/ld+json\" class=\"yoast-schema-graph\">{\"@context\":\"https:\\\/\\\/schema.org\",\"@graph\":[{\"@type\":\"WebPage\",\"@id\":\"https:\\\/\\\/boat-demo.axiomprotocol.org\\\/ro\\\/produs\\\/ram-led-spotlight-cu-bila\\\/\",\"url\":\"https:\\\/\\\/boat-demo.axiomprotocol.org\\\/ro\\\/produs\\\/ram-led-spotlight-cu-bila\\\/\",\"name\":\"RAM\u00ae LED Spotlight cu bila - BoatsExpert\",\"isPartOf\":{\"@id\":\"https:\\\/\\\/boat-demo.axiomprotocol.org\\\/ro\\\/#website\"},\"primaryImageOfPage\":{\"@id\":\"https:\\\/\\\/boat-demo.axiomprotocol.org\\\/ro\\\/produs\\\/ram-led-spotlight-cu-bila\\\/#primaryimage\"},\"image\":{\"@id\":\"https:\\\/\\\/boat-demo.axiomprotocol.org\\\/ro\\\/produs\\\/ram-led-spotlight-cu-bila\\\/#primaryimage\"},\"thumbnailUrl\":\"https:\\\/\\\/boat-demo.axiomprotocol.org\\\/wp-content\\\/uploads\\\/2024\\\/04\\\/eng_pl_RAM-R-LED-Spotlight-with-Ball-10433_1.jpg\",\"datePublished\":\"2024-04-22T13:20:26+00:00\",\"dateModified\":\"2024-04-22T13:41:25+00:00\",\"description\":\"Cump\u0103ra\u021bi RAM LED Spotlight cu bila \u00een Rom\u00e2nia de la Boats Expert. \u041e gam\u0103 larg\u0103 de accesorii pentru b\u0103rci cu motor cu livrare \u00een toat\u0103 Rom\u00e2nia!\",\"breadcrumb\":{\"@id\":\"https:\\\/\\\/boat-demo.axiomprotocol.org\\\/ro\\\/produs\\\/ram-led-spotlight-cu-bila\\\/#breadcrumb\"},\"inLanguage\":\"ro-RO\",\"potentialAction\":[{\"@type\":\"ReadAction\",\"target\":[\"https:\\\/\\\/boat-demo.axiomprotocol.org\\\/ro\\\/produs\\\/ram-led-spotlight-cu-bila\\\/\"]}]},{\"@type\":\"ImageObject\",\"inLanguage\":\"ro-RO\",\"@id\":\"https:\\\/\\\/boat-demo.axiomprotocol.org\\\/ro\\\/produs\\\/ram-led-spotlight-cu-bila\\\/#primaryimage\",\"url\":\"https:\\\/\\\/boat-demo.axiomprotocol.org\\\/wp-content\\\/uploads\\\/2024\\\/04\\\/eng_pl_RAM-R-LED-Spotlight-with-Ball-10433_1.jpg\",\"contentUrl\":\"https:\\\/\\\/boat-demo.axiomprotocol.org\\\/wp-content\\\/uploads\\\/2024\\\/04\\\/eng_pl_RAM-R-LED-Spotlight-with-Ball-10433_1.jpg\",\"width\":555,\"height\":478,\"caption\":\"RAM\"},{\"@type\":\"BreadcrumbList\",\"@id\":\"https:\\\/\\\/boat-demo.axiomprotocol.org\\\/ro\\\/produs\\\/ram-led-spotlight-cu-bila\\\/#breadcrumb\",\"itemListElement\":[{\"@type\":\"ListItem\",\"position\":1,\"name\":\"Home\",\"item\":\"https:\\\/\\\/boat-demo.axiomprotocol.org\\\/\"},{\"@type\":\"ListItem\",\"position\":2,\"name\":\"Shop Online &#8211; cel mai bun magazin pentru echipamente pentru b\u0103rci\",\"item\":\"https:\\\/\\\/boat-demo.axiomprotocol.org\\\/ro\\\/shop-ro\\\/\"},{\"@type\":\"ListItem\",\"position\":3,\"name\":\"RAM\u00ae LED Spotlight cu bila\"}]},{\"@type\":\"WebSite\",\"@id\":\"https:\\\/\\\/boat-demo.axiomprotocol.org\\\/ro\\\/#website\",\"url\":\"https:\\\/\\\/boat-demo.axiomprotocol.org\\\/ro\\\/\",\"name\":\"BoatsExpert\",\"description\":\"Boats, Service, Equipment\",\"publisher\":{\"@id\":\"https:\\\/\\\/boat-demo.axiomprotocol.org\\\/ro\\\/#organization\"},\"potentialAction\":[{\"@type\":\"SearchAction\",\"target\":{\"@type\":\"EntryPoint\",\"urlTemplate\":\"https:\\\/\\\/boat-demo.axiomprotocol.org\\\/ro\\\/?s={search_term_string}\"},\"query-input\":{\"@type\":\"PropertyValueSpecification\",\"valueRequired\":true,\"valueName\":\"search_term_string\"}}],\"inLanguage\":\"ro-RO\"},{\"@type\":\"Organization\",\"@id\":\"https:\\\/\\\/boat-demo.axiomprotocol.org\\\/ro\\\/#organization\",\"name\":\"BoatsExpert\",\"url\":\"https:\\\/\\\/boat-demo.axiomprotocol.org\\\/ro\\\/\",\"logo\":{\"@type\":\"ImageObject\",\"inLanguage\":\"ro-RO\",\"@id\":\"https:\\\/\\\/boat-demo.axiomprotocol.org\\\/ro\\\/#\\\/schema\\\/logo\\\/image\\\/\",\"url\":\"https:\\\/\\\/boat-demo.axiomprotocol.org\\\/wp-content\\\/uploads\\\/2023\\\/05\\\/white-logo60.svg\",\"contentUrl\":\"https:\\\/\\\/boat-demo.axiomprotocol.org\\\/wp-content\\\/uploads\\\/2023\\\/05\\\/white-logo60.svg\",\"width\":90,\"height\":60,\"caption\":\"BoatsExpert\"},\"image\":{\"@id\":\"https:\\\/\\\/boat-demo.axiomprotocol.org\\\/ro\\\/#\\\/schema\\\/logo\\\/image\\\/\"}}]}<\/script>\n<!-- \/ Yoast SEO plugin. -->","yoast_head_json":{"title":"RAM\u00ae LED Spotlight cu bila - BoatsExpert","description":"Cump\u0103ra\u021bi RAM LED Spotlight cu bila \u00een Rom\u00e2nia de la Boats Expert. \u041e gam\u0103 larg\u0103 de accesorii pentru b\u0103rci cu motor cu livrare \u00een toat\u0103 Rom\u00e2nia!","robots":{"index":"index","follow":"follow","max-snippet":"max-snippet:-1","max-image-preview":"max-image-preview:large","max-video-preview":"max-video-preview:-1"},"canonical":"https:\/\/boat-demo.axiomprotocol.org\/ro\/produs\/ram-led-spotlight-cu-bila\/","og_locale":"ro_RO","og_type":"article","og_title":"RAM\u00ae LED Spotlight cu bila - BoatsExpert","og_description":"Cump\u0103ra\u021bi RAM LED Spotlight cu bila \u00een Rom\u00e2nia de la Boats Expert. \u041e gam\u0103 larg\u0103 de accesorii pentru b\u0103rci cu motor cu livrare \u00een toat\u0103 Rom\u00e2nia!","og_url":"https:\/\/boat-demo.axiomprotocol.org\/ro\/produs\/ram-led-spotlight-cu-bila\/","og_site_name":"BoatsExpert","article_modified_time":"2024-04-22T13:41:25+00:00","og_image":[{"width":555,"height":478,"url":"https:\/\/boat-demo.axiomprotocol.org\/wp-content\/uploads\/2024\/04\/eng_pl_RAM-R-LED-Spotlight-with-Ball-10433_1.jpg","type":"image\/jpeg"}],"twitter_card":"summary_large_image","schema":{"@context":"https:\/\/schema.org","@graph":[{"@type":"WebPage","@id":"https:\/\/boat-demo.axiomprotocol.org\/ro\/produs\/ram-led-spotlight-cu-bila\/","url":"https:\/\/boat-demo.axiomprotocol.org\/ro\/produs\/ram-led-spotlight-cu-bila\/","name":"RAM\u00ae LED Spotlight cu bila - BoatsExpert","isPartOf":{"@id":"https:\/\/boat-demo.axiomprotocol.org\/ro\/#website"},"primaryImageOfPage":{"@id":"https:\/\/boat-demo.axiomprotocol.org\/ro\/produs\/ram-led-spotlight-cu-bila\/#primaryimage"},"image":{"@id":"https:\/\/boat-demo.axiomprotocol.org\/ro\/produs\/ram-led-spotlight-cu-bila\/#primaryimage"},"thumbnailUrl":"https:\/\/boat-demo.axiomprotocol.org\/wp-content\/uploads\/2024\/04\/eng_pl_RAM-R-LED-Spotlight-with-Ball-10433_1.jpg","datePublished":"2024-04-22T13:20:26+00:00","dateModified":"2024-04-22T13:41:25+00:00","description":"Cump\u0103ra\u021bi RAM LED Spotlight cu bila \u00een Rom\u00e2nia de la Boats Expert. \u041e gam\u0103 larg\u0103 de accesorii pentru b\u0103rci cu motor cu livrare \u00een toat\u0103 Rom\u00e2nia!","breadcrumb":{"@id":"https:\/\/boat-demo.axiomprotocol.org\/ro\/produs\/ram-led-spotlight-cu-bila\/#breadcrumb"},"inLanguage":"ro-RO","potentialAction":[{"@type":"ReadAction","target":["https:\/\/boat-demo.axiomprotocol.org\/ro\/produs\/ram-led-spotlight-cu-bila\/"]}]},{"@type":"ImageObject","inLanguage":"ro-RO","@id":"https:\/\/boat-demo.axiomprotocol.org\/ro\/produs\/ram-led-spotlight-cu-bila\/#primaryimage","url":"https:\/\/boat-demo.axiomprotocol.org\/wp-content\/uploads\/2024\/04\/eng_pl_RAM-R-LED-Spotlight-with-Ball-10433_1.jpg","contentUrl":"https:\/\/boat-demo.axiomprotocol.org\/wp-content\/uploads\/2024\/04\/eng_pl_RAM-R-LED-Spotlight-with-Ball-10433_1.jpg","width":555,"height":478,"caption":"RAM"},{"@type":"BreadcrumbList","@id":"https:\/\/boat-demo.axiomprotocol.org\/ro\/produs\/ram-led-spotlight-cu-bila\/#breadcrumb","itemListElement":[{"@type":"ListItem","position":1,"name":"Home","item":"https:\/\/boat-demo.axiomprotocol.org\/"},{"@type":"ListItem","position":2,"name":"Shop Online &#8211; cel mai bun magazin pentru echipamente pentru b\u0103rci","item":"https:\/\/boat-demo.axiomprotocol.org\/ro\/shop-ro\/"},{"@type":"ListItem","position":3,"name":"RAM\u00ae LED Spotlight cu bila"}]},{"@type":"WebSite","@id":"https:\/\/boat-demo.axiomprotocol.org\/ro\/#website","url":"https:\/\/boat-demo.axiomprotocol.org\/ro\/","name":"BoatsExpert","description":"Boats, Service, Equipment","publisher":{"@id":"https:\/\/boat-demo.axiomprotocol.org\/ro\/#organization"},"potentialAction":[{"@type":"SearchAction","target":{"@type":"EntryPoint","urlTemplate":"https:\/\/boat-demo.axiomprotocol.org\/ro\/?s={search_term_string}"},"query-input":{"@type":"PropertyValueSpecification","valueRequired":true,"valueName":"search_term_string"}}],"inLanguage":"ro-RO"},{"@type":"Organization","@id":"https:\/\/boat-demo.axiomprotocol.org\/ro\/#organization","name":"BoatsExpert","url":"https:\/\/boat-demo.axiomprotocol.org\/ro\/","logo":{"@type":"ImageObject","inLanguage":"ro-RO","@id":"https:\/\/boat-demo.axiomprotocol.org\/ro\/#\/schema\/logo\/image\/","url":"https:\/\/boat-demo.axiomprotocol.org\/wp-content\/uploads\/2023\/05\/white-logo60.svg","contentUrl":"https:\/\/boat-demo.axiomprotocol.org\/wp-content\/uploads\/2023\/05\/white-logo60.svg","width":90,"height":60,"caption":"BoatsExpert"},"image":{"@id":"https:\/\/boat-demo.axiomprotocol.org\/ro\/#\/schema\/logo\/image\/"}}]}},"_links":{"self":[{"href":"https:\/\/boat-demo.axiomprotocol.org\/ro\/wp-json\/wp\/v2\/product\/32331","targetHints":{"allow":["GET"]}}],"collection":[{"href":"https:\/\/boat-demo.axiomprotocol.org\/ro\/wp-json\/wp\/v2\/product"}],"about":[{"href":"https:\/\/boat-demo.axiomprotocol.org\/ro\/wp-json\/wp\/v2\/types\/product"}],"replies":[{"embeddable":true,"href":"https:\/\/boat-demo.axiomprotocol.org\/ro\/wp-json\/wp\/v2\/comments?post=32331"}],"version-history":[{"count":5,"href":"https:\/\/boat-demo.axiomprotocol.org\/ro\/wp-json\/wp\/v2\/product\/32331\/revisions"}],"predecessor-version":[{"id":32348,"href":"https:\/\/boat-demo.axiomprotocol.org\/ro\/wp-json\/wp\/v2\/product\/32331\/revisions\/32348"}],"wp:featuredmedia":[{"embeddable":true,"href":"https:\/\/boat-demo.axiomprotocol.org\/ro\/wp-json\/wp\/v2\/media\/32333"}],"wp:attachment":[{"href":"https:\/\/boat-demo.axiomprotocol.org\/ro\/wp-json\/wp\/v2\/media?parent=32331"}],"wp:term":[{"taxonomy":"product_brand","embeddable":true,"href":"https:\/\/boat-demo.axiomprotocol.org\/ro\/wp-json\/wp\/v2\/product_brand?post=32331"},{"taxonomy":"product_cat","embeddable":true,"href":"https:\/\/boat-demo.axiomprotocol.org\/ro\/wp-json\/wp\/v2\/product_cat?post=32331"},{"taxonomy":"product_tag","embeddable":true,"href":"https:\/\/boat-demo.axiomprotocol.org\/ro\/wp-json\/wp\/v2\/product_tag?post=32331"}],"curies":[{"name":"wp","href":"https:\/\/api.w.org\/{rel}","templated":true}]}}