{"id":32173,"date":"2024-04-19T15:33:11","date_gmt":"2024-04-19T12:33:13","guid":{"rendered":"https:\/\/boat-demo.axiomprotocol.org\/?post_type=product&#038;p=32173"},"modified":"2024-04-24T10:05:35","modified_gmt":"2024-04-24T07:05:35","slug":"sonar-garmin-echomap-ultra-102sv-livescope-plus-system-cu-lvs34-si-gls10","status":"publish","type":"product","link":"https:\/\/boat-demo.axiomprotocol.org\/ro\/produs\/sonar-garmin-echomap-ultra-102sv-livescope-plus-system-cu-lvs34-si-gls10\/","title":{"rendered":"Kit Sonar Garmin ECHOMAP Ultra 102sv &amp; LiveScope Plus System cu LVS34 si GLS10"},"content":{"rendered":"\t\t<div data-elementor-type=\"wp-post\" data-elementor-id=\"32173\" class=\"elementor elementor-32173 elementor-32172\">\n\t\t\t\t\t\t<section class=\"elementor-section elementor-top-section elementor-element elementor-element-30891e7c elementor-section-full_width elementor-section-height-default elementor-section-height-default\" data-id=\"30891e7c\" data-element_type=\"section\" data-e-type=\"section\">\n\t\t\t\t\t\t<div class=\"elementor-container elementor-column-gap-default\">\n\t\t\t\t\t<div class=\"elementor-column elementor-col-100 elementor-top-column elementor-element elementor-element-7429c668\" data-id=\"7429c668\" data-element_type=\"column\" data-e-type=\"column\">\n\t\t\t<div class=\"elementor-widget-wrap elementor-element-populated\">\n\t\t\t\t\t\t<div class=\"elementor-element elementor-element-192b099a elementor-widget elementor-widget-CarleaderHeading\" data-id=\"192b099a\" data-element_type=\"widget\" data-e-type=\"widget\" data-widget_type=\"CarleaderHeading.default\">\n\t\t\t\t<div class=\"elementor-widget-container\">\n\t\t\t\t\t\t  \r\n\t\t\t\t   <div class=\"tt-block-title  \t\">\r\n\t\t\t\t\t<h3 class=\"tt-title\">\r\n\t\t\tElibera\u021bi Puterea Preciziei \u0219i Naviga\u021biei cu Combo-ul GARMIN LiveScope Plus &amp; ECHOMAP Ultra.\n\n\n\n\n\n\n\t<\/h3>\r\n\t\t\t\t\t\t\t<\/div>\r\n\t\t\t\t\t\t<\/div>\n\t\t\t\t<\/div>\n\t\t\t\t\t<\/div>\n\t\t<\/div>\n\t\t\t\t\t<\/div>\n\t\t<\/section>\n\t\t\t\t<section class=\"elementor-section elementor-top-section elementor-element elementor-element-a656d8d elementor-section-boxed elementor-section-height-default elementor-section-height-default\" data-id=\"a656d8d\" data-element_type=\"section\" data-e-type=\"section\">\n\t\t\t\t\t\t<div class=\"elementor-container elementor-column-gap-default\">\n\t\t\t\t\t<div class=\"elementor-column elementor-col-50 elementor-top-column elementor-element elementor-element-7bc082f\" data-id=\"7bc082f\" data-element_type=\"column\" data-e-type=\"column\">\n\t\t\t<div class=\"elementor-widget-wrap elementor-element-populated\">\n\t\t\t\t\t\t<div class=\"elementor-element elementor-element-eae1e06 elementor-position-top elementor-widget elementor-widget-image-box\" data-id=\"eae1e06\" data-element_type=\"widget\" data-e-type=\"widget\" data-widget_type=\"image-box.default\">\n\t\t\t\t<div class=\"elementor-widget-container\">\n\t\t\t\t\t<div class=\"elementor-image-box-wrapper\"><figure class=\"elementor-image-box-img\"><a href=\"https:\/\/boat-demo.axiomprotocol.org\/ro\/produs\/garmin-livescope-plus-system\/\" target=\"_blank\" tabindex=\"-1\"><img decoding=\"async\" src=\"https:\/\/boat-demo.axiomprotocol.org\/wp-content\/uploads\/2024\/04\/LVS34-1-300x258.jpg\" title=\"LVS34.jpg\" alt=\"LVS34.jpg\" loading=\"lazy\" \/><\/a><\/figure><div class=\"elementor-image-box-content\"><h5 class=\"elementor-image-box-title\"><a href=\"https:\/\/boat-demo.axiomprotocol.org\/ro\/produs\/garmin-livescope-plus-system\/\" target=\"_blank\">GARMIN LiveScope Plus cu GLS 10\u2122 \u0219i Transductor LVS34<\/a><\/h5><p class=\"elementor-image-box-description\">Sistemul LiveScope Plus aduce un nou nivel de claritate \u0219i precizie aventurilor dvs. de pescuit. Cu o rezolu\u021bie \u00eembun\u0103t\u0103\u021bit\u0103 a ecranului, o separare \u00eembun\u0103t\u0103\u021bit\u0103 a \u021bintelor \u0219i palet\u0103 de culori vii, fiecare detaliu subacvatic prinde via\u021b\u0103.<\/p><\/div><\/div>\t\t\t\t<\/div>\n\t\t\t\t<\/div>\n\t\t\t\t\t<\/div>\n\t\t<\/div>\n\t\t\t\t<div class=\"elementor-column elementor-col-50 elementor-top-column elementor-element elementor-element-57e9ba5f\" data-id=\"57e9ba5f\" data-element_type=\"column\" data-e-type=\"column\">\n\t\t\t<div class=\"elementor-widget-wrap elementor-element-populated\">\n\t\t\t\t\t\t<div class=\"elementor-element elementor-element-2f61c698 elementor-widget elementor-widget-text-editor\" data-id=\"2f61c698\" data-element_type=\"widget\" data-e-type=\"widget\" data-widget_type=\"text-editor.default\">\n\t\t\t\t<div class=\"elementor-widget-container\">\n\t\t\t\t\t\t\t\t\t<h6 class=\"tt-title-single-sub\">\u00a0<\/h6><ul class=\"tt-list01\"><li><p><strong>Imagini Limpezi ca Cristalul:<\/strong> Experimenta\u021bi scene subacvatice cu claritate \u0219i detaliu de neegalat, datorit\u0103 clarit\u0103\u021bii \u00eembun\u0103t\u0103\u021bite a ecranului \u0219i sensibilit\u0103\u021bii transductorului.<\/p><\/li><li><p><strong>Separare \u00cembun\u0103t\u0103\u021bit\u0103 a \u021aintelor:<\/strong> Spune\u021bi adio aglomera\u021biei sonare \u0219i saluta\u021bi imagini mai clare \u0219i mai pu\u021bin zgomot pentru identificarea precis\u0103 a \u021bintelor.<\/p><\/li><li><p><strong>Palet\u0103 de Culori Vii:<\/strong> Maximiza\u021bi contrastul \u0219i claritatea cu palet\u0103 de culori vibrante, asigur\u00e2ndu-v\u0103 c\u0103 observa\u021bi fiecare nuan\u021b\u0103 subacvatic\u0103.<\/p><\/li><li><p><strong>Moduri Versatil:<\/strong> De la Moduri Forward la Down \u0219i Perspective, explora\u021bi fiecare unghi \u0219i maximiza\u021bi poten\u021bialul dvs. de pescuit.<\/p><\/li><li><p><strong>Compatibilitate de Actualizare:<\/strong> Integra\u021bi u\u0219or Sistemul LiveScope Plus \u00een configura\u021bia dvs. existent\u0103 cu o simpl\u0103 actualizare a transductorului.<\/p><\/li><\/ul>\t\t\t\t\t\t\t\t<\/div>\n\t\t\t\t<\/div>\n\t\t\t\t\t<\/div>\n\t\t<\/div>\n\t\t\t\t\t<\/div>\n\t\t<\/section>\n\t\t\t\t<section class=\"elementor-section elementor-top-section elementor-element elementor-element-4757064 elementor-section-boxed elementor-section-height-default elementor-section-height-default\" data-id=\"4757064\" data-element_type=\"section\" data-e-type=\"section\">\n\t\t\t\t\t\t<div class=\"elementor-container elementor-column-gap-default\">\n\t\t\t\t\t<div class=\"elementor-column elementor-col-100 elementor-top-column elementor-element elementor-element-6daf520\" data-id=\"6daf520\" data-element_type=\"column\" data-e-type=\"column\">\n\t\t\t<div class=\"elementor-widget-wrap elementor-element-populated\">\n\t\t\t\t\t\t<div class=\"elementor-element elementor-element-41279ad elementor-widget elementor-widget-CarleaderHeading\" data-id=\"41279ad\" data-element_type=\"widget\" data-e-type=\"widget\" data-widget_type=\"CarleaderHeading.default\">\n\t\t\t\t<div class=\"elementor-widget-container\">\n\t\t\t\t\t\t  \r\n\t\t\t\t   <div class=\"tt-block-title  \t\">\r\n\t\t\t\t\t<h3 class=\"tt-title\">\r\n\t\t\t+\t<\/h3>\r\n\t\t\t\t\t\t\t<\/div>\r\n\t\t\t\t\t\t<\/div>\n\t\t\t\t<\/div>\n\t\t\t\t\t<\/div>\n\t\t<\/div>\n\t\t\t\t\t<\/div>\n\t\t<\/section>\n\t\t\t\t<section class=\"elementor-section elementor-top-section elementor-element elementor-element-37a1738 elementor-section-boxed elementor-section-height-default elementor-section-height-default\" data-id=\"37a1738\" data-element_type=\"section\" data-e-type=\"section\">\n\t\t\t\t\t\t<div class=\"elementor-container elementor-column-gap-default\">\n\t\t\t\t\t<div class=\"elementor-column elementor-col-50 elementor-top-column elementor-element elementor-element-8febae1\" data-id=\"8febae1\" data-element_type=\"column\" data-e-type=\"column\">\n\t\t\t<div class=\"elementor-widget-wrap elementor-element-populated\">\n\t\t\t\t\t\t<div class=\"elementor-element elementor-element-23d19d3 elementor-position-top elementor-widget elementor-widget-image-box\" data-id=\"23d19d3\" data-element_type=\"widget\" data-e-type=\"widget\" data-widget_type=\"image-box.default\">\n\t\t\t\t<div class=\"elementor-widget-container\">\n\t\t\t\t\t<div class=\"elementor-image-box-wrapper\"><figure class=\"elementor-image-box-img\"><a href=\"https:\/\/boat-demo.axiomprotocol.org\/ro\/produs\/garmin-echomap-ultra-102sv-ww-w-o-xdcr\/\" target=\"_blank\" tabindex=\"-1\"><img decoding=\"async\" src=\"https:\/\/boat-demo.axiomprotocol.org\/wp-content\/uploads\/2024\/04\/ECHOMAP10-1-300x258.jpg\" title=\"ECHOMAP10.jpg\" alt=\"ECHOMAP10.jpg\" loading=\"lazy\" \/><\/a><\/figure><div class=\"elementor-image-box-content\"><h5 class=\"elementor-image-box-title\"><a href=\"https:\/\/boat-demo.axiomprotocol.org\/ro\/produs\/garmin-echomap-ultra-102sv-ww-w-o-xdcr\/\" target=\"_blank\">GARMIN ECHOMAP Ultra 102sv, 10\u2033, f\u0103r\u0103 XDCR<\/a><\/h5><p class=\"elementor-image-box-description\">ECHOMAP Ultra 102sv v\u0103 d\u0103 puterea cu tehnologie avansat\u0103 de cartografiere \u0219i sonar, asigur\u00e2ndu-v\u0103 c\u0103 naviga\u021bi cu \u00eencredere \u0219i descoperi\u021bi locurile unde se afl\u0103 pe\u0219tii cu u\u0219urin\u021b\u0103.<\/p><\/div><\/div>\t\t\t\t<\/div>\n\t\t\t\t<\/div>\n\t\t\t\t\t<\/div>\n\t\t<\/div>\n\t\t\t\t<div class=\"elementor-column elementor-col-50 elementor-top-column elementor-element elementor-element-1b1a280\" data-id=\"1b1a280\" data-element_type=\"column\" data-e-type=\"column\">\n\t\t\t<div class=\"elementor-widget-wrap elementor-element-populated\">\n\t\t\t\t\t\t<div class=\"elementor-element elementor-element-6ee90b04 elementor-widget elementor-widget-text-editor\" data-id=\"6ee90b04\" data-element_type=\"widget\" data-e-type=\"widget\" data-widget_type=\"text-editor.default\">\n\t\t\t\t<div class=\"elementor-widget-container\">\n\t\t\t\t\t\t\t\t\t<h6 class=\"tt-title-single-sub\">\u00a0<\/h6><ul class=\"tt-list01\"><li><p><strong>Ecran Citibil la Soare:<\/strong> Bucura\u021bi-v\u0103 de o vizibilitate superioar\u0103 chiar \u0219i \u00een lumina soarelui, datorit\u0103 clarit\u0103\u021bii ecranului de 10 inch.<\/p><\/li><li><p><strong>Capacitate Dual\u0103 de Sonar:<\/strong> Beneficia\u021bi de sonare CHIRP tradi\u021bionale \u0219i sonare de scanare Ultra High-Definition pentru detectarea detaliat\u0103 a structurii \u0219i a pe\u0219tilor.<\/p><\/li><li><p><strong>Cartografiere Cuprinz\u0103toare:<\/strong> Accesa\u021bi h\u0103r\u021bi de baz\u0103 mondiale \u0219i h\u0103r\u021bi op\u021bionale BlueChart\u00ae g3 \u0219i LakeV\u00fc\u2122 g3 pentru unelte de navigare cuprinz\u0103toare.<\/p><\/li><li><p><strong>Aplica\u021bia ActiveCaptain\u00ae:<\/strong> Gestiona\u021bi experien\u021ba dvs. marin\u0103 de la distan\u021b\u0103 cu aplica\u021bia ActiveCaptain\u00ae, r\u0103m\u00e2n\u00e2nd conectat la barca \u0219i datele dvs. de oriunde.<\/p><\/li><li><p><strong>Partajarea Datelor:<\/strong> Partaja\u021bi date, sonar \u0219i h\u0103r\u021bi \u00eentre dispozitive, asigur\u00e2nd o experien\u021b\u0103 de pescuit sincronizat\u0103 \u0219i eficient\u0103.<\/p><\/li><\/ul>\t\t\t\t\t\t\t\t<\/div>\n\t\t\t\t<\/div>\n\t\t\t\t\t<\/div>\n\t\t<\/div>\n\t\t\t\t\t<\/div>\n\t\t<\/section>\n\t\t\t\t<\/div>\n\t\t","protected":false},"excerpt":{"rendered":"<p><strong>Experimenta\u021bi Precizia F\u0103r\u0103 Rival \u00een Pescuit cu Combo-ul GARMIN LiveScope Plus &amp; ECHOMAP Ultra<\/strong><\/p>\n<div class=\"app__overview__intro__description\">\n<div class=\"app__overview__intro__description\">\n<div class=\"app__overview__intro__description\">\n<div class=\"app__overview__intro__description\">\n<p>Eleva\u021bi-v\u0103 nivelul de pescuit cu duo-ul suprem de la GARMIN: Sistemul LiveScope Plus \u0219i ECHOMAP Ultra 102sv. Proiectate pentru a oferi o vizibilitate subacvatic\u0103 de neegalat \u0219i capacit\u0103\u021bi de navigare, acestea sunt cheia succesului \u00een pescuit.<\/p>\n<\/div>\n<\/div>\n<\/div>\n<\/div>\n","protected":false},"featured_media":32201,"comment_status":"open","ping_status":"closed","template":"","meta":{"_acf_changed":false,"inline_featured_image":false},"product_brand":[],"product_cat":[91],"product_tag":[321,117,322],"class_list":{"0":"post-32173","1":"product","2":"type-product","3":"status-publish","4":"has-post-thumbnail","6":"product_cat-garmin-sonare-ro","7":"product_tag-echomap-ro","8":"product_tag-garmin-ro","9":"product_tag-ultra-ro","10":"tt-post","12":"first","13":"instock","14":"sale","15":"shipping-taxable","16":"purchasable","17":"product-type-simple"},"acf":[],"yoast_head":"<!-- This site is optimized with the Yoast SEO plugin v27.4 - https:\/\/yoast.com\/product\/yoast-seo-wordpress\/ -->\n<title>Kit Sonar Garmin ECHOMAP Ultra 102sv &amp; LiveScope Plus System cu LVS34 si GLS10 | Boats Expert<\/title>\n<meta name=\"description\" content=\"Cump\u0103ra\u021bi GARMIN de la distribuitor autorizat Boats Expert | Instalare profesional\u0103 pe toate tipurile de b\u0103rci.\" \/>\n<meta name=\"robots\" content=\"index, follow, max-snippet:-1, max-image-preview:large, max-video-preview:-1\" \/>\n<link rel=\"canonical\" href=\"https:\/\/boat-demo.axiomprotocol.org\/ro\/produs\/sonar-garmin-echomap-ultra-102sv-livescope-plus-system-cu-lvs34-si-gls10\/\" \/>\n<meta property=\"og:locale\" content=\"ro_RO\" \/>\n<meta property=\"og:type\" content=\"article\" \/>\n<meta property=\"og:title\" content=\"Kit Sonar Garmin ECHOMAP Ultra 102sv &amp; LiveScope Plus System cu LVS34 si GLS10 | Boats Expert\" \/>\n<meta property=\"og:description\" content=\"Cump\u0103ra\u021bi GARMIN de la distribuitor autorizat Boats Expert | Instalare profesional\u0103 pe toate tipurile de b\u0103rci.\" \/>\n<meta property=\"og:url\" content=\"https:\/\/boat-demo.axiomprotocol.org\/ro\/produs\/sonar-garmin-echomap-ultra-102sv-livescope-plus-system-cu-lvs34-si-gls10\/\" \/>\n<meta property=\"og:site_name\" content=\"BoatsExpert\" \/>\n<meta property=\"article:modified_time\" content=\"2024-04-24T07:05:35+00:00\" \/>\n<meta property=\"og:image\" content=\"https:\/\/boat-demo.axiomprotocol.org\/wp-content\/uploads\/2024\/04\/promoset1.jpg\" \/>\n\t<meta property=\"og:image:width\" content=\"555\" \/>\n\t<meta property=\"og:image:height\" content=\"478\" \/>\n\t<meta property=\"og:image:type\" content=\"image\/jpeg\" \/>\n<meta name=\"twitter:card\" content=\"summary_large_image\" \/>\n<meta name=\"twitter:label1\" content=\"Timp estimat pentru citire\" \/>\n\t<meta name=\"twitter:data1\" content=\"2 minute\" \/>\n<script type=\"application\/ld+json\" class=\"yoast-schema-graph\">{\"@context\":\"https:\\\/\\\/schema.org\",\"@graph\":[{\"@type\":\"WebPage\",\"@id\":\"https:\\\/\\\/boat-demo.axiomprotocol.org\\\/ro\\\/produs\\\/sonar-garmin-echomap-ultra-102sv-livescope-plus-system-cu-lvs34-si-gls10\\\/\",\"url\":\"https:\\\/\\\/boat-demo.axiomprotocol.org\\\/ro\\\/produs\\\/sonar-garmin-echomap-ultra-102sv-livescope-plus-system-cu-lvs34-si-gls10\\\/\",\"name\":\"Kit Sonar Garmin ECHOMAP Ultra 102sv &amp; LiveScope Plus System cu LVS34 si GLS10 | Boats Expert\",\"isPartOf\":{\"@id\":\"https:\\\/\\\/boat-demo.axiomprotocol.org\\\/ro\\\/#website\"},\"primaryImageOfPage\":{\"@id\":\"https:\\\/\\\/boat-demo.axiomprotocol.org\\\/ro\\\/produs\\\/sonar-garmin-echomap-ultra-102sv-livescope-plus-system-cu-lvs34-si-gls10\\\/#primaryimage\"},\"image\":{\"@id\":\"https:\\\/\\\/boat-demo.axiomprotocol.org\\\/ro\\\/produs\\\/sonar-garmin-echomap-ultra-102sv-livescope-plus-system-cu-lvs34-si-gls10\\\/#primaryimage\"},\"thumbnailUrl\":\"https:\\\/\\\/boat-demo.axiomprotocol.org\\\/wp-content\\\/uploads\\\/2024\\\/04\\\/promoset1.jpg\",\"datePublished\":\"2024-04-19T12:33:13+00:00\",\"dateModified\":\"2024-04-24T07:05:35+00:00\",\"description\":\"Cump\u0103ra\u021bi GARMIN de la distribuitor autorizat Boats Expert | Instalare profesional\u0103 pe toate tipurile de b\u0103rci.\",\"breadcrumb\":{\"@id\":\"https:\\\/\\\/boat-demo.axiomprotocol.org\\\/ro\\\/produs\\\/sonar-garmin-echomap-ultra-102sv-livescope-plus-system-cu-lvs34-si-gls10\\\/#breadcrumb\"},\"inLanguage\":\"ro-RO\",\"potentialAction\":[{\"@type\":\"ReadAction\",\"target\":[\"https:\\\/\\\/boat-demo.axiomprotocol.org\\\/ro\\\/produs\\\/sonar-garmin-echomap-ultra-102sv-livescope-plus-system-cu-lvs34-si-gls10\\\/\"]}]},{\"@type\":\"ImageObject\",\"inLanguage\":\"ro-RO\",\"@id\":\"https:\\\/\\\/boat-demo.axiomprotocol.org\\\/ro\\\/produs\\\/sonar-garmin-echomap-ultra-102sv-livescope-plus-system-cu-lvs34-si-gls10\\\/#primaryimage\",\"url\":\"https:\\\/\\\/boat-demo.axiomprotocol.org\\\/wp-content\\\/uploads\\\/2024\\\/04\\\/promoset1.jpg\",\"contentUrl\":\"https:\\\/\\\/boat-demo.axiomprotocol.org\\\/wp-content\\\/uploads\\\/2024\\\/04\\\/promoset1.jpg\",\"width\":555,\"height\":478},{\"@type\":\"BreadcrumbList\",\"@id\":\"https:\\\/\\\/boat-demo.axiomprotocol.org\\\/ro\\\/produs\\\/sonar-garmin-echomap-ultra-102sv-livescope-plus-system-cu-lvs34-si-gls10\\\/#breadcrumb\",\"itemListElement\":[{\"@type\":\"ListItem\",\"position\":1,\"name\":\"Home\",\"item\":\"https:\\\/\\\/boat-demo.axiomprotocol.org\\\/\"},{\"@type\":\"ListItem\",\"position\":2,\"name\":\"Shop Online &#8211; cel mai bun magazin pentru echipamente pentru b\u0103rci\",\"item\":\"https:\\\/\\\/boat-demo.axiomprotocol.org\\\/ro\\\/shop-ro\\\/\"},{\"@type\":\"ListItem\",\"position\":3,\"name\":\"Kit Sonar Garmin ECHOMAP Ultra 102sv &amp; LiveScope Plus System cu LVS34 si GLS10\"}]},{\"@type\":\"WebSite\",\"@id\":\"https:\\\/\\\/boat-demo.axiomprotocol.org\\\/ro\\\/#website\",\"url\":\"https:\\\/\\\/boat-demo.axiomprotocol.org\\\/ro\\\/\",\"name\":\"BoatsExpert\",\"description\":\"Boats, Service, Equipment\",\"publisher\":{\"@id\":\"https:\\\/\\\/boat-demo.axiomprotocol.org\\\/ro\\\/#organization\"},\"potentialAction\":[{\"@type\":\"SearchAction\",\"target\":{\"@type\":\"EntryPoint\",\"urlTemplate\":\"https:\\\/\\\/boat-demo.axiomprotocol.org\\\/ro\\\/?s={search_term_string}\"},\"query-input\":{\"@type\":\"PropertyValueSpecification\",\"valueRequired\":true,\"valueName\":\"search_term_string\"}}],\"inLanguage\":\"ro-RO\"},{\"@type\":\"Organization\",\"@id\":\"https:\\\/\\\/boat-demo.axiomprotocol.org\\\/ro\\\/#organization\",\"name\":\"BoatsExpert\",\"url\":\"https:\\\/\\\/boat-demo.axiomprotocol.org\\\/ro\\\/\",\"logo\":{\"@type\":\"ImageObject\",\"inLanguage\":\"ro-RO\",\"@id\":\"https:\\\/\\\/boat-demo.axiomprotocol.org\\\/ro\\\/#\\\/schema\\\/logo\\\/image\\\/\",\"url\":\"https:\\\/\\\/boat-demo.axiomprotocol.org\\\/wp-content\\\/uploads\\\/2023\\\/05\\\/white-logo60.svg\",\"contentUrl\":\"https:\\\/\\\/boat-demo.axiomprotocol.org\\\/wp-content\\\/uploads\\\/2023\\\/05\\\/white-logo60.svg\",\"width\":90,\"height\":60,\"caption\":\"BoatsExpert\"},\"image\":{\"@id\":\"https:\\\/\\\/boat-demo.axiomprotocol.org\\\/ro\\\/#\\\/schema\\\/logo\\\/image\\\/\"}}]}<\/script>\n<!-- \/ Yoast SEO plugin. -->","yoast_head_json":{"title":"Kit Sonar Garmin ECHOMAP Ultra 102sv &amp; LiveScope Plus System cu LVS34 si GLS10 | Boats Expert","description":"Cump\u0103ra\u021bi GARMIN de la distribuitor autorizat Boats Expert | Instalare profesional\u0103 pe toate tipurile de b\u0103rci.","robots":{"index":"index","follow":"follow","max-snippet":"max-snippet:-1","max-image-preview":"max-image-preview:large","max-video-preview":"max-video-preview:-1"},"canonical":"https:\/\/boat-demo.axiomprotocol.org\/ro\/produs\/sonar-garmin-echomap-ultra-102sv-livescope-plus-system-cu-lvs34-si-gls10\/","og_locale":"ro_RO","og_type":"article","og_title":"Kit Sonar Garmin ECHOMAP Ultra 102sv &amp; LiveScope Plus System cu LVS34 si GLS10 | Boats Expert","og_description":"Cump\u0103ra\u021bi GARMIN de la distribuitor autorizat Boats Expert | Instalare profesional\u0103 pe toate tipurile de b\u0103rci.","og_url":"https:\/\/boat-demo.axiomprotocol.org\/ro\/produs\/sonar-garmin-echomap-ultra-102sv-livescope-plus-system-cu-lvs34-si-gls10\/","og_site_name":"BoatsExpert","article_modified_time":"2024-04-24T07:05:35+00:00","og_image":[{"width":555,"height":478,"url":"https:\/\/boat-demo.axiomprotocol.org\/wp-content\/uploads\/2024\/04\/promoset1.jpg","type":"image\/jpeg"}],"twitter_card":"summary_large_image","twitter_misc":{"Timp estimat pentru citire":"2 minute"},"schema":{"@context":"https:\/\/schema.org","@graph":[{"@type":"WebPage","@id":"https:\/\/boat-demo.axiomprotocol.org\/ro\/produs\/sonar-garmin-echomap-ultra-102sv-livescope-plus-system-cu-lvs34-si-gls10\/","url":"https:\/\/boat-demo.axiomprotocol.org\/ro\/produs\/sonar-garmin-echomap-ultra-102sv-livescope-plus-system-cu-lvs34-si-gls10\/","name":"Kit Sonar Garmin ECHOMAP Ultra 102sv &amp; LiveScope Plus System cu LVS34 si GLS10 | Boats Expert","isPartOf":{"@id":"https:\/\/boat-demo.axiomprotocol.org\/ro\/#website"},"primaryImageOfPage":{"@id":"https:\/\/boat-demo.axiomprotocol.org\/ro\/produs\/sonar-garmin-echomap-ultra-102sv-livescope-plus-system-cu-lvs34-si-gls10\/#primaryimage"},"image":{"@id":"https:\/\/boat-demo.axiomprotocol.org\/ro\/produs\/sonar-garmin-echomap-ultra-102sv-livescope-plus-system-cu-lvs34-si-gls10\/#primaryimage"},"thumbnailUrl":"https:\/\/boat-demo.axiomprotocol.org\/wp-content\/uploads\/2024\/04\/promoset1.jpg","datePublished":"2024-04-19T12:33:13+00:00","dateModified":"2024-04-24T07:05:35+00:00","description":"Cump\u0103ra\u021bi GARMIN de la distribuitor autorizat Boats Expert | Instalare profesional\u0103 pe toate tipurile de b\u0103rci.","breadcrumb":{"@id":"https:\/\/boat-demo.axiomprotocol.org\/ro\/produs\/sonar-garmin-echomap-ultra-102sv-livescope-plus-system-cu-lvs34-si-gls10\/#breadcrumb"},"inLanguage":"ro-RO","potentialAction":[{"@type":"ReadAction","target":["https:\/\/boat-demo.axiomprotocol.org\/ro\/produs\/sonar-garmin-echomap-ultra-102sv-livescope-plus-system-cu-lvs34-si-gls10\/"]}]},{"@type":"ImageObject","inLanguage":"ro-RO","@id":"https:\/\/boat-demo.axiomprotocol.org\/ro\/produs\/sonar-garmin-echomap-ultra-102sv-livescope-plus-system-cu-lvs34-si-gls10\/#primaryimage","url":"https:\/\/boat-demo.axiomprotocol.org\/wp-content\/uploads\/2024\/04\/promoset1.jpg","contentUrl":"https:\/\/boat-demo.axiomprotocol.org\/wp-content\/uploads\/2024\/04\/promoset1.jpg","width":555,"height":478},{"@type":"BreadcrumbList","@id":"https:\/\/boat-demo.axiomprotocol.org\/ro\/produs\/sonar-garmin-echomap-ultra-102sv-livescope-plus-system-cu-lvs34-si-gls10\/#breadcrumb","itemListElement":[{"@type":"ListItem","position":1,"name":"Home","item":"https:\/\/boat-demo.axiomprotocol.org\/"},{"@type":"ListItem","position":2,"name":"Shop Online &#8211; cel mai bun magazin pentru echipamente pentru b\u0103rci","item":"https:\/\/boat-demo.axiomprotocol.org\/ro\/shop-ro\/"},{"@type":"ListItem","position":3,"name":"Kit Sonar Garmin ECHOMAP Ultra 102sv &amp; LiveScope Plus System cu LVS34 si GLS10"}]},{"@type":"WebSite","@id":"https:\/\/boat-demo.axiomprotocol.org\/ro\/#website","url":"https:\/\/boat-demo.axiomprotocol.org\/ro\/","name":"BoatsExpert","description":"Boats, Service, Equipment","publisher":{"@id":"https:\/\/boat-demo.axiomprotocol.org\/ro\/#organization"},"potentialAction":[{"@type":"SearchAction","target":{"@type":"EntryPoint","urlTemplate":"https:\/\/boat-demo.axiomprotocol.org\/ro\/?s={search_term_string}"},"query-input":{"@type":"PropertyValueSpecification","valueRequired":true,"valueName":"search_term_string"}}],"inLanguage":"ro-RO"},{"@type":"Organization","@id":"https:\/\/boat-demo.axiomprotocol.org\/ro\/#organization","name":"BoatsExpert","url":"https:\/\/boat-demo.axiomprotocol.org\/ro\/","logo":{"@type":"ImageObject","inLanguage":"ro-RO","@id":"https:\/\/boat-demo.axiomprotocol.org\/ro\/#\/schema\/logo\/image\/","url":"https:\/\/boat-demo.axiomprotocol.org\/wp-content\/uploads\/2023\/05\/white-logo60.svg","contentUrl":"https:\/\/boat-demo.axiomprotocol.org\/wp-content\/uploads\/2023\/05\/white-logo60.svg","width":90,"height":60,"caption":"BoatsExpert"},"image":{"@id":"https:\/\/boat-demo.axiomprotocol.org\/ro\/#\/schema\/logo\/image\/"}}]}},"_links":{"self":[{"href":"https:\/\/boat-demo.axiomprotocol.org\/ro\/wp-json\/wp\/v2\/product\/32173","targetHints":{"allow":["GET"]}}],"collection":[{"href":"https:\/\/boat-demo.axiomprotocol.org\/ro\/wp-json\/wp\/v2\/product"}],"about":[{"href":"https:\/\/boat-demo.axiomprotocol.org\/ro\/wp-json\/wp\/v2\/types\/product"}],"replies":[{"embeddable":true,"href":"https:\/\/boat-demo.axiomprotocol.org\/ro\/wp-json\/wp\/v2\/comments?post=32173"}],"version-history":[{"count":13,"href":"https:\/\/boat-demo.axiomprotocol.org\/ro\/wp-json\/wp\/v2\/product\/32173\/revisions"}],"predecessor-version":[{"id":32456,"href":"https:\/\/boat-demo.axiomprotocol.org\/ro\/wp-json\/wp\/v2\/product\/32173\/revisions\/32456"}],"wp:featuredmedia":[{"embeddable":true,"href":"https:\/\/boat-demo.axiomprotocol.org\/ro\/wp-json\/wp\/v2\/media\/32201"}],"wp:attachment":[{"href":"https:\/\/boat-demo.axiomprotocol.org\/ro\/wp-json\/wp\/v2\/media?parent=32173"}],"wp:term":[{"taxonomy":"product_brand","embeddable":true,"href":"https:\/\/boat-demo.axiomprotocol.org\/ro\/wp-json\/wp\/v2\/product_brand?post=32173"},{"taxonomy":"product_cat","embeddable":true,"href":"https:\/\/boat-demo.axiomprotocol.org\/ro\/wp-json\/wp\/v2\/product_cat?post=32173"},{"taxonomy":"product_tag","embeddable":true,"href":"https:\/\/boat-demo.axiomprotocol.org\/ro\/wp-json\/wp\/v2\/product_tag?post=32173"}],"curies":[{"name":"wp","href":"https:\/\/api.w.org\/{rel}","templated":true}]}}