{"id":32064,"date":"2024-04-17T15:40:17","date_gmt":"2024-04-17T12:40:17","guid":{"rendered":"https:\/\/boat-demo.axiomprotocol.org\/?post_type=product&#038;p=32064"},"modified":"2024-04-17T15:58:06","modified_gmt":"2024-04-17T12:58:06","slug":"ram-adaptor-sferic-in-forma-de-palnie-pentru-baza-portului-de-navigatie-scotty-si-hobie-dimensiune-c","status":"publish","type":"product","link":"https:\/\/boat-demo.axiomprotocol.org\/ro\/produs\/ram-adaptor-sferic-in-forma-de-palnie-pentru-baza-portului-de-navigatie-scotty-si-hobie-dimensiune-c\/","title":{"rendered":"RAM\u00ae Adaptor sferic in forma de palnie pentru baza portului de navigatie Scotty si Hobie &#8211; Dimensiune C"},"content":{"rendered":"\t\t<div data-elementor-type=\"wp-post\" data-elementor-id=\"32064\" class=\"elementor elementor-32064 elementor-32063\">\n\t\t\t\t\t\t<section class=\"elementor-section elementor-top-section elementor-element elementor-element-7ef4be9 elementor-section-boxed elementor-section-height-default elementor-section-height-default\" data-id=\"7ef4be9\" data-element_type=\"section\" data-e-type=\"section\">\n\t\t\t\t\t\t<div class=\"elementor-container elementor-column-gap-default\">\n\t\t\t\t\t<div class=\"elementor-column elementor-col-100 elementor-top-column elementor-element elementor-element-62d69e5\" data-id=\"62d69e5\" data-element_type=\"column\" data-e-type=\"column\">\n\t\t\t<div class=\"elementor-widget-wrap elementor-element-populated\">\n\t\t\t\t\t\t<div class=\"elementor-element elementor-element-e8d061b elementor-widget elementor-widget-heading\" data-id=\"e8d061b\" data-element_type=\"widget\" data-e-type=\"widget\" data-widget_type=\"heading.default\">\n\t\t\t\t<div class=\"elementor-widget-container\">\n\t\t\t\t\t<h6 class=\"elementor-heading-title elementor-size-large\">Specifica\u021bii<\/h6>\t\t\t\t<\/div>\n\t\t\t\t<\/div>\n\t\t\t\t\t<\/div>\n\t\t<\/div>\n\t\t\t\t\t<\/div>\n\t\t<\/section>\n\t\t\t\t<section class=\"elementor-section elementor-top-section elementor-element elementor-element-c739292 elementor-section-boxed elementor-section-height-default elementor-section-height-default\" data-id=\"c739292\" data-element_type=\"section\" data-e-type=\"section\">\n\t\t\t\t\t\t<div class=\"elementor-container elementor-column-gap-default\">\n\t\t\t\t\t<div class=\"elementor-column elementor-col-100 elementor-top-column elementor-element elementor-element-66f871c\" data-id=\"66f871c\" data-element_type=\"column\" data-e-type=\"column\">\n\t\t\t<div class=\"elementor-widget-wrap elementor-element-populated\">\n\t\t\t\t\t\t<div class=\"elementor-element elementor-element-7e4c7ad elementor-widget elementor-widget-text-editor\" data-id=\"7e4c7ad\" data-element_type=\"widget\" data-e-type=\"widget\" data-widget_type=\"text-editor.default\">\n\t\t\t\t<div class=\"elementor-widget-container\">\n\t\t\t\t\t\t\t\t\t<table style=\"width: 100%\"><tbody><tr><td><strong>GREUTATEA PRODUSULUI<\/strong><\/td><td><div class=\"dictionary__param\"><div class=\"dictionary__values\"><div class=\"dictionary__value\"><span class=\"dictionary__value_txt\">91 g<\/span><\/div><\/div><\/div><\/td><\/tr><tr><td><strong>HARDWARE INCLUDE<\/strong><\/td><td><div class=\"dictionary__value\"><div class=\"dictionary__value\"><div class=\"dictionary__value\"><div class=\"dictionary__param\"><div class=\"dictionary__values\"><div class=\"dictionary__value\"><span class=\"dictionary__value_txt\">Assembly Hardware<\/span><\/div><\/div><\/div><\/div><\/div><\/div><\/td><\/tr><tr><td><strong>CAPACITATEA DE GREUTATE<\/strong><\/td><td><div class=\"dictionary__param\"><div class=\"dictionary__values\"><div class=\"dictionary__value\"><div class=\"dictionary__param\"><div class=\"dictionary__values\"><div class=\"dictionary__value\"><div class=\"dictionary__param\"><div class=\"dictionary__values\"><div class=\"dictionary__value\"><div class=\"dictionary__param\"><div class=\"dictionary__values\"><div class=\"dictionary__value\"><span class=\"dictionary__value_txt\">Standard Use: 1814.37 gramss|Heavy-Duty Use: 1360.78 gramss<\/span><\/div><\/div><\/div><\/div><\/div><\/div><\/div><\/div><\/div><\/div><\/div><\/div><\/td><\/tr><tr><td><strong>MATERIALE<\/strong><\/td><td><div class=\"dictionary__param\"><div class=\"dictionary__values\"><div class=\"dictionary__value\"><div class=\"dictionary__param\"><div class=\"dictionary__values\"><div class=\"dictionary__value\"><span class=\"dictionary__value_txt\">High strength composite<\/span><\/div><\/div><\/div><\/div><\/div><\/div><\/td><\/tr><tr><td><strong>TIP AMBALAJ<\/strong><\/td><td><div class=\"dictionary__param\"><div class=\"dictionary__values\"><div class=\"dictionary__value\"><span class=\"dictionary__value_txt\">Poly Bag<\/span><\/div><\/div><\/div><\/td><\/tr><tr><td><strong>TIP MONTARE<\/strong><\/td><td><div class=\"dictionary__param\"><div class=\"dictionary__values\"><div class=\"dictionary__value\"><div class=\"dictionary__param\"><div class=\"dictionary__values\"><div class=\"dictionary__value\"><span class=\"dictionary__value_txt\">Wedge Mount<\/span><\/div><\/div><\/div><\/div><\/div><\/div><\/td><\/tr><tr><td><strong>DIMENSIUNE MINGE-PRINDERE<\/strong><\/td><td><div class=\"dictionary__param\"><div class=\"dictionary__values\"><div class=\"dictionary__value\"><div class=\"dictionary__param\"><div class=\"dictionary__values\"><div class=\"dictionary__value\"><div class=\"dictionary__param\"><div class=\"dictionary__values\"><div class=\"dictionary__value\"><span class=\"dictionary__value_txt\">C Size 1.5&#8243; (Holds 1814.37 gramss)<\/span><\/div><\/div><\/div><\/div><\/div><\/div><\/div><\/div><\/div><\/td><\/tr><tr><td><strong>TIP VEHICUL<\/strong><\/td><td><div class=\"dictionary__param\"><div class=\"dictionary__values\"><div class=\"dictionary__value\"><span class=\"dictionary__value_txt\">Power Boat<br \/>Kayak<br \/><\/span><\/div><\/div><\/div><\/td><\/tr><tr><td><strong>DIMENSIUNE MINGE<\/strong><\/td><td><div id=\"container\" class=\"projector_page container max-width-1200\"><div id=\"layout\" class=\"row clearfix\"><div id=\"content\" class=\"col-12\"><div id=\"projector_long-info_container_desktop\"><div id=\"long-desc-param\" class=\"tab-content-info\"><section id=\"projector_dictionary\" class=\"dictionary mt-2\"><div class=\"dictionary__group --first --no-group\"><div class=\"dictionary__param\"><div class=\"dictionary__values\"><div class=\"dictionary__value\"><div class=\"dictionary__param\"><div class=\"dictionary__values\"><div class=\"dictionary__value\"><div id=\"container\" class=\"projector_page container max-width-1200\"><div id=\"layout\" class=\"row clearfix\"><div id=\"content\" class=\"col-12\"><div id=\"projector_long-info_container_desktop\"><div id=\"long-desc-param\" class=\"tab-content-info\"><section id=\"projector_dictionary\" class=\"dictionary mt-2\"><div class=\"dictionary__group --first --no-group\"><div class=\"dictionary__param\"><div class=\"dictionary__values\"><div class=\"dictionary__value\"><span class=\"dictionary__value_txt\">C Size (1.5&#8243;)<\/span><\/div><\/div><\/div><\/div><\/section><\/div><\/div><\/div><\/div><\/div><\/div><\/div><\/div><\/div><\/div><\/div><\/div><\/section><\/div><\/div><\/div><\/div><\/div><\/td><\/tr><\/tbody><\/table>\t\t\t\t\t\t\t\t<\/div>\n\t\t\t\t<\/div>\n\t\t\t\t\t<\/div>\n\t\t<\/div>\n\t\t\t\t\t<\/div>\n\t\t<\/section>\n\t\t\t\t<\/div>\n\t\t","protected":false},"excerpt":{"rendered":"<p>&nbsp;<\/p>\n<div class=\"flex-1 overflow-hidden\">\n<div class=\"react-scroll-to-bottom--css-gvpmq-79elbk h-full\">\n<div class=\"react-scroll-to-bottom--css-gvpmq-1n7m0yu\">\n<div class=\"flex flex-col text-sm pb-9\">\n<div class=\"w-full text-token-text-primary\" dir=\"auto\" data-testid=\"conversation-turn-19\">\n<div class=\"px-4 py-2 justify-center text-base md:gap-6 m-auto\">\n<div class=\"flex flex-1 text-base mx-auto gap-3 juice:gap-4 juice:md:gap-6 md:px-5 lg:px-1 xl:px-5 md:max-w-3xl lg:max-w-[40rem] xl:max-w-[48rem] group final-completion\">\n<div class=\"relative flex w-full flex-col agent-turn\">\n<div class=\"flex-col gap-1 md:gap-3\">\n<div class=\"flex flex-grow flex-col max-w-full\">\n<div class=\"min-h-[20px] text-message flex flex-col items-start gap-3 whitespace-pre-wrap break-words [.text-message+&amp;]:mt-5 overflow-x-auto\" dir=\"auto\" data-message-author-role=\"assistant\" data-message-id=\"606da380-d356-4855-8ae4-ef3a52efab09\">\n<div class=\"markdown prose w-full break-words dark:prose-invert light\">\n<div class=\"flex-1 overflow-hidden\">\n<div class=\"react-scroll-to-bottom--css-lbrry-79elbk h-full\">\n<div class=\"react-scroll-to-bottom--css-lbrry-1n7m0yu\">\n<div class=\"flex flex-col text-sm pb-9\">\n<div class=\"w-full text-token-text-primary\" dir=\"auto\" data-testid=\"conversation-turn-7\">\n<div class=\"px-4 py-2 justify-center text-base md:gap-6 m-auto\">\n<div class=\"flex flex-1 text-base mx-auto gap-3 juice:gap-4 juice:md:gap-6 md:px-5 lg:px-1 xl:px-5 md:max-w-3xl lg:max-w-[40rem] xl:max-w-[48rem]\">\n<div class=\"relative flex w-full flex-col agent-turn\">\n<div class=\"flex-col gap-1 md:gap-3\">\n<div class=\"flex flex-grow flex-col max-w-full\">\n<div class=\"min-h-[20px] text-message flex flex-col items-start gap-3 whitespace-pre-wrap break-words [.text-message+&amp;]:mt-5 overflow-x-auto\" dir=\"auto\" data-message-author-role=\"assistant\" data-message-id=\"9def9f10-f86a-40c5-9bfd-b8cb87c4a023\">\n<div class=\"markdown prose w-full break-words dark:prose-invert light\">\n<div class=\"flex-1 overflow-hidden\">\n<div class=\"react-scroll-to-bottom--css-lbrry-79elbk h-full\">\n<div class=\"react-scroll-to-bottom--css-lbrry-1n7m0yu\">\n<div class=\"flex flex-col text-sm pb-9\">\n<div class=\"w-full text-token-text-primary\" dir=\"auto\" data-testid=\"conversation-turn-15\">\n<div class=\"px-4 py-2 justify-center text-base md:gap-6 m-auto\">\n<div class=\"flex flex-1 text-base mx-auto gap-3 juice:gap-4 juice:md:gap-6 md:px-5 lg:px-1 xl:px-5 md:max-w-3xl lg:max-w-[40rem] xl:max-w-[48rem]\">\n<div class=\"relative flex w-full flex-col agent-turn\">\n<div class=\"flex-col gap-1 md:gap-3\">\n<div class=\"flex flex-grow flex-col max-w-full\">\n<div class=\"min-h-[20px] text-message flex flex-col items-start gap-3 whitespace-pre-wrap break-words [.text-message+&amp;]:mt-5 overflow-x-auto\" dir=\"auto\" data-message-author-role=\"assistant\" data-message-id=\"2d78ca7f-8ab4-4874-8525-5a6f1f53d3e7\">\n<div class=\"markdown prose w-full break-words dark:prose-invert light\">\n<p>P\u0103streaz\u0103 lucrurile simple \u0219i versatile, noile Suporturi sferice cu pan\u0103 RAM sunt o modalitate excelent\u0103 de a oferi un punct de montare practic oric\u0103rui obiect. Pur \u0219i simplu introduce\u021bi pana \u00een deschiderea rotund\u0103 a bazei de suport a suportului de undi\u021b\u0103 \u0219i str\u00e2nge\u021bi \u0219urubul. Noua baz\u0103 cu pan\u0103 RAM se extinde pentru a se potrivi cu g\u0103uri de la 7\/8 &#8211; 1 inch \u00een diametru \u0219i se blocheaz\u0103 str\u00e2ns. Odat\u0103 instalat\u0103, ave\u021bi modalitatea perfect\u0103 de a monta orice, de la suporturi de undi\u021be RAM, GPS, telefon mobil, suport pentru pahar, sonar sau lanterna, toate put\u00e2nd fi sus\u021binute \u0219i pozi\u021bionate perfect folosind acest produs nou \u0219i excelent.<\/p>\n<\/div>\n<\/div>\n<\/div>\n<\/div>\n<\/div>\n<\/div>\n<\/div>\n<\/div>\n<\/div>\n<\/div>\n<\/div>\n<\/div>\n<\/div>\n<\/div>\n<\/div>\n<\/div>\n<\/div>\n<\/div>\n<\/div>\n<\/div>\n<\/div>\n<\/div>\n<\/div>\n<\/div>\n<\/div>\n<\/div>\n<\/div>\n<\/div>\n<\/div>\n<\/div>\n<\/div>\n<\/div>\n<\/div>\n<\/div>\n<\/div>\n<\/div>\n","protected":false},"featured_media":32066,"comment_status":"open","ping_status":"closed","template":"","meta":{"_acf_changed":false,"inline_featured_image":false},"product_brand":[],"product_cat":[343,340],"product_tag":[],"class_list":{"0":"post-32064","1":"product","2":"type-product","3":"status-publish","4":"has-post-thumbnail","6":"product_cat-ram-mounts_ro","7":"product_cat-sisteme-de-prindere-ro","8":"tt-post","10":"first","11":"instock","12":"shipping-taxable","13":"purchasable","14":"product-type-simple"},"acf":[],"yoast_head":"<!-- This site is optimized with the Yoast SEO plugin v27.4 - https:\/\/yoast.com\/product\/yoast-seo-wordpress\/ -->\n<title>RAM\u00ae Adaptor sferic in forma de palnie pentru baza portului de navigatie Scotty si Hobie - Dimensiune C - BoatsExpert<\/title>\n<meta name=\"description\" content=\"Cump\u0103ra\u021bi RAM Adaptor sferic in forma de palnie \u00een Rom\u00e2nia de la Boats Expert. \u041e gam\u0103 larg\u0103 de accesorii pentru b\u0103rci cu motor cu livrare \u00een toat\u0103 Rom\u00e2nia!\" \/>\n<meta name=\"robots\" content=\"index, follow, max-snippet:-1, max-image-preview:large, max-video-preview:-1\" \/>\n<link rel=\"canonical\" href=\"https:\/\/boat-demo.axiomprotocol.org\/ro\/produs\/ram-adaptor-sferic-in-forma-de-palnie-pentru-baza-portului-de-navigatie-scotty-si-hobie-dimensiune-c\/\" \/>\n<meta property=\"og:locale\" content=\"ro_RO\" \/>\n<meta property=\"og:type\" content=\"article\" \/>\n<meta property=\"og:title\" content=\"RAM\u00ae Adaptor sferic in forma de palnie pentru baza portului de navigatie Scotty si Hobie - Dimensiune C - BoatsExpert\" \/>\n<meta property=\"og:description\" content=\"Cump\u0103ra\u021bi RAM Adaptor sferic in forma de palnie \u00een Rom\u00e2nia de la Boats Expert. \u041e gam\u0103 larg\u0103 de accesorii pentru b\u0103rci cu motor cu livrare \u00een toat\u0103 Rom\u00e2nia!\" \/>\n<meta property=\"og:url\" content=\"https:\/\/boat-demo.axiomprotocol.org\/ro\/produs\/ram-adaptor-sferic-in-forma-de-palnie-pentru-baza-portului-de-navigatie-scotty-si-hobie-dimensiune-c\/\" \/>\n<meta property=\"og:site_name\" content=\"BoatsExpert\" \/>\n<meta property=\"article:modified_time\" content=\"2024-04-17T12:58:06+00:00\" \/>\n<meta property=\"og:image\" content=\"https:\/\/boat-demo.axiomprotocol.org\/wp-content\/uploads\/2024\/04\/eng_pl_RAM-R-Wedge-Ball-Adapter-for-Scotty-and-Hobie-Sail-Port-Base-C-Size-12552_1.jpg\" \/>\n\t<meta property=\"og:image:width\" content=\"555\" \/>\n\t<meta property=\"og:image:height\" content=\"478\" \/>\n\t<meta property=\"og:image:type\" content=\"image\/jpeg\" \/>\n<meta name=\"twitter:card\" content=\"summary_large_image\" \/>\n<meta name=\"twitter:label1\" content=\"Timp estimat pentru citire\" \/>\n\t<meta name=\"twitter:data1\" content=\"1 minut\" \/>\n<script type=\"application\/ld+json\" class=\"yoast-schema-graph\">{\"@context\":\"https:\\\/\\\/schema.org\",\"@graph\":[{\"@type\":\"WebPage\",\"@id\":\"https:\\\/\\\/boat-demo.axiomprotocol.org\\\/ro\\\/produs\\\/ram-adaptor-sferic-in-forma-de-palnie-pentru-baza-portului-de-navigatie-scotty-si-hobie-dimensiune-c\\\/\",\"url\":\"https:\\\/\\\/boat-demo.axiomprotocol.org\\\/ro\\\/produs\\\/ram-adaptor-sferic-in-forma-de-palnie-pentru-baza-portului-de-navigatie-scotty-si-hobie-dimensiune-c\\\/\",\"name\":\"RAM\u00ae Adaptor sferic in forma de palnie pentru baza portului de navigatie Scotty si Hobie - Dimensiune C - BoatsExpert\",\"isPartOf\":{\"@id\":\"https:\\\/\\\/boat-demo.axiomprotocol.org\\\/ro\\\/#website\"},\"primaryImageOfPage\":{\"@id\":\"https:\\\/\\\/boat-demo.axiomprotocol.org\\\/ro\\\/produs\\\/ram-adaptor-sferic-in-forma-de-palnie-pentru-baza-portului-de-navigatie-scotty-si-hobie-dimensiune-c\\\/#primaryimage\"},\"image\":{\"@id\":\"https:\\\/\\\/boat-demo.axiomprotocol.org\\\/ro\\\/produs\\\/ram-adaptor-sferic-in-forma-de-palnie-pentru-baza-portului-de-navigatie-scotty-si-hobie-dimensiune-c\\\/#primaryimage\"},\"thumbnailUrl\":\"https:\\\/\\\/boat-demo.axiomprotocol.org\\\/wp-content\\\/uploads\\\/2024\\\/04\\\/eng_pl_RAM-R-Wedge-Ball-Adapter-for-Scotty-and-Hobie-Sail-Port-Base-C-Size-12552_1.jpg\",\"datePublished\":\"2024-04-17T12:40:17+00:00\",\"dateModified\":\"2024-04-17T12:58:06+00:00\",\"description\":\"Cump\u0103ra\u021bi RAM Adaptor sferic in forma de palnie \u00een Rom\u00e2nia de la Boats Expert. \u041e gam\u0103 larg\u0103 de accesorii pentru b\u0103rci cu motor cu livrare \u00een toat\u0103 Rom\u00e2nia!\",\"breadcrumb\":{\"@id\":\"https:\\\/\\\/boat-demo.axiomprotocol.org\\\/ro\\\/produs\\\/ram-adaptor-sferic-in-forma-de-palnie-pentru-baza-portului-de-navigatie-scotty-si-hobie-dimensiune-c\\\/#breadcrumb\"},\"inLanguage\":\"ro-RO\",\"potentialAction\":[{\"@type\":\"ReadAction\",\"target\":[\"https:\\\/\\\/boat-demo.axiomprotocol.org\\\/ro\\\/produs\\\/ram-adaptor-sferic-in-forma-de-palnie-pentru-baza-portului-de-navigatie-scotty-si-hobie-dimensiune-c\\\/\"]}]},{\"@type\":\"ImageObject\",\"inLanguage\":\"ro-RO\",\"@id\":\"https:\\\/\\\/boat-demo.axiomprotocol.org\\\/ro\\\/produs\\\/ram-adaptor-sferic-in-forma-de-palnie-pentru-baza-portului-de-navigatie-scotty-si-hobie-dimensiune-c\\\/#primaryimage\",\"url\":\"https:\\\/\\\/boat-demo.axiomprotocol.org\\\/wp-content\\\/uploads\\\/2024\\\/04\\\/eng_pl_RAM-R-Wedge-Ball-Adapter-for-Scotty-and-Hobie-Sail-Port-Base-C-Size-12552_1.jpg\",\"contentUrl\":\"https:\\\/\\\/boat-demo.axiomprotocol.org\\\/wp-content\\\/uploads\\\/2024\\\/04\\\/eng_pl_RAM-R-Wedge-Ball-Adapter-for-Scotty-and-Hobie-Sail-Port-Base-C-Size-12552_1.jpg\",\"width\":555,\"height\":478,\"caption\":\"RAM\"},{\"@type\":\"BreadcrumbList\",\"@id\":\"https:\\\/\\\/boat-demo.axiomprotocol.org\\\/ro\\\/produs\\\/ram-adaptor-sferic-in-forma-de-palnie-pentru-baza-portului-de-navigatie-scotty-si-hobie-dimensiune-c\\\/#breadcrumb\",\"itemListElement\":[{\"@type\":\"ListItem\",\"position\":1,\"name\":\"Home\",\"item\":\"https:\\\/\\\/boat-demo.axiomprotocol.org\\\/\"},{\"@type\":\"ListItem\",\"position\":2,\"name\":\"Shop Online &#8211; cel mai bun magazin pentru echipamente pentru b\u0103rci\",\"item\":\"https:\\\/\\\/boat-demo.axiomprotocol.org\\\/ro\\\/shop-ro\\\/\"},{\"@type\":\"ListItem\",\"position\":3,\"name\":\"RAM\u00ae Adaptor sferic in forma de palnie pentru baza portului de navigatie Scotty si Hobie &#8211; Dimensiune C\"}]},{\"@type\":\"WebSite\",\"@id\":\"https:\\\/\\\/boat-demo.axiomprotocol.org\\\/ro\\\/#website\",\"url\":\"https:\\\/\\\/boat-demo.axiomprotocol.org\\\/ro\\\/\",\"name\":\"BoatsExpert\",\"description\":\"Boats, Service, Equipment\",\"publisher\":{\"@id\":\"https:\\\/\\\/boat-demo.axiomprotocol.org\\\/ro\\\/#organization\"},\"potentialAction\":[{\"@type\":\"SearchAction\",\"target\":{\"@type\":\"EntryPoint\",\"urlTemplate\":\"https:\\\/\\\/boat-demo.axiomprotocol.org\\\/ro\\\/?s={search_term_string}\"},\"query-input\":{\"@type\":\"PropertyValueSpecification\",\"valueRequired\":true,\"valueName\":\"search_term_string\"}}],\"inLanguage\":\"ro-RO\"},{\"@type\":\"Organization\",\"@id\":\"https:\\\/\\\/boat-demo.axiomprotocol.org\\\/ro\\\/#organization\",\"name\":\"BoatsExpert\",\"url\":\"https:\\\/\\\/boat-demo.axiomprotocol.org\\\/ro\\\/\",\"logo\":{\"@type\":\"ImageObject\",\"inLanguage\":\"ro-RO\",\"@id\":\"https:\\\/\\\/boat-demo.axiomprotocol.org\\\/ro\\\/#\\\/schema\\\/logo\\\/image\\\/\",\"url\":\"https:\\\/\\\/boat-demo.axiomprotocol.org\\\/wp-content\\\/uploads\\\/2023\\\/05\\\/white-logo60.svg\",\"contentUrl\":\"https:\\\/\\\/boat-demo.axiomprotocol.org\\\/wp-content\\\/uploads\\\/2023\\\/05\\\/white-logo60.svg\",\"width\":90,\"height\":60,\"caption\":\"BoatsExpert\"},\"image\":{\"@id\":\"https:\\\/\\\/boat-demo.axiomprotocol.org\\\/ro\\\/#\\\/schema\\\/logo\\\/image\\\/\"}}]}<\/script>\n<!-- \/ Yoast SEO plugin. -->","yoast_head_json":{"title":"RAM\u00ae Adaptor sferic in forma de palnie pentru baza portului de navigatie Scotty si Hobie - Dimensiune C - BoatsExpert","description":"Cump\u0103ra\u021bi RAM Adaptor sferic in forma de palnie \u00een Rom\u00e2nia de la Boats Expert. \u041e gam\u0103 larg\u0103 de accesorii pentru b\u0103rci cu motor cu livrare \u00een toat\u0103 Rom\u00e2nia!","robots":{"index":"index","follow":"follow","max-snippet":"max-snippet:-1","max-image-preview":"max-image-preview:large","max-video-preview":"max-video-preview:-1"},"canonical":"https:\/\/boat-demo.axiomprotocol.org\/ro\/produs\/ram-adaptor-sferic-in-forma-de-palnie-pentru-baza-portului-de-navigatie-scotty-si-hobie-dimensiune-c\/","og_locale":"ro_RO","og_type":"article","og_title":"RAM\u00ae Adaptor sferic in forma de palnie pentru baza portului de navigatie Scotty si Hobie - Dimensiune C - BoatsExpert","og_description":"Cump\u0103ra\u021bi RAM Adaptor sferic in forma de palnie \u00een Rom\u00e2nia de la Boats Expert. \u041e gam\u0103 larg\u0103 de accesorii pentru b\u0103rci cu motor cu livrare \u00een toat\u0103 Rom\u00e2nia!","og_url":"https:\/\/boat-demo.axiomprotocol.org\/ro\/produs\/ram-adaptor-sferic-in-forma-de-palnie-pentru-baza-portului-de-navigatie-scotty-si-hobie-dimensiune-c\/","og_site_name":"BoatsExpert","article_modified_time":"2024-04-17T12:58:06+00:00","og_image":[{"width":555,"height":478,"url":"https:\/\/boat-demo.axiomprotocol.org\/wp-content\/uploads\/2024\/04\/eng_pl_RAM-R-Wedge-Ball-Adapter-for-Scotty-and-Hobie-Sail-Port-Base-C-Size-12552_1.jpg","type":"image\/jpeg"}],"twitter_card":"summary_large_image","twitter_misc":{"Timp estimat pentru citire":"1 minut"},"schema":{"@context":"https:\/\/schema.org","@graph":[{"@type":"WebPage","@id":"https:\/\/boat-demo.axiomprotocol.org\/ro\/produs\/ram-adaptor-sferic-in-forma-de-palnie-pentru-baza-portului-de-navigatie-scotty-si-hobie-dimensiune-c\/","url":"https:\/\/boat-demo.axiomprotocol.org\/ro\/produs\/ram-adaptor-sferic-in-forma-de-palnie-pentru-baza-portului-de-navigatie-scotty-si-hobie-dimensiune-c\/","name":"RAM\u00ae Adaptor sferic in forma de palnie pentru baza portului de navigatie Scotty si Hobie - Dimensiune C - BoatsExpert","isPartOf":{"@id":"https:\/\/boat-demo.axiomprotocol.org\/ro\/#website"},"primaryImageOfPage":{"@id":"https:\/\/boat-demo.axiomprotocol.org\/ro\/produs\/ram-adaptor-sferic-in-forma-de-palnie-pentru-baza-portului-de-navigatie-scotty-si-hobie-dimensiune-c\/#primaryimage"},"image":{"@id":"https:\/\/boat-demo.axiomprotocol.org\/ro\/produs\/ram-adaptor-sferic-in-forma-de-palnie-pentru-baza-portului-de-navigatie-scotty-si-hobie-dimensiune-c\/#primaryimage"},"thumbnailUrl":"https:\/\/boat-demo.axiomprotocol.org\/wp-content\/uploads\/2024\/04\/eng_pl_RAM-R-Wedge-Ball-Adapter-for-Scotty-and-Hobie-Sail-Port-Base-C-Size-12552_1.jpg","datePublished":"2024-04-17T12:40:17+00:00","dateModified":"2024-04-17T12:58:06+00:00","description":"Cump\u0103ra\u021bi RAM Adaptor sferic in forma de palnie \u00een Rom\u00e2nia de la Boats Expert. \u041e gam\u0103 larg\u0103 de accesorii pentru b\u0103rci cu motor cu livrare \u00een toat\u0103 Rom\u00e2nia!","breadcrumb":{"@id":"https:\/\/boat-demo.axiomprotocol.org\/ro\/produs\/ram-adaptor-sferic-in-forma-de-palnie-pentru-baza-portului-de-navigatie-scotty-si-hobie-dimensiune-c\/#breadcrumb"},"inLanguage":"ro-RO","potentialAction":[{"@type":"ReadAction","target":["https:\/\/boat-demo.axiomprotocol.org\/ro\/produs\/ram-adaptor-sferic-in-forma-de-palnie-pentru-baza-portului-de-navigatie-scotty-si-hobie-dimensiune-c\/"]}]},{"@type":"ImageObject","inLanguage":"ro-RO","@id":"https:\/\/boat-demo.axiomprotocol.org\/ro\/produs\/ram-adaptor-sferic-in-forma-de-palnie-pentru-baza-portului-de-navigatie-scotty-si-hobie-dimensiune-c\/#primaryimage","url":"https:\/\/boat-demo.axiomprotocol.org\/wp-content\/uploads\/2024\/04\/eng_pl_RAM-R-Wedge-Ball-Adapter-for-Scotty-and-Hobie-Sail-Port-Base-C-Size-12552_1.jpg","contentUrl":"https:\/\/boat-demo.axiomprotocol.org\/wp-content\/uploads\/2024\/04\/eng_pl_RAM-R-Wedge-Ball-Adapter-for-Scotty-and-Hobie-Sail-Port-Base-C-Size-12552_1.jpg","width":555,"height":478,"caption":"RAM"},{"@type":"BreadcrumbList","@id":"https:\/\/boat-demo.axiomprotocol.org\/ro\/produs\/ram-adaptor-sferic-in-forma-de-palnie-pentru-baza-portului-de-navigatie-scotty-si-hobie-dimensiune-c\/#breadcrumb","itemListElement":[{"@type":"ListItem","position":1,"name":"Home","item":"https:\/\/boat-demo.axiomprotocol.org\/"},{"@type":"ListItem","position":2,"name":"Shop Online &#8211; cel mai bun magazin pentru echipamente pentru b\u0103rci","item":"https:\/\/boat-demo.axiomprotocol.org\/ro\/shop-ro\/"},{"@type":"ListItem","position":3,"name":"RAM\u00ae Adaptor sferic in forma de palnie pentru baza portului de navigatie Scotty si Hobie &#8211; Dimensiune C"}]},{"@type":"WebSite","@id":"https:\/\/boat-demo.axiomprotocol.org\/ro\/#website","url":"https:\/\/boat-demo.axiomprotocol.org\/ro\/","name":"BoatsExpert","description":"Boats, Service, Equipment","publisher":{"@id":"https:\/\/boat-demo.axiomprotocol.org\/ro\/#organization"},"potentialAction":[{"@type":"SearchAction","target":{"@type":"EntryPoint","urlTemplate":"https:\/\/boat-demo.axiomprotocol.org\/ro\/?s={search_term_string}"},"query-input":{"@type":"PropertyValueSpecification","valueRequired":true,"valueName":"search_term_string"}}],"inLanguage":"ro-RO"},{"@type":"Organization","@id":"https:\/\/boat-demo.axiomprotocol.org\/ro\/#organization","name":"BoatsExpert","url":"https:\/\/boat-demo.axiomprotocol.org\/ro\/","logo":{"@type":"ImageObject","inLanguage":"ro-RO","@id":"https:\/\/boat-demo.axiomprotocol.org\/ro\/#\/schema\/logo\/image\/","url":"https:\/\/boat-demo.axiomprotocol.org\/wp-content\/uploads\/2023\/05\/white-logo60.svg","contentUrl":"https:\/\/boat-demo.axiomprotocol.org\/wp-content\/uploads\/2023\/05\/white-logo60.svg","width":90,"height":60,"caption":"BoatsExpert"},"image":{"@id":"https:\/\/boat-demo.axiomprotocol.org\/ro\/#\/schema\/logo\/image\/"}}]}},"_links":{"self":[{"href":"https:\/\/boat-demo.axiomprotocol.org\/ro\/wp-json\/wp\/v2\/product\/32064","targetHints":{"allow":["GET"]}}],"collection":[{"href":"https:\/\/boat-demo.axiomprotocol.org\/ro\/wp-json\/wp\/v2\/product"}],"about":[{"href":"https:\/\/boat-demo.axiomprotocol.org\/ro\/wp-json\/wp\/v2\/types\/product"}],"replies":[{"embeddable":true,"href":"https:\/\/boat-demo.axiomprotocol.org\/ro\/wp-json\/wp\/v2\/comments?post=32064"}],"version-history":[{"count":5,"href":"https:\/\/boat-demo.axiomprotocol.org\/ro\/wp-json\/wp\/v2\/product\/32064\/revisions"}],"predecessor-version":[{"id":32077,"href":"https:\/\/boat-demo.axiomprotocol.org\/ro\/wp-json\/wp\/v2\/product\/32064\/revisions\/32077"}],"wp:featuredmedia":[{"embeddable":true,"href":"https:\/\/boat-demo.axiomprotocol.org\/ro\/wp-json\/wp\/v2\/media\/32066"}],"wp:attachment":[{"href":"https:\/\/boat-demo.axiomprotocol.org\/ro\/wp-json\/wp\/v2\/media?parent=32064"}],"wp:term":[{"taxonomy":"product_brand","embeddable":true,"href":"https:\/\/boat-demo.axiomprotocol.org\/ro\/wp-json\/wp\/v2\/product_brand?post=32064"},{"taxonomy":"product_cat","embeddable":true,"href":"https:\/\/boat-demo.axiomprotocol.org\/ro\/wp-json\/wp\/v2\/product_cat?post=32064"},{"taxonomy":"product_tag","embeddable":true,"href":"https:\/\/boat-demo.axiomprotocol.org\/ro\/wp-json\/wp\/v2\/product_tag?post=32064"}],"curies":[{"name":"wp","href":"https:\/\/api.w.org\/{rel}","templated":true}]}}