{"id":31575,"date":"2024-04-12T15:55:14","date_gmt":"2024-04-12T12:55:14","guid":{"rendered":"https:\/\/boat-demo.axiomprotocol.org\/?post_type=product&#038;p=31575"},"modified":"2024-04-12T16:03:24","modified_gmt":"2024-04-12T13:03:24","slug":"ram-17-pista-modulara-din-aluminiu-tough-track","status":"publish","type":"product","link":"https:\/\/boat-demo.axiomprotocol.org\/ro\/produs\/ram-17-pista-modulara-din-aluminiu-tough-track\/","title":{"rendered":"RAM\u00ae17&#8243; Pista modulara din aluminiu Tough-Track\u2122"},"content":{"rendered":"\t\t<div data-elementor-type=\"wp-post\" data-elementor-id=\"31575\" class=\"elementor elementor-31575 elementor-31574\">\n\t\t\t\t\t\t<section class=\"elementor-section elementor-top-section elementor-element elementor-element-1c6dfe6 elementor-section-boxed elementor-section-height-default elementor-section-height-default\" data-id=\"1c6dfe6\" data-element_type=\"section\" data-e-type=\"section\">\n\t\t\t\t\t\t<div class=\"elementor-container elementor-column-gap-default\">\n\t\t\t\t\t<div class=\"elementor-column elementor-col-100 elementor-top-column elementor-element elementor-element-25171c8\" data-id=\"25171c8\" data-element_type=\"column\" data-e-type=\"column\">\n\t\t\t<div class=\"elementor-widget-wrap elementor-element-populated\">\n\t\t\t\t\t\t<div class=\"elementor-element elementor-element-27cd696 elementor-widget elementor-widget-heading\" data-id=\"27cd696\" data-element_type=\"widget\" data-e-type=\"widget\" data-widget_type=\"heading.default\">\n\t\t\t\t<div class=\"elementor-widget-container\">\n\t\t\t\t\t<h6 class=\"elementor-heading-title elementor-size-large\">Caracteristici<\/h6>\t\t\t\t<\/div>\n\t\t\t\t<\/div>\n\t\t\t\t\t<\/div>\n\t\t<\/div>\n\t\t\t\t\t<\/div>\n\t\t<\/section>\n\t\t\t\t<section class=\"elementor-section elementor-top-section elementor-element elementor-element-56891579 elementor-section-boxed elementor-section-height-default elementor-section-height-default\" data-id=\"56891579\" data-element_type=\"section\" data-e-type=\"section\">\n\t\t\t\t\t\t<div class=\"elementor-container elementor-column-gap-default\">\n\t\t\t\t\t<div class=\"elementor-column elementor-col-100 elementor-top-column elementor-element elementor-element-1d8a7416\" data-id=\"1d8a7416\" data-element_type=\"column\" data-e-type=\"column\">\n\t\t\t<div class=\"elementor-widget-wrap elementor-element-populated\">\n\t\t\t\t\t\t<div class=\"elementor-element elementor-element-28804ed4 elementor-widget elementor-widget-text-editor\" data-id=\"28804ed4\" data-element_type=\"widget\" data-e-type=\"widget\" data-widget_type=\"text-editor.default\">\n\t\t\t\t<div class=\"elementor-widget-container\">\n\t\t\t\t\t\t\t\t\t<ul class=\"tt-list01\"><li>RAM\u00ae Tough-Track\u2122 cu o lungime de 17&#8243; de \u0219in\u0103 util\u0103 pentru montarea pe \u0219ine: lungime total\u0103 de 20&#8243;<\/li><li>Poate fi g\u0103urit\u0103 pe orice suprafa\u021b\u0103 plan\u0103 \u0219i este proiectat\u0103 pentru utilizarea cu \u0219uruburi #8 pentru o instalare u\u0219oar\u0103 &#8211; hardware-ul nu este inclus<\/li><li>Capetele superioare modulare permit extensii suplimentare ale \u0219inei \u0219i conectoare de 90 de grade<\/li><li>Compatibil\u0103 cu bazele de \u0219ine RAM\u00ae de dimensiuni B \u0219i C pentru ata\u0219area monturilor pentru camere de ac\u021biune, undi\u021be, suporturi pentru telefoane \u0219i tablete<\/li><li>Sus\u021binut de o garan\u021bie limitat\u0103.<\/li><\/ul>\t\t\t\t\t\t\t\t<\/div>\n\t\t\t\t<\/div>\n\t\t\t\t\t<\/div>\n\t\t<\/div>\n\t\t\t\t\t<\/div>\n\t\t<\/section>\n\t\t\t\t<section class=\"elementor-section elementor-top-section elementor-element elementor-element-7ef4be9 elementor-section-boxed elementor-section-height-default elementor-section-height-default\" data-id=\"7ef4be9\" data-element_type=\"section\" data-e-type=\"section\">\n\t\t\t\t\t\t<div class=\"elementor-container elementor-column-gap-default\">\n\t\t\t\t\t<div class=\"elementor-column elementor-col-100 elementor-top-column elementor-element elementor-element-62d69e5\" data-id=\"62d69e5\" data-element_type=\"column\" data-e-type=\"column\">\n\t\t\t<div class=\"elementor-widget-wrap elementor-element-populated\">\n\t\t\t\t\t\t<div class=\"elementor-element elementor-element-e8d061b elementor-widget elementor-widget-heading\" data-id=\"e8d061b\" data-element_type=\"widget\" data-e-type=\"widget\" data-widget_type=\"heading.default\">\n\t\t\t\t<div class=\"elementor-widget-container\">\n\t\t\t\t\t<h6 class=\"elementor-heading-title elementor-size-large\">Specifica\u021bii<\/h6>\t\t\t\t<\/div>\n\t\t\t\t<\/div>\n\t\t\t\t\t<\/div>\n\t\t<\/div>\n\t\t\t\t\t<\/div>\n\t\t<\/section>\n\t\t\t\t<section class=\"elementor-section elementor-top-section elementor-element elementor-element-6de68d3 elementor-section-boxed elementor-section-height-default elementor-section-height-default\" data-id=\"6de68d3\" data-element_type=\"section\" data-e-type=\"section\">\n\t\t\t\t\t\t<div class=\"elementor-container elementor-column-gap-default\">\n\t\t\t\t\t<div class=\"elementor-column elementor-col-100 elementor-top-column elementor-element elementor-element-95baba0\" data-id=\"95baba0\" data-element_type=\"column\" data-e-type=\"column\">\n\t\t\t<div class=\"elementor-widget-wrap elementor-element-populated\">\n\t\t\t\t\t\t<div class=\"elementor-element elementor-element-bb724b2 elementor-widget elementor-widget-text-editor\" data-id=\"bb724b2\" data-element_type=\"widget\" data-e-type=\"widget\" data-widget_type=\"text-editor.default\">\n\t\t\t\t<div class=\"elementor-widget-container\">\n\t\t\t\t\t\t\t\t\t<table style=\"width: 100%\"><tbody><tr><td><p class=\"font-medium mb-2 md:mb-0 w-full md:w-2\/5 uppercase md:text-lg text-lg\"><strong>DIMENSIUNI PRODUS<\/strong><\/p><\/td><td><div class=\"product-info-wrapper flex flex-col md:flex-row items-top py-4\"><div class=\"flex-1\"><div class=\"product-info-wrapper flex flex-col md:flex-row items-top py-4\"><div class=\"flex-1\"><div class=\"product-info-wrapper flex flex-col md:flex-row items-top py-4\"><div class=\"flex-1\"><div class=\"product-info-wrapper flex flex-col md:flex-row items-top py-4\"><div class=\"flex-1\"><p>Overall Length: 20&#8243;<br \/>Overall Width: .9&#8243;<br \/>Track Thickness: .43&#8243;<br \/>Inside Track Length: 17&#8243;<\/p><\/div><\/div><\/div><\/div><\/div><\/div><\/div><\/div><\/td><\/tr><tr><td><p class=\"font-medium mb-2 md:mb-0 w-full md:w-2\/5 uppercase md:text-lg text-lg\"><strong>MATERIALE<\/strong><\/p><\/td><td>Marine-grade aluminum<br \/>High strength composite<\/td><\/tr><tr><td><p class=\"font-medium mb-2 md:mb-0 w-full md:w-2\/5 uppercase md:text-lg text-lg\"><strong>TIP AMBALAJ<\/strong><\/p><\/td><td><div class=\"product-info-wrapper flex flex-col md:flex-row items-top py-4\"><div class=\"flex-1\"><p>Poly Bag<\/p><\/div><\/div><\/td><\/tr><tr><td><strong>GREUTATE<\/strong><\/td><td><div class=\"w-full md:w-1\/2\"><div class=\"product-info-wrapper flex flex-col md:flex-row items-top py-4\"><div class=\"flex-1 \"><p>0.71 lb<\/p><\/div><\/div><\/div><\/td><\/tr><\/tbody><\/table>\t\t\t\t\t\t\t\t<\/div>\n\t\t\t\t<\/div>\n\t\t\t\t\t<\/div>\n\t\t<\/div>\n\t\t\t\t\t<\/div>\n\t\t<\/section>\n\t\t\t\t<\/div>\n\t\t","protected":false},"excerpt":{"rendered":"<p>&nbsp;<\/p>\n<div class=\"w-full text-token-text-primary\" dir=\"auto\" data-testid=\"conversation-turn-41\">\n<div class=\"px-4 py-2 justify-center text-base md:gap-6 m-auto\">\n<div class=\"flex flex-1 text-base mx-auto gap-3 juice:gap-4 juice:md:gap-6 md:px-5 lg:px-1 xl:px-5 md:max-w-3xl lg:max-w-[40rem] xl:max-w-[48rem] group\">\n<div class=\"relative flex w-full flex-col agent-turn\">\n<div class=\"flex-col gap-1 md:gap-3\">\n<div class=\"flex flex-grow flex-col max-w-full\">\n<div class=\"min-h-[20px] text-message flex flex-col items-start gap-3 whitespace-pre-wrap break-words [.text-message+&amp;]:mt-5 overflow-x-auto\" dir=\"auto\" data-message-author-role=\"assistant\" data-message-id=\"bbc8a825-1a0c-4187-8ae0-dece3b7ada18\">\n<div class=\"markdown prose w-full break-words dark:prose-invert light\">\n<div class=\"flex-1 overflow-hidden\">\n<div class=\"react-scroll-to-bottom--css-shvii-79elbk h-full\">\n<div class=\"react-scroll-to-bottom--css-shvii-1n7m0yu\">\n<div class=\"flex flex-col text-sm pb-9\">\n<div class=\"w-full text-token-text-primary\" dir=\"auto\" data-testid=\"conversation-turn-81\">\n<div class=\"px-4 py-2 justify-center text-base md:gap-6 m-auto\">\n<div class=\"flex flex-1 text-base mx-auto gap-3 juice:gap-4 juice:md:gap-6 md:px-5 lg:px-1 xl:px-5 md:max-w-3xl lg:max-w-[40rem] xl:max-w-[48rem] group final-completion\">\n<div class=\"relative flex w-full flex-col agent-turn\">\n<div class=\"flex-col gap-1 md:gap-3\">\n<div class=\"flex flex-grow flex-col max-w-full\">\n<div class=\"min-h-[20px] text-message flex flex-col items-start gap-3 whitespace-pre-wrap break-words [.text-message+&amp;]:mt-5 overflow-x-auto\" dir=\"auto\" data-message-author-role=\"assistant\" data-message-id=\"f3d5956e-a25a-4fa3-a63b-9fd5256ab25c\">\n<div class=\"markdown prose w-full break-words dark:prose-invert light\">\n<p>Cu RAM Tough-Track\u2122, posibilit\u0103\u021bile de montare pe suprafa\u021ba plan\u0103 sunt aproape infinite pentru ATV-uri, ma\u0219ini, combine agricole, b\u0103rci cu motor, tractoare, camioane \u0219i multe altele. Versiunea din aluminiu extrudat a RAM Tough-Track poate fi g\u0103urit\u0103 pe orice suprafa\u021b\u0103 plan\u0103 \u0219i este proiectat\u0103 pentru utilizarea cu \u0219uruburi #8 pentru o instalare u\u0219oar\u0103 &#8211; hardware-ul nu este inclus. Fabricat\u0103 pentru a fi o solu\u021bie de montare fiabil\u0103 \u0219i robust\u0103, aluminiul anodizat ofer\u0103 o alunecare lin\u0103 pe \u0219in\u0103 \u0219i protec\u021bie \u00eempotriva coroziunii. RAM-TRACK-EXA-17U ofer\u0103 o lungime de \u0219in\u0103 util\u0103 de 17\u201d (partea de aluminiu), \u00een timp ce capetele de \u00eenc\u0103rcare superioar\u0103 incluse adaug\u0103 aproximativ 1.5\u201d la fiecare cap\u0103t (3\u201d lungime adi\u021bional\u0103). Utilizarea capetelor de \u00eenc\u0103rcare superioar\u0103 permite dou\u0103 op\u021biuni de instalare: fie utiliza\u021bi ambele capete de \u00eenc\u0103rcare superioar\u0103 pentru a crea puncte de inser\u021bie la ambele capete ale \u0219inei, fie utiliza\u021bi un cap\u0103t de \u00eenc\u0103rcare superior \u0219i \u00eenchide\u021bi cap\u0103tul opus cu cap\u0103tul de \u00eenchidere inclus. \u0218ina de aluminiu extrudat\u0103 Tough-Track este compatibil\u0103 cu \u00eenc\u0103rc\u0103torul central RAM \u0219i conectorul de 90 de grade, precum \u0219i cu o gam\u0103 larg\u0103 de baze de \u0219ine RAM pentru ata\u0219area dispozitivelor precum camerele de ac\u021biune, undi\u021be, telefoane \u0219i tablete.<\/p>\n<\/div>\n<\/div>\n<\/div>\n<\/div>\n<\/div>\n<\/div>\n<\/div>\n<\/div>\n<\/div>\n<\/div>\n<\/div>\n<\/div>\n<\/div>\n<\/div>\n<\/div>\n<\/div>\n<\/div>\n<\/div>\n<\/div>\n<\/div>\n","protected":false},"featured_media":31555,"comment_status":"open","ping_status":"closed","template":"","meta":{"_acf_changed":false,"inline_featured_image":false},"product_brand":[],"product_cat":[343,340],"product_tag":[],"class_list":{"0":"post-31575","1":"product","2":"type-product","3":"status-publish","4":"has-post-thumbnail","6":"product_cat-ram-mounts_ro","7":"product_cat-sisteme-de-prindere-ro","8":"tt-post","10":"first","11":"instock","12":"shipping-taxable","13":"purchasable","14":"product-type-simple"},"acf":[],"yoast_head":"<!-- This site is optimized with the Yoast SEO plugin v27.4 - https:\/\/yoast.com\/product\/yoast-seo-wordpress\/ -->\n<title>RAM\u00ae17&quot; Pista modulara din aluminiu Tough-Track\u2122 - BoatsExpert<\/title>\n<meta name=\"description\" content=\"Cump\u0103ra\u021bi RAM Pista modulara din aluminiu \u00een Rom\u00e2nia de la Boats Expert. \u041e gam\u0103 larg\u0103 de accesorii pentru b\u0103rci cu motor cu livrare \u00een toat\u0103 Rom\u00e2nia!\" \/>\n<meta name=\"robots\" content=\"index, follow, max-snippet:-1, max-image-preview:large, max-video-preview:-1\" \/>\n<link rel=\"canonical\" href=\"https:\/\/boat-demo.axiomprotocol.org\/ro\/produs\/ram-17-pista-modulara-din-aluminiu-tough-track\/\" \/>\n<meta property=\"og:locale\" content=\"ro_RO\" \/>\n<meta property=\"og:type\" content=\"article\" \/>\n<meta property=\"og:title\" content=\"RAM\u00ae17&quot; Pista modulara din aluminiu Tough-Track\u2122 - BoatsExpert\" \/>\n<meta property=\"og:description\" content=\"Cump\u0103ra\u021bi RAM Pista modulara din aluminiu \u00een Rom\u00e2nia de la Boats Expert. \u041e gam\u0103 larg\u0103 de accesorii pentru b\u0103rci cu motor cu livrare \u00een toat\u0103 Rom\u00e2nia!\" \/>\n<meta property=\"og:url\" content=\"https:\/\/boat-demo.axiomprotocol.org\/ro\/produs\/ram-17-pista-modulara-din-aluminiu-tough-track\/\" \/>\n<meta property=\"og:site_name\" content=\"BoatsExpert\" \/>\n<meta property=\"article:modified_time\" content=\"2024-04-12T13:03:24+00:00\" \/>\n<meta property=\"og:image\" content=\"https:\/\/boat-demo.axiomprotocol.org\/wp-content\/uploads\/2024\/04\/01-29-23_09_47_RAM-TRACK-EXA-13U_1_1440x.jpg\" \/>\n\t<meta property=\"og:image:width\" content=\"555\" \/>\n\t<meta property=\"og:image:height\" content=\"478\" \/>\n\t<meta property=\"og:image:type\" content=\"image\/jpeg\" \/>\n<meta name=\"twitter:card\" content=\"summary_large_image\" \/>\n<meta name=\"twitter:label1\" content=\"Timp estimat pentru citire\" \/>\n\t<meta name=\"twitter:data1\" content=\"1 minut\" \/>\n<script type=\"application\/ld+json\" class=\"yoast-schema-graph\">{\"@context\":\"https:\\\/\\\/schema.org\",\"@graph\":[{\"@type\":\"WebPage\",\"@id\":\"https:\\\/\\\/boat-demo.axiomprotocol.org\\\/ro\\\/produs\\\/ram-17-pista-modulara-din-aluminiu-tough-track\\\/\",\"url\":\"https:\\\/\\\/boat-demo.axiomprotocol.org\\\/ro\\\/produs\\\/ram-17-pista-modulara-din-aluminiu-tough-track\\\/\",\"name\":\"RAM\u00ae17\\\" Pista modulara din aluminiu Tough-Track\u2122 - BoatsExpert\",\"isPartOf\":{\"@id\":\"https:\\\/\\\/boat-demo.axiomprotocol.org\\\/ro\\\/#website\"},\"primaryImageOfPage\":{\"@id\":\"https:\\\/\\\/boat-demo.axiomprotocol.org\\\/ro\\\/produs\\\/ram-17-pista-modulara-din-aluminiu-tough-track\\\/#primaryimage\"},\"image\":{\"@id\":\"https:\\\/\\\/boat-demo.axiomprotocol.org\\\/ro\\\/produs\\\/ram-17-pista-modulara-din-aluminiu-tough-track\\\/#primaryimage\"},\"thumbnailUrl\":\"https:\\\/\\\/boat-demo.axiomprotocol.org\\\/wp-content\\\/uploads\\\/2024\\\/04\\\/01-29-23_09_47_RAM-TRACK-EXA-13U_1_1440x.jpg\",\"datePublished\":\"2024-04-12T12:55:14+00:00\",\"dateModified\":\"2024-04-12T13:03:24+00:00\",\"description\":\"Cump\u0103ra\u021bi RAM Pista modulara din aluminiu \u00een Rom\u00e2nia de la Boats Expert. \u041e gam\u0103 larg\u0103 de accesorii pentru b\u0103rci cu motor cu livrare \u00een toat\u0103 Rom\u00e2nia!\",\"breadcrumb\":{\"@id\":\"https:\\\/\\\/boat-demo.axiomprotocol.org\\\/ro\\\/produs\\\/ram-17-pista-modulara-din-aluminiu-tough-track\\\/#breadcrumb\"},\"inLanguage\":\"ro-RO\",\"potentialAction\":[{\"@type\":\"ReadAction\",\"target\":[\"https:\\\/\\\/boat-demo.axiomprotocol.org\\\/ro\\\/produs\\\/ram-17-pista-modulara-din-aluminiu-tough-track\\\/\"]}]},{\"@type\":\"ImageObject\",\"inLanguage\":\"ro-RO\",\"@id\":\"https:\\\/\\\/boat-demo.axiomprotocol.org\\\/ro\\\/produs\\\/ram-17-pista-modulara-din-aluminiu-tough-track\\\/#primaryimage\",\"url\":\"https:\\\/\\\/boat-demo.axiomprotocol.org\\\/wp-content\\\/uploads\\\/2024\\\/04\\\/01-29-23_09_47_RAM-TRACK-EXA-13U_1_1440x.jpg\",\"contentUrl\":\"https:\\\/\\\/boat-demo.axiomprotocol.org\\\/wp-content\\\/uploads\\\/2024\\\/04\\\/01-29-23_09_47_RAM-TRACK-EXA-13U_1_1440x.jpg\",\"width\":555,\"height\":478,\"caption\":\"RAM TRACK\"},{\"@type\":\"BreadcrumbList\",\"@id\":\"https:\\\/\\\/boat-demo.axiomprotocol.org\\\/ro\\\/produs\\\/ram-17-pista-modulara-din-aluminiu-tough-track\\\/#breadcrumb\",\"itemListElement\":[{\"@type\":\"ListItem\",\"position\":1,\"name\":\"Home\",\"item\":\"https:\\\/\\\/boat-demo.axiomprotocol.org\\\/\"},{\"@type\":\"ListItem\",\"position\":2,\"name\":\"Shop Online &#8211; cel mai bun magazin pentru echipamente pentru b\u0103rci\",\"item\":\"https:\\\/\\\/boat-demo.axiomprotocol.org\\\/ro\\\/shop-ro\\\/\"},{\"@type\":\"ListItem\",\"position\":3,\"name\":\"RAM\u00ae17&#8243; Pista modulara din aluminiu Tough-Track\u2122\"}]},{\"@type\":\"WebSite\",\"@id\":\"https:\\\/\\\/boat-demo.axiomprotocol.org\\\/ro\\\/#website\",\"url\":\"https:\\\/\\\/boat-demo.axiomprotocol.org\\\/ro\\\/\",\"name\":\"BoatsExpert\",\"description\":\"Boats, Service, Equipment\",\"publisher\":{\"@id\":\"https:\\\/\\\/boat-demo.axiomprotocol.org\\\/ro\\\/#organization\"},\"potentialAction\":[{\"@type\":\"SearchAction\",\"target\":{\"@type\":\"EntryPoint\",\"urlTemplate\":\"https:\\\/\\\/boat-demo.axiomprotocol.org\\\/ro\\\/?s={search_term_string}\"},\"query-input\":{\"@type\":\"PropertyValueSpecification\",\"valueRequired\":true,\"valueName\":\"search_term_string\"}}],\"inLanguage\":\"ro-RO\"},{\"@type\":\"Organization\",\"@id\":\"https:\\\/\\\/boat-demo.axiomprotocol.org\\\/ro\\\/#organization\",\"name\":\"BoatsExpert\",\"url\":\"https:\\\/\\\/boat-demo.axiomprotocol.org\\\/ro\\\/\",\"logo\":{\"@type\":\"ImageObject\",\"inLanguage\":\"ro-RO\",\"@id\":\"https:\\\/\\\/boat-demo.axiomprotocol.org\\\/ro\\\/#\\\/schema\\\/logo\\\/image\\\/\",\"url\":\"https:\\\/\\\/boat-demo.axiomprotocol.org\\\/wp-content\\\/uploads\\\/2023\\\/05\\\/white-logo60.svg\",\"contentUrl\":\"https:\\\/\\\/boat-demo.axiomprotocol.org\\\/wp-content\\\/uploads\\\/2023\\\/05\\\/white-logo60.svg\",\"width\":90,\"height\":60,\"caption\":\"BoatsExpert\"},\"image\":{\"@id\":\"https:\\\/\\\/boat-demo.axiomprotocol.org\\\/ro\\\/#\\\/schema\\\/logo\\\/image\\\/\"}}]}<\/script>\n<!-- \/ Yoast SEO plugin. -->","yoast_head_json":{"title":"RAM\u00ae17\" Pista modulara din aluminiu Tough-Track\u2122 - BoatsExpert","description":"Cump\u0103ra\u021bi RAM Pista modulara din aluminiu \u00een Rom\u00e2nia de la Boats Expert. \u041e gam\u0103 larg\u0103 de accesorii pentru b\u0103rci cu motor cu livrare \u00een toat\u0103 Rom\u00e2nia!","robots":{"index":"index","follow":"follow","max-snippet":"max-snippet:-1","max-image-preview":"max-image-preview:large","max-video-preview":"max-video-preview:-1"},"canonical":"https:\/\/boat-demo.axiomprotocol.org\/ro\/produs\/ram-17-pista-modulara-din-aluminiu-tough-track\/","og_locale":"ro_RO","og_type":"article","og_title":"RAM\u00ae17\" Pista modulara din aluminiu Tough-Track\u2122 - BoatsExpert","og_description":"Cump\u0103ra\u021bi RAM Pista modulara din aluminiu \u00een Rom\u00e2nia de la Boats Expert. \u041e gam\u0103 larg\u0103 de accesorii pentru b\u0103rci cu motor cu livrare \u00een toat\u0103 Rom\u00e2nia!","og_url":"https:\/\/boat-demo.axiomprotocol.org\/ro\/produs\/ram-17-pista-modulara-din-aluminiu-tough-track\/","og_site_name":"BoatsExpert","article_modified_time":"2024-04-12T13:03:24+00:00","og_image":[{"width":555,"height":478,"url":"https:\/\/boat-demo.axiomprotocol.org\/wp-content\/uploads\/2024\/04\/01-29-23_09_47_RAM-TRACK-EXA-13U_1_1440x.jpg","type":"image\/jpeg"}],"twitter_card":"summary_large_image","twitter_misc":{"Timp estimat pentru citire":"1 minut"},"schema":{"@context":"https:\/\/schema.org","@graph":[{"@type":"WebPage","@id":"https:\/\/boat-demo.axiomprotocol.org\/ro\/produs\/ram-17-pista-modulara-din-aluminiu-tough-track\/","url":"https:\/\/boat-demo.axiomprotocol.org\/ro\/produs\/ram-17-pista-modulara-din-aluminiu-tough-track\/","name":"RAM\u00ae17\" Pista modulara din aluminiu Tough-Track\u2122 - BoatsExpert","isPartOf":{"@id":"https:\/\/boat-demo.axiomprotocol.org\/ro\/#website"},"primaryImageOfPage":{"@id":"https:\/\/boat-demo.axiomprotocol.org\/ro\/produs\/ram-17-pista-modulara-din-aluminiu-tough-track\/#primaryimage"},"image":{"@id":"https:\/\/boat-demo.axiomprotocol.org\/ro\/produs\/ram-17-pista-modulara-din-aluminiu-tough-track\/#primaryimage"},"thumbnailUrl":"https:\/\/boat-demo.axiomprotocol.org\/wp-content\/uploads\/2024\/04\/01-29-23_09_47_RAM-TRACK-EXA-13U_1_1440x.jpg","datePublished":"2024-04-12T12:55:14+00:00","dateModified":"2024-04-12T13:03:24+00:00","description":"Cump\u0103ra\u021bi RAM Pista modulara din aluminiu \u00een Rom\u00e2nia de la Boats Expert. \u041e gam\u0103 larg\u0103 de accesorii pentru b\u0103rci cu motor cu livrare \u00een toat\u0103 Rom\u00e2nia!","breadcrumb":{"@id":"https:\/\/boat-demo.axiomprotocol.org\/ro\/produs\/ram-17-pista-modulara-din-aluminiu-tough-track\/#breadcrumb"},"inLanguage":"ro-RO","potentialAction":[{"@type":"ReadAction","target":["https:\/\/boat-demo.axiomprotocol.org\/ro\/produs\/ram-17-pista-modulara-din-aluminiu-tough-track\/"]}]},{"@type":"ImageObject","inLanguage":"ro-RO","@id":"https:\/\/boat-demo.axiomprotocol.org\/ro\/produs\/ram-17-pista-modulara-din-aluminiu-tough-track\/#primaryimage","url":"https:\/\/boat-demo.axiomprotocol.org\/wp-content\/uploads\/2024\/04\/01-29-23_09_47_RAM-TRACK-EXA-13U_1_1440x.jpg","contentUrl":"https:\/\/boat-demo.axiomprotocol.org\/wp-content\/uploads\/2024\/04\/01-29-23_09_47_RAM-TRACK-EXA-13U_1_1440x.jpg","width":555,"height":478,"caption":"RAM TRACK"},{"@type":"BreadcrumbList","@id":"https:\/\/boat-demo.axiomprotocol.org\/ro\/produs\/ram-17-pista-modulara-din-aluminiu-tough-track\/#breadcrumb","itemListElement":[{"@type":"ListItem","position":1,"name":"Home","item":"https:\/\/boat-demo.axiomprotocol.org\/"},{"@type":"ListItem","position":2,"name":"Shop Online &#8211; cel mai bun magazin pentru echipamente pentru b\u0103rci","item":"https:\/\/boat-demo.axiomprotocol.org\/ro\/shop-ro\/"},{"@type":"ListItem","position":3,"name":"RAM\u00ae17&#8243; Pista modulara din aluminiu Tough-Track\u2122"}]},{"@type":"WebSite","@id":"https:\/\/boat-demo.axiomprotocol.org\/ro\/#website","url":"https:\/\/boat-demo.axiomprotocol.org\/ro\/","name":"BoatsExpert","description":"Boats, Service, Equipment","publisher":{"@id":"https:\/\/boat-demo.axiomprotocol.org\/ro\/#organization"},"potentialAction":[{"@type":"SearchAction","target":{"@type":"EntryPoint","urlTemplate":"https:\/\/boat-demo.axiomprotocol.org\/ro\/?s={search_term_string}"},"query-input":{"@type":"PropertyValueSpecification","valueRequired":true,"valueName":"search_term_string"}}],"inLanguage":"ro-RO"},{"@type":"Organization","@id":"https:\/\/boat-demo.axiomprotocol.org\/ro\/#organization","name":"BoatsExpert","url":"https:\/\/boat-demo.axiomprotocol.org\/ro\/","logo":{"@type":"ImageObject","inLanguage":"ro-RO","@id":"https:\/\/boat-demo.axiomprotocol.org\/ro\/#\/schema\/logo\/image\/","url":"https:\/\/boat-demo.axiomprotocol.org\/wp-content\/uploads\/2023\/05\/white-logo60.svg","contentUrl":"https:\/\/boat-demo.axiomprotocol.org\/wp-content\/uploads\/2023\/05\/white-logo60.svg","width":90,"height":60,"caption":"BoatsExpert"},"image":{"@id":"https:\/\/boat-demo.axiomprotocol.org\/ro\/#\/schema\/logo\/image\/"}}]}},"_links":{"self":[{"href":"https:\/\/boat-demo.axiomprotocol.org\/ro\/wp-json\/wp\/v2\/product\/31575","targetHints":{"allow":["GET"]}}],"collection":[{"href":"https:\/\/boat-demo.axiomprotocol.org\/ro\/wp-json\/wp\/v2\/product"}],"about":[{"href":"https:\/\/boat-demo.axiomprotocol.org\/ro\/wp-json\/wp\/v2\/types\/product"}],"replies":[{"embeddable":true,"href":"https:\/\/boat-demo.axiomprotocol.org\/ro\/wp-json\/wp\/v2\/comments?post=31575"}],"version-history":[{"count":5,"href":"https:\/\/boat-demo.axiomprotocol.org\/ro\/wp-json\/wp\/v2\/product\/31575\/revisions"}],"predecessor-version":[{"id":31584,"href":"https:\/\/boat-demo.axiomprotocol.org\/ro\/wp-json\/wp\/v2\/product\/31575\/revisions\/31584"}],"wp:featuredmedia":[{"embeddable":true,"href":"https:\/\/boat-demo.axiomprotocol.org\/ro\/wp-json\/wp\/v2\/media\/31555"}],"wp:attachment":[{"href":"https:\/\/boat-demo.axiomprotocol.org\/ro\/wp-json\/wp\/v2\/media?parent=31575"}],"wp:term":[{"taxonomy":"product_brand","embeddable":true,"href":"https:\/\/boat-demo.axiomprotocol.org\/ro\/wp-json\/wp\/v2\/product_brand?post=31575"},{"taxonomy":"product_cat","embeddable":true,"href":"https:\/\/boat-demo.axiomprotocol.org\/ro\/wp-json\/wp\/v2\/product_cat?post=31575"},{"taxonomy":"product_tag","embeddable":true,"href":"https:\/\/boat-demo.axiomprotocol.org\/ro\/wp-json\/wp\/v2\/product_tag?post=31575"}],"curies":[{"name":"wp","href":"https:\/\/api.w.org\/{rel}","templated":true}]}}