{"id":31393,"date":"2024-04-10T17:06:44","date_gmt":"2024-04-10T14:06:45","guid":{"rendered":"https:\/\/boat-demo.axiomprotocol.org\/?post_type=product&#038;p=31393"},"modified":"2024-04-10T17:28:05","modified_gmt":"2024-04-10T14:28:05","slug":"ram-suport-pentru-electronice-marine-mari-cu-piulita-de-fixare-scurt","status":"publish","type":"product","link":"https:\/\/boat-demo.axiomprotocol.org\/ro\/produs\/ram-suport-pentru-electronice-marine-mari-cu-piulita-de-fixare-scurt\/","title":{"rendered":"RAM\u00ae Suport pentru electronice marine mari cu piulita de fixare &#8211; Scurt"},"content":{"rendered":"\t\t<div data-elementor-type=\"wp-post\" data-elementor-id=\"31393\" class=\"elementor elementor-31393 elementor-31392\">\n\t\t\t\t\t\t<section class=\"elementor-section elementor-top-section elementor-element elementor-element-1c6dfe6 elementor-section-boxed elementor-section-height-default elementor-section-height-default\" data-id=\"1c6dfe6\" data-element_type=\"section\" data-e-type=\"section\">\n\t\t\t\t\t\t<div class=\"elementor-container elementor-column-gap-default\">\n\t\t\t\t\t<div class=\"elementor-column elementor-col-100 elementor-top-column elementor-element elementor-element-25171c8\" data-id=\"25171c8\" data-element_type=\"column\" data-e-type=\"column\">\n\t\t\t<div class=\"elementor-widget-wrap elementor-element-populated\">\n\t\t\t\t\t\t<div class=\"elementor-element elementor-element-27cd696 elementor-widget elementor-widget-heading\" data-id=\"27cd696\" data-element_type=\"widget\" data-e-type=\"widget\" data-widget_type=\"heading.default\">\n\t\t\t\t<div class=\"elementor-widget-container\">\n\t\t\t\t\t<h6 class=\"elementor-heading-title elementor-size-large\">Caracteristici<\/h6>\t\t\t\t<\/div>\n\t\t\t\t<\/div>\n\t\t\t\t\t<\/div>\n\t\t<\/div>\n\t\t\t\t\t<\/div>\n\t\t<\/section>\n\t\t\t\t<section class=\"elementor-section elementor-top-section elementor-element elementor-element-7f16010c elementor-section-boxed elementor-section-height-default elementor-section-height-default\" data-id=\"7f16010c\" data-element_type=\"section\" data-e-type=\"section\">\n\t\t\t\t\t\t<div class=\"elementor-container elementor-column-gap-default\">\n\t\t\t\t\t<div class=\"elementor-column elementor-col-100 elementor-top-column elementor-element elementor-element-5c3ce190\" data-id=\"5c3ce190\" data-element_type=\"column\" data-e-type=\"column\">\n\t\t\t<div class=\"elementor-widget-wrap elementor-element-populated\">\n\t\t\t\t\t\t<div class=\"elementor-element elementor-element-a382363 elementor-widget elementor-widget-text-editor\" data-id=\"a382363\" data-element_type=\"widget\" data-e-type=\"widget\" data-widget_type=\"text-editor.default\">\n\t\t\t\t<div class=\"elementor-widget-container\">\n\t\t\t\t\t\t\t\t\t<p>RAM-D-111U-C-MI1 const\u0103 dintr-o baz\u0103 rotund\u0103 cu diametrul de 3.68&#8243;, un bra\u021b dublu scurt cu piuli\u021b\u0103 de fixare cu blocare \u00een dou\u0103 direc\u021bii \u0219i o baz\u0103 dreptunghiular\u0103 de 11&#8243; x 3&#8243;. Baza rotund\u0103 con\u021bine g\u0103uri pre-forate, inclusiv dou\u0103 g\u0103uri la 180 de grade \u0219i trei g\u0103uri la 120 de grade. Baza dreptunghiular\u0103 con\u021bine diferite combina\u021bii de g\u0103uri pre-forate care se potrivesc cu multe dispozitive electronice \u0219i suporturi, inclusiv GPS-uri marine, radiouri CB, radiouri Ham, suporturi pentru gimbals \u0219i altele.<\/p>\t\t\t\t\t\t\t\t<\/div>\n\t\t\t\t<\/div>\n\t\t\t\t\t<\/div>\n\t\t<\/div>\n\t\t\t\t\t<\/div>\n\t\t<\/section>\n\t\t\t\t<section class=\"elementor-section elementor-top-section elementor-element elementor-element-7ef4be9 elementor-section-boxed elementor-section-height-default elementor-section-height-default\" data-id=\"7ef4be9\" data-element_type=\"section\" data-e-type=\"section\">\n\t\t\t\t\t\t<div class=\"elementor-container elementor-column-gap-default\">\n\t\t\t\t\t<div class=\"elementor-column elementor-col-100 elementor-top-column elementor-element elementor-element-62d69e5\" data-id=\"62d69e5\" data-element_type=\"column\" data-e-type=\"column\">\n\t\t\t<div class=\"elementor-widget-wrap elementor-element-populated\">\n\t\t\t\t\t\t<div class=\"elementor-element elementor-element-e8d061b elementor-widget elementor-widget-heading\" data-id=\"e8d061b\" data-element_type=\"widget\" data-e-type=\"widget\" data-widget_type=\"heading.default\">\n\t\t\t\t<div class=\"elementor-widget-container\">\n\t\t\t\t\t<h6 class=\"elementor-heading-title elementor-size-large\">Specifica\u021bii<\/h6>\t\t\t\t<\/div>\n\t\t\t\t<\/div>\n\t\t\t\t\t<\/div>\n\t\t<\/div>\n\t\t\t\t\t<\/div>\n\t\t<\/section>\n\t\t\t\t<section class=\"elementor-section elementor-top-section elementor-element elementor-element-6de68d3 elementor-section-boxed elementor-section-height-default elementor-section-height-default\" data-id=\"6de68d3\" data-element_type=\"section\" data-e-type=\"section\">\n\t\t\t\t\t\t<div class=\"elementor-container elementor-column-gap-default\">\n\t\t\t\t\t<div class=\"elementor-column elementor-col-100 elementor-top-column elementor-element elementor-element-95baba0\" data-id=\"95baba0\" data-element_type=\"column\" data-e-type=\"column\">\n\t\t\t<div class=\"elementor-widget-wrap elementor-element-populated\">\n\t\t\t\t\t\t<div class=\"elementor-element elementor-element-bb724b2 elementor-widget elementor-widget-text-editor\" data-id=\"bb724b2\" data-element_type=\"widget\" data-e-type=\"widget\" data-widget_type=\"text-editor.default\">\n\t\t\t\t<div class=\"elementor-widget-container\">\n\t\t\t\t\t\t\t\t\t<table style=\"width: 100%\"><tbody><tr><td><p class=\"font-medium mb-2 md:mb-0 w-full md:w-2\/5 uppercase md:text-lg text-lg\"><strong>DIMENSIUNI RODUS<\/strong><\/p><\/td><td><div class=\"product-info-wrapper flex flex-col md:flex-row items-top py-4\"><div class=\"flex-1\"><div class=\"product-info-wrapper flex flex-col md:flex-row items-top py-4\"><div class=\"flex-1\"><p>Overall Length: 8.125&#8243;<\/p><\/div><\/div><\/div><\/div><\/td><\/tr><tr><td><p class=\"font-medium mb-2 md:mb-0 w-full md:w-2\/5 uppercase md:text-lg text-lg\"><strong>LUNGIME DE LA BRA\u021a LA BRA\u021a<\/strong><\/p><\/td><td>3.6&#8243;<\/td><\/tr><tr><td><strong>MODEL G\u0102URI<\/strong><\/td><td>See Drawings<\/td><\/tr><tr><td><strong>DIMENSIUNE PLAC\u0102<\/strong><\/td><td><div class=\"product-info-wrapper flex flex-col md:flex-row items-top py-4\"><div class=\"flex-1\"><p>Top Plate: 3&#8243; x 11&#8243;<br \/>Bottom Plate: 3.68&#8243; Diameter<\/p><\/div><\/div><\/td><\/tr><tr><td><strong>DIMENSIUNE BIL\u0102<\/strong><\/td><td><div class=\"product-info-wrapper flex flex-col md:flex-row items-top py-4\"><div class=\"flex-1\"><p>D Size (2.25&#8243;)<\/p><\/div><\/div><\/td><\/tr><tr><td><strong>CAPACITATE DE GREUTATE<\/strong><\/td><td>Standard Use: 6 lbs<br \/>Heavy-Duty Use: 5 lbs<\/td><\/tr><tr><td><p class=\"font-medium mb-2 md:mb-0 w-full md:w-2\/5 uppercase md:text-lg text-lg\"><strong>MATERIALE<\/strong><\/p><\/td><td>Marine-grade aluminum<\/td><\/tr><tr><td><p class=\"font-medium mb-2 md:mb-0 w-full md:w-2\/5 uppercase md:text-lg text-lg\"><strong>TIP AMBALAJ<\/strong><\/p><\/td><td>Poly bag<\/td><\/tr><tr><td><strong>GREUTATE<\/strong><\/td><td>3.6 lb<\/td><\/tr><tr><td><p class=\"font-medium mb-2 md:mb-0 w-full md:w-1\/5 uppercase md:text-lg text-lg\"><strong>INFORMA\u021aIE ADI\u021aIONAL\u0102<\/strong><\/p><\/td><td><div id=\"add-info-wrapper\" class=\"product-info-wrapper flex flex-col md:flex-row items-top py-4\"><div class=\"flex-1 additional-info \"><div>The 11&#8243; x 3&#8243; rectangle base is a universal mounting bracket with a selection of mounting hole locations. In certain applications additional holes may need to be drilled for proper fit with your electronic device.<\/div><\/div><\/div><\/td><\/tr><\/tbody><\/table>\t\t\t\t\t\t\t\t<\/div>\n\t\t\t\t<\/div>\n\t\t\t\t\t<\/div>\n\t\t<\/div>\n\t\t\t\t\t<\/div>\n\t\t<\/section>\n\t\t\t\t<\/div>\n\t\t","protected":false},"excerpt":{"rendered":"<p>&nbsp;<\/p>\n<div class=\"w-full text-token-text-primary\" dir=\"auto\" data-testid=\"conversation-turn-41\">\n<div class=\"px-4 py-2 justify-center text-base md:gap-6 m-auto\">\n<div class=\"flex flex-1 text-base mx-auto gap-3 juice:gap-4 juice:md:gap-6 md:px-5 lg:px-1 xl:px-5 md:max-w-3xl lg:max-w-[40rem] xl:max-w-[48rem] group\">\n<div class=\"relative flex w-full flex-col agent-turn\">\n<div class=\"flex-col gap-1 md:gap-3\">\n<div class=\"flex flex-grow flex-col max-w-full\">\n<div class=\"min-h-[20px] text-message flex flex-col items-start gap-3 whitespace-pre-wrap break-words [.text-message+&amp;]:mt-5 overflow-x-auto\" dir=\"auto\" data-message-author-role=\"assistant\" data-message-id=\"bbc8a825-1a0c-4187-8ae0-dece3b7ada18\">\n<div class=\"markdown prose w-full break-words dark:prose-invert light\">\n<p>RAM-D-111U-C-MI1 const\u0103 dintr-o baz\u0103 rotund\u0103 cu diametrul de 3.68&#8243;, un bra\u021b dublu scurt cu piuli\u021b\u0103 de fixare cu blocare \u00een dou\u0103 direc\u021bii \u0219i o baz\u0103 dreptunghiular\u0103 de 11&#8243; x 3&#8243;. Baza rotund\u0103 con\u021bine g\u0103uri pre-forate, inclusiv dou\u0103 g\u0103uri la 180 de grade \u0219i trei g\u0103uri la 120 de grade. Baza dreptunghiular\u0103 con\u021bine diferite combina\u021bii de g\u0103uri pre-forate care se potrivesc cu multe dispozitive electronice \u0219i suporturi, inclusiv GPS-uri marine, radiouri CB, radiouri Ham, suporturi pentru gimbals \u0219i altele.<\/p>\n<\/div>\n<\/div>\n<\/div>\n<\/div>\n<\/div>\n<\/div>\n<\/div>\n<\/div>\n","protected":false},"featured_media":31397,"comment_status":"open","ping_status":"closed","template":"","meta":{"_acf_changed":false,"inline_featured_image":false},"product_brand":[],"product_cat":[343,340],"product_tag":[],"class_list":{"0":"post-31393","1":"product","2":"type-product","3":"status-publish","4":"has-post-thumbnail","6":"product_cat-ram-mounts_ro","7":"product_cat-sisteme-de-prindere-ro","8":"tt-post","10":"first","11":"instock","12":"shipping-taxable","13":"purchasable","14":"product-type-simple"},"acf":[],"yoast_head":"<!-- This site is optimized with the Yoast SEO plugin v27.4 - https:\/\/yoast.com\/product\/yoast-seo-wordpress\/ -->\n<title>RAM\u00ae Suport pentru electronice marine mari cu piulita de fixare - Scurt - BoatsExpert<\/title>\n<meta name=\"description\" content=\"Cump\u0103ra\u021bi RAM Suport pentru electronice marine mari cu piulita de fixare \u00een Rom\u00e2nia de la Boats Expert. \u041e gam\u0103 larg\u0103 de accesorii pentru b\u0103rci cu motor cu livrare \u00een toat\u0103 Rom\u00e2nia!\" \/>\n<meta name=\"robots\" content=\"index, follow, max-snippet:-1, max-image-preview:large, max-video-preview:-1\" \/>\n<link rel=\"canonical\" href=\"https:\/\/boat-demo.axiomprotocol.org\/ro\/produs\/ram-suport-pentru-electronice-marine-mari-cu-piulita-de-fixare-scurt\/\" \/>\n<meta property=\"og:locale\" content=\"ro_RO\" \/>\n<meta property=\"og:type\" content=\"article\" \/>\n<meta property=\"og:title\" content=\"RAM\u00ae Suport pentru electronice marine mari cu piulita de fixare - Scurt - BoatsExpert\" \/>\n<meta property=\"og:description\" content=\"Cump\u0103ra\u021bi RAM Suport pentru electronice marine mari cu piulita de fixare \u00een Rom\u00e2nia de la Boats Expert. \u041e gam\u0103 larg\u0103 de accesorii pentru b\u0103rci cu motor cu livrare \u00een toat\u0103 Rom\u00e2nia!\" \/>\n<meta property=\"og:url\" content=\"https:\/\/boat-demo.axiomprotocol.org\/ro\/produs\/ram-suport-pentru-electronice-marine-mari-cu-piulita-de-fixare-scurt\/\" \/>\n<meta property=\"og:site_name\" content=\"BoatsExpert\" \/>\n<meta property=\"article:modified_time\" content=\"2024-04-10T14:28:05+00:00\" \/>\n<meta property=\"og:image\" content=\"https:\/\/boat-demo.axiomprotocol.org\/wp-content\/uploads\/2024\/04\/01-29-23_03_02_RAM-D-111U-C-MI1_1_1440x.jpg\" \/>\n\t<meta property=\"og:image:width\" content=\"555\" \/>\n\t<meta property=\"og:image:height\" content=\"478\" \/>\n\t<meta property=\"og:image:type\" content=\"image\/jpeg\" \/>\n<meta name=\"twitter:card\" content=\"summary_large_image\" \/>\n<meta name=\"twitter:label1\" content=\"Timp estimat pentru citire\" \/>\n\t<meta name=\"twitter:data1\" content=\"1 minut\" \/>\n<script type=\"application\/ld+json\" class=\"yoast-schema-graph\">{\"@context\":\"https:\\\/\\\/schema.org\",\"@graph\":[{\"@type\":\"WebPage\",\"@id\":\"https:\\\/\\\/boat-demo.axiomprotocol.org\\\/ro\\\/produs\\\/ram-suport-pentru-electronice-marine-mari-cu-piulita-de-fixare-scurt\\\/\",\"url\":\"https:\\\/\\\/boat-demo.axiomprotocol.org\\\/ro\\\/produs\\\/ram-suport-pentru-electronice-marine-mari-cu-piulita-de-fixare-scurt\\\/\",\"name\":\"RAM\u00ae Suport pentru electronice marine mari cu piulita de fixare - Scurt - BoatsExpert\",\"isPartOf\":{\"@id\":\"https:\\\/\\\/boat-demo.axiomprotocol.org\\\/ro\\\/#website\"},\"primaryImageOfPage\":{\"@id\":\"https:\\\/\\\/boat-demo.axiomprotocol.org\\\/ro\\\/produs\\\/ram-suport-pentru-electronice-marine-mari-cu-piulita-de-fixare-scurt\\\/#primaryimage\"},\"image\":{\"@id\":\"https:\\\/\\\/boat-demo.axiomprotocol.org\\\/ro\\\/produs\\\/ram-suport-pentru-electronice-marine-mari-cu-piulita-de-fixare-scurt\\\/#primaryimage\"},\"thumbnailUrl\":\"https:\\\/\\\/boat-demo.axiomprotocol.org\\\/wp-content\\\/uploads\\\/2024\\\/04\\\/01-29-23_03_02_RAM-D-111U-C-MI1_1_1440x.jpg\",\"datePublished\":\"2024-04-10T14:06:45+00:00\",\"dateModified\":\"2024-04-10T14:28:05+00:00\",\"description\":\"Cump\u0103ra\u021bi RAM Suport pentru electronice marine mari cu piulita de fixare \u00een Rom\u00e2nia de la Boats Expert. \u041e gam\u0103 larg\u0103 de accesorii pentru b\u0103rci cu motor cu livrare \u00een toat\u0103 Rom\u00e2nia!\",\"breadcrumb\":{\"@id\":\"https:\\\/\\\/boat-demo.axiomprotocol.org\\\/ro\\\/produs\\\/ram-suport-pentru-electronice-marine-mari-cu-piulita-de-fixare-scurt\\\/#breadcrumb\"},\"inLanguage\":\"ro-RO\",\"potentialAction\":[{\"@type\":\"ReadAction\",\"target\":[\"https:\\\/\\\/boat-demo.axiomprotocol.org\\\/ro\\\/produs\\\/ram-suport-pentru-electronice-marine-mari-cu-piulita-de-fixare-scurt\\\/\"]}]},{\"@type\":\"ImageObject\",\"inLanguage\":\"ro-RO\",\"@id\":\"https:\\\/\\\/boat-demo.axiomprotocol.org\\\/ro\\\/produs\\\/ram-suport-pentru-electronice-marine-mari-cu-piulita-de-fixare-scurt\\\/#primaryimage\",\"url\":\"https:\\\/\\\/boat-demo.axiomprotocol.org\\\/wp-content\\\/uploads\\\/2024\\\/04\\\/01-29-23_03_02_RAM-D-111U-C-MI1_1_1440x.jpg\",\"contentUrl\":\"https:\\\/\\\/boat-demo.axiomprotocol.org\\\/wp-content\\\/uploads\\\/2024\\\/04\\\/01-29-23_03_02_RAM-D-111U-C-MI1_1_1440x.jpg\",\"width\":555,\"height\":478,\"caption\":\"RAM\"},{\"@type\":\"BreadcrumbList\",\"@id\":\"https:\\\/\\\/boat-demo.axiomprotocol.org\\\/ro\\\/produs\\\/ram-suport-pentru-electronice-marine-mari-cu-piulita-de-fixare-scurt\\\/#breadcrumb\",\"itemListElement\":[{\"@type\":\"ListItem\",\"position\":1,\"name\":\"Home\",\"item\":\"https:\\\/\\\/boat-demo.axiomprotocol.org\\\/\"},{\"@type\":\"ListItem\",\"position\":2,\"name\":\"Shop Online &#8211; cel mai bun magazin pentru echipamente pentru b\u0103rci\",\"item\":\"https:\\\/\\\/boat-demo.axiomprotocol.org\\\/ro\\\/shop-ro\\\/\"},{\"@type\":\"ListItem\",\"position\":3,\"name\":\"RAM\u00ae Suport pentru electronice marine mari cu piulita de fixare &#8211; Scurt\"}]},{\"@type\":\"WebSite\",\"@id\":\"https:\\\/\\\/boat-demo.axiomprotocol.org\\\/ro\\\/#website\",\"url\":\"https:\\\/\\\/boat-demo.axiomprotocol.org\\\/ro\\\/\",\"name\":\"BoatsExpert\",\"description\":\"Boats, Service, Equipment\",\"publisher\":{\"@id\":\"https:\\\/\\\/boat-demo.axiomprotocol.org\\\/ro\\\/#organization\"},\"potentialAction\":[{\"@type\":\"SearchAction\",\"target\":{\"@type\":\"EntryPoint\",\"urlTemplate\":\"https:\\\/\\\/boat-demo.axiomprotocol.org\\\/ro\\\/?s={search_term_string}\"},\"query-input\":{\"@type\":\"PropertyValueSpecification\",\"valueRequired\":true,\"valueName\":\"search_term_string\"}}],\"inLanguage\":\"ro-RO\"},{\"@type\":\"Organization\",\"@id\":\"https:\\\/\\\/boat-demo.axiomprotocol.org\\\/ro\\\/#organization\",\"name\":\"BoatsExpert\",\"url\":\"https:\\\/\\\/boat-demo.axiomprotocol.org\\\/ro\\\/\",\"logo\":{\"@type\":\"ImageObject\",\"inLanguage\":\"ro-RO\",\"@id\":\"https:\\\/\\\/boat-demo.axiomprotocol.org\\\/ro\\\/#\\\/schema\\\/logo\\\/image\\\/\",\"url\":\"https:\\\/\\\/boat-demo.axiomprotocol.org\\\/wp-content\\\/uploads\\\/2023\\\/05\\\/white-logo60.svg\",\"contentUrl\":\"https:\\\/\\\/boat-demo.axiomprotocol.org\\\/wp-content\\\/uploads\\\/2023\\\/05\\\/white-logo60.svg\",\"width\":90,\"height\":60,\"caption\":\"BoatsExpert\"},\"image\":{\"@id\":\"https:\\\/\\\/boat-demo.axiomprotocol.org\\\/ro\\\/#\\\/schema\\\/logo\\\/image\\\/\"}}]}<\/script>\n<!-- \/ Yoast SEO plugin. -->","yoast_head_json":{"title":"RAM\u00ae Suport pentru electronice marine mari cu piulita de fixare - Scurt - BoatsExpert","description":"Cump\u0103ra\u021bi RAM Suport pentru electronice marine mari cu piulita de fixare \u00een Rom\u00e2nia de la Boats Expert. \u041e gam\u0103 larg\u0103 de accesorii pentru b\u0103rci cu motor cu livrare \u00een toat\u0103 Rom\u00e2nia!","robots":{"index":"index","follow":"follow","max-snippet":"max-snippet:-1","max-image-preview":"max-image-preview:large","max-video-preview":"max-video-preview:-1"},"canonical":"https:\/\/boat-demo.axiomprotocol.org\/ro\/produs\/ram-suport-pentru-electronice-marine-mari-cu-piulita-de-fixare-scurt\/","og_locale":"ro_RO","og_type":"article","og_title":"RAM\u00ae Suport pentru electronice marine mari cu piulita de fixare - Scurt - BoatsExpert","og_description":"Cump\u0103ra\u021bi RAM Suport pentru electronice marine mari cu piulita de fixare \u00een Rom\u00e2nia de la Boats Expert. \u041e gam\u0103 larg\u0103 de accesorii pentru b\u0103rci cu motor cu livrare \u00een toat\u0103 Rom\u00e2nia!","og_url":"https:\/\/boat-demo.axiomprotocol.org\/ro\/produs\/ram-suport-pentru-electronice-marine-mari-cu-piulita-de-fixare-scurt\/","og_site_name":"BoatsExpert","article_modified_time":"2024-04-10T14:28:05+00:00","og_image":[{"width":555,"height":478,"url":"https:\/\/boat-demo.axiomprotocol.org\/wp-content\/uploads\/2024\/04\/01-29-23_03_02_RAM-D-111U-C-MI1_1_1440x.jpg","type":"image\/jpeg"}],"twitter_card":"summary_large_image","twitter_misc":{"Timp estimat pentru citire":"1 minut"},"schema":{"@context":"https:\/\/schema.org","@graph":[{"@type":"WebPage","@id":"https:\/\/boat-demo.axiomprotocol.org\/ro\/produs\/ram-suport-pentru-electronice-marine-mari-cu-piulita-de-fixare-scurt\/","url":"https:\/\/boat-demo.axiomprotocol.org\/ro\/produs\/ram-suport-pentru-electronice-marine-mari-cu-piulita-de-fixare-scurt\/","name":"RAM\u00ae Suport pentru electronice marine mari cu piulita de fixare - Scurt - BoatsExpert","isPartOf":{"@id":"https:\/\/boat-demo.axiomprotocol.org\/ro\/#website"},"primaryImageOfPage":{"@id":"https:\/\/boat-demo.axiomprotocol.org\/ro\/produs\/ram-suport-pentru-electronice-marine-mari-cu-piulita-de-fixare-scurt\/#primaryimage"},"image":{"@id":"https:\/\/boat-demo.axiomprotocol.org\/ro\/produs\/ram-suport-pentru-electronice-marine-mari-cu-piulita-de-fixare-scurt\/#primaryimage"},"thumbnailUrl":"https:\/\/boat-demo.axiomprotocol.org\/wp-content\/uploads\/2024\/04\/01-29-23_03_02_RAM-D-111U-C-MI1_1_1440x.jpg","datePublished":"2024-04-10T14:06:45+00:00","dateModified":"2024-04-10T14:28:05+00:00","description":"Cump\u0103ra\u021bi RAM Suport pentru electronice marine mari cu piulita de fixare \u00een Rom\u00e2nia de la Boats Expert. \u041e gam\u0103 larg\u0103 de accesorii pentru b\u0103rci cu motor cu livrare \u00een toat\u0103 Rom\u00e2nia!","breadcrumb":{"@id":"https:\/\/boat-demo.axiomprotocol.org\/ro\/produs\/ram-suport-pentru-electronice-marine-mari-cu-piulita-de-fixare-scurt\/#breadcrumb"},"inLanguage":"ro-RO","potentialAction":[{"@type":"ReadAction","target":["https:\/\/boat-demo.axiomprotocol.org\/ro\/produs\/ram-suport-pentru-electronice-marine-mari-cu-piulita-de-fixare-scurt\/"]}]},{"@type":"ImageObject","inLanguage":"ro-RO","@id":"https:\/\/boat-demo.axiomprotocol.org\/ro\/produs\/ram-suport-pentru-electronice-marine-mari-cu-piulita-de-fixare-scurt\/#primaryimage","url":"https:\/\/boat-demo.axiomprotocol.org\/wp-content\/uploads\/2024\/04\/01-29-23_03_02_RAM-D-111U-C-MI1_1_1440x.jpg","contentUrl":"https:\/\/boat-demo.axiomprotocol.org\/wp-content\/uploads\/2024\/04\/01-29-23_03_02_RAM-D-111U-C-MI1_1_1440x.jpg","width":555,"height":478,"caption":"RAM"},{"@type":"BreadcrumbList","@id":"https:\/\/boat-demo.axiomprotocol.org\/ro\/produs\/ram-suport-pentru-electronice-marine-mari-cu-piulita-de-fixare-scurt\/#breadcrumb","itemListElement":[{"@type":"ListItem","position":1,"name":"Home","item":"https:\/\/boat-demo.axiomprotocol.org\/"},{"@type":"ListItem","position":2,"name":"Shop Online &#8211; cel mai bun magazin pentru echipamente pentru b\u0103rci","item":"https:\/\/boat-demo.axiomprotocol.org\/ro\/shop-ro\/"},{"@type":"ListItem","position":3,"name":"RAM\u00ae Suport pentru electronice marine mari cu piulita de fixare &#8211; Scurt"}]},{"@type":"WebSite","@id":"https:\/\/boat-demo.axiomprotocol.org\/ro\/#website","url":"https:\/\/boat-demo.axiomprotocol.org\/ro\/","name":"BoatsExpert","description":"Boats, Service, Equipment","publisher":{"@id":"https:\/\/boat-demo.axiomprotocol.org\/ro\/#organization"},"potentialAction":[{"@type":"SearchAction","target":{"@type":"EntryPoint","urlTemplate":"https:\/\/boat-demo.axiomprotocol.org\/ro\/?s={search_term_string}"},"query-input":{"@type":"PropertyValueSpecification","valueRequired":true,"valueName":"search_term_string"}}],"inLanguage":"ro-RO"},{"@type":"Organization","@id":"https:\/\/boat-demo.axiomprotocol.org\/ro\/#organization","name":"BoatsExpert","url":"https:\/\/boat-demo.axiomprotocol.org\/ro\/","logo":{"@type":"ImageObject","inLanguage":"ro-RO","@id":"https:\/\/boat-demo.axiomprotocol.org\/ro\/#\/schema\/logo\/image\/","url":"https:\/\/boat-demo.axiomprotocol.org\/wp-content\/uploads\/2023\/05\/white-logo60.svg","contentUrl":"https:\/\/boat-demo.axiomprotocol.org\/wp-content\/uploads\/2023\/05\/white-logo60.svg","width":90,"height":60,"caption":"BoatsExpert"},"image":{"@id":"https:\/\/boat-demo.axiomprotocol.org\/ro\/#\/schema\/logo\/image\/"}}]}},"_links":{"self":[{"href":"https:\/\/boat-demo.axiomprotocol.org\/ro\/wp-json\/wp\/v2\/product\/31393","targetHints":{"allow":["GET"]}}],"collection":[{"href":"https:\/\/boat-demo.axiomprotocol.org\/ro\/wp-json\/wp\/v2\/product"}],"about":[{"href":"https:\/\/boat-demo.axiomprotocol.org\/ro\/wp-json\/wp\/v2\/types\/product"}],"replies":[{"embeddable":true,"href":"https:\/\/boat-demo.axiomprotocol.org\/ro\/wp-json\/wp\/v2\/comments?post=31393"}],"version-history":[{"count":5,"href":"https:\/\/boat-demo.axiomprotocol.org\/ro\/wp-json\/wp\/v2\/product\/31393\/revisions"}],"predecessor-version":[{"id":31416,"href":"https:\/\/boat-demo.axiomprotocol.org\/ro\/wp-json\/wp\/v2\/product\/31393\/revisions\/31416"}],"wp:featuredmedia":[{"embeddable":true,"href":"https:\/\/boat-demo.axiomprotocol.org\/ro\/wp-json\/wp\/v2\/media\/31397"}],"wp:attachment":[{"href":"https:\/\/boat-demo.axiomprotocol.org\/ro\/wp-json\/wp\/v2\/media?parent=31393"}],"wp:term":[{"taxonomy":"product_brand","embeddable":true,"href":"https:\/\/boat-demo.axiomprotocol.org\/ro\/wp-json\/wp\/v2\/product_brand?post=31393"},{"taxonomy":"product_cat","embeddable":true,"href":"https:\/\/boat-demo.axiomprotocol.org\/ro\/wp-json\/wp\/v2\/product_cat?post=31393"},{"taxonomy":"product_tag","embeddable":true,"href":"https:\/\/boat-demo.axiomprotocol.org\/ro\/wp-json\/wp\/v2\/product_tag?post=31393"}],"curies":[{"name":"wp","href":"https:\/\/api.w.org\/{rel}","templated":true}]}}