{"id":31330,"date":"2024-04-10T15:27:32","date_gmt":"2024-04-10T12:27:33","guid":{"rendered":"https:\/\/boat-demo.axiomprotocol.org\/?post_type=product&#038;p=31330"},"modified":"2024-04-10T16:39:50","modified_gmt":"2024-04-10T13:39:50","slug":"rigid-industries-d-series-pro-spot-midnight-pair-surface-mount","status":"publish","type":"product","link":"https:\/\/boat-demo.axiomprotocol.org\/ro\/produs\/rigid-industries-d-series-pro-spot-midnight-pair-surface-mount\/","title":{"rendered":"Rigid Industries D-SERIES PRO SPOT MIDNIGHT PAIR Surface Mount"},"content":{"rendered":"\t\t<div data-elementor-type=\"wp-post\" data-elementor-id=\"31330\" class=\"elementor elementor-31330 elementor-31329\">\n\t\t\t\t\t\t<section class=\"elementor-section elementor-top-section elementor-element elementor-element-6949a2d0 elementor-section-boxed elementor-section-height-default elementor-section-height-default\" data-id=\"6949a2d0\" data-element_type=\"section\" data-e-type=\"section\">\n\t\t\t\t\t\t<div class=\"elementor-container elementor-column-gap-default\">\n\t\t\t\t\t<div class=\"elementor-column elementor-col-100 elementor-top-column elementor-element elementor-element-188a1fcd\" data-id=\"188a1fcd\" data-element_type=\"column\" data-e-type=\"column\">\n\t\t\t<div class=\"elementor-widget-wrap elementor-element-populated\">\n\t\t\t\t\t\t<div class=\"elementor-element elementor-element-12e914fa elementor-widget elementor-widget-heading\" data-id=\"12e914fa\" data-element_type=\"widget\" data-e-type=\"widget\" data-widget_type=\"heading.default\">\n\t\t\t\t<div class=\"elementor-widget-container\">\n\t\t\t\t\t<h4 class=\"elementor-heading-title elementor-size-default\">Caracteristici<\/h4>\t\t\t\t<\/div>\n\t\t\t\t<\/div>\n\t\t\t\t\t<\/div>\n\t\t<\/div>\n\t\t\t\t\t<\/div>\n\t\t<\/section>\n\t\t\t\t<section class=\"elementor-section elementor-top-section elementor-element elementor-element-7554ad38 elementor-section-boxed elementor-section-height-default elementor-section-height-default\" data-id=\"7554ad38\" data-element_type=\"section\" data-e-type=\"section\">\n\t\t\t\t\t\t<div class=\"elementor-container elementor-column-gap-default\">\n\t\t\t\t\t<div class=\"elementor-column elementor-col-100 elementor-top-column elementor-element elementor-element-5a9ae3a1\" data-id=\"5a9ae3a1\" data-element_type=\"column\" data-e-type=\"column\">\n\t\t\t<div class=\"elementor-widget-wrap elementor-element-populated\">\n\t\t\t\t\t\t<div class=\"elementor-element elementor-element-975b8ef elementor-widget elementor-widget-text-editor\" data-id=\"975b8ef\" data-element_type=\"widget\" data-e-type=\"widget\" data-widget_type=\"text-editor.default\">\n\t\t\t\t<div class=\"elementor-widget-container\">\n\t\t\t\t\t\t\t\t\t<ul class=\"tt-list03\"><li>Enamel translucid negru pe opticile noastre hibride brevetate de tip spot<\/li><li>Toate componentele hardware sunt negre<\/li><li>Plac\u0103 de circuit special acoperit\u0103 cu polimer negru<\/li><li>Durat\u0103 de via\u021b\u0103 de peste 50.000 de ore<\/li><li>9-36 V DC<\/li><li>Acoperire cu pulbere rezistent\u0103 la UV<\/li><li>Aliaj de aluminiu de \u00eenalt\u0103 calitate<\/li><li>Sistem integrat de management termic<\/li><li>Lentil\u0103 din policarbonat rezistent la impact<\/li><li>Protec\u021bie \u00eempotriva supratensiunii\/subtensiunii<\/li><li>Protec\u021bie \u00eempotriva interferen\u021belor radioelectrice \u0219i electromagnetice<\/li><li>Protec\u021bie \u00eempotriva polarit\u0103\u021bii inverse<\/li><li>Conform RoHS<\/li><li>Conform IP68 &#8211; Protec\u021bie \u00eempotriva prafului \u0219i apei<\/li><li>Temperatur\u0103 de operare &#8211; de la -40 \u00b0F la +145 \u00b0F<\/li><li>Conform SAE J575 &#8211; \u0218oc\/vibra\u021bii<\/li><li>Garan\u021bie limitat\u0103\u00a0<\/li><li>Utilizare doar \u00een afara drumurilor publice<\/li><\/ul>\t\t\t\t\t\t\t\t<\/div>\n\t\t\t\t<\/div>\n\t\t\t\t\t<\/div>\n\t\t<\/div>\n\t\t\t\t\t<\/div>\n\t\t<\/section>\n\t\t\t\t<section class=\"elementor-section elementor-top-section elementor-element elementor-element-7d4b0b3 elementor-section-boxed elementor-section-height-default elementor-section-height-default\" data-id=\"7d4b0b3\" data-element_type=\"section\" data-e-type=\"section\">\n\t\t\t\t\t\t<div class=\"elementor-container elementor-column-gap-default\">\n\t\t\t\t\t<div class=\"elementor-column elementor-col-100 elementor-top-column elementor-element elementor-element-58e2cd7\" data-id=\"58e2cd7\" data-element_type=\"column\" data-e-type=\"column\">\n\t\t\t<div class=\"elementor-widget-wrap elementor-element-populated\">\n\t\t\t\t\t\t<div class=\"elementor-element elementor-element-bd98393 elementor-widget elementor-widget-heading\" data-id=\"bd98393\" data-element_type=\"widget\" data-e-type=\"widget\" data-widget_type=\"heading.default\">\n\t\t\t\t<div class=\"elementor-widget-container\">\n\t\t\t\t\t<h4 class=\"elementor-heading-title elementor-size-default\">Specifica\u021bii<\/h4>\t\t\t\t<\/div>\n\t\t\t\t<\/div>\n\t\t\t\t\t<\/div>\n\t\t<\/div>\n\t\t\t\t\t<\/div>\n\t\t<\/section>\n\t\t\t\t<section class=\"elementor-section elementor-top-section elementor-element elementor-element-a737e84 elementor-section-boxed elementor-section-height-default elementor-section-height-default\" data-id=\"a737e84\" data-element_type=\"section\" data-e-type=\"section\">\n\t\t\t\t\t\t<div class=\"elementor-container elementor-column-gap-default\">\n\t\t\t\t\t<div class=\"elementor-column elementor-col-100 elementor-top-column elementor-element elementor-element-b7a623c\" data-id=\"b7a623c\" data-element_type=\"column\" data-e-type=\"column\">\n\t\t\t<div class=\"elementor-widget-wrap elementor-element-populated\">\n\t\t\t\t\t\t<div class=\"elementor-element elementor-element-cbd0b7b elementor-widget elementor-widget-text-editor\" data-id=\"cbd0b7b\" data-element_type=\"widget\" data-e-type=\"widget\" data-widget_type=\"text-editor.default\">\n\t\t\t\t<div class=\"elementor-widget-container\">\n\t\t\t\t\t\t\t\t\t<table class=\"dataTable\" style=\"width: 100%\" border=\"0\" cellspacing=\"1\" cellpadding=\"2\"><tbody><tr><td><strong>Dimensiune<\/strong><\/td><td>3&#8243;X3&#8243;<\/td><\/tr><tr><td><strong>Num\u0103r de pies\u0103<\/strong><\/td><td>202213BLK<\/td><\/tr><tr><td><strong>Greutate (Lbs)<\/strong><\/td><td>2.30<\/td><\/tr><tr><td><strong>Optic\u0103<\/strong><\/td><td>Spot<\/td><\/tr><tr><td><strong>Putere W<\/strong><\/td><td>29<\/td><\/tr><tr><td><strong>Consum Amperi<\/strong><\/td><td>2.07<\/td><\/tr><tr><td><strong>*Raw Lumens<\/strong><\/td><td>3168<\/td><\/tr><tr><td><strong>Lux @ 10m<\/strong><\/td><td>388.94<\/td><\/tr><tr><td><strong>Distan\u021ba fasciculului @1Lux<\/strong><\/td><td>197.2<\/td><\/tr><tr><td><strong>Distan\u021ba fasciculului @.25Lux<\/strong><\/td><td>394.4<\/td><\/tr><tr><td><strong>** Intensitatea maxim\u0103 a fasciculului (cd)<\/strong><\/td><td>38,894<\/td><\/tr><tr><td><strong>Unghiul orizontal al fasciculului<\/strong><\/td><td>18.7<\/td><\/tr><\/tbody><\/table>\t\t\t\t\t\t\t\t<\/div>\n\t\t\t\t<\/div>\n\t\t\t\t\t<\/div>\n\t\t<\/div>\n\t\t\t\t\t<\/div>\n\t\t<\/section>\n\t\t\t\t<\/div>\n\t\t","protected":false},"excerpt":{"rendered":"<p>&nbsp;<\/p>\n<p><strong>Rigid Industries D-SERIES PRO SPOT MIDNIGHT PAIR Surface Mount<\/strong><\/p>\n<div class=\"woocommerce-product-details__short-description\">\n<div class=\"cart-detail-innr\">\n<p>\u00cenainteaz\u0103 \u00een lumea furtunilor \u0219i a performan\u021bei cu luminile LED din edi\u021bia de miez de noapte de la Rigid. D-Series noastre, echipate cu patentul Midnight, se integreaz\u0103 perfect \u00een mediul marin \u00een timpul zilei, asigur\u00e2nd o aparen\u021b\u0103 neted\u0103 \u0219i discret\u0103. Totu\u0219i, c\u00e2nd noaptea se las\u0103, aceste lumini se transform\u0103 \u00een faruri str\u0103lucitoare, datorit\u0103 tehnologiei puternice LED de la Rigid.<\/p>\n<p>Ilumineaz\u0103-\u021bi experien\u021ba pe ap\u0103 \u0219i &#8222;St\u0103p\u00e2ne\u0219te Noaptea&#8221; cu luminile LED originale din seria D, edi\u021bia de miez de noapte de la Rigid. \u00cembun\u0103t\u0103\u021be\u0219te vizibilitatea, siguran\u021ba \u0219i stilul \u00een aventurile tale marine cu Boats Expert.<\/p>\n<\/div>\n<\/div>\n","protected":false},"featured_media":31332,"comment_status":"open","ping_status":"closed","template":"","meta":{"_acf_changed":false,"inline_featured_image":false},"product_brand":[],"product_cat":[421],"product_tag":[],"class_list":{"0":"post-31330","1":"product","2":"type-product","3":"status-publish","4":"has-post-thumbnail","6":"product_cat-rigid-industries-ro","7":"tt-post","9":"first","10":"instock","11":"shipping-taxable","12":"purchasable","13":"product-type-simple"},"acf":[],"yoast_head":"<!-- This site is optimized with the Yoast SEO plugin v27.4 - https:\/\/yoast.com\/product\/yoast-seo-wordpress\/ -->\n<title>Rigid Industries D-SERIES PRO SPOT MIDNIGHT PAIR Surface Mount - BoatsExpert<\/title>\n<meta name=\"description\" content=\"Cump\u0103ra\u021bi Rigid Industries D-SERIES PRO SPOT MIDNIGHT \u00een Rom\u00e2nia de la Boats Expert. \u041e gam\u0103 larg\u0103 de accesorii pentru b\u0103rci cu motor cu livrare \u00een toat\u0103 Rom\u00e2nia!\" \/>\n<meta name=\"robots\" content=\"index, follow, max-snippet:-1, max-image-preview:large, max-video-preview:-1\" \/>\n<link rel=\"canonical\" href=\"https:\/\/boat-demo.axiomprotocol.org\/ro\/produs\/rigid-industries-d-series-pro-spot-midnight-pair-surface-mount\/\" \/>\n<meta property=\"og:locale\" content=\"ro_RO\" \/>\n<meta property=\"og:type\" content=\"article\" \/>\n<meta property=\"og:title\" content=\"Rigid Industries D-SERIES PRO SPOT MIDNIGHT PAIR Surface Mount - BoatsExpert\" \/>\n<meta property=\"og:description\" content=\"Cump\u0103ra\u021bi Rigid Industries D-SERIES PRO SPOT MIDNIGHT \u00een Rom\u00e2nia de la Boats Expert. \u041e gam\u0103 larg\u0103 de accesorii pentru b\u0103rci cu motor cu livrare \u00een toat\u0103 Rom\u00e2nia!\" \/>\n<meta property=\"og:url\" content=\"https:\/\/boat-demo.axiomprotocol.org\/ro\/produs\/rigid-industries-d-series-pro-spot-midnight-pair-surface-mount\/\" \/>\n<meta property=\"og:site_name\" content=\"BoatsExpert\" \/>\n<meta property=\"article:modified_time\" content=\"2024-04-10T13:39:50+00:00\" \/>\n<meta property=\"og:image\" content=\"https:\/\/boat-demo.axiomprotocol.org\/wp-content\/uploads\/2024\/04\/202213blk_d-series_pro_spot_midnight_2_v2_1.jpg\" \/>\n\t<meta property=\"og:image:width\" content=\"555\" \/>\n\t<meta property=\"og:image:height\" content=\"478\" \/>\n\t<meta property=\"og:image:type\" content=\"image\/jpeg\" \/>\n<meta name=\"twitter:card\" content=\"summary_large_image\" \/>\n<meta name=\"twitter:label1\" content=\"Timp estimat pentru citire\" \/>\n\t<meta name=\"twitter:data1\" content=\"1 minut\" \/>\n<script type=\"application\/ld+json\" class=\"yoast-schema-graph\">{\"@context\":\"https:\\\/\\\/schema.org\",\"@graph\":[{\"@type\":\"WebPage\",\"@id\":\"https:\\\/\\\/boat-demo.axiomprotocol.org\\\/ro\\\/produs\\\/rigid-industries-d-series-pro-spot-midnight-pair-surface-mount\\\/\",\"url\":\"https:\\\/\\\/boat-demo.axiomprotocol.org\\\/ro\\\/produs\\\/rigid-industries-d-series-pro-spot-midnight-pair-surface-mount\\\/\",\"name\":\"Rigid Industries D-SERIES PRO SPOT MIDNIGHT PAIR Surface Mount - BoatsExpert\",\"isPartOf\":{\"@id\":\"https:\\\/\\\/boat-demo.axiomprotocol.org\\\/ro\\\/#website\"},\"primaryImageOfPage\":{\"@id\":\"https:\\\/\\\/boat-demo.axiomprotocol.org\\\/ro\\\/produs\\\/rigid-industries-d-series-pro-spot-midnight-pair-surface-mount\\\/#primaryimage\"},\"image\":{\"@id\":\"https:\\\/\\\/boat-demo.axiomprotocol.org\\\/ro\\\/produs\\\/rigid-industries-d-series-pro-spot-midnight-pair-surface-mount\\\/#primaryimage\"},\"thumbnailUrl\":\"https:\\\/\\\/boat-demo.axiomprotocol.org\\\/wp-content\\\/uploads\\\/2024\\\/04\\\/202213blk_d-series_pro_spot_midnight_2_v2_1.jpg\",\"datePublished\":\"2024-04-10T12:27:33+00:00\",\"dateModified\":\"2024-04-10T13:39:50+00:00\",\"description\":\"Cump\u0103ra\u021bi Rigid Industries D-SERIES PRO SPOT MIDNIGHT \u00een Rom\u00e2nia de la Boats Expert. \u041e gam\u0103 larg\u0103 de accesorii pentru b\u0103rci cu motor cu livrare \u00een toat\u0103 Rom\u00e2nia!\",\"breadcrumb\":{\"@id\":\"https:\\\/\\\/boat-demo.axiomprotocol.org\\\/ro\\\/produs\\\/rigid-industries-d-series-pro-spot-midnight-pair-surface-mount\\\/#breadcrumb\"},\"inLanguage\":\"ro-RO\",\"potentialAction\":[{\"@type\":\"ReadAction\",\"target\":[\"https:\\\/\\\/boat-demo.axiomprotocol.org\\\/ro\\\/produs\\\/rigid-industries-d-series-pro-spot-midnight-pair-surface-mount\\\/\"]}]},{\"@type\":\"ImageObject\",\"inLanguage\":\"ro-RO\",\"@id\":\"https:\\\/\\\/boat-demo.axiomprotocol.org\\\/ro\\\/produs\\\/rigid-industries-d-series-pro-spot-midnight-pair-surface-mount\\\/#primaryimage\",\"url\":\"https:\\\/\\\/boat-demo.axiomprotocol.org\\\/wp-content\\\/uploads\\\/2024\\\/04\\\/202213blk_d-series_pro_spot_midnight_2_v2_1.jpg\",\"contentUrl\":\"https:\\\/\\\/boat-demo.axiomprotocol.org\\\/wp-content\\\/uploads\\\/2024\\\/04\\\/202213blk_d-series_pro_spot_midnight_2_v2_1.jpg\",\"width\":555,\"height\":478,\"caption\":\"Rigid Industries series pro spot midnight\"},{\"@type\":\"BreadcrumbList\",\"@id\":\"https:\\\/\\\/boat-demo.axiomprotocol.org\\\/ro\\\/produs\\\/rigid-industries-d-series-pro-spot-midnight-pair-surface-mount\\\/#breadcrumb\",\"itemListElement\":[{\"@type\":\"ListItem\",\"position\":1,\"name\":\"Home\",\"item\":\"https:\\\/\\\/boat-demo.axiomprotocol.org\\\/\"},{\"@type\":\"ListItem\",\"position\":2,\"name\":\"Shop Online &#8211; cel mai bun magazin pentru echipamente pentru b\u0103rci\",\"item\":\"https:\\\/\\\/boat-demo.axiomprotocol.org\\\/ro\\\/shop-ro\\\/\"},{\"@type\":\"ListItem\",\"position\":3,\"name\":\"Rigid Industries D-SERIES PRO SPOT MIDNIGHT PAIR Surface Mount\"}]},{\"@type\":\"WebSite\",\"@id\":\"https:\\\/\\\/boat-demo.axiomprotocol.org\\\/ro\\\/#website\",\"url\":\"https:\\\/\\\/boat-demo.axiomprotocol.org\\\/ro\\\/\",\"name\":\"BoatsExpert\",\"description\":\"Boats, Service, Equipment\",\"publisher\":{\"@id\":\"https:\\\/\\\/boat-demo.axiomprotocol.org\\\/ro\\\/#organization\"},\"potentialAction\":[{\"@type\":\"SearchAction\",\"target\":{\"@type\":\"EntryPoint\",\"urlTemplate\":\"https:\\\/\\\/boat-demo.axiomprotocol.org\\\/ro\\\/?s={search_term_string}\"},\"query-input\":{\"@type\":\"PropertyValueSpecification\",\"valueRequired\":true,\"valueName\":\"search_term_string\"}}],\"inLanguage\":\"ro-RO\"},{\"@type\":\"Organization\",\"@id\":\"https:\\\/\\\/boat-demo.axiomprotocol.org\\\/ro\\\/#organization\",\"name\":\"BoatsExpert\",\"url\":\"https:\\\/\\\/boat-demo.axiomprotocol.org\\\/ro\\\/\",\"logo\":{\"@type\":\"ImageObject\",\"inLanguage\":\"ro-RO\",\"@id\":\"https:\\\/\\\/boat-demo.axiomprotocol.org\\\/ro\\\/#\\\/schema\\\/logo\\\/image\\\/\",\"url\":\"https:\\\/\\\/boat-demo.axiomprotocol.org\\\/wp-content\\\/uploads\\\/2023\\\/05\\\/white-logo60.svg\",\"contentUrl\":\"https:\\\/\\\/boat-demo.axiomprotocol.org\\\/wp-content\\\/uploads\\\/2023\\\/05\\\/white-logo60.svg\",\"width\":90,\"height\":60,\"caption\":\"BoatsExpert\"},\"image\":{\"@id\":\"https:\\\/\\\/boat-demo.axiomprotocol.org\\\/ro\\\/#\\\/schema\\\/logo\\\/image\\\/\"}}]}<\/script>\n<!-- \/ Yoast SEO plugin. -->","yoast_head_json":{"title":"Rigid Industries D-SERIES PRO SPOT MIDNIGHT PAIR Surface Mount - BoatsExpert","description":"Cump\u0103ra\u021bi Rigid Industries D-SERIES PRO SPOT MIDNIGHT \u00een Rom\u00e2nia de la Boats Expert. \u041e gam\u0103 larg\u0103 de accesorii pentru b\u0103rci cu motor cu livrare \u00een toat\u0103 Rom\u00e2nia!","robots":{"index":"index","follow":"follow","max-snippet":"max-snippet:-1","max-image-preview":"max-image-preview:large","max-video-preview":"max-video-preview:-1"},"canonical":"https:\/\/boat-demo.axiomprotocol.org\/ro\/produs\/rigid-industries-d-series-pro-spot-midnight-pair-surface-mount\/","og_locale":"ro_RO","og_type":"article","og_title":"Rigid Industries D-SERIES PRO SPOT MIDNIGHT PAIR Surface Mount - BoatsExpert","og_description":"Cump\u0103ra\u021bi Rigid Industries D-SERIES PRO SPOT MIDNIGHT \u00een Rom\u00e2nia de la Boats Expert. \u041e gam\u0103 larg\u0103 de accesorii pentru b\u0103rci cu motor cu livrare \u00een toat\u0103 Rom\u00e2nia!","og_url":"https:\/\/boat-demo.axiomprotocol.org\/ro\/produs\/rigid-industries-d-series-pro-spot-midnight-pair-surface-mount\/","og_site_name":"BoatsExpert","article_modified_time":"2024-04-10T13:39:50+00:00","og_image":[{"width":555,"height":478,"url":"https:\/\/boat-demo.axiomprotocol.org\/wp-content\/uploads\/2024\/04\/202213blk_d-series_pro_spot_midnight_2_v2_1.jpg","type":"image\/jpeg"}],"twitter_card":"summary_large_image","twitter_misc":{"Timp estimat pentru citire":"1 minut"},"schema":{"@context":"https:\/\/schema.org","@graph":[{"@type":"WebPage","@id":"https:\/\/boat-demo.axiomprotocol.org\/ro\/produs\/rigid-industries-d-series-pro-spot-midnight-pair-surface-mount\/","url":"https:\/\/boat-demo.axiomprotocol.org\/ro\/produs\/rigid-industries-d-series-pro-spot-midnight-pair-surface-mount\/","name":"Rigid Industries D-SERIES PRO SPOT MIDNIGHT PAIR Surface Mount - BoatsExpert","isPartOf":{"@id":"https:\/\/boat-demo.axiomprotocol.org\/ro\/#website"},"primaryImageOfPage":{"@id":"https:\/\/boat-demo.axiomprotocol.org\/ro\/produs\/rigid-industries-d-series-pro-spot-midnight-pair-surface-mount\/#primaryimage"},"image":{"@id":"https:\/\/boat-demo.axiomprotocol.org\/ro\/produs\/rigid-industries-d-series-pro-spot-midnight-pair-surface-mount\/#primaryimage"},"thumbnailUrl":"https:\/\/boat-demo.axiomprotocol.org\/wp-content\/uploads\/2024\/04\/202213blk_d-series_pro_spot_midnight_2_v2_1.jpg","datePublished":"2024-04-10T12:27:33+00:00","dateModified":"2024-04-10T13:39:50+00:00","description":"Cump\u0103ra\u021bi Rigid Industries D-SERIES PRO SPOT MIDNIGHT \u00een Rom\u00e2nia de la Boats Expert. \u041e gam\u0103 larg\u0103 de accesorii pentru b\u0103rci cu motor cu livrare \u00een toat\u0103 Rom\u00e2nia!","breadcrumb":{"@id":"https:\/\/boat-demo.axiomprotocol.org\/ro\/produs\/rigid-industries-d-series-pro-spot-midnight-pair-surface-mount\/#breadcrumb"},"inLanguage":"ro-RO","potentialAction":[{"@type":"ReadAction","target":["https:\/\/boat-demo.axiomprotocol.org\/ro\/produs\/rigid-industries-d-series-pro-spot-midnight-pair-surface-mount\/"]}]},{"@type":"ImageObject","inLanguage":"ro-RO","@id":"https:\/\/boat-demo.axiomprotocol.org\/ro\/produs\/rigid-industries-d-series-pro-spot-midnight-pair-surface-mount\/#primaryimage","url":"https:\/\/boat-demo.axiomprotocol.org\/wp-content\/uploads\/2024\/04\/202213blk_d-series_pro_spot_midnight_2_v2_1.jpg","contentUrl":"https:\/\/boat-demo.axiomprotocol.org\/wp-content\/uploads\/2024\/04\/202213blk_d-series_pro_spot_midnight_2_v2_1.jpg","width":555,"height":478,"caption":"Rigid Industries series pro spot midnight"},{"@type":"BreadcrumbList","@id":"https:\/\/boat-demo.axiomprotocol.org\/ro\/produs\/rigid-industries-d-series-pro-spot-midnight-pair-surface-mount\/#breadcrumb","itemListElement":[{"@type":"ListItem","position":1,"name":"Home","item":"https:\/\/boat-demo.axiomprotocol.org\/"},{"@type":"ListItem","position":2,"name":"Shop Online &#8211; cel mai bun magazin pentru echipamente pentru b\u0103rci","item":"https:\/\/boat-demo.axiomprotocol.org\/ro\/shop-ro\/"},{"@type":"ListItem","position":3,"name":"Rigid Industries D-SERIES PRO SPOT MIDNIGHT PAIR Surface Mount"}]},{"@type":"WebSite","@id":"https:\/\/boat-demo.axiomprotocol.org\/ro\/#website","url":"https:\/\/boat-demo.axiomprotocol.org\/ro\/","name":"BoatsExpert","description":"Boats, Service, Equipment","publisher":{"@id":"https:\/\/boat-demo.axiomprotocol.org\/ro\/#organization"},"potentialAction":[{"@type":"SearchAction","target":{"@type":"EntryPoint","urlTemplate":"https:\/\/boat-demo.axiomprotocol.org\/ro\/?s={search_term_string}"},"query-input":{"@type":"PropertyValueSpecification","valueRequired":true,"valueName":"search_term_string"}}],"inLanguage":"ro-RO"},{"@type":"Organization","@id":"https:\/\/boat-demo.axiomprotocol.org\/ro\/#organization","name":"BoatsExpert","url":"https:\/\/boat-demo.axiomprotocol.org\/ro\/","logo":{"@type":"ImageObject","inLanguage":"ro-RO","@id":"https:\/\/boat-demo.axiomprotocol.org\/ro\/#\/schema\/logo\/image\/","url":"https:\/\/boat-demo.axiomprotocol.org\/wp-content\/uploads\/2023\/05\/white-logo60.svg","contentUrl":"https:\/\/boat-demo.axiomprotocol.org\/wp-content\/uploads\/2023\/05\/white-logo60.svg","width":90,"height":60,"caption":"BoatsExpert"},"image":{"@id":"https:\/\/boat-demo.axiomprotocol.org\/ro\/#\/schema\/logo\/image\/"}}]}},"_links":{"self":[{"href":"https:\/\/boat-demo.axiomprotocol.org\/ro\/wp-json\/wp\/v2\/product\/31330","targetHints":{"allow":["GET"]}}],"collection":[{"href":"https:\/\/boat-demo.axiomprotocol.org\/ro\/wp-json\/wp\/v2\/product"}],"about":[{"href":"https:\/\/boat-demo.axiomprotocol.org\/ro\/wp-json\/wp\/v2\/types\/product"}],"replies":[{"embeddable":true,"href":"https:\/\/boat-demo.axiomprotocol.org\/ro\/wp-json\/wp\/v2\/comments?post=31330"}],"version-history":[{"count":5,"href":"https:\/\/boat-demo.axiomprotocol.org\/ro\/wp-json\/wp\/v2\/product\/31330\/revisions"}],"predecessor-version":[{"id":31391,"href":"https:\/\/boat-demo.axiomprotocol.org\/ro\/wp-json\/wp\/v2\/product\/31330\/revisions\/31391"}],"wp:featuredmedia":[{"embeddable":true,"href":"https:\/\/boat-demo.axiomprotocol.org\/ro\/wp-json\/wp\/v2\/media\/31332"}],"wp:attachment":[{"href":"https:\/\/boat-demo.axiomprotocol.org\/ro\/wp-json\/wp\/v2\/media?parent=31330"}],"wp:term":[{"taxonomy":"product_brand","embeddable":true,"href":"https:\/\/boat-demo.axiomprotocol.org\/ro\/wp-json\/wp\/v2\/product_brand?post=31330"},{"taxonomy":"product_cat","embeddable":true,"href":"https:\/\/boat-demo.axiomprotocol.org\/ro\/wp-json\/wp\/v2\/product_cat?post=31330"},{"taxonomy":"product_tag","embeddable":true,"href":"https:\/\/boat-demo.axiomprotocol.org\/ro\/wp-json\/wp\/v2\/product_tag?post=31330"}],"curies":[{"name":"wp","href":"https:\/\/api.w.org\/{rel}","templated":true}]}}