{"id":31304,"date":"2024-04-10T14:59:26","date_gmt":"2024-04-10T11:59:26","guid":{"rendered":"https:\/\/boat-demo.axiomprotocol.org\/?post_type=product&#038;p=31304"},"modified":"2024-04-10T16:37:32","modified_gmt":"2024-04-10T13:37:32","slug":"rigid-industrie-d-series-pro-spot-heavy-duty-black-2-lumini","status":"publish","type":"product","link":"https:\/\/boat-demo.axiomprotocol.org\/ro\/produs\/rigid-industrie-d-series-pro-spot-heavy-duty-black-2-lumini\/","title":{"rendered":"Rigid Industries D-Series PRO Spot Heavy Duty Black &#8211; 2 Lumini"},"content":{"rendered":"\t\t<div data-elementor-type=\"wp-post\" data-elementor-id=\"31304\" class=\"elementor elementor-31304 elementor-31303\">\n\t\t\t\t\t\t<section class=\"elementor-section elementor-top-section elementor-element elementor-element-6949a2d0 elementor-section-boxed elementor-section-height-default elementor-section-height-default\" data-id=\"6949a2d0\" data-element_type=\"section\" data-e-type=\"section\">\n\t\t\t\t\t\t<div class=\"elementor-container elementor-column-gap-default\">\n\t\t\t\t\t<div class=\"elementor-column elementor-col-100 elementor-top-column elementor-element elementor-element-188a1fcd\" data-id=\"188a1fcd\" data-element_type=\"column\" data-e-type=\"column\">\n\t\t\t<div class=\"elementor-widget-wrap elementor-element-populated\">\n\t\t\t\t\t\t<div class=\"elementor-element elementor-element-12e914fa elementor-widget elementor-widget-heading\" data-id=\"12e914fa\" data-element_type=\"widget\" data-e-type=\"widget\" data-widget_type=\"heading.default\">\n\t\t\t\t<div class=\"elementor-widget-container\">\n\t\t\t\t\t<h4 class=\"elementor-heading-title elementor-size-default\">Caracteristici<\/h4>\t\t\t\t<\/div>\n\t\t\t\t<\/div>\n\t\t\t\t\t<\/div>\n\t\t<\/div>\n\t\t\t\t\t<\/div>\n\t\t<\/section>\n\t\t\t\t<section class=\"elementor-section elementor-top-section elementor-element elementor-element-7554ad38 elementor-section-boxed elementor-section-height-default elementor-section-height-default\" data-id=\"7554ad38\" data-element_type=\"section\" data-e-type=\"section\">\n\t\t\t\t\t\t<div class=\"elementor-container elementor-column-gap-default\">\n\t\t\t\t\t<div class=\"elementor-column elementor-col-100 elementor-top-column elementor-element elementor-element-5a9ae3a1\" data-id=\"5a9ae3a1\" data-element_type=\"column\" data-e-type=\"column\">\n\t\t\t<div class=\"elementor-widget-wrap elementor-element-populated\">\n\t\t\t\t\t\t<div class=\"elementor-element elementor-element-975b8ef elementor-widget elementor-widget-text-editor\" data-id=\"975b8ef\" data-element_type=\"widget\" data-e-type=\"widget\" data-widget_type=\"text-editor.default\">\n\t\t\t\t<div class=\"elementor-widget-container\">\n\t\t\t\t\t\t\t\t\t<ul class=\"tt-list03\"><li>Durat\u0103 de via\u021b\u0103 de peste 50.000 de ore 9-36 V DC<\/li><li>Acoperire cu pulbere rezistent\u0103 la UV<\/li><li>Aliaj de aluminiu de \u00eenalt\u0103 calitate<\/li><li>Sistem integrat de management termic<\/li><li>Lentil\u0103 din policarbonat rezistent la impact<\/li><li>Protec\u021bie \u00eempotriva supratensiunii\/subtensiunii<\/li><li>Protec\u021bie \u00eempotriva interferen\u021belor radioelectrice \u0219i electromagnetice<\/li><li>Protec\u021bie \u00eempotriva polarit\u0103\u021bii inverse<\/li><li>Conform RoHS<\/li><li>Conform IP68 &#8211; Protec\u021bie \u00eempotriva prafului \u0219i apei<\/li><li>Temperatur\u0103 de operare &#8211; de la -40 \u00b0F la +145 \u00b0F<\/li><li>Conform SAE J575 &#8211; \u0218oc\/vibra\u021bii<\/li><li>Disponibil \u00een carcas\u0103 alb\u0103 \u0219i neagr\u0103<\/li><li>Ventil pentru egalizarea presiunii<\/li><li>Conector impermeabil (excep\u021bii se aplic\u0103)<\/li><li>Garan\u021bie limitat\u0103\u00a0<\/li><li>Utilizare doar \u00een afara drumurilor publice<\/li><\/ul>\t\t\t\t\t\t\t\t<\/div>\n\t\t\t\t<\/div>\n\t\t\t\t\t<\/div>\n\t\t<\/div>\n\t\t\t\t\t<\/div>\n\t\t<\/section>\n\t\t\t\t<section class=\"elementor-section elementor-top-section elementor-element elementor-element-7d4b0b3 elementor-section-boxed elementor-section-height-default elementor-section-height-default\" data-id=\"7d4b0b3\" data-element_type=\"section\" data-e-type=\"section\">\n\t\t\t\t\t\t<div class=\"elementor-container elementor-column-gap-default\">\n\t\t\t\t\t<div class=\"elementor-column elementor-col-100 elementor-top-column elementor-element elementor-element-58e2cd7\" data-id=\"58e2cd7\" data-element_type=\"column\" data-e-type=\"column\">\n\t\t\t<div class=\"elementor-widget-wrap elementor-element-populated\">\n\t\t\t\t\t\t<div class=\"elementor-element elementor-element-bd98393 elementor-widget elementor-widget-heading\" data-id=\"bd98393\" data-element_type=\"widget\" data-e-type=\"widget\" data-widget_type=\"heading.default\">\n\t\t\t\t<div class=\"elementor-widget-container\">\n\t\t\t\t\t<h4 class=\"elementor-heading-title elementor-size-default\">Specifica\u021bii<\/h4>\t\t\t\t<\/div>\n\t\t\t\t<\/div>\n\t\t\t\t\t<\/div>\n\t\t<\/div>\n\t\t\t\t\t<\/div>\n\t\t<\/section>\n\t\t\t\t<section class=\"elementor-section elementor-top-section elementor-element elementor-element-a737e84 elementor-section-boxed elementor-section-height-default elementor-section-height-default\" data-id=\"a737e84\" data-element_type=\"section\" data-e-type=\"section\">\n\t\t\t\t\t\t<div class=\"elementor-container elementor-column-gap-default\">\n\t\t\t\t\t<div class=\"elementor-column elementor-col-100 elementor-top-column elementor-element elementor-element-b7a623c\" data-id=\"b7a623c\" data-element_type=\"column\" data-e-type=\"column\">\n\t\t\t<div class=\"elementor-widget-wrap elementor-element-populated\">\n\t\t\t\t\t\t<div class=\"elementor-element elementor-element-cbd0b7b elementor-widget elementor-widget-text-editor\" data-id=\"cbd0b7b\" data-element_type=\"widget\" data-e-type=\"widget\" data-widget_type=\"text-editor.default\">\n\t\t\t\t<div class=\"elementor-widget-container\">\n\t\t\t\t\t\t\t\t\t<table class=\"dataTable\" style=\"width: 100%\" border=\"0\" cellspacing=\"1\" cellpadding=\"2\"><tbody><tr><td><strong>Dimensiune<\/strong><\/td><td>3&#8243;X3&#8243;<\/td><\/tr><tr><td><strong>Num\u0103r de pies\u0103<\/strong><\/td><td>222213<\/td><\/tr><tr><td><strong>Greutate (Lbs)<\/strong><\/td><td>2.12<\/td><\/tr><tr><td><strong>Optic\u0103<\/strong><\/td><td>Spot<\/td><\/tr><tr><td><strong>Putere W<\/strong><\/td><td>30<\/td><\/tr><tr><td><strong>Consum Amperi<\/strong><\/td><td>2.14<\/td><\/tr><tr><td><strong>*Raw Lumens<\/strong><\/td><td>3168<\/td><\/tr><tr><td><strong>Lux @ 10m<\/strong><\/td><td>343.4<\/td><\/tr><tr><td><strong>Distan\u021ba fasciculului @1Lux<\/strong><\/td><td>268.7<\/td><\/tr><tr><td><strong>Distan\u021ba fasciculului @.25Lux<\/strong><\/td><td>537.4<\/td><\/tr><tr><td><strong>Unghiul orizontal al fasciculului:<\/strong><\/td><td>16.5<\/td><\/tr><\/tbody><\/table>\t\t\t\t\t\t\t\t<\/div>\n\t\t\t\t<\/div>\n\t\t\t\t\t<\/div>\n\t\t<\/div>\n\t\t\t\t\t<\/div>\n\t\t<\/section>\n\t\t\t\t<\/div>\n\t\t","protected":false},"excerpt":{"rendered":"<p>&nbsp;<\/p>\n<p><strong>Rigid Industries D-Series PRO Spot Heavy Duty Black &#8211; 2 Lumini<\/strong><\/p>\n<div class=\"woocommerce-product-details__short-description\">\n<div class=\"cart-detail-innr\">\n<p>Proiectorul cu LED-uri din seria D de la RIGID a fost \u00eentotdeauna considerat cel mai versatil pachet de iluminare compact de pe pia\u021b\u0103. Elev\u00e2ndu-l la statutul de profesional, seria D PRO ofer\u0103 o lumin\u0103 neegalat\u0103, datorit\u0103 avansurilor tehnologice \u00een LED-uri. Cu o gam\u0103 de op\u021biuni de montare \u0219i modele de fascicul, seria D PRO este ideal\u0103 pentru o multitudine de aplica\u021bii de iluminare.<\/p>\n<p>M\u0103sur\u00e2nd doar 3 inch pe 3 inch, seria D PRO ofer\u0103 o iluminare puternic\u0103, oferind p\u00e2n\u0103 la 102% mai multi lumeni brut \u00een compara\u021bie cu predecesorii s\u0103i. Alege\u021bi \u00eentre un corp negru elegant sau unul alb impecabil, \u00eembun\u0103t\u0103\u021bit cu branding actualizat \u0219i pl\u0103ci de circuit acoperite pentru un aspect rafinat.<\/p>\n<p>Angajamentul RIGID fa\u021b\u0103 de calitatea superioar\u0103 de construc\u021bie str\u0103luce\u0219te \u00een luminile seriei D PRO, asigur\u00e2nd o iluminare fiabil\u0103 \u0219i eficient\u0103 ori de c\u00e2te ori ave\u021bi nevoie.\u00a0Ilumina\u021bi-v\u0103 aventurile maritime cu Boats Expert \u0219i RIGID Industries. St\u0103p\u00e2ni\u021bi noaptea cu luminile marine proiectate pentru a excela \u00een fiecare mediu.<\/p>\n<\/div>\n<\/div>\n","protected":false},"featured_media":31306,"comment_status":"open","ping_status":"closed","template":"","meta":{"_acf_changed":false,"inline_featured_image":false},"product_brand":[],"product_cat":[421],"product_tag":[],"class_list":{"0":"post-31304","1":"product","2":"type-product","3":"status-publish","4":"has-post-thumbnail","6":"product_cat-rigid-industries-ro","7":"tt-post","9":"first","10":"instock","11":"shipping-taxable","12":"purchasable","13":"product-type-simple"},"acf":[],"yoast_head":"<!-- This site is optimized with the Yoast SEO plugin v27.4 - https:\/\/yoast.com\/product\/yoast-seo-wordpress\/ -->\n<title>Rigid Industries D-Series PRO Spot Heavy Duty Black - 2 Lumini - BoatsExpert<\/title>\n<meta name=\"description\" content=\"Cump\u0103ra\u021bi Rigid Industries D-Series PRO Spot Heavy Duty \u00een Rom\u00e2nia de la Boats Expert. \u041e gam\u0103 larg\u0103 de accesorii pentru b\u0103rci cu motor cu livrare \u00een toat\u0103 Rom\u00e2nia!\" \/>\n<meta name=\"robots\" content=\"index, follow, max-snippet:-1, max-image-preview:large, max-video-preview:-1\" \/>\n<link rel=\"canonical\" href=\"https:\/\/boat-demo.axiomprotocol.org\/ro\/produs\/rigid-industrie-d-series-pro-spot-heavy-duty-black-2-lumini\/\" \/>\n<meta property=\"og:locale\" content=\"ro_RO\" \/>\n<meta property=\"og:type\" content=\"article\" \/>\n<meta property=\"og:title\" content=\"Rigid Industries D-Series PRO Spot Heavy Duty Black - 2 Lumini - BoatsExpert\" \/>\n<meta property=\"og:description\" content=\"Cump\u0103ra\u021bi Rigid Industries D-Series PRO Spot Heavy Duty \u00een Rom\u00e2nia de la Boats Expert. \u041e gam\u0103 larg\u0103 de accesorii pentru b\u0103rci cu motor cu livrare \u00een toat\u0103 Rom\u00e2nia!\" \/>\n<meta property=\"og:url\" content=\"https:\/\/boat-demo.axiomprotocol.org\/ro\/produs\/rigid-industrie-d-series-pro-spot-heavy-duty-black-2-lumini\/\" \/>\n<meta property=\"og:site_name\" content=\"BoatsExpert\" \/>\n<meta property=\"article:modified_time\" content=\"2024-04-10T13:37:32+00:00\" \/>\n<meta property=\"og:image\" content=\"https:\/\/boat-demo.axiomprotocol.org\/wp-content\/uploads\/2024\/04\/222213_d-series_pro_hd_spot_2.jpg\" \/>\n\t<meta property=\"og:image:width\" content=\"555\" \/>\n\t<meta property=\"og:image:height\" content=\"478\" \/>\n\t<meta property=\"og:image:type\" content=\"image\/jpeg\" \/>\n<meta name=\"twitter:card\" content=\"summary_large_image\" \/>\n<meta name=\"twitter:label1\" content=\"Timp estimat pentru citire\" \/>\n\t<meta name=\"twitter:data1\" content=\"1 minut\" \/>\n<script type=\"application\/ld+json\" class=\"yoast-schema-graph\">{\"@context\":\"https:\\\/\\\/schema.org\",\"@graph\":[{\"@type\":\"WebPage\",\"@id\":\"https:\\\/\\\/boat-demo.axiomprotocol.org\\\/ro\\\/produs\\\/rigid-industrie-d-series-pro-spot-heavy-duty-black-2-lumini\\\/\",\"url\":\"https:\\\/\\\/boat-demo.axiomprotocol.org\\\/ro\\\/produs\\\/rigid-industrie-d-series-pro-spot-heavy-duty-black-2-lumini\\\/\",\"name\":\"Rigid Industries D-Series PRO Spot Heavy Duty Black - 2 Lumini - BoatsExpert\",\"isPartOf\":{\"@id\":\"https:\\\/\\\/boat-demo.axiomprotocol.org\\\/ro\\\/#website\"},\"primaryImageOfPage\":{\"@id\":\"https:\\\/\\\/boat-demo.axiomprotocol.org\\\/ro\\\/produs\\\/rigid-industrie-d-series-pro-spot-heavy-duty-black-2-lumini\\\/#primaryimage\"},\"image\":{\"@id\":\"https:\\\/\\\/boat-demo.axiomprotocol.org\\\/ro\\\/produs\\\/rigid-industrie-d-series-pro-spot-heavy-duty-black-2-lumini\\\/#primaryimage\"},\"thumbnailUrl\":\"https:\\\/\\\/boat-demo.axiomprotocol.org\\\/wp-content\\\/uploads\\\/2024\\\/04\\\/222213_d-series_pro_hd_spot_2.jpg\",\"datePublished\":\"2024-04-10T11:59:26+00:00\",\"dateModified\":\"2024-04-10T13:37:32+00:00\",\"description\":\"Cump\u0103ra\u021bi Rigid Industries D-Series PRO Spot Heavy Duty \u00een Rom\u00e2nia de la Boats Expert. \u041e gam\u0103 larg\u0103 de accesorii pentru b\u0103rci cu motor cu livrare \u00een toat\u0103 Rom\u00e2nia!\",\"breadcrumb\":{\"@id\":\"https:\\\/\\\/boat-demo.axiomprotocol.org\\\/ro\\\/produs\\\/rigid-industrie-d-series-pro-spot-heavy-duty-black-2-lumini\\\/#breadcrumb\"},\"inLanguage\":\"ro-RO\",\"potentialAction\":[{\"@type\":\"ReadAction\",\"target\":[\"https:\\\/\\\/boat-demo.axiomprotocol.org\\\/ro\\\/produs\\\/rigid-industrie-d-series-pro-spot-heavy-duty-black-2-lumini\\\/\"]}]},{\"@type\":\"ImageObject\",\"inLanguage\":\"ro-RO\",\"@id\":\"https:\\\/\\\/boat-demo.axiomprotocol.org\\\/ro\\\/produs\\\/rigid-industrie-d-series-pro-spot-heavy-duty-black-2-lumini\\\/#primaryimage\",\"url\":\"https:\\\/\\\/boat-demo.axiomprotocol.org\\\/wp-content\\\/uploads\\\/2024\\\/04\\\/222213_d-series_pro_hd_spot_2.jpg\",\"contentUrl\":\"https:\\\/\\\/boat-demo.axiomprotocol.org\\\/wp-content\\\/uploads\\\/2024\\\/04\\\/222213_d-series_pro_hd_spot_2.jpg\",\"width\":555,\"height\":478,\"caption\":\"Rigid Industries d series pro hd spod\"},{\"@type\":\"BreadcrumbList\",\"@id\":\"https:\\\/\\\/boat-demo.axiomprotocol.org\\\/ro\\\/produs\\\/rigid-industrie-d-series-pro-spot-heavy-duty-black-2-lumini\\\/#breadcrumb\",\"itemListElement\":[{\"@type\":\"ListItem\",\"position\":1,\"name\":\"Home\",\"item\":\"https:\\\/\\\/boat-demo.axiomprotocol.org\\\/\"},{\"@type\":\"ListItem\",\"position\":2,\"name\":\"Shop Online &#8211; cel mai bun magazin pentru echipamente pentru b\u0103rci\",\"item\":\"https:\\\/\\\/boat-demo.axiomprotocol.org\\\/ro\\\/shop-ro\\\/\"},{\"@type\":\"ListItem\",\"position\":3,\"name\":\"Rigid Industries D-Series PRO Spot Heavy Duty Black &#8211; 2 Lumini\"}]},{\"@type\":\"WebSite\",\"@id\":\"https:\\\/\\\/boat-demo.axiomprotocol.org\\\/ro\\\/#website\",\"url\":\"https:\\\/\\\/boat-demo.axiomprotocol.org\\\/ro\\\/\",\"name\":\"BoatsExpert\",\"description\":\"Boats, Service, Equipment\",\"publisher\":{\"@id\":\"https:\\\/\\\/boat-demo.axiomprotocol.org\\\/ro\\\/#organization\"},\"potentialAction\":[{\"@type\":\"SearchAction\",\"target\":{\"@type\":\"EntryPoint\",\"urlTemplate\":\"https:\\\/\\\/boat-demo.axiomprotocol.org\\\/ro\\\/?s={search_term_string}\"},\"query-input\":{\"@type\":\"PropertyValueSpecification\",\"valueRequired\":true,\"valueName\":\"search_term_string\"}}],\"inLanguage\":\"ro-RO\"},{\"@type\":\"Organization\",\"@id\":\"https:\\\/\\\/boat-demo.axiomprotocol.org\\\/ro\\\/#organization\",\"name\":\"BoatsExpert\",\"url\":\"https:\\\/\\\/boat-demo.axiomprotocol.org\\\/ro\\\/\",\"logo\":{\"@type\":\"ImageObject\",\"inLanguage\":\"ro-RO\",\"@id\":\"https:\\\/\\\/boat-demo.axiomprotocol.org\\\/ro\\\/#\\\/schema\\\/logo\\\/image\\\/\",\"url\":\"https:\\\/\\\/boat-demo.axiomprotocol.org\\\/wp-content\\\/uploads\\\/2023\\\/05\\\/white-logo60.svg\",\"contentUrl\":\"https:\\\/\\\/boat-demo.axiomprotocol.org\\\/wp-content\\\/uploads\\\/2023\\\/05\\\/white-logo60.svg\",\"width\":90,\"height\":60,\"caption\":\"BoatsExpert\"},\"image\":{\"@id\":\"https:\\\/\\\/boat-demo.axiomprotocol.org\\\/ro\\\/#\\\/schema\\\/logo\\\/image\\\/\"}}]}<\/script>\n<!-- \/ Yoast SEO plugin. -->","yoast_head_json":{"title":"Rigid Industries D-Series PRO Spot Heavy Duty Black - 2 Lumini - BoatsExpert","description":"Cump\u0103ra\u021bi Rigid Industries D-Series PRO Spot Heavy Duty \u00een Rom\u00e2nia de la Boats Expert. \u041e gam\u0103 larg\u0103 de accesorii pentru b\u0103rci cu motor cu livrare \u00een toat\u0103 Rom\u00e2nia!","robots":{"index":"index","follow":"follow","max-snippet":"max-snippet:-1","max-image-preview":"max-image-preview:large","max-video-preview":"max-video-preview:-1"},"canonical":"https:\/\/boat-demo.axiomprotocol.org\/ro\/produs\/rigid-industrie-d-series-pro-spot-heavy-duty-black-2-lumini\/","og_locale":"ro_RO","og_type":"article","og_title":"Rigid Industries D-Series PRO Spot Heavy Duty Black - 2 Lumini - BoatsExpert","og_description":"Cump\u0103ra\u021bi Rigid Industries D-Series PRO Spot Heavy Duty \u00een Rom\u00e2nia de la Boats Expert. \u041e gam\u0103 larg\u0103 de accesorii pentru b\u0103rci cu motor cu livrare \u00een toat\u0103 Rom\u00e2nia!","og_url":"https:\/\/boat-demo.axiomprotocol.org\/ro\/produs\/rigid-industrie-d-series-pro-spot-heavy-duty-black-2-lumini\/","og_site_name":"BoatsExpert","article_modified_time":"2024-04-10T13:37:32+00:00","og_image":[{"width":555,"height":478,"url":"https:\/\/boat-demo.axiomprotocol.org\/wp-content\/uploads\/2024\/04\/222213_d-series_pro_hd_spot_2.jpg","type":"image\/jpeg"}],"twitter_card":"summary_large_image","twitter_misc":{"Timp estimat pentru citire":"1 minut"},"schema":{"@context":"https:\/\/schema.org","@graph":[{"@type":"WebPage","@id":"https:\/\/boat-demo.axiomprotocol.org\/ro\/produs\/rigid-industrie-d-series-pro-spot-heavy-duty-black-2-lumini\/","url":"https:\/\/boat-demo.axiomprotocol.org\/ro\/produs\/rigid-industrie-d-series-pro-spot-heavy-duty-black-2-lumini\/","name":"Rigid Industries D-Series PRO Spot Heavy Duty Black - 2 Lumini - BoatsExpert","isPartOf":{"@id":"https:\/\/boat-demo.axiomprotocol.org\/ro\/#website"},"primaryImageOfPage":{"@id":"https:\/\/boat-demo.axiomprotocol.org\/ro\/produs\/rigid-industrie-d-series-pro-spot-heavy-duty-black-2-lumini\/#primaryimage"},"image":{"@id":"https:\/\/boat-demo.axiomprotocol.org\/ro\/produs\/rigid-industrie-d-series-pro-spot-heavy-duty-black-2-lumini\/#primaryimage"},"thumbnailUrl":"https:\/\/boat-demo.axiomprotocol.org\/wp-content\/uploads\/2024\/04\/222213_d-series_pro_hd_spot_2.jpg","datePublished":"2024-04-10T11:59:26+00:00","dateModified":"2024-04-10T13:37:32+00:00","description":"Cump\u0103ra\u021bi Rigid Industries D-Series PRO Spot Heavy Duty \u00een Rom\u00e2nia de la Boats Expert. \u041e gam\u0103 larg\u0103 de accesorii pentru b\u0103rci cu motor cu livrare \u00een toat\u0103 Rom\u00e2nia!","breadcrumb":{"@id":"https:\/\/boat-demo.axiomprotocol.org\/ro\/produs\/rigid-industrie-d-series-pro-spot-heavy-duty-black-2-lumini\/#breadcrumb"},"inLanguage":"ro-RO","potentialAction":[{"@type":"ReadAction","target":["https:\/\/boat-demo.axiomprotocol.org\/ro\/produs\/rigid-industrie-d-series-pro-spot-heavy-duty-black-2-lumini\/"]}]},{"@type":"ImageObject","inLanguage":"ro-RO","@id":"https:\/\/boat-demo.axiomprotocol.org\/ro\/produs\/rigid-industrie-d-series-pro-spot-heavy-duty-black-2-lumini\/#primaryimage","url":"https:\/\/boat-demo.axiomprotocol.org\/wp-content\/uploads\/2024\/04\/222213_d-series_pro_hd_spot_2.jpg","contentUrl":"https:\/\/boat-demo.axiomprotocol.org\/wp-content\/uploads\/2024\/04\/222213_d-series_pro_hd_spot_2.jpg","width":555,"height":478,"caption":"Rigid Industries d series pro hd spod"},{"@type":"BreadcrumbList","@id":"https:\/\/boat-demo.axiomprotocol.org\/ro\/produs\/rigid-industrie-d-series-pro-spot-heavy-duty-black-2-lumini\/#breadcrumb","itemListElement":[{"@type":"ListItem","position":1,"name":"Home","item":"https:\/\/boat-demo.axiomprotocol.org\/"},{"@type":"ListItem","position":2,"name":"Shop Online &#8211; cel mai bun magazin pentru echipamente pentru b\u0103rci","item":"https:\/\/boat-demo.axiomprotocol.org\/ro\/shop-ro\/"},{"@type":"ListItem","position":3,"name":"Rigid Industries D-Series PRO Spot Heavy Duty Black &#8211; 2 Lumini"}]},{"@type":"WebSite","@id":"https:\/\/boat-demo.axiomprotocol.org\/ro\/#website","url":"https:\/\/boat-demo.axiomprotocol.org\/ro\/","name":"BoatsExpert","description":"Boats, Service, Equipment","publisher":{"@id":"https:\/\/boat-demo.axiomprotocol.org\/ro\/#organization"},"potentialAction":[{"@type":"SearchAction","target":{"@type":"EntryPoint","urlTemplate":"https:\/\/boat-demo.axiomprotocol.org\/ro\/?s={search_term_string}"},"query-input":{"@type":"PropertyValueSpecification","valueRequired":true,"valueName":"search_term_string"}}],"inLanguage":"ro-RO"},{"@type":"Organization","@id":"https:\/\/boat-demo.axiomprotocol.org\/ro\/#organization","name":"BoatsExpert","url":"https:\/\/boat-demo.axiomprotocol.org\/ro\/","logo":{"@type":"ImageObject","inLanguage":"ro-RO","@id":"https:\/\/boat-demo.axiomprotocol.org\/ro\/#\/schema\/logo\/image\/","url":"https:\/\/boat-demo.axiomprotocol.org\/wp-content\/uploads\/2023\/05\/white-logo60.svg","contentUrl":"https:\/\/boat-demo.axiomprotocol.org\/wp-content\/uploads\/2023\/05\/white-logo60.svg","width":90,"height":60,"caption":"BoatsExpert"},"image":{"@id":"https:\/\/boat-demo.axiomprotocol.org\/ro\/#\/schema\/logo\/image\/"}}]}},"_links":{"self":[{"href":"https:\/\/boat-demo.axiomprotocol.org\/ro\/wp-json\/wp\/v2\/product\/31304","targetHints":{"allow":["GET"]}}],"collection":[{"href":"https:\/\/boat-demo.axiomprotocol.org\/ro\/wp-json\/wp\/v2\/product"}],"about":[{"href":"https:\/\/boat-demo.axiomprotocol.org\/ro\/wp-json\/wp\/v2\/types\/product"}],"replies":[{"embeddable":true,"href":"https:\/\/boat-demo.axiomprotocol.org\/ro\/wp-json\/wp\/v2\/comments?post=31304"}],"version-history":[{"count":11,"href":"https:\/\/boat-demo.axiomprotocol.org\/ro\/wp-json\/wp\/v2\/product\/31304\/revisions"}],"predecessor-version":[{"id":31389,"href":"https:\/\/boat-demo.axiomprotocol.org\/ro\/wp-json\/wp\/v2\/product\/31304\/revisions\/31389"}],"wp:featuredmedia":[{"embeddable":true,"href":"https:\/\/boat-demo.axiomprotocol.org\/ro\/wp-json\/wp\/v2\/media\/31306"}],"wp:attachment":[{"href":"https:\/\/boat-demo.axiomprotocol.org\/ro\/wp-json\/wp\/v2\/media?parent=31304"}],"wp:term":[{"taxonomy":"product_brand","embeddable":true,"href":"https:\/\/boat-demo.axiomprotocol.org\/ro\/wp-json\/wp\/v2\/product_brand?post=31304"},{"taxonomy":"product_cat","embeddable":true,"href":"https:\/\/boat-demo.axiomprotocol.org\/ro\/wp-json\/wp\/v2\/product_cat?post=31304"},{"taxonomy":"product_tag","embeddable":true,"href":"https:\/\/boat-demo.axiomprotocol.org\/ro\/wp-json\/wp\/v2\/product_tag?post=31304"}],"curies":[{"name":"wp","href":"https:\/\/api.w.org\/{rel}","templated":true}]}}