{"id":31273,"date":"2024-04-10T14:13:37","date_gmt":"2024-04-10T11:13:37","guid":{"rendered":"https:\/\/boat-demo.axiomprotocol.org\/?post_type=product&#038;p=31273"},"modified":"2024-04-10T16:35:38","modified_gmt":"2024-04-10T13:35:38","slug":"rigid-industries-d-series-spot-cu-lentila-amber-pro-pair","status":"publish","type":"product","link":"https:\/\/boat-demo.axiomprotocol.org\/ro\/produs\/rigid-industries-d-series-spot-cu-lentila-amber-pro-pair\/","title":{"rendered":"Rigid Industries D-Series Spot cu Lentila Amber PRO | Pair"},"content":{"rendered":"\t\t<div data-elementor-type=\"wp-post\" data-elementor-id=\"31273\" class=\"elementor elementor-31273 elementor-31272\">\n\t\t\t\t\t\t<section class=\"elementor-section elementor-top-section elementor-element elementor-element-6949a2d0 elementor-section-boxed elementor-section-height-default elementor-section-height-default\" data-id=\"6949a2d0\" data-element_type=\"section\" data-e-type=\"section\">\n\t\t\t\t\t\t<div class=\"elementor-container elementor-column-gap-default\">\n\t\t\t\t\t<div class=\"elementor-column elementor-col-100 elementor-top-column elementor-element elementor-element-188a1fcd\" data-id=\"188a1fcd\" data-element_type=\"column\" data-e-type=\"column\">\n\t\t\t<div class=\"elementor-widget-wrap elementor-element-populated\">\n\t\t\t\t\t\t<div class=\"elementor-element elementor-element-12e914fa elementor-widget elementor-widget-heading\" data-id=\"12e914fa\" data-element_type=\"widget\" data-e-type=\"widget\" data-widget_type=\"heading.default\">\n\t\t\t\t<div class=\"elementor-widget-container\">\n\t\t\t\t\t<h4 class=\"elementor-heading-title elementor-size-default\">Caracteristici<\/h4>\t\t\t\t<\/div>\n\t\t\t\t<\/div>\n\t\t\t\t\t<\/div>\n\t\t<\/div>\n\t\t\t\t\t<\/div>\n\t\t<\/section>\n\t\t\t\t<section class=\"elementor-section elementor-top-section elementor-element elementor-element-7554ad38 elementor-section-boxed elementor-section-height-default elementor-section-height-default\" data-id=\"7554ad38\" data-element_type=\"section\" data-e-type=\"section\">\n\t\t\t\t\t\t<div class=\"elementor-container elementor-column-gap-default\">\n\t\t\t\t\t<div class=\"elementor-column elementor-col-100 elementor-top-column elementor-element elementor-element-5a9ae3a1\" data-id=\"5a9ae3a1\" data-element_type=\"column\" data-e-type=\"column\">\n\t\t\t<div class=\"elementor-widget-wrap elementor-element-populated\">\n\t\t\t\t\t\t<div class=\"elementor-element elementor-element-975b8ef elementor-widget elementor-widget-text-editor\" data-id=\"975b8ef\" data-element_type=\"widget\" data-e-type=\"widget\" data-widget_type=\"text-editor.default\">\n\t\t\t\t<div class=\"elementor-widget-container\">\n\t\t\t\t\t\t\t\t\t<ul class=\"tt-list03\"><li>Lentil\u0103 Amber PRO<\/li><li>Func\u021bionare la 9-36 VDC<\/li><li>Carcas\u0103 \u0219i radiator din aliaj<\/li><li>Protec\u021bie \u00eempotriva polarit\u0103\u021bii inverse<\/li><li>Protec\u021bie \u00eempotriva supratensiunii\/subtensiunii<\/li><li>Conform IP68 &#8211; Protec\u021bie \u00eempotriva prafului \u0219i apei<\/li><li>Ventil pentru egalizarea presiunii<\/li><li>Optic\u0103 patentat\u0103<\/li><li>Durat\u0103 de via\u021b\u0103 a LED-urilor de peste 50.000 de ore<\/li><li>Garan\u021bie limitat\u0103\u00a0<\/li><li>Utilizare doar \u00een afara drumurilor publice<\/li><\/ul>\t\t\t\t\t\t\t\t<\/div>\n\t\t\t\t<\/div>\n\t\t\t\t\t<\/div>\n\t\t<\/div>\n\t\t\t\t\t<\/div>\n\t\t<\/section>\n\t\t\t\t<section class=\"elementor-section elementor-top-section elementor-element elementor-element-7d4b0b3 elementor-section-boxed elementor-section-height-default elementor-section-height-default\" data-id=\"7d4b0b3\" data-element_type=\"section\" data-e-type=\"section\">\n\t\t\t\t\t\t<div class=\"elementor-container elementor-column-gap-default\">\n\t\t\t\t\t<div class=\"elementor-column elementor-col-100 elementor-top-column elementor-element elementor-element-58e2cd7\" data-id=\"58e2cd7\" data-element_type=\"column\" data-e-type=\"column\">\n\t\t\t<div class=\"elementor-widget-wrap elementor-element-populated\">\n\t\t\t\t\t\t<div class=\"elementor-element elementor-element-bd98393 elementor-widget elementor-widget-heading\" data-id=\"bd98393\" data-element_type=\"widget\" data-e-type=\"widget\" data-widget_type=\"heading.default\">\n\t\t\t\t<div class=\"elementor-widget-container\">\n\t\t\t\t\t<h4 class=\"elementor-heading-title elementor-size-default\">Specifica\u021bii<\/h4>\t\t\t\t<\/div>\n\t\t\t\t<\/div>\n\t\t\t\t\t<\/div>\n\t\t<\/div>\n\t\t\t\t\t<\/div>\n\t\t<\/section>\n\t\t\t\t<section class=\"elementor-section elementor-top-section elementor-element elementor-element-a737e84 elementor-section-boxed elementor-section-height-default elementor-section-height-default\" data-id=\"a737e84\" data-element_type=\"section\" data-e-type=\"section\">\n\t\t\t\t\t\t<div class=\"elementor-container elementor-column-gap-default\">\n\t\t\t\t\t<div class=\"elementor-column elementor-col-100 elementor-top-column elementor-element elementor-element-b7a623c\" data-id=\"b7a623c\" data-element_type=\"column\" data-e-type=\"column\">\n\t\t\t<div class=\"elementor-widget-wrap elementor-element-populated\">\n\t\t\t\t\t\t<div class=\"elementor-element elementor-element-cbd0b7b elementor-widget elementor-widget-text-editor\" data-id=\"cbd0b7b\" data-element_type=\"widget\" data-e-type=\"widget\" data-widget_type=\"text-editor.default\">\n\t\t\t\t<div class=\"elementor-widget-container\">\n\t\t\t\t\t\t\t\t\t<table class=\"dataTable\" style=\"width: 100%\" border=\"0\" cellspacing=\"1\" cellpadding=\"2\"><tbody><tr><td><strong>Dimensiune<\/strong><\/td><td>3&#8243;X3&#8243;<\/td><\/tr><tr><td><strong>Num\u0103r de pies\u0103<\/strong><\/td><td>20252<\/td><\/tr><tr><td><strong>Greutate (Lbs)<\/strong><\/td><td>1.40<\/td><\/tr><tr><td><strong>Optic\u0103<\/strong><\/td><td>Spot<\/td><\/tr><tr><td><strong>Putere W<\/strong><\/td><td>30<\/td><\/tr><tr><td><strong>Consum Amperi<\/strong><\/td><td>2.1<\/td><\/tr><tr><td><strong>*Raw Lumens<\/strong><\/td><td>3168<\/td><\/tr><tr><td><strong>Lux @ 10m<\/strong><\/td><td>343.4<\/td><\/tr><tr><td><strong>Distan\u021ba fasciculului @1Lux<\/strong><\/td><td>185.3<\/td><\/tr><tr><td><strong>Distan\u021ba fasciculului @.25Lux<\/strong><\/td><td>370.6<\/td><\/tr><tr><td><strong>** Intensitatea maxim\u0103 a fasciculului (cd)<\/strong><\/td><td>34340<\/td><\/tr><tr><td><strong>Unghiul orizontal al fasciculului:<\/strong><\/td><td>18.8<\/td><\/tr><\/tbody><\/table>\t\t\t\t\t\t\t\t<\/div>\n\t\t\t\t<\/div>\n\t\t\t\t\t<\/div>\n\t\t<\/div>\n\t\t\t\t\t<\/div>\n\t\t<\/section>\n\t\t\t\t<\/div>\n\t\t","protected":false},"excerpt":{"rendered":"<p>&nbsp;<\/p>\n<p><strong>Rigid Industries D-Series Spot cu Lentila Amber PRO | Pair<\/strong><\/p>\n<div class=\"woocommerce-product-details__short-description\">\n<div class=\"cart-detail-innr\">\n<p>Experien\u021ba unei vizibilit\u0103\u021bi f\u0103r\u0103 egal cu Rigid Industries Amber PRO Edition, lumini marine, perfecte pentru navigarea \u00een condi\u021bii de vizibilitate redus\u0103 \u00een timpul naviga\u021biei sau cursei. Proiectate special pentru medii cu mult praf \u0219i fum, aceste lumini optimizeaz\u0103 performan\u021ba \u00een situa\u021bii de iluminare advers\u0103. Iluminarea calda \u00eembun\u0103t\u0103\u021be\u0219te vizibilitatea prin reducerea orbirii, \u00eembun\u0103t\u0103\u021birea contrastului \u0219i oferind o vedere mai clar\u0103, \u00een special \u00een lungimile de und\u0103 mai lungi, unde ochiul uman excela.<\/p>\n<p>Familia de lumini D-Series de la Rigid Industries include Amber PRO Edition, cu un proiector \u00een forma de cub cu o marc\u0103 distinct\u0103 \u0219i pl\u0103ci de circuit neagre, elegant pentru un aspect sofisticat. Aceste lumini se laud\u0103 cu aceea\u0219i calitate \u0219i fiabilitate de top ca toate produsele Rigid Industries, asigur\u00e2nd o iluminare eficient\u0103 ori de c\u00e2te ori ave\u021bi nevoie.<\/p>\n<p>\u00cembun\u0103t\u0103\u021bi\u021bi-v\u0103 vizibilitatea \u0219i st\u0103p\u00e2ni\u021bi noaptea cu Rigid Industries\u2019 Amber PRO Edition pod LED lights, disponibile la Boats Expert.<\/p>\n<\/div>\n<\/div>\n","protected":false},"featured_media":31275,"comment_status":"open","ping_status":"closed","template":"","meta":{"_acf_changed":false,"inline_featured_image":false},"product_brand":[],"product_cat":[421],"product_tag":[],"class_list":{"0":"post-31273","1":"product","2":"type-product","3":"status-publish","4":"has-post-thumbnail","6":"product_cat-rigid-industries-ro","7":"tt-post","9":"first","10":"instock","11":"shipping-taxable","12":"purchasable","13":"product-type-simple"},"acf":[],"yoast_head":"<!-- This site is optimized with the Yoast SEO plugin v27.4 - https:\/\/yoast.com\/product\/yoast-seo-wordpress\/ -->\n<title>Rigid Industries D-Series Spot cu Lentila Amber PRO | Pair - BoatsExpert<\/title>\n<meta name=\"description\" content=\"Cump\u0103ra\u021bi Rigid Industries D-Series Spot cu Lentila Amber PRO \u00een Rom\u00e2nia de la Boats Expert. \u041e gam\u0103 larg\u0103 de accesorii pentru b\u0103rci cu motor cu livrare \u00een toat\u0103 Rom\u00e2nia!\" \/>\n<meta name=\"robots\" content=\"index, follow, max-snippet:-1, max-image-preview:large, max-video-preview:-1\" \/>\n<link rel=\"canonical\" href=\"https:\/\/boat-demo.axiomprotocol.org\/ro\/produs\/rigid-industries-d-series-spot-cu-lentila-amber-pro-pair\/\" \/>\n<meta property=\"og:locale\" content=\"ro_RO\" \/>\n<meta property=\"og:type\" content=\"article\" \/>\n<meta property=\"og:title\" content=\"Rigid Industries D-Series Spot cu Lentila Amber PRO | Pair - BoatsExpert\" \/>\n<meta property=\"og:description\" content=\"Cump\u0103ra\u021bi Rigid Industries D-Series Spot cu Lentila Amber PRO \u00een Rom\u00e2nia de la Boats Expert. \u041e gam\u0103 larg\u0103 de accesorii pentru b\u0103rci cu motor cu livrare \u00een toat\u0103 Rom\u00e2nia!\" \/>\n<meta property=\"og:url\" content=\"https:\/\/boat-demo.axiomprotocol.org\/ro\/produs\/rigid-industries-d-series-spot-cu-lentila-amber-pro-pair\/\" \/>\n<meta property=\"og:site_name\" content=\"BoatsExpert\" \/>\n<meta property=\"article:modified_time\" content=\"2024-04-10T13:35:38+00:00\" \/>\n<meta property=\"og:image\" content=\"https:\/\/boat-demo.axiomprotocol.org\/wp-content\/uploads\/2024\/04\/20252-d-series-spot-with-amber-pro-lens-pair-02.jpg\" \/>\n\t<meta property=\"og:image:width\" content=\"555\" \/>\n\t<meta property=\"og:image:height\" content=\"478\" \/>\n\t<meta property=\"og:image:type\" content=\"image\/jpeg\" \/>\n<meta name=\"twitter:card\" content=\"summary_large_image\" \/>\n<meta name=\"twitter:label1\" content=\"Timp estimat pentru citire\" \/>\n\t<meta name=\"twitter:data1\" content=\"1 minut\" \/>\n<script type=\"application\/ld+json\" class=\"yoast-schema-graph\">{\"@context\":\"https:\\\/\\\/schema.org\",\"@graph\":[{\"@type\":\"WebPage\",\"@id\":\"https:\\\/\\\/boat-demo.axiomprotocol.org\\\/ro\\\/produs\\\/rigid-industries-d-series-spot-cu-lentila-amber-pro-pair\\\/\",\"url\":\"https:\\\/\\\/boat-demo.axiomprotocol.org\\\/ro\\\/produs\\\/rigid-industries-d-series-spot-cu-lentila-amber-pro-pair\\\/\",\"name\":\"Rigid Industries D-Series Spot cu Lentila Amber PRO | Pair - BoatsExpert\",\"isPartOf\":{\"@id\":\"https:\\\/\\\/boat-demo.axiomprotocol.org\\\/ro\\\/#website\"},\"primaryImageOfPage\":{\"@id\":\"https:\\\/\\\/boat-demo.axiomprotocol.org\\\/ro\\\/produs\\\/rigid-industries-d-series-spot-cu-lentila-amber-pro-pair\\\/#primaryimage\"},\"image\":{\"@id\":\"https:\\\/\\\/boat-demo.axiomprotocol.org\\\/ro\\\/produs\\\/rigid-industries-d-series-spot-cu-lentila-amber-pro-pair\\\/#primaryimage\"},\"thumbnailUrl\":\"https:\\\/\\\/boat-demo.axiomprotocol.org\\\/wp-content\\\/uploads\\\/2024\\\/04\\\/20252-d-series-spot-with-amber-pro-lens-pair-02.jpg\",\"datePublished\":\"2024-04-10T11:13:37+00:00\",\"dateModified\":\"2024-04-10T13:35:38+00:00\",\"description\":\"Cump\u0103ra\u021bi Rigid Industries D-Series Spot cu Lentila Amber PRO \u00een Rom\u00e2nia de la Boats Expert. \u041e gam\u0103 larg\u0103 de accesorii pentru b\u0103rci cu motor cu livrare \u00een toat\u0103 Rom\u00e2nia!\",\"breadcrumb\":{\"@id\":\"https:\\\/\\\/boat-demo.axiomprotocol.org\\\/ro\\\/produs\\\/rigid-industries-d-series-spot-cu-lentila-amber-pro-pair\\\/#breadcrumb\"},\"inLanguage\":\"ro-RO\",\"potentialAction\":[{\"@type\":\"ReadAction\",\"target\":[\"https:\\\/\\\/boat-demo.axiomprotocol.org\\\/ro\\\/produs\\\/rigid-industries-d-series-spot-cu-lentila-amber-pro-pair\\\/\"]}]},{\"@type\":\"ImageObject\",\"inLanguage\":\"ro-RO\",\"@id\":\"https:\\\/\\\/boat-demo.axiomprotocol.org\\\/ro\\\/produs\\\/rigid-industries-d-series-spot-cu-lentila-amber-pro-pair\\\/#primaryimage\",\"url\":\"https:\\\/\\\/boat-demo.axiomprotocol.org\\\/wp-content\\\/uploads\\\/2024\\\/04\\\/20252-d-series-spot-with-amber-pro-lens-pair-02.jpg\",\"contentUrl\":\"https:\\\/\\\/boat-demo.axiomprotocol.org\\\/wp-content\\\/uploads\\\/2024\\\/04\\\/20252-d-series-spot-with-amber-pro-lens-pair-02.jpg\",\"width\":555,\"height\":478,\"caption\":\"Rigid Industries Marine LED\"},{\"@type\":\"BreadcrumbList\",\"@id\":\"https:\\\/\\\/boat-demo.axiomprotocol.org\\\/ro\\\/produs\\\/rigid-industries-d-series-spot-cu-lentila-amber-pro-pair\\\/#breadcrumb\",\"itemListElement\":[{\"@type\":\"ListItem\",\"position\":1,\"name\":\"Home\",\"item\":\"https:\\\/\\\/boat-demo.axiomprotocol.org\\\/\"},{\"@type\":\"ListItem\",\"position\":2,\"name\":\"Shop Online &#8211; cel mai bun magazin pentru echipamente pentru b\u0103rci\",\"item\":\"https:\\\/\\\/boat-demo.axiomprotocol.org\\\/ro\\\/shop-ro\\\/\"},{\"@type\":\"ListItem\",\"position\":3,\"name\":\"Rigid Industries D-Series Spot cu Lentila Amber PRO | Pair\"}]},{\"@type\":\"WebSite\",\"@id\":\"https:\\\/\\\/boat-demo.axiomprotocol.org\\\/ro\\\/#website\",\"url\":\"https:\\\/\\\/boat-demo.axiomprotocol.org\\\/ro\\\/\",\"name\":\"BoatsExpert\",\"description\":\"Boats, Service, Equipment\",\"publisher\":{\"@id\":\"https:\\\/\\\/boat-demo.axiomprotocol.org\\\/ro\\\/#organization\"},\"potentialAction\":[{\"@type\":\"SearchAction\",\"target\":{\"@type\":\"EntryPoint\",\"urlTemplate\":\"https:\\\/\\\/boat-demo.axiomprotocol.org\\\/ro\\\/?s={search_term_string}\"},\"query-input\":{\"@type\":\"PropertyValueSpecification\",\"valueRequired\":true,\"valueName\":\"search_term_string\"}}],\"inLanguage\":\"ro-RO\"},{\"@type\":\"Organization\",\"@id\":\"https:\\\/\\\/boat-demo.axiomprotocol.org\\\/ro\\\/#organization\",\"name\":\"BoatsExpert\",\"url\":\"https:\\\/\\\/boat-demo.axiomprotocol.org\\\/ro\\\/\",\"logo\":{\"@type\":\"ImageObject\",\"inLanguage\":\"ro-RO\",\"@id\":\"https:\\\/\\\/boat-demo.axiomprotocol.org\\\/ro\\\/#\\\/schema\\\/logo\\\/image\\\/\",\"url\":\"https:\\\/\\\/boat-demo.axiomprotocol.org\\\/wp-content\\\/uploads\\\/2023\\\/05\\\/white-logo60.svg\",\"contentUrl\":\"https:\\\/\\\/boat-demo.axiomprotocol.org\\\/wp-content\\\/uploads\\\/2023\\\/05\\\/white-logo60.svg\",\"width\":90,\"height\":60,\"caption\":\"BoatsExpert\"},\"image\":{\"@id\":\"https:\\\/\\\/boat-demo.axiomprotocol.org\\\/ro\\\/#\\\/schema\\\/logo\\\/image\\\/\"}}]}<\/script>\n<!-- \/ Yoast SEO plugin. -->","yoast_head_json":{"title":"Rigid Industries D-Series Spot cu Lentila Amber PRO | Pair - BoatsExpert","description":"Cump\u0103ra\u021bi Rigid Industries D-Series Spot cu Lentila Amber PRO \u00een Rom\u00e2nia de la Boats Expert. \u041e gam\u0103 larg\u0103 de accesorii pentru b\u0103rci cu motor cu livrare \u00een toat\u0103 Rom\u00e2nia!","robots":{"index":"index","follow":"follow","max-snippet":"max-snippet:-1","max-image-preview":"max-image-preview:large","max-video-preview":"max-video-preview:-1"},"canonical":"https:\/\/boat-demo.axiomprotocol.org\/ro\/produs\/rigid-industries-d-series-spot-cu-lentila-amber-pro-pair\/","og_locale":"ro_RO","og_type":"article","og_title":"Rigid Industries D-Series Spot cu Lentila Amber PRO | Pair - BoatsExpert","og_description":"Cump\u0103ra\u021bi Rigid Industries D-Series Spot cu Lentila Amber PRO \u00een Rom\u00e2nia de la Boats Expert. \u041e gam\u0103 larg\u0103 de accesorii pentru b\u0103rci cu motor cu livrare \u00een toat\u0103 Rom\u00e2nia!","og_url":"https:\/\/boat-demo.axiomprotocol.org\/ro\/produs\/rigid-industries-d-series-spot-cu-lentila-amber-pro-pair\/","og_site_name":"BoatsExpert","article_modified_time":"2024-04-10T13:35:38+00:00","og_image":[{"width":555,"height":478,"url":"https:\/\/boat-demo.axiomprotocol.org\/wp-content\/uploads\/2024\/04\/20252-d-series-spot-with-amber-pro-lens-pair-02.jpg","type":"image\/jpeg"}],"twitter_card":"summary_large_image","twitter_misc":{"Timp estimat pentru citire":"1 minut"},"schema":{"@context":"https:\/\/schema.org","@graph":[{"@type":"WebPage","@id":"https:\/\/boat-demo.axiomprotocol.org\/ro\/produs\/rigid-industries-d-series-spot-cu-lentila-amber-pro-pair\/","url":"https:\/\/boat-demo.axiomprotocol.org\/ro\/produs\/rigid-industries-d-series-spot-cu-lentila-amber-pro-pair\/","name":"Rigid Industries D-Series Spot cu Lentila Amber PRO | Pair - BoatsExpert","isPartOf":{"@id":"https:\/\/boat-demo.axiomprotocol.org\/ro\/#website"},"primaryImageOfPage":{"@id":"https:\/\/boat-demo.axiomprotocol.org\/ro\/produs\/rigid-industries-d-series-spot-cu-lentila-amber-pro-pair\/#primaryimage"},"image":{"@id":"https:\/\/boat-demo.axiomprotocol.org\/ro\/produs\/rigid-industries-d-series-spot-cu-lentila-amber-pro-pair\/#primaryimage"},"thumbnailUrl":"https:\/\/boat-demo.axiomprotocol.org\/wp-content\/uploads\/2024\/04\/20252-d-series-spot-with-amber-pro-lens-pair-02.jpg","datePublished":"2024-04-10T11:13:37+00:00","dateModified":"2024-04-10T13:35:38+00:00","description":"Cump\u0103ra\u021bi Rigid Industries D-Series Spot cu Lentila Amber PRO \u00een Rom\u00e2nia de la Boats Expert. \u041e gam\u0103 larg\u0103 de accesorii pentru b\u0103rci cu motor cu livrare \u00een toat\u0103 Rom\u00e2nia!","breadcrumb":{"@id":"https:\/\/boat-demo.axiomprotocol.org\/ro\/produs\/rigid-industries-d-series-spot-cu-lentila-amber-pro-pair\/#breadcrumb"},"inLanguage":"ro-RO","potentialAction":[{"@type":"ReadAction","target":["https:\/\/boat-demo.axiomprotocol.org\/ro\/produs\/rigid-industries-d-series-spot-cu-lentila-amber-pro-pair\/"]}]},{"@type":"ImageObject","inLanguage":"ro-RO","@id":"https:\/\/boat-demo.axiomprotocol.org\/ro\/produs\/rigid-industries-d-series-spot-cu-lentila-amber-pro-pair\/#primaryimage","url":"https:\/\/boat-demo.axiomprotocol.org\/wp-content\/uploads\/2024\/04\/20252-d-series-spot-with-amber-pro-lens-pair-02.jpg","contentUrl":"https:\/\/boat-demo.axiomprotocol.org\/wp-content\/uploads\/2024\/04\/20252-d-series-spot-with-amber-pro-lens-pair-02.jpg","width":555,"height":478,"caption":"Rigid Industries Marine LED"},{"@type":"BreadcrumbList","@id":"https:\/\/boat-demo.axiomprotocol.org\/ro\/produs\/rigid-industries-d-series-spot-cu-lentila-amber-pro-pair\/#breadcrumb","itemListElement":[{"@type":"ListItem","position":1,"name":"Home","item":"https:\/\/boat-demo.axiomprotocol.org\/"},{"@type":"ListItem","position":2,"name":"Shop Online &#8211; cel mai bun magazin pentru echipamente pentru b\u0103rci","item":"https:\/\/boat-demo.axiomprotocol.org\/ro\/shop-ro\/"},{"@type":"ListItem","position":3,"name":"Rigid Industries D-Series Spot cu Lentila Amber PRO | Pair"}]},{"@type":"WebSite","@id":"https:\/\/boat-demo.axiomprotocol.org\/ro\/#website","url":"https:\/\/boat-demo.axiomprotocol.org\/ro\/","name":"BoatsExpert","description":"Boats, Service, Equipment","publisher":{"@id":"https:\/\/boat-demo.axiomprotocol.org\/ro\/#organization"},"potentialAction":[{"@type":"SearchAction","target":{"@type":"EntryPoint","urlTemplate":"https:\/\/boat-demo.axiomprotocol.org\/ro\/?s={search_term_string}"},"query-input":{"@type":"PropertyValueSpecification","valueRequired":true,"valueName":"search_term_string"}}],"inLanguage":"ro-RO"},{"@type":"Organization","@id":"https:\/\/boat-demo.axiomprotocol.org\/ro\/#organization","name":"BoatsExpert","url":"https:\/\/boat-demo.axiomprotocol.org\/ro\/","logo":{"@type":"ImageObject","inLanguage":"ro-RO","@id":"https:\/\/boat-demo.axiomprotocol.org\/ro\/#\/schema\/logo\/image\/","url":"https:\/\/boat-demo.axiomprotocol.org\/wp-content\/uploads\/2023\/05\/white-logo60.svg","contentUrl":"https:\/\/boat-demo.axiomprotocol.org\/wp-content\/uploads\/2023\/05\/white-logo60.svg","width":90,"height":60,"caption":"BoatsExpert"},"image":{"@id":"https:\/\/boat-demo.axiomprotocol.org\/ro\/#\/schema\/logo\/image\/"}}]}},"_links":{"self":[{"href":"https:\/\/boat-demo.axiomprotocol.org\/ro\/wp-json\/wp\/v2\/product\/31273","targetHints":{"allow":["GET"]}}],"collection":[{"href":"https:\/\/boat-demo.axiomprotocol.org\/ro\/wp-json\/wp\/v2\/product"}],"about":[{"href":"https:\/\/boat-demo.axiomprotocol.org\/ro\/wp-json\/wp\/v2\/types\/product"}],"replies":[{"embeddable":true,"href":"https:\/\/boat-demo.axiomprotocol.org\/ro\/wp-json\/wp\/v2\/comments?post=31273"}],"version-history":[{"count":16,"href":"https:\/\/boat-demo.axiomprotocol.org\/ro\/wp-json\/wp\/v2\/product\/31273\/revisions"}],"predecessor-version":[{"id":31387,"href":"https:\/\/boat-demo.axiomprotocol.org\/ro\/wp-json\/wp\/v2\/product\/31273\/revisions\/31387"}],"wp:featuredmedia":[{"embeddable":true,"href":"https:\/\/boat-demo.axiomprotocol.org\/ro\/wp-json\/wp\/v2\/media\/31275"}],"wp:attachment":[{"href":"https:\/\/boat-demo.axiomprotocol.org\/ro\/wp-json\/wp\/v2\/media?parent=31273"}],"wp:term":[{"taxonomy":"product_brand","embeddable":true,"href":"https:\/\/boat-demo.axiomprotocol.org\/ro\/wp-json\/wp\/v2\/product_brand?post=31273"},{"taxonomy":"product_cat","embeddable":true,"href":"https:\/\/boat-demo.axiomprotocol.org\/ro\/wp-json\/wp\/v2\/product_cat?post=31273"},{"taxonomy":"product_tag","embeddable":true,"href":"https:\/\/boat-demo.axiomprotocol.org\/ro\/wp-json\/wp\/v2\/product_tag?post=31273"}],"curies":[{"name":"wp","href":"https:\/\/api.w.org\/{rel}","templated":true}]}}