{"id":31126,"date":"2024-04-08T15:48:47","date_gmt":"2024-04-08T12:48:47","guid":{"rendered":"https:\/\/boat-demo.axiomprotocol.org\/?post_type=product&#038;p=31126"},"modified":"2024-04-10T11:59:37","modified_gmt":"2024-04-10T08:59:37","slug":"ram-placa-rotunda-cu-placa-rotunda-ram-cu-minge-si-hardware-de-montare-pentru-garmin-gpsmap","status":"publish","type":"product","link":"https:\/\/boat-demo.axiomprotocol.org\/ro\/produs\/ram-placa-rotunda-cu-placa-rotunda-ram-cu-minge-si-hardware-de-montare-pentru-garmin-gpsmap\/","title":{"rendered":"RAM\u00ae Placa rotunda cu minge si hardware de montare pentru Garmin GPSMAP"},"content":{"rendered":"\t\t<div data-elementor-type=\"wp-post\" data-elementor-id=\"31126\" class=\"elementor elementor-31126 elementor-31125\">\n\t\t\t\t\t\t<section class=\"elementor-section elementor-top-section elementor-element elementor-element-d257f47 elementor-section-boxed elementor-section-height-default elementor-section-height-default\" data-id=\"d257f47\" data-element_type=\"section\" data-e-type=\"section\">\n\t\t\t\t\t\t<div class=\"elementor-container elementor-column-gap-default\">\n\t\t\t\t\t<div class=\"elementor-column elementor-col-100 elementor-top-column elementor-element elementor-element-08d16b8\" data-id=\"08d16b8\" data-element_type=\"column\" data-e-type=\"column\">\n\t\t\t<div class=\"elementor-widget-wrap elementor-element-populated\">\n\t\t\t\t\t\t<div class=\"elementor-element elementor-element-d647cba elementor-widget elementor-widget-text-editor\" data-id=\"d647cba\" data-element_type=\"widget\" data-e-type=\"widget\" data-widget_type=\"text-editor.default\">\n\t\t\t\t<div class=\"elementor-widget-container\">\n\t\t\t\t\t\t\t\t\t<p><br \/><br \/><\/p>\t\t\t\t\t\t\t\t<\/div>\n\t\t\t\t<\/div>\n\t\t\t\t\t<\/div>\n\t\t<\/div>\n\t\t\t\t\t<\/div>\n\t\t<\/section>\n\t\t\t\t<section class=\"elementor-section elementor-top-section elementor-element elementor-element-1c6dfe6 elementor-section-boxed elementor-section-height-default elementor-section-height-default\" data-id=\"1c6dfe6\" data-element_type=\"section\" data-e-type=\"section\">\n\t\t\t\t\t\t<div class=\"elementor-container elementor-column-gap-default\">\n\t\t\t\t\t<div class=\"elementor-column elementor-col-100 elementor-top-column elementor-element elementor-element-25171c8\" data-id=\"25171c8\" data-element_type=\"column\" data-e-type=\"column\">\n\t\t\t<div class=\"elementor-widget-wrap elementor-element-populated\">\n\t\t\t\t\t\t<div class=\"elementor-element elementor-element-27cd696 elementor-widget elementor-widget-heading\" data-id=\"27cd696\" data-element_type=\"widget\" data-e-type=\"widget\" data-widget_type=\"heading.default\">\n\t\t\t\t<div class=\"elementor-widget-container\">\n\t\t\t\t\t<h6 class=\"elementor-heading-title elementor-size-large\">Caracteristici<\/h6>\t\t\t\t<\/div>\n\t\t\t\t<\/div>\n\t\t\t\t\t<\/div>\n\t\t<\/div>\n\t\t\t\t\t<\/div>\n\t\t<\/section>\n\t\t\t\t<section class=\"elementor-section elementor-top-section elementor-element elementor-element-a6eb617 elementor-section-boxed elementor-section-height-default elementor-section-height-default\" data-id=\"a6eb617\" data-element_type=\"section\" data-e-type=\"section\">\n\t\t\t\t\t\t<div class=\"elementor-container elementor-column-gap-default\">\n\t\t\t\t\t<div class=\"elementor-column elementor-col-100 elementor-top-column elementor-element elementor-element-4ebdca7\" data-id=\"4ebdca7\" data-element_type=\"column\" data-e-type=\"column\">\n\t\t\t<div class=\"elementor-widget-wrap elementor-element-populated\">\n\t\t\t\t\t\t<div class=\"elementor-element elementor-element-33748d7 elementor-widget elementor-widget-text-editor\" data-id=\"33748d7\" data-element_type=\"widget\" data-e-type=\"widget\" data-widget_type=\"text-editor.default\">\n\t\t\t\t<div class=\"elementor-widget-container\">\n\t\t\t\t\t\t\t\t\t<ul class=\"tt-list01\"><li><p>RAM-B-202-G1U const\u0103 dintr-o bil\u0103 de cauciuc cu diametrul de 1&#8243; conectat\u0103 la o baz\u0103 rotund\u0103 cu diametrul de 2.5&#8243;.<\/p><\/li><li><p>Acest suport are g\u0103uri pre-forate, inclusiv modelul universal de g\u0103uri AMPS. Componentele incluse sunt compatibile cu dispozitivele Garmin GPSMAP 172-250.<\/p><\/li><\/ul>\t\t\t\t\t\t\t\t<\/div>\n\t\t\t\t<\/div>\n\t\t\t\t\t<\/div>\n\t\t<\/div>\n\t\t\t\t\t<\/div>\n\t\t<\/section>\n\t\t\t\t<section class=\"elementor-section elementor-top-section elementor-element elementor-element-9c95480 elementor-section-boxed elementor-section-height-default elementor-section-height-default\" data-id=\"9c95480\" data-element_type=\"section\" data-e-type=\"section\">\n\t\t\t\t\t\t<div class=\"elementor-container elementor-column-gap-default\">\n\t\t\t\t\t<div class=\"elementor-column elementor-col-100 elementor-top-column elementor-element elementor-element-1b6b11c\" data-id=\"1b6b11c\" data-element_type=\"column\" data-e-type=\"column\">\n\t\t\t<div class=\"elementor-widget-wrap elementor-element-populated\">\n\t\t\t\t\t\t<div class=\"elementor-element elementor-element-14e61b2 elementor-widget elementor-widget-text-editor\" data-id=\"14e61b2\" data-element_type=\"widget\" data-e-type=\"widget\" data-widget_type=\"text-editor.default\">\n\t\t\t\t<div class=\"elementor-widget-container\">\n\t\t\t\t\t\t\t\t\t<p><br \/><br \/><\/p>\t\t\t\t\t\t\t\t<\/div>\n\t\t\t\t<\/div>\n\t\t\t\t\t<\/div>\n\t\t<\/div>\n\t\t\t\t\t<\/div>\n\t\t<\/section>\n\t\t\t\t<section class=\"elementor-section elementor-top-section elementor-element elementor-element-7ef4be9 elementor-section-boxed elementor-section-height-default elementor-section-height-default\" data-id=\"7ef4be9\" data-element_type=\"section\" data-e-type=\"section\">\n\t\t\t\t\t\t<div class=\"elementor-container elementor-column-gap-default\">\n\t\t\t\t\t<div class=\"elementor-column elementor-col-100 elementor-top-column elementor-element elementor-element-62d69e5\" data-id=\"62d69e5\" data-element_type=\"column\" data-e-type=\"column\">\n\t\t\t<div class=\"elementor-widget-wrap elementor-element-populated\">\n\t\t\t\t\t\t<div class=\"elementor-element elementor-element-e8d061b elementor-widget elementor-widget-heading\" data-id=\"e8d061b\" data-element_type=\"widget\" data-e-type=\"widget\" data-widget_type=\"heading.default\">\n\t\t\t\t<div class=\"elementor-widget-container\">\n\t\t\t\t\t<h6 class=\"elementor-heading-title elementor-size-large\">Specifica\u021bii<\/h6>\t\t\t\t<\/div>\n\t\t\t\t<\/div>\n\t\t\t\t\t<\/div>\n\t\t<\/div>\n\t\t\t\t\t<\/div>\n\t\t<\/section>\n\t\t\t\t<section class=\"elementor-section elementor-top-section elementor-element elementor-element-6de68d3 elementor-section-boxed elementor-section-height-default elementor-section-height-default\" data-id=\"6de68d3\" data-element_type=\"section\" data-e-type=\"section\">\n\t\t\t\t\t\t<div class=\"elementor-container elementor-column-gap-default\">\n\t\t\t\t\t<div class=\"elementor-column elementor-col-100 elementor-top-column elementor-element elementor-element-95baba0\" data-id=\"95baba0\" data-element_type=\"column\" data-e-type=\"column\">\n\t\t\t<div class=\"elementor-widget-wrap elementor-element-populated\">\n\t\t\t\t\t\t<div class=\"elementor-element elementor-element-bb724b2 elementor-widget elementor-widget-text-editor\" data-id=\"bb724b2\" data-element_type=\"widget\" data-e-type=\"widget\" data-widget_type=\"text-editor.default\">\n\t\t\t\t<div class=\"elementor-widget-container\">\n\t\t\t\t\t\t\t\t\t<table style=\"width: 100%\"><tbody><tr><td><strong>MODEL G\u0102URI<\/strong><\/td><td>4-Hole AMPS: 1.181&#8243; x 1.496&#8243;<br \/>3-Hole 120-Degree: 1.812&#8243; Diameter<\/td><\/tr><tr><td><p class=\"font-medium mb-2 md:mb-0 w-full md:w-2\/5 uppercase md:text-lg text-lg\"><strong>HARDWARE INCLUDE<\/strong><\/p><\/td><td>(4) #6-32 x 5\/8&#8243; Machine Screws<br \/>(4) #6-32 x 7\/8&#8243; Machine Screws<br \/>(4) #6-32 x 3\/8&#8243; Machine Screws<br \/>(4) #6-32 Nut Inserts<\/td><\/tr><tr><td><strong>DIMENSIUNE BIL\u0102<\/strong><\/td><td><div class=\"product-info-wrapper flex flex-col md:flex-row items-top py-4\"><div class=\"flex-1\"><p>B Size (1&#8243;)<\/p><\/div><\/div><\/td><\/tr><tr><td><strong>CAPACITATE DE GREUTATE<\/strong><\/td><td>Standard Use: 2 lbs<br \/>Heavy-Duty Use: 1 lb<\/td><\/tr><tr><td><strong>MATERIALE<\/strong><\/td><td>Marine-grade aluminum<\/td><\/tr><tr><td><strong>TIP AMBALAJ<\/strong><\/td><td>Poly Bag<\/td><\/tr><tr><td><strong>GREUTATE<\/strong><\/td><td>0.19 lb<\/td><\/tr><\/tbody><\/table>\t\t\t\t\t\t\t\t<\/div>\n\t\t\t\t<\/div>\n\t\t\t\t\t<\/div>\n\t\t<\/div>\n\t\t\t\t\t<\/div>\n\t\t<\/section>\n\t\t\t\t<\/div>\n\t\t","protected":false},"excerpt":{"rendered":"<p>&nbsp;<\/p>\n<p>Prezent\u0103m suportul versatil RAM-B-202-G1U, conceput pentru a \u00eembun\u0103t\u0103\u021bi experien\u021ba dvs. de naviga\u021bie. Cu o minge de cauciuc cu diametrul de 1 inch integrat\u0103 \u00een mod fluid \u00eentr-o baz\u0103 rotund\u0103 cu diametrul de 2.5 inch, acest suport ofer\u0103 stabilitate \u0219i fiabilitate de neegalat.<\/p>\n<p>Echipat cu g\u0103uri pre-forate, inclusiv modelul de g\u0103uri universal AMPS, instalarea este simpl\u0103. Hardware-ul inclus asigur\u0103 compatibilitatea cu o gam\u0103 de dispozitive Garmin GPSMAP 172-250, \u00eembun\u0103t\u0103\u021bind func\u021bionalitatea \u0219i comoditatea pe ap\u0103.<\/p>\n","protected":false},"featured_media":31130,"comment_status":"open","ping_status":"closed","template":"","meta":{"_acf_changed":false,"inline_featured_image":false},"product_brand":[],"product_cat":[343,340],"product_tag":[],"class_list":{"0":"post-31126","1":"product","2":"type-product","3":"status-publish","4":"has-post-thumbnail","6":"product_cat-ram-mounts_ro","7":"product_cat-sisteme-de-prindere-ro","8":"tt-post","10":"first","11":"instock","12":"shipping-taxable","13":"purchasable","14":"product-type-simple"},"acf":[],"yoast_head":"<!-- This site is optimized with the Yoast SEO plugin v27.4 - https:\/\/yoast.com\/product\/yoast-seo-wordpress\/ -->\n<title>RAM\u00ae Placa rotunda cu minge si hardware de montare pentru Garmin GPSMAP - BoatsExpert<\/title>\n<meta name=\"description\" content=\"Cump\u0103ra\u021bi RAM Placa rotunda cu minge si hardware de montare pentru Garmin GPSMAP \u00een Rom\u00e2nia de la Boats Expert. \u041e gam\u0103 larg\u0103 de accesorii pentru b\u0103rci cu motor cu livrare \u00een toat\u0103 Rom\u00e2nia!\" \/>\n<meta name=\"robots\" content=\"index, follow, max-snippet:-1, max-image-preview:large, max-video-preview:-1\" \/>\n<link rel=\"canonical\" href=\"https:\/\/boat-demo.axiomprotocol.org\/ro\/produs\/ram-placa-rotunda-cu-placa-rotunda-ram-cu-minge-si-hardware-de-montare-pentru-garmin-gpsmap\/\" \/>\n<meta property=\"og:locale\" content=\"ro_RO\" \/>\n<meta property=\"og:type\" content=\"article\" \/>\n<meta property=\"og:title\" content=\"RAM\u00ae Placa rotunda cu minge si hardware de montare pentru Garmin GPSMAP - BoatsExpert\" \/>\n<meta property=\"og:description\" content=\"Cump\u0103ra\u021bi RAM Placa rotunda cu minge si hardware de montare pentru Garmin GPSMAP \u00een Rom\u00e2nia de la Boats Expert. \u041e gam\u0103 larg\u0103 de accesorii pentru b\u0103rci cu motor cu livrare \u00een toat\u0103 Rom\u00e2nia!\" \/>\n<meta property=\"og:url\" content=\"https:\/\/boat-demo.axiomprotocol.org\/ro\/produs\/ram-placa-rotunda-cu-placa-rotunda-ram-cu-minge-si-hardware-de-montare-pentru-garmin-gpsmap\/\" \/>\n<meta property=\"og:site_name\" content=\"BoatsExpert\" \/>\n<meta property=\"article:modified_time\" content=\"2024-04-10T08:59:37+00:00\" \/>\n<meta property=\"og:image\" content=\"https:\/\/boat-demo.axiomprotocol.org\/wp-content\/uploads\/2024\/04\/01-29-23_02_01_RAM-B-202-G1U_1_1440x.jpg\" \/>\n\t<meta property=\"og:image:width\" content=\"555\" \/>\n\t<meta property=\"og:image:height\" content=\"478\" \/>\n\t<meta property=\"og:image:type\" content=\"image\/jpeg\" \/>\n<meta name=\"twitter:card\" content=\"summary_large_image\" \/>\n<script type=\"application\/ld+json\" class=\"yoast-schema-graph\">{\"@context\":\"https:\\\/\\\/schema.org\",\"@graph\":[{\"@type\":\"WebPage\",\"@id\":\"https:\\\/\\\/boat-demo.axiomprotocol.org\\\/ro\\\/produs\\\/ram-placa-rotunda-cu-placa-rotunda-ram-cu-minge-si-hardware-de-montare-pentru-garmin-gpsmap\\\/\",\"url\":\"https:\\\/\\\/boat-demo.axiomprotocol.org\\\/ro\\\/produs\\\/ram-placa-rotunda-cu-placa-rotunda-ram-cu-minge-si-hardware-de-montare-pentru-garmin-gpsmap\\\/\",\"name\":\"RAM\u00ae Placa rotunda cu minge si hardware de montare pentru Garmin GPSMAP - BoatsExpert\",\"isPartOf\":{\"@id\":\"https:\\\/\\\/boat-demo.axiomprotocol.org\\\/ro\\\/#website\"},\"primaryImageOfPage\":{\"@id\":\"https:\\\/\\\/boat-demo.axiomprotocol.org\\\/ro\\\/produs\\\/ram-placa-rotunda-cu-placa-rotunda-ram-cu-minge-si-hardware-de-montare-pentru-garmin-gpsmap\\\/#primaryimage\"},\"image\":{\"@id\":\"https:\\\/\\\/boat-demo.axiomprotocol.org\\\/ro\\\/produs\\\/ram-placa-rotunda-cu-placa-rotunda-ram-cu-minge-si-hardware-de-montare-pentru-garmin-gpsmap\\\/#primaryimage\"},\"thumbnailUrl\":\"https:\\\/\\\/boat-demo.axiomprotocol.org\\\/wp-content\\\/uploads\\\/2024\\\/04\\\/01-29-23_02_01_RAM-B-202-G1U_1_1440x.jpg\",\"datePublished\":\"2024-04-08T12:48:47+00:00\",\"dateModified\":\"2024-04-10T08:59:37+00:00\",\"description\":\"Cump\u0103ra\u021bi RAM Placa rotunda cu minge si hardware de montare pentru Garmin GPSMAP \u00een Rom\u00e2nia de la Boats Expert. \u041e gam\u0103 larg\u0103 de accesorii pentru b\u0103rci cu motor cu livrare \u00een toat\u0103 Rom\u00e2nia!\",\"breadcrumb\":{\"@id\":\"https:\\\/\\\/boat-demo.axiomprotocol.org\\\/ro\\\/produs\\\/ram-placa-rotunda-cu-placa-rotunda-ram-cu-minge-si-hardware-de-montare-pentru-garmin-gpsmap\\\/#breadcrumb\"},\"inLanguage\":\"ro-RO\",\"potentialAction\":[{\"@type\":\"ReadAction\",\"target\":[\"https:\\\/\\\/boat-demo.axiomprotocol.org\\\/ro\\\/produs\\\/ram-placa-rotunda-cu-placa-rotunda-ram-cu-minge-si-hardware-de-montare-pentru-garmin-gpsmap\\\/\"]}]},{\"@type\":\"ImageObject\",\"inLanguage\":\"ro-RO\",\"@id\":\"https:\\\/\\\/boat-demo.axiomprotocol.org\\\/ro\\\/produs\\\/ram-placa-rotunda-cu-placa-rotunda-ram-cu-minge-si-hardware-de-montare-pentru-garmin-gpsmap\\\/#primaryimage\",\"url\":\"https:\\\/\\\/boat-demo.axiomprotocol.org\\\/wp-content\\\/uploads\\\/2024\\\/04\\\/01-29-23_02_01_RAM-B-202-G1U_1_1440x.jpg\",\"contentUrl\":\"https:\\\/\\\/boat-demo.axiomprotocol.org\\\/wp-content\\\/uploads\\\/2024\\\/04\\\/01-29-23_02_01_RAM-B-202-G1U_1_1440x.jpg\",\"width\":555,\"height\":478,\"caption\":\"RAM\"},{\"@type\":\"BreadcrumbList\",\"@id\":\"https:\\\/\\\/boat-demo.axiomprotocol.org\\\/ro\\\/produs\\\/ram-placa-rotunda-cu-placa-rotunda-ram-cu-minge-si-hardware-de-montare-pentru-garmin-gpsmap\\\/#breadcrumb\",\"itemListElement\":[{\"@type\":\"ListItem\",\"position\":1,\"name\":\"Home\",\"item\":\"https:\\\/\\\/boat-demo.axiomprotocol.org\\\/\"},{\"@type\":\"ListItem\",\"position\":2,\"name\":\"Shop Online &#8211; cel mai bun magazin pentru echipamente pentru b\u0103rci\",\"item\":\"https:\\\/\\\/boat-demo.axiomprotocol.org\\\/ro\\\/shop-ro\\\/\"},{\"@type\":\"ListItem\",\"position\":3,\"name\":\"RAM\u00ae Placa rotunda cu minge si hardware de montare pentru Garmin GPSMAP\"}]},{\"@type\":\"WebSite\",\"@id\":\"https:\\\/\\\/boat-demo.axiomprotocol.org\\\/ro\\\/#website\",\"url\":\"https:\\\/\\\/boat-demo.axiomprotocol.org\\\/ro\\\/\",\"name\":\"BoatsExpert\",\"description\":\"Boats, Service, Equipment\",\"publisher\":{\"@id\":\"https:\\\/\\\/boat-demo.axiomprotocol.org\\\/ro\\\/#organization\"},\"potentialAction\":[{\"@type\":\"SearchAction\",\"target\":{\"@type\":\"EntryPoint\",\"urlTemplate\":\"https:\\\/\\\/boat-demo.axiomprotocol.org\\\/ro\\\/?s={search_term_string}\"},\"query-input\":{\"@type\":\"PropertyValueSpecification\",\"valueRequired\":true,\"valueName\":\"search_term_string\"}}],\"inLanguage\":\"ro-RO\"},{\"@type\":\"Organization\",\"@id\":\"https:\\\/\\\/boat-demo.axiomprotocol.org\\\/ro\\\/#organization\",\"name\":\"BoatsExpert\",\"url\":\"https:\\\/\\\/boat-demo.axiomprotocol.org\\\/ro\\\/\",\"logo\":{\"@type\":\"ImageObject\",\"inLanguage\":\"ro-RO\",\"@id\":\"https:\\\/\\\/boat-demo.axiomprotocol.org\\\/ro\\\/#\\\/schema\\\/logo\\\/image\\\/\",\"url\":\"https:\\\/\\\/boat-demo.axiomprotocol.org\\\/wp-content\\\/uploads\\\/2023\\\/05\\\/white-logo60.svg\",\"contentUrl\":\"https:\\\/\\\/boat-demo.axiomprotocol.org\\\/wp-content\\\/uploads\\\/2023\\\/05\\\/white-logo60.svg\",\"width\":90,\"height\":60,\"caption\":\"BoatsExpert\"},\"image\":{\"@id\":\"https:\\\/\\\/boat-demo.axiomprotocol.org\\\/ro\\\/#\\\/schema\\\/logo\\\/image\\\/\"}}]}<\/script>\n<!-- \/ Yoast SEO plugin. -->","yoast_head_json":{"title":"RAM\u00ae Placa rotunda cu minge si hardware de montare pentru Garmin GPSMAP - BoatsExpert","description":"Cump\u0103ra\u021bi RAM Placa rotunda cu minge si hardware de montare pentru Garmin GPSMAP \u00een Rom\u00e2nia de la Boats Expert. \u041e gam\u0103 larg\u0103 de accesorii pentru b\u0103rci cu motor cu livrare \u00een toat\u0103 Rom\u00e2nia!","robots":{"index":"index","follow":"follow","max-snippet":"max-snippet:-1","max-image-preview":"max-image-preview:large","max-video-preview":"max-video-preview:-1"},"canonical":"https:\/\/boat-demo.axiomprotocol.org\/ro\/produs\/ram-placa-rotunda-cu-placa-rotunda-ram-cu-minge-si-hardware-de-montare-pentru-garmin-gpsmap\/","og_locale":"ro_RO","og_type":"article","og_title":"RAM\u00ae Placa rotunda cu minge si hardware de montare pentru Garmin GPSMAP - BoatsExpert","og_description":"Cump\u0103ra\u021bi RAM Placa rotunda cu minge si hardware de montare pentru Garmin GPSMAP \u00een Rom\u00e2nia de la Boats Expert. \u041e gam\u0103 larg\u0103 de accesorii pentru b\u0103rci cu motor cu livrare \u00een toat\u0103 Rom\u00e2nia!","og_url":"https:\/\/boat-demo.axiomprotocol.org\/ro\/produs\/ram-placa-rotunda-cu-placa-rotunda-ram-cu-minge-si-hardware-de-montare-pentru-garmin-gpsmap\/","og_site_name":"BoatsExpert","article_modified_time":"2024-04-10T08:59:37+00:00","og_image":[{"width":555,"height":478,"url":"https:\/\/boat-demo.axiomprotocol.org\/wp-content\/uploads\/2024\/04\/01-29-23_02_01_RAM-B-202-G1U_1_1440x.jpg","type":"image\/jpeg"}],"twitter_card":"summary_large_image","schema":{"@context":"https:\/\/schema.org","@graph":[{"@type":"WebPage","@id":"https:\/\/boat-demo.axiomprotocol.org\/ro\/produs\/ram-placa-rotunda-cu-placa-rotunda-ram-cu-minge-si-hardware-de-montare-pentru-garmin-gpsmap\/","url":"https:\/\/boat-demo.axiomprotocol.org\/ro\/produs\/ram-placa-rotunda-cu-placa-rotunda-ram-cu-minge-si-hardware-de-montare-pentru-garmin-gpsmap\/","name":"RAM\u00ae Placa rotunda cu minge si hardware de montare pentru Garmin GPSMAP - BoatsExpert","isPartOf":{"@id":"https:\/\/boat-demo.axiomprotocol.org\/ro\/#website"},"primaryImageOfPage":{"@id":"https:\/\/boat-demo.axiomprotocol.org\/ro\/produs\/ram-placa-rotunda-cu-placa-rotunda-ram-cu-minge-si-hardware-de-montare-pentru-garmin-gpsmap\/#primaryimage"},"image":{"@id":"https:\/\/boat-demo.axiomprotocol.org\/ro\/produs\/ram-placa-rotunda-cu-placa-rotunda-ram-cu-minge-si-hardware-de-montare-pentru-garmin-gpsmap\/#primaryimage"},"thumbnailUrl":"https:\/\/boat-demo.axiomprotocol.org\/wp-content\/uploads\/2024\/04\/01-29-23_02_01_RAM-B-202-G1U_1_1440x.jpg","datePublished":"2024-04-08T12:48:47+00:00","dateModified":"2024-04-10T08:59:37+00:00","description":"Cump\u0103ra\u021bi RAM Placa rotunda cu minge si hardware de montare pentru Garmin GPSMAP \u00een Rom\u00e2nia de la Boats Expert. \u041e gam\u0103 larg\u0103 de accesorii pentru b\u0103rci cu motor cu livrare \u00een toat\u0103 Rom\u00e2nia!","breadcrumb":{"@id":"https:\/\/boat-demo.axiomprotocol.org\/ro\/produs\/ram-placa-rotunda-cu-placa-rotunda-ram-cu-minge-si-hardware-de-montare-pentru-garmin-gpsmap\/#breadcrumb"},"inLanguage":"ro-RO","potentialAction":[{"@type":"ReadAction","target":["https:\/\/boat-demo.axiomprotocol.org\/ro\/produs\/ram-placa-rotunda-cu-placa-rotunda-ram-cu-minge-si-hardware-de-montare-pentru-garmin-gpsmap\/"]}]},{"@type":"ImageObject","inLanguage":"ro-RO","@id":"https:\/\/boat-demo.axiomprotocol.org\/ro\/produs\/ram-placa-rotunda-cu-placa-rotunda-ram-cu-minge-si-hardware-de-montare-pentru-garmin-gpsmap\/#primaryimage","url":"https:\/\/boat-demo.axiomprotocol.org\/wp-content\/uploads\/2024\/04\/01-29-23_02_01_RAM-B-202-G1U_1_1440x.jpg","contentUrl":"https:\/\/boat-demo.axiomprotocol.org\/wp-content\/uploads\/2024\/04\/01-29-23_02_01_RAM-B-202-G1U_1_1440x.jpg","width":555,"height":478,"caption":"RAM"},{"@type":"BreadcrumbList","@id":"https:\/\/boat-demo.axiomprotocol.org\/ro\/produs\/ram-placa-rotunda-cu-placa-rotunda-ram-cu-minge-si-hardware-de-montare-pentru-garmin-gpsmap\/#breadcrumb","itemListElement":[{"@type":"ListItem","position":1,"name":"Home","item":"https:\/\/boat-demo.axiomprotocol.org\/"},{"@type":"ListItem","position":2,"name":"Shop Online &#8211; cel mai bun magazin pentru echipamente pentru b\u0103rci","item":"https:\/\/boat-demo.axiomprotocol.org\/ro\/shop-ro\/"},{"@type":"ListItem","position":3,"name":"RAM\u00ae Placa rotunda cu minge si hardware de montare pentru Garmin GPSMAP"}]},{"@type":"WebSite","@id":"https:\/\/boat-demo.axiomprotocol.org\/ro\/#website","url":"https:\/\/boat-demo.axiomprotocol.org\/ro\/","name":"BoatsExpert","description":"Boats, Service, Equipment","publisher":{"@id":"https:\/\/boat-demo.axiomprotocol.org\/ro\/#organization"},"potentialAction":[{"@type":"SearchAction","target":{"@type":"EntryPoint","urlTemplate":"https:\/\/boat-demo.axiomprotocol.org\/ro\/?s={search_term_string}"},"query-input":{"@type":"PropertyValueSpecification","valueRequired":true,"valueName":"search_term_string"}}],"inLanguage":"ro-RO"},{"@type":"Organization","@id":"https:\/\/boat-demo.axiomprotocol.org\/ro\/#organization","name":"BoatsExpert","url":"https:\/\/boat-demo.axiomprotocol.org\/ro\/","logo":{"@type":"ImageObject","inLanguage":"ro-RO","@id":"https:\/\/boat-demo.axiomprotocol.org\/ro\/#\/schema\/logo\/image\/","url":"https:\/\/boat-demo.axiomprotocol.org\/wp-content\/uploads\/2023\/05\/white-logo60.svg","contentUrl":"https:\/\/boat-demo.axiomprotocol.org\/wp-content\/uploads\/2023\/05\/white-logo60.svg","width":90,"height":60,"caption":"BoatsExpert"},"image":{"@id":"https:\/\/boat-demo.axiomprotocol.org\/ro\/#\/schema\/logo\/image\/"}}]}},"_links":{"self":[{"href":"https:\/\/boat-demo.axiomprotocol.org\/ro\/wp-json\/wp\/v2\/product\/31126","targetHints":{"allow":["GET"]}}],"collection":[{"href":"https:\/\/boat-demo.axiomprotocol.org\/ro\/wp-json\/wp\/v2\/product"}],"about":[{"href":"https:\/\/boat-demo.axiomprotocol.org\/ro\/wp-json\/wp\/v2\/types\/product"}],"replies":[{"embeddable":true,"href":"https:\/\/boat-demo.axiomprotocol.org\/ro\/wp-json\/wp\/v2\/comments?post=31126"}],"version-history":[{"count":8,"href":"https:\/\/boat-demo.axiomprotocol.org\/ro\/wp-json\/wp\/v2\/product\/31126\/revisions"}],"predecessor-version":[{"id":31248,"href":"https:\/\/boat-demo.axiomprotocol.org\/ro\/wp-json\/wp\/v2\/product\/31126\/revisions\/31248"}],"wp:featuredmedia":[{"embeddable":true,"href":"https:\/\/boat-demo.axiomprotocol.org\/ro\/wp-json\/wp\/v2\/media\/31130"}],"wp:attachment":[{"href":"https:\/\/boat-demo.axiomprotocol.org\/ro\/wp-json\/wp\/v2\/media?parent=31126"}],"wp:term":[{"taxonomy":"product_brand","embeddable":true,"href":"https:\/\/boat-demo.axiomprotocol.org\/ro\/wp-json\/wp\/v2\/product_brand?post=31126"},{"taxonomy":"product_cat","embeddable":true,"href":"https:\/\/boat-demo.axiomprotocol.org\/ro\/wp-json\/wp\/v2\/product_cat?post=31126"},{"taxonomy":"product_tag","embeddable":true,"href":"https:\/\/boat-demo.axiomprotocol.org\/ro\/wp-json\/wp\/v2\/product_tag?post=31126"}],"curies":[{"name":"wp","href":"https:\/\/api.w.org\/{rel}","templated":true}]}}