{"id":30987,"date":"2024-04-05T13:47:26","date_gmt":"2024-04-05T10:47:26","guid":{"rendered":"https:\/\/boat-demo.axiomprotocol.org\/?post_type=product&#038;p=30987"},"modified":"2024-04-10T10:52:45","modified_gmt":"2024-04-10T07:52:45","slug":"transductor-mega-360-imaging-universal","status":"publish","type":"product","link":"https:\/\/boat-demo.axiomprotocol.org\/ro\/produs\/transductor-mega-360-imaging-universal\/","title":{"rendered":"Transductor MEGA 360 Imaging &#8211; Universal"},"content":{"rendered":"\t\t<div data-elementor-type=\"wp-post\" data-elementor-id=\"30987\" class=\"elementor elementor-30987 elementor-30986\">\n\t\t\t\t\t\t<section class=\"elementor-section elementor-top-section elementor-element elementor-element-9605acf elementor-section-boxed elementor-section-height-default elementor-section-height-default\" data-id=\"9605acf\" data-element_type=\"section\" data-e-type=\"section\">\n\t\t\t\t\t\t<div class=\"elementor-container elementor-column-gap-default\">\n\t\t\t\t\t<div class=\"elementor-column elementor-col-100 elementor-top-column elementor-element elementor-element-8a9a826\" data-id=\"8a9a826\" data-element_type=\"column\" data-e-type=\"column\">\n\t\t\t<div class=\"elementor-widget-wrap elementor-element-populated\">\n\t\t\t\t\t\t<div class=\"elementor-element elementor-element-a0cb3d1 elementor-widget elementor-widget-heading\" data-id=\"a0cb3d1\" data-element_type=\"widget\" data-e-type=\"widget\" data-widget_type=\"heading.default\">\n\t\t\t\t<div class=\"elementor-widget-container\">\n\t\t\t\t\t<h5 class=\"elementor-heading-title elementor-size-default\">Caracteristici<\/h5>\t\t\t\t<\/div>\n\t\t\t\t<\/div>\n\t\t\t\t\t<\/div>\n\t\t<\/div>\n\t\t\t\t\t<\/div>\n\t\t<\/section>\n\t\t\t\t<section class=\"elementor-section elementor-top-section elementor-element elementor-element-280cafd elementor-section-boxed elementor-section-height-default elementor-section-height-default\" data-id=\"280cafd\" data-element_type=\"section\" data-e-type=\"section\">\n\t\t\t\t\t\t<div class=\"elementor-container elementor-column-gap-default\">\n\t\t\t\t\t<div class=\"elementor-column elementor-col-50 elementor-top-column elementor-element elementor-element-c5739d1\" data-id=\"c5739d1\" data-element_type=\"column\" data-e-type=\"column\">\n\t\t\t<div class=\"elementor-widget-wrap elementor-element-populated\">\n\t\t\t\t\t\t<div class=\"elementor-element elementor-element-f9dda1a elementor-widget elementor-widget-text-editor\" data-id=\"f9dda1a\" data-element_type=\"widget\" data-e-type=\"widget\" data-widget_type=\"text-editor.default\">\n\t\t\t\t<div class=\"elementor-widget-container\">\n\t\t\t\t\t\t\t\t\t<table class=\"table\" data-striping=\"1\"><tbody><tr><td>Model<\/td><td>MEGA 360 Imaging &#8211; Universal<\/td><\/tr><tr><td>Cod produs<\/td><td>411390-1<\/td><\/tr><tr><td>UPC<\/td><td>0082324055355<\/td><\/tr><tr><td>Mount Location<\/td><td>Montura Independent\u0103<\/td><\/tr><tr><td>Garan\u021bie<\/td><td>2 ani<\/td><\/tr><\/tbody><\/table><p>\u00a0<\/p>\t\t\t\t\t\t\t\t<\/div>\n\t\t\t\t<\/div>\n\t\t\t\t\t<\/div>\n\t\t<\/div>\n\t\t\t\t<div class=\"elementor-column elementor-col-50 elementor-top-column elementor-element elementor-element-248c5b9\" data-id=\"248c5b9\" data-element_type=\"column\" data-e-type=\"column\">\n\t\t\t<div class=\"elementor-widget-wrap\">\n\t\t\t\t\t\t\t<\/div>\n\t\t<\/div>\n\t\t\t\t\t<\/div>\n\t\t<\/section>\n\t\t\t\t<section class=\"elementor-section elementor-top-section elementor-element elementor-element-12354d7 elementor-section-boxed elementor-section-height-default elementor-section-height-default\" data-id=\"12354d7\" data-element_type=\"section\" data-e-type=\"section\">\n\t\t\t\t\t\t<div class=\"elementor-container elementor-column-gap-default\">\n\t\t\t\t\t<div class=\"elementor-column elementor-col-100 elementor-top-column elementor-element elementor-element-e81000d\" data-id=\"e81000d\" data-element_type=\"column\" data-e-type=\"column\">\n\t\t\t<div class=\"elementor-widget-wrap elementor-element-populated\">\n\t\t\t\t\t\t<div class=\"elementor-element elementor-element-10036f6 elementor-widget elementor-widget-spacer\" data-id=\"10036f6\" data-element_type=\"widget\" data-e-type=\"widget\" data-widget_type=\"spacer.default\">\n\t\t\t\t<div class=\"elementor-widget-container\">\n\t\t\t\t\t\t\t<div class=\"elementor-spacer\">\n\t\t\t<div class=\"elementor-spacer-inner\"><\/div>\n\t\t<\/div>\n\t\t\t\t\t\t<\/div>\n\t\t\t\t<\/div>\n\t\t\t\t<div class=\"elementor-element elementor-element-f3c19f6 elementor-widget elementor-widget-heading\" data-id=\"f3c19f6\" data-element_type=\"widget\" data-e-type=\"widget\" data-widget_type=\"heading.default\">\n\t\t\t\t<div class=\"elementor-widget-container\">\n\t\t\t\t\t<h5 class=\"elementor-heading-title elementor-size-default\">Caracteristici principale<\/h5>\t\t\t\t<\/div>\n\t\t\t\t<\/div>\n\t\t\t\t\t<\/div>\n\t\t<\/div>\n\t\t\t\t\t<\/div>\n\t\t<\/section>\n\t\t\t\t<section class=\"elementor-section elementor-top-section elementor-element elementor-element-5ee294a elementor-section-boxed elementor-section-height-default elementor-section-height-default\" data-id=\"5ee294a\" data-element_type=\"section\" data-e-type=\"section\">\n\t\t\t\t\t\t<div class=\"elementor-container elementor-column-gap-default\">\n\t\t\t\t\t<div class=\"elementor-column elementor-col-100 elementor-top-column elementor-element elementor-element-f7c7fe2\" data-id=\"f7c7fe2\" data-element_type=\"column\" data-e-type=\"column\">\n\t\t\t<div class=\"elementor-widget-wrap elementor-element-populated\">\n\t\t\t\t\t\t<div class=\"elementor-element elementor-element-090fcb3 elementor-widget elementor-widget-text-editor\" data-id=\"090fcb3\" data-element_type=\"widget\" data-e-type=\"widget\" data-widget_type=\"text-editor.default\">\n\t\t\t\t<div class=\"elementor-widget-container\">\n\t\t\t\t\t\t\t\t\t<p>Compatibil cu urm\u0103toarele modele HELIX: HELIX 15 MEGA SI+ GPS G4N, HELIX 15 MEGA DI+ GPS G4N, HELIX 12 MEGA SI+ GPS G4N, HELIX 12 MEGA SI+ GPS G3N, HELIX 12 MEGA DI+ GPS G4N, HELIX 12 MEGA DI+ GPS G3N, HELIX 10 MEGA SI+ GPS G4N, HELIX 10 MEGA SI+ GPS G3N, HELIX 10 MEGA DI+ GPS G4N, HELIX 10 MEGA DI+ GPS G3N, HELIX 9 MEGA SI+ GPS G4N, HELIX 9 MEGA SI+ GPS G3N, HELIX 9 MEGA DI+ GPS G4N, HELIX 9 MEGA DI+ GPS G3N, HELIX 8 CHIRP MEGA SI+ GPS G4N, HELIX 8 MEGA SI+ GPS G3N<\/p><p>Compatibil cu toate modelele APEX \u0219i toate modelele SOLIX G2 \u0219i G3<\/p><p>Ce include: Traductor MEGA 360 Imaging cu cablu de alimentare \u0219i cablu de traductor ata\u0219ate, cablu de extensie SOLIX de 10&#8242;, cablu adaptor de traductor HELIX de 10&#8242;, cablu de alimentare MEGA 360 de 10&#8242; \u0219i suport ajustabil din aluminiu pentru montarea MEGA 360 Imaging cu inel de re\u021binere a ad\u00e2ncimii pentru ax.<\/p><p>Fasciculul de \u00eenalt\u0103 frecven\u021b\u0103 al imaginii MEGA CHIRP str\u0103bate intervalul de megahertz pentru a dezv\u0103lui lumea de sub ap\u0103 \u00een detalii asem\u0103n\u0103toare cu imaginea \u00een jurul \u00eentregii b\u0103rci.<\/p><p>Utiliza\u021bi MEGA 360 Imaging f\u0103r\u0103 a sacrifica controlul b\u0103rcii. Indiferent dac\u0103 pescui\u021bi sau folosi\u021bi func\u021bia Spot-Lock, MEGA 360 Imaging este montat independent, astfel \u00eenc\u00e2t imaginea sonarului s\u0103 r\u0103m\u00e2n\u0103 neschimbat\u0103 \u00een timp ce motorul de trolling se rote\u0219te.<\/p><p>Alege\u021bi \u00eentre dou\u0103 moduri de func\u021bionare pentru acest traductor; MEGA 360 Imaging sau Side Imaging. Acest lucru v\u0103 permite s\u0103 vizualiza\u021bi o imagine MEGA 360 Imaging sau s\u0103 utiliza\u021bi acest traductor ca surs\u0103 sonar\u0103 MEGA Side Imaging select\u00e2nd modul de operare Side Imaging.<\/p><p>Marca\u021bi puncte de referin\u021b\u0103 direct pe ecranul MEGA 360 Imaging \u0219i urm\u0103ri\u021bi-le actualiz\u00e2ndu-se pe m\u0103sur\u0103 ce se schimb\u0103 pozi\u021bia b\u0103rcii, facilit\u00e2nd g\u0103sirea \u0219i apoi aruncarea la pe\u0219ti \u0219i structuri.<\/p><p>Utiliza\u021bi inelele op\u021bionale de distan\u021b\u0103 pentru a v\u0103 ar\u0103ta distan\u021ba p\u00e2n\u0103 la \u021bintele din apropierea b\u0103rcii dumneavoastr\u0103, pentru o mai bun\u0103 \u00een\u021belegere a exact unde se afl\u0103 pe\u0219tii.<\/p><p>Vizualiza\u021bi MEGA 360 Imaging al\u0103turi de alegerea dumneavoastr\u0103 de mai multe tehnologii sonar \u0219i h\u0103r\u021bi pentru o \u00een\u021belegere complet\u0103 a mediului \u00eenconjur\u0103tor.<\/p><p>MEGA 360 Imaging v\u0103 permite s\u0103 personaliza\u021bi viteza de scanare, zona de vizualizare, informa\u021biile afi\u0219ate, zoom-ul sonarului \u0219i paleta de culori \u00een func\u021bie de situa\u021bia \u0219i preferin\u021bele dumneavoastr\u0103 specifice de pescuit.<\/p><p>Modelele HELIX compatibile pot partaja imaginea MEGA 360 Imaging prin One Boat Network c\u0103tre modelele HELIX G2N \u0219i mai noi cu versiunea de software 2.180 sau ulterioar\u0103.<\/p><p>Modelele compatibile SOLIX \u0219i APEX pot partaja imaginea MEGA 360 Imaging c\u0103tre toate celelalte modele SOLIX sau APEX de pe One Boat Network.<\/p><p>Lungimea axului traductorului: 50 de inci<\/p><p>Greutate: 16 lbs<\/p><p>Material suport de montare: Aluminiu prelucrat CNC<\/p><p>Garantie limitata de 2 ani<\/p>\t\t\t\t\t\t\t\t<\/div>\n\t\t\t\t<\/div>\n\t\t\t\t\t<\/div>\n\t\t<\/div>\n\t\t\t\t\t<\/div>\n\t\t<\/section>\n\t\t\t\t<\/div>\n\t\t","protected":false},"excerpt":{"rendered":"<p>&nbsp;<\/p>\n<p>Transductor MEGA 360 Imaging &#8211; Universal<\/p>\n<p>Descoperi\u021bi revolu\u021bionarul MEGA 360 Imaging &#8211; traductor universal, conceput pentru to\u021bi pasiona\u021bii de b\u0103rci din Rom\u00e2nia \u0219i din \u00eentreaga lume. Acest traductor de ultim\u0103 genera\u021bie ofer\u0103 o vedere de 360 de grade, bogat\u0103 \u00een detalii, \u00een jurul b\u0103rcii dumneavoastr\u0103, asigur\u00e2ndu-v\u0103 c\u0103 nu ve\u021bi rata niciun detaliu subacvatic. Cu suportul s\u0103u GeigerTec ajustabil, confec\u021bionat din aluminiu de \u00eenalt\u0103 calitate, pute\u021bi aduce acum aceast\u0103 tehnologie de neegalat la aproape orice tip de barc\u0103, indiferent de dimensiune sau model.<\/p>\n<p>Spre deosebire de traductoarele tradi\u021bionale, MEGA 360 Imaging este montat independent de direc\u021bia motorului de trolling. Acest design inovator garanteaz\u0103 o imagine clar\u0103 \u0219i ne\u00eentrerupt\u0103 a ceea ce se afl\u0103 sub ap\u0103, chiar \u0219i \u00een condi\u021bii dificile precum v\u00e2ntul, valurile sau atunci c\u00e2nd utiliza\u021bi tehnologia Spot-Lock\u2122. Experimenta\u021bi ultima tehnologie \u00een imagistica nautic\u0103 cu MEGA 360, disponibil exclusiv la Boats Expert, partenerul dumneavoastr\u0103 de \u00eencredere \u00een excelen\u021ba marin\u0103.<\/p>\n","protected":false},"featured_media":30989,"comment_status":"open","ping_status":"closed","template":"","meta":{"_acf_changed":false,"inline_featured_image":false},"product_brand":[],"product_cat":[89],"product_tag":[],"class_list":{"0":"post-30987","1":"product","2":"type-product","3":"status-publish","4":"has-post-thumbnail","6":"product_cat-humminbird-ro","7":"tt-post","9":"first","10":"instock","11":"shipping-taxable","12":"purchasable","13":"product-type-simple"},"acf":[],"yoast_head":"<!-- This site is optimized with the Yoast SEO plugin v27.4 - https:\/\/yoast.com\/product\/yoast-seo-wordpress\/ -->\n<title>Transductor MEGA 360 Imaging - Universal<\/title>\n<meta name=\"description\" content=\"MEGA 360 Imaging de la Boats Expert. Modelul ofer\u0103 o vedere la 360 de grade, perfect\u0103 pentru detectarea precis\u0103 a pe\u0219tilor \u0219i a structurilor. | Livrare in Europa | Romani\" \/>\n<meta name=\"robots\" content=\"index, follow, max-snippet:-1, max-image-preview:large, max-video-preview:-1\" \/>\n<link rel=\"canonical\" href=\"https:\/\/boat-demo.axiomprotocol.org\/ro\/produs\/transductor-mega-360-imaging-universal\/\" \/>\n<meta property=\"og:locale\" content=\"ro_RO\" \/>\n<meta property=\"og:type\" content=\"article\" \/>\n<meta property=\"og:title\" content=\"Transductor MEGA 360 Imaging - Universal\" \/>\n<meta property=\"og:description\" content=\"MEGA 360 Imaging de la Boats Expert. Modelul ofer\u0103 o vedere la 360 de grade, perfect\u0103 pentru detectarea precis\u0103 a pe\u0219tilor \u0219i a structurilor. | Livrare in Europa | Romani\" \/>\n<meta property=\"og:url\" content=\"https:\/\/boat-demo.axiomprotocol.org\/ro\/produs\/transductor-mega-360-imaging-universal\/\" \/>\n<meta property=\"og:site_name\" content=\"BoatsExpert\" \/>\n<meta property=\"article:modified_time\" content=\"2024-04-10T07:52:45+00:00\" \/>\n<meta property=\"og:image\" content=\"https:\/\/boat-demo.axiomprotocol.org\/wp-content\/uploads\/2024\/04\/HB_411390-1_MEGA_360_Universal.jpg\" \/>\n\t<meta property=\"og:image:width\" content=\"555\" \/>\n\t<meta property=\"og:image:height\" content=\"478\" \/>\n\t<meta property=\"og:image:type\" content=\"image\/jpeg\" \/>\n<meta name=\"twitter:card\" content=\"summary_large_image\" \/>\n<meta name=\"twitter:label1\" content=\"Timp estimat pentru citire\" \/>\n\t<meta name=\"twitter:data1\" content=\"3 minute\" \/>\n<script type=\"application\/ld+json\" class=\"yoast-schema-graph\">{\"@context\":\"https:\\\/\\\/schema.org\",\"@graph\":[{\"@type\":\"WebPage\",\"@id\":\"https:\\\/\\\/boat-demo.axiomprotocol.org\\\/ro\\\/produs\\\/transductor-mega-360-imaging-universal\\\/\",\"url\":\"https:\\\/\\\/boat-demo.axiomprotocol.org\\\/ro\\\/produs\\\/transductor-mega-360-imaging-universal\\\/\",\"name\":\"Transductor MEGA 360 Imaging - Universal\",\"isPartOf\":{\"@id\":\"https:\\\/\\\/boat-demo.axiomprotocol.org\\\/ro\\\/#website\"},\"primaryImageOfPage\":{\"@id\":\"https:\\\/\\\/boat-demo.axiomprotocol.org\\\/ro\\\/produs\\\/transductor-mega-360-imaging-universal\\\/#primaryimage\"},\"image\":{\"@id\":\"https:\\\/\\\/boat-demo.axiomprotocol.org\\\/ro\\\/produs\\\/transductor-mega-360-imaging-universal\\\/#primaryimage\"},\"thumbnailUrl\":\"https:\\\/\\\/boat-demo.axiomprotocol.org\\\/wp-content\\\/uploads\\\/2024\\\/04\\\/HB_411390-1_MEGA_360_Universal.jpg\",\"datePublished\":\"2024-04-05T10:47:26+00:00\",\"dateModified\":\"2024-04-10T07:52:45+00:00\",\"description\":\"MEGA 360 Imaging de la Boats Expert. Modelul ofer\u0103 o vedere la 360 de grade, perfect\u0103 pentru detectarea precis\u0103 a pe\u0219tilor \u0219i a structurilor. | Livrare in Europa | Romani\",\"breadcrumb\":{\"@id\":\"https:\\\/\\\/boat-demo.axiomprotocol.org\\\/ro\\\/produs\\\/transductor-mega-360-imaging-universal\\\/#breadcrumb\"},\"inLanguage\":\"ro-RO\",\"potentialAction\":[{\"@type\":\"ReadAction\",\"target\":[\"https:\\\/\\\/boat-demo.axiomprotocol.org\\\/ro\\\/produs\\\/transductor-mega-360-imaging-universal\\\/\"]}]},{\"@type\":\"ImageObject\",\"inLanguage\":\"ro-RO\",\"@id\":\"https:\\\/\\\/boat-demo.axiomprotocol.org\\\/ro\\\/produs\\\/transductor-mega-360-imaging-universal\\\/#primaryimage\",\"url\":\"https:\\\/\\\/boat-demo.axiomprotocol.org\\\/wp-content\\\/uploads\\\/2024\\\/04\\\/HB_411390-1_MEGA_360_Universal.jpg\",\"contentUrl\":\"https:\\\/\\\/boat-demo.axiomprotocol.org\\\/wp-content\\\/uploads\\\/2024\\\/04\\\/HB_411390-1_MEGA_360_Universal.jpg\",\"width\":555,\"height\":478,\"caption\":\"Mega 360 Imaging Universal\"},{\"@type\":\"BreadcrumbList\",\"@id\":\"https:\\\/\\\/boat-demo.axiomprotocol.org\\\/ro\\\/produs\\\/transductor-mega-360-imaging-universal\\\/#breadcrumb\",\"itemListElement\":[{\"@type\":\"ListItem\",\"position\":1,\"name\":\"Home\",\"item\":\"https:\\\/\\\/boat-demo.axiomprotocol.org\\\/\"},{\"@type\":\"ListItem\",\"position\":2,\"name\":\"Shop Online &#8211; cel mai bun magazin pentru echipamente pentru b\u0103rci\",\"item\":\"https:\\\/\\\/boat-demo.axiomprotocol.org\\\/ro\\\/shop-ro\\\/\"},{\"@type\":\"ListItem\",\"position\":3,\"name\":\"Transductor MEGA 360 Imaging &#8211; Universal\"}]},{\"@type\":\"WebSite\",\"@id\":\"https:\\\/\\\/boat-demo.axiomprotocol.org\\\/ro\\\/#website\",\"url\":\"https:\\\/\\\/boat-demo.axiomprotocol.org\\\/ro\\\/\",\"name\":\"BoatsExpert\",\"description\":\"Boats, Service, Equipment\",\"publisher\":{\"@id\":\"https:\\\/\\\/boat-demo.axiomprotocol.org\\\/ro\\\/#organization\"},\"potentialAction\":[{\"@type\":\"SearchAction\",\"target\":{\"@type\":\"EntryPoint\",\"urlTemplate\":\"https:\\\/\\\/boat-demo.axiomprotocol.org\\\/ro\\\/?s={search_term_string}\"},\"query-input\":{\"@type\":\"PropertyValueSpecification\",\"valueRequired\":true,\"valueName\":\"search_term_string\"}}],\"inLanguage\":\"ro-RO\"},{\"@type\":\"Organization\",\"@id\":\"https:\\\/\\\/boat-demo.axiomprotocol.org\\\/ro\\\/#organization\",\"name\":\"BoatsExpert\",\"url\":\"https:\\\/\\\/boat-demo.axiomprotocol.org\\\/ro\\\/\",\"logo\":{\"@type\":\"ImageObject\",\"inLanguage\":\"ro-RO\",\"@id\":\"https:\\\/\\\/boat-demo.axiomprotocol.org\\\/ro\\\/#\\\/schema\\\/logo\\\/image\\\/\",\"url\":\"https:\\\/\\\/boat-demo.axiomprotocol.org\\\/wp-content\\\/uploads\\\/2023\\\/05\\\/white-logo60.svg\",\"contentUrl\":\"https:\\\/\\\/boat-demo.axiomprotocol.org\\\/wp-content\\\/uploads\\\/2023\\\/05\\\/white-logo60.svg\",\"width\":90,\"height\":60,\"caption\":\"BoatsExpert\"},\"image\":{\"@id\":\"https:\\\/\\\/boat-demo.axiomprotocol.org\\\/ro\\\/#\\\/schema\\\/logo\\\/image\\\/\"}}]}<\/script>\n<!-- \/ Yoast SEO plugin. -->","yoast_head_json":{"title":"Transductor MEGA 360 Imaging - Universal","description":"MEGA 360 Imaging de la Boats Expert. Modelul ofer\u0103 o vedere la 360 de grade, perfect\u0103 pentru detectarea precis\u0103 a pe\u0219tilor \u0219i a structurilor. | Livrare in Europa | Romani","robots":{"index":"index","follow":"follow","max-snippet":"max-snippet:-1","max-image-preview":"max-image-preview:large","max-video-preview":"max-video-preview:-1"},"canonical":"https:\/\/boat-demo.axiomprotocol.org\/ro\/produs\/transductor-mega-360-imaging-universal\/","og_locale":"ro_RO","og_type":"article","og_title":"Transductor MEGA 360 Imaging - Universal","og_description":"MEGA 360 Imaging de la Boats Expert. Modelul ofer\u0103 o vedere la 360 de grade, perfect\u0103 pentru detectarea precis\u0103 a pe\u0219tilor \u0219i a structurilor. | Livrare in Europa | Romani","og_url":"https:\/\/boat-demo.axiomprotocol.org\/ro\/produs\/transductor-mega-360-imaging-universal\/","og_site_name":"BoatsExpert","article_modified_time":"2024-04-10T07:52:45+00:00","og_image":[{"width":555,"height":478,"url":"https:\/\/boat-demo.axiomprotocol.org\/wp-content\/uploads\/2024\/04\/HB_411390-1_MEGA_360_Universal.jpg","type":"image\/jpeg"}],"twitter_card":"summary_large_image","twitter_misc":{"Timp estimat pentru citire":"3 minute"},"schema":{"@context":"https:\/\/schema.org","@graph":[{"@type":"WebPage","@id":"https:\/\/boat-demo.axiomprotocol.org\/ro\/produs\/transductor-mega-360-imaging-universal\/","url":"https:\/\/boat-demo.axiomprotocol.org\/ro\/produs\/transductor-mega-360-imaging-universal\/","name":"Transductor MEGA 360 Imaging - Universal","isPartOf":{"@id":"https:\/\/boat-demo.axiomprotocol.org\/ro\/#website"},"primaryImageOfPage":{"@id":"https:\/\/boat-demo.axiomprotocol.org\/ro\/produs\/transductor-mega-360-imaging-universal\/#primaryimage"},"image":{"@id":"https:\/\/boat-demo.axiomprotocol.org\/ro\/produs\/transductor-mega-360-imaging-universal\/#primaryimage"},"thumbnailUrl":"https:\/\/boat-demo.axiomprotocol.org\/wp-content\/uploads\/2024\/04\/HB_411390-1_MEGA_360_Universal.jpg","datePublished":"2024-04-05T10:47:26+00:00","dateModified":"2024-04-10T07:52:45+00:00","description":"MEGA 360 Imaging de la Boats Expert. Modelul ofer\u0103 o vedere la 360 de grade, perfect\u0103 pentru detectarea precis\u0103 a pe\u0219tilor \u0219i a structurilor. | Livrare in Europa | Romani","breadcrumb":{"@id":"https:\/\/boat-demo.axiomprotocol.org\/ro\/produs\/transductor-mega-360-imaging-universal\/#breadcrumb"},"inLanguage":"ro-RO","potentialAction":[{"@type":"ReadAction","target":["https:\/\/boat-demo.axiomprotocol.org\/ro\/produs\/transductor-mega-360-imaging-universal\/"]}]},{"@type":"ImageObject","inLanguage":"ro-RO","@id":"https:\/\/boat-demo.axiomprotocol.org\/ro\/produs\/transductor-mega-360-imaging-universal\/#primaryimage","url":"https:\/\/boat-demo.axiomprotocol.org\/wp-content\/uploads\/2024\/04\/HB_411390-1_MEGA_360_Universal.jpg","contentUrl":"https:\/\/boat-demo.axiomprotocol.org\/wp-content\/uploads\/2024\/04\/HB_411390-1_MEGA_360_Universal.jpg","width":555,"height":478,"caption":"Mega 360 Imaging Universal"},{"@type":"BreadcrumbList","@id":"https:\/\/boat-demo.axiomprotocol.org\/ro\/produs\/transductor-mega-360-imaging-universal\/#breadcrumb","itemListElement":[{"@type":"ListItem","position":1,"name":"Home","item":"https:\/\/boat-demo.axiomprotocol.org\/"},{"@type":"ListItem","position":2,"name":"Shop Online &#8211; cel mai bun magazin pentru echipamente pentru b\u0103rci","item":"https:\/\/boat-demo.axiomprotocol.org\/ro\/shop-ro\/"},{"@type":"ListItem","position":3,"name":"Transductor MEGA 360 Imaging &#8211; Universal"}]},{"@type":"WebSite","@id":"https:\/\/boat-demo.axiomprotocol.org\/ro\/#website","url":"https:\/\/boat-demo.axiomprotocol.org\/ro\/","name":"BoatsExpert","description":"Boats, Service, Equipment","publisher":{"@id":"https:\/\/boat-demo.axiomprotocol.org\/ro\/#organization"},"potentialAction":[{"@type":"SearchAction","target":{"@type":"EntryPoint","urlTemplate":"https:\/\/boat-demo.axiomprotocol.org\/ro\/?s={search_term_string}"},"query-input":{"@type":"PropertyValueSpecification","valueRequired":true,"valueName":"search_term_string"}}],"inLanguage":"ro-RO"},{"@type":"Organization","@id":"https:\/\/boat-demo.axiomprotocol.org\/ro\/#organization","name":"BoatsExpert","url":"https:\/\/boat-demo.axiomprotocol.org\/ro\/","logo":{"@type":"ImageObject","inLanguage":"ro-RO","@id":"https:\/\/boat-demo.axiomprotocol.org\/ro\/#\/schema\/logo\/image\/","url":"https:\/\/boat-demo.axiomprotocol.org\/wp-content\/uploads\/2023\/05\/white-logo60.svg","contentUrl":"https:\/\/boat-demo.axiomprotocol.org\/wp-content\/uploads\/2023\/05\/white-logo60.svg","width":90,"height":60,"caption":"BoatsExpert"},"image":{"@id":"https:\/\/boat-demo.axiomprotocol.org\/ro\/#\/schema\/logo\/image\/"}}]}},"_links":{"self":[{"href":"https:\/\/boat-demo.axiomprotocol.org\/ro\/wp-json\/wp\/v2\/product\/30987","targetHints":{"allow":["GET"]}}],"collection":[{"href":"https:\/\/boat-demo.axiomprotocol.org\/ro\/wp-json\/wp\/v2\/product"}],"about":[{"href":"https:\/\/boat-demo.axiomprotocol.org\/ro\/wp-json\/wp\/v2\/types\/product"}],"replies":[{"embeddable":true,"href":"https:\/\/boat-demo.axiomprotocol.org\/ro\/wp-json\/wp\/v2\/comments?post=30987"}],"version-history":[{"count":8,"href":"https:\/\/boat-demo.axiomprotocol.org\/ro\/wp-json\/wp\/v2\/product\/30987\/revisions"}],"predecessor-version":[{"id":31194,"href":"https:\/\/boat-demo.axiomprotocol.org\/ro\/wp-json\/wp\/v2\/product\/30987\/revisions\/31194"}],"wp:featuredmedia":[{"embeddable":true,"href":"https:\/\/boat-demo.axiomprotocol.org\/ro\/wp-json\/wp\/v2\/media\/30989"}],"wp:attachment":[{"href":"https:\/\/boat-demo.axiomprotocol.org\/ro\/wp-json\/wp\/v2\/media?parent=30987"}],"wp:term":[{"taxonomy":"product_brand","embeddable":true,"href":"https:\/\/boat-demo.axiomprotocol.org\/ro\/wp-json\/wp\/v2\/product_brand?post=30987"},{"taxonomy":"product_cat","embeddable":true,"href":"https:\/\/boat-demo.axiomprotocol.org\/ro\/wp-json\/wp\/v2\/product_cat?post=30987"},{"taxonomy":"product_tag","embeddable":true,"href":"https:\/\/boat-demo.axiomprotocol.org\/ro\/wp-json\/wp\/v2\/product_tag?post=30987"}],"curies":[{"name":"wp","href":"https:\/\/api.w.org\/{rel}","templated":true}]}}