{"id":30970,"date":"2024-04-05T13:16:18","date_gmt":"2024-04-05T10:16:18","guid":{"rendered":"https:\/\/boat-demo.axiomprotocol.org\/?post_type=product&#038;p=30970"},"modified":"2024-04-10T10:50:56","modified_gmt":"2024-04-10T07:50:56","slug":"transductor-mega-360-imaging-fara-suport-de-montaj","status":"publish","type":"product","link":"https:\/\/boat-demo.axiomprotocol.org\/ro\/produs\/transductor-mega-360-imaging-fara-suport-de-montaj\/","title":{"rendered":"Transductor MEGA 360 Imaging &#8211; Fara Suport de Montaj"},"content":{"rendered":"\t\t<div data-elementor-type=\"wp-post\" data-elementor-id=\"30970\" class=\"elementor elementor-30970 elementor-30969\">\n\t\t\t\t\t\t<section class=\"elementor-section elementor-top-section elementor-element elementor-element-9605acf elementor-section-boxed elementor-section-height-default elementor-section-height-default\" data-id=\"9605acf\" data-element_type=\"section\" data-e-type=\"section\">\n\t\t\t\t\t\t<div class=\"elementor-container elementor-column-gap-default\">\n\t\t\t\t\t<div class=\"elementor-column elementor-col-100 elementor-top-column elementor-element elementor-element-8a9a826\" data-id=\"8a9a826\" data-element_type=\"column\" data-e-type=\"column\">\n\t\t\t<div class=\"elementor-widget-wrap elementor-element-populated\">\n\t\t\t\t\t\t<div class=\"elementor-element elementor-element-a0cb3d1 elementor-widget elementor-widget-heading\" data-id=\"a0cb3d1\" data-element_type=\"widget\" data-e-type=\"widget\" data-widget_type=\"heading.default\">\n\t\t\t\t<div class=\"elementor-widget-container\">\n\t\t\t\t\t<h5 class=\"elementor-heading-title elementor-size-default\">Caracteristici<\/h5>\t\t\t\t<\/div>\n\t\t\t\t<\/div>\n\t\t\t\t\t<\/div>\n\t\t<\/div>\n\t\t\t\t\t<\/div>\n\t\t<\/section>\n\t\t\t\t<section class=\"elementor-section elementor-top-section elementor-element elementor-element-280cafd elementor-section-boxed elementor-section-height-default elementor-section-height-default\" data-id=\"280cafd\" data-element_type=\"section\" data-e-type=\"section\">\n\t\t\t\t\t\t<div class=\"elementor-container elementor-column-gap-default\">\n\t\t\t\t\t<div class=\"elementor-column elementor-col-50 elementor-top-column elementor-element elementor-element-c5739d1\" data-id=\"c5739d1\" data-element_type=\"column\" data-e-type=\"column\">\n\t\t\t<div class=\"elementor-widget-wrap elementor-element-populated\">\n\t\t\t\t\t\t<div class=\"elementor-element elementor-element-f9dda1a elementor-widget elementor-widget-text-editor\" data-id=\"f9dda1a\" data-element_type=\"widget\" data-e-type=\"widget\" data-widget_type=\"text-editor.default\">\n\t\t\t\t<div class=\"elementor-widget-container\">\n\t\t\t\t\t\t\t\t\t<table class=\"table\" data-striping=\"1\"><tbody><tr><td>Model<\/td><td>MEGA 360 Imaging &#8211; No Mount<\/td><\/tr><tr><td>Cod produs<\/td><td>411580-1<\/td><\/tr><tr><td>UPC<\/td><td>0082324055911<\/td><\/tr><tr><td>Mount Location<\/td><td>F\u0103r\u0103 suport de montaj<\/td><\/tr><tr><td>Garan\u021bie<\/td><td>2 ani<\/td><\/tr><\/tbody><\/table>\t\t\t\t\t\t\t\t<\/div>\n\t\t\t\t<\/div>\n\t\t\t\t\t<\/div>\n\t\t<\/div>\n\t\t\t\t<div class=\"elementor-column elementor-col-50 elementor-top-column elementor-element elementor-element-248c5b9\" data-id=\"248c5b9\" data-element_type=\"column\" data-e-type=\"column\">\n\t\t\t<div class=\"elementor-widget-wrap\">\n\t\t\t\t\t\t\t<\/div>\n\t\t<\/div>\n\t\t\t\t\t<\/div>\n\t\t<\/section>\n\t\t\t\t<section class=\"elementor-section elementor-top-section elementor-element elementor-element-12354d7 elementor-section-boxed elementor-section-height-default elementor-section-height-default\" data-id=\"12354d7\" data-element_type=\"section\" data-e-type=\"section\">\n\t\t\t\t\t\t<div class=\"elementor-container elementor-column-gap-default\">\n\t\t\t\t\t<div class=\"elementor-column elementor-col-100 elementor-top-column elementor-element elementor-element-e81000d\" data-id=\"e81000d\" data-element_type=\"column\" data-e-type=\"column\">\n\t\t\t<div class=\"elementor-widget-wrap elementor-element-populated\">\n\t\t\t\t\t\t<div class=\"elementor-element elementor-element-10036f6 elementor-widget elementor-widget-spacer\" data-id=\"10036f6\" data-element_type=\"widget\" data-e-type=\"widget\" data-widget_type=\"spacer.default\">\n\t\t\t\t<div class=\"elementor-widget-container\">\n\t\t\t\t\t\t\t<div class=\"elementor-spacer\">\n\t\t\t<div class=\"elementor-spacer-inner\"><\/div>\n\t\t<\/div>\n\t\t\t\t\t\t<\/div>\n\t\t\t\t<\/div>\n\t\t\t\t<div class=\"elementor-element elementor-element-f3c19f6 elementor-widget elementor-widget-heading\" data-id=\"f3c19f6\" data-element_type=\"widget\" data-e-type=\"widget\" data-widget_type=\"heading.default\">\n\t\t\t\t<div class=\"elementor-widget-container\">\n\t\t\t\t\t<h5 class=\"elementor-heading-title elementor-size-default\">Caracteristici principale<\/h5>\t\t\t\t<\/div>\n\t\t\t\t<\/div>\n\t\t\t\t\t<\/div>\n\t\t<\/div>\n\t\t\t\t\t<\/div>\n\t\t<\/section>\n\t\t\t\t<section class=\"elementor-section elementor-top-section elementor-element elementor-element-5ee294a elementor-section-boxed elementor-section-height-default elementor-section-height-default\" data-id=\"5ee294a\" data-element_type=\"section\" data-e-type=\"section\">\n\t\t\t\t\t\t<div class=\"elementor-container elementor-column-gap-default\">\n\t\t\t\t\t<div class=\"elementor-column elementor-col-100 elementor-top-column elementor-element elementor-element-f7c7fe2\" data-id=\"f7c7fe2\" data-element_type=\"column\" data-e-type=\"column\">\n\t\t\t<div class=\"elementor-widget-wrap elementor-element-populated\">\n\t\t\t\t\t\t<div class=\"elementor-element elementor-element-090fcb3 elementor-widget elementor-widget-text-editor\" data-id=\"090fcb3\" data-element_type=\"widget\" data-e-type=\"widget\" data-widget_type=\"text-editor.default\">\n\t\t\t\t<div class=\"elementor-widget-container\">\n\t\t\t\t\t\t\t\t\t<p>Compatibil cu urm\u0103toarele modele HELIX: HELIX 15 MEGA SI+ GPS G4N, HELIX 15 MEGA DI+ GPS G4N, HELIX 12 MEGA SI+ GPS G4N, HELIX 12 MEGA SI+ GPS G3N, HELIX 12 MEGA DI+ GPS G4N, HELIX 12 MEGA DI+ GPS G3N, HELIX 10 MEGA SI+ GPS G4N, HELIX 10 MEGA SI+ GPS G3N, HELIX 10 MEGA DI+ GPS G4N, HELIX 10 MEGA DI+ GPS G3N, HELIX 9 MEGA SI+ GPS G4N, HELIX 9 MEGA SI+ GPS G3N, HELIX 9 MEGA DI+ GPS G4N, HELIX 9 MEGA DI+ GPS G3N, HELIX 8 CHIRP MEGA SI+ GPS G4N, HELIX 8 MEGA SI+ GPS G3N<\/p><p>Compatibil cu toate modelele APEX \u0219i toate modelele SOLIX G2 \u0219i G3<\/p><p>Compatibil cu op\u021biunile de montare accesorii Humminbird: Kit de Hardware Ultrex MEGA 360 \u0219i Adaptor MEGA 360 Ice<\/p><p>MEGA 360 Imaging ofer\u0103 dou\u0103 op\u021biuni de surs\u0103 sonar: modul 360 Imaging \u0219i modul Side Imaging. Schimba\u021bi de la sonarul MEGA 360 Imaging la utilizarea acestui traductor ca surs\u0103 sonar Side Imaging. Dac\u0103 este conectat la o re\u021bea Ethernet, aceste vederi sonar pot fi partajate cu alte modele Humminbird compatibile din re\u021bea.<\/p><p>Include sonda MEGA 360 Imaging de 50 de inci cu cabluri de alimentare \u0219i traductor, (1) cablu de alimentare MEGA 360 de 10&#8242;, (1) cablu de prelungire a traductorului HELIX de 10&#8242;, (1) cablu de prelungire a traductorului SOLIX de 10&#8242;<\/p><p>Produsul va necesita o solu\u021bie de montare si accesorii pentru a ob\u021bine performan\u021ba produsului prev\u0103zut\u0103<\/p><p>Garantie limitat\u0103 de 2 ani<\/p>\t\t\t\t\t\t\t\t<\/div>\n\t\t\t\t<\/div>\n\t\t\t\t\t<\/div>\n\t\t<\/div>\n\t\t\t\t\t<\/div>\n\t\t<\/section>\n\t\t\t\t<\/div>\n\t\t","protected":false},"excerpt":{"rendered":"<p>&nbsp;<\/p>\n<p>Transductor MEGA 360 Imaging &#8211; F\u0103r\u0103 suport de montaj<\/p>\n<p>Descoperi\u021bi claritatea f\u0103r\u0103 egal cu MEGA 360 Imaging de la Boats Expert. MEGA 360 Imaging ofer\u0103 un ax de 50 de inch, oferind o vedere complet\u0103 la 360 de grade pentru identificarea precis\u0103 a pe\u0219tilor \u0219i structurilor. Indiferent dac\u0103 naviga\u021bi \u00een apele din Rom\u00e2nia sau explora\u021bi altundeva, acest traductor \u0219i adaptor pentru b\u0103rci asigur\u0103 capturarea vivid\u0103 a fiec\u0103rui detaliu.<\/p>\n<p>MEGA 360 Imaging ofer\u0103 o privire detaliat\u0103 asupra substratului \u00eenconjur\u0103tor, permi\u021b\u00e2ndu-v\u0103 s\u0103 identifica\u021bi pe\u0219tii \u0219i caracteristicile subacvatice f\u0103r\u0103 efort. Cu op\u021biuni de montare personalizabile, inclusiv posibilitatea de a alege configurarea preferat\u0103 a traductorului \u0219i a adaptorului, ave\u021bi flexibilitatea de a v\u0103 optimiza experien\u021ba de pescuit conform preferin\u021belor dumneavoastr\u0103.<\/p>\n","protected":false},"featured_media":30972,"comment_status":"open","ping_status":"closed","template":"","meta":{"_acf_changed":false,"inline_featured_image":false},"product_brand":[],"product_cat":[89],"product_tag":[],"class_list":{"0":"post-30970","1":"product","2":"type-product","3":"status-publish","4":"has-post-thumbnail","6":"product_cat-humminbird-ro","7":"tt-post","9":"first","10":"instock","11":"shipping-taxable","12":"purchasable","13":"product-type-simple"},"acf":[],"yoast_head":"<!-- This site is optimized with the Yoast SEO plugin v27.4 - https:\/\/yoast.com\/product\/yoast-seo-wordpress\/ -->\n<title>Transductor MEGA 360 Imaging - Fara Suport de Montaj<\/title>\n<meta name=\"description\" content=\"MEGA 360 Imaging de la Boats Expert. Modelul F\u0103r\u0103 Montur\u0103 ofer\u0103 o vedere la 360 de grade, perfect\u0103 pentru detectarea precis\u0103 a pe\u0219tilor \u0219i a structurilor. | Livrare in Europa | Romani\" \/>\n<meta name=\"robots\" content=\"index, follow, max-snippet:-1, max-image-preview:large, max-video-preview:-1\" \/>\n<link rel=\"canonical\" href=\"https:\/\/boat-demo.axiomprotocol.org\/ro\/produs\/transductor-mega-360-imaging-fara-suport-de-montaj\/\" \/>\n<meta property=\"og:locale\" content=\"ro_RO\" \/>\n<meta property=\"og:type\" content=\"article\" \/>\n<meta property=\"og:title\" content=\"Transductor MEGA 360 Imaging - Fara Suport de Montaj\" \/>\n<meta property=\"og:description\" content=\"MEGA 360 Imaging de la Boats Expert. Modelul F\u0103r\u0103 Montur\u0103 ofer\u0103 o vedere la 360 de grade, perfect\u0103 pentru detectarea precis\u0103 a pe\u0219tilor \u0219i a structurilor. | Livrare in Europa | Romani\" \/>\n<meta property=\"og:url\" content=\"https:\/\/boat-demo.axiomprotocol.org\/ro\/produs\/transductor-mega-360-imaging-fara-suport-de-montaj\/\" \/>\n<meta property=\"og:site_name\" content=\"BoatsExpert\" \/>\n<meta property=\"article:modified_time\" content=\"2024-04-10T07:50:56+00:00\" \/>\n<meta property=\"og:image\" content=\"https:\/\/boat-demo.axiomprotocol.org\/wp-content\/uploads\/2024\/04\/HB_411580-1_MEGA_360_Transducer_No_Mount.jpg\" \/>\n\t<meta property=\"og:image:width\" content=\"555\" \/>\n\t<meta property=\"og:image:height\" content=\"478\" \/>\n\t<meta property=\"og:image:type\" content=\"image\/jpeg\" \/>\n<meta name=\"twitter:card\" content=\"summary_large_image\" \/>\n<meta name=\"twitter:label1\" content=\"Timp estimat pentru citire\" \/>\n\t<meta name=\"twitter:data1\" content=\"1 minut\" \/>\n<script type=\"application\/ld+json\" class=\"yoast-schema-graph\">{\"@context\":\"https:\\\/\\\/schema.org\",\"@graph\":[{\"@type\":\"WebPage\",\"@id\":\"https:\\\/\\\/boat-demo.axiomprotocol.org\\\/ro\\\/produs\\\/transductor-mega-360-imaging-fara-suport-de-montaj\\\/\",\"url\":\"https:\\\/\\\/boat-demo.axiomprotocol.org\\\/ro\\\/produs\\\/transductor-mega-360-imaging-fara-suport-de-montaj\\\/\",\"name\":\"Transductor MEGA 360 Imaging - Fara Suport de Montaj\",\"isPartOf\":{\"@id\":\"https:\\\/\\\/boat-demo.axiomprotocol.org\\\/ro\\\/#website\"},\"primaryImageOfPage\":{\"@id\":\"https:\\\/\\\/boat-demo.axiomprotocol.org\\\/ro\\\/produs\\\/transductor-mega-360-imaging-fara-suport-de-montaj\\\/#primaryimage\"},\"image\":{\"@id\":\"https:\\\/\\\/boat-demo.axiomprotocol.org\\\/ro\\\/produs\\\/transductor-mega-360-imaging-fara-suport-de-montaj\\\/#primaryimage\"},\"thumbnailUrl\":\"https:\\\/\\\/boat-demo.axiomprotocol.org\\\/wp-content\\\/uploads\\\/2024\\\/04\\\/HB_411580-1_MEGA_360_Transducer_No_Mount.jpg\",\"datePublished\":\"2024-04-05T10:16:18+00:00\",\"dateModified\":\"2024-04-10T07:50:56+00:00\",\"description\":\"MEGA 360 Imaging de la Boats Expert. Modelul F\u0103r\u0103 Montur\u0103 ofer\u0103 o vedere la 360 de grade, perfect\u0103 pentru detectarea precis\u0103 a pe\u0219tilor \u0219i a structurilor. | Livrare in Europa | Romani\",\"breadcrumb\":{\"@id\":\"https:\\\/\\\/boat-demo.axiomprotocol.org\\\/ro\\\/produs\\\/transductor-mega-360-imaging-fara-suport-de-montaj\\\/#breadcrumb\"},\"inLanguage\":\"ro-RO\",\"potentialAction\":[{\"@type\":\"ReadAction\",\"target\":[\"https:\\\/\\\/boat-demo.axiomprotocol.org\\\/ro\\\/produs\\\/transductor-mega-360-imaging-fara-suport-de-montaj\\\/\"]}]},{\"@type\":\"ImageObject\",\"inLanguage\":\"ro-RO\",\"@id\":\"https:\\\/\\\/boat-demo.axiomprotocol.org\\\/ro\\\/produs\\\/transductor-mega-360-imaging-fara-suport-de-montaj\\\/#primaryimage\",\"url\":\"https:\\\/\\\/boat-demo.axiomprotocol.org\\\/wp-content\\\/uploads\\\/2024\\\/04\\\/HB_411580-1_MEGA_360_Transducer_No_Mount.jpg\",\"contentUrl\":\"https:\\\/\\\/boat-demo.axiomprotocol.org\\\/wp-content\\\/uploads\\\/2024\\\/04\\\/HB_411580-1_MEGA_360_Transducer_No_Mount.jpg\",\"width\":555,\"height\":478,\"caption\":\"Mega 360 no mount\"},{\"@type\":\"BreadcrumbList\",\"@id\":\"https:\\\/\\\/boat-demo.axiomprotocol.org\\\/ro\\\/produs\\\/transductor-mega-360-imaging-fara-suport-de-montaj\\\/#breadcrumb\",\"itemListElement\":[{\"@type\":\"ListItem\",\"position\":1,\"name\":\"Home\",\"item\":\"https:\\\/\\\/boat-demo.axiomprotocol.org\\\/\"},{\"@type\":\"ListItem\",\"position\":2,\"name\":\"Shop Online &#8211; cel mai bun magazin pentru echipamente pentru b\u0103rci\",\"item\":\"https:\\\/\\\/boat-demo.axiomprotocol.org\\\/ro\\\/shop-ro\\\/\"},{\"@type\":\"ListItem\",\"position\":3,\"name\":\"Transductor MEGA 360 Imaging &#8211; Fara Suport de Montaj\"}]},{\"@type\":\"WebSite\",\"@id\":\"https:\\\/\\\/boat-demo.axiomprotocol.org\\\/ro\\\/#website\",\"url\":\"https:\\\/\\\/boat-demo.axiomprotocol.org\\\/ro\\\/\",\"name\":\"BoatsExpert\",\"description\":\"Boats, Service, Equipment\",\"publisher\":{\"@id\":\"https:\\\/\\\/boat-demo.axiomprotocol.org\\\/ro\\\/#organization\"},\"potentialAction\":[{\"@type\":\"SearchAction\",\"target\":{\"@type\":\"EntryPoint\",\"urlTemplate\":\"https:\\\/\\\/boat-demo.axiomprotocol.org\\\/ro\\\/?s={search_term_string}\"},\"query-input\":{\"@type\":\"PropertyValueSpecification\",\"valueRequired\":true,\"valueName\":\"search_term_string\"}}],\"inLanguage\":\"ro-RO\"},{\"@type\":\"Organization\",\"@id\":\"https:\\\/\\\/boat-demo.axiomprotocol.org\\\/ro\\\/#organization\",\"name\":\"BoatsExpert\",\"url\":\"https:\\\/\\\/boat-demo.axiomprotocol.org\\\/ro\\\/\",\"logo\":{\"@type\":\"ImageObject\",\"inLanguage\":\"ro-RO\",\"@id\":\"https:\\\/\\\/boat-demo.axiomprotocol.org\\\/ro\\\/#\\\/schema\\\/logo\\\/image\\\/\",\"url\":\"https:\\\/\\\/boat-demo.axiomprotocol.org\\\/wp-content\\\/uploads\\\/2023\\\/05\\\/white-logo60.svg\",\"contentUrl\":\"https:\\\/\\\/boat-demo.axiomprotocol.org\\\/wp-content\\\/uploads\\\/2023\\\/05\\\/white-logo60.svg\",\"width\":90,\"height\":60,\"caption\":\"BoatsExpert\"},\"image\":{\"@id\":\"https:\\\/\\\/boat-demo.axiomprotocol.org\\\/ro\\\/#\\\/schema\\\/logo\\\/image\\\/\"}}]}<\/script>\n<!-- \/ Yoast SEO plugin. -->","yoast_head_json":{"title":"Transductor MEGA 360 Imaging - Fara Suport de Montaj","description":"MEGA 360 Imaging de la Boats Expert. Modelul F\u0103r\u0103 Montur\u0103 ofer\u0103 o vedere la 360 de grade, perfect\u0103 pentru detectarea precis\u0103 a pe\u0219tilor \u0219i a structurilor. | Livrare in Europa | Romani","robots":{"index":"index","follow":"follow","max-snippet":"max-snippet:-1","max-image-preview":"max-image-preview:large","max-video-preview":"max-video-preview:-1"},"canonical":"https:\/\/boat-demo.axiomprotocol.org\/ro\/produs\/transductor-mega-360-imaging-fara-suport-de-montaj\/","og_locale":"ro_RO","og_type":"article","og_title":"Transductor MEGA 360 Imaging - Fara Suport de Montaj","og_description":"MEGA 360 Imaging de la Boats Expert. Modelul F\u0103r\u0103 Montur\u0103 ofer\u0103 o vedere la 360 de grade, perfect\u0103 pentru detectarea precis\u0103 a pe\u0219tilor \u0219i a structurilor. | Livrare in Europa | Romani","og_url":"https:\/\/boat-demo.axiomprotocol.org\/ro\/produs\/transductor-mega-360-imaging-fara-suport-de-montaj\/","og_site_name":"BoatsExpert","article_modified_time":"2024-04-10T07:50:56+00:00","og_image":[{"width":555,"height":478,"url":"https:\/\/boat-demo.axiomprotocol.org\/wp-content\/uploads\/2024\/04\/HB_411580-1_MEGA_360_Transducer_No_Mount.jpg","type":"image\/jpeg"}],"twitter_card":"summary_large_image","twitter_misc":{"Timp estimat pentru citire":"1 minut"},"schema":{"@context":"https:\/\/schema.org","@graph":[{"@type":"WebPage","@id":"https:\/\/boat-demo.axiomprotocol.org\/ro\/produs\/transductor-mega-360-imaging-fara-suport-de-montaj\/","url":"https:\/\/boat-demo.axiomprotocol.org\/ro\/produs\/transductor-mega-360-imaging-fara-suport-de-montaj\/","name":"Transductor MEGA 360 Imaging - Fara Suport de Montaj","isPartOf":{"@id":"https:\/\/boat-demo.axiomprotocol.org\/ro\/#website"},"primaryImageOfPage":{"@id":"https:\/\/boat-demo.axiomprotocol.org\/ro\/produs\/transductor-mega-360-imaging-fara-suport-de-montaj\/#primaryimage"},"image":{"@id":"https:\/\/boat-demo.axiomprotocol.org\/ro\/produs\/transductor-mega-360-imaging-fara-suport-de-montaj\/#primaryimage"},"thumbnailUrl":"https:\/\/boat-demo.axiomprotocol.org\/wp-content\/uploads\/2024\/04\/HB_411580-1_MEGA_360_Transducer_No_Mount.jpg","datePublished":"2024-04-05T10:16:18+00:00","dateModified":"2024-04-10T07:50:56+00:00","description":"MEGA 360 Imaging de la Boats Expert. Modelul F\u0103r\u0103 Montur\u0103 ofer\u0103 o vedere la 360 de grade, perfect\u0103 pentru detectarea precis\u0103 a pe\u0219tilor \u0219i a structurilor. | Livrare in Europa | Romani","breadcrumb":{"@id":"https:\/\/boat-demo.axiomprotocol.org\/ro\/produs\/transductor-mega-360-imaging-fara-suport-de-montaj\/#breadcrumb"},"inLanguage":"ro-RO","potentialAction":[{"@type":"ReadAction","target":["https:\/\/boat-demo.axiomprotocol.org\/ro\/produs\/transductor-mega-360-imaging-fara-suport-de-montaj\/"]}]},{"@type":"ImageObject","inLanguage":"ro-RO","@id":"https:\/\/boat-demo.axiomprotocol.org\/ro\/produs\/transductor-mega-360-imaging-fara-suport-de-montaj\/#primaryimage","url":"https:\/\/boat-demo.axiomprotocol.org\/wp-content\/uploads\/2024\/04\/HB_411580-1_MEGA_360_Transducer_No_Mount.jpg","contentUrl":"https:\/\/boat-demo.axiomprotocol.org\/wp-content\/uploads\/2024\/04\/HB_411580-1_MEGA_360_Transducer_No_Mount.jpg","width":555,"height":478,"caption":"Mega 360 no mount"},{"@type":"BreadcrumbList","@id":"https:\/\/boat-demo.axiomprotocol.org\/ro\/produs\/transductor-mega-360-imaging-fara-suport-de-montaj\/#breadcrumb","itemListElement":[{"@type":"ListItem","position":1,"name":"Home","item":"https:\/\/boat-demo.axiomprotocol.org\/"},{"@type":"ListItem","position":2,"name":"Shop Online &#8211; cel mai bun magazin pentru echipamente pentru b\u0103rci","item":"https:\/\/boat-demo.axiomprotocol.org\/ro\/shop-ro\/"},{"@type":"ListItem","position":3,"name":"Transductor MEGA 360 Imaging &#8211; Fara Suport de Montaj"}]},{"@type":"WebSite","@id":"https:\/\/boat-demo.axiomprotocol.org\/ro\/#website","url":"https:\/\/boat-demo.axiomprotocol.org\/ro\/","name":"BoatsExpert","description":"Boats, Service, Equipment","publisher":{"@id":"https:\/\/boat-demo.axiomprotocol.org\/ro\/#organization"},"potentialAction":[{"@type":"SearchAction","target":{"@type":"EntryPoint","urlTemplate":"https:\/\/boat-demo.axiomprotocol.org\/ro\/?s={search_term_string}"},"query-input":{"@type":"PropertyValueSpecification","valueRequired":true,"valueName":"search_term_string"}}],"inLanguage":"ro-RO"},{"@type":"Organization","@id":"https:\/\/boat-demo.axiomprotocol.org\/ro\/#organization","name":"BoatsExpert","url":"https:\/\/boat-demo.axiomprotocol.org\/ro\/","logo":{"@type":"ImageObject","inLanguage":"ro-RO","@id":"https:\/\/boat-demo.axiomprotocol.org\/ro\/#\/schema\/logo\/image\/","url":"https:\/\/boat-demo.axiomprotocol.org\/wp-content\/uploads\/2023\/05\/white-logo60.svg","contentUrl":"https:\/\/boat-demo.axiomprotocol.org\/wp-content\/uploads\/2023\/05\/white-logo60.svg","width":90,"height":60,"caption":"BoatsExpert"},"image":{"@id":"https:\/\/boat-demo.axiomprotocol.org\/ro\/#\/schema\/logo\/image\/"}}]}},"_links":{"self":[{"href":"https:\/\/boat-demo.axiomprotocol.org\/ro\/wp-json\/wp\/v2\/product\/30970","targetHints":{"allow":["GET"]}}],"collection":[{"href":"https:\/\/boat-demo.axiomprotocol.org\/ro\/wp-json\/wp\/v2\/product"}],"about":[{"href":"https:\/\/boat-demo.axiomprotocol.org\/ro\/wp-json\/wp\/v2\/types\/product"}],"replies":[{"embeddable":true,"href":"https:\/\/boat-demo.axiomprotocol.org\/ro\/wp-json\/wp\/v2\/comments?post=30970"}],"version-history":[{"count":12,"href":"https:\/\/boat-demo.axiomprotocol.org\/ro\/wp-json\/wp\/v2\/product\/30970\/revisions"}],"predecessor-version":[{"id":31190,"href":"https:\/\/boat-demo.axiomprotocol.org\/ro\/wp-json\/wp\/v2\/product\/30970\/revisions\/31190"}],"wp:featuredmedia":[{"embeddable":true,"href":"https:\/\/boat-demo.axiomprotocol.org\/ro\/wp-json\/wp\/v2\/media\/30972"}],"wp:attachment":[{"href":"https:\/\/boat-demo.axiomprotocol.org\/ro\/wp-json\/wp\/v2\/media?parent=30970"}],"wp:term":[{"taxonomy":"product_brand","embeddable":true,"href":"https:\/\/boat-demo.axiomprotocol.org\/ro\/wp-json\/wp\/v2\/product_brand?post=30970"},{"taxonomy":"product_cat","embeddable":true,"href":"https:\/\/boat-demo.axiomprotocol.org\/ro\/wp-json\/wp\/v2\/product_cat?post=30970"},{"taxonomy":"product_tag","embeddable":true,"href":"https:\/\/boat-demo.axiomprotocol.org\/ro\/wp-json\/wp\/v2\/product_tag?post=30970"}],"curies":[{"name":"wp","href":"https:\/\/api.w.org\/{rel}","templated":true}]}}