{"id":30601,"date":"2024-03-27T14:40:33","date_gmt":"2024-03-27T11:40:33","guid":{"rendered":"https:\/\/boat-demo.axiomprotocol.org\/?post_type=product&#038;p=30601"},"modified":"2024-03-29T14:51:29","modified_gmt":"2024-03-29T11:51:29","slug":"motor-termic-yamaha-v-max-sho-90hp-xa-lan-b-64-cm","status":"publish","type":"product","link":"https:\/\/boat-demo.axiomprotocol.org\/ro\/produs\/motor-termic-yamaha-v-max-sho-90hp-xa-lan-b-64-cm\/","title":{"rendered":"Motor termic Yamaha V MAX SHO 90HP \/ X \/ LAN B \/ 64 cm"},"content":{"rendered":"\t\t<div data-elementor-type=\"wp-post\" data-elementor-id=\"30601\" class=\"elementor elementor-30601 elementor-30600\">\n\t\t\t\t\t\t<section class=\"elementor-section elementor-top-section elementor-element elementor-element-ea4941c elementor-section-boxed elementor-section-height-default elementor-section-height-default\" data-id=\"ea4941c\" data-element_type=\"section\" data-e-type=\"section\">\n\t\t\t\t\t\t<div class=\"elementor-container elementor-column-gap-default\">\n\t\t\t\t\t<div class=\"elementor-column elementor-col-100 elementor-top-column elementor-element elementor-element-55888e2\" data-id=\"55888e2\" data-element_type=\"column\" data-e-type=\"column\">\n\t\t\t<div class=\"elementor-widget-wrap elementor-element-populated\">\n\t\t\t\t\t\t<div class=\"elementor-element elementor-element-95906a5 elementor-widget elementor-widget-text-editor\" data-id=\"95906a5\" data-element_type=\"widget\" data-e-type=\"widget\" data-widget_type=\"text-editor.default\">\n\t\t\t\t<div class=\"elementor-widget-container\">\n\t\t\t\t\t\t\t\t\t<h6>Motor<\/h6><table style=\"width: 100%\"><tbody><tr><td><strong>Tip motor<\/strong><\/td><td>4-timpi<\/td><\/tr><tr><td><strong>Capacitate cilindric\u0103<\/strong><\/td><td>1.832 cc<\/td><\/tr><tr><td><strong>No. de cilindri\/configura\u021bie<\/strong><\/td><td>4\/in-line, 16-valve, SOHC<\/td><\/tr><tr><td><strong>Alezaj x Curs\u0103<\/strong><\/td><td>81.0 x 88.9 mm<\/td><\/tr><tr><td><strong>Randament al axului elicei la limit\u0103 medie<\/strong><\/td><td>66.2 kW \/ 90 HP<\/td><\/tr><tr><td><strong>Limit\u0103 de operare complet\u0103 al acceleratorului<\/strong><\/td><td>5,000-6,000 r\/min<\/td><\/tr><tr><td><strong>Sistem de ungere<\/strong><\/td><td>Wet sump<\/td><\/tr><tr><td><strong>Sistem de alimentare cu combustibil<\/strong><\/td><td>EFI<\/td><\/tr><tr><td><strong>Sistem de aprindere\/ avans<\/strong><\/td><td>TCI<\/td><\/tr><tr><td><strong>Sistem pornire<\/strong><\/td><td>Electric with prime start\u2122<\/td><\/tr><tr><td><strong>Raport demultiplicare<\/strong><\/td><td>2.33 (28\/12)<\/td><\/tr><\/tbody><\/table>\t\t\t\t\t\t\t\t<\/div>\n\t\t\t\t<\/div>\n\t\t\t\t\t<\/div>\n\t\t<\/div>\n\t\t\t\t\t<\/div>\n\t\t<\/section>\n\t\t\t\t<section class=\"elementor-section elementor-top-section elementor-element elementor-element-347bb06 elementor-section-boxed elementor-section-height-default elementor-section-height-default\" data-id=\"347bb06\" data-element_type=\"section\" data-e-type=\"section\">\n\t\t\t\t\t\t<div class=\"elementor-container elementor-column-gap-default\">\n\t\t\t\t\t<div class=\"elementor-column elementor-col-100 elementor-top-column elementor-element elementor-element-40ea16e\" data-id=\"40ea16e\" data-element_type=\"column\" data-e-type=\"column\">\n\t\t\t<div class=\"elementor-widget-wrap elementor-element-populated\">\n\t\t\t\t\t\t<div class=\"elementor-element elementor-element-e3c6572 elementor-widget elementor-widget-text-editor\" data-id=\"e3c6572\" data-element_type=\"widget\" data-e-type=\"widget\" data-widget_type=\"text-editor.default\">\n\t\t\t\t<div class=\"elementor-widget-container\">\n\t\t\t\t\t\t\t\t\t<h6>Dimensiuni<\/h6><table style=\"width: 100%\"><tbody><tr><td><strong>\u00cenal\u021bime recomandat\u0103 a traversei b\u0103rcii<\/strong><\/td><td>L: 516 mm \/ X: 643 mm<\/td><\/tr><tr><td><strong>Capacitatea rezervorului de ulei<\/strong><\/td><td>3.2 L \/ 3.0 L<\/td><\/tr><tr><td><strong>Greutate f\u0103r\u0103 elice<\/strong><\/td><td>162kg &#8211; 166kg<\/td><\/tr><\/tbody><\/table><h6>\u00a0<\/h6>\t\t\t\t\t\t\t\t<\/div>\n\t\t\t\t<\/div>\n\t\t\t\t\t<\/div>\n\t\t<\/div>\n\t\t\t\t\t<\/div>\n\t\t<\/section>\n\t\t\t\t<section class=\"elementor-section elementor-top-section elementor-element elementor-element-2b055e2 elementor-section-boxed elementor-section-height-default elementor-section-height-default\" data-id=\"2b055e2\" data-element_type=\"section\" data-e-type=\"section\">\n\t\t\t\t\t\t<div class=\"elementor-container elementor-column-gap-default\">\n\t\t\t\t\t<div class=\"elementor-column elementor-col-100 elementor-top-column elementor-element elementor-element-747bd04\" data-id=\"747bd04\" data-element_type=\"column\" data-e-type=\"column\">\n\t\t\t<div class=\"elementor-widget-wrap elementor-element-populated\">\n\t\t\t\t\t\t<div class=\"elementor-element elementor-element-dd41530 elementor-widget elementor-widget-text-editor\" data-id=\"dd41530\" data-element_type=\"widget\" data-e-type=\"widget\" data-widget_type=\"text-editor.default\">\n\t\t\t\t<div class=\"elementor-widget-container\">\n\t\t\t\t\t\t\t\t\t<h6>Caracteristici suplimentare<\/h6><table style=\"width: 100%\"><tbody><tr><td><strong>Control<\/strong><\/td><td>Telecomand\u0103<\/td><\/tr><tr><td><strong>Metod\u0103 asiet\u0103 &amp; \u00eenclinare<\/strong><\/td><td>Power trim &amp; tilt<\/td><\/tr><tr><td><strong>Tambur de induc\u021bie \/ Alternator<\/strong><\/td><td>12 V \u2013 35A w. redresor \/ regulator<\/td><\/tr><tr><td><strong>Imobilizator motor<\/strong><\/td><td>YCOP optional<\/td><\/tr><tr><td><strong>Elice<\/strong><\/td><td>Op\u021bional<\/td><\/tr><tr><td><strong>Cu tura\u021bie variabil\u0103 RPM<\/strong><\/td><td>Cu DN Gauges\u00a0<\/td><\/tr><tr><td><strong>Shallow Water Drive<\/strong><\/td><td>Standard<\/td><\/tr><tr><td><strong>Tilt limitter<\/strong><\/td><td>Op\u021bional<\/td><\/tr><tr><td><strong>Digital Network Gauge (6Y8\/6YC)<\/strong><\/td><td>Standart<\/td><\/tr><tr><td><strong>Shift Dampener System (SDS)<\/strong><\/td><td>Op\u021bional<\/td><\/tr><\/tbody><\/table><h6>\u00a0<\/h6>\t\t\t\t\t\t\t\t<\/div>\n\t\t\t\t<\/div>\n\t\t\t\t\t<\/div>\n\t\t<\/div>\n\t\t\t\t\t<\/div>\n\t\t<\/section>\n\t\t\t\t<\/div>\n\t\t","protected":false},"excerpt":{"rendered":"<p>&nbsp;<\/p>\n<p><strong>Motor termic Yamaha V MAX SHO 90HP \/ X \/ LAN B \/ 64 cm <\/strong><\/p>\n<div class=\"flex-1 overflow-hidden\">\n<div class=\"react-scroll-to-bottom--css-pjmhr-79elbk h-full dark:bg-gray-800\">\n<div class=\"react-scroll-to-bottom--css-pjmhr-1n7m0yu\">\n<div class=\"flex flex-col text-sm dark:bg-gray-800\">\n<div class=\"group w-full text-token-text-primary border-b border-black\/10 dark:border-gray-900\/50 bg-gray-50 dark:bg-[#444654]\" data-testid=\"conversation-turn-439\">\n<div class=\"p-4 justify-center text-base md:gap-6 md:py-6 m-auto\">\n<div class=\"flex flex-1 gap-4 text-base mx-auto md:gap-6 md:max-w-2xl lg:max-w-[38rem] xl:max-w-3xl }\">\n<div class=\"relative flex w-[calc(100%-50px)] flex-col gap-1 md:gap-3 lg:w-[calc(100%-115px)]\">\n<div class=\"flex flex-grow flex-col gap-3 max-w-full\">\n<div class=\"min-h-[20px] flex flex-col items-start gap-3 overflow-x-auto whitespace-pre-wrap break-words\">\n<div class=\"markdown prose w-full break-words dark:prose-invert light\">\n<p>Descoper\u0103 motorul exterior Yamaha, cu designul s\u0103u simplificat \u0219i grafica V MAX agresiv\u0103, elegant\u0103, care ascunde caracteristici tehnologice avansate. Acest motor inovator vine echipat cu o configura\u021bie de motor cu came superioare duble \u0219i 16 supape, distribu\u021bie variabil\u0103 a arborelui cu came \u0219i injec\u021bie electronic\u0103 de combustibil, oferind o accelera\u021bie incredibil\u0103 \u0219i o vitez\u0103 maxim\u0103 de top.<\/p>\n<p>Practic \u0219i eficient, acest motor Yamaha nu este doar un produs obi\u0219nuit. Beneficiaz\u0103 de un alternator trifazic puternic (35 A), furniz\u00e2nd suficient\u0103 energie pentru a alimenta toate echipamentele electronice de la bord. Chiar \u0219i la viteza de deplasare, acest motor ofer\u0103 energie pentru \u00eenc\u0103rcarea bateriilor, asigur\u00e2ndu-te c\u0103 nu vei r\u0103m\u00e2ne niciodat\u0103 f\u0103r\u0103 energie \u00een mijlocul aventurilor tale pe ap\u0103.<\/p>\n<\/div>\n<\/div>\n<\/div>\n<\/div>\n<\/div>\n<\/div>\n<\/div>\n<\/div>\n<\/div>\n<\/div>\n<\/div>\n","protected":false},"featured_media":30585,"comment_status":"open","ping_status":"closed","template":"","meta":{"_acf_changed":false,"inline_featured_image":false},"product_brand":[],"product_cat":[112,94],"product_tag":[],"class_list":{"0":"post-30601","1":"product","2":"type-product","3":"status-publish","4":"has-post-thumbnail","6":"product_cat-motoare-termice-ro","7":"product_cat-yamaha-outboard-ro","8":"tt-post","10":"first","11":"instock","12":"shipping-taxable","13":"purchasable","14":"product-type-simple"},"acf":[],"yoast_head":"<!-- This site is optimized with the Yoast SEO plugin v27.4 - https:\/\/yoast.com\/product\/yoast-seo-wordpress\/ -->\n<title>Motor termic Yamaha V MAX SHO 90HP \/ X \/ LAN B \/ 64 cm - BoatsExpert<\/title>\n<meta name=\"description\" content=\"Romania | Motoare termice Yamaha pentru b\u0103rci de la Boats Expert cu livrare \u00een toat\u0103 tara. Garantare, instalare la cel mai bun pret.\" \/>\n<meta name=\"robots\" content=\"index, follow, max-snippet:-1, max-image-preview:large, max-video-preview:-1\" \/>\n<link rel=\"canonical\" href=\"https:\/\/boat-demo.axiomprotocol.org\/ro\/produs\/motor-termic-yamaha-v-max-sho-90hp-xa-lan-b-64-cm\/\" \/>\n<meta property=\"og:locale\" content=\"ro_RO\" \/>\n<meta property=\"og:type\" content=\"article\" \/>\n<meta property=\"og:title\" content=\"Motor termic Yamaha V MAX SHO 90HP \/ X \/ LAN B \/ 64 cm - BoatsExpert\" \/>\n<meta property=\"og:description\" content=\"Romania | Motoare termice Yamaha pentru b\u0103rci de la Boats Expert cu livrare \u00een toat\u0103 tara. Garantare, instalare la cel mai bun pret.\" \/>\n<meta property=\"og:url\" content=\"https:\/\/boat-demo.axiomprotocol.org\/ro\/produs\/motor-termic-yamaha-v-max-sho-90hp-xa-lan-b-64-cm\/\" \/>\n<meta property=\"og:site_name\" content=\"BoatsExpert\" \/>\n<meta property=\"article:modified_time\" content=\"2024-03-29T11:51:29+00:00\" \/>\n<meta property=\"og:image\" content=\"https:\/\/boat-demo.axiomprotocol.org\/wp-content\/uploads\/2024\/03\/2024-Yamaha-VF90LA-EU-Black-Studio-001-03.jpg\" \/>\n\t<meta property=\"og:image:width\" content=\"555\" \/>\n\t<meta property=\"og:image:height\" content=\"478\" \/>\n\t<meta property=\"og:image:type\" content=\"image\/jpeg\" \/>\n<meta name=\"twitter:card\" content=\"summary_large_image\" \/>\n<meta name=\"twitter:label1\" content=\"Timp estimat pentru citire\" \/>\n\t<meta name=\"twitter:data1\" content=\"1 minut\" \/>\n<script type=\"application\/ld+json\" class=\"yoast-schema-graph\">{\"@context\":\"https:\\\/\\\/schema.org\",\"@graph\":[{\"@type\":\"WebPage\",\"@id\":\"https:\\\/\\\/boat-demo.axiomprotocol.org\\\/ro\\\/produs\\\/motor-termic-yamaha-v-max-sho-90hp-xa-lan-b-64-cm\\\/\",\"url\":\"https:\\\/\\\/boat-demo.axiomprotocol.org\\\/ro\\\/produs\\\/motor-termic-yamaha-v-max-sho-90hp-xa-lan-b-64-cm\\\/\",\"name\":\"Motor termic Yamaha V MAX SHO 90HP \\\/ X \\\/ LAN B \\\/ 64 cm - BoatsExpert\",\"isPartOf\":{\"@id\":\"https:\\\/\\\/boat-demo.axiomprotocol.org\\\/ro\\\/#website\"},\"primaryImageOfPage\":{\"@id\":\"https:\\\/\\\/boat-demo.axiomprotocol.org\\\/ro\\\/produs\\\/motor-termic-yamaha-v-max-sho-90hp-xa-lan-b-64-cm\\\/#primaryimage\"},\"image\":{\"@id\":\"https:\\\/\\\/boat-demo.axiomprotocol.org\\\/ro\\\/produs\\\/motor-termic-yamaha-v-max-sho-90hp-xa-lan-b-64-cm\\\/#primaryimage\"},\"thumbnailUrl\":\"https:\\\/\\\/boat-demo.axiomprotocol.org\\\/wp-content\\\/uploads\\\/2024\\\/03\\\/2024-Yamaha-VF90LA-EU-Black-Studio-001-03.jpg\",\"datePublished\":\"2024-03-27T11:40:33+00:00\",\"dateModified\":\"2024-03-29T11:51:29+00:00\",\"description\":\"Romania | Motoare termice Yamaha pentru b\u0103rci de la Boats Expert cu livrare \u00een toat\u0103 tara. Garantare, instalare la cel mai bun pret.\",\"breadcrumb\":{\"@id\":\"https:\\\/\\\/boat-demo.axiomprotocol.org\\\/ro\\\/produs\\\/motor-termic-yamaha-v-max-sho-90hp-xa-lan-b-64-cm\\\/#breadcrumb\"},\"inLanguage\":\"ro-RO\",\"potentialAction\":[{\"@type\":\"ReadAction\",\"target\":[\"https:\\\/\\\/boat-demo.axiomprotocol.org\\\/ro\\\/produs\\\/motor-termic-yamaha-v-max-sho-90hp-xa-lan-b-64-cm\\\/\"]}]},{\"@type\":\"ImageObject\",\"inLanguage\":\"ro-RO\",\"@id\":\"https:\\\/\\\/boat-demo.axiomprotocol.org\\\/ro\\\/produs\\\/motor-termic-yamaha-v-max-sho-90hp-xa-lan-b-64-cm\\\/#primaryimage\",\"url\":\"https:\\\/\\\/boat-demo.axiomprotocol.org\\\/wp-content\\\/uploads\\\/2024\\\/03\\\/2024-Yamaha-VF90LA-EU-Black-Studio-001-03.jpg\",\"contentUrl\":\"https:\\\/\\\/boat-demo.axiomprotocol.org\\\/wp-content\\\/uploads\\\/2024\\\/03\\\/2024-Yamaha-VF90LA-EU-Black-Studio-001-03.jpg\",\"width\":555,\"height\":478,\"caption\":\"Yamaha-VF90LA\"},{\"@type\":\"BreadcrumbList\",\"@id\":\"https:\\\/\\\/boat-demo.axiomprotocol.org\\\/ro\\\/produs\\\/motor-termic-yamaha-v-max-sho-90hp-xa-lan-b-64-cm\\\/#breadcrumb\",\"itemListElement\":[{\"@type\":\"ListItem\",\"position\":1,\"name\":\"Home\",\"item\":\"https:\\\/\\\/boat-demo.axiomprotocol.org\\\/\"},{\"@type\":\"ListItem\",\"position\":2,\"name\":\"Shop Online &#8211; cel mai bun magazin pentru echipamente pentru b\u0103rci\",\"item\":\"https:\\\/\\\/boat-demo.axiomprotocol.org\\\/ro\\\/shop-ro\\\/\"},{\"@type\":\"ListItem\",\"position\":3,\"name\":\"Motor termic Yamaha V MAX SHO 90HP \\\/ X \\\/ LAN B \\\/ 64 cm\"}]},{\"@type\":\"WebSite\",\"@id\":\"https:\\\/\\\/boat-demo.axiomprotocol.org\\\/ro\\\/#website\",\"url\":\"https:\\\/\\\/boat-demo.axiomprotocol.org\\\/ro\\\/\",\"name\":\"BoatsExpert\",\"description\":\"Boats, Service, Equipment\",\"publisher\":{\"@id\":\"https:\\\/\\\/boat-demo.axiomprotocol.org\\\/ro\\\/#organization\"},\"potentialAction\":[{\"@type\":\"SearchAction\",\"target\":{\"@type\":\"EntryPoint\",\"urlTemplate\":\"https:\\\/\\\/boat-demo.axiomprotocol.org\\\/ro\\\/?s={search_term_string}\"},\"query-input\":{\"@type\":\"PropertyValueSpecification\",\"valueRequired\":true,\"valueName\":\"search_term_string\"}}],\"inLanguage\":\"ro-RO\"},{\"@type\":\"Organization\",\"@id\":\"https:\\\/\\\/boat-demo.axiomprotocol.org\\\/ro\\\/#organization\",\"name\":\"BoatsExpert\",\"url\":\"https:\\\/\\\/boat-demo.axiomprotocol.org\\\/ro\\\/\",\"logo\":{\"@type\":\"ImageObject\",\"inLanguage\":\"ro-RO\",\"@id\":\"https:\\\/\\\/boat-demo.axiomprotocol.org\\\/ro\\\/#\\\/schema\\\/logo\\\/image\\\/\",\"url\":\"https:\\\/\\\/boat-demo.axiomprotocol.org\\\/wp-content\\\/uploads\\\/2023\\\/05\\\/white-logo60.svg\",\"contentUrl\":\"https:\\\/\\\/boat-demo.axiomprotocol.org\\\/wp-content\\\/uploads\\\/2023\\\/05\\\/white-logo60.svg\",\"width\":90,\"height\":60,\"caption\":\"BoatsExpert\"},\"image\":{\"@id\":\"https:\\\/\\\/boat-demo.axiomprotocol.org\\\/ro\\\/#\\\/schema\\\/logo\\\/image\\\/\"}}]}<\/script>\n<!-- \/ Yoast SEO plugin. -->","yoast_head_json":{"title":"Motor termic Yamaha V MAX SHO 90HP \/ X \/ LAN B \/ 64 cm - BoatsExpert","description":"Romania | Motoare termice Yamaha pentru b\u0103rci de la Boats Expert cu livrare \u00een toat\u0103 tara. Garantare, instalare la cel mai bun pret.","robots":{"index":"index","follow":"follow","max-snippet":"max-snippet:-1","max-image-preview":"max-image-preview:large","max-video-preview":"max-video-preview:-1"},"canonical":"https:\/\/boat-demo.axiomprotocol.org\/ro\/produs\/motor-termic-yamaha-v-max-sho-90hp-xa-lan-b-64-cm\/","og_locale":"ro_RO","og_type":"article","og_title":"Motor termic Yamaha V MAX SHO 90HP \/ X \/ LAN B \/ 64 cm - BoatsExpert","og_description":"Romania | Motoare termice Yamaha pentru b\u0103rci de la Boats Expert cu livrare \u00een toat\u0103 tara. Garantare, instalare la cel mai bun pret.","og_url":"https:\/\/boat-demo.axiomprotocol.org\/ro\/produs\/motor-termic-yamaha-v-max-sho-90hp-xa-lan-b-64-cm\/","og_site_name":"BoatsExpert","article_modified_time":"2024-03-29T11:51:29+00:00","og_image":[{"width":555,"height":478,"url":"https:\/\/boat-demo.axiomprotocol.org\/wp-content\/uploads\/2024\/03\/2024-Yamaha-VF90LA-EU-Black-Studio-001-03.jpg","type":"image\/jpeg"}],"twitter_card":"summary_large_image","twitter_misc":{"Timp estimat pentru citire":"1 minut"},"schema":{"@context":"https:\/\/schema.org","@graph":[{"@type":"WebPage","@id":"https:\/\/boat-demo.axiomprotocol.org\/ro\/produs\/motor-termic-yamaha-v-max-sho-90hp-xa-lan-b-64-cm\/","url":"https:\/\/boat-demo.axiomprotocol.org\/ro\/produs\/motor-termic-yamaha-v-max-sho-90hp-xa-lan-b-64-cm\/","name":"Motor termic Yamaha V MAX SHO 90HP \/ X \/ LAN B \/ 64 cm - BoatsExpert","isPartOf":{"@id":"https:\/\/boat-demo.axiomprotocol.org\/ro\/#website"},"primaryImageOfPage":{"@id":"https:\/\/boat-demo.axiomprotocol.org\/ro\/produs\/motor-termic-yamaha-v-max-sho-90hp-xa-lan-b-64-cm\/#primaryimage"},"image":{"@id":"https:\/\/boat-demo.axiomprotocol.org\/ro\/produs\/motor-termic-yamaha-v-max-sho-90hp-xa-lan-b-64-cm\/#primaryimage"},"thumbnailUrl":"https:\/\/boat-demo.axiomprotocol.org\/wp-content\/uploads\/2024\/03\/2024-Yamaha-VF90LA-EU-Black-Studio-001-03.jpg","datePublished":"2024-03-27T11:40:33+00:00","dateModified":"2024-03-29T11:51:29+00:00","description":"Romania | Motoare termice Yamaha pentru b\u0103rci de la Boats Expert cu livrare \u00een toat\u0103 tara. Garantare, instalare la cel mai bun pret.","breadcrumb":{"@id":"https:\/\/boat-demo.axiomprotocol.org\/ro\/produs\/motor-termic-yamaha-v-max-sho-90hp-xa-lan-b-64-cm\/#breadcrumb"},"inLanguage":"ro-RO","potentialAction":[{"@type":"ReadAction","target":["https:\/\/boat-demo.axiomprotocol.org\/ro\/produs\/motor-termic-yamaha-v-max-sho-90hp-xa-lan-b-64-cm\/"]}]},{"@type":"ImageObject","inLanguage":"ro-RO","@id":"https:\/\/boat-demo.axiomprotocol.org\/ro\/produs\/motor-termic-yamaha-v-max-sho-90hp-xa-lan-b-64-cm\/#primaryimage","url":"https:\/\/boat-demo.axiomprotocol.org\/wp-content\/uploads\/2024\/03\/2024-Yamaha-VF90LA-EU-Black-Studio-001-03.jpg","contentUrl":"https:\/\/boat-demo.axiomprotocol.org\/wp-content\/uploads\/2024\/03\/2024-Yamaha-VF90LA-EU-Black-Studio-001-03.jpg","width":555,"height":478,"caption":"Yamaha-VF90LA"},{"@type":"BreadcrumbList","@id":"https:\/\/boat-demo.axiomprotocol.org\/ro\/produs\/motor-termic-yamaha-v-max-sho-90hp-xa-lan-b-64-cm\/#breadcrumb","itemListElement":[{"@type":"ListItem","position":1,"name":"Home","item":"https:\/\/boat-demo.axiomprotocol.org\/"},{"@type":"ListItem","position":2,"name":"Shop Online &#8211; cel mai bun magazin pentru echipamente pentru b\u0103rci","item":"https:\/\/boat-demo.axiomprotocol.org\/ro\/shop-ro\/"},{"@type":"ListItem","position":3,"name":"Motor termic Yamaha V MAX SHO 90HP \/ X \/ LAN B \/ 64 cm"}]},{"@type":"WebSite","@id":"https:\/\/boat-demo.axiomprotocol.org\/ro\/#website","url":"https:\/\/boat-demo.axiomprotocol.org\/ro\/","name":"BoatsExpert","description":"Boats, Service, Equipment","publisher":{"@id":"https:\/\/boat-demo.axiomprotocol.org\/ro\/#organization"},"potentialAction":[{"@type":"SearchAction","target":{"@type":"EntryPoint","urlTemplate":"https:\/\/boat-demo.axiomprotocol.org\/ro\/?s={search_term_string}"},"query-input":{"@type":"PropertyValueSpecification","valueRequired":true,"valueName":"search_term_string"}}],"inLanguage":"ro-RO"},{"@type":"Organization","@id":"https:\/\/boat-demo.axiomprotocol.org\/ro\/#organization","name":"BoatsExpert","url":"https:\/\/boat-demo.axiomprotocol.org\/ro\/","logo":{"@type":"ImageObject","inLanguage":"ro-RO","@id":"https:\/\/boat-demo.axiomprotocol.org\/ro\/#\/schema\/logo\/image\/","url":"https:\/\/boat-demo.axiomprotocol.org\/wp-content\/uploads\/2023\/05\/white-logo60.svg","contentUrl":"https:\/\/boat-demo.axiomprotocol.org\/wp-content\/uploads\/2023\/05\/white-logo60.svg","width":90,"height":60,"caption":"BoatsExpert"},"image":{"@id":"https:\/\/boat-demo.axiomprotocol.org\/ro\/#\/schema\/logo\/image\/"}}]}},"_links":{"self":[{"href":"https:\/\/boat-demo.axiomprotocol.org\/ro\/wp-json\/wp\/v2\/product\/30601","targetHints":{"allow":["GET"]}}],"collection":[{"href":"https:\/\/boat-demo.axiomprotocol.org\/ro\/wp-json\/wp\/v2\/product"}],"about":[{"href":"https:\/\/boat-demo.axiomprotocol.org\/ro\/wp-json\/wp\/v2\/types\/product"}],"replies":[{"embeddable":true,"href":"https:\/\/boat-demo.axiomprotocol.org\/ro\/wp-json\/wp\/v2\/comments?post=30601"}],"version-history":[{"count":3,"href":"https:\/\/boat-demo.axiomprotocol.org\/ro\/wp-json\/wp\/v2\/product\/30601\/revisions"}],"predecessor-version":[{"id":30913,"href":"https:\/\/boat-demo.axiomprotocol.org\/ro\/wp-json\/wp\/v2\/product\/30601\/revisions\/30913"}],"wp:featuredmedia":[{"embeddable":true,"href":"https:\/\/boat-demo.axiomprotocol.org\/ro\/wp-json\/wp\/v2\/media\/30585"}],"wp:attachment":[{"href":"https:\/\/boat-demo.axiomprotocol.org\/ro\/wp-json\/wp\/v2\/media?parent=30601"}],"wp:term":[{"taxonomy":"product_brand","embeddable":true,"href":"https:\/\/boat-demo.axiomprotocol.org\/ro\/wp-json\/wp\/v2\/product_brand?post=30601"},{"taxonomy":"product_cat","embeddable":true,"href":"https:\/\/boat-demo.axiomprotocol.org\/ro\/wp-json\/wp\/v2\/product_cat?post=30601"},{"taxonomy":"product_tag","embeddable":true,"href":"https:\/\/boat-demo.axiomprotocol.org\/ro\/wp-json\/wp\/v2\/product_tag?post=30601"}],"curies":[{"name":"wp","href":"https:\/\/api.w.org\/{rel}","templated":true}]}}