{"id":30146,"date":"2024-03-20T12:54:47","date_gmt":"2024-03-20T09:54:47","guid":{"rendered":"https:\/\/boat-demo.axiomprotocol.org\/?post_type=product&#038;p=30146"},"modified":"2024-03-22T15:04:41","modified_gmt":"2024-03-22T12:04:41","slug":"ancora-minn-kota-raptor-de-apa-mica-pana-la-adancimi-de-24-m-negru","status":"publish","type":"product","link":"https:\/\/boat-demo.axiomprotocol.org\/ro\/produs\/ancora-minn-kota-raptor-de-apa-mica-pana-la-adancimi-de-24-m-negru\/","title":{"rendered":"Ancora Minn Kota Raptor de apa mica \/ pana la adancimi de 2,4 m \/ negru"},"content":{"rendered":"\t\t<div data-elementor-type=\"wp-post\" data-elementor-id=\"30146\" class=\"elementor elementor-30146 elementor-30145\">\n\t\t\t\t\t\t<section class=\"elementor-section elementor-top-section elementor-element elementor-element-9605acf elementor-section-boxed elementor-section-height-default elementor-section-height-default\" data-id=\"9605acf\" data-element_type=\"section\" data-e-type=\"section\">\n\t\t\t\t\t\t<div class=\"elementor-container elementor-column-gap-default\">\n\t\t\t\t\t<div class=\"elementor-column elementor-col-100 elementor-top-column elementor-element elementor-element-8a9a826\" data-id=\"8a9a826\" data-element_type=\"column\" data-e-type=\"column\">\n\t\t\t<div class=\"elementor-widget-wrap elementor-element-populated\">\n\t\t\t\t\t\t<div class=\"elementor-element elementor-element-a0cb3d1 elementor-widget elementor-widget-heading\" data-id=\"a0cb3d1\" data-element_type=\"widget\" data-e-type=\"widget\" data-widget_type=\"heading.default\">\n\t\t\t\t<div class=\"elementor-widget-container\">\n\t\t\t\t\t<h5 class=\"elementor-heading-title elementor-size-default\">Caracteristici<\/h5>\t\t\t\t<\/div>\n\t\t\t\t<\/div>\n\t\t\t\t\t<\/div>\n\t\t<\/div>\n\t\t\t\t\t<\/div>\n\t\t<\/section>\n\t\t\t\t<section class=\"elementor-section elementor-top-section elementor-element elementor-element-280cafd elementor-section-boxed elementor-section-height-default elementor-section-height-default\" data-id=\"280cafd\" data-element_type=\"section\" data-e-type=\"section\">\n\t\t\t\t\t\t<div class=\"elementor-container elementor-column-gap-default\">\n\t\t\t\t\t<div class=\"elementor-column elementor-col-50 elementor-top-column elementor-element elementor-element-c5739d1\" data-id=\"c5739d1\" data-element_type=\"column\" data-e-type=\"column\">\n\t\t\t<div class=\"elementor-widget-wrap elementor-element-populated\">\n\t\t\t\t\t\t<div class=\"elementor-element elementor-element-f9dda1a elementor-widget elementor-widget-text-editor\" data-id=\"f9dda1a\" data-element_type=\"widget\" data-e-type=\"widget\" data-widget_type=\"text-editor.default\">\n\t\t\t\t<div class=\"elementor-widget-container\">\n\t\t\t\t\t\t\t\t\t<table class=\"table\" data-striping=\"1\"><tbody><tr class=\"expanded\"><td>Model<\/td><td>Raptor 8 ft. &#8211; Black<\/td><\/tr><tr class=\"expanded\"><td>Cod Produs<\/td><td>1810620<\/td><\/tr><tr class=\"expanded\"><td>UPC<\/td><td>0029402048021<\/td><\/tr><tr class=\"expanded\"><td>Greutate produs<\/td><td><div class=\"product--variation-field--variation_field_productweight__41191\">41 lb<\/div><\/td><\/tr><tr class=\"expanded\"><td>Greutate pe tranzom<\/td><td>24.5 lb<\/td><\/tr><tr class=\"expanded\"><td>Dimensiune produs<\/td><td>12 in x 4.75 in x 58 in | 30.48 cm x 12.06 cm x 147.32 cm<\/td><\/tr><tr class=\"expanded\"><td>Ad\u00e2ncime ancorare<\/td><td>8 ft (2,4 m )<\/td><\/tr><tr class=\"expanded\"><td>Operare<\/td><td>Hidraulic\u0103<\/td><\/tr><\/tbody><\/table>\t\t\t\t\t\t\t\t<\/div>\n\t\t\t\t<\/div>\n\t\t\t\t\t<\/div>\n\t\t<\/div>\n\t\t\t\t<div class=\"elementor-column elementor-col-50 elementor-top-column elementor-element elementor-element-248c5b9\" data-id=\"248c5b9\" data-element_type=\"column\" data-e-type=\"column\">\n\t\t\t<div class=\"elementor-widget-wrap elementor-element-populated\">\n\t\t\t\t\t\t<div class=\"elementor-element elementor-element-abbb618 elementor-widget elementor-widget-text-editor\" data-id=\"abbb618\" data-element_type=\"widget\" data-e-type=\"widget\" data-widget_type=\"text-editor.default\">\n\t\t\t\t<div class=\"elementor-widget-container\">\n\t\t\t\t\t\t\t\t\t<table class=\"table\" data-striping=\"1\"><tbody><tr class=\"expanded\"><td>Ancorare activ\u0103<\/td><td>Da<\/td><\/tr><tr class=\"expanded\"><td>Desf\u0103\u0219urare<\/td><td>Four-Bar Articulating Arm<\/td><\/tr><tr class=\"expanded\"><td>Automatizare Sus\/Jos\u00a0<\/td><td>Da<\/td><\/tr><tr class=\"hidden expanded\"><td>Suspensie Flotant\u0103 \u00cencorporat\u0103<\/td><td>Nu<\/td><\/tr><tr class=\"hidden expanded\"><td>Telecomand\u0103 Wireless\u00a0<\/td><td>1<\/td><\/tr><tr class=\"hidden expanded\"><td>Notificare desf\u0103\u0219urare<\/td><td>Nu<\/td><\/tr><tr class=\"hidden expanded\"><td>Indicare desf\u0103\u0219urare cu LED-uri<\/td><td>Nu<\/td><\/tr><tr class=\"hidden expanded\"><td>Garan\u021bie<\/td><td>5 ani<\/td><\/tr><\/tbody><\/table>\t\t\t\t\t\t\t\t<\/div>\n\t\t\t\t<\/div>\n\t\t\t\t\t<\/div>\n\t\t<\/div>\n\t\t\t\t\t<\/div>\n\t\t<\/section>\n\t\t\t\t<section class=\"elementor-section elementor-top-section elementor-element elementor-element-12354d7 elementor-section-boxed elementor-section-height-default elementor-section-height-default\" data-id=\"12354d7\" data-element_type=\"section\" data-e-type=\"section\">\n\t\t\t\t\t\t<div class=\"elementor-container elementor-column-gap-default\">\n\t\t\t\t\t<div class=\"elementor-column elementor-col-100 elementor-top-column elementor-element elementor-element-e81000d\" data-id=\"e81000d\" data-element_type=\"column\" data-e-type=\"column\">\n\t\t\t<div class=\"elementor-widget-wrap elementor-element-populated\">\n\t\t\t\t\t\t<div class=\"elementor-element elementor-element-10036f6 elementor-widget elementor-widget-spacer\" data-id=\"10036f6\" data-element_type=\"widget\" data-e-type=\"widget\" data-widget_type=\"spacer.default\">\n\t\t\t\t<div class=\"elementor-widget-container\">\n\t\t\t\t\t\t\t<div class=\"elementor-spacer\">\n\t\t\t<div class=\"elementor-spacer-inner\"><\/div>\n\t\t<\/div>\n\t\t\t\t\t\t<\/div>\n\t\t\t\t<\/div>\n\t\t\t\t<div class=\"elementor-element elementor-element-f3c19f6 elementor-widget elementor-widget-heading\" data-id=\"f3c19f6\" data-element_type=\"widget\" data-e-type=\"widget\" data-widget_type=\"heading.default\">\n\t\t\t\t<div class=\"elementor-widget-container\">\n\t\t\t\t\t<h5 class=\"elementor-heading-title elementor-size-default\">Caracteristici principale<\/h5>\t\t\t\t<\/div>\n\t\t\t\t<\/div>\n\t\t\t\t\t<\/div>\n\t\t<\/div>\n\t\t\t\t\t<\/div>\n\t\t<\/section>\n\t\t\t\t<section class=\"elementor-section elementor-top-section elementor-element elementor-element-5ee294a elementor-section-boxed elementor-section-height-default elementor-section-height-default\" data-id=\"5ee294a\" data-element_type=\"section\" data-e-type=\"section\">\n\t\t\t\t\t\t<div class=\"elementor-container elementor-column-gap-default\">\n\t\t\t\t\t<div class=\"elementor-column elementor-col-100 elementor-top-column elementor-element elementor-element-f7c7fe2\" data-id=\"f7c7fe2\" data-element_type=\"column\" data-e-type=\"column\">\n\t\t\t<div class=\"elementor-widget-wrap elementor-element-populated\">\n\t\t\t\t\t\t<div class=\"elementor-element elementor-element-090fcb3 elementor-widget elementor-widget-text-editor\" data-id=\"090fcb3\" data-element_type=\"widget\" data-e-type=\"widget\" data-widget_type=\"text-editor.default\">\n\t\t\t\t<div class=\"elementor-widget-container\">\n\t\t\t\t\t\t\t\t\t<p>Ancorare Activ\u0103: Aceast\u0103 tehnologie revolu\u021bionar\u0103 de ancorare monitorizeaz\u0103 continuu for\u021ba de ancorare \u0219i se ajusteaz\u0103 pentru a v\u0103 men\u021bine fixat la fundul apei.<\/p><p>Mod Automat de Fund: Pe modelele echipate cu Ancorare Activ\u0103, acest mod de ancorare detecteaz\u0103 automat compozi\u021bia \u0219i duritatea fundului pentru a livra \u00een mod automat cantitatea corect\u0103 de for\u021b\u0103 de ancorare de fiecare dat\u0103.<\/p><p>Design Durabil: Un profil mai lat, puncte pivot cu arm\u0103turi puternice \u0219i un design din aluminiu extrudat vor men\u021bine Raptorul pe ap\u0103 \u00een cele mai aspre condi\u021bii.<\/p><p>For\u021ba de Retrac\u021bie: Am proiectat Raptorul cu o for\u021b\u0103 de retrac\u021bie crescut\u0103 pentru a asigura \u00eendep\u0103rtarea v\u00e2rfului \u00een toate condi\u021biile de fund.<\/p><p>Op\u021biuni Multiple de Control: Controla\u021bi Raptorul de oriunde de pe barc\u0103 folosind alegerea dvs. de op\u021biuni: Telecomand\u0103 Wireless, Comutator cu Picior, Telecomand\u0103 i-Pilot sau i-Pilot Link, Aplica\u021bia Mobil\u0103 One-Boat Network sau direct de pe ecranul Humminbird fish finder.<\/p><p>Modele de Ancorare Selectabile de Utilizator: Modele separate de ancorare pentru Ap\u0103 Agitat\u0103 (v\u00e2nt puternic \u0219i valuri), Fund Moale (fund m\u00e2los sau nisipos), standard (ancorare normal\u0103), \u0219i Mod Automat de Fund pe modelele echipate cu Ancorare Activ\u0103, care livreaz\u0103 automat for\u021ba de ancorare ideal\u0103 prin detectarea durit\u0103\u021bii fundului.<\/p><p>V\u00e2rf de Ancorare Indestructibil: V\u00e2rf de ancorare compozit puternic \u0219i flexibil, sus\u021binut de o garan\u021bie pe via\u021b\u0103.<\/p><p>Automatizare Sus\/Jos: lansati sau retrage\u021bi automat Raptorul dvs. cu o singur\u0103 ap\u0103sare de buton; nu este necesar s\u0103 \u021bine\u021bi butonul ap\u0103sat.<\/p><p>Inginerie Durabil\u0103 \u00een Mediu S\u0103rat: Men\u021bine Raptorul \u00een siguran\u021b\u0103 \u00eempotriva efectelor corozive ale apei s\u0103rate.<\/p><p>Ancorele de ap\u0103 mic\u0103 Raptor cu \u0219i f\u0103r\u0103 ancorare activ\u0103 nu pot fi cuplate \u00eentre ele.<\/p>\t\t\t\t\t\t\t\t<\/div>\n\t\t\t\t<\/div>\n\t\t\t\t\t<\/div>\n\t\t<\/div>\n\t\t\t\t\t<\/div>\n\t\t<\/section>\n\t\t\t\t<\/div>\n\t\t","protected":false},"excerpt":{"rendered":"<p>&nbsp;<\/p>\n<p>Ancora Minn Kota Raptor de ap\u0103 mic\u0103 \/ 8 ft \/ negru<\/p>\n<p>V\u0103 prezint\u0103m Raptor, v\u00e2rful fiabilit\u0103\u021bii \u00een solu\u021biile de ancorare pentru b\u0103rci. Proiectat de Minn Kota pentru b\u0103rci, Raptor se eviden\u021biaz\u0103 ca un exemplu de performan\u021b\u0103 de neegalat, mai ales \u00een condi\u021bii dificile. Indiferent dac\u0103 v\u0103 confrunta\u021bi cu ape agitate sau terenuri variate, Raptor continu\u0103 s\u0103 func\u021bioneze neobosit pentru a v\u0103 asigura c\u0103 ambarca\u021biunea r\u0103m\u00e2ne \u00een siguran\u021b\u0103.<\/p>\n<p>Cu for\u021ba de retrac\u021bie \u00eembun\u0103t\u0103\u021bit\u0103, v\u00e2rful lui Raptor se desprinde cu u\u0219urin\u021b\u0103 din noroi, nisip \u0219i roc\u0103, garant\u00e2nd o experien\u021b\u0103 de ancorare f\u0103r\u0103 probleme de fiecare dat\u0103 c\u00e2nd este folosit. Aceast\u0103 ancor\u0103 hidraulic\u0103 demonstreaz\u0103 durabilitatea legendara Minn Kota combinat\u0103 cu tehnologia de ancorare de ultim\u0103 genera\u021bie, f\u0103c\u00e2nd din Raptor epitomul puterii de ancorare neobosite.<\/p>\n","protected":false},"featured_media":30104,"comment_status":"open","ping_status":"closed","template":"","meta":{"_acf_changed":false,"inline_featured_image":false},"product_brand":[],"product_cat":[87],"product_tag":[],"class_list":{"0":"post-30146","1":"product","2":"type-product","3":"status-publish","4":"has-post-thumbnail","6":"product_cat-minn-kota-ro","7":"tt-post","9":"first","10":"instock","11":"shipping-taxable","12":"purchasable","13":"product-type-simple"},"acf":[],"yoast_head":"<!-- This site is optimized with the Yoast SEO plugin v27.4 - https:\/\/yoast.com\/product\/yoast-seo-wordpress\/ -->\n<title>Ancora Minn Kota Raptor de apa mica \/ pana la adancimi de 2,4 m \/ negru<\/title>\n<meta name=\"description\" content=\"Romania | Ancore Minn Kota Raptor pentru b\u0103rci de la Boats Expert cu livrare \u00een toat\u0103 tara. Garantare, instalare la cel mai bun pret.\" \/>\n<meta name=\"robots\" content=\"index, follow, max-snippet:-1, max-image-preview:large, max-video-preview:-1\" \/>\n<link rel=\"canonical\" href=\"https:\/\/boat-demo.axiomprotocol.org\/ro\/produs\/ancora-minn-kota-raptor-de-apa-mica-pana-la-adancimi-de-24-m-negru\/\" \/>\n<meta property=\"og:locale\" content=\"ro_RO\" \/>\n<meta property=\"og:type\" content=\"article\" \/>\n<meta property=\"og:title\" content=\"Ancora Minn Kota Raptor de apa mica \/ pana la adancimi de 2,4 m \/ negru\" \/>\n<meta property=\"og:description\" content=\"Romania | Ancore Minn Kota Raptor pentru b\u0103rci de la Boats Expert cu livrare \u00een toat\u0103 tara. Garantare, instalare la cel mai bun pret.\" \/>\n<meta property=\"og:url\" content=\"https:\/\/boat-demo.axiomprotocol.org\/ro\/produs\/ancora-minn-kota-raptor-de-apa-mica-pana-la-adancimi-de-24-m-negru\/\" \/>\n<meta property=\"og:site_name\" content=\"BoatsExpert\" \/>\n<meta property=\"article:modified_time\" content=\"2024-03-22T12:04:41+00:00\" \/>\n<meta property=\"og:image\" content=\"https:\/\/boat-demo.axiomprotocol.org\/wp-content\/uploads\/2024\/03\/MK_Raptor_Black_3q.jpg\" \/>\n\t<meta property=\"og:image:width\" content=\"555\" \/>\n\t<meta property=\"og:image:height\" content=\"478\" \/>\n\t<meta property=\"og:image:type\" content=\"image\/jpeg\" \/>\n<meta name=\"twitter:card\" content=\"summary_large_image\" \/>\n<meta name=\"twitter:label1\" content=\"Timp estimat pentru citire\" \/>\n\t<meta name=\"twitter:data1\" content=\"2 minute\" \/>\n<script type=\"application\/ld+json\" class=\"yoast-schema-graph\">{\"@context\":\"https:\\\/\\\/schema.org\",\"@graph\":[{\"@type\":\"WebPage\",\"@id\":\"https:\\\/\\\/boat-demo.axiomprotocol.org\\\/ro\\\/produs\\\/ancora-minn-kota-raptor-de-apa-mica-pana-la-adancimi-de-24-m-negru\\\/\",\"url\":\"https:\\\/\\\/boat-demo.axiomprotocol.org\\\/ro\\\/produs\\\/ancora-minn-kota-raptor-de-apa-mica-pana-la-adancimi-de-24-m-negru\\\/\",\"name\":\"Ancora Minn Kota Raptor de apa mica \\\/ pana la adancimi de 2,4 m \\\/ negru\",\"isPartOf\":{\"@id\":\"https:\\\/\\\/boat-demo.axiomprotocol.org\\\/ro\\\/#website\"},\"primaryImageOfPage\":{\"@id\":\"https:\\\/\\\/boat-demo.axiomprotocol.org\\\/ro\\\/produs\\\/ancora-minn-kota-raptor-de-apa-mica-pana-la-adancimi-de-24-m-negru\\\/#primaryimage\"},\"image\":{\"@id\":\"https:\\\/\\\/boat-demo.axiomprotocol.org\\\/ro\\\/produs\\\/ancora-minn-kota-raptor-de-apa-mica-pana-la-adancimi-de-24-m-negru\\\/#primaryimage\"},\"thumbnailUrl\":\"https:\\\/\\\/boat-demo.axiomprotocol.org\\\/wp-content\\\/uploads\\\/2024\\\/03\\\/MK_Raptor_Black_3q.jpg\",\"datePublished\":\"2024-03-20T09:54:47+00:00\",\"dateModified\":\"2024-03-22T12:04:41+00:00\",\"description\":\"Romania | Ancore Minn Kota Raptor pentru b\u0103rci de la Boats Expert cu livrare \u00een toat\u0103 tara. Garantare, instalare la cel mai bun pret.\",\"breadcrumb\":{\"@id\":\"https:\\\/\\\/boat-demo.axiomprotocol.org\\\/ro\\\/produs\\\/ancora-minn-kota-raptor-de-apa-mica-pana-la-adancimi-de-24-m-negru\\\/#breadcrumb\"},\"inLanguage\":\"ro-RO\",\"potentialAction\":[{\"@type\":\"ReadAction\",\"target\":[\"https:\\\/\\\/boat-demo.axiomprotocol.org\\\/ro\\\/produs\\\/ancora-minn-kota-raptor-de-apa-mica-pana-la-adancimi-de-24-m-negru\\\/\"]}]},{\"@type\":\"ImageObject\",\"inLanguage\":\"ro-RO\",\"@id\":\"https:\\\/\\\/boat-demo.axiomprotocol.org\\\/ro\\\/produs\\\/ancora-minn-kota-raptor-de-apa-mica-pana-la-adancimi-de-24-m-negru\\\/#primaryimage\",\"url\":\"https:\\\/\\\/boat-demo.axiomprotocol.org\\\/wp-content\\\/uploads\\\/2024\\\/03\\\/MK_Raptor_Black_3q.jpg\",\"contentUrl\":\"https:\\\/\\\/boat-demo.axiomprotocol.org\\\/wp-content\\\/uploads\\\/2024\\\/03\\\/MK_Raptor_Black_3q.jpg\",\"width\":555,\"height\":478,\"caption\":\"MK Raptor_Black_3q\"},{\"@type\":\"BreadcrumbList\",\"@id\":\"https:\\\/\\\/boat-demo.axiomprotocol.org\\\/ro\\\/produs\\\/ancora-minn-kota-raptor-de-apa-mica-pana-la-adancimi-de-24-m-negru\\\/#breadcrumb\",\"itemListElement\":[{\"@type\":\"ListItem\",\"position\":1,\"name\":\"Home\",\"item\":\"https:\\\/\\\/boat-demo.axiomprotocol.org\\\/\"},{\"@type\":\"ListItem\",\"position\":2,\"name\":\"Shop Online &#8211; cel mai bun magazin pentru echipamente pentru b\u0103rci\",\"item\":\"https:\\\/\\\/boat-demo.axiomprotocol.org\\\/ro\\\/shop-ro\\\/\"},{\"@type\":\"ListItem\",\"position\":3,\"name\":\"Ancora Minn Kota Raptor de apa mica \\\/ pana la adancimi de 2,4 m \\\/ negru\"}]},{\"@type\":\"WebSite\",\"@id\":\"https:\\\/\\\/boat-demo.axiomprotocol.org\\\/ro\\\/#website\",\"url\":\"https:\\\/\\\/boat-demo.axiomprotocol.org\\\/ro\\\/\",\"name\":\"BoatsExpert\",\"description\":\"Boats, Service, Equipment\",\"publisher\":{\"@id\":\"https:\\\/\\\/boat-demo.axiomprotocol.org\\\/ro\\\/#organization\"},\"potentialAction\":[{\"@type\":\"SearchAction\",\"target\":{\"@type\":\"EntryPoint\",\"urlTemplate\":\"https:\\\/\\\/boat-demo.axiomprotocol.org\\\/ro\\\/?s={search_term_string}\"},\"query-input\":{\"@type\":\"PropertyValueSpecification\",\"valueRequired\":true,\"valueName\":\"search_term_string\"}}],\"inLanguage\":\"ro-RO\"},{\"@type\":\"Organization\",\"@id\":\"https:\\\/\\\/boat-demo.axiomprotocol.org\\\/ro\\\/#organization\",\"name\":\"BoatsExpert\",\"url\":\"https:\\\/\\\/boat-demo.axiomprotocol.org\\\/ro\\\/\",\"logo\":{\"@type\":\"ImageObject\",\"inLanguage\":\"ro-RO\",\"@id\":\"https:\\\/\\\/boat-demo.axiomprotocol.org\\\/ro\\\/#\\\/schema\\\/logo\\\/image\\\/\",\"url\":\"https:\\\/\\\/boat-demo.axiomprotocol.org\\\/wp-content\\\/uploads\\\/2023\\\/05\\\/white-logo60.svg\",\"contentUrl\":\"https:\\\/\\\/boat-demo.axiomprotocol.org\\\/wp-content\\\/uploads\\\/2023\\\/05\\\/white-logo60.svg\",\"width\":90,\"height\":60,\"caption\":\"BoatsExpert\"},\"image\":{\"@id\":\"https:\\\/\\\/boat-demo.axiomprotocol.org\\\/ro\\\/#\\\/schema\\\/logo\\\/image\\\/\"}}]}<\/script>\n<!-- \/ Yoast SEO plugin. -->","yoast_head_json":{"title":"Ancora Minn Kota Raptor de apa mica \/ pana la adancimi de 2,4 m \/ negru","description":"Romania | Ancore Minn Kota Raptor pentru b\u0103rci de la Boats Expert cu livrare \u00een toat\u0103 tara. Garantare, instalare la cel mai bun pret.","robots":{"index":"index","follow":"follow","max-snippet":"max-snippet:-1","max-image-preview":"max-image-preview:large","max-video-preview":"max-video-preview:-1"},"canonical":"https:\/\/boat-demo.axiomprotocol.org\/ro\/produs\/ancora-minn-kota-raptor-de-apa-mica-pana-la-adancimi-de-24-m-negru\/","og_locale":"ro_RO","og_type":"article","og_title":"Ancora Minn Kota Raptor de apa mica \/ pana la adancimi de 2,4 m \/ negru","og_description":"Romania | Ancore Minn Kota Raptor pentru b\u0103rci de la Boats Expert cu livrare \u00een toat\u0103 tara. Garantare, instalare la cel mai bun pret.","og_url":"https:\/\/boat-demo.axiomprotocol.org\/ro\/produs\/ancora-minn-kota-raptor-de-apa-mica-pana-la-adancimi-de-24-m-negru\/","og_site_name":"BoatsExpert","article_modified_time":"2024-03-22T12:04:41+00:00","og_image":[{"width":555,"height":478,"url":"https:\/\/boat-demo.axiomprotocol.org\/wp-content\/uploads\/2024\/03\/MK_Raptor_Black_3q.jpg","type":"image\/jpeg"}],"twitter_card":"summary_large_image","twitter_misc":{"Timp estimat pentru citire":"2 minute"},"schema":{"@context":"https:\/\/schema.org","@graph":[{"@type":"WebPage","@id":"https:\/\/boat-demo.axiomprotocol.org\/ro\/produs\/ancora-minn-kota-raptor-de-apa-mica-pana-la-adancimi-de-24-m-negru\/","url":"https:\/\/boat-demo.axiomprotocol.org\/ro\/produs\/ancora-minn-kota-raptor-de-apa-mica-pana-la-adancimi-de-24-m-negru\/","name":"Ancora Minn Kota Raptor de apa mica \/ pana la adancimi de 2,4 m \/ negru","isPartOf":{"@id":"https:\/\/boat-demo.axiomprotocol.org\/ro\/#website"},"primaryImageOfPage":{"@id":"https:\/\/boat-demo.axiomprotocol.org\/ro\/produs\/ancora-minn-kota-raptor-de-apa-mica-pana-la-adancimi-de-24-m-negru\/#primaryimage"},"image":{"@id":"https:\/\/boat-demo.axiomprotocol.org\/ro\/produs\/ancora-minn-kota-raptor-de-apa-mica-pana-la-adancimi-de-24-m-negru\/#primaryimage"},"thumbnailUrl":"https:\/\/boat-demo.axiomprotocol.org\/wp-content\/uploads\/2024\/03\/MK_Raptor_Black_3q.jpg","datePublished":"2024-03-20T09:54:47+00:00","dateModified":"2024-03-22T12:04:41+00:00","description":"Romania | Ancore Minn Kota Raptor pentru b\u0103rci de la Boats Expert cu livrare \u00een toat\u0103 tara. Garantare, instalare la cel mai bun pret.","breadcrumb":{"@id":"https:\/\/boat-demo.axiomprotocol.org\/ro\/produs\/ancora-minn-kota-raptor-de-apa-mica-pana-la-adancimi-de-24-m-negru\/#breadcrumb"},"inLanguage":"ro-RO","potentialAction":[{"@type":"ReadAction","target":["https:\/\/boat-demo.axiomprotocol.org\/ro\/produs\/ancora-minn-kota-raptor-de-apa-mica-pana-la-adancimi-de-24-m-negru\/"]}]},{"@type":"ImageObject","inLanguage":"ro-RO","@id":"https:\/\/boat-demo.axiomprotocol.org\/ro\/produs\/ancora-minn-kota-raptor-de-apa-mica-pana-la-adancimi-de-24-m-negru\/#primaryimage","url":"https:\/\/boat-demo.axiomprotocol.org\/wp-content\/uploads\/2024\/03\/MK_Raptor_Black_3q.jpg","contentUrl":"https:\/\/boat-demo.axiomprotocol.org\/wp-content\/uploads\/2024\/03\/MK_Raptor_Black_3q.jpg","width":555,"height":478,"caption":"MK Raptor_Black_3q"},{"@type":"BreadcrumbList","@id":"https:\/\/boat-demo.axiomprotocol.org\/ro\/produs\/ancora-minn-kota-raptor-de-apa-mica-pana-la-adancimi-de-24-m-negru\/#breadcrumb","itemListElement":[{"@type":"ListItem","position":1,"name":"Home","item":"https:\/\/boat-demo.axiomprotocol.org\/"},{"@type":"ListItem","position":2,"name":"Shop Online &#8211; cel mai bun magazin pentru echipamente pentru b\u0103rci","item":"https:\/\/boat-demo.axiomprotocol.org\/ro\/shop-ro\/"},{"@type":"ListItem","position":3,"name":"Ancora Minn Kota Raptor de apa mica \/ pana la adancimi de 2,4 m \/ negru"}]},{"@type":"WebSite","@id":"https:\/\/boat-demo.axiomprotocol.org\/ro\/#website","url":"https:\/\/boat-demo.axiomprotocol.org\/ro\/","name":"BoatsExpert","description":"Boats, Service, Equipment","publisher":{"@id":"https:\/\/boat-demo.axiomprotocol.org\/ro\/#organization"},"potentialAction":[{"@type":"SearchAction","target":{"@type":"EntryPoint","urlTemplate":"https:\/\/boat-demo.axiomprotocol.org\/ro\/?s={search_term_string}"},"query-input":{"@type":"PropertyValueSpecification","valueRequired":true,"valueName":"search_term_string"}}],"inLanguage":"ro-RO"},{"@type":"Organization","@id":"https:\/\/boat-demo.axiomprotocol.org\/ro\/#organization","name":"BoatsExpert","url":"https:\/\/boat-demo.axiomprotocol.org\/ro\/","logo":{"@type":"ImageObject","inLanguage":"ro-RO","@id":"https:\/\/boat-demo.axiomprotocol.org\/ro\/#\/schema\/logo\/image\/","url":"https:\/\/boat-demo.axiomprotocol.org\/wp-content\/uploads\/2023\/05\/white-logo60.svg","contentUrl":"https:\/\/boat-demo.axiomprotocol.org\/wp-content\/uploads\/2023\/05\/white-logo60.svg","width":90,"height":60,"caption":"BoatsExpert"},"image":{"@id":"https:\/\/boat-demo.axiomprotocol.org\/ro\/#\/schema\/logo\/image\/"}}]}},"_links":{"self":[{"href":"https:\/\/boat-demo.axiomprotocol.org\/ro\/wp-json\/wp\/v2\/product\/30146","targetHints":{"allow":["GET"]}}],"collection":[{"href":"https:\/\/boat-demo.axiomprotocol.org\/ro\/wp-json\/wp\/v2\/product"}],"about":[{"href":"https:\/\/boat-demo.axiomprotocol.org\/ro\/wp-json\/wp\/v2\/types\/product"}],"replies":[{"embeddable":true,"href":"https:\/\/boat-demo.axiomprotocol.org\/ro\/wp-json\/wp\/v2\/comments?post=30146"}],"version-history":[{"count":9,"href":"https:\/\/boat-demo.axiomprotocol.org\/ro\/wp-json\/wp\/v2\/product\/30146\/revisions"}],"predecessor-version":[{"id":30342,"href":"https:\/\/boat-demo.axiomprotocol.org\/ro\/wp-json\/wp\/v2\/product\/30146\/revisions\/30342"}],"wp:featuredmedia":[{"embeddable":true,"href":"https:\/\/boat-demo.axiomprotocol.org\/ro\/wp-json\/wp\/v2\/media\/30104"}],"wp:attachment":[{"href":"https:\/\/boat-demo.axiomprotocol.org\/ro\/wp-json\/wp\/v2\/media?parent=30146"}],"wp:term":[{"taxonomy":"product_brand","embeddable":true,"href":"https:\/\/boat-demo.axiomprotocol.org\/ro\/wp-json\/wp\/v2\/product_brand?post=30146"},{"taxonomy":"product_cat","embeddable":true,"href":"https:\/\/boat-demo.axiomprotocol.org\/ro\/wp-json\/wp\/v2\/product_cat?post=30146"},{"taxonomy":"product_tag","embeddable":true,"href":"https:\/\/boat-demo.axiomprotocol.org\/ro\/wp-json\/wp\/v2\/product_tag?post=30146"}],"curies":[{"name":"wp","href":"https:\/\/api.w.org\/{rel}","templated":true}]}}