{"id":30089,"date":"2024-03-18T18:53:38","date_gmt":"2024-03-18T15:53:38","guid":{"rendered":"https:\/\/boat-demo.axiomprotocol.org\/?post_type=product&#038;p=30089"},"modified":"2024-03-22T15:07:35","modified_gmt":"2024-03-22T12:07:35","slug":"ancora-minn-kota-talon-de-apa-mica-pana-la-adancimi-de-45-m","status":"publish","type":"product","link":"https:\/\/boat-demo.axiomprotocol.org\/ro\/produs\/ancora-minn-kota-talon-de-apa-mica-pana-la-adancimi-de-45-m\/","title":{"rendered":"Ancora Minn Kota Talon de ap\u0103 mic\u0103 \/ p\u00e2n\u0103 la ad\u00e2ncimi de 4,5 m"},"content":{"rendered":"\t\t<div data-elementor-type=\"wp-post\" data-elementor-id=\"30089\" class=\"elementor elementor-30089 elementor-30088\">\n\t\t\t\t\t\t<section class=\"elementor-section elementor-top-section elementor-element elementor-element-9605acf elementor-section-boxed elementor-section-height-default elementor-section-height-default\" data-id=\"9605acf\" data-element_type=\"section\" data-e-type=\"section\">\n\t\t\t\t\t\t<div class=\"elementor-container elementor-column-gap-default\">\n\t\t\t\t\t<div class=\"elementor-column elementor-col-100 elementor-top-column elementor-element elementor-element-8a9a826\" data-id=\"8a9a826\" data-element_type=\"column\" data-e-type=\"column\">\n\t\t\t<div class=\"elementor-widget-wrap elementor-element-populated\">\n\t\t\t\t\t\t<div class=\"elementor-element elementor-element-a0cb3d1 elementor-widget elementor-widget-heading\" data-id=\"a0cb3d1\" data-element_type=\"widget\" data-e-type=\"widget\" data-widget_type=\"heading.default\">\n\t\t\t\t<div class=\"elementor-widget-container\">\n\t\t\t\t\t<h5 class=\"elementor-heading-title elementor-size-default\">Caracteristici<\/h5>\t\t\t\t<\/div>\n\t\t\t\t<\/div>\n\t\t\t\t\t<\/div>\n\t\t<\/div>\n\t\t\t\t\t<\/div>\n\t\t<\/section>\n\t\t\t\t<section class=\"elementor-section elementor-top-section elementor-element elementor-element-280cafd elementor-section-boxed elementor-section-height-default elementor-section-height-default\" data-id=\"280cafd\" data-element_type=\"section\" data-e-type=\"section\">\n\t\t\t\t\t\t<div class=\"elementor-container elementor-column-gap-default\">\n\t\t\t\t\t<div class=\"elementor-column elementor-col-50 elementor-top-column elementor-element elementor-element-c5739d1\" data-id=\"c5739d1\" data-element_type=\"column\" data-e-type=\"column\">\n\t\t\t<div class=\"elementor-widget-wrap elementor-element-populated\">\n\t\t\t\t\t\t<div class=\"elementor-element elementor-element-f9dda1a elementor-widget elementor-widget-text-editor\" data-id=\"f9dda1a\" data-element_type=\"widget\" data-e-type=\"widget\" data-widget_type=\"text-editor.default\">\n\t\t\t\t<div class=\"elementor-widget-container\">\n\t\t\t\t\t\t\t\t\t<table class=\"table\" data-striping=\"1\"><tbody><tr class=\"expanded\"><td>Model<\/td><td>Talon 15 ft. &#8211; Black\/Black<\/td><\/tr><tr class=\"expanded\"><td>Cod Produs<\/td><td>1810462<\/td><\/tr><tr class=\"expanded\"><td>UPC<\/td><td>0029402046201<\/td><\/tr><tr class=\"expanded\"><td>Greutatea produsului<\/td><td><div class=\"product--variation-field--variation_field_productweight__41186\">55 lb<\/div><\/td><\/tr><tr class=\"expanded\"><td>Greutate pe tranzom<\/td><td>55 lb<\/td><\/tr><tr class=\"expanded\"><td>Ad\u00e2ncimea ancor\u0103rii<\/td><td>15 ft<\/td><\/tr><tr class=\"expanded\"><td>Operare<\/td><td>Electro-Mechanical<\/td><\/tr><tr class=\"expanded\"><td>Ancorare activ\u0103<\/td><td>Nu<\/td><\/tr><\/tbody><\/table><p>\u00a0<\/p>\t\t\t\t\t\t\t\t<\/div>\n\t\t\t\t<\/div>\n\t\t\t\t\t<\/div>\n\t\t<\/div>\n\t\t\t\t<div class=\"elementor-column elementor-col-50 elementor-top-column elementor-element elementor-element-248c5b9\" data-id=\"248c5b9\" data-element_type=\"column\" data-e-type=\"column\">\n\t\t\t<div class=\"elementor-widget-wrap elementor-element-populated\">\n\t\t\t\t\t\t<div class=\"elementor-element elementor-element-abbb618 elementor-widget elementor-widget-text-editor\" data-id=\"abbb618\" data-element_type=\"widget\" data-e-type=\"widget\" data-widget_type=\"text-editor.default\">\n\t\t\t\t<div class=\"elementor-widget-container\">\n\t\t\t\t\t\t\t\t\t<table class=\"table\" data-striping=\"1\"><tbody><tr class=\"expanded\"><td>Desf\u0103\u0219urare\u00a0<\/td><td>Vertical\u0103 \u00een 3 etape<\/td><\/tr><tr class=\"expanded\"><td>Automatizare Sus\/Jos<\/td><td>Da<\/td><\/tr><tr class=\"expanded\"><td>Suspensie flotant\u0103 \u00eencorporat\u0103<\/td><td>Da<\/td><\/tr><tr class=\"hidden expanded\"><td>Telecomand\u0103 Wireless\u00a0<\/td><td>1<\/td><\/tr><tr class=\"hidden expanded\"><td>Notificare desf\u0103\u0219urare<\/td><td>Da<\/td><\/tr><tr class=\"hidden expanded\"><td>Indicare desf\u0103\u0219urare cu LED-uri<\/td><td>Da<\/td><\/tr><tr class=\"hidden expanded\"><td>Garan\u021bie<\/td><td>\u00a05 ani<\/td><\/tr><\/tbody><\/table><p>\u00a0<\/p>\t\t\t\t\t\t\t\t<\/div>\n\t\t\t\t<\/div>\n\t\t\t\t\t<\/div>\n\t\t<\/div>\n\t\t\t\t\t<\/div>\n\t\t<\/section>\n\t\t\t\t<section class=\"elementor-section elementor-top-section elementor-element elementor-element-12354d7 elementor-section-boxed elementor-section-height-default elementor-section-height-default\" data-id=\"12354d7\" data-element_type=\"section\" data-e-type=\"section\">\n\t\t\t\t\t\t<div class=\"elementor-container elementor-column-gap-default\">\n\t\t\t\t\t<div class=\"elementor-column elementor-col-100 elementor-top-column elementor-element elementor-element-e81000d\" data-id=\"e81000d\" data-element_type=\"column\" data-e-type=\"column\">\n\t\t\t<div class=\"elementor-widget-wrap elementor-element-populated\">\n\t\t\t\t\t\t<div class=\"elementor-element elementor-element-10036f6 elementor-widget elementor-widget-spacer\" data-id=\"10036f6\" data-element_type=\"widget\" data-e-type=\"widget\" data-widget_type=\"spacer.default\">\n\t\t\t\t<div class=\"elementor-widget-container\">\n\t\t\t\t\t\t\t<div class=\"elementor-spacer\">\n\t\t\t<div class=\"elementor-spacer-inner\"><\/div>\n\t\t<\/div>\n\t\t\t\t\t\t<\/div>\n\t\t\t\t<\/div>\n\t\t\t\t<div class=\"elementor-element elementor-element-f3c19f6 elementor-widget elementor-widget-heading\" data-id=\"f3c19f6\" data-element_type=\"widget\" data-e-type=\"widget\" data-widget_type=\"heading.default\">\n\t\t\t\t<div class=\"elementor-widget-container\">\n\t\t\t\t\t<h5 class=\"elementor-heading-title elementor-size-default\">Caracteristici principale<\/h5>\t\t\t\t<\/div>\n\t\t\t\t<\/div>\n\t\t\t\t\t<\/div>\n\t\t<\/div>\n\t\t\t\t\t<\/div>\n\t\t<\/section>\n\t\t\t\t<section class=\"elementor-section elementor-top-section elementor-element elementor-element-5ee294a elementor-section-boxed elementor-section-height-default elementor-section-height-default\" data-id=\"5ee294a\" data-element_type=\"section\" data-e-type=\"section\">\n\t\t\t\t\t\t<div class=\"elementor-container elementor-column-gap-default\">\n\t\t\t\t\t<div class=\"elementor-column elementor-col-100 elementor-top-column elementor-element elementor-element-f7c7fe2\" data-id=\"f7c7fe2\" data-element_type=\"column\" data-e-type=\"column\">\n\t\t\t<div class=\"elementor-widget-wrap elementor-element-populated\">\n\t\t\t\t\t\t<div class=\"elementor-element elementor-element-090fcb3 elementor-widget elementor-widget-text-editor\" data-id=\"090fcb3\" data-element_type=\"widget\" data-e-type=\"widget\" data-widget_type=\"text-editor.default\">\n\t\t\t\t<div class=\"elementor-widget-container\">\n\t\t\t\t\t\t\t\t\t<p>Op\u021biuni multiple de control: Controla\u021bi Talon din orice loc de pe barc\u0103 folosind alegerea dvs. de op\u021biuni: panou de control, telecomand\u0103 wireless, comutator de picior, telecomand\u0103 i-Pilot sau i-Pilot Link, aplica\u021bia mobil\u0103 One-Boat Network sau direct de pe sonarul Humminbird.<\/p><p>Modele de ancorare selectabile de utilizator: Modele separate de ancorare pentru ap\u0103 agitat\u0103 (v\u00e2nt puternic \u0219i valuri), substrat moale (m\u00e2l sau fund acoperit cu n\u0103mol) \u0219i standard (ancorare normal\u0103).<\/p><p>Lumin\u0103 de lucru \u00eencorporat\u0103: Ilumineaz\u0103 partea din spate a b\u0103rcii \u00een orice moment al zilei sau nop\u021bii. Include dou\u0103 culori (alb \u0219i albastru) \u0219i fiecare are trei set\u0103ri de intensitate a luminii.<\/p><p>Telecomand\u0103 Talon: V\u0103 permite s\u0103 controla\u021bi stocarea, activarea, modurile de ancorare, selec\u021bia multipl\u0103 Talon \u0219i lumina de lucru; vine \u00een mod standard cu o telecomand\u0103 wireless.<\/p><p>Conectivitate Bluetooth: Controla\u021bi Talon de pe dispozitivul mobil folosind aplica\u021bia One-Boat Network (iOS sau Android) \u0219i actualiza\u021bi software-ul cu u\u0219urin\u021b\u0103.<\/p><p>Amenajare de ancorare indestructibil\u0103: Spike-ul de ancorare compozit puternic \u0219i flexibil este sus\u021binut de o garan\u021bie pe via\u021b\u0103.<\/p><p>Deployare vertical\u0103: Men\u021bine Talon-ul departe de linii de pescuit.<\/p><p>Absorb\u021bie de valuri: Suspensia flotant\u0103 \u00eencorporat\u0103 men\u021bine barca ancorat\u0103 chiar \u0219i \u00een ap\u0103 agitat\u0103, permi\u021b\u00e2nd b\u0103rcii s\u0103 se mi\u0219te \u00een sus sau \u00een jos f\u0103r\u0103 a afecta ancora.<\/p><p>Autoactivare\/Autoretragere: Activati sau retrage\u021bi automat Talon-ul cu o simpl\u0103 ap\u0103sare de buton; nu este necesar s\u0103 \u021bine\u021bi butonul ap\u0103sat.<\/p><p>Design pivotant: Talon include un suport de montare care permite ajust\u0103ri \u00een sus \u0219i \u00een jos pentru a se potrivi oric\u0103rui transom, 30 de grade de pivotare \u0219i o \u00eendep\u0103rtare u\u0219oar\u0103.<\/p><p>Alarm\u0103 de notificare pentru activare: V\u0103 avertizeaz\u0103 atunci c\u00e2nd \u00eencerca\u021bi s\u0103 porni\u021bi barca \u00een timp ce Talon-ul este in apa.<\/p><p>Inginerie rezistent\u0103 la ap\u0103 s\u0103rat\u0103: Protejeaz\u0103 Talon-ul de efectele corozive ale apei s\u0103rate.<\/p>\t\t\t\t\t\t\t\t<\/div>\n\t\t\t\t<\/div>\n\t\t\t\t\t<\/div>\n\t\t<\/div>\n\t\t\t\t\t<\/div>\n\t\t<\/section>\n\t\t\t\t<\/div>\n\t\t","protected":false},"excerpt":{"rendered":"<p>&nbsp;<\/p>\n<p>Ancora Minn Kota Talon de ap\u0103 mic\u0103 \/ 15 ft<\/p>\n<p>Descoperi\u021bi puterea lui Talon, ancor\u0103 pentru ape pu\u021bin ad\u00e2nci de la Minn Kota pentru b\u0103rci. Atunci c\u00e2nd vine vorba de g\u0103sirea locului perfect de pescuit, fiecare secund\u0103 conteaz\u0103. Cu Talon, ve\u021bi experimenta o stabilitate \u0219i un control de neegalat, permi\u021b\u00e2ndu-v\u0103 s\u0103 ancora\u021bi rapid \u0219i sigur, astfel \u00eenc\u00e2t s\u0103 v\u0103 pute\u021bi concentra pe ceea ce iubi\u021bi &#8211; pescuitul.<\/p>\n<p>Talon este proiectat s\u0103 v\u0103 \u021bin\u0103 \u00een loc f\u0103r\u0103 efort \u0219i f\u0103r\u0103 \u00eencetare, asigur\u00e2ndu-v\u0103 c\u0103 nu pierde\u021bi niciodat\u0103 un moment pe ap\u0103. Fie c\u0103 arunca\u021bi lanseta pentru prada mare sau v\u0103 bucura\u021bi de o zi senin\u0103 de pescuit, designul inovator al lui Talon \u0219i op\u021biunile impresionante de lungime de p\u00e2n\u0103 la 15 picioare \u00eel fac un device important \u00een lumea accesoriilor pentru b\u0103rci.<\/p>\n","protected":false},"featured_media":30060,"comment_status":"open","ping_status":"closed","template":"","meta":{"_acf_changed":false,"inline_featured_image":false},"product_brand":[],"product_cat":[87],"product_tag":[],"class_list":{"0":"post-30089","1":"product","2":"type-product","3":"status-publish","4":"has-post-thumbnail","6":"product_cat-minn-kota-ro","7":"tt-post","9":"first","10":"instock","11":"shipping-taxable","12":"purchasable","13":"product-type-simple"},"acf":[],"yoast_head":"<!-- This site is optimized with the Yoast SEO plugin v27.4 - https:\/\/yoast.com\/product\/yoast-seo-wordpress\/ -->\n<title>Ancora Minn Kota Talon de ap\u0103 mic\u0103 \/ p\u00e2n\u0103 la ad\u00e2ncimi de 4,5 m<\/title>\n<meta name=\"description\" content=\"Romania | Motoare electrice Minn Kota PowerDrive pentru b\u0103rci de la Boats Expert cu livrare \u00een toat\u0103 tara. Garantare, instalare la cel mai bun pret.\" \/>\n<meta name=\"robots\" content=\"index, follow, max-snippet:-1, max-image-preview:large, max-video-preview:-1\" \/>\n<link rel=\"canonical\" href=\"https:\/\/boat-demo.axiomprotocol.org\/ro\/produs\/ancora-minn-kota-talon-de-apa-mica-pana-la-adancimi-de-45-m\/\" \/>\n<meta property=\"og:locale\" content=\"ro_RO\" \/>\n<meta property=\"og:type\" content=\"article\" \/>\n<meta property=\"og:title\" content=\"Ancora Minn Kota Talon de ap\u0103 mic\u0103 \/ p\u00e2n\u0103 la ad\u00e2ncimi de 4,5 m\" \/>\n<meta property=\"og:description\" content=\"Romania | Motoare electrice Minn Kota PowerDrive pentru b\u0103rci de la Boats Expert cu livrare \u00een toat\u0103 tara. Garantare, instalare la cel mai bun pret.\" \/>\n<meta property=\"og:url\" content=\"https:\/\/boat-demo.axiomprotocol.org\/ro\/produs\/ancora-minn-kota-talon-de-apa-mica-pana-la-adancimi-de-45-m\/\" \/>\n<meta property=\"og:site_name\" content=\"BoatsExpert\" \/>\n<meta property=\"article:modified_time\" content=\"2024-03-22T12:07:35+00:00\" \/>\n<meta property=\"og:image\" content=\"https:\/\/boat-demo.axiomprotocol.org\/wp-content\/uploads\/2024\/03\/MK_1810452_Talon_12_Black_Front.jpg\" \/>\n\t<meta property=\"og:image:width\" content=\"555\" \/>\n\t<meta property=\"og:image:height\" content=\"478\" \/>\n\t<meta property=\"og:image:type\" content=\"image\/jpeg\" \/>\n<meta name=\"twitter:card\" content=\"summary_large_image\" \/>\n<meta name=\"twitter:label1\" content=\"Timp estimat pentru citire\" \/>\n\t<meta name=\"twitter:data1\" content=\"3 minute\" \/>\n<script type=\"application\/ld+json\" class=\"yoast-schema-graph\">{\"@context\":\"https:\\\/\\\/schema.org\",\"@graph\":[{\"@type\":\"WebPage\",\"@id\":\"https:\\\/\\\/boat-demo.axiomprotocol.org\\\/ro\\\/produs\\\/ancora-minn-kota-talon-de-apa-mica-pana-la-adancimi-de-45-m\\\/\",\"url\":\"https:\\\/\\\/boat-demo.axiomprotocol.org\\\/ro\\\/produs\\\/ancora-minn-kota-talon-de-apa-mica-pana-la-adancimi-de-45-m\\\/\",\"name\":\"Ancora Minn Kota Talon de ap\u0103 mic\u0103 \\\/ p\u00e2n\u0103 la ad\u00e2ncimi de 4,5 m\",\"isPartOf\":{\"@id\":\"https:\\\/\\\/boat-demo.axiomprotocol.org\\\/ro\\\/#website\"},\"primaryImageOfPage\":{\"@id\":\"https:\\\/\\\/boat-demo.axiomprotocol.org\\\/ro\\\/produs\\\/ancora-minn-kota-talon-de-apa-mica-pana-la-adancimi-de-45-m\\\/#primaryimage\"},\"image\":{\"@id\":\"https:\\\/\\\/boat-demo.axiomprotocol.org\\\/ro\\\/produs\\\/ancora-minn-kota-talon-de-apa-mica-pana-la-adancimi-de-45-m\\\/#primaryimage\"},\"thumbnailUrl\":\"https:\\\/\\\/boat-demo.axiomprotocol.org\\\/wp-content\\\/uploads\\\/2024\\\/03\\\/MK_1810452_Talon_12_Black_Front.jpg\",\"datePublished\":\"2024-03-18T15:53:38+00:00\",\"dateModified\":\"2024-03-22T12:07:35+00:00\",\"description\":\"Romania | Motoare electrice Minn Kota PowerDrive pentru b\u0103rci de la Boats Expert cu livrare \u00een toat\u0103 tara. Garantare, instalare la cel mai bun pret.\",\"breadcrumb\":{\"@id\":\"https:\\\/\\\/boat-demo.axiomprotocol.org\\\/ro\\\/produs\\\/ancora-minn-kota-talon-de-apa-mica-pana-la-adancimi-de-45-m\\\/#breadcrumb\"},\"inLanguage\":\"ro-RO\",\"potentialAction\":[{\"@type\":\"ReadAction\",\"target\":[\"https:\\\/\\\/boat-demo.axiomprotocol.org\\\/ro\\\/produs\\\/ancora-minn-kota-talon-de-apa-mica-pana-la-adancimi-de-45-m\\\/\"]}]},{\"@type\":\"ImageObject\",\"inLanguage\":\"ro-RO\",\"@id\":\"https:\\\/\\\/boat-demo.axiomprotocol.org\\\/ro\\\/produs\\\/ancora-minn-kota-talon-de-apa-mica-pana-la-adancimi-de-45-m\\\/#primaryimage\",\"url\":\"https:\\\/\\\/boat-demo.axiomprotocol.org\\\/wp-content\\\/uploads\\\/2024\\\/03\\\/MK_1810452_Talon_12_Black_Front.jpg\",\"contentUrl\":\"https:\\\/\\\/boat-demo.axiomprotocol.org\\\/wp-content\\\/uploads\\\/2024\\\/03\\\/MK_1810452_Talon_12_Black_Front.jpg\",\"width\":555,\"height\":478,\"caption\":\"MK Talon\"},{\"@type\":\"BreadcrumbList\",\"@id\":\"https:\\\/\\\/boat-demo.axiomprotocol.org\\\/ro\\\/produs\\\/ancora-minn-kota-talon-de-apa-mica-pana-la-adancimi-de-45-m\\\/#breadcrumb\",\"itemListElement\":[{\"@type\":\"ListItem\",\"position\":1,\"name\":\"Home\",\"item\":\"https:\\\/\\\/boat-demo.axiomprotocol.org\\\/\"},{\"@type\":\"ListItem\",\"position\":2,\"name\":\"Shop Online &#8211; cel mai bun magazin pentru echipamente pentru b\u0103rci\",\"item\":\"https:\\\/\\\/boat-demo.axiomprotocol.org\\\/ro\\\/shop-ro\\\/\"},{\"@type\":\"ListItem\",\"position\":3,\"name\":\"Ancora Minn Kota Talon de ap\u0103 mic\u0103 \\\/ p\u00e2n\u0103 la ad\u00e2ncimi de 4,5 m\"}]},{\"@type\":\"WebSite\",\"@id\":\"https:\\\/\\\/boat-demo.axiomprotocol.org\\\/ro\\\/#website\",\"url\":\"https:\\\/\\\/boat-demo.axiomprotocol.org\\\/ro\\\/\",\"name\":\"BoatsExpert\",\"description\":\"Boats, Service, Equipment\",\"publisher\":{\"@id\":\"https:\\\/\\\/boat-demo.axiomprotocol.org\\\/ro\\\/#organization\"},\"potentialAction\":[{\"@type\":\"SearchAction\",\"target\":{\"@type\":\"EntryPoint\",\"urlTemplate\":\"https:\\\/\\\/boat-demo.axiomprotocol.org\\\/ro\\\/?s={search_term_string}\"},\"query-input\":{\"@type\":\"PropertyValueSpecification\",\"valueRequired\":true,\"valueName\":\"search_term_string\"}}],\"inLanguage\":\"ro-RO\"},{\"@type\":\"Organization\",\"@id\":\"https:\\\/\\\/boat-demo.axiomprotocol.org\\\/ro\\\/#organization\",\"name\":\"BoatsExpert\",\"url\":\"https:\\\/\\\/boat-demo.axiomprotocol.org\\\/ro\\\/\",\"logo\":{\"@type\":\"ImageObject\",\"inLanguage\":\"ro-RO\",\"@id\":\"https:\\\/\\\/boat-demo.axiomprotocol.org\\\/ro\\\/#\\\/schema\\\/logo\\\/image\\\/\",\"url\":\"https:\\\/\\\/boat-demo.axiomprotocol.org\\\/wp-content\\\/uploads\\\/2023\\\/05\\\/white-logo60.svg\",\"contentUrl\":\"https:\\\/\\\/boat-demo.axiomprotocol.org\\\/wp-content\\\/uploads\\\/2023\\\/05\\\/white-logo60.svg\",\"width\":90,\"height\":60,\"caption\":\"BoatsExpert\"},\"image\":{\"@id\":\"https:\\\/\\\/boat-demo.axiomprotocol.org\\\/ro\\\/#\\\/schema\\\/logo\\\/image\\\/\"}}]}<\/script>\n<!-- \/ Yoast SEO plugin. -->","yoast_head_json":{"title":"Ancora Minn Kota Talon de ap\u0103 mic\u0103 \/ p\u00e2n\u0103 la ad\u00e2ncimi de 4,5 m","description":"Romania | Motoare electrice Minn Kota PowerDrive pentru b\u0103rci de la Boats Expert cu livrare \u00een toat\u0103 tara. Garantare, instalare la cel mai bun pret.","robots":{"index":"index","follow":"follow","max-snippet":"max-snippet:-1","max-image-preview":"max-image-preview:large","max-video-preview":"max-video-preview:-1"},"canonical":"https:\/\/boat-demo.axiomprotocol.org\/ro\/produs\/ancora-minn-kota-talon-de-apa-mica-pana-la-adancimi-de-45-m\/","og_locale":"ro_RO","og_type":"article","og_title":"Ancora Minn Kota Talon de ap\u0103 mic\u0103 \/ p\u00e2n\u0103 la ad\u00e2ncimi de 4,5 m","og_description":"Romania | Motoare electrice Minn Kota PowerDrive pentru b\u0103rci de la Boats Expert cu livrare \u00een toat\u0103 tara. Garantare, instalare la cel mai bun pret.","og_url":"https:\/\/boat-demo.axiomprotocol.org\/ro\/produs\/ancora-minn-kota-talon-de-apa-mica-pana-la-adancimi-de-45-m\/","og_site_name":"BoatsExpert","article_modified_time":"2024-03-22T12:07:35+00:00","og_image":[{"width":555,"height":478,"url":"https:\/\/boat-demo.axiomprotocol.org\/wp-content\/uploads\/2024\/03\/MK_1810452_Talon_12_Black_Front.jpg","type":"image\/jpeg"}],"twitter_card":"summary_large_image","twitter_misc":{"Timp estimat pentru citire":"3 minute"},"schema":{"@context":"https:\/\/schema.org","@graph":[{"@type":"WebPage","@id":"https:\/\/boat-demo.axiomprotocol.org\/ro\/produs\/ancora-minn-kota-talon-de-apa-mica-pana-la-adancimi-de-45-m\/","url":"https:\/\/boat-demo.axiomprotocol.org\/ro\/produs\/ancora-minn-kota-talon-de-apa-mica-pana-la-adancimi-de-45-m\/","name":"Ancora Minn Kota Talon de ap\u0103 mic\u0103 \/ p\u00e2n\u0103 la ad\u00e2ncimi de 4,5 m","isPartOf":{"@id":"https:\/\/boat-demo.axiomprotocol.org\/ro\/#website"},"primaryImageOfPage":{"@id":"https:\/\/boat-demo.axiomprotocol.org\/ro\/produs\/ancora-minn-kota-talon-de-apa-mica-pana-la-adancimi-de-45-m\/#primaryimage"},"image":{"@id":"https:\/\/boat-demo.axiomprotocol.org\/ro\/produs\/ancora-minn-kota-talon-de-apa-mica-pana-la-adancimi-de-45-m\/#primaryimage"},"thumbnailUrl":"https:\/\/boat-demo.axiomprotocol.org\/wp-content\/uploads\/2024\/03\/MK_1810452_Talon_12_Black_Front.jpg","datePublished":"2024-03-18T15:53:38+00:00","dateModified":"2024-03-22T12:07:35+00:00","description":"Romania | Motoare electrice Minn Kota PowerDrive pentru b\u0103rci de la Boats Expert cu livrare \u00een toat\u0103 tara. Garantare, instalare la cel mai bun pret.","breadcrumb":{"@id":"https:\/\/boat-demo.axiomprotocol.org\/ro\/produs\/ancora-minn-kota-talon-de-apa-mica-pana-la-adancimi-de-45-m\/#breadcrumb"},"inLanguage":"ro-RO","potentialAction":[{"@type":"ReadAction","target":["https:\/\/boat-demo.axiomprotocol.org\/ro\/produs\/ancora-minn-kota-talon-de-apa-mica-pana-la-adancimi-de-45-m\/"]}]},{"@type":"ImageObject","inLanguage":"ro-RO","@id":"https:\/\/boat-demo.axiomprotocol.org\/ro\/produs\/ancora-minn-kota-talon-de-apa-mica-pana-la-adancimi-de-45-m\/#primaryimage","url":"https:\/\/boat-demo.axiomprotocol.org\/wp-content\/uploads\/2024\/03\/MK_1810452_Talon_12_Black_Front.jpg","contentUrl":"https:\/\/boat-demo.axiomprotocol.org\/wp-content\/uploads\/2024\/03\/MK_1810452_Talon_12_Black_Front.jpg","width":555,"height":478,"caption":"MK Talon"},{"@type":"BreadcrumbList","@id":"https:\/\/boat-demo.axiomprotocol.org\/ro\/produs\/ancora-minn-kota-talon-de-apa-mica-pana-la-adancimi-de-45-m\/#breadcrumb","itemListElement":[{"@type":"ListItem","position":1,"name":"Home","item":"https:\/\/boat-demo.axiomprotocol.org\/"},{"@type":"ListItem","position":2,"name":"Shop Online &#8211; cel mai bun magazin pentru echipamente pentru b\u0103rci","item":"https:\/\/boat-demo.axiomprotocol.org\/ro\/shop-ro\/"},{"@type":"ListItem","position":3,"name":"Ancora Minn Kota Talon de ap\u0103 mic\u0103 \/ p\u00e2n\u0103 la ad\u00e2ncimi de 4,5 m"}]},{"@type":"WebSite","@id":"https:\/\/boat-demo.axiomprotocol.org\/ro\/#website","url":"https:\/\/boat-demo.axiomprotocol.org\/ro\/","name":"BoatsExpert","description":"Boats, Service, Equipment","publisher":{"@id":"https:\/\/boat-demo.axiomprotocol.org\/ro\/#organization"},"potentialAction":[{"@type":"SearchAction","target":{"@type":"EntryPoint","urlTemplate":"https:\/\/boat-demo.axiomprotocol.org\/ro\/?s={search_term_string}"},"query-input":{"@type":"PropertyValueSpecification","valueRequired":true,"valueName":"search_term_string"}}],"inLanguage":"ro-RO"},{"@type":"Organization","@id":"https:\/\/boat-demo.axiomprotocol.org\/ro\/#organization","name":"BoatsExpert","url":"https:\/\/boat-demo.axiomprotocol.org\/ro\/","logo":{"@type":"ImageObject","inLanguage":"ro-RO","@id":"https:\/\/boat-demo.axiomprotocol.org\/ro\/#\/schema\/logo\/image\/","url":"https:\/\/boat-demo.axiomprotocol.org\/wp-content\/uploads\/2023\/05\/white-logo60.svg","contentUrl":"https:\/\/boat-demo.axiomprotocol.org\/wp-content\/uploads\/2023\/05\/white-logo60.svg","width":90,"height":60,"caption":"BoatsExpert"},"image":{"@id":"https:\/\/boat-demo.axiomprotocol.org\/ro\/#\/schema\/logo\/image\/"}}]}},"_links":{"self":[{"href":"https:\/\/boat-demo.axiomprotocol.org\/ro\/wp-json\/wp\/v2\/product\/30089","targetHints":{"allow":["GET"]}}],"collection":[{"href":"https:\/\/boat-demo.axiomprotocol.org\/ro\/wp-json\/wp\/v2\/product"}],"about":[{"href":"https:\/\/boat-demo.axiomprotocol.org\/ro\/wp-json\/wp\/v2\/types\/product"}],"replies":[{"embeddable":true,"href":"https:\/\/boat-demo.axiomprotocol.org\/ro\/wp-json\/wp\/v2\/comments?post=30089"}],"version-history":[{"count":9,"href":"https:\/\/boat-demo.axiomprotocol.org\/ro\/wp-json\/wp\/v2\/product\/30089\/revisions"}],"predecessor-version":[{"id":30348,"href":"https:\/\/boat-demo.axiomprotocol.org\/ro\/wp-json\/wp\/v2\/product\/30089\/revisions\/30348"}],"wp:featuredmedia":[{"embeddable":true,"href":"https:\/\/boat-demo.axiomprotocol.org\/ro\/wp-json\/wp\/v2\/media\/30060"}],"wp:attachment":[{"href":"https:\/\/boat-demo.axiomprotocol.org\/ro\/wp-json\/wp\/v2\/media?parent=30089"}],"wp:term":[{"taxonomy":"product_brand","embeddable":true,"href":"https:\/\/boat-demo.axiomprotocol.org\/ro\/wp-json\/wp\/v2\/product_brand?post=30089"},{"taxonomy":"product_cat","embeddable":true,"href":"https:\/\/boat-demo.axiomprotocol.org\/ro\/wp-json\/wp\/v2\/product_cat?post=30089"},{"taxonomy":"product_tag","embeddable":true,"href":"https:\/\/boat-demo.axiomprotocol.org\/ro\/wp-json\/wp\/v2\/product_tag?post=30089"}],"curies":[{"name":"wp","href":"https:\/\/api.w.org\/{rel}","templated":true}]}}