{"id":30034,"date":"2024-03-18T16:53:38","date_gmt":"2024-03-18T13:53:39","guid":{"rendered":"https:\/\/boat-demo.axiomprotocol.org\/?post_type=product&#038;p=30034"},"modified":"2024-03-22T15:15:45","modified_gmt":"2024-03-22T12:15:45","slug":"motor-electric-minn-kota-terrova-55-lb-cu-telecomanda-wireless-shaft-137cm","status":"publish","type":"product","link":"https:\/\/boat-demo.axiomprotocol.org\/ro\/produs\/motor-electric-minn-kota-terrova-55-lb-cu-telecomanda-wireless-shaft-137cm\/","title":{"rendered":"Motor electric MINN KOTA TERROVA 55 lb. cu telecomand\u0103 wireless \/ Shaft &#8211; 137 cm"},"content":{"rendered":"\t\t<div data-elementor-type=\"wp-post\" data-elementor-id=\"30034\" class=\"elementor elementor-30034 elementor-30033\">\n\t\t\t\t\t\t<section class=\"elementor-section elementor-top-section elementor-element elementor-element-9605acf elementor-section-boxed elementor-section-height-default elementor-section-height-default\" data-id=\"9605acf\" data-element_type=\"section\" data-e-type=\"section\">\n\t\t\t\t\t\t<div class=\"elementor-container elementor-column-gap-default\">\n\t\t\t\t\t<div class=\"elementor-column elementor-col-100 elementor-top-column elementor-element elementor-element-8a9a826\" data-id=\"8a9a826\" data-element_type=\"column\" data-e-type=\"column\">\n\t\t\t<div class=\"elementor-widget-wrap elementor-element-populated\">\n\t\t\t\t\t\t<div class=\"elementor-element elementor-element-a0cb3d1 elementor-widget elementor-widget-heading\" data-id=\"a0cb3d1\" data-element_type=\"widget\" data-e-type=\"widget\" data-widget_type=\"heading.default\">\n\t\t\t\t<div class=\"elementor-widget-container\">\n\t\t\t\t\t<h5 class=\"elementor-heading-title elementor-size-default\">Caracteristici<\/h5>\t\t\t\t<\/div>\n\t\t\t\t<\/div>\n\t\t\t\t\t<\/div>\n\t\t<\/div>\n\t\t\t\t\t<\/div>\n\t\t<\/section>\n\t\t\t\t<section class=\"elementor-section elementor-top-section elementor-element elementor-element-280cafd elementor-section-boxed elementor-section-height-default elementor-section-height-default\" data-id=\"280cafd\" data-element_type=\"section\" data-e-type=\"section\">\n\t\t\t\t\t\t<div class=\"elementor-container elementor-column-gap-default\">\n\t\t\t\t\t<div class=\"elementor-column elementor-col-50 elementor-top-column elementor-element elementor-element-c5739d1\" data-id=\"c5739d1\" data-element_type=\"column\" data-e-type=\"column\">\n\t\t\t<div class=\"elementor-widget-wrap elementor-element-populated\">\n\t\t\t\t\t\t<div class=\"elementor-element elementor-element-0c5a12f elementor-widget elementor-widget-text-editor\" data-id=\"0c5a12f\" data-element_type=\"widget\" data-e-type=\"widget\" data-widget_type=\"text-editor.default\">\n\t\t\t\t<div class=\"elementor-widget-container\">\n\t\t\t\t\t\t\t\t\t<table class=\"table\" data-striping=\"1\"><tbody><tr class=\"expanded\"><td>Model<\/td><td>Terrova 55 lb. Thrust, 54&#8243; Shaft, Wireless Remote<\/td><\/tr><tr class=\"expanded\"><td>Cod produs<\/td><td>1358350<\/td><\/tr><tr class=\"expanded\"><td>UPC<\/td><td>0029402050581<\/td><\/tr><tr class=\"expanded\"><td>Utilizare \u00een<\/td><td>Ap\u0103 dulce<\/td><\/tr><tr class=\"expanded\"><td>Lungimea axului<\/td><td>54 in (137 cm)<\/td><\/tr><tr class=\"expanded\"><td>Putere maxim\u0103<\/td><td>55 lb<\/td><\/tr><tr class=\"expanded\"><td>Vol\u021bi<\/td><td>12<\/td><\/tr><tr class=\"expanded\"><td>One-Boat Network Compatible<\/td><td>Da<\/td><\/tr><tr class=\"expanded\"><td>QUEST Series<\/td><td>Nu<\/td><\/tr><tr class=\"expanded\"><td>Spot-Lock<\/td><td>Da<\/td><\/tr><tr class=\"expanded\"><td>Built-In Sonar<\/td><td>Nu<\/td><\/tr><tr class=\"hidden expanded\"><td>Foot Pedal Style<\/td><td>Nu este inclus<\/td><\/tr><tr class=\"hidden expanded\"><td>Control<\/td><td>Wireless Remote<\/td><\/tr><tr class=\"hidden expanded\"><td>Auto\/Stow Deploy<\/td><td>NU<\/td><\/tr><\/tbody><\/table><p>\u00a0<\/p>\t\t\t\t\t\t\t\t<\/div>\n\t\t\t\t<\/div>\n\t\t\t\t\t<\/div>\n\t\t<\/div>\n\t\t\t\t<div class=\"elementor-column elementor-col-50 elementor-top-column elementor-element elementor-element-248c5b9\" data-id=\"248c5b9\" data-element_type=\"column\" data-e-type=\"column\">\n\t\t\t<div class=\"elementor-widget-wrap elementor-element-populated\">\n\t\t\t\t\t\t<div class=\"elementor-element elementor-element-e12454d elementor-widget elementor-widget-text-editor\" data-id=\"e12454d\" data-element_type=\"widget\" data-e-type=\"widget\" data-widget_type=\"text-editor.default\">\n\t\t\t\t<div class=\"elementor-widget-container\">\n\t\t\t\t\t\t\t\t\t<table class=\"table\" data-striping=\"1\"><tbody><tr class=\"hidden expanded\"><td>Power Trim<\/td><td>Nu<\/td><\/tr><tr class=\"hidden expanded\"><td>Power Steering<\/td><td>Da<\/td><\/tr><tr class=\"hidden expanded\"><td>Lift-Assist<\/td><td>Nu<\/td><\/tr><tr class=\"hidden expanded\"><td>Bowguard<\/td><td>Nu<\/td><\/tr><tr class=\"hidden expanded\"><td>Wireless Remote<\/td><td>Da<\/td><\/tr><tr class=\"hidden expanded\"><td>AutoPilot<\/td><td>Da<\/td><\/tr><tr class=\"hidden expanded\"><td>CoPilot<\/td><td>Nu<\/td><\/tr><tr class=\"hidden expanded\"><td>Speeds<\/td><td>Variabil<\/td><\/tr><tr class=\"hidden expanded\"><td>Digital Maximizer<\/td><td>Da<\/td><\/tr><tr class=\"hidden expanded\"><td>Battery Meter<\/td><td>Da<\/td><\/tr><tr class=\"hidden expanded\"><td>Max Amp Draw<\/td><td>50<\/td><\/tr><tr class=\"hidden expanded\"><td>Mount Style<\/td><td>Bolt-On<\/td><\/tr><tr class=\"hidden expanded\"><td>Mounting Location<\/td><td>Bow-Mount<\/td><\/tr><tr class=\"hidden expanded\"><td>Motor Style<\/td><td>Electric-steer<\/td><\/tr><tr class=\"hidden expanded\"><td>Prop<\/td><td>Weedless Wedge 2 (MKP-32)<\/td><\/tr><tr class=\"hidden expanded\"><td>Garan\u021bie<\/td><td>3 ani cu \u00eenregistrare<\/td><\/tr><\/tbody><\/table><p>\u00a0<\/p>\t\t\t\t\t\t\t\t<\/div>\n\t\t\t\t<\/div>\n\t\t\t\t\t<\/div>\n\t\t<\/div>\n\t\t\t\t\t<\/div>\n\t\t<\/section>\n\t\t\t\t<section class=\"elementor-section elementor-top-section elementor-element elementor-element-12354d7 elementor-section-boxed elementor-section-height-default elementor-section-height-default\" data-id=\"12354d7\" data-element_type=\"section\" data-e-type=\"section\">\n\t\t\t\t\t\t<div class=\"elementor-container elementor-column-gap-default\">\n\t\t\t\t\t<div class=\"elementor-column elementor-col-100 elementor-top-column elementor-element elementor-element-e81000d\" data-id=\"e81000d\" data-element_type=\"column\" data-e-type=\"column\">\n\t\t\t<div class=\"elementor-widget-wrap elementor-element-populated\">\n\t\t\t\t\t\t<div class=\"elementor-element elementor-element-10036f6 elementor-widget elementor-widget-spacer\" data-id=\"10036f6\" data-element_type=\"widget\" data-e-type=\"widget\" data-widget_type=\"spacer.default\">\n\t\t\t\t<div class=\"elementor-widget-container\">\n\t\t\t\t\t\t\t<div class=\"elementor-spacer\">\n\t\t\t<div class=\"elementor-spacer-inner\"><\/div>\n\t\t<\/div>\n\t\t\t\t\t\t<\/div>\n\t\t\t\t<\/div>\n\t\t\t\t<div class=\"elementor-element elementor-element-f3c19f6 elementor-widget elementor-widget-heading\" data-id=\"f3c19f6\" data-element_type=\"widget\" data-e-type=\"widget\" data-widget_type=\"heading.default\">\n\t\t\t\t<div class=\"elementor-widget-container\">\n\t\t\t\t\t<h5 class=\"elementor-heading-title elementor-size-default\">Caracteristici principale<\/h5>\t\t\t\t<\/div>\n\t\t\t\t<\/div>\n\t\t\t\t\t<\/div>\n\t\t<\/div>\n\t\t\t\t\t<\/div>\n\t\t<\/section>\n\t\t\t\t<section class=\"elementor-section elementor-top-section elementor-element elementor-element-5ee294a elementor-section-boxed elementor-section-height-default elementor-section-height-default\" data-id=\"5ee294a\" data-element_type=\"section\" data-e-type=\"section\">\n\t\t\t\t\t\t<div class=\"elementor-container elementor-column-gap-default\">\n\t\t\t\t\t<div class=\"elementor-column elementor-col-100 elementor-top-column elementor-element elementor-element-f7c7fe2\" data-id=\"f7c7fe2\" data-element_type=\"column\" data-e-type=\"column\">\n\t\t\t<div class=\"elementor-widget-wrap elementor-element-populated\">\n\t\t\t\t\t\t<div class=\"elementor-element elementor-element-2faa050 elementor-widget elementor-widget-text-editor\" data-id=\"2faa050\" data-element_type=\"widget\" data-e-type=\"widget\" data-widget_type=\"text-editor.default\">\n\t\t\t\t<div class=\"elementor-widget-container\">\n\t\t\t\t\t\t\t\t\t<div class=\"field-item even\" data-uw-styling-context=\"true\"><div class=\"field-item even\" data-uw-styling-context=\"true\"><div class=\"field-item even\" data-uw-styling-context=\"true\"><div class=\"field-item even\" data-uw-styling-context=\"true\"><div class=\"field-item even\" data-uw-styling-context=\"true\"><div class=\"field-item even\" data-uw-styling-context=\"true\"><div class=\"field-item even\" data-uw-styling-context=\"true\"><div class=\"field-item even\" data-uw-styling-context=\"true\"><div class=\"field-item even\" data-uw-styling-context=\"true\"><div class=\"field-item even\" data-uw-styling-context=\"true\"><p>Maneta pentru Pliere\/Desf\u0103\u0219urare: Apas\u0103 aceast\u0103 manet\u0103 pe suport \u0219i rampele de cobor\u00e2re se vor deplasa u\u0219or pentru a plasa motorul de pescuit \u00een ap\u0103. \u0218i atunci c\u00e2nd e\u0219ti gata s\u0103 te mi\u0219ti, func\u021bia Auto Park ajut\u0103 motorul s\u0103 se plieze f\u0103r\u0103 efort, orient\u00e2nd unitatea inferioar\u0103 \u00een pozi\u021bia perfect\u0103 automat.<\/p><p>Sistem Avansat de Pescuit cu GPS: Cel mai de \u00eencredere sistem de naviga\u021bie \u00een pescuit. Terrova folose\u0219te GPS-ul pentru a controla motorul de pescuit cu caracteristici de neegalat care te men\u021bin pe\u0219tii. Seteaz\u0103 Spot-Lock, \u00eenregistreaz\u0103 trasee, controleaz\u0103 viteza \u0219i direc\u021bia \u0219i multe altele. Minn Kota face pozi\u021bionarea \u0219i controlul b\u0103rcii automate, iar tu po\u021bi prelua comanda de pe ecranul LCD u\u0219or de citit al telecomenzii wireless a Terrova-ului.<\/p><p>Parte a Re\u021belei One-Boat: Motoarele Minn Kota vin standard cu tot ce ai nevoie pentru a te conecta la unele sonare Humminbird selecte. Leag\u0103 \u0219i controleaz\u0103 motorul t\u0103u de pescuit, ancora pentru ape pu\u021bin ad\u00e2nci \u0219i sonarul prin intermediul aplica\u021biei One-Boat Network pe dispozitive Apple\u00ae sau Android\u2122.<\/p><p>Spot-Lock cu Jog: Spot-Lock te va men\u021bine \u00een loc cu o precizie GPS de neegalat. Spot-Lock \u00ee\u021bi ofer\u0103 puterea de a r\u0103m\u00e2ne exact pe locul de pescuit productiv, f\u0103r\u0103 a atinge motorul de pescuit. Cu senzorul de orientare inclus, po\u021bi folosi func\u021bia Jog pentru a muta loca\u021bia Spot-Lock cinci picioare \u00een orice direc\u021bie.<\/p><p>Modul Deriv\u0103: Aceast\u0103 nou\u0103 caracteristic\u0103 activeaz\u0103 automat controlul simultan al vitezei \u0219i traseului, ceea ce \u00eenseamn\u0103 c\u0103 pescarii nu mai trebuie s\u0103 depind\u0103 de saci de deriv\u0103, motoare suplimentare sau operare manual\u0103 pentru a controla viteza pe ap\u0103 \u2013 chiar \u0219i \u00een cele mai puternice v\u00e2nturi \u0219i curenturi.<\/p><p>Monitorizare \u00een Timp Real a Bateriei: Verific\u0103 nivelurile de energie ale bateriei \u00een timp ce motorul este \u00een utilizare, afi\u0219are \u00een timp real a &#8222;timpului p\u00e2n\u0103 la desc\u0103rcare&#8221; \u0219i notificare c\u00e2nd nivelul de energie al bateriei scade la 20% pentru a te avertiza s\u0103 activezi Modul Eco, care poate reduce consumul de curent pentru a extinde via\u021ba bateriei.<\/p><p>Maximizer\u2122 Digital: Ofer\u0103 p\u00e2n\u0103 la 5 ori mai mult timp de func\u021bionare cu o singur\u0103 \u00eenc\u0103rcare de baterie. Aceste motoare de pescuit cu vitez\u0103 variabil\u0103 \u00ee\u021bi permit s\u0103 ajustezi viteza exact\u0103 \u0219i s\u0103 furnizezi doar c\u00e2t\u0103 putere ai nevoie, ajut\u00e2nd la conservarea bateriei pentru o zi \u00eentreag\u0103 de pescuit.<\/p><p>Elice Weedless Wedge\u2122 2: Cu lamele \u00eendoite \u00eenapoi \u0219i extinse pentru a for\u021ba orice f\u0103r\u0103 a-\u021bi consuma bateria prin t\u0103iere \u0219i rupturi, Elicea Weedless Wedge\u2122 2 este una dintre cele mai de \u00eencredere elice \u00een pescuit.<\/p><p>Ax compozit indestructibil \u2014 Garantat pe via\u021b\u0103: La baza motorului t\u0103u de pescuit Minn Kota se afl\u0103 un ax compozit indestructibil. Este un produs exclusiv Minn Kota, iar noi \u00eel garant\u0103m pe via\u021b\u0103.<\/p><p>Ce este inclus: Motor Terrova 55 lb. 54&#8243;, Telecomand\u0103 Wireless, \u0218nur de prindere, Senzor de orientare, Elice MKP-32 \u0219i Elemente de montare.<\/p><\/div><\/div><\/div><\/div><\/div><\/div><\/div><\/div><\/div><\/div>\t\t\t\t\t\t\t\t<\/div>\n\t\t\t\t<\/div>\n\t\t\t\t\t<\/div>\n\t\t<\/div>\n\t\t\t\t\t<\/div>\n\t\t<\/section>\n\t\t\t\t<\/div>\n\t\t","protected":false},"excerpt":{"rendered":"<p>&nbsp;<\/p>\n<p>Motor electric Minn Kota Terrova 55 lb. \/ WR \/ 137 cm<\/p>\n<p>Debloca\u021bi controlul f\u0103r\u0103 precedent al b\u0103rcii cu celebrul motor de pescuit Minn Kota Terrova\u00ae. M\u00e2ndrindu-se cu sistemul s\u0103u avansat de pescuit GPS, inclusiv revolu\u021bionarul Spot-Lock\u00ae, Terrova\u00ae v\u0103 \u00eemputernice\u0219te cu precizie nemai\u00eent\u00e2lnit\u0103 pe ap\u0103. Cu o trac\u021biune ampl\u0103 pentru a cuceri orice corp de ap\u0103 cu u\u0219urin\u021b\u0103, al\u0103turi de func\u021bionalitatea impecabil\u0103 de pliere \u0219i depliere, nu e de mirare de ce Terrova\u00ae st\u0103 drept simbolul fiabilit\u0103\u021bii \u0219i capacit\u0103\u021bii printre motoarele de pescuit pentru b\u0103rci.<\/p>\n<p>La Boats Expert, \u00een\u021belegem importan\u021ba performan\u021bei superioare pe ap\u0103, motiv pentru care suntem m\u00e2ndri s\u0103 oferim Minn Kota Terrova\u00ae clien\u021bilor no\u0219tri pre\u021bui\u021bi din Rom\u00e2nia \u0219i din \u00eentreaga lume. Ridica\u021bi-v\u0103 experien\u021ba de naviga\u021bie cu tehnologia \u0219i mestria liderului din industrie Terrova\u00ae, \u00eencredere de pescari din \u00eentreaga lume pentru eficien\u021ba \u0219i versatilitatea sa de neegalat.<\/p>\n","protected":false},"featured_media":29029,"comment_status":"open","ping_status":"closed","template":"","meta":{"_acf_changed":false,"inline_featured_image":false},"product_brand":[],"product_cat":[87],"product_tag":[],"class_list":{"0":"post-30034","1":"product","2":"type-product","3":"status-publish","4":"has-post-thumbnail","6":"product_cat-minn-kota-ro","7":"tt-post","9":"first","10":"instock","11":"shipping-taxable","12":"purchasable","13":"product-type-simple"},"acf":[],"yoast_head":"<!-- This site is optimized with the Yoast SEO plugin v27.4 - https:\/\/yoast.com\/product\/yoast-seo-wordpress\/ -->\n<title>Motor electric MINN KOTA TERROVA 55 lb. cu telecomand\u0103 wireless \/ Shaft - 137 cm<\/title>\n<meta name=\"description\" content=\"Romania | Motoare electrice Minn Kota Terrova pentru b\u0103rci de la Boats Expert cu livrare \u00een toat\u0103 tara. Garantare, instalare la cel mai bun pret.\" \/>\n<meta name=\"robots\" content=\"index, follow, max-snippet:-1, max-image-preview:large, max-video-preview:-1\" \/>\n<link rel=\"canonical\" href=\"https:\/\/boat-demo.axiomprotocol.org\/ro\/produs\/motor-electric-minn-kota-terrova-55-lb-cu-telecomanda-wireless-shaft-137cm\/\" \/>\n<meta property=\"og:locale\" content=\"ro_RO\" \/>\n<meta property=\"og:type\" content=\"article\" \/>\n<meta property=\"og:title\" content=\"Motor electric MINN KOTA TERROVA 55 lb. cu telecomand\u0103 wireless \/ Shaft - 137 cm\" \/>\n<meta property=\"og:description\" content=\"Romania | Motoare electrice Minn Kota Terrova pentru b\u0103rci de la Boats Expert cu livrare \u00een toat\u0103 tara. Garantare, instalare la cel mai bun pret.\" \/>\n<meta property=\"og:url\" content=\"https:\/\/boat-demo.axiomprotocol.org\/ro\/produs\/motor-electric-minn-kota-terrova-55-lb-cu-telecomanda-wireless-shaft-137cm\/\" \/>\n<meta property=\"og:site_name\" content=\"BoatsExpert\" \/>\n<meta property=\"article:modified_time\" content=\"2024-03-22T12:15:45+00:00\" \/>\n<meta property=\"og:image\" content=\"https:\/\/boat-demo.axiomprotocol.org\/wp-content\/uploads\/2024\/03\/terrova.jpg\" \/>\n\t<meta property=\"og:image:width\" content=\"555\" \/>\n\t<meta property=\"og:image:height\" content=\"478\" \/>\n\t<meta property=\"og:image:type\" content=\"image\/jpeg\" \/>\n<meta name=\"twitter:card\" content=\"summary_large_image\" \/>\n<meta name=\"twitter:label1\" content=\"Timp estimat pentru citire\" \/>\n\t<meta name=\"twitter:data1\" content=\"4 minute\" \/>\n<script type=\"application\/ld+json\" class=\"yoast-schema-graph\">{\"@context\":\"https:\\\/\\\/schema.org\",\"@graph\":[{\"@type\":\"WebPage\",\"@id\":\"https:\\\/\\\/boat-demo.axiomprotocol.org\\\/ro\\\/produs\\\/motor-electric-minn-kota-terrova-55-lb-cu-telecomanda-wireless-shaft-137cm\\\/\",\"url\":\"https:\\\/\\\/boat-demo.axiomprotocol.org\\\/ro\\\/produs\\\/motor-electric-minn-kota-terrova-55-lb-cu-telecomanda-wireless-shaft-137cm\\\/\",\"name\":\"Motor electric MINN KOTA TERROVA 55 lb. cu telecomand\u0103 wireless \\\/ Shaft - 137 cm\",\"isPartOf\":{\"@id\":\"https:\\\/\\\/boat-demo.axiomprotocol.org\\\/ro\\\/#website\"},\"primaryImageOfPage\":{\"@id\":\"https:\\\/\\\/boat-demo.axiomprotocol.org\\\/ro\\\/produs\\\/motor-electric-minn-kota-terrova-55-lb-cu-telecomanda-wireless-shaft-137cm\\\/#primaryimage\"},\"image\":{\"@id\":\"https:\\\/\\\/boat-demo.axiomprotocol.org\\\/ro\\\/produs\\\/motor-electric-minn-kota-terrova-55-lb-cu-telecomanda-wireless-shaft-137cm\\\/#primaryimage\"},\"thumbnailUrl\":\"https:\\\/\\\/boat-demo.axiomprotocol.org\\\/wp-content\\\/uploads\\\/2024\\\/03\\\/terrova.jpg\",\"datePublished\":\"2024-03-18T13:53:39+00:00\",\"dateModified\":\"2024-03-22T12:15:45+00:00\",\"description\":\"Romania | Motoare electrice Minn Kota Terrova pentru b\u0103rci de la Boats Expert cu livrare \u00een toat\u0103 tara. Garantare, instalare la cel mai bun pret.\",\"breadcrumb\":{\"@id\":\"https:\\\/\\\/boat-demo.axiomprotocol.org\\\/ro\\\/produs\\\/motor-electric-minn-kota-terrova-55-lb-cu-telecomanda-wireless-shaft-137cm\\\/#breadcrumb\"},\"inLanguage\":\"ro-RO\",\"potentialAction\":[{\"@type\":\"ReadAction\",\"target\":[\"https:\\\/\\\/boat-demo.axiomprotocol.org\\\/ro\\\/produs\\\/motor-electric-minn-kota-terrova-55-lb-cu-telecomanda-wireless-shaft-137cm\\\/\"]}]},{\"@type\":\"ImageObject\",\"inLanguage\":\"ro-RO\",\"@id\":\"https:\\\/\\\/boat-demo.axiomprotocol.org\\\/ro\\\/produs\\\/motor-electric-minn-kota-terrova-55-lb-cu-telecomanda-wireless-shaft-137cm\\\/#primaryimage\",\"url\":\"https:\\\/\\\/boat-demo.axiomprotocol.org\\\/wp-content\\\/uploads\\\/2024\\\/03\\\/terrova.jpg\",\"contentUrl\":\"https:\\\/\\\/boat-demo.axiomprotocol.org\\\/wp-content\\\/uploads\\\/2024\\\/03\\\/terrova.jpg\",\"width\":555,\"height\":478,\"caption\":\"Terrova\"},{\"@type\":\"BreadcrumbList\",\"@id\":\"https:\\\/\\\/boat-demo.axiomprotocol.org\\\/ro\\\/produs\\\/motor-electric-minn-kota-terrova-55-lb-cu-telecomanda-wireless-shaft-137cm\\\/#breadcrumb\",\"itemListElement\":[{\"@type\":\"ListItem\",\"position\":1,\"name\":\"Home\",\"item\":\"https:\\\/\\\/boat-demo.axiomprotocol.org\\\/\"},{\"@type\":\"ListItem\",\"position\":2,\"name\":\"Shop Online &#8211; cel mai bun magazin pentru echipamente pentru b\u0103rci\",\"item\":\"https:\\\/\\\/boat-demo.axiomprotocol.org\\\/ro\\\/shop-ro\\\/\"},{\"@type\":\"ListItem\",\"position\":3,\"name\":\"Motor electric MINN KOTA TERROVA 55 lb. cu telecomand\u0103 wireless \\\/ Shaft &#8211; 137 cm\"}]},{\"@type\":\"WebSite\",\"@id\":\"https:\\\/\\\/boat-demo.axiomprotocol.org\\\/ro\\\/#website\",\"url\":\"https:\\\/\\\/boat-demo.axiomprotocol.org\\\/ro\\\/\",\"name\":\"BoatsExpert\",\"description\":\"Boats, Service, Equipment\",\"publisher\":{\"@id\":\"https:\\\/\\\/boat-demo.axiomprotocol.org\\\/ro\\\/#organization\"},\"potentialAction\":[{\"@type\":\"SearchAction\",\"target\":{\"@type\":\"EntryPoint\",\"urlTemplate\":\"https:\\\/\\\/boat-demo.axiomprotocol.org\\\/ro\\\/?s={search_term_string}\"},\"query-input\":{\"@type\":\"PropertyValueSpecification\",\"valueRequired\":true,\"valueName\":\"search_term_string\"}}],\"inLanguage\":\"ro-RO\"},{\"@type\":\"Organization\",\"@id\":\"https:\\\/\\\/boat-demo.axiomprotocol.org\\\/ro\\\/#organization\",\"name\":\"BoatsExpert\",\"url\":\"https:\\\/\\\/boat-demo.axiomprotocol.org\\\/ro\\\/\",\"logo\":{\"@type\":\"ImageObject\",\"inLanguage\":\"ro-RO\",\"@id\":\"https:\\\/\\\/boat-demo.axiomprotocol.org\\\/ro\\\/#\\\/schema\\\/logo\\\/image\\\/\",\"url\":\"https:\\\/\\\/boat-demo.axiomprotocol.org\\\/wp-content\\\/uploads\\\/2023\\\/05\\\/white-logo60.svg\",\"contentUrl\":\"https:\\\/\\\/boat-demo.axiomprotocol.org\\\/wp-content\\\/uploads\\\/2023\\\/05\\\/white-logo60.svg\",\"width\":90,\"height\":60,\"caption\":\"BoatsExpert\"},\"image\":{\"@id\":\"https:\\\/\\\/boat-demo.axiomprotocol.org\\\/ro\\\/#\\\/schema\\\/logo\\\/image\\\/\"}}]}<\/script>\n<!-- \/ Yoast SEO plugin. -->","yoast_head_json":{"title":"Motor electric MINN KOTA TERROVA 55 lb. cu telecomand\u0103 wireless \/ Shaft - 137 cm","description":"Romania | Motoare electrice Minn Kota Terrova pentru b\u0103rci de la Boats Expert cu livrare \u00een toat\u0103 tara. Garantare, instalare la cel mai bun pret.","robots":{"index":"index","follow":"follow","max-snippet":"max-snippet:-1","max-image-preview":"max-image-preview:large","max-video-preview":"max-video-preview:-1"},"canonical":"https:\/\/boat-demo.axiomprotocol.org\/ro\/produs\/motor-electric-minn-kota-terrova-55-lb-cu-telecomanda-wireless-shaft-137cm\/","og_locale":"ro_RO","og_type":"article","og_title":"Motor electric MINN KOTA TERROVA 55 lb. cu telecomand\u0103 wireless \/ Shaft - 137 cm","og_description":"Romania | Motoare electrice Minn Kota Terrova pentru b\u0103rci de la Boats Expert cu livrare \u00een toat\u0103 tara. Garantare, instalare la cel mai bun pret.","og_url":"https:\/\/boat-demo.axiomprotocol.org\/ro\/produs\/motor-electric-minn-kota-terrova-55-lb-cu-telecomanda-wireless-shaft-137cm\/","og_site_name":"BoatsExpert","article_modified_time":"2024-03-22T12:15:45+00:00","og_image":[{"width":555,"height":478,"url":"https:\/\/boat-demo.axiomprotocol.org\/wp-content\/uploads\/2024\/03\/terrova.jpg","type":"image\/jpeg"}],"twitter_card":"summary_large_image","twitter_misc":{"Timp estimat pentru citire":"4 minute"},"schema":{"@context":"https:\/\/schema.org","@graph":[{"@type":"WebPage","@id":"https:\/\/boat-demo.axiomprotocol.org\/ro\/produs\/motor-electric-minn-kota-terrova-55-lb-cu-telecomanda-wireless-shaft-137cm\/","url":"https:\/\/boat-demo.axiomprotocol.org\/ro\/produs\/motor-electric-minn-kota-terrova-55-lb-cu-telecomanda-wireless-shaft-137cm\/","name":"Motor electric MINN KOTA TERROVA 55 lb. cu telecomand\u0103 wireless \/ Shaft - 137 cm","isPartOf":{"@id":"https:\/\/boat-demo.axiomprotocol.org\/ro\/#website"},"primaryImageOfPage":{"@id":"https:\/\/boat-demo.axiomprotocol.org\/ro\/produs\/motor-electric-minn-kota-terrova-55-lb-cu-telecomanda-wireless-shaft-137cm\/#primaryimage"},"image":{"@id":"https:\/\/boat-demo.axiomprotocol.org\/ro\/produs\/motor-electric-minn-kota-terrova-55-lb-cu-telecomanda-wireless-shaft-137cm\/#primaryimage"},"thumbnailUrl":"https:\/\/boat-demo.axiomprotocol.org\/wp-content\/uploads\/2024\/03\/terrova.jpg","datePublished":"2024-03-18T13:53:39+00:00","dateModified":"2024-03-22T12:15:45+00:00","description":"Romania | Motoare electrice Minn Kota Terrova pentru b\u0103rci de la Boats Expert cu livrare \u00een toat\u0103 tara. Garantare, instalare la cel mai bun pret.","breadcrumb":{"@id":"https:\/\/boat-demo.axiomprotocol.org\/ro\/produs\/motor-electric-minn-kota-terrova-55-lb-cu-telecomanda-wireless-shaft-137cm\/#breadcrumb"},"inLanguage":"ro-RO","potentialAction":[{"@type":"ReadAction","target":["https:\/\/boat-demo.axiomprotocol.org\/ro\/produs\/motor-electric-minn-kota-terrova-55-lb-cu-telecomanda-wireless-shaft-137cm\/"]}]},{"@type":"ImageObject","inLanguage":"ro-RO","@id":"https:\/\/boat-demo.axiomprotocol.org\/ro\/produs\/motor-electric-minn-kota-terrova-55-lb-cu-telecomanda-wireless-shaft-137cm\/#primaryimage","url":"https:\/\/boat-demo.axiomprotocol.org\/wp-content\/uploads\/2024\/03\/terrova.jpg","contentUrl":"https:\/\/boat-demo.axiomprotocol.org\/wp-content\/uploads\/2024\/03\/terrova.jpg","width":555,"height":478,"caption":"Terrova"},{"@type":"BreadcrumbList","@id":"https:\/\/boat-demo.axiomprotocol.org\/ro\/produs\/motor-electric-minn-kota-terrova-55-lb-cu-telecomanda-wireless-shaft-137cm\/#breadcrumb","itemListElement":[{"@type":"ListItem","position":1,"name":"Home","item":"https:\/\/boat-demo.axiomprotocol.org\/"},{"@type":"ListItem","position":2,"name":"Shop Online &#8211; cel mai bun magazin pentru echipamente pentru b\u0103rci","item":"https:\/\/boat-demo.axiomprotocol.org\/ro\/shop-ro\/"},{"@type":"ListItem","position":3,"name":"Motor electric MINN KOTA TERROVA 55 lb. cu telecomand\u0103 wireless \/ Shaft &#8211; 137 cm"}]},{"@type":"WebSite","@id":"https:\/\/boat-demo.axiomprotocol.org\/ro\/#website","url":"https:\/\/boat-demo.axiomprotocol.org\/ro\/","name":"BoatsExpert","description":"Boats, Service, Equipment","publisher":{"@id":"https:\/\/boat-demo.axiomprotocol.org\/ro\/#organization"},"potentialAction":[{"@type":"SearchAction","target":{"@type":"EntryPoint","urlTemplate":"https:\/\/boat-demo.axiomprotocol.org\/ro\/?s={search_term_string}"},"query-input":{"@type":"PropertyValueSpecification","valueRequired":true,"valueName":"search_term_string"}}],"inLanguage":"ro-RO"},{"@type":"Organization","@id":"https:\/\/boat-demo.axiomprotocol.org\/ro\/#organization","name":"BoatsExpert","url":"https:\/\/boat-demo.axiomprotocol.org\/ro\/","logo":{"@type":"ImageObject","inLanguage":"ro-RO","@id":"https:\/\/boat-demo.axiomprotocol.org\/ro\/#\/schema\/logo\/image\/","url":"https:\/\/boat-demo.axiomprotocol.org\/wp-content\/uploads\/2023\/05\/white-logo60.svg","contentUrl":"https:\/\/boat-demo.axiomprotocol.org\/wp-content\/uploads\/2023\/05\/white-logo60.svg","width":90,"height":60,"caption":"BoatsExpert"},"image":{"@id":"https:\/\/boat-demo.axiomprotocol.org\/ro\/#\/schema\/logo\/image\/"}}]}},"_links":{"self":[{"href":"https:\/\/boat-demo.axiomprotocol.org\/ro\/wp-json\/wp\/v2\/product\/30034","targetHints":{"allow":["GET"]}}],"collection":[{"href":"https:\/\/boat-demo.axiomprotocol.org\/ro\/wp-json\/wp\/v2\/product"}],"about":[{"href":"https:\/\/boat-demo.axiomprotocol.org\/ro\/wp-json\/wp\/v2\/types\/product"}],"replies":[{"embeddable":true,"href":"https:\/\/boat-demo.axiomprotocol.org\/ro\/wp-json\/wp\/v2\/comments?post=30034"}],"version-history":[{"count":5,"href":"https:\/\/boat-demo.axiomprotocol.org\/ro\/wp-json\/wp\/v2\/product\/30034\/revisions"}],"predecessor-version":[{"id":30356,"href":"https:\/\/boat-demo.axiomprotocol.org\/ro\/wp-json\/wp\/v2\/product\/30034\/revisions\/30356"}],"wp:featuredmedia":[{"embeddable":true,"href":"https:\/\/boat-demo.axiomprotocol.org\/ro\/wp-json\/wp\/v2\/media\/29029"}],"wp:attachment":[{"href":"https:\/\/boat-demo.axiomprotocol.org\/ro\/wp-json\/wp\/v2\/media?parent=30034"}],"wp:term":[{"taxonomy":"product_brand","embeddable":true,"href":"https:\/\/boat-demo.axiomprotocol.org\/ro\/wp-json\/wp\/v2\/product_brand?post=30034"},{"taxonomy":"product_cat","embeddable":true,"href":"https:\/\/boat-demo.axiomprotocol.org\/ro\/wp-json\/wp\/v2\/product_cat?post=30034"},{"taxonomy":"product_tag","embeddable":true,"href":"https:\/\/boat-demo.axiomprotocol.org\/ro\/wp-json\/wp\/v2\/product_tag?post=30034"}],"curies":[{"name":"wp","href":"https:\/\/api.w.org\/{rel}","templated":true}]}}