{"id":30021,"date":"2024-03-18T16:47:32","date_gmt":"2024-03-18T13:47:33","guid":{"rendered":"https:\/\/boat-demo.axiomprotocol.org\/?post_type=product&#038;p=30021"},"modified":"2024-03-22T19:08:19","modified_gmt":"2024-03-22T16:08:19","slug":"motor-electric-minn-kota-riptide-powerdrive-pentru-apa-sarata-cu-telecomanda-wireless-70-lb-shaft-137-cm","status":"publish","type":"product","link":"https:\/\/boat-demo.axiomprotocol.org\/ro\/produs\/motor-electric-minn-kota-riptide-powerdrive-pentru-apa-sarata-cu-telecomanda-wireless-70-lb-shaft-137-cm\/","title":{"rendered":"Motor electric Minn Kota Riptide PowerDrive pentru ap\u0103 s\u0103rat\u0103 cu telecomand\u0103 wireless 70 lb. \/ Shaft 137 cm"},"content":{"rendered":"\t\t<div data-elementor-type=\"wp-post\" data-elementor-id=\"30021\" class=\"elementor elementor-30021 elementor-30020\">\n\t\t\t\t\t\t<section class=\"elementor-section elementor-top-section elementor-element elementor-element-9605acf elementor-section-boxed elementor-section-height-default elementor-section-height-default\" data-id=\"9605acf\" data-element_type=\"section\" data-e-type=\"section\">\n\t\t\t\t\t\t<div class=\"elementor-container elementor-column-gap-default\">\n\t\t\t\t\t<div class=\"elementor-column elementor-col-100 elementor-top-column elementor-element elementor-element-8a9a826\" data-id=\"8a9a826\" data-element_type=\"column\" data-e-type=\"column\">\n\t\t\t<div class=\"elementor-widget-wrap elementor-element-populated\">\n\t\t\t\t\t\t<div class=\"elementor-element elementor-element-a0cb3d1 elementor-widget elementor-widget-heading\" data-id=\"a0cb3d1\" data-element_type=\"widget\" data-e-type=\"widget\" data-widget_type=\"heading.default\">\n\t\t\t\t<div class=\"elementor-widget-container\">\n\t\t\t\t\t<h5 class=\"elementor-heading-title elementor-size-default\">Caracteristici<\/h5>\t\t\t\t<\/div>\n\t\t\t\t<\/div>\n\t\t\t\t\t<\/div>\n\t\t<\/div>\n\t\t\t\t\t<\/div>\n\t\t<\/section>\n\t\t\t\t<section class=\"elementor-section elementor-top-section elementor-element elementor-element-280cafd elementor-section-boxed elementor-section-height-default elementor-section-height-default\" data-id=\"280cafd\" data-element_type=\"section\" data-e-type=\"section\">\n\t\t\t\t\t\t<div class=\"elementor-container elementor-column-gap-default\">\n\t\t\t\t\t<div class=\"elementor-column elementor-col-50 elementor-top-column elementor-element elementor-element-c5739d1\" data-id=\"c5739d1\" data-element_type=\"column\" data-e-type=\"column\">\n\t\t\t<div class=\"elementor-widget-wrap elementor-element-populated\">\n\t\t\t\t\t\t<div class=\"elementor-element elementor-element-f9dda1a elementor-widget elementor-widget-text-editor\" data-id=\"f9dda1a\" data-element_type=\"widget\" data-e-type=\"widget\" data-widget_type=\"text-editor.default\">\n\t\t\t\t<div class=\"elementor-widget-container\">\n\t\t\t\t\t\t\t\t\t<table class=\"table\" data-striping=\"1\"><tbody><tr class=\"expanded\"><td>Model<\/td><td>Riptide PowerDrive 70 lb. Thrust, 54&#8243; Shaft, Wireless Remote<\/td><\/tr><tr class=\"expanded\"><td>Cod Produs<\/td><td>1363586<\/td><\/tr><tr class=\"expanded\"><td>UPC<\/td><td>0029402051076<\/td><\/tr><tr class=\"expanded\"><td>Utilizare \u00een<\/td><td>Ap\u0103 s\u0103rat\u0103<\/td><\/tr><tr class=\"expanded\"><td>Lungimea axului<\/td><td>54 in (137 cm)<\/td><\/tr><tr class=\"expanded\"><td>Putere maxim\u0103<\/td><td>55 lb<\/td><\/tr><tr class=\"expanded\"><td>Vol\u0219i<\/td><td>24<\/td><\/tr><tr class=\"expanded\"><td>One-Boat Network Compatible<\/td><td>Da<\/td><\/tr><tr class=\"expanded\"><td>QUEST Series<\/td><td>Nu<\/td><\/tr><tr class=\"expanded\"><td>Spot-Lock<\/td><td>Da<\/td><\/tr><tr class=\"expanded\"><td>Built-In Sonar<\/td><td>Nu<\/td><\/tr><tr class=\"hidden expanded\"><td>Foot Pedal Style<\/td><td>Nu este inclus<\/td><\/tr><tr class=\"hidden expanded\"><td>Control<\/td><td>Wireless Remote<\/td><\/tr><tr class=\"hidden expanded\"><td>Auto\/Stow Deploy<\/td><td>Nu<\/td><\/tr><\/tbody><\/table>\t\t\t\t\t\t\t\t<\/div>\n\t\t\t\t<\/div>\n\t\t\t\t\t<\/div>\n\t\t<\/div>\n\t\t\t\t<div class=\"elementor-column elementor-col-50 elementor-top-column elementor-element elementor-element-248c5b9\" data-id=\"248c5b9\" data-element_type=\"column\" data-e-type=\"column\">\n\t\t\t<div class=\"elementor-widget-wrap elementor-element-populated\">\n\t\t\t\t\t\t<div class=\"elementor-element elementor-element-abbb618 elementor-widget elementor-widget-text-editor\" data-id=\"abbb618\" data-element_type=\"widget\" data-e-type=\"widget\" data-widget_type=\"text-editor.default\">\n\t\t\t\t<div class=\"elementor-widget-container\">\n\t\t\t\t\t\t\t\t\t<table class=\"table\" data-striping=\"1\"><tbody><tr class=\"hidden expanded\"><td>Power Trim<\/td><td>Nu<\/td><\/tr><tr class=\"hidden expanded\"><td>Power Steering<\/td><td>Da<\/td><\/tr><tr class=\"hidden expanded\"><td>Lift-Assist<\/td><td>Nu<\/td><\/tr><tr class=\"hidden expanded\"><td>Bowguard<\/td><td>Nu<\/td><\/tr><tr class=\"hidden expanded\"><td>Wireless Remote<\/td><td>Da<\/td><\/tr><tr class=\"hidden expanded\"><td>AutoPilot<\/td><td>Da<\/td><\/tr><tr class=\"hidden expanded\"><td>CoPilot<\/td><td>Nu<\/td><\/tr><tr class=\"hidden expanded\"><td>Speeds<\/td><td>Variabil<\/td><\/tr><tr class=\"hidden expanded\"><td>Digital Maximizer<\/td><td>Da<\/td><\/tr><tr class=\"hidden expanded\"><td>Battery Meter<\/td><td>Da<\/td><\/tr><tr class=\"hidden expanded\"><td>Max Amp Draw<\/td><td>42<\/td><\/tr><tr class=\"hidden expanded\"><td>Mount Style<\/td><td>Bolt-On<\/td><\/tr><tr class=\"hidden expanded\"><td>Mounting Location<\/td><td>Bow-Mount<\/td><\/tr><tr class=\"hidden expanded\"><td>Motor Style<\/td><td>Electric-steer<\/td><\/tr><tr class=\"hidden expanded\"><td>Prop<\/td><td>Power Prop (MKP-37)<\/td><\/tr><tr class=\"hidden expanded\"><td>Garan\u021bie<\/td><td>2 ani<\/td><\/tr><\/tbody><\/table>\t\t\t\t\t\t\t\t<\/div>\n\t\t\t\t<\/div>\n\t\t\t\t\t<\/div>\n\t\t<\/div>\n\t\t\t\t\t<\/div>\n\t\t<\/section>\n\t\t\t\t<section class=\"elementor-section elementor-top-section elementor-element elementor-element-12354d7 elementor-section-boxed elementor-section-height-default elementor-section-height-default\" data-id=\"12354d7\" data-element_type=\"section\" data-e-type=\"section\">\n\t\t\t\t\t\t<div class=\"elementor-container elementor-column-gap-default\">\n\t\t\t\t\t<div class=\"elementor-column elementor-col-100 elementor-top-column elementor-element elementor-element-e81000d\" data-id=\"e81000d\" data-element_type=\"column\" data-e-type=\"column\">\n\t\t\t<div class=\"elementor-widget-wrap elementor-element-populated\">\n\t\t\t\t\t\t<div class=\"elementor-element elementor-element-10036f6 elementor-widget elementor-widget-spacer\" data-id=\"10036f6\" data-element_type=\"widget\" data-e-type=\"widget\" data-widget_type=\"spacer.default\">\n\t\t\t\t<div class=\"elementor-widget-container\">\n\t\t\t\t\t\t\t<div class=\"elementor-spacer\">\n\t\t\t<div class=\"elementor-spacer-inner\"><\/div>\n\t\t<\/div>\n\t\t\t\t\t\t<\/div>\n\t\t\t\t<\/div>\n\t\t\t\t<div class=\"elementor-element elementor-element-f3c19f6 elementor-widget elementor-widget-heading\" data-id=\"f3c19f6\" data-element_type=\"widget\" data-e-type=\"widget\" data-widget_type=\"heading.default\">\n\t\t\t\t<div class=\"elementor-widget-container\">\n\t\t\t\t\t<h5 class=\"elementor-heading-title elementor-size-default\">Caracteristici principale<\/h5>\t\t\t\t<\/div>\n\t\t\t\t<\/div>\n\t\t\t\t\t<\/div>\n\t\t<\/div>\n\t\t\t\t\t<\/div>\n\t\t<\/section>\n\t\t\t\t<section class=\"elementor-section elementor-top-section elementor-element elementor-element-5ee294a elementor-section-boxed elementor-section-height-default elementor-section-height-default\" data-id=\"5ee294a\" data-element_type=\"section\" data-e-type=\"section\">\n\t\t\t\t\t\t<div class=\"elementor-container elementor-column-gap-default\">\n\t\t\t\t\t<div class=\"elementor-column elementor-col-100 elementor-top-column elementor-element elementor-element-f7c7fe2\" data-id=\"f7c7fe2\" data-element_type=\"column\" data-e-type=\"column\">\n\t\t\t<div class=\"elementor-widget-wrap elementor-element-populated\">\n\t\t\t\t\t\t<div class=\"elementor-element elementor-element-090fcb3 elementor-widget elementor-widget-text-editor\" data-id=\"090fcb3\" data-element_type=\"widget\" data-e-type=\"widget\" data-widget_type=\"text-editor.default\">\n\t\t\t\t<div class=\"elementor-widget-container\">\n\t\t\t\t\t\t\t\t\t<p>Maneta Deploy-Assist: Intr\u0103 \u0219i ie\u0219i din ap\u0103 cu u\u0219urin\u021b\u0103. Apas\u0103 simplu maneta pentru a plasa motorul de pescuit, iar c\u00e2nd vine momentul s\u0103 te deplasezi, se pliaz\u0103 u\u0219or \u0219i \u00een siguran\u021b\u0103.<\/p><p>Sistem avansat de pescuit cu GPS: Cel mai de \u00eencredere sistem de naviga\u021bie \u00een pescuit. Powerdrive folose\u0219te GPS-ul pentru a controla motorul de pescuit cu caracteristici de neegalat care te men\u021bin pe pe\u0219ti. Seteaz\u0103 Spot-Locks, controleaz\u0103 viteza \u0219i direc\u021bia, \u0219i multe altele. Minn Kota face pozi\u021bionarea \u0219i controlul b\u0103rcii automate, iar tu po\u021bi prelua comanda de pe ecranul LCD u\u0219or de citit al telecomenzii wireless a Powerdrive-ului.<\/p><p>Indicatoare instantanee ale nivelului bateriei: Apas\u0103 un buton pentru a ob\u021bine o pictograma instantanee a nivelului de \u00eenc\u0103rcare.<\/p><p>Protec\u021bie avansat\u0103 \u00eempotriva coroziunii: Carcasele inferioare ale motorului Riptide\u00ae sunt tratate cu granule abrazive, apoi acoperite cu aluminiu pentru a preveni oxidarea \u0219i ruginirea. \u00cen final, un strat de vopsea cu pulbere ofer\u0103 protec\u021bie suprem\u0103.<\/p><p>Maximizer\u2122 Digital: Ofer\u0103 p\u00e2n\u0103 la 5 ori mai mult timp de func\u021bionare cu o singur\u0103 \u00eenc\u0103rcare de baterie. Aceste motoare de pescuit cu vitez\u0103 variabil\u0103 \u00ee\u021bi permit s\u0103 ajustezi viteza exact\u0103 \u0219i s\u0103 furnizezi doar c\u00e2t\u0103 putere ai nevoie, ajut\u00e2nd la conservarea bateriei pentru o zi \u00eentreag\u0103 de pescuit.<\/p><p>Propulsie puternic\u0103: Ofer\u0103 putere suplimentar\u0103 pentru a dep\u0103\u0219i orice scenariu de pescuit \u0219i exceleaza \u00een apele deschise.<\/p><p>Ax compozit indestructibil \u2014 Garantat pe via\u021b\u0103: La baza motorului t\u0103u de pescuit Minn Kota se afl\u0103 un ax compozit indestructibil. Este un produs exclusiv Minn Kota, iar noi \u00eel garant\u0103m pe via\u021b\u0103.<\/p><p>Putere r\u0103coroas\u0103 \u0219i lini\u0219tit\u0103: Fiecare unitate inferioar\u0103 Minn Kota func\u021bioneaz\u0103 la temperaturi reduse pentru a prelungi via\u021ba motorului de pescuit \u0219i r\u0103m\u00e2ne lini\u0219tit\u0103.<\/p><p>Ce este inclus: Motor Riptide PowerDrive 70 lb. 54&#8243; activat pentru One-Boat Network, Telecomand\u0103 Wireless, \u0218nur de prindere, Elice MKP-37 \u0219i Elemente de montare.<\/p>\t\t\t\t\t\t\t\t<\/div>\n\t\t\t\t<\/div>\n\t\t\t\t\t<\/div>\n\t\t<\/div>\n\t\t\t\t\t<\/div>\n\t\t<\/section>\n\t\t\t\t<\/div>\n\t\t","protected":false},"excerpt":{"rendered":"<p>&nbsp;<\/p>\n<p>Motor electric Minn Kota PowerDrive pentru ap\u0103 s\u0103rat\u0103 \/ WR\u00a0 \/ 70 lb. \/ 137 cm<\/p>\n<p>Experimenteaz\u0103 fiabilitatea de neegalat \u0219i caracteristicile inteligente de control al b\u0103rcii ale Riptide PowerDrive, unul dintre preferatele pescarilor de ap\u0103 s\u0103rat\u0103 de ani de zile. Conceput cu un suport robust \u0219i elegant, \u00eempreun\u0103 cu o serie de inova\u021bii de \u00eencredere, Riptide PowerDrive se eviden\u021biaz\u0103 ca o alegere de top. C\u00e2nd vine vorba de performan\u021b\u0103, nimeni nu se compar\u0103 cu un Riptide.<\/p>\n<p>Indiferent dac\u0103 optezi pentru telecomanda simpl\u0103 \u0219i intuitiv\u0103 sau pentru telecomanda avansat\u0103 de naviga\u021bie GPS cu ecran LCD ultra-citibil, vei ajunge pe ap\u0103 cu o \u00eencredere neegalat\u0103. Aceste caracteristici, purt\u00e2nd numele renumit Minn Kota, asigur\u0103 c\u0103 e\u0219ti echipat cu cele mai bune instrumente pentru aventurile tale pe ap\u0103.<\/p>\n","protected":false},"featured_media":29974,"comment_status":"open","ping_status":"closed","template":"","meta":{"_acf_changed":false,"inline_featured_image":false},"product_brand":[],"product_cat":[87],"product_tag":[],"class_list":{"0":"post-30021","1":"product","2":"type-product","3":"status-publish","4":"has-post-thumbnail","6":"product_cat-minn-kota-ro","7":"tt-post","9":"first","10":"instock","11":"shipping-taxable","12":"purchasable","13":"product-type-simple"},"acf":[],"yoast_head":"<!-- This site is optimized with the Yoast SEO plugin v27.4 - https:\/\/yoast.com\/product\/yoast-seo-wordpress\/ -->\n<title>Motor electric Minn Kota Riptide PowerDrive pentru ap\u0103 s\u0103rat\u0103 cu telecomand\u0103 wireless 70 lb. \/ Shaft 137 cm<\/title>\n<meta name=\"description\" content=\"Romania | Motoare electrice Minn Kota PowerDrive pentru b\u0103rci de la Boats Expert cu livrare \u00een toat\u0103 tara. Garantare, instalare la cel mai bun pret.\" \/>\n<meta name=\"robots\" content=\"index, follow, max-snippet:-1, max-image-preview:large, max-video-preview:-1\" \/>\n<link rel=\"canonical\" href=\"https:\/\/boat-demo.axiomprotocol.org\/ro\/produs\/motor-electric-minn-kota-riptide-powerdrive-pentru-apa-sarata-cu-telecomanda-wireless-70-lb-shaft-137-cm\/\" \/>\n<meta property=\"og:locale\" content=\"ro_RO\" \/>\n<meta property=\"og:type\" content=\"article\" \/>\n<meta property=\"og:title\" content=\"Motor electric Minn Kota Riptide PowerDrive pentru ap\u0103 s\u0103rat\u0103 cu telecomand\u0103 wireless 70 lb. \/ Shaft 137 cm\" \/>\n<meta property=\"og:description\" content=\"Romania | Motoare electrice Minn Kota PowerDrive pentru b\u0103rci de la Boats Expert cu livrare \u00een toat\u0103 tara. Garantare, instalare la cel mai bun pret.\" \/>\n<meta property=\"og:url\" content=\"https:\/\/boat-demo.axiomprotocol.org\/ro\/produs\/motor-electric-minn-kota-riptide-powerdrive-pentru-apa-sarata-cu-telecomanda-wireless-70-lb-shaft-137-cm\/\" \/>\n<meta property=\"og:site_name\" content=\"BoatsExpert\" \/>\n<meta property=\"article:modified_time\" content=\"2024-03-22T16:08:19+00:00\" \/>\n<meta property=\"og:image\" content=\"https:\/\/boat-demo.axiomprotocol.org\/wp-content\/uploads\/2024\/03\/MK_Riptide_Powerdrive-MicroRemote_HERO-profile.jpg\" \/>\n\t<meta property=\"og:image:width\" content=\"555\" \/>\n\t<meta property=\"og:image:height\" content=\"478\" \/>\n\t<meta property=\"og:image:type\" content=\"image\/jpeg\" \/>\n<meta name=\"twitter:card\" content=\"summary_large_image\" \/>\n<meta name=\"twitter:label1\" content=\"Timp estimat pentru citire\" \/>\n\t<meta name=\"twitter:data1\" content=\"2 minute\" \/>\n<script type=\"application\/ld+json\" class=\"yoast-schema-graph\">{\"@context\":\"https:\\\/\\\/schema.org\",\"@graph\":[{\"@type\":\"WebPage\",\"@id\":\"https:\\\/\\\/boat-demo.axiomprotocol.org\\\/ro\\\/produs\\\/motor-electric-minn-kota-riptide-powerdrive-pentru-apa-sarata-cu-telecomanda-wireless-70-lb-shaft-137-cm\\\/\",\"url\":\"https:\\\/\\\/boat-demo.axiomprotocol.org\\\/ro\\\/produs\\\/motor-electric-minn-kota-riptide-powerdrive-pentru-apa-sarata-cu-telecomanda-wireless-70-lb-shaft-137-cm\\\/\",\"name\":\"Motor electric Minn Kota Riptide PowerDrive pentru ap\u0103 s\u0103rat\u0103 cu telecomand\u0103 wireless 70 lb. \\\/ Shaft 137 cm\",\"isPartOf\":{\"@id\":\"https:\\\/\\\/boat-demo.axiomprotocol.org\\\/ro\\\/#website\"},\"primaryImageOfPage\":{\"@id\":\"https:\\\/\\\/boat-demo.axiomprotocol.org\\\/ro\\\/produs\\\/motor-electric-minn-kota-riptide-powerdrive-pentru-apa-sarata-cu-telecomanda-wireless-70-lb-shaft-137-cm\\\/#primaryimage\"},\"image\":{\"@id\":\"https:\\\/\\\/boat-demo.axiomprotocol.org\\\/ro\\\/produs\\\/motor-electric-minn-kota-riptide-powerdrive-pentru-apa-sarata-cu-telecomanda-wireless-70-lb-shaft-137-cm\\\/#primaryimage\"},\"thumbnailUrl\":\"https:\\\/\\\/boat-demo.axiomprotocol.org\\\/wp-content\\\/uploads\\\/2024\\\/03\\\/MK_Riptide_Powerdrive-MicroRemote_HERO-profile.jpg\",\"datePublished\":\"2024-03-18T13:47:33+00:00\",\"dateModified\":\"2024-03-22T16:08:19+00:00\",\"description\":\"Romania | Motoare electrice Minn Kota PowerDrive pentru b\u0103rci de la Boats Expert cu livrare \u00een toat\u0103 tara. Garantare, instalare la cel mai bun pret.\",\"breadcrumb\":{\"@id\":\"https:\\\/\\\/boat-demo.axiomprotocol.org\\\/ro\\\/produs\\\/motor-electric-minn-kota-riptide-powerdrive-pentru-apa-sarata-cu-telecomanda-wireless-70-lb-shaft-137-cm\\\/#breadcrumb\"},\"inLanguage\":\"ro-RO\",\"potentialAction\":[{\"@type\":\"ReadAction\",\"target\":[\"https:\\\/\\\/boat-demo.axiomprotocol.org\\\/ro\\\/produs\\\/motor-electric-minn-kota-riptide-powerdrive-pentru-apa-sarata-cu-telecomanda-wireless-70-lb-shaft-137-cm\\\/\"]}]},{\"@type\":\"ImageObject\",\"inLanguage\":\"ro-RO\",\"@id\":\"https:\\\/\\\/boat-demo.axiomprotocol.org\\\/ro\\\/produs\\\/motor-electric-minn-kota-riptide-powerdrive-pentru-apa-sarata-cu-telecomanda-wireless-70-lb-shaft-137-cm\\\/#primaryimage\",\"url\":\"https:\\\/\\\/boat-demo.axiomprotocol.org\\\/wp-content\\\/uploads\\\/2024\\\/03\\\/MK_Riptide_Powerdrive-MicroRemote_HERO-profile.jpg\",\"contentUrl\":\"https:\\\/\\\/boat-demo.axiomprotocol.org\\\/wp-content\\\/uploads\\\/2024\\\/03\\\/MK_Riptide_Powerdrive-MicroRemote_HERO-profile.jpg\",\"width\":555,\"height\":478,\"caption\":\"MK Riptide Powerdrive\"},{\"@type\":\"BreadcrumbList\",\"@id\":\"https:\\\/\\\/boat-demo.axiomprotocol.org\\\/ro\\\/produs\\\/motor-electric-minn-kota-riptide-powerdrive-pentru-apa-sarata-cu-telecomanda-wireless-70-lb-shaft-137-cm\\\/#breadcrumb\",\"itemListElement\":[{\"@type\":\"ListItem\",\"position\":1,\"name\":\"Home\",\"item\":\"https:\\\/\\\/boat-demo.axiomprotocol.org\\\/\"},{\"@type\":\"ListItem\",\"position\":2,\"name\":\"Shop Online &#8211; cel mai bun magazin pentru echipamente pentru b\u0103rci\",\"item\":\"https:\\\/\\\/boat-demo.axiomprotocol.org\\\/ro\\\/shop-ro\\\/\"},{\"@type\":\"ListItem\",\"position\":3,\"name\":\"Motor electric Minn Kota Riptide PowerDrive pentru ap\u0103 s\u0103rat\u0103 cu telecomand\u0103 wireless 70 lb. \\\/ Shaft 137 cm\"}]},{\"@type\":\"WebSite\",\"@id\":\"https:\\\/\\\/boat-demo.axiomprotocol.org\\\/ro\\\/#website\",\"url\":\"https:\\\/\\\/boat-demo.axiomprotocol.org\\\/ro\\\/\",\"name\":\"BoatsExpert\",\"description\":\"Boats, Service, Equipment\",\"publisher\":{\"@id\":\"https:\\\/\\\/boat-demo.axiomprotocol.org\\\/ro\\\/#organization\"},\"potentialAction\":[{\"@type\":\"SearchAction\",\"target\":{\"@type\":\"EntryPoint\",\"urlTemplate\":\"https:\\\/\\\/boat-demo.axiomprotocol.org\\\/ro\\\/?s={search_term_string}\"},\"query-input\":{\"@type\":\"PropertyValueSpecification\",\"valueRequired\":true,\"valueName\":\"search_term_string\"}}],\"inLanguage\":\"ro-RO\"},{\"@type\":\"Organization\",\"@id\":\"https:\\\/\\\/boat-demo.axiomprotocol.org\\\/ro\\\/#organization\",\"name\":\"BoatsExpert\",\"url\":\"https:\\\/\\\/boat-demo.axiomprotocol.org\\\/ro\\\/\",\"logo\":{\"@type\":\"ImageObject\",\"inLanguage\":\"ro-RO\",\"@id\":\"https:\\\/\\\/boat-demo.axiomprotocol.org\\\/ro\\\/#\\\/schema\\\/logo\\\/image\\\/\",\"url\":\"https:\\\/\\\/boat-demo.axiomprotocol.org\\\/wp-content\\\/uploads\\\/2023\\\/05\\\/white-logo60.svg\",\"contentUrl\":\"https:\\\/\\\/boat-demo.axiomprotocol.org\\\/wp-content\\\/uploads\\\/2023\\\/05\\\/white-logo60.svg\",\"width\":90,\"height\":60,\"caption\":\"BoatsExpert\"},\"image\":{\"@id\":\"https:\\\/\\\/boat-demo.axiomprotocol.org\\\/ro\\\/#\\\/schema\\\/logo\\\/image\\\/\"}}]}<\/script>\n<!-- \/ Yoast SEO plugin. -->","yoast_head_json":{"title":"Motor electric Minn Kota Riptide PowerDrive pentru ap\u0103 s\u0103rat\u0103 cu telecomand\u0103 wireless 70 lb. \/ Shaft 137 cm","description":"Romania | Motoare electrice Minn Kota PowerDrive pentru b\u0103rci de la Boats Expert cu livrare \u00een toat\u0103 tara. Garantare, instalare la cel mai bun pret.","robots":{"index":"index","follow":"follow","max-snippet":"max-snippet:-1","max-image-preview":"max-image-preview:large","max-video-preview":"max-video-preview:-1"},"canonical":"https:\/\/boat-demo.axiomprotocol.org\/ro\/produs\/motor-electric-minn-kota-riptide-powerdrive-pentru-apa-sarata-cu-telecomanda-wireless-70-lb-shaft-137-cm\/","og_locale":"ro_RO","og_type":"article","og_title":"Motor electric Minn Kota Riptide PowerDrive pentru ap\u0103 s\u0103rat\u0103 cu telecomand\u0103 wireless 70 lb. \/ Shaft 137 cm","og_description":"Romania | Motoare electrice Minn Kota PowerDrive pentru b\u0103rci de la Boats Expert cu livrare \u00een toat\u0103 tara. Garantare, instalare la cel mai bun pret.","og_url":"https:\/\/boat-demo.axiomprotocol.org\/ro\/produs\/motor-electric-minn-kota-riptide-powerdrive-pentru-apa-sarata-cu-telecomanda-wireless-70-lb-shaft-137-cm\/","og_site_name":"BoatsExpert","article_modified_time":"2024-03-22T16:08:19+00:00","og_image":[{"width":555,"height":478,"url":"https:\/\/boat-demo.axiomprotocol.org\/wp-content\/uploads\/2024\/03\/MK_Riptide_Powerdrive-MicroRemote_HERO-profile.jpg","type":"image\/jpeg"}],"twitter_card":"summary_large_image","twitter_misc":{"Timp estimat pentru citire":"2 minute"},"schema":{"@context":"https:\/\/schema.org","@graph":[{"@type":"WebPage","@id":"https:\/\/boat-demo.axiomprotocol.org\/ro\/produs\/motor-electric-minn-kota-riptide-powerdrive-pentru-apa-sarata-cu-telecomanda-wireless-70-lb-shaft-137-cm\/","url":"https:\/\/boat-demo.axiomprotocol.org\/ro\/produs\/motor-electric-minn-kota-riptide-powerdrive-pentru-apa-sarata-cu-telecomanda-wireless-70-lb-shaft-137-cm\/","name":"Motor electric Minn Kota Riptide PowerDrive pentru ap\u0103 s\u0103rat\u0103 cu telecomand\u0103 wireless 70 lb. \/ Shaft 137 cm","isPartOf":{"@id":"https:\/\/boat-demo.axiomprotocol.org\/ro\/#website"},"primaryImageOfPage":{"@id":"https:\/\/boat-demo.axiomprotocol.org\/ro\/produs\/motor-electric-minn-kota-riptide-powerdrive-pentru-apa-sarata-cu-telecomanda-wireless-70-lb-shaft-137-cm\/#primaryimage"},"image":{"@id":"https:\/\/boat-demo.axiomprotocol.org\/ro\/produs\/motor-electric-minn-kota-riptide-powerdrive-pentru-apa-sarata-cu-telecomanda-wireless-70-lb-shaft-137-cm\/#primaryimage"},"thumbnailUrl":"https:\/\/boat-demo.axiomprotocol.org\/wp-content\/uploads\/2024\/03\/MK_Riptide_Powerdrive-MicroRemote_HERO-profile.jpg","datePublished":"2024-03-18T13:47:33+00:00","dateModified":"2024-03-22T16:08:19+00:00","description":"Romania | Motoare electrice Minn Kota PowerDrive pentru b\u0103rci de la Boats Expert cu livrare \u00een toat\u0103 tara. Garantare, instalare la cel mai bun pret.","breadcrumb":{"@id":"https:\/\/boat-demo.axiomprotocol.org\/ro\/produs\/motor-electric-minn-kota-riptide-powerdrive-pentru-apa-sarata-cu-telecomanda-wireless-70-lb-shaft-137-cm\/#breadcrumb"},"inLanguage":"ro-RO","potentialAction":[{"@type":"ReadAction","target":["https:\/\/boat-demo.axiomprotocol.org\/ro\/produs\/motor-electric-minn-kota-riptide-powerdrive-pentru-apa-sarata-cu-telecomanda-wireless-70-lb-shaft-137-cm\/"]}]},{"@type":"ImageObject","inLanguage":"ro-RO","@id":"https:\/\/boat-demo.axiomprotocol.org\/ro\/produs\/motor-electric-minn-kota-riptide-powerdrive-pentru-apa-sarata-cu-telecomanda-wireless-70-lb-shaft-137-cm\/#primaryimage","url":"https:\/\/boat-demo.axiomprotocol.org\/wp-content\/uploads\/2024\/03\/MK_Riptide_Powerdrive-MicroRemote_HERO-profile.jpg","contentUrl":"https:\/\/boat-demo.axiomprotocol.org\/wp-content\/uploads\/2024\/03\/MK_Riptide_Powerdrive-MicroRemote_HERO-profile.jpg","width":555,"height":478,"caption":"MK Riptide Powerdrive"},{"@type":"BreadcrumbList","@id":"https:\/\/boat-demo.axiomprotocol.org\/ro\/produs\/motor-electric-minn-kota-riptide-powerdrive-pentru-apa-sarata-cu-telecomanda-wireless-70-lb-shaft-137-cm\/#breadcrumb","itemListElement":[{"@type":"ListItem","position":1,"name":"Home","item":"https:\/\/boat-demo.axiomprotocol.org\/"},{"@type":"ListItem","position":2,"name":"Shop Online &#8211; cel mai bun magazin pentru echipamente pentru b\u0103rci","item":"https:\/\/boat-demo.axiomprotocol.org\/ro\/shop-ro\/"},{"@type":"ListItem","position":3,"name":"Motor electric Minn Kota Riptide PowerDrive pentru ap\u0103 s\u0103rat\u0103 cu telecomand\u0103 wireless 70 lb. \/ Shaft 137 cm"}]},{"@type":"WebSite","@id":"https:\/\/boat-demo.axiomprotocol.org\/ro\/#website","url":"https:\/\/boat-demo.axiomprotocol.org\/ro\/","name":"BoatsExpert","description":"Boats, Service, Equipment","publisher":{"@id":"https:\/\/boat-demo.axiomprotocol.org\/ro\/#organization"},"potentialAction":[{"@type":"SearchAction","target":{"@type":"EntryPoint","urlTemplate":"https:\/\/boat-demo.axiomprotocol.org\/ro\/?s={search_term_string}"},"query-input":{"@type":"PropertyValueSpecification","valueRequired":true,"valueName":"search_term_string"}}],"inLanguage":"ro-RO"},{"@type":"Organization","@id":"https:\/\/boat-demo.axiomprotocol.org\/ro\/#organization","name":"BoatsExpert","url":"https:\/\/boat-demo.axiomprotocol.org\/ro\/","logo":{"@type":"ImageObject","inLanguage":"ro-RO","@id":"https:\/\/boat-demo.axiomprotocol.org\/ro\/#\/schema\/logo\/image\/","url":"https:\/\/boat-demo.axiomprotocol.org\/wp-content\/uploads\/2023\/05\/white-logo60.svg","contentUrl":"https:\/\/boat-demo.axiomprotocol.org\/wp-content\/uploads\/2023\/05\/white-logo60.svg","width":90,"height":60,"caption":"BoatsExpert"},"image":{"@id":"https:\/\/boat-demo.axiomprotocol.org\/ro\/#\/schema\/logo\/image\/"}}]}},"_links":{"self":[{"href":"https:\/\/boat-demo.axiomprotocol.org\/ro\/wp-json\/wp\/v2\/product\/30021","targetHints":{"allow":["GET"]}}],"collection":[{"href":"https:\/\/boat-demo.axiomprotocol.org\/ro\/wp-json\/wp\/v2\/product"}],"about":[{"href":"https:\/\/boat-demo.axiomprotocol.org\/ro\/wp-json\/wp\/v2\/types\/product"}],"replies":[{"embeddable":true,"href":"https:\/\/boat-demo.axiomprotocol.org\/ro\/wp-json\/wp\/v2\/comments?post=30021"}],"version-history":[{"count":19,"href":"https:\/\/boat-demo.axiomprotocol.org\/ro\/wp-json\/wp\/v2\/product\/30021\/revisions"}],"predecessor-version":[{"id":30544,"href":"https:\/\/boat-demo.axiomprotocol.org\/ro\/wp-json\/wp\/v2\/product\/30021\/revisions\/30544"}],"wp:featuredmedia":[{"embeddable":true,"href":"https:\/\/boat-demo.axiomprotocol.org\/ro\/wp-json\/wp\/v2\/media\/29974"}],"wp:attachment":[{"href":"https:\/\/boat-demo.axiomprotocol.org\/ro\/wp-json\/wp\/v2\/media?parent=30021"}],"wp:term":[{"taxonomy":"product_brand","embeddable":true,"href":"https:\/\/boat-demo.axiomprotocol.org\/ro\/wp-json\/wp\/v2\/product_brand?post=30021"},{"taxonomy":"product_cat","embeddable":true,"href":"https:\/\/boat-demo.axiomprotocol.org\/ro\/wp-json\/wp\/v2\/product_cat?post=30021"},{"taxonomy":"product_tag","embeddable":true,"href":"https:\/\/boat-demo.axiomprotocol.org\/ro\/wp-json\/wp\/v2\/product_tag?post=30021"}],"curies":[{"name":"wp","href":"https:\/\/api.w.org\/{rel}","templated":true}]}}